{"id":12712,"date":"2025-07-02T21:00:18","date_gmt":"2025-07-02T21:00:18","guid":{"rendered":"https:\/\/www.psi-polymersystems.com\/?page_id=12712"},"modified":"2025-07-02T21:05:41","modified_gmt":"2025-07-02T21:05:41","slug":"faq-static-mixer","status":"publish","type":"page","link":"https:\/\/www.psi-polymersystems.com\/de\/faq-static-mixer\/","title":{"rendered":"FAQ \u2013 Statischer Mischer"},"content":{"rendered":"<div data-elementor-type=\"wp-page\" data-elementor-id=\"12712\" class=\"elementor elementor-12712\" data-elementor-post-type=\"page\">\n\t\t\t\t\t\t<section class=\"elementor-section elementor-top-section elementor-element elementor-element-794780a3 elementor-section-boxed elementor-section-height-default elementor-section-height-default\" data-id=\"794780a3\" data-element_type=\"section\" data-e-type=\"section\">\n\t\t\t\t\t\t<div class=\"elementor-container elementor-column-gap-default\">\n\t\t\t\t\t<div class=\"elementor-column elementor-col-100 elementor-top-column elementor-element elementor-element-24ebd6a\" data-id=\"24ebd6a\" data-element_type=\"column\" data-e-type=\"column\">\n\t\t\t<div class=\"elementor-widget-wrap elementor-element-populated\">\n\t\t\t\t\t\t<div class=\"elementor-element elementor-element-9c93ef2 elementor-widget elementor-widget-text-editor\" data-id=\"9c93ef2\" data-element_type=\"widget\" data-e-type=\"widget\" data-widget_type=\"text-editor.default\">\n\t\t\t\t<div class=\"elementor-widget-container\">\n\t\t\t\t\t\t\t\t\t<div><h2 class=\"elementor-heading-title elementor-size-default elementor-inline-editing pen\" style=\"letter-spacing: normal; text-align: left; color: #7a7a7a;\" data-elementor-setting-key=\"title\" data-pen-placeholder=\"Type Here...\">Statischer Mischer \u2013 FAQ<\/h2><\/div>\t\t\t\t\t\t\t\t<\/div>\n\t\t\t\t<\/div>\n\t\t\t\t\t<\/div>\n\t\t<\/div>\n\t\t\t\t\t<\/div>\n\t\t<\/section>\n\t\t\t\t<section class=\"elementor-section elementor-top-section elementor-element elementor-element-28d1e9ad elementor-section-boxed elementor-section-height-default elementor-section-height-default\" data-id=\"28d1e9ad\" data-element_type=\"section\" data-e-type=\"section\">\n\t\t\t\t\t\t<div class=\"elementor-container elementor-column-gap-default\">\n\t\t\t\t\t<div class=\"elementor-column elementor-col-100 elementor-top-column elementor-element elementor-element-1ed32a38\" data-id=\"1ed32a38\" data-element_type=\"column\" data-e-type=\"column\">\n\t\t\t<div class=\"elementor-widget-wrap elementor-element-populated\">\n\t\t\t\t\t\t<div class=\"elementor-element elementor-element-6c9163fc elementor-widget elementor-widget-image\" data-id=\"6c9163fc\" data-element_type=\"widget\" data-e-type=\"widget\" data-widget_type=\"image.default\">\n\t\t\t\t<div class=\"elementor-widget-container\">\n\t\t\t\t\t\t\t\t\t\t\t\t\t\t\t<img fetchpriority=\"high\" decoding=\"async\" width=\"1024\" height=\"219\" src=\"https:\/\/www.psi-polymersystems.com\/wp-content\/uploads\/2020\/09\/Mixer-Flow-Division-1024x219.jpg\" class=\"attachment-large size-large wp-image-5368\" alt=\"Polymer Extrusion Uniflo Static Mixer (USM) Radial Mixing Flow Division\" srcset=\"https:\/\/www.psi-polymersystems.com\/wp-content\/uploads\/2020\/09\/Mixer-Flow-Division-1024x219.jpg 1024w, https:\/\/www.psi-polymersystems.com\/wp-content\/uploads\/2020\/09\/Mixer-Flow-Division-300x64.jpg 300w, https:\/\/www.psi-polymersystems.com\/wp-content\/uploads\/2020\/09\/Mixer-Flow-Division-768x164.jpg 768w, https:\/\/www.psi-polymersystems.com\/wp-content\/uploads\/2020\/09\/Mixer-Flow-Division-600x128.jpg 600w, https:\/\/www.psi-polymersystems.com\/wp-content\/uploads\/2020\/09\/Mixer-Flow-Division.jpg 1262w\" sizes=\"(max-width: 1024px) 100vw, 1024px\" \/>\t\t\t\t\t\t\t\t\t\t\t\t\t\t\t<\/div>\n\t\t\t\t<\/div>\n\t\t\t\t\t<\/div>\n\t\t<\/div>\n\t\t\t\t\t<\/div>\n\t\t<\/section>\n\t\t\t\t<section class=\"elementor-section elementor-top-section elementor-element elementor-element-543731e5 elementor-section-boxed elementor-section-height-default elementor-section-height-default\" data-id=\"543731e5\" data-element_type=\"section\" data-e-type=\"section\">\n\t\t\t\t\t\t<div class=\"elementor-container elementor-column-gap-default\">\n\t\t\t\t\t<div class=\"elementor-column elementor-col-100 elementor-top-column elementor-element elementor-element-31023f49\" data-id=\"31023f49\" data-element_type=\"column\" data-e-type=\"column\">\n\t\t\t<div class=\"elementor-widget-wrap elementor-element-populated\">\n\t\t\t\t\t\t<div class=\"elementor-element elementor-element-adf35f8 elementor-widget__width-initial elementor-widget elementor-widget-text-editor\" data-id=\"adf35f8\" data-element_type=\"widget\" data-e-type=\"widget\" data-widget_type=\"text-editor.default\">\n\t\t\t\t<div class=\"elementor-widget-container\">\n\t\t\t\t\t\t\t\t\t<h3><span style=\"letter-spacing: 0px; text-align: inherit;\">FAQs zu statischen Mischern in der Kunststoffextrusion<\/span><\/h3><h4><strong>1. Was ist ein statischer Mischer und wie funktioniert er bei der Kunststoffextrusion?<\/strong><\/h4><div><p>Ein statischer Mischer ist ein Ger\u00e4t ohne bewegliche Teile, das in der Extrusionslinie, typischerweise direkt vor der D\u00fcse, installiert wird. Er funktioniert durch kontinuierliches Teilen und Rekombinieren des geschmolzenen Polymers, w\u00e4hrend es durch eine Reihe geometrischer Elemente flie\u00dft. Dieser Prozess eliminiert Schwankungen in Temperatur, Viskosit\u00e4t und Zusammensetzung im Schmelzstrom und f\u00fchrt zu einem homogenen Produkt.<\/p><\/div><h4><strong>2. Was ist der Hauptzweck der Verwendung eines statischen Mischers bei der Plattenextrusion?<\/strong><\/h4><div>Bei der Plattenextrusion besteht das Hauptziel eines statischen Mischers darin, die Polymerschmelze thermisch zu homogenisieren. Dies bedeutet die Vermeidung von Temperaturgradienten und damit einhergehend die Vermeidung von Viskosit\u00e4tsschwankungen innerhalb der Schmelze. Ein gleichm\u00e4\u00dfiges Temperatur- und Viskosit\u00e4tsprofil gew\u00e4hrleistet einen gleichm\u00e4\u00dfigen Materialfluss durch die D\u00fcse, was f\u00fcr die Herstellung einer Platte mit gleichbleibender Dicke entscheidend ist.<\/div><h4><strong>3. Was sind die Hauptvorteile der Verwendung eines statischen Mischers?<\/strong><\/h4><div>Zu den Vorteilen der Verwendung eines statischen Mischers bei der Kunststoffextrusion geh\u00f6ren:<\/div><ul><li><strong>Verbesserte Produktqualit\u00e4t:<\/strong>\u00a0Statische Mischer erzeugen eine gleichm\u00e4\u00dfigere Schmelze, was zu einem streifenfreien Produkt mit verbesserter Oberfl\u00e4chenqualit\u00e4t und besseren mechanischen Eigenschaften f\u00fchrt.<\/li><li><strong>Engere Toleranzen:<\/strong>\u00a0Durch die Beseitigung von Temperatur- und Viskosit\u00e4tsgradienten erm\u00f6glichen statische Mischer eine gleichm\u00e4\u00dfigere Plattendicke und damit einen Betrieb bei Mindestdickenspezifikationen.<\/li><li><strong>Reduzierter Materialeinsatz:<\/strong>\u00a0Durch eine verbesserte Farbmischung kann der Verbrauch von Farbzus\u00e4tzen reduziert werden.<\/li><li><strong>Schnellere Farbwechsel:<\/strong>\u00a0Statische Mischer helfen, stagnierende Wandschichten zu beseitigen, was zu schnelleren Farbwechseln f\u00fchrt.<\/li><li><strong>Verbesserte Mahlgutqualit\u00e4t:<\/strong>\u00a0Sie steigern die Qualit\u00e4t der Produkte bei Verwendung von Regranulat.<\/li><\/ul><h4><strong>4. Wo wird in einer Extrusionslinie typischerweise ein statischer Mischer installiert?<\/strong><\/h4><div>Ein statischer Mischer wird \u00fcblicherweise direkt vor der Extruderd\u00fcse installiert. Er wird nach anderen Ger\u00e4ten wie dem Siebwechsler und der Zahnradpumpe platziert, um etwaige von ihnen verursachte Unregelm\u00e4\u00dfigkeiten zu korrigieren.<\/div><h4><strong>5. Ben\u00f6tigen statische Mischer Strom oder haben sie bewegliche Teile?<\/strong><\/h4><div>Nein, statische Mischer haben keine beweglichen Teile und ben\u00f6tigen keine externe Energiequelle. Die zum Mischen ben\u00f6tigte Energie wird durch den Druckabfall der Polymerschmelze beim Durchstr\u00f6men der Mischerelemente erzeugt.<\/div><h4><strong>6. Kann ein statischer Mischer auch bei anderen Problemen als der thermischen Homogenisierung helfen?<\/strong><\/h4><div>Ja. Neben der thermischen Homogenisierung helfen statische Mischer auch bei:<\/div><ul><li><strong>Homogenisierung der Zusammensetzung:<\/strong>\u00a0Sie sorgen f\u00fcr eine gleichm\u00e4\u00dfige Verteilung von Farbstoffen, Additiven, F\u00fcllstoffen und Mahlgut.<\/li><li><strong>Viskosit\u00e4tshomogenisierung:<\/strong>\u00a0Durch die Angleichung der Temperatur gleichen sie auch die Viskosit\u00e4t aus.<\/li><li><strong>Beseitigung von Wandkriechen:<\/strong>\u00a0Sie integrieren stagnierendes Polymer aus den Rohrw\u00e4nden in den Hauptstrom und verhindern so eine Materialzersetzung.<\/li><\/ul><h4><strong>7. Verursacht ein statischer Mischer einen signifikanten Druckabfall?<\/strong><\/h4><div>Obwohl ein statischer Mischer einen Druckabfall verursacht, ist er auf Effizienz ausgelegt und kann die Druckabfallbeschr\u00e4nkungen der meisten Extrusionssysteme in der Regel ausgleichen. Die Vorteile einer homogenen Schmelze \u00fcberwiegen oft die Auswirkungen des Druckabfalls. PSI verwendet einen speziell f\u00fcr unsere Mischer entwickelten Druckabfallrechner, um den zu erwartenden Druckabfall abzusch\u00e4tzen.\u00a0<\/div><h4><strong>8. Wie werden statische Mischer gereinigt?<\/strong><\/h4><div>Viele moderne statische Mischer sind selbstreinigend und verf\u00fcgen \u00fcber optimierte Flie\u00dfwege, die Totr\u00e4ume, in denen sich Material ansammeln k\u00f6nnte, verhindern. Bei Farb- oder Materialwechseln k\u00f6nnen Sp\u00fclmittel durch das System geleitet werden, um den Mischer effektiv zu reinigen. Einige Modelle verf\u00fcgen zudem \u00fcber abnehmbare Elemente f\u00fcr eine einfache manuelle Reinigung.<\/div><h4><strong>9. Welche Anzeichen deuten darauf hin, dass in einer Extrusionslinie ein statischer Mischer erforderlich sein k\u00f6nnte?<\/strong><\/h4><div>Zu den h\u00e4ufigsten Problemen, die auf die Notwendigkeit eines statischen Mischers hinweisen, z\u00e4hlen:<\/div><ul><li>Ungleichm\u00e4\u00dfige Blechdicke.<\/li><li>Farbstreifen oder Flecken im Endprodukt.<\/li><li>Inkonsistente Schaumzellgr\u00f6\u00dfe und -verteilung bei Schaumplattenanwendungen.<\/li><li>Lange Farbwechselzeiten.<\/li><li>Flie\u00dflinien oder andere Oberfl\u00e4chendefekte.<\/li><\/ul><h4><strong>10. Gibt es verschiedene Arten von statischen Mischern?<\/strong><\/h4><div><p>Ja, es gibt verschiedene Ausf\u00fchrungen statischer Mischer, jede mit ihren eigenen Vorteilen. G\u00e4ngige Ausf\u00fchrungen sind solche mit spiralf\u00f6rmigen Elementen (von PSI) und solche mit einer Reihe sich kreuzender St\u00e4be.\u00a0\u00a0<\/p><p>PSI liefert Wendelelementmischer (Bow-Tie) aufgrund von:<\/p><ul><li class=\"u-break-words\"><strong>Geringer Druckabfall:<\/strong>\u00a0Spiralmischer sind f\u00fcr ihren im Vergleich zu anderen Konstruktionen relativ geringen Druckabfall bekannt, was bei Extrusionsprozessen, bei denen der Druck ein begrenzender Faktor ist, ein erheblicher Vorteil sein kann.<\/li><li class=\"u-break-words\"><strong>Sanftes Mischen:<\/strong>\u00a0Die glatten, durchgehenden Oberfl\u00e4chen der Spiralelemente sorgen f\u00fcr eine sanfte Mischwirkung, die ideal f\u00fcr scherempfindliche Polymere ist, die durch aggressiveres Mischen besch\u00e4digt werden k\u00f6nnten.<\/li><li class=\"u-break-words\"><strong>Gut f\u00fcr laminare Str\u00f6mung:<\/strong>\u00a0Diese Konstruktion ist sehr effektiv zum Mischen von Fl\u00fcssigkeiten im laminaren Str\u00f6mungsbereich, der typisch f\u00fcr Polymerschmelzen mit hoher Viskosit\u00e4t ist.<\/li><\/ul><\/div>\t\t\t\t\t\t\t\t<\/div>\n\t\t\t\t<\/div>\n\t\t\t\t\t<\/div>\n\t\t<\/div>\n\t\t\t\t\t<\/div>\n\t\t<\/section>\n\t\t\t\t<\/div>","protected":false},"excerpt":{"rendered":"<p>Statischer Mischer \u2013 FAQ FAQs zu statischen Mischern in der Kunststoffextrusion 1. Was ist ein statischer Mischer und wie funktioniert er in der Kunststoffextrusion? Ein statischer Mischer ist ein Ger\u00e4t ohne bewegliche Teile, das in der Extrusionslinie, typischerweise direkt vor der D\u00fcse, installiert wird. Er funktioniert durch kontinuierliches Teilen und Wiederverbinden der [\u2026]<\/p>","protected":false},"author":2,"featured_media":0,"parent":0,"menu_order":0,"comment_status":"closed","ping_status":"closed","template":"","meta":{"_monsterinsights_skip_tracking":false,"_monsterinsights_sitenote_active":false,"_monsterinsights_sitenote_note":"","_monsterinsights_sitenote_category":0,"footnotes":""},"class_list":["post-12712","page","type-page","status-publish","hentry"],"yoast_head":"<!-- This site is optimized with the Yoast SEO Premium plugin v25.0 (Yoast SEO v25.0) - https:\/\/yoast.com\/wordpress\/plugins\/seo\/ -->\n<title>FAQ - Static Mixer - PSI-Polymer Systems<\/title>\n<meta name=\"robots\" content=\"index, follow, max-snippet:-1, max-image-preview:large, max-video-preview:-1\" \/>\n<link rel=\"canonical\" href=\"https:\/\/www.psi-polymersystems.com\/de\/faq-static-mixer\/\" \/>\n<meta property=\"og:locale\" content=\"de_DE\" \/>\n<meta property=\"og:type\" content=\"article\" \/>\n<meta property=\"og:title\" content=\"FAQ - Static Mixer\" \/>\n<meta property=\"og:description\" content=\"Static Mixer - FAQ FAQs for Static Mixers in Plastics Extrusion1. What is a static mixer, and how does it work in plastics extrusion?A static mixer is a\" \/>\n<meta property=\"og:url\" content=\"https:\/\/www.psi-polymersystems.com\/de\/faq-static-mixer\/\" \/>\n<meta property=\"og:site_name\" content=\"PSI-Polymer Systems\" \/>\n<meta property=\"article:publisher\" content=\"https:\/\/www.facebook.com\/psipolymersystems\/\" \/>\n<meta property=\"article:modified_time\" content=\"2025-07-02T21:05:41+00:00\" \/>\n<meta property=\"og:image\" content=\"https:\/\/www.psi-polymersystems.com\/wp-content\/uploads\/2020\/09\/Mixer-Flow-Division.jpg\" \/>\n\t<meta property=\"og:image:width\" content=\"1262\" \/>\n\t<meta property=\"og:image:height\" content=\"270\" \/>\n\t<meta property=\"og:image:type\" content=\"image\/jpeg\" \/>\n<meta name=\"twitter:card\" content=\"summary_large_image\" \/>\n<meta name=\"twitter:label1\" content=\"Gesch\u00e4tzte Lesezeit\" \/>\n\t<meta name=\"twitter:data1\" content=\"4\u00a0Minuten\" \/>\n<script type=\"application\/ld+json\" class=\"yoast-schema-graph\">{\"@context\":\"https:\/\/schema.org\",\"@graph\":[{\"@type\":\"WebPage\",\"@id\":\"https:\/\/www.psi-polymersystems.com\/faq-static-mixer\/\",\"url\":\"https:\/\/www.psi-polymersystems.com\/faq-static-mixer\/\",\"name\":\"FAQ - Static Mixer - PSI-Polymer Systems\",\"isPartOf\":{\"@id\":\"https:\/\/www.psi-polymersystems.com\/#website\"},\"primaryImageOfPage\":{\"@id\":\"https:\/\/www.psi-polymersystems.com\/faq-static-mixer\/#primaryimage\"},\"image\":{\"@id\":\"https:\/\/www.psi-polymersystems.com\/faq-static-mixer\/#primaryimage\"},\"thumbnailUrl\":\"https:\/\/www.psi-polymersystems.com\/wp-content\/uploads\/2020\/09\/Mixer-Flow-Division-1024x219.jpg\",\"datePublished\":\"2025-07-02T21:00:18+00:00\",\"dateModified\":\"2025-07-02T21:05:41+00:00\",\"breadcrumb\":{\"@id\":\"https:\/\/www.psi-polymersystems.com\/faq-static-mixer\/#breadcrumb\"},\"inLanguage\":\"de\",\"potentialAction\":[{\"@type\":\"ReadAction\",\"target\":[\"https:\/\/www.psi-polymersystems.com\/faq-static-mixer\/\"]}]},{\"@type\":\"ImageObject\",\"inLanguage\":\"de\",\"@id\":\"https:\/\/www.psi-polymersystems.com\/faq-static-mixer\/#primaryimage\",\"url\":\"https:\/\/www.psi-polymersystems.com\/wp-content\/uploads\/2020\/09\/Mixer-Flow-Division-1024x219.jpg\",\"contentUrl\":\"https:\/\/www.psi-polymersystems.com\/wp-content\/uploads\/2020\/09\/Mixer-Flow-Division-1024x219.jpg\"},{\"@type\":\"BreadcrumbList\",\"@id\":\"https:\/\/www.psi-polymersystems.com\/faq-static-mixer\/#breadcrumb\",\"itemListElement\":[{\"@type\":\"ListItem\",\"position\":1,\"name\":\"Home\",\"item\":\"https:\/\/www.psi-polymersystems.com\/\"},{\"@type\":\"ListItem\",\"position\":2,\"name\":\"FAQ &#8211; Static Mixer\"}]},{\"@type\":\"WebSite\",\"@id\":\"https:\/\/www.psi-polymersystems.com\/#website\",\"url\":\"https:\/\/www.psi-polymersystems.com\/\",\"name\":\"PSI-Polymer Systems\",\"description\":\"\",\"publisher\":{\"@id\":\"https:\/\/www.psi-polymersystems.com\/#organization\"},\"potentialAction\":[{\"@type\":\"SearchAction\",\"target\":{\"@type\":\"EntryPoint\",\"urlTemplate\":\"https:\/\/www.psi-polymersystems.com\/?s={search_term_string}\"},\"query-input\":{\"@type\":\"PropertyValueSpecification\",\"valueRequired\":true,\"valueName\":\"search_term_string\"}}],\"inLanguage\":\"de\"},{\"@type\":\"Organization\",\"@id\":\"https:\/\/www.psi-polymersystems.com\/#organization\",\"name\":\"PSI-Polymer Systems, Inc.\",\"url\":\"https:\/\/www.psi-polymersystems.com\/\",\"logo\":{\"@type\":\"ImageObject\",\"inLanguage\":\"de\",\"@id\":\"https:\/\/www.psi-polymersystems.com\/#\/schema\/logo\/image\/\",\"url\":\"\",\"contentUrl\":\"\",\"caption\":\"PSI-Polymer Systems, Inc.\"},\"image\":{\"@id\":\"https:\/\/www.psi-polymersystems.com\/#\/schema\/logo\/image\/\"},\"sameAs\":[\"https:\/\/www.facebook.com\/psipolymersystems\/\",\"https:\/\/www.linkedin.com\/showcase\/psi-polymer-systems\"]}]}<\/script>\n<!-- \/ Yoast SEO Premium plugin. -->","yoast_head_json":{"title":"FAQ - Static Mixer - PSI-Polymer Systems","robots":{"index":"index","follow":"follow","max-snippet":"max-snippet:-1","max-image-preview":"max-image-preview:large","max-video-preview":"max-video-preview:-1"},"canonical":"https:\/\/www.psi-polymersystems.com\/de\/faq-static-mixer\/","og_locale":"de_DE","og_type":"article","og_title":"FAQ - Static Mixer","og_description":"Static Mixer - FAQ FAQs for Static Mixers in Plastics Extrusion1. What is a static mixer, and how does it work in plastics extrusion?A static mixer is a","og_url":"https:\/\/www.psi-polymersystems.com\/de\/faq-static-mixer\/","og_site_name":"PSI-Polymer Systems","article_publisher":"https:\/\/www.facebook.com\/psipolymersystems\/","article_modified_time":"2025-07-02T21:05:41+00:00","og_image":[{"width":1262,"height":270,"url":"https:\/\/www.psi-polymersystems.com\/wp-content\/uploads\/2020\/09\/Mixer-Flow-Division.jpg","type":"image\/jpeg"}],"twitter_card":"summary_large_image","twitter_misc":{"Gesch\u00e4tzte Lesezeit":"4\u00a0Minuten"},"schema":{"@context":"https:\/\/schema.org","@graph":[{"@type":"WebPage","@id":"https:\/\/www.psi-polymersystems.com\/faq-static-mixer\/","url":"https:\/\/www.psi-polymersystems.com\/faq-static-mixer\/","name":"FAQ - Static Mixer - PSI-Polymer Systems","isPartOf":{"@id":"https:\/\/www.psi-polymersystems.com\/#website"},"primaryImageOfPage":{"@id":"https:\/\/www.psi-polymersystems.com\/faq-static-mixer\/#primaryimage"},"image":{"@id":"https:\/\/www.psi-polymersystems.com\/faq-static-mixer\/#primaryimage"},"thumbnailUrl":"https:\/\/www.psi-polymersystems.com\/wp-content\/uploads\/2020\/09\/Mixer-Flow-Division-1024x219.jpg","datePublished":"2025-07-02T21:00:18+00:00","dateModified":"2025-07-02T21:05:41+00:00","breadcrumb":{"@id":"https:\/\/www.psi-polymersystems.com\/faq-static-mixer\/#breadcrumb"},"inLanguage":"de","potentialAction":[{"@type":"ReadAction","target":["https:\/\/www.psi-polymersystems.com\/faq-static-mixer\/"]}]},{"@type":"ImageObject","inLanguage":"de","@id":"https:\/\/www.psi-polymersystems.com\/faq-static-mixer\/#primaryimage","url":"https:\/\/www.psi-polymersystems.com\/wp-content\/uploads\/2020\/09\/Mixer-Flow-Division-1024x219.jpg","contentUrl":"https:\/\/www.psi-polymersystems.com\/wp-content\/uploads\/2020\/09\/Mixer-Flow-Division-1024x219.jpg"},{"@type":"BreadcrumbList","@id":"https:\/\/www.psi-polymersystems.com\/faq-static-mixer\/#breadcrumb","itemListElement":[{"@type":"ListItem","position":1,"name":"Home","item":"https:\/\/www.psi-polymersystems.com\/"},{"@type":"ListItem","position":2,"name":"FAQ &#8211; Static Mixer"}]},{"@type":"WebSite","@id":"https:\/\/www.psi-polymersystems.com\/#website","url":"https:\/\/www.psi-polymersystems.com\/","name":"PSI-Polymer Systems","description":"","publisher":{"@id":"https:\/\/www.psi-polymersystems.com\/#organization"},"potentialAction":[{"@type":"SearchAction","target":{"@type":"EntryPoint","urlTemplate":"https:\/\/www.psi-polymersystems.com\/?s={search_term_string}"},"query-input":{"@type":"PropertyValueSpecification","valueRequired":true,"valueName":"search_term_string"}}],"inLanguage":"de"},{"@type":"Organization","@id":"https:\/\/www.psi-polymersystems.com\/#organization","name":"PSI-Polymer Systems, Inc.","url":"https:\/\/www.psi-polymersystems.com\/","logo":{"@type":"ImageObject","inLanguage":"de","@id":"https:\/\/www.psi-polymersystems.com\/#\/schema\/logo\/image\/","url":"","contentUrl":"","caption":"PSI-Polymer Systems, Inc."},"image":{"@id":"https:\/\/www.psi-polymersystems.com\/#\/schema\/logo\/image\/"},"sameAs":["https:\/\/www.facebook.com\/psipolymersystems\/","https:\/\/www.linkedin.com\/showcase\/psi-polymer-systems"]}]}},"_links":{"self":[{"href":"https:\/\/www.psi-polymersystems.com\/de\/wp-json\/wp\/v2\/pages\/12712","targetHints":{"allow":["GET"]}}],"collection":[{"href":"https:\/\/www.psi-polymersystems.com\/de\/wp-json\/wp\/v2\/pages"}],"about":[{"href":"https:\/\/www.psi-polymersystems.com\/de\/wp-json\/wp\/v2\/types\/page"}],"author":[{"embeddable":true,"href":"https:\/\/www.psi-polymersystems.com\/de\/wp-json\/wp\/v2\/users\/2"}],"replies":[{"embeddable":true,"href":"https:\/\/www.psi-polymersystems.com\/de\/wp-json\/wp\/v2\/comments?post=12712"}],"version-history":[{"count":6,"href":"https:\/\/www.psi-polymersystems.com\/de\/wp-json\/wp\/v2\/pages\/12712\/revisions"}],"predecessor-version":[{"id":12722,"href":"https:\/\/www.psi-polymersystems.com\/de\/wp-json\/wp\/v2\/pages\/12712\/revisions\/12722"}],"wp:attachment":[{"href":"https:\/\/www.psi-polymersystems.com\/de\/wp-json\/wp\/v2\/media?parent=12712"}],"curies":[{"name":"wp","href":"https:\/\/api.w.org\/{rel}","templated":true}]}}