{"id":137,"date":"2020-07-06T14:32:30","date_gmt":"2020-07-06T14:32:30","guid":{"rendered":"https:\/\/psi-polymersystems.com\/?page_id=137"},"modified":"2024-07-26T18:10:49","modified_gmt":"2024-07-26T18:10:49","slug":"about-us","status":"publish","type":"page","link":"https:\/\/www.psi-polymersystems.com\/de\/about-us\/","title":{"rendered":"\u00dcber uns"},"content":{"rendered":"<div data-elementor-type=\"wp-page\" data-elementor-id=\"137\" class=\"elementor elementor-137\" data-elementor-post-type=\"page\">\n\t\t\t\t\t\t<section class=\"elementor-section elementor-top-section elementor-element elementor-element-65c99629 elementor-section-boxed elementor-section-height-default elementor-section-height-default\" data-id=\"65c99629\" data-element_type=\"section\" data-e-type=\"section\">\n\t\t\t\t\t\t<div class=\"elementor-container elementor-column-gap-default\">\n\t\t\t\t\t<div class=\"elementor-column elementor-col-50 elementor-top-column elementor-element elementor-element-592006da\" data-id=\"592006da\" data-element_type=\"column\" data-e-type=\"column\">\n\t\t\t<div class=\"elementor-widget-wrap elementor-element-populated\">\n\t\t\t\t\t\t<div class=\"elementor-element elementor-element-e481e13 elementor-widget elementor-widget-text-editor\" data-id=\"e481e13\" data-element_type=\"widget\" data-e-type=\"widget\" data-widget_type=\"text-editor.default\">\n\t\t\t\t<div class=\"elementor-widget-container\">\n\t\t\t\t\t\t\t\t\t<div><h2 class=\"elementor-heading-title elementor-size-default elementor-inline-editing pen\" style=\"letter-spacing: normal; text-align: left; color: #7a7a7a;\" data-elementor-setting-key=\"title\" data-pen-placeholder=\"Type Here...\">\u00dcber uns<\/h2><\/div>\t\t\t\t\t\t\t\t<\/div>\n\t\t\t\t<\/div>\n\t\t\t\t\t<\/div>\n\t\t<\/div>\n\t\t\t\t<div class=\"elementor-column elementor-col-50 elementor-top-column elementor-element elementor-element-3335e9c2\" data-id=\"3335e9c2\" data-element_type=\"column\" data-e-type=\"column\">\n\t\t\t<div class=\"elementor-widget-wrap elementor-element-populated\">\n\t\t\t\t\t\t\t<\/div>\n\t\t<\/div>\n\t\t\t\t\t<\/div>\n\t\t<\/section>\n\t\t\t\t<section class=\"elementor-section elementor-top-section elementor-element elementor-element-73b1f728 elementor-section-boxed elementor-section-height-default elementor-section-height-default\" data-id=\"73b1f728\" data-element_type=\"section\" data-e-type=\"section\">\n\t\t\t\t\t\t<div class=\"elementor-container elementor-column-gap-default\">\n\t\t\t\t\t<div class=\"elementor-column elementor-col-50 elementor-top-column elementor-element elementor-element-1111a7ae\" data-id=\"1111a7ae\" data-element_type=\"column\" data-e-type=\"column\">\n\t\t\t<div class=\"elementor-widget-wrap elementor-element-populated\">\n\t\t\t\t\t\t<div class=\"elementor-element elementor-element-740416b1 elementor-widget elementor-widget-text-editor\" data-id=\"740416b1\" data-element_type=\"widget\" data-e-type=\"widget\" data-widget_type=\"text-editor.default\">\n\t\t\t\t<div class=\"elementor-widget-container\">\n\t\t\t\t\t\t\t\t\t<p style=\"background: white; margin: 0in 0in 12.0pt 0in;\"><span style=\"font-family: 'Helvetica',sans-serif; color: #3b3d42;\">PSI-Polymer Systems, Inc. mit Hauptsitz in Conover, North Carolina, ist ein weltweit f\u00fchrender Anbieter von Hochleistungszahnradpumpen, Siebwechslern, kundenspezifischen Hilfsmitteln und Umbauten f\u00fcr die Polymer-, Klebstoff-, Chemie- und Lebensmittelverarbeitungsindustrie.<\/span><\/p><p style=\"background: white; box-sizing: border-box; font-variant-ligatures: normal; font-variant-caps: normal; orphans: 2; widows: 2; -webkit-text-stroke-width: 0px; text-decoration-thickness: initial; text-decoration-style: initial; text-decoration-color: initial; word-spacing: 0px; margin: 0in 0in 12.0pt 0in;\"><span style=\"font-family: 'Helvetica',sans-serif; color: #3b3d42;\">PSI wurde im Jahr 2000 von einem Branchenveteranen gegr\u00fcndet und von einem engagierten Team ehemaliger Eigent\u00fcmer von Zahnradpumpen- und Siebwechslern unterst\u00fctzt. Die Vision, die Prozesshardware zwischen Extruder und D\u00fcse zu systematisieren, setzte sich schnell durch. Mit der Einf\u00fchrung von Technologien, die propriet\u00e4re und patentierte Maschinenverbesserungen beinhalteten, stellte PSI das konventionelle Systemdesign in Frage und setzte letztendlich die Branchenstandards f\u00fcr Leistung und Versorgung an.\u00a0<\/span><\/p><p style=\"background: white; box-sizing: border-box; font-variant-ligatures: normal; font-variant-caps: normal; orphans: 2; widows: 2; -webkit-text-stroke-width: 0px; text-decoration-thickness: initial; text-decoration-style: initial; text-decoration-color: initial; word-spacing: 0px; margin: 0in 0in 12.0pt 0in;\"><span style=\"font-family: 'Helvetica',sans-serif; color: #3b3d42;\">Unsere Mitarbeiter arbeiten hart, um jede Herausforderung zu meistern und Erwartungen nach M\u00f6glichkeit zu \u00fcbertreffen. Die Ergebnisse haben zu mehreren neuen Patenten gef\u00fchrt. Doch nicht jede Anfrage erfordert Ausr\u00fcstung als L\u00f6sung. F\u00fcr manche ist lediglich ein besseres Verst\u00e4ndnis der Funktionsweise eines vorhandenen Systems erforderlich, sei es durch Schulung des Anlagenpersonals, Verst\u00e4ndnis der Hardware-Interoperabilit\u00e4t oder Analyse und Verbesserung der Verarbeitungsbedingungen. Der beratende Ansatz von PSI ist darauf ausgerichtet, Verarbeitern zu helfen, die beste L\u00f6sung f\u00fcr ein bestimmtes Problem zu finden. Wenn wir eine dauerhafte Gesch\u00e4ftsbeziehung aufbauen, umso besser. Darum geht es.<\/span><\/p><p style=\"background: white; box-sizing: border-box; font-variant-ligatures: normal; font-variant-caps: normal; orphans: 2; widows: 2; -webkit-text-stroke-width: 0px; text-decoration-thickness: initial; text-decoration-style: initial; text-decoration-color: initial; word-spacing: 0px; margin: 0in 0in 12.0pt 0in;\"><span style=\"font-family: 'Helvetica',sans-serif; color: #3b3d42;\">Unsere Ger\u00e4te- und Systeml\u00f6sungen geh\u00f6ren zu den besten, die die Branche zu bieten hat, aber unser Herzst\u00fcck sind unsere Mitarbeiter und unsere Verpflichtung, alles Notwendige zu tun, um unsere Kunden zufriedenzustellen.<\/span><\/p><p style=\"background: white; box-sizing: border-box; font-variant-ligatures: normal; font-variant-caps: normal; orphans: 2; widows: 2; -webkit-text-stroke-width: 0px; text-decoration-thickness: initial; text-decoration-style: initial; text-decoration-color: initial; word-spacing: 0px; margin: 0in 0in 12.0pt 0in;\"><span style=\"font-family: 'Helvetica',sans-serif; color: #3b3d42;\"><a style=\"box-sizing: border-box; transition: 0.3s; box-shadow: none;\" href=\"https:\/\/www.psi-polymersystems.com\/de\/accomplishments\/\"><span style=\"color: #398ffc; text-decoration: none; text-underline: none;\">Klicke hier<\/span><\/a>\u00a0f\u00fcr Meilensteine auf unserer Reise.<\/span><\/p>\t\t\t\t\t\t\t\t<\/div>\n\t\t\t\t<\/div>\n\t\t\t\t\t<\/div>\n\t\t<\/div>\n\t\t\t\t<div class=\"elementor-column elementor-col-50 elementor-top-column elementor-element elementor-element-c39be45\" data-id=\"c39be45\" data-element_type=\"column\" data-e-type=\"column\">\n\t\t\t<div class=\"elementor-widget-wrap elementor-element-populated\">\n\t\t\t\t\t\t<div class=\"elementor-element elementor-element-78572a6 elementor-widget elementor-widget-image\" data-id=\"78572a6\" data-element_type=\"widget\" data-e-type=\"widget\" data-widget_type=\"image.default\">\n\t\t\t\t<div class=\"elementor-widget-container\">\n\t\t\t\t\t\t\t\t\t\t\t\t\t\t\t<img fetchpriority=\"high\" decoding=\"async\" width=\"758\" height=\"1024\" src=\"https:\/\/www.psi-polymersystems.com\/wp-content\/uploads\/2020\/08\/About-Us-758x1024.jpg\" class=\"attachment-large size-large wp-image-4299\" alt=\"About PSI Polymer Systems Inc. Employees\" srcset=\"https:\/\/www.psi-polymersystems.com\/wp-content\/uploads\/2020\/08\/About-Us-758x1024.jpg 758w, https:\/\/www.psi-polymersystems.com\/wp-content\/uploads\/2020\/08\/About-Us-222x300.jpg 222w, https:\/\/www.psi-polymersystems.com\/wp-content\/uploads\/2020\/08\/About-Us-768x1038.jpg 768w, https:\/\/www.psi-polymersystems.com\/wp-content\/uploads\/2020\/08\/About-Us-1136x1536.jpg 1136w, https:\/\/www.psi-polymersystems.com\/wp-content\/uploads\/2020\/08\/About-Us-370x500.jpg 370w, https:\/\/www.psi-polymersystems.com\/wp-content\/uploads\/2020\/08\/About-Us-600x811.jpg 600w, https:\/\/www.psi-polymersystems.com\/wp-content\/uploads\/2020\/08\/About-Us.jpg 1200w\" sizes=\"(max-width: 758px) 100vw, 758px\" \/>\t\t\t\t\t\t\t\t\t\t\t\t\t\t\t<\/div>\n\t\t\t\t<\/div>\n\t\t\t\t\t<\/div>\n\t\t<\/div>\n\t\t\t\t\t<\/div>\n\t\t<\/section>\n\t\t\t\t<\/div>","protected":false},"excerpt":{"rendered":"<p>\u00dcber uns PSI-Polymer Systems, Inc. mit Hauptsitz in Conover, North Carolina, ist ein weltweit f\u00fchrender Anbieter von Hochleistungszahnradpumpen, Siebwechslern, kundenspezifischen Hilfsmitteln und Umbauten f\u00fcr die Polymer-, Klebstoff-, Chemie- und Lebensmittelverarbeitungsindustrie. Gegr\u00fcndet im Jahr 2000 von einem Branchenveteranen und unterst\u00fctzt von einem engagierten Team ehemaliger Eigent\u00fcmer von Zahnradpumpen- und Siebwechslerunternehmen, [\u2026]<\/p>","protected":false},"author":2,"featured_media":0,"parent":0,"menu_order":0,"comment_status":"closed","ping_status":"closed","template":"","meta":{"_monsterinsights_skip_tracking":false,"_monsterinsights_sitenote_active":false,"_monsterinsights_sitenote_note":"","_monsterinsights_sitenote_category":0,"footnotes":""},"class_list":["post-137","page","type-page","status-publish","hentry"],"yoast_head":"<!-- This site is optimized with the Yoast SEO Premium plugin v25.0 (Yoast SEO v25.0) - https:\/\/yoast.com\/wordpress\/plugins\/seo\/ -->\n<title>About Us - PSI-Polymer Systems<\/title>\n<meta name=\"description\" content=\"Learn about high-performance gear pumps, screen changers &amp; auxiliaries for the polymer, adhesive and chemical industries. PSI-Polymer Systems - made in the USA.\" \/>\n<meta name=\"robots\" content=\"index, follow, max-snippet:-1, max-image-preview:large, max-video-preview:-1\" \/>\n<link rel=\"canonical\" href=\"https:\/\/www.psi-polymersystems.com\/de\/about-us\/\" \/>\n<meta property=\"og:locale\" content=\"de_DE\" \/>\n<meta property=\"og:type\" content=\"article\" \/>\n<meta property=\"og:title\" content=\"About Us\" \/>\n<meta property=\"og:description\" content=\"About UsHeadquartered in Conover, North Carolina, PSI-Polymer Systems, Inc. is a leading global supplier of high-performance gear pumps, screen changers,\" \/>\n<meta property=\"og:url\" content=\"https:\/\/www.psi-polymersystems.com\/de\/about-us\/\" \/>\n<meta property=\"og:site_name\" content=\"PSI-Polymer Systems\" \/>\n<meta property=\"article:publisher\" content=\"https:\/\/www.facebook.com\/psipolymersystems\/\" \/>\n<meta property=\"article:modified_time\" content=\"2024-07-26T18:10:49+00:00\" \/>\n<meta property=\"og:image\" content=\"https:\/\/www.psi-polymersystems.com\/wp-content\/uploads\/2020\/08\/About-Us-758x1024.jpg\" \/>\n<meta name=\"twitter:card\" content=\"summary_large_image\" \/>\n<meta name=\"twitter:label1\" content=\"Gesch\u00e4tzte Lesezeit\" \/>\n\t<meta name=\"twitter:data1\" content=\"2\u00a0Minuten\" \/>\n<script type=\"application\/ld+json\" class=\"yoast-schema-graph\">{\"@context\":\"https:\/\/schema.org\",\"@graph\":[{\"@type\":\"WebPage\",\"@id\":\"https:\/\/www.psi-polymersystems.com\/about-us\/\",\"url\":\"https:\/\/www.psi-polymersystems.com\/about-us\/\",\"name\":\"About Us - PSI-Polymer Systems\",\"isPartOf\":{\"@id\":\"https:\/\/www.psi-polymersystems.com\/#website\"},\"primaryImageOfPage\":{\"@id\":\"https:\/\/www.psi-polymersystems.com\/about-us\/#primaryimage\"},\"image\":{\"@id\":\"https:\/\/www.psi-polymersystems.com\/about-us\/#primaryimage\"},\"thumbnailUrl\":\"https:\/\/www.psi-polymersystems.com\/wp-content\/uploads\/2020\/08\/About-Us-758x1024.jpg\",\"datePublished\":\"2020-07-06T14:32:30+00:00\",\"dateModified\":\"2024-07-26T18:10:49+00:00\",\"description\":\"Learn about high-performance gear pumps, screen changers & auxiliaries for the polymer, adhesive and chemical industries. PSI-Polymer Systems - made in the USA.\",\"breadcrumb\":{\"@id\":\"https:\/\/www.psi-polymersystems.com\/about-us\/#breadcrumb\"},\"inLanguage\":\"de\",\"potentialAction\":[{\"@type\":\"ReadAction\",\"target\":[\"https:\/\/www.psi-polymersystems.com\/about-us\/\"]}]},{\"@type\":\"ImageObject\",\"inLanguage\":\"de\",\"@id\":\"https:\/\/www.psi-polymersystems.com\/about-us\/#primaryimage\",\"url\":\"https:\/\/www.psi-polymersystems.com\/wp-content\/uploads\/2020\/08\/About-Us-758x1024.jpg\",\"contentUrl\":\"https:\/\/www.psi-polymersystems.com\/wp-content\/uploads\/2020\/08\/About-Us-758x1024.jpg\"},{\"@type\":\"BreadcrumbList\",\"@id\":\"https:\/\/www.psi-polymersystems.com\/about-us\/#breadcrumb\",\"itemListElement\":[{\"@type\":\"ListItem\",\"position\":1,\"name\":\"Home\",\"item\":\"https:\/\/www.psi-polymersystems.com\/\"},{\"@type\":\"ListItem\",\"position\":2,\"name\":\"About Us\"}]},{\"@type\":\"WebSite\",\"@id\":\"https:\/\/www.psi-polymersystems.com\/#website\",\"url\":\"https:\/\/www.psi-polymersystems.com\/\",\"name\":\"PSI-Polymer Systems\",\"description\":\"\",\"publisher\":{\"@id\":\"https:\/\/www.psi-polymersystems.com\/#organization\"},\"potentialAction\":[{\"@type\":\"SearchAction\",\"target\":{\"@type\":\"EntryPoint\",\"urlTemplate\":\"https:\/\/www.psi-polymersystems.com\/?s={search_term_string}\"},\"query-input\":{\"@type\":\"PropertyValueSpecification\",\"valueRequired\":true,\"valueName\":\"search_term_string\"}}],\"inLanguage\":\"de\"},{\"@type\":\"Organization\",\"@id\":\"https:\/\/www.psi-polymersystems.com\/#organization\",\"name\":\"PSI-Polymer Systems, Inc.\",\"url\":\"https:\/\/www.psi-polymersystems.com\/\",\"logo\":{\"@type\":\"ImageObject\",\"inLanguage\":\"de\",\"@id\":\"https:\/\/www.psi-polymersystems.com\/#\/schema\/logo\/image\/\",\"url\":\"\",\"contentUrl\":\"\",\"caption\":\"PSI-Polymer Systems, Inc.\"},\"image\":{\"@id\":\"https:\/\/www.psi-polymersystems.com\/#\/schema\/logo\/image\/\"},\"sameAs\":[\"https:\/\/www.facebook.com\/psipolymersystems\/\",\"https:\/\/www.linkedin.com\/showcase\/psi-polymer-systems\"]}]}<\/script>\n<!-- \/ Yoast SEO Premium plugin. -->","yoast_head_json":{"title":"About Us - PSI-Polymer Systems","description":"Learn about high-performance gear pumps, screen changers & auxiliaries for the polymer, adhesive and chemical industries. PSI-Polymer Systems - made in the USA.","robots":{"index":"index","follow":"follow","max-snippet":"max-snippet:-1","max-image-preview":"max-image-preview:large","max-video-preview":"max-video-preview:-1"},"canonical":"https:\/\/www.psi-polymersystems.com\/de\/about-us\/","og_locale":"de_DE","og_type":"article","og_title":"About Us","og_description":"About UsHeadquartered in Conover, North Carolina, PSI-Polymer Systems, Inc. is a leading global supplier of high-performance gear pumps, screen changers,","og_url":"https:\/\/www.psi-polymersystems.com\/de\/about-us\/","og_site_name":"PSI-Polymer Systems","article_publisher":"https:\/\/www.facebook.com\/psipolymersystems\/","article_modified_time":"2024-07-26T18:10:49+00:00","og_image":[{"url":"https:\/\/www.psi-polymersystems.com\/wp-content\/uploads\/2020\/08\/About-Us-758x1024.jpg","type":"","width":"","height":""}],"twitter_card":"summary_large_image","twitter_misc":{"Gesch\u00e4tzte Lesezeit":"2\u00a0Minuten"},"schema":{"@context":"https:\/\/schema.org","@graph":[{"@type":"WebPage","@id":"https:\/\/www.psi-polymersystems.com\/about-us\/","url":"https:\/\/www.psi-polymersystems.com\/about-us\/","name":"About Us - PSI-Polymer Systems","isPartOf":{"@id":"https:\/\/www.psi-polymersystems.com\/#website"},"primaryImageOfPage":{"@id":"https:\/\/www.psi-polymersystems.com\/about-us\/#primaryimage"},"image":{"@id":"https:\/\/www.psi-polymersystems.com\/about-us\/#primaryimage"},"thumbnailUrl":"https:\/\/www.psi-polymersystems.com\/wp-content\/uploads\/2020\/08\/About-Us-758x1024.jpg","datePublished":"2020-07-06T14:32:30+00:00","dateModified":"2024-07-26T18:10:49+00:00","description":"Learn about high-performance gear pumps, screen changers & auxiliaries for the polymer, adhesive and chemical industries. PSI-Polymer Systems - made in the USA.","breadcrumb":{"@id":"https:\/\/www.psi-polymersystems.com\/about-us\/#breadcrumb"},"inLanguage":"de","potentialAction":[{"@type":"ReadAction","target":["https:\/\/www.psi-polymersystems.com\/about-us\/"]}]},{"@type":"ImageObject","inLanguage":"de","@id":"https:\/\/www.psi-polymersystems.com\/about-us\/#primaryimage","url":"https:\/\/www.psi-polymersystems.com\/wp-content\/uploads\/2020\/08\/About-Us-758x1024.jpg","contentUrl":"https:\/\/www.psi-polymersystems.com\/wp-content\/uploads\/2020\/08\/About-Us-758x1024.jpg"},{"@type":"BreadcrumbList","@id":"https:\/\/www.psi-polymersystems.com\/about-us\/#breadcrumb","itemListElement":[{"@type":"ListItem","position":1,"name":"Home","item":"https:\/\/www.psi-polymersystems.com\/"},{"@type":"ListItem","position":2,"name":"About Us"}]},{"@type":"WebSite","@id":"https:\/\/www.psi-polymersystems.com\/#website","url":"https:\/\/www.psi-polymersystems.com\/","name":"PSI-Polymer Systems","description":"","publisher":{"@id":"https:\/\/www.psi-polymersystems.com\/#organization"},"potentialAction":[{"@type":"SearchAction","target":{"@type":"EntryPoint","urlTemplate":"https:\/\/www.psi-polymersystems.com\/?s={search_term_string}"},"query-input":{"@type":"PropertyValueSpecification","valueRequired":true,"valueName":"search_term_string"}}],"inLanguage":"de"},{"@type":"Organization","@id":"https:\/\/www.psi-polymersystems.com\/#organization","name":"PSI-Polymer Systems, Inc.","url":"https:\/\/www.psi-polymersystems.com\/","logo":{"@type":"ImageObject","inLanguage":"de","@id":"https:\/\/www.psi-polymersystems.com\/#\/schema\/logo\/image\/","url":"","contentUrl":"","caption":"PSI-Polymer Systems, Inc."},"image":{"@id":"https:\/\/www.psi-polymersystems.com\/#\/schema\/logo\/image\/"},"sameAs":["https:\/\/www.facebook.com\/psipolymersystems\/","https:\/\/www.linkedin.com\/showcase\/psi-polymer-systems"]}]}},"_links":{"self":[{"href":"https:\/\/www.psi-polymersystems.com\/de\/wp-json\/wp\/v2\/pages\/137","targetHints":{"allow":["GET"]}}],"collection":[{"href":"https:\/\/www.psi-polymersystems.com\/de\/wp-json\/wp\/v2\/pages"}],"about":[{"href":"https:\/\/www.psi-polymersystems.com\/de\/wp-json\/wp\/v2\/types\/page"}],"author":[{"embeddable":true,"href":"https:\/\/www.psi-polymersystems.com\/de\/wp-json\/wp\/v2\/users\/2"}],"replies":[{"embeddable":true,"href":"https:\/\/www.psi-polymersystems.com\/de\/wp-json\/wp\/v2\/comments?post=137"}],"version-history":[{"count":3,"href":"https:\/\/www.psi-polymersystems.com\/de\/wp-json\/wp\/v2\/pages\/137\/revisions"}],"predecessor-version":[{"id":12086,"href":"https:\/\/www.psi-polymersystems.com\/de\/wp-json\/wp\/v2\/pages\/137\/revisions\/12086"}],"wp:attachment":[{"href":"https:\/\/www.psi-polymersystems.com\/de\/wp-json\/wp\/v2\/media?parent=137"}],"curies":[{"name":"wp","href":"https:\/\/api.w.org\/{rel}","templated":true}]}}