{"id":145,"date":"2020-07-06T14:35:21","date_gmt":"2020-07-06T14:35:21","guid":{"rendered":"https:\/\/psi-polymersystems.com\/?page_id=145"},"modified":"2020-09-15T13:52:25","modified_gmt":"2020-09-15T13:52:25","slug":"testimonials","status":"publish","type":"page","link":"https:\/\/www.psi-polymersystems.com\/de\/testimonials\/","title":{"rendered":"Referenzen"},"content":{"rendered":"<div data-elementor-type=\"wp-page\" data-elementor-id=\"145\" class=\"elementor elementor-145\" data-elementor-post-type=\"page\">\n\t\t\t\t\t\t<section class=\"elementor-section elementor-top-section elementor-element elementor-element-2c299cb elementor-section-boxed elementor-section-height-default elementor-section-height-default\" data-id=\"2c299cb\" data-element_type=\"section\" data-e-type=\"section\">\n\t\t\t\t\t\t<div class=\"elementor-container elementor-column-gap-default\">\n\t\t\t\t\t<div class=\"elementor-column elementor-col-100 elementor-top-column elementor-element elementor-element-e63f21d\" data-id=\"e63f21d\" data-element_type=\"column\" data-e-type=\"column\">\n\t\t\t<div class=\"elementor-widget-wrap elementor-element-populated\">\n\t\t\t\t\t\t<div class=\"elementor-element elementor-element-8b9ecba elementor-widget elementor-widget-text-editor\" data-id=\"8b9ecba\" data-element_type=\"widget\" data-e-type=\"widget\" data-widget_type=\"text-editor.default\">\n\t\t\t\t<div class=\"elementor-widget-container\">\n\t\t\t\t\t\t\t\t\t<h3>Wie die Ger\u00e4te des PSI diesen Unternehmen zugute gekommen sind!<\/h3>\t\t\t\t\t\t\t\t<\/div>\n\t\t\t\t<\/div>\n\t\t\t\t\t<\/div>\n\t\t<\/div>\n\t\t\t\t\t<\/div>\n\t\t<\/section>\n\t\t\t\t<section class=\"elementor-section elementor-top-section elementor-element elementor-element-35cd8c2c elementor-section-boxed elementor-section-height-default elementor-section-height-default\" data-id=\"35cd8c2c\" data-element_type=\"section\" data-e-type=\"section\">\n\t\t\t\t\t\t<div class=\"elementor-container elementor-column-gap-default\">\n\t\t\t\t\t<div class=\"elementor-column elementor-col-100 elementor-top-column elementor-element elementor-element-4af4ce64\" data-id=\"4af4ce64\" data-element_type=\"column\" data-e-type=\"column\">\n\t\t\t<div class=\"elementor-widget-wrap elementor-element-populated\">\n\t\t\t\t\t\t<div class=\"elementor-element elementor-element-5f3c7943 elementor-widget elementor-widget-text-editor\" data-id=\"5f3c7943\" data-element_type=\"widget\" data-e-type=\"widget\" data-widget_type=\"text-editor.default\">\n\t\t\t\t<div class=\"elementor-widget-container\">\n\t\t\t\t\t\t\t\t\t\n<h3 class=\"wp-block-heading\"><span style=\"color: #0693e3;\">Verity-Harze<\/span><\/h3>\n\n<p>Als wir PSI-Polymer Systems baten, uns einen Siebwechsler zur Verf\u00fcgung zu stellen, der einen erh\u00f6hten Durchsatz erm\u00f6glichen w\u00fcrde, verkaufte PSI eine Einheit an Verity Resins und gab gleichzeitig eine Garantie f\u00fcr eine erh\u00f6hte Produktion von 20%. Wir haben nicht nur einen durch 20% gesteigerten Durchsatz erzielt, sondern auch eine hervorragende praktische Schulung und technische Unterst\u00fctzung erhalten, die Sie von einem Tier-1-Lieferanten erwarten w\u00fcrden. Wir w\u00fcrden PSI als Lieferanten erster Wahl f\u00fcr alle Unternehmen empfehlen, die einen Siebwechsler oder eine Zahnradpumpe hinzuf\u00fcgen m\u00f6chten. Service und Support sind uns genauso wichtig wie die Ausr\u00fcstung und PSI liefert beides.<\/p>\n\n<h3 class=\"wp-block-heading\"><span style=\"color: #0693e3;\">Halbinsel Verpackung<\/span><\/h3>\n\n<p>Peninsula Packaging arbeitet sehr erfolgreich mit PSI-Polymer Systems in Bezug auf Zahnradpumpen, Siebwechsler und statische Mischer zusammen. Wir w\u00fcrden jedem Extrusionsunternehmen empfehlen, mit PSI zusammenzuarbeiten, da sie Qualit\u00e4tsprodukte in Bezug auf Extrusionshilfsger\u00e4te herstellen.<\/p>\n\n<h3 class=\"wp-block-heading\"><span style=\"color: #0693e3;\">HB Fuller<\/span><\/h3>\n\n<p>HB Fuller hat mehrere Siebwechsler und Zahnradpumpen von PSI-Polymer Systems installiert. PSI verf\u00fcgt \u00fcber eine hervorragende Produktlinie, einen beispiellosen Kundenservice und entwickelt st\u00e4ndig neue Technologien, die den Prozess, mit dem wir unsere Produkte herstellen, direkt verbessert haben.<\/p>\n\n<h3 class=\"wp-block-heading\"><span style=\"color: #0693e3;\">Klebstoffprozessl\u00f6sungen<\/span><\/h3>\n\n<p>Wir implementieren Siebwechsler und Zahnradpumpen von PSI-Polymer Systems in unsere Schmelzklebstoffanwendungen. Das PSI verf\u00fcgt \u00fcber ein \u00e4u\u00dferst kompetentes Team. Sie verf\u00fcgen \u00fcber die erforderliche Anwendungserfahrung, um genau zu bestimmen, was zur Rationalisierung unserer Klebeprozesse erforderlich ist. Das PSI pr\u00fcft jede Anwendung gr\u00fcndlich und stellt bereit, was erforderlich ist, um die gew\u00fcnschten Endergebnisse zu erzielen. Wenn wir Bedarf an Siebwechslern oder Zahnradpumpen haben, wenden wir uns an die Experten des PSI. F\u00fcr weitere Informationen zu Adhesive Process Solutions wenden Sie sich bitte an:<\/p>\n\n<ul class=\"wp-block-list\">\n<li>Dwayne frei<\/li>\n<li>Adhesive Process Solutions LLC<\/li>\n<li>Postfach 4<\/li>\n<li>Halstuch, KY 42022<\/li>\n<li>270-559-5377 Zelle<\/li>\n<li>270-224-2699 B\u00fcro<\/li>\n<li><a href=\"mailto:dfree@adhesiveprocesssolutions.com?subject=Information Regarding Adhesive Process Solutions\">dfree@AdhesiveProcessSolutions.com<\/a><\/li>\n<\/ul>\n\n<h3 class=\"wp-block-heading\"><span style=\"color: #0693e3;\">Aeropro<\/span><\/h3>\n\n<p>Wir sind sehr zufrieden mit PSI-Polymer Systems. Es gibt mehrere Dinge, die ein gro\u00dfartiges Unternehmen ausmachen, und es beginnt mit seinen Mitarbeitern, seinem Produkt und seinem Service. PSI rangiert bei allen drei in unserem Buch ganz oben. Der beste Ort f\u00fcr Zahnradpumpen in den USA! Das PSI Support Team steht hinter seinen Produkten. Ihr Serviceteam hat die Erfahrung und das Wissen, um alle Fragen zu beantworten, die wir ihnen stellen! Ich sehe nicht, wie es noch besser werden kann. Ihr seid gut in dem, was ihr tut.<\/p>\n\n<h3 class=\"wp-block-heading\"><span style=\"color: #0693e3;\">Allgemeine Kunststoffextrusionen<\/span><\/h3>\n\n<p>General Plastic Extrusions hat mehrere Siebwechsler durch manuelle Siebwechsler von PSI-Polymer Systems ersetzt. Sie arbeiten leckagefrei und ohne Wartungsprobleme. F\u00fcr unsere anstehenden Siebwechsler-Projekte planen wir, zuk\u00fcnftig mit PSI zusammenzuarbeiten.<\/p>\n\n<h3 class=\"wp-block-heading\"><span style=\"color: #0693e3;\">Spencer Industries<\/span><\/h3>\n\n<p>Nach mehr als 15 Jahren Betrieb von Schmelzepumpen wurde PSI ausgew\u00e4hlt, eine bestehende Pumpe umzubauen und eine \u00e4ltere Linie mit Pumpen und Adaptern auszur\u00fcsten. Diese Projekte begannen vor mehr als einem Jahr und wir haben festgestellt, dass PSI \u00fcberlegene Leistung, einen \u00e4u\u00dferst reaktionsschnellen Kundenservice und eine Technologie bietet, die in der Produktion funktioniert. PSI hat schnell geholfen, jedes Problem zu l\u00f6sen, und wir haben jetzt sechs Pumpen, neu und \u00fcberholt, die einwandfrei und leckagefrei laufen. Der vielleicht gr\u00f6\u00dfte Vorteil von PSI ist, dass sie uns Pr\u00e4zisionspumpentechnologie beigebracht haben, die es uns erm\u00f6glicht, die Leistung aufrechtzuerhalten und katastrophale Ausf\u00e4lle zu beseitigen. PSI ist ein hervorragender Anbieter und eine willkommene Erg\u00e4nzung unserer Technologie. Diese Jungs wissen wirklich, wie man Schmelzpumpen zum Laufen bringt.<\/p>\n\t\t\t\t\t\t\t\t<\/div>\n\t\t\t\t<\/div>\n\t\t\t\t\t<\/div>\n\t\t<\/div>\n\t\t\t\t\t<\/div>\n\t\t<\/section>\n\t\t\t\t<\/div>","protected":false},"excerpt":{"rendered":"<p>Wie die Ger\u00e4te des PSI diesen Unternehmen zugute gekommen sind! Verity Resins Als wir PSI-Polymer Systems baten, uns einen Siebwechsler zur Verf\u00fcgung zu stellen, der einen erh\u00f6hten Durchsatz erm\u00f6glichen w\u00fcrde, verkaufte PSI Verity Resins eine Einheit und gab gleichzeitig eine Garantie f\u00fcr eine erh\u00f6hte Produktion von 20%. Wir haben nicht nur einen erh\u00f6hten Durchsatz von 20% \u00fcberstanden, sondern auch [\u2026]<\/p>","protected":false},"author":2,"featured_media":0,"parent":0,"menu_order":0,"comment_status":"closed","ping_status":"closed","template":"","meta":{"_monsterinsights_skip_tracking":false,"_monsterinsights_sitenote_active":false,"_monsterinsights_sitenote_note":"","_monsterinsights_sitenote_category":0,"footnotes":""},"class_list":["post-145","page","type-page","status-publish","hentry"],"yoast_head":"<!-- This site is optimized with the Yoast SEO Premium plugin v25.0 (Yoast SEO v25.0) - https:\/\/yoast.com\/wordpress\/plugins\/seo\/ -->\n<title>Testimonials - PSI-Polymer Systems<\/title>\n<meta name=\"robots\" content=\"index, follow, max-snippet:-1, max-image-preview:large, max-video-preview:-1\" \/>\n<link rel=\"canonical\" href=\"https:\/\/www.psi-polymersystems.com\/de\/testimonials\/\" \/>\n<meta property=\"og:locale\" content=\"de_DE\" \/>\n<meta property=\"og:type\" content=\"article\" \/>\n<meta property=\"og:title\" content=\"Testimonials\" \/>\n<meta property=\"og:description\" content=\"How PSI&#039;s equipment has benefited these companies! Verity Resins When we asked PSI-Polymer Systems to provide us with a screen changer that would allow\" \/>\n<meta property=\"og:url\" content=\"https:\/\/www.psi-polymersystems.com\/de\/testimonials\/\" \/>\n<meta property=\"og:site_name\" content=\"PSI-Polymer Systems\" \/>\n<meta property=\"article:publisher\" content=\"https:\/\/www.facebook.com\/psipolymersystems\/\" \/>\n<meta property=\"article:modified_time\" content=\"2020-09-15T13:52:25+00:00\" \/>\n<meta name=\"twitter:card\" content=\"summary_large_image\" \/>\n<meta name=\"twitter:label1\" content=\"Gesch\u00e4tzte Lesezeit\" \/>\n\t<meta name=\"twitter:data1\" content=\"3\u00a0Minuten\" \/>\n<script type=\"application\/ld+json\" class=\"yoast-schema-graph\">{\"@context\":\"https:\/\/schema.org\",\"@graph\":[{\"@type\":\"WebPage\",\"@id\":\"https:\/\/www.psi-polymersystems.com\/testimonials\/\",\"url\":\"https:\/\/www.psi-polymersystems.com\/testimonials\/\",\"name\":\"Testimonials - PSI-Polymer Systems\",\"isPartOf\":{\"@id\":\"https:\/\/www.psi-polymersystems.com\/#website\"},\"datePublished\":\"2020-07-06T14:35:21+00:00\",\"dateModified\":\"2020-09-15T13:52:25+00:00\",\"breadcrumb\":{\"@id\":\"https:\/\/www.psi-polymersystems.com\/testimonials\/#breadcrumb\"},\"inLanguage\":\"de\",\"potentialAction\":[{\"@type\":\"ReadAction\",\"target\":[\"https:\/\/www.psi-polymersystems.com\/testimonials\/\"]}]},{\"@type\":\"BreadcrumbList\",\"@id\":\"https:\/\/www.psi-polymersystems.com\/testimonials\/#breadcrumb\",\"itemListElement\":[{\"@type\":\"ListItem\",\"position\":1,\"name\":\"Home\",\"item\":\"https:\/\/www.psi-polymersystems.com\/\"},{\"@type\":\"ListItem\",\"position\":2,\"name\":\"Testimonials\"}]},{\"@type\":\"WebSite\",\"@id\":\"https:\/\/www.psi-polymersystems.com\/#website\",\"url\":\"https:\/\/www.psi-polymersystems.com\/\",\"name\":\"PSI-Polymer Systems\",\"description\":\"\",\"publisher\":{\"@id\":\"https:\/\/www.psi-polymersystems.com\/#organization\"},\"potentialAction\":[{\"@type\":\"SearchAction\",\"target\":{\"@type\":\"EntryPoint\",\"urlTemplate\":\"https:\/\/www.psi-polymersystems.com\/?s={search_term_string}\"},\"query-input\":{\"@type\":\"PropertyValueSpecification\",\"valueRequired\":true,\"valueName\":\"search_term_string\"}}],\"inLanguage\":\"de\"},{\"@type\":\"Organization\",\"@id\":\"https:\/\/www.psi-polymersystems.com\/#organization\",\"name\":\"PSI-Polymer Systems, Inc.\",\"url\":\"https:\/\/www.psi-polymersystems.com\/\",\"logo\":{\"@type\":\"ImageObject\",\"inLanguage\":\"de\",\"@id\":\"https:\/\/www.psi-polymersystems.com\/#\/schema\/logo\/image\/\",\"url\":\"\",\"contentUrl\":\"\",\"caption\":\"PSI-Polymer Systems, Inc.\"},\"image\":{\"@id\":\"https:\/\/www.psi-polymersystems.com\/#\/schema\/logo\/image\/\"},\"sameAs\":[\"https:\/\/www.facebook.com\/psipolymersystems\/\",\"https:\/\/www.linkedin.com\/showcase\/psi-polymer-systems\"]}]}<\/script>\n<!-- \/ Yoast SEO Premium plugin. -->","yoast_head_json":{"title":"Testimonials - PSI-Polymer Systems","robots":{"index":"index","follow":"follow","max-snippet":"max-snippet:-1","max-image-preview":"max-image-preview:large","max-video-preview":"max-video-preview:-1"},"canonical":"https:\/\/www.psi-polymersystems.com\/de\/testimonials\/","og_locale":"de_DE","og_type":"article","og_title":"Testimonials","og_description":"How PSI's equipment has benefited these companies! Verity Resins When we asked PSI-Polymer Systems to provide us with a screen changer that would allow","og_url":"https:\/\/www.psi-polymersystems.com\/de\/testimonials\/","og_site_name":"PSI-Polymer Systems","article_publisher":"https:\/\/www.facebook.com\/psipolymersystems\/","article_modified_time":"2020-09-15T13:52:25+00:00","twitter_card":"summary_large_image","twitter_misc":{"Gesch\u00e4tzte Lesezeit":"3\u00a0Minuten"},"schema":{"@context":"https:\/\/schema.org","@graph":[{"@type":"WebPage","@id":"https:\/\/www.psi-polymersystems.com\/testimonials\/","url":"https:\/\/www.psi-polymersystems.com\/testimonials\/","name":"Testimonials - PSI-Polymer Systems","isPartOf":{"@id":"https:\/\/www.psi-polymersystems.com\/#website"},"datePublished":"2020-07-06T14:35:21+00:00","dateModified":"2020-09-15T13:52:25+00:00","breadcrumb":{"@id":"https:\/\/www.psi-polymersystems.com\/testimonials\/#breadcrumb"},"inLanguage":"de","potentialAction":[{"@type":"ReadAction","target":["https:\/\/www.psi-polymersystems.com\/testimonials\/"]}]},{"@type":"BreadcrumbList","@id":"https:\/\/www.psi-polymersystems.com\/testimonials\/#breadcrumb","itemListElement":[{"@type":"ListItem","position":1,"name":"Home","item":"https:\/\/www.psi-polymersystems.com\/"},{"@type":"ListItem","position":2,"name":"Testimonials"}]},{"@type":"WebSite","@id":"https:\/\/www.psi-polymersystems.com\/#website","url":"https:\/\/www.psi-polymersystems.com\/","name":"PSI-Polymer Systems","description":"","publisher":{"@id":"https:\/\/www.psi-polymersystems.com\/#organization"},"potentialAction":[{"@type":"SearchAction","target":{"@type":"EntryPoint","urlTemplate":"https:\/\/www.psi-polymersystems.com\/?s={search_term_string}"},"query-input":{"@type":"PropertyValueSpecification","valueRequired":true,"valueName":"search_term_string"}}],"inLanguage":"de"},{"@type":"Organization","@id":"https:\/\/www.psi-polymersystems.com\/#organization","name":"PSI-Polymer Systems, Inc.","url":"https:\/\/www.psi-polymersystems.com\/","logo":{"@type":"ImageObject","inLanguage":"de","@id":"https:\/\/www.psi-polymersystems.com\/#\/schema\/logo\/image\/","url":"","contentUrl":"","caption":"PSI-Polymer Systems, Inc."},"image":{"@id":"https:\/\/www.psi-polymersystems.com\/#\/schema\/logo\/image\/"},"sameAs":["https:\/\/www.facebook.com\/psipolymersystems\/","https:\/\/www.linkedin.com\/showcase\/psi-polymer-systems"]}]}},"_links":{"self":[{"href":"https:\/\/www.psi-polymersystems.com\/de\/wp-json\/wp\/v2\/pages\/145","targetHints":{"allow":["GET"]}}],"collection":[{"href":"https:\/\/www.psi-polymersystems.com\/de\/wp-json\/wp\/v2\/pages"}],"about":[{"href":"https:\/\/www.psi-polymersystems.com\/de\/wp-json\/wp\/v2\/types\/page"}],"author":[{"embeddable":true,"href":"https:\/\/www.psi-polymersystems.com\/de\/wp-json\/wp\/v2\/users\/2"}],"replies":[{"embeddable":true,"href":"https:\/\/www.psi-polymersystems.com\/de\/wp-json\/wp\/v2\/comments?post=145"}],"version-history":[{"count":0,"href":"https:\/\/www.psi-polymersystems.com\/de\/wp-json\/wp\/v2\/pages\/145\/revisions"}],"wp:attachment":[{"href":"https:\/\/www.psi-polymersystems.com\/de\/wp-json\/wp\/v2\/media?parent=145"}],"curies":[{"name":"wp","href":"https:\/\/api.w.org\/{rel}","templated":true}]}}