{"id":4008,"date":"2020-08-06T19:57:25","date_gmt":"2020-08-06T19:57:25","guid":{"rendered":"https:\/\/psi-polymersystems.com\/?page_id=4008"},"modified":"2025-10-31T15:19:42","modified_gmt":"2025-10-31T15:19:42","slug":"extrudepak-100","status":"publish","type":"page","link":"https:\/\/www.psi-polymersystems.com\/de\/products\/controls\/gear-pump-controls\/extrudepak-100\/","title":{"rendered":"ExtrudePak-100"},"content":{"rendered":"<div data-elementor-type=\"wp-page\" data-elementor-id=\"4008\" class=\"elementor elementor-4008\" data-elementor-post-type=\"page\">\n\t\t\t\t\t\t<section class=\"elementor-section elementor-top-section elementor-element elementor-element-4d4a56d3 elementor-section-boxed elementor-section-height-default elementor-section-height-default\" data-id=\"4d4a56d3\" data-element_type=\"section\" data-e-type=\"section\">\n\t\t\t\t\t\t<div class=\"elementor-container elementor-column-gap-default\">\n\t\t\t\t\t<div class=\"elementor-column elementor-col-100 elementor-top-column elementor-element elementor-element-48083f55\" data-id=\"48083f55\" data-element_type=\"column\" data-e-type=\"column\">\n\t\t\t<div class=\"elementor-widget-wrap elementor-element-populated\">\n\t\t\t\t\t\t<div class=\"elementor-element elementor-element-37703d38 elementor-widget elementor-widget-text-editor\" data-id=\"37703d38\" data-element_type=\"widget\" data-e-type=\"widget\" data-widget_type=\"text-editor.default\">\n\t\t\t\t<div class=\"elementor-widget-container\">\n\t\t\t\t\t\t\t\t\t<h3><span style=\"color: #0693e3;\">Extrudpak-100 SPS-Steuerung<\/span><\/h3><h5>Betreibt eine (1) Zahnradpumpe<\/h5>\t\t\t\t\t\t\t\t<\/div>\n\t\t\t\t<\/div>\n\t\t\t\t\t<\/div>\n\t\t<\/div>\n\t\t\t\t\t<\/div>\n\t\t<\/section>\n\t\t\t\t<section class=\"elementor-section elementor-top-section elementor-element elementor-element-4fcde84e elementor-section-boxed elementor-section-height-default elementor-section-height-default\" data-id=\"4fcde84e\" data-element_type=\"section\" data-e-type=\"section\">\n\t\t\t\t\t\t<div class=\"elementor-container elementor-column-gap-default\">\n\t\t\t\t\t<div class=\"elementor-column elementor-col-33 elementor-top-column elementor-element elementor-element-2dbe3db4\" data-id=\"2dbe3db4\" data-element_type=\"column\" data-e-type=\"column\">\n\t\t\t<div class=\"elementor-widget-wrap elementor-element-populated\">\n\t\t\t\t\t\t<div class=\"elementor-element elementor-element-47d42f14 elementor-widget elementor-widget-image\" data-id=\"47d42f14\" data-element_type=\"widget\" data-e-type=\"widget\" data-widget_type=\"image.default\">\n\t\t\t\t<div class=\"elementor-widget-container\">\n\t\t\t\t\t\t\t\t\t\t\t\t\t\t\t<img fetchpriority=\"high\" decoding=\"async\" width=\"766\" height=\"573\" src=\"https:\/\/www.psi-polymersystems.com\/wp-content\/uploads\/2022\/06\/Main-Screen-1.jpg\" class=\"attachment-full size-full wp-image-8042\" alt=\"ExtrudPak 100 Main Screen\" srcset=\"https:\/\/www.psi-polymersystems.com\/wp-content\/uploads\/2022\/06\/Main-Screen-1.jpg 766w, https:\/\/www.psi-polymersystems.com\/wp-content\/uploads\/2022\/06\/Main-Screen-1-300x224.jpg 300w, https:\/\/www.psi-polymersystems.com\/wp-content\/uploads\/2022\/06\/Main-Screen-1-16x12.jpg 16w, https:\/\/www.psi-polymersystems.com\/wp-content\/uploads\/2022\/06\/Main-Screen-1-600x449.jpg 600w\" sizes=\"(max-width: 766px) 100vw, 766px\" \/>\t\t\t\t\t\t\t\t\t\t\t\t\t\t\t<\/div>\n\t\t\t\t<\/div>\n\t\t\t\t<div class=\"elementor-element elementor-element-dec2683 elementor-align-justify elementor-widget elementor-widget-button\" data-id=\"dec2683\" data-element_type=\"widget\" data-e-type=\"widget\" data-widget_type=\"button.default\">\n\t\t\t\t<div class=\"elementor-widget-container\">\n\t\t\t\t\t\t\t\t\t<div class=\"elementor-button-wrapper\">\n\t\t\t\t\t<a class=\"elementor-button elementor-button-link elementor-size-sm\" href=\"\/de\/products\/controls\/gear-pump-controls\/\">\n\t\t\t\t\t\t<span class=\"elementor-button-content-wrapper\">\n\t\t\t\t\t\t\t\t\t<span class=\"elementor-button-text\">Zur\u00fcck zur Zusammenfassung der Zahnradpumpensteuerung<\/span>\n\t\t\t\t\t<\/span>\n\t\t\t\t\t<\/a>\n\t\t\t\t<\/div>\n\t\t\t\t\t\t\t\t<\/div>\n\t\t\t\t<\/div>\n\t\t\t\t\t<\/div>\n\t\t<\/div>\n\t\t\t\t<div class=\"elementor-column elementor-col-33 elementor-top-column elementor-element elementor-element-7876fee6\" data-id=\"7876fee6\" data-element_type=\"column\" data-e-type=\"column\">\n\t\t\t<div class=\"elementor-widget-wrap elementor-element-populated\">\n\t\t\t\t\t\t<div class=\"elementor-element elementor-element-4059e05c elementor-widget elementor-widget-text-editor\" data-id=\"4059e05c\" data-element_type=\"widget\" data-e-type=\"widget\" data-widget_type=\"text-editor.default\">\n\t\t\t\t<div class=\"elementor-widget-container\">\n\t\t\t\t\t\t\t\t\t<h4><span style=\"color: #049abf;\">Produktbeschreibung<\/span><\/h4><p>SPS: B&amp;R, Allen Bradley oder Automation Direct<\/p><p>HMI: 10-Zoll-Farb-Touchscreen<\/p><p>\u00dcberwacht\/regelt den Einlassdruck zu einer (1) Zahnradpumpe. Schnittstellen zum Extruderantrieb ggf.<\/p><h4><span style=\"color: #049abf;\">Anzeigen<\/span><\/h4><ul><li>Pumpendrehzahl, Pumpenstrom<\/li><li>Saug- und F\u00f6rderdruck<\/li><\/ul><p>Systemalarme und -abschaltung f\u00fcr:<\/p><ul><li>Druck<\/li><li>Niedrige \/ hohe Saugleistung<\/li><li>Hohe Entladung und Delta-Druck<\/li><li>Hoher Strom<\/li><li>Kaltstartschutz \u2013 Verbindungsverdrahtung kundenseitig<\/li><\/ul>\t\t\t\t\t\t\t\t<\/div>\n\t\t\t\t<\/div>\n\t\t\t\t\t<\/div>\n\t\t<\/div>\n\t\t\t\t<div class=\"elementor-column elementor-col-33 elementor-top-column elementor-element elementor-element-6a139087\" data-id=\"6a139087\" data-element_type=\"column\" data-e-type=\"column\">\n\t\t\t<div class=\"elementor-widget-wrap elementor-element-populated\">\n\t\t\t\t\t\t<div class=\"elementor-element elementor-element-68f24919 elementor-widget elementor-widget-text-editor\" data-id=\"68f24919\" data-element_type=\"widget\" data-e-type=\"widget\" data-widget_type=\"text-editor.default\">\n\t\t\t\t<div class=\"elementor-widget-container\">\n\t\t\t\t\t\t\t\t\t<h4><span style=\"color: #0693e3;\">Merkmale<\/span><\/h4>\n<ul>\n<li>Autostart (automatische Rampe zur vollen Produktion)<\/li>\n<li>Rezeptspeicher automatisierte Produktauswahl \/ Inbetriebnahme<\/li>\n<li>Im Trend<\/li>\n<li>Dala-Protokollierung (Option)<\/li>\n<li>Erweiterbare I\/O (Option)<\/li>\n<li>Wandlerkalibrierung<\/li>\n<li>Datenverfolgung und -erfassung f\u00fcr Wechsel-Flash-Speicher (Allen Bradley \u2013 auf Anfrage)<\/li>\n<li>Ethernet-Kommunikation \/ Ewon-f\u00e4hig<\/li>\n<li>VNC-Viewer zum Anzeigen und Verwenden des Steuerbildschirms auf einem entfernten\/gr\u00f6\u00dferen Monitor<\/li>\n<li>Externe Kommunikationsm\u00f6glichkeiten auf Anfrage verf\u00fcgbar<\/li>\n<\/ul>\t\t\t\t\t\t\t\t<\/div>\n\t\t\t\t<\/div>\n\t\t\t\t\t<\/div>\n\t\t<\/div>\n\t\t\t\t\t<\/div>\n\t\t<\/section>\n\t\t\t\t<\/div>","protected":false},"excerpt":{"rendered":"<p>Extrudpak-100 SPS-Steuerung f\u00fcr eine (1) Zahnradpumpe Zur\u00fcck zur \u00dcbersicht Zahnradpumpensteuerung Produktbeschreibung SPS: B&amp;R, Allen Bradley oder Automation Direct HMI: 10-Zoll-Farb-Touchscreen \u00dcberwacht und steuert den Eingangsdruck einer (1) Zahnradpumpe. Schnittstelle zum Extruderantrieb (falls zutreffend). Anzeige von Pumpendrehzahl, Pumpenstrom, Saug- und Druck sowie Systemalarmen [\u2026]<\/p>","protected":false},"author":2,"featured_media":0,"parent":3254,"menu_order":0,"comment_status":"closed","ping_status":"closed","template":"","meta":{"_monsterinsights_skip_tracking":false,"_monsterinsights_sitenote_active":false,"_monsterinsights_sitenote_note":"","_monsterinsights_sitenote_category":0,"footnotes":""},"class_list":["post-4008","page","type-page","status-publish","hentry"],"yoast_head":"<!-- This site is optimized with the Yoast SEO Premium plugin v25.0 (Yoast SEO v25.0) - https:\/\/yoast.com\/wordpress\/plugins\/seo\/ -->\n<title>ExtrudePak-100 - PSI-Polymer Systems<\/title>\n<meta name=\"description\" content=\"ExtrudePak-100 PLC\/HMI control for one (1) PSI-Polymer Systems Gear Pump system with recipe, trending, data logging and a host of other features.\" \/>\n<meta name=\"robots\" content=\"index, follow, max-snippet:-1, max-image-preview:large, max-video-preview:-1\" \/>\n<link rel=\"canonical\" href=\"https:\/\/www.psi-polymersystems.com\/de\/products\/controls\/gear-pump-controls\/extrudepak-100\/\" \/>\n<meta property=\"og:locale\" content=\"de_DE\" \/>\n<meta property=\"og:type\" content=\"article\" \/>\n<meta property=\"og:title\" content=\"ExtrudePak-100\" \/>\n<meta property=\"og:description\" content=\"Extrudpak-100 PLC ControlOperates one (1) Gear Pump Back to Gear Pump Controls Summary Product DescriptionPLC: B&amp;R, Allen Bradley or Automation\" \/>\n<meta property=\"og:url\" content=\"https:\/\/www.psi-polymersystems.com\/de\/products\/controls\/gear-pump-controls\/extrudepak-100\/\" \/>\n<meta property=\"og:site_name\" content=\"PSI-Polymer Systems\" \/>\n<meta property=\"article:publisher\" content=\"https:\/\/www.facebook.com\/psipolymersystems\/\" \/>\n<meta property=\"article:modified_time\" content=\"2025-10-31T15:19:42+00:00\" \/>\n<meta property=\"og:image\" content=\"https:\/\/www.psi-polymersystems.com\/wp-content\/uploads\/2022\/06\/Main-Screen-1.jpg\" \/>\n\t<meta property=\"og:image:width\" content=\"766\" \/>\n\t<meta property=\"og:image:height\" content=\"573\" \/>\n\t<meta property=\"og:image:type\" content=\"image\/jpeg\" \/>\n<meta name=\"twitter:card\" content=\"summary_large_image\" \/>\n<meta name=\"twitter:label1\" content=\"Gesch\u00e4tzte Lesezeit\" \/>\n\t<meta name=\"twitter:data1\" content=\"1\u00a0Minute\" \/>\n<script type=\"application\/ld+json\" class=\"yoast-schema-graph\">{\"@context\":\"https:\/\/schema.org\",\"@graph\":[{\"@type\":\"WebPage\",\"@id\":\"https:\/\/www.psi-polymersystems.com\/products\/controls\/gear-pump-controls\/extrudepak-100\/\",\"url\":\"https:\/\/www.psi-polymersystems.com\/products\/controls\/gear-pump-controls\/extrudepak-100\/\",\"name\":\"ExtrudePak-100 - PSI-Polymer Systems\",\"isPartOf\":{\"@id\":\"https:\/\/www.psi-polymersystems.com\/#website\"},\"primaryImageOfPage\":{\"@id\":\"https:\/\/www.psi-polymersystems.com\/products\/controls\/gear-pump-controls\/extrudepak-100\/#primaryimage\"},\"image\":{\"@id\":\"https:\/\/www.psi-polymersystems.com\/products\/controls\/gear-pump-controls\/extrudepak-100\/#primaryimage\"},\"thumbnailUrl\":\"https:\/\/www.psi-polymersystems.com\/wp-content\/uploads\/2022\/06\/Main-Screen-1.jpg\",\"datePublished\":\"2020-08-06T19:57:25+00:00\",\"dateModified\":\"2025-10-31T15:19:42+00:00\",\"description\":\"ExtrudePak-100 PLC\/HMI control for one (1) PSI-Polymer Systems Gear Pump system with recipe, trending, data logging and a host of other features.\",\"breadcrumb\":{\"@id\":\"https:\/\/www.psi-polymersystems.com\/products\/controls\/gear-pump-controls\/extrudepak-100\/#breadcrumb\"},\"inLanguage\":\"de\",\"potentialAction\":[{\"@type\":\"ReadAction\",\"target\":[\"https:\/\/www.psi-polymersystems.com\/products\/controls\/gear-pump-controls\/extrudepak-100\/\"]}]},{\"@type\":\"ImageObject\",\"inLanguage\":\"de\",\"@id\":\"https:\/\/www.psi-polymersystems.com\/products\/controls\/gear-pump-controls\/extrudepak-100\/#primaryimage\",\"url\":\"https:\/\/www.psi-polymersystems.com\/wp-content\/uploads\/2022\/06\/Main-Screen-1.jpg\",\"contentUrl\":\"https:\/\/www.psi-polymersystems.com\/wp-content\/uploads\/2022\/06\/Main-Screen-1.jpg\"},{\"@type\":\"BreadcrumbList\",\"@id\":\"https:\/\/www.psi-polymersystems.com\/products\/controls\/gear-pump-controls\/extrudepak-100\/#breadcrumb\",\"itemListElement\":[{\"@type\":\"ListItem\",\"position\":1,\"name\":\"Home\",\"item\":\"https:\/\/www.psi-polymersystems.com\/\"},{\"@type\":\"ListItem\",\"position\":2,\"name\":\"Product Overview\",\"item\":\"https:\/\/www.psi-polymersystems.com\/products\/\"},{\"@type\":\"ListItem\",\"position\":3,\"name\":\"Controls\",\"item\":\"https:\/\/www.psi-polymersystems.com\/es\/products\/controls\/\"},{\"@type\":\"ListItem\",\"position\":4,\"name\":\"Gear Pump Controls &#8211; Summary\",\"item\":\"https:\/\/www.psi-polymersystems.com\/es\/products\/controls\/gear-pump-controls\/\"},{\"@type\":\"ListItem\",\"position\":5,\"name\":\"ExtrudePak-100\"}]},{\"@type\":\"WebSite\",\"@id\":\"https:\/\/www.psi-polymersystems.com\/#website\",\"url\":\"https:\/\/www.psi-polymersystems.com\/\",\"name\":\"PSI-Polymer Systems\",\"description\":\"\",\"publisher\":{\"@id\":\"https:\/\/www.psi-polymersystems.com\/#organization\"},\"potentialAction\":[{\"@type\":\"SearchAction\",\"target\":{\"@type\":\"EntryPoint\",\"urlTemplate\":\"https:\/\/www.psi-polymersystems.com\/?s={search_term_string}\"},\"query-input\":{\"@type\":\"PropertyValueSpecification\",\"valueRequired\":true,\"valueName\":\"search_term_string\"}}],\"inLanguage\":\"de\"},{\"@type\":\"Organization\",\"@id\":\"https:\/\/www.psi-polymersystems.com\/#organization\",\"name\":\"PSI-Polymer Systems, Inc.\",\"url\":\"https:\/\/www.psi-polymersystems.com\/\",\"logo\":{\"@type\":\"ImageObject\",\"inLanguage\":\"de\",\"@id\":\"https:\/\/www.psi-polymersystems.com\/#\/schema\/logo\/image\/\",\"url\":\"\",\"contentUrl\":\"\",\"caption\":\"PSI-Polymer Systems, Inc.\"},\"image\":{\"@id\":\"https:\/\/www.psi-polymersystems.com\/#\/schema\/logo\/image\/\"},\"sameAs\":[\"https:\/\/www.facebook.com\/psipolymersystems\/\",\"https:\/\/www.linkedin.com\/showcase\/psi-polymer-systems\"]}]}<\/script>\n<!-- \/ Yoast SEO Premium plugin. -->","yoast_head_json":{"title":"ExtrudePak-100 - PSI-Polymer Systems","description":"ExtrudePak-100 PLC\/HMI control for one (1) PSI-Polymer Systems Gear Pump system with recipe, trending, data logging and a host of other features.","robots":{"index":"index","follow":"follow","max-snippet":"max-snippet:-1","max-image-preview":"max-image-preview:large","max-video-preview":"max-video-preview:-1"},"canonical":"https:\/\/www.psi-polymersystems.com\/de\/products\/controls\/gear-pump-controls\/extrudepak-100\/","og_locale":"de_DE","og_type":"article","og_title":"ExtrudePak-100","og_description":"Extrudpak-100 PLC ControlOperates one (1) Gear Pump Back to Gear Pump Controls Summary Product DescriptionPLC: B&amp;R, Allen Bradley or Automation","og_url":"https:\/\/www.psi-polymersystems.com\/de\/products\/controls\/gear-pump-controls\/extrudepak-100\/","og_site_name":"PSI-Polymer Systems","article_publisher":"https:\/\/www.facebook.com\/psipolymersystems\/","article_modified_time":"2025-10-31T15:19:42+00:00","og_image":[{"width":766,"height":573,"url":"https:\/\/www.psi-polymersystems.com\/wp-content\/uploads\/2022\/06\/Main-Screen-1.jpg","type":"image\/jpeg"}],"twitter_card":"summary_large_image","twitter_misc":{"Gesch\u00e4tzte Lesezeit":"1\u00a0Minute"},"schema":{"@context":"https:\/\/schema.org","@graph":[{"@type":"WebPage","@id":"https:\/\/www.psi-polymersystems.com\/products\/controls\/gear-pump-controls\/extrudepak-100\/","url":"https:\/\/www.psi-polymersystems.com\/products\/controls\/gear-pump-controls\/extrudepak-100\/","name":"ExtrudePak-100 - PSI-Polymer Systems","isPartOf":{"@id":"https:\/\/www.psi-polymersystems.com\/#website"},"primaryImageOfPage":{"@id":"https:\/\/www.psi-polymersystems.com\/products\/controls\/gear-pump-controls\/extrudepak-100\/#primaryimage"},"image":{"@id":"https:\/\/www.psi-polymersystems.com\/products\/controls\/gear-pump-controls\/extrudepak-100\/#primaryimage"},"thumbnailUrl":"https:\/\/www.psi-polymersystems.com\/wp-content\/uploads\/2022\/06\/Main-Screen-1.jpg","datePublished":"2020-08-06T19:57:25+00:00","dateModified":"2025-10-31T15:19:42+00:00","description":"ExtrudePak-100 PLC\/HMI control for one (1) PSI-Polymer Systems Gear Pump system with recipe, trending, data logging and a host of other features.","breadcrumb":{"@id":"https:\/\/www.psi-polymersystems.com\/products\/controls\/gear-pump-controls\/extrudepak-100\/#breadcrumb"},"inLanguage":"de","potentialAction":[{"@type":"ReadAction","target":["https:\/\/www.psi-polymersystems.com\/products\/controls\/gear-pump-controls\/extrudepak-100\/"]}]},{"@type":"ImageObject","inLanguage":"de","@id":"https:\/\/www.psi-polymersystems.com\/products\/controls\/gear-pump-controls\/extrudepak-100\/#primaryimage","url":"https:\/\/www.psi-polymersystems.com\/wp-content\/uploads\/2022\/06\/Main-Screen-1.jpg","contentUrl":"https:\/\/www.psi-polymersystems.com\/wp-content\/uploads\/2022\/06\/Main-Screen-1.jpg"},{"@type":"BreadcrumbList","@id":"https:\/\/www.psi-polymersystems.com\/products\/controls\/gear-pump-controls\/extrudepak-100\/#breadcrumb","itemListElement":[{"@type":"ListItem","position":1,"name":"Home","item":"https:\/\/www.psi-polymersystems.com\/"},{"@type":"ListItem","position":2,"name":"Product Overview","item":"https:\/\/www.psi-polymersystems.com\/products\/"},{"@type":"ListItem","position":3,"name":"Controls","item":"https:\/\/www.psi-polymersystems.com\/es\/products\/controls\/"},{"@type":"ListItem","position":4,"name":"Gear Pump Controls &#8211; Summary","item":"https:\/\/www.psi-polymersystems.com\/es\/products\/controls\/gear-pump-controls\/"},{"@type":"ListItem","position":5,"name":"ExtrudePak-100"}]},{"@type":"WebSite","@id":"https:\/\/www.psi-polymersystems.com\/#website","url":"https:\/\/www.psi-polymersystems.com\/","name":"PSI-Polymer Systems","description":"","publisher":{"@id":"https:\/\/www.psi-polymersystems.com\/#organization"},"potentialAction":[{"@type":"SearchAction","target":{"@type":"EntryPoint","urlTemplate":"https:\/\/www.psi-polymersystems.com\/?s={search_term_string}"},"query-input":{"@type":"PropertyValueSpecification","valueRequired":true,"valueName":"search_term_string"}}],"inLanguage":"de"},{"@type":"Organization","@id":"https:\/\/www.psi-polymersystems.com\/#organization","name":"PSI-Polymer Systems, Inc.","url":"https:\/\/www.psi-polymersystems.com\/","logo":{"@type":"ImageObject","inLanguage":"de","@id":"https:\/\/www.psi-polymersystems.com\/#\/schema\/logo\/image\/","url":"","contentUrl":"","caption":"PSI-Polymer Systems, Inc."},"image":{"@id":"https:\/\/www.psi-polymersystems.com\/#\/schema\/logo\/image\/"},"sameAs":["https:\/\/www.facebook.com\/psipolymersystems\/","https:\/\/www.linkedin.com\/showcase\/psi-polymer-systems"]}]}},"_links":{"self":[{"href":"https:\/\/www.psi-polymersystems.com\/de\/wp-json\/wp\/v2\/pages\/4008","targetHints":{"allow":["GET"]}}],"collection":[{"href":"https:\/\/www.psi-polymersystems.com\/de\/wp-json\/wp\/v2\/pages"}],"about":[{"href":"https:\/\/www.psi-polymersystems.com\/de\/wp-json\/wp\/v2\/types\/page"}],"author":[{"embeddable":true,"href":"https:\/\/www.psi-polymersystems.com\/de\/wp-json\/wp\/v2\/users\/2"}],"replies":[{"embeddable":true,"href":"https:\/\/www.psi-polymersystems.com\/de\/wp-json\/wp\/v2\/comments?post=4008"}],"version-history":[{"count":3,"href":"https:\/\/www.psi-polymersystems.com\/de\/wp-json\/wp\/v2\/pages\/4008\/revisions"}],"predecessor-version":[{"id":12913,"href":"https:\/\/www.psi-polymersystems.com\/de\/wp-json\/wp\/v2\/pages\/4008\/revisions\/12913"}],"up":[{"embeddable":true,"href":"https:\/\/www.psi-polymersystems.com\/de\/wp-json\/wp\/v2\/pages\/3254"}],"wp:attachment":[{"href":"https:\/\/www.psi-polymersystems.com\/de\/wp-json\/wp\/v2\/media?parent=4008"}],"curies":[{"name":"wp","href":"https:\/\/api.w.org\/{rel}","templated":true}]}}