{"id":4717,"date":"2020-08-21T20:43:45","date_gmt":"2020-08-21T20:43:45","guid":{"rendered":"https:\/\/psi-polymersystems.com\/?page_id=4717"},"modified":"2022-10-04T16:47:37","modified_gmt":"2022-10-04T16:47:37","slug":"lv-seal","status":"publish","type":"page","link":"https:\/\/www.psi-polymersystems.com\/de\/products\/screen-changer-overview\/continuous-screen-changer\/lv-seal\/","title":{"rendered":"LV-Siegel"},"content":{"rendered":"<div data-elementor-type=\"wp-page\" data-elementor-id=\"4717\" class=\"elementor elementor-4717\" data-elementor-post-type=\"page\">\n\t\t\t\t\t\t<section class=\"elementor-section elementor-top-section elementor-element elementor-element-4f8c584f elementor-section-boxed elementor-section-height-default elementor-section-height-default\" data-id=\"4f8c584f\" data-element_type=\"section\" data-e-type=\"section\">\n\t\t\t\t\t\t<div class=\"elementor-container elementor-column-gap-default\">\n\t\t\t\t\t<div class=\"elementor-column elementor-col-100 elementor-top-column elementor-element elementor-element-3ce04375\" data-id=\"3ce04375\" data-element_type=\"column\" data-e-type=\"column\">\n\t\t\t<div class=\"elementor-widget-wrap elementor-element-populated\">\n\t\t\t\t\t\t<div class=\"elementor-element elementor-element-4d52a331 elementor-widget elementor-widget-text-editor\" data-id=\"4d52a331\" data-element_type=\"widget\" data-e-type=\"widget\" data-widget_type=\"text-editor.default\">\n\t\t\t\t<div class=\"elementor-widget-container\">\n\t\t\t\t\t\t\t\t\t<div><h2 class=\"elementor-heading-title elementor-size-default elementor-inline-editing pen\" style=\"letter-spacing: normal; text-align: left; color: #7a7a7a;\" data-elementor-setting-key=\"title\" data-pen-placeholder=\"Type Here...\">Dichtung mit niedriger Viskosit\u00e4t (LV) \u2013 Patentiert<\/h2><\/div>\t\t\t\t\t\t\t\t<\/div>\n\t\t\t\t<\/div>\n\t\t\t\t\t<\/div>\n\t\t<\/div>\n\t\t\t\t\t<\/div>\n\t\t<\/section>\n\t\t\t\t<section class=\"elementor-section elementor-top-section elementor-element elementor-element-1cdf7d79 elementor-section-boxed elementor-section-height-default elementor-section-height-default\" data-id=\"1cdf7d79\" data-element_type=\"section\" data-e-type=\"section\">\n\t\t\t\t\t\t<div class=\"elementor-container elementor-column-gap-default\">\n\t\t\t\t\t<div class=\"elementor-column elementor-col-100 elementor-top-column elementor-element elementor-element-34a105e1\" data-id=\"34a105e1\" data-element_type=\"column\" data-e-type=\"column\">\n\t\t\t<div class=\"elementor-widget-wrap\">\n\t\t\t\t\t\t\t<\/div>\n\t\t<\/div>\n\t\t\t\t\t<\/div>\n\t\t<\/section>\n\t\t\t\t<section class=\"elementor-section elementor-top-section elementor-element elementor-element-47829850 elementor-section-boxed elementor-section-height-default elementor-section-height-default\" data-id=\"47829850\" data-element_type=\"section\" data-e-type=\"section\">\n\t\t\t\t\t\t<div class=\"elementor-container elementor-column-gap-default\">\n\t\t\t\t\t<div class=\"elementor-column elementor-col-50 elementor-top-column elementor-element elementor-element-74f7354d\" data-id=\"74f7354d\" data-element_type=\"column\" data-e-type=\"column\">\n\t\t\t<div class=\"elementor-widget-wrap elementor-element-populated\">\n\t\t\t\t\t\t<div class=\"elementor-element elementor-element-471f792 elementor-align-justify elementor-widget elementor-widget-button\" data-id=\"471f792\" data-element_type=\"widget\" data-e-type=\"widget\" data-widget_type=\"button.default\">\n\t\t\t\t<div class=\"elementor-widget-container\">\n\t\t\t\t\t\t\t\t\t<div class=\"elementor-button-wrapper\">\n\t\t\t\t\t<a class=\"elementor-button elementor-button-link elementor-size-sm\" href=\"\/de\/quote-request\/\">\n\t\t\t\t\t\t<span class=\"elementor-button-content-wrapper\">\n\t\t\t\t\t\t\t\t\t<span class=\"elementor-button-text\">Anfrage f\u00fcr ein Angebot<\/span>\n\t\t\t\t\t<\/span>\n\t\t\t\t\t<\/a>\n\t\t\t\t<\/div>\n\t\t\t\t\t\t\t\t<\/div>\n\t\t\t\t<\/div>\n\t\t\t\t<div class=\"elementor-element elementor-element-a968be3 elementor-widget elementor-widget-image\" data-id=\"a968be3\" data-element_type=\"widget\" data-e-type=\"widget\" data-widget_type=\"image.default\">\n\t\t\t\t<div class=\"elementor-widget-container\">\n\t\t\t\t\t\t\t\t\t\t\t\t\t\t\t<img fetchpriority=\"high\" decoding=\"async\" width=\"1024\" height=\"561\" src=\"https:\/\/www.psi-polymersystems.com\/wp-content\/uploads\/2020\/08\/CSC-LV-Seal-b-1024x561.jpg\" class=\"attachment-large size-large wp-image-4819\" alt=\"PSI Polymer Systems Patented Low Viscosity Sealing System for Polymer Extrusion Screen Changers for for melt-blown and low viscosity adhesives\" srcset=\"https:\/\/www.psi-polymersystems.com\/wp-content\/uploads\/2020\/08\/CSC-LV-Seal-b-1024x561.jpg 1024w, https:\/\/www.psi-polymersystems.com\/wp-content\/uploads\/2020\/08\/CSC-LV-Seal-b-300x164.jpg 300w, https:\/\/www.psi-polymersystems.com\/wp-content\/uploads\/2020\/08\/CSC-LV-Seal-b-768x420.jpg 768w, https:\/\/www.psi-polymersystems.com\/wp-content\/uploads\/2020\/08\/CSC-LV-Seal-b-1536x841.jpg 1536w, https:\/\/www.psi-polymersystems.com\/wp-content\/uploads\/2020\/08\/CSC-LV-Seal-b-600x329.jpg 600w, https:\/\/www.psi-polymersystems.com\/wp-content\/uploads\/2020\/08\/CSC-LV-Seal-b.jpg 1600w\" sizes=\"(max-width: 1024px) 100vw, 1024px\" \/>\t\t\t\t\t\t\t\t\t\t\t\t\t\t\t<\/div>\n\t\t\t\t<\/div>\n\t\t\t\t<div class=\"elementor-element elementor-element-c5c2886 elementor-widget elementor-widget-image\" data-id=\"c5c2886\" data-element_type=\"widget\" data-e-type=\"widget\" data-widget_type=\"image.default\">\n\t\t\t\t<div class=\"elementor-widget-container\">\n\t\t\t\t\t\t\t\t\t\t\t\t\t\t\t<img decoding=\"async\" width=\"1024\" height=\"727\" src=\"https:\/\/www.psi-polymersystems.com\/wp-content\/uploads\/2020\/08\/CSC-LV-Seal-a-1024x727.jpg\" class=\"attachment-large size-large wp-image-4803\" alt=\"\" srcset=\"https:\/\/www.psi-polymersystems.com\/wp-content\/uploads\/2020\/08\/CSC-LV-Seal-a-1024x727.jpg 1024w, https:\/\/www.psi-polymersystems.com\/wp-content\/uploads\/2020\/08\/CSC-LV-Seal-a-300x213.jpg 300w, https:\/\/www.psi-polymersystems.com\/wp-content\/uploads\/2020\/08\/CSC-LV-Seal-a-768x546.jpg 768w, https:\/\/www.psi-polymersystems.com\/wp-content\/uploads\/2020\/08\/CSC-LV-Seal-a-1536x1091.jpg 1536w, https:\/\/www.psi-polymersystems.com\/wp-content\/uploads\/2020\/08\/CSC-LV-Seal-a-600x426.jpg 600w, https:\/\/www.psi-polymersystems.com\/wp-content\/uploads\/2020\/08\/CSC-LV-Seal-a.jpg 1599w\" sizes=\"(max-width: 1024px) 100vw, 1024px\" \/>\t\t\t\t\t\t\t\t\t\t\t\t\t\t\t<\/div>\n\t\t\t\t<\/div>\n\t\t\t\t\t<\/div>\n\t\t<\/div>\n\t\t\t\t<div class=\"elementor-column elementor-col-50 elementor-top-column elementor-element elementor-element-c62de61\" data-id=\"c62de61\" data-element_type=\"column\" data-e-type=\"column\">\n\t\t\t<div class=\"elementor-widget-wrap elementor-element-populated\">\n\t\t\t\t\t\t<div class=\"elementor-element elementor-element-531d32a0 elementor-widget elementor-widget-text-editor\" data-id=\"531d32a0\" data-element_type=\"widget\" data-e-type=\"widget\" data-widget_type=\"text-editor.default\">\n\t\t\t\t<div class=\"elementor-widget-container\">\n\t\t\t\t\t\t\t\t\t<h1 style=\"font-size: 15px;\"><span style=\"color: #0693e3; font-size: 20px; letter-spacing: 0px;\">Holen Sie mehr aus Ihrem Prozess heraus<\/span><\/h1>\n<p><span style=\"letter-spacing: 0px;\">Das patentierte niedrigviskose Dichtungssystem von PSI hat sich bei schwer abzudichtenden Materialien mit hohem Durchfluss (z. B. 2000 MFI \/ 16 Pa-s bei 10 Sec-1) bew\u00e4hrt und l\u00f6st l\u00e4stige Leckageprobleme bei Bolzensiebwechslern. Die hochwirksamen Dichtungen haben sich in einer Vielzahl von Schmelzblas- und Klebeanwendungen in Anlagen auf der ganzen Welt bew\u00e4hrt. Ausgelegt f\u00fcr Anwendungen mit Prozesstemperaturen bis zu&nbsp;<\/span><span style=\"letter-spacing: 0px;\">525<\/span><span style=\"letter-spacing: 0px;\">\u00b0<\/span><span style=\"letter-spacing: 0px;\">F (270<\/span><span style=\"letter-spacing: 0px;\">\u00b0C<\/span><span style=\"letter-spacing: 0px;\">), sind die langlebigen Dichtungen leicht zug\u00e4nglich und erfordern keine Demontage des Siebwechslers aus der Linie zur Wartung.&nbsp;<\/span><\/p>\n<p>Warum ben\u00f6tigt? Einer der Hauptvorteile von Bolzen-Siebwechslern ist, dass sie keine Gleitringdichtungen haben. Das Standarddesign verf\u00fcgt \u00fcber eine Dichtung mit kontrolliertem Spalt, die die Viskosit\u00e4t des Polymers nutzt, um gleichzeitig zu schmieren und abzudichten. W\u00e4hrend dies f\u00fcr die meisten Polymere ziemlich gut funktioniert, erm\u00f6glicht die hohe Flie\u00dff\u00e4higkeit von Materialien mit ultraniedriger Viskosit\u00e4t eine Migration \u00fcber die eng gehaltenen Bolzen-zu-Geh\u00e4use-Abst\u00e4nde und f\u00fchrt zu unterschiedlichen Leckagen in die Atmosph\u00e4re.&nbsp; <strong>Das patentierte LV Seal von PSI l\u00f6st dieses Problem<\/strong>.&nbsp;<\/p>\n<p><\/p>\t\t\t\t\t\t\t\t<\/div>\n\t\t\t\t<\/div>\n\t\t\t\t\t<\/div>\n\t\t<\/div>\n\t\t\t\t\t<\/div>\n\t\t<\/section>\n\t\t\t\t<\/div>","protected":false},"excerpt":{"rendered":"<p>Low Viscosity (LV) Seal \u2013 Patentierte Angebotsanfrage Holen Sie mehr aus Ihrem Prozess heraus Bew\u00e4hrt bei schwer abzudichtenden Materialien mit hohem Durchfluss (z. B. 2000 MFI \/ 16 Pa-s bei 10 Sec-1) l\u00f6st das patentierte Low Viscosity Sealing System von PSI l\u00e4stige Leckageprobleme bei Siebwechslern mit Bolzen. Die hochwirksamen Dichtungen haben sich in einem breiten Spektrum von [\u2026]<\/p>","protected":false},"author":2,"featured_media":0,"parent":7,"menu_order":0,"comment_status":"closed","ping_status":"closed","template":"","meta":{"_monsterinsights_skip_tracking":false,"_monsterinsights_sitenote_active":false,"_monsterinsights_sitenote_note":"","_monsterinsights_sitenote_category":0,"footnotes":""},"class_list":["post-4717","page","type-page","status-publish","hentry"],"yoast_head":"<!-- This site is optimized with the Yoast SEO Premium plugin v25.0 (Yoast SEO v25.0) - https:\/\/yoast.com\/wordpress\/plugins\/seo\/ -->\n<title>LV Seal - PSI-Polymer Systems<\/title>\n<meta name=\"description\" content=\"PSI-Polymer Systems patented low viscosity seals are used in continuous screen changers and gear pumps to process ultra-high MFI polymers without and leaks.\" \/>\n<meta name=\"robots\" content=\"index, follow, max-snippet:-1, max-image-preview:large, max-video-preview:-1\" \/>\n<link rel=\"canonical\" href=\"https:\/\/www.psi-polymersystems.com\/de\/products\/screen-changer-overview\/continuous-screen-changer\/lv-seal\/\" \/>\n<meta property=\"og:locale\" content=\"de_DE\" \/>\n<meta property=\"og:type\" content=\"article\" \/>\n<meta property=\"og:title\" content=\"LV Seal\" \/>\n<meta property=\"og:description\" content=\"Low Viscosity (LV) Seal - Patented Request for Quote Get More from Your Process Proven with hard-to-seal, high flow materials (e.g. 2000 MFI \/ 16 Pa-s at\" \/>\n<meta property=\"og:url\" content=\"https:\/\/www.psi-polymersystems.com\/de\/products\/screen-changer-overview\/continuous-screen-changer\/lv-seal\/\" \/>\n<meta property=\"og:site_name\" content=\"PSI-Polymer Systems\" \/>\n<meta property=\"article:publisher\" content=\"https:\/\/www.facebook.com\/psipolymersystems\/\" \/>\n<meta property=\"article:modified_time\" content=\"2022-10-04T16:47:37+00:00\" \/>\n<meta property=\"og:image\" content=\"https:\/\/psi-polymersystems.com\/wp-content\/uploads\/2020\/08\/CSC-LV-Seal-b-1024x561.jpg\" \/>\n<meta name=\"twitter:card\" content=\"summary_large_image\" \/>\n<meta name=\"twitter:label1\" content=\"Gesch\u00e4tzte Lesezeit\" \/>\n\t<meta name=\"twitter:data1\" content=\"2\u00a0Minuten\" \/>\n<script type=\"application\/ld+json\" class=\"yoast-schema-graph\">{\"@context\":\"https:\/\/schema.org\",\"@graph\":[{\"@type\":\"WebPage\",\"@id\":\"https:\/\/www.psi-polymersystems.com\/es\/products\/screen-changer-overview\/continuous-screen-changer\/lv-seal\/\",\"url\":\"https:\/\/www.psi-polymersystems.com\/es\/products\/screen-changer-overview\/continuous-screen-changer\/lv-seal\/\",\"name\":\"LV Seal - PSI-Polymer Systems\",\"isPartOf\":{\"@id\":\"https:\/\/www.psi-polymersystems.com\/#website\"},\"primaryImageOfPage\":{\"@id\":\"https:\/\/www.psi-polymersystems.com\/es\/products\/screen-changer-overview\/continuous-screen-changer\/lv-seal\/#primaryimage\"},\"image\":{\"@id\":\"https:\/\/www.psi-polymersystems.com\/es\/products\/screen-changer-overview\/continuous-screen-changer\/lv-seal\/#primaryimage\"},\"thumbnailUrl\":\"https:\/\/psi-polymersystems.com\/wp-content\/uploads\/2020\/08\/CSC-LV-Seal-b-1024x561.jpg\",\"datePublished\":\"2020-08-21T20:43:45+00:00\",\"dateModified\":\"2022-10-04T16:47:37+00:00\",\"description\":\"PSI-Polymer Systems patented low viscosity seals are used in continuous screen changers and gear pumps to process ultra-high MFI polymers without and leaks.\",\"breadcrumb\":{\"@id\":\"https:\/\/www.psi-polymersystems.com\/es\/products\/screen-changer-overview\/continuous-screen-changer\/lv-seal\/#breadcrumb\"},\"inLanguage\":\"de\",\"potentialAction\":[{\"@type\":\"ReadAction\",\"target\":[\"https:\/\/www.psi-polymersystems.com\/es\/products\/screen-changer-overview\/continuous-screen-changer\/lv-seal\/\"]}]},{\"@type\":\"ImageObject\",\"inLanguage\":\"de\",\"@id\":\"https:\/\/www.psi-polymersystems.com\/es\/products\/screen-changer-overview\/continuous-screen-changer\/lv-seal\/#primaryimage\",\"url\":\"https:\/\/psi-polymersystems.com\/wp-content\/uploads\/2020\/08\/CSC-LV-Seal-b-1024x561.jpg\",\"contentUrl\":\"https:\/\/psi-polymersystems.com\/wp-content\/uploads\/2020\/08\/CSC-LV-Seal-b-1024x561.jpg\"},{\"@type\":\"BreadcrumbList\",\"@id\":\"https:\/\/www.psi-polymersystems.com\/es\/products\/screen-changer-overview\/continuous-screen-changer\/lv-seal\/#breadcrumb\",\"itemListElement\":[{\"@type\":\"ListItem\",\"position\":1,\"name\":\"Home\",\"item\":\"https:\/\/www.psi-polymersystems.com\/\"},{\"@type\":\"ListItem\",\"position\":2,\"name\":\"Product Overview\",\"item\":\"https:\/\/www.psi-polymersystems.com\/products\/\"},{\"@type\":\"ListItem\",\"position\":3,\"name\":\"Screen Changer Overview\",\"item\":\"https:\/\/www.psi-polymersystems.com\/products\/screen-changer-overview\/\"},{\"@type\":\"ListItem\",\"position\":4,\"name\":\"Continuous Screen Changer (CSC)\",\"item\":\"https:\/\/www.psi-polymersystems.com\/products\/screen-changer-overview\/continuous-screen-changer\/\"},{\"@type\":\"ListItem\",\"position\":5,\"name\":\"LV Seal\"}]},{\"@type\":\"WebSite\",\"@id\":\"https:\/\/www.psi-polymersystems.com\/#website\",\"url\":\"https:\/\/www.psi-polymersystems.com\/\",\"name\":\"PSI-Polymer Systems\",\"description\":\"\",\"publisher\":{\"@id\":\"https:\/\/www.psi-polymersystems.com\/#organization\"},\"potentialAction\":[{\"@type\":\"SearchAction\",\"target\":{\"@type\":\"EntryPoint\",\"urlTemplate\":\"https:\/\/www.psi-polymersystems.com\/?s={search_term_string}\"},\"query-input\":{\"@type\":\"PropertyValueSpecification\",\"valueRequired\":true,\"valueName\":\"search_term_string\"}}],\"inLanguage\":\"de\"},{\"@type\":\"Organization\",\"@id\":\"https:\/\/www.psi-polymersystems.com\/#organization\",\"name\":\"PSI-Polymer Systems, Inc.\",\"url\":\"https:\/\/www.psi-polymersystems.com\/\",\"logo\":{\"@type\":\"ImageObject\",\"inLanguage\":\"de\",\"@id\":\"https:\/\/www.psi-polymersystems.com\/#\/schema\/logo\/image\/\",\"url\":\"\",\"contentUrl\":\"\",\"caption\":\"PSI-Polymer Systems, Inc.\"},\"image\":{\"@id\":\"https:\/\/www.psi-polymersystems.com\/#\/schema\/logo\/image\/\"},\"sameAs\":[\"https:\/\/www.facebook.com\/psipolymersystems\/\",\"https:\/\/www.linkedin.com\/showcase\/psi-polymer-systems\"]}]}<\/script>\n<!-- \/ Yoast SEO Premium plugin. -->","yoast_head_json":{"title":"LV Seal - PSI-Polymer Systems","description":"PSI-Polymer Systems patented low viscosity seals are used in continuous screen changers and gear pumps to process ultra-high MFI polymers without and leaks.","robots":{"index":"index","follow":"follow","max-snippet":"max-snippet:-1","max-image-preview":"max-image-preview:large","max-video-preview":"max-video-preview:-1"},"canonical":"https:\/\/www.psi-polymersystems.com\/de\/products\/screen-changer-overview\/continuous-screen-changer\/lv-seal\/","og_locale":"de_DE","og_type":"article","og_title":"LV Seal","og_description":"Low Viscosity (LV) Seal - Patented Request for Quote Get More from Your Process Proven with hard-to-seal, high flow materials (e.g. 2000 MFI \/ 16 Pa-s at","og_url":"https:\/\/www.psi-polymersystems.com\/de\/products\/screen-changer-overview\/continuous-screen-changer\/lv-seal\/","og_site_name":"PSI-Polymer Systems","article_publisher":"https:\/\/www.facebook.com\/psipolymersystems\/","article_modified_time":"2022-10-04T16:47:37+00:00","og_image":[{"url":"https:\/\/psi-polymersystems.com\/wp-content\/uploads\/2020\/08\/CSC-LV-Seal-b-1024x561.jpg","type":"","width":"","height":""}],"twitter_card":"summary_large_image","twitter_misc":{"Gesch\u00e4tzte Lesezeit":"2\u00a0Minuten"},"schema":{"@context":"https:\/\/schema.org","@graph":[{"@type":"WebPage","@id":"https:\/\/www.psi-polymersystems.com\/es\/products\/screen-changer-overview\/continuous-screen-changer\/lv-seal\/","url":"https:\/\/www.psi-polymersystems.com\/es\/products\/screen-changer-overview\/continuous-screen-changer\/lv-seal\/","name":"LV Seal - PSI-Polymer Systems","isPartOf":{"@id":"https:\/\/www.psi-polymersystems.com\/#website"},"primaryImageOfPage":{"@id":"https:\/\/www.psi-polymersystems.com\/es\/products\/screen-changer-overview\/continuous-screen-changer\/lv-seal\/#primaryimage"},"image":{"@id":"https:\/\/www.psi-polymersystems.com\/es\/products\/screen-changer-overview\/continuous-screen-changer\/lv-seal\/#primaryimage"},"thumbnailUrl":"https:\/\/psi-polymersystems.com\/wp-content\/uploads\/2020\/08\/CSC-LV-Seal-b-1024x561.jpg","datePublished":"2020-08-21T20:43:45+00:00","dateModified":"2022-10-04T16:47:37+00:00","description":"PSI-Polymer Systems patented low viscosity seals are used in continuous screen changers and gear pumps to process ultra-high MFI polymers without and leaks.","breadcrumb":{"@id":"https:\/\/www.psi-polymersystems.com\/es\/products\/screen-changer-overview\/continuous-screen-changer\/lv-seal\/#breadcrumb"},"inLanguage":"de","potentialAction":[{"@type":"ReadAction","target":["https:\/\/www.psi-polymersystems.com\/es\/products\/screen-changer-overview\/continuous-screen-changer\/lv-seal\/"]}]},{"@type":"ImageObject","inLanguage":"de","@id":"https:\/\/www.psi-polymersystems.com\/es\/products\/screen-changer-overview\/continuous-screen-changer\/lv-seal\/#primaryimage","url":"https:\/\/psi-polymersystems.com\/wp-content\/uploads\/2020\/08\/CSC-LV-Seal-b-1024x561.jpg","contentUrl":"https:\/\/psi-polymersystems.com\/wp-content\/uploads\/2020\/08\/CSC-LV-Seal-b-1024x561.jpg"},{"@type":"BreadcrumbList","@id":"https:\/\/www.psi-polymersystems.com\/es\/products\/screen-changer-overview\/continuous-screen-changer\/lv-seal\/#breadcrumb","itemListElement":[{"@type":"ListItem","position":1,"name":"Home","item":"https:\/\/www.psi-polymersystems.com\/"},{"@type":"ListItem","position":2,"name":"Product Overview","item":"https:\/\/www.psi-polymersystems.com\/products\/"},{"@type":"ListItem","position":3,"name":"Screen Changer Overview","item":"https:\/\/www.psi-polymersystems.com\/products\/screen-changer-overview\/"},{"@type":"ListItem","position":4,"name":"Continuous Screen Changer (CSC)","item":"https:\/\/www.psi-polymersystems.com\/products\/screen-changer-overview\/continuous-screen-changer\/"},{"@type":"ListItem","position":5,"name":"LV Seal"}]},{"@type":"WebSite","@id":"https:\/\/www.psi-polymersystems.com\/#website","url":"https:\/\/www.psi-polymersystems.com\/","name":"PSI-Polymer Systems","description":"","publisher":{"@id":"https:\/\/www.psi-polymersystems.com\/#organization"},"potentialAction":[{"@type":"SearchAction","target":{"@type":"EntryPoint","urlTemplate":"https:\/\/www.psi-polymersystems.com\/?s={search_term_string}"},"query-input":{"@type":"PropertyValueSpecification","valueRequired":true,"valueName":"search_term_string"}}],"inLanguage":"de"},{"@type":"Organization","@id":"https:\/\/www.psi-polymersystems.com\/#organization","name":"PSI-Polymer Systems, Inc.","url":"https:\/\/www.psi-polymersystems.com\/","logo":{"@type":"ImageObject","inLanguage":"de","@id":"https:\/\/www.psi-polymersystems.com\/#\/schema\/logo\/image\/","url":"","contentUrl":"","caption":"PSI-Polymer Systems, Inc."},"image":{"@id":"https:\/\/www.psi-polymersystems.com\/#\/schema\/logo\/image\/"},"sameAs":["https:\/\/www.facebook.com\/psipolymersystems\/","https:\/\/www.linkedin.com\/showcase\/psi-polymer-systems"]}]}},"_links":{"self":[{"href":"https:\/\/www.psi-polymersystems.com\/de\/wp-json\/wp\/v2\/pages\/4717","targetHints":{"allow":["GET"]}}],"collection":[{"href":"https:\/\/www.psi-polymersystems.com\/de\/wp-json\/wp\/v2\/pages"}],"about":[{"href":"https:\/\/www.psi-polymersystems.com\/de\/wp-json\/wp\/v2\/types\/page"}],"author":[{"embeddable":true,"href":"https:\/\/www.psi-polymersystems.com\/de\/wp-json\/wp\/v2\/users\/2"}],"replies":[{"embeddable":true,"href":"https:\/\/www.psi-polymersystems.com\/de\/wp-json\/wp\/v2\/comments?post=4717"}],"version-history":[{"count":0,"href":"https:\/\/www.psi-polymersystems.com\/de\/wp-json\/wp\/v2\/pages\/4717\/revisions"}],"up":[{"embeddable":true,"href":"https:\/\/www.psi-polymersystems.com\/de\/wp-json\/wp\/v2\/pages\/7"}],"wp:attachment":[{"href":"https:\/\/www.psi-polymersystems.com\/de\/wp-json\/wp\/v2\/media?parent=4717"}],"curies":[{"name":"wp","href":"https:\/\/api.w.org\/{rel}","templated":true}]}}