{"id":5846,"date":"2020-09-22T12:46:16","date_gmt":"2020-09-22T12:46:16","guid":{"rendered":"https:\/\/psi-polymersystems.com\/?page_id=5846"},"modified":"2022-08-02T14:13:32","modified_gmt":"2022-08-02T14:13:32","slug":"psi-polymer-systems-inc-to-introduce-new-products-for-pvc-applications-at-npe2018-conover-nc-may-7-2018","status":"publish","type":"page","link":"https:\/\/www.psi-polymersystems.com\/de\/about-us\/press-releases\/psi-polymer-systems-inc-to-introduce-new-products-for-pvc-applications-at-npe2018-conover-nc-may-7-2018\/","title":{"rendered":"PSI-Polymer Systems, Inc. stellt neue Produkte f\u00fcr PVC-Anwendungen auf der NPE2018 vor Conover, NC (7. Mai 2018)"},"content":{"rendered":"<div data-elementor-type=\"wp-page\" data-elementor-id=\"5846\" class=\"elementor elementor-5846\" data-elementor-post-type=\"page\">\n\t\t\t\t\t\t<section class=\"elementor-section elementor-top-section elementor-element elementor-element-8200b87 elementor-section-boxed elementor-section-height-default elementor-section-height-default\" data-id=\"8200b87\" data-element_type=\"section\" data-e-type=\"section\">\n\t\t\t\t\t\t<div class=\"elementor-container elementor-column-gap-default\">\n\t\t\t\t\t<div class=\"elementor-column elementor-col-50 elementor-top-column elementor-element elementor-element-34e17ab\" data-id=\"34e17ab\" data-element_type=\"column\" data-e-type=\"column\">\n\t\t\t<div class=\"elementor-widget-wrap elementor-element-populated\">\n\t\t\t\t\t\t<div class=\"elementor-element elementor-element-45303de elementor-widget elementor-widget-heading\" data-id=\"45303de\" data-element_type=\"widget\" data-e-type=\"widget\" data-widget_type=\"heading.default\">\n\t\t\t\t<div class=\"elementor-widget-container\">\n\t\t\t\t\t<h2 class=\"elementor-heading-title elementor-size-default\">PSI-Polymer Systems, Inc. stellt neue Produkte f\u00fcr PVC-Anwendungen auf der NPE2018 vor Conover, NC (7. Mai 2018)<\/h2>\t\t\t\t<\/div>\n\t\t\t\t<\/div>\n\t\t\t\t<div class=\"elementor-element elementor-element-7dd3b0a elementor-widget elementor-widget-text-editor\" data-id=\"7dd3b0a\" data-element_type=\"widget\" data-e-type=\"widget\" data-widget_type=\"text-editor.default\">\n\t\t\t\t<div class=\"elementor-widget-container\">\n\t\t\t\t\t\t\t\t\t<p>PSI-Polymer Systems Inc. (Stand W5791) stellt auf der NPE2018 zwei neue Produkte f\u00fcr PVC-Anwendungen vor. Der neue Siebwechsler und die Zahnradpumpe sind die ersten PSI-Produkte ihrer jeweiligen Art, die speziell f\u00fcr Hartvinyl entwickelt wurden. PVC ist aufgrund seines engen Prozessfensters und der Notwendigkeit eines konstanten, stetigen Flusses ein besonders schwieriges Material, mit dem zu arbeiten ist, was viele Verarbeiter von RPVC davon abh\u00e4lt, \u00fcberhaupt Siebwechsler oder Zahnradpumpen zu verwenden. Die PSI-Neuheiten beseitigen die \u00fcblichen Bedenken der Verarbeiter, Siebwechsler und Zahnradpumpen in ihren Prozess einzubinden.<\/p><p><u>Erweiterungsplatten-Siebwechsler (ESC)<\/u><\/p><p>Siebwechsler werden h\u00e4ufig nicht bei RPVC-Prozessen eingesetzt, da beim Durchlaufen des Materials durch \u00dcberg\u00e4nge oder Stufen Scherw\u00e4rme eingebracht wird und h\u00e4ufig ein lokales Verbrennen des Materials ausl\u00f6st. PSI war jedoch in der Lage, eine Problemumgehung zu entwickeln, die es ihrem zum Patent angemeldeten Expansion Plate Screen Changer erm\u00f6glicht, Temperaturschwankungen von bis zu 20\u201340 \u00b0F zu tolerieren.<\/p><p>\u201eMit unserem ESC haben wir die chemischen Probleme in Bezug auf W\u00e4rme, Fluss und W\u00e4rmeleitf\u00e4higkeit gel\u00f6st, die den Einsatz eines Siebwechslers mit PVC-Formulierungen so herausfordernd machen\u201c, sagt Don Macnamara, General Manager bei PSI. \u201ePSI l\u00f6st seit fast 20 Jahren anspruchsvolle Verarbeitungsprobleme, aber wir sind wirklich stolz auf diese besonders robuste L\u00f6sung.\u201c<\/p><p>Der Siebwechsler wird im Allgemeinen in Blech- und Profilanwendungen eingesetzt und erfordert f\u00fcr einen Siebwechsel eine kurzzeitige Abschaltung, wodurch die Notwendigkeit einer Demontage der Matrize und die daraus resultierenden hohen Ausschussraten, insbesondere bei kleinen Auflagen, entfallen. Der Siebwechsel selbst ist ebenfalls fachm\u00e4nnisch konstruiert, mit SPS-Steuerung von Dehnungsabstandshaltern, die die K\u00f6rperh\u00e4lften von der dazwischen liegenden Gleitplatte trennen. Sobald das verbrauchte Sieb ersetzt wurde, ziehen sich die Abstandsstangen zusammen und bringen die Stahlk\u00f6rperh\u00e4lften wieder fest gegen die Gleitplatte, wodurch eine Abdichtung durch engen Stahl-auf-Stahl-Kontakt wiederhergestellt wird. Der ESC wird standardm\u00e4\u00dfig mit korrosionsbest\u00e4ndigen Edelstahlkomponenten, geraden, verchromten Durchflussbohrungen zur Reduzierung der Oberfl\u00e4chenreibung und Beseitigung von Blockierungsbereichen, identischen, austauschbaren und vor Ort reparierbaren vor- und nachgeschalteten K\u00f6rpern f\u00fcr einfache Reparatur oder Austausch und Null geliefert Gleitringdichtungen, um weniger M\u00f6glichkeiten zu schaffen, dass etwas schief geht. Diese Attribute machen diesen Siebwechsler zus\u00e4tzlich zu seiner bereits beeindruckenden F\u00e4higkeit, in einem \u00e4u\u00dferst anspruchsvollen Prozess erfolgreich zu sein, zuverl\u00e4ssig, langlebig und effizient.<\/p><p><u>Chlorierte Zahnradpumpe (CGP)<\/u><\/p><p>Es sind jedoch nicht nur Siebwechsler, die f\u00fcr RPVC-Anwendungen eher vermieden werden. Auch Schmelzepumpen werden aufgrund der Hitze, die in den Axialspielen der Zahnr\u00e4der und den Schmierzonen der Lager entsteht, normalerweise nicht verwendet. Viele Schmelzepumpen k\u00f6nnen heute Material f\u00f6rdern, das zur Schmierung von Getrieben und Lagern verwendet wird, aber dabei erw\u00e4rmen sie sich im Allgemeinen auf Temperaturen, die f\u00fcr w\u00e4rmeempfindliche Materialien wie RPVC ungeeignet sind. Die neue chlorierte Zahnradpumpe des PSI bietet die L\u00f6sung.<\/p><p>\u201eUnser neues CGP ist sehr effektiv bei der Verwaltung des Temperaturprofils \u00fcber die Schmelzepumpe, das f\u00fcr PVC so entscheidend ist.\u201c sagt Macnamara. \u201eEs hat einige harte Arbeit und mehrere Modifikationen gekostet, aber unser Produkt wird es unseren Kunden, die ein thermisch empfindliches Polymer verwenden, jetzt erm\u00f6glichen, die Vorteile der D\u00fcsendruckstabilisierung, der erh\u00f6hten Leistung und der Reduzierung des Extruderdrucks einer Zahnradpumpe zu nutzen, ohne sich Sorgen um ihr Polymer machen zu m\u00fcssen wird deswegen verkohlen oder sich verschlechtern.\u201c<\/p><p>Das neue Design modifizierte mehrere Komponenten, um die W\u00e4rme\u00fcbertragung zu verbessern und die f\u00fcr eine Zahnradpumpe typischen Temperaturverschiebungen genauer zu kontrollieren. Das Geh\u00e4use und die Seitenplatten der CGP sind f\u00fcr Dampf- oder \u00d6lw\u00e4rmetr\u00e4germedien ummantelt, die in einem Durchgang durch die gesamte Pumpe str\u00f6men. Um die W\u00e4rme aus den Bereichen der Zahnr\u00e4der mit hoher Belastung abzuleiten, verf\u00fcgt das CGP \u00fcber zwei verl\u00e4ngerte Zahnradwellen, die dazu beitragen, die W\u00e4rme von den Lagerzapfen nach au\u00dfen in die k\u00fchleren Dichtungszapfen und dann weiter durch die Dichtungen in die ummantelten Seitenplatten zu \u00fcbertragen. F\u00fcr eine optimale Leitf\u00e4higkeit sind alle Dichtungen in den Seitenplatten enthalten und mit diesen integriert. Zur weiteren W\u00e4rmeregulierung befinden sich im K\u00f6rper platzierte K\u00fchlkan\u00e4le, um die W\u00e4rme von den Au\u00dfendurchmessern der Lager abzuleiten, und gro\u00dfe, ummantelte Seitenplatten sorgen f\u00fcr eine zus\u00e4tzliche W\u00e4rme\u00fcbertragung von den Lagern. Zur Schmierung der Lager und Zahnr\u00e4der verwendetes Entl\u00fcftungsmaterial wird aus dem Prozessfluss \u00fcber interne \u00d6ffnungen zur Au\u00dfenseite der Pumpe in einer konstanten Entl\u00fcftung (ca. 0,011 TP2T Durchfluss) evakuiert.<\/p>\t\t\t\t\t\t\t\t<\/div>\n\t\t\t\t<\/div>\n\t\t\t\t\t<\/div>\n\t\t<\/div>\n\t\t\t\t<div class=\"elementor-column elementor-col-50 elementor-top-column elementor-element elementor-element-7d0998d\" data-id=\"7d0998d\" data-element_type=\"column\" data-e-type=\"column\">\n\t\t\t<div class=\"elementor-widget-wrap\">\n\t\t\t\t\t\t\t<\/div>\n\t\t<\/div>\n\t\t\t\t\t<\/div>\n\t\t<\/section>\n\t\t\t\t<\/div>","protected":false},"excerpt":{"rendered":"<p>PSI-Polymer Systems, Inc. stellt auf der NPE2018 neue Produkte f\u00fcr PVC-Anwendungen vor Conover, NC (7. Mai 2018) PSI-Polymer Systems Inc. (Stand W5791) wird auf der NPE2018 zwei neue Produkte f\u00fcr PVC-Anwendungen vorstellen. Der neue Siebwechsler und die Zahnradpumpe sind die ersten PSI-Produkte ihrer jeweiligen Art, die speziell f\u00fcr Hartvinyl entwickelt wurden. [\u2026]<\/p>","protected":false},"author":2,"featured_media":0,"parent":5833,"menu_order":0,"comment_status":"closed","ping_status":"closed","template":"","meta":{"_monsterinsights_skip_tracking":false,"_monsterinsights_sitenote_active":false,"_monsterinsights_sitenote_note":"","_monsterinsights_sitenote_category":0,"footnotes":""},"class_list":["post-5846","page","type-page","status-publish","hentry"],"yoast_head":"<!-- This site is optimized with the Yoast SEO Premium plugin v25.0 (Yoast SEO v25.0) - https:\/\/yoast.com\/wordpress\/plugins\/seo\/ -->\n<title>PSI-Polymer Systems, Inc. To Introduce New Products For PVC Applications at NPE2018 Conover, NC (May 7, 2018) - PSI-Polymer Systems<\/title>\n<meta name=\"robots\" content=\"index, follow, max-snippet:-1, max-image-preview:large, max-video-preview:-1\" \/>\n<link rel=\"canonical\" href=\"https:\/\/www.psi-polymersystems.com\/de\/about-us\/press-releases\/psi-polymer-systems-inc-to-introduce-new-products-for-pvc-applications-at-npe2018-conover-nc-may-7-2018\/\" \/>\n<meta property=\"og:locale\" content=\"de_DE\" \/>\n<meta property=\"og:type\" content=\"article\" \/>\n<meta property=\"og:title\" content=\"PSI-Polymer Systems, Inc. To Introduce New Products For PVC Applications at NPE2018 Conover, NC (May 7, 2018)\" \/>\n<meta property=\"og:description\" content=\"PSI-Polymer Systems, Inc. To Introduce New Products For PVC Applications at NPE2018 Conover, NC (May 7, 2018) PSI-Polymer Systems Inc. (booth W5791) will\" \/>\n<meta property=\"og:url\" content=\"https:\/\/www.psi-polymersystems.com\/de\/about-us\/press-releases\/psi-polymer-systems-inc-to-introduce-new-products-for-pvc-applications-at-npe2018-conover-nc-may-7-2018\/\" \/>\n<meta property=\"og:site_name\" content=\"PSI-Polymer Systems\" \/>\n<meta property=\"article:publisher\" content=\"https:\/\/www.facebook.com\/psipolymersystems\/\" \/>\n<meta property=\"article:modified_time\" content=\"2022-08-02T14:13:32+00:00\" \/>\n<meta name=\"twitter:card\" content=\"summary_large_image\" \/>\n<meta name=\"twitter:label1\" content=\"Gesch\u00e4tzte Lesezeit\" \/>\n\t<meta name=\"twitter:data1\" content=\"4\u00a0Minuten\" \/>\n<script type=\"application\/ld+json\" class=\"yoast-schema-graph\">{\"@context\":\"https:\/\/schema.org\",\"@graph\":[{\"@type\":\"WebPage\",\"@id\":\"https:\/\/www.psi-polymersystems.com\/es\/about-us\/press-releases\/psi-polymer-systems-inc-to-introduce-new-products-for-pvc-applications-at-npe2018-conover-nc-may-7-2018\/\",\"url\":\"https:\/\/www.psi-polymersystems.com\/es\/about-us\/press-releases\/psi-polymer-systems-inc-to-introduce-new-products-for-pvc-applications-at-npe2018-conover-nc-may-7-2018\/\",\"name\":\"PSI-Polymer Systems, Inc. To Introduce New Products For PVC Applications at NPE2018 Conover, NC (May 7, 2018) - PSI-Polymer Systems\",\"isPartOf\":{\"@id\":\"https:\/\/www.psi-polymersystems.com\/#website\"},\"datePublished\":\"2020-09-22T12:46:16+00:00\",\"dateModified\":\"2022-08-02T14:13:32+00:00\",\"breadcrumb\":{\"@id\":\"https:\/\/www.psi-polymersystems.com\/es\/about-us\/press-releases\/psi-polymer-systems-inc-to-introduce-new-products-for-pvc-applications-at-npe2018-conover-nc-may-7-2018\/#breadcrumb\"},\"inLanguage\":\"de\",\"potentialAction\":[{\"@type\":\"ReadAction\",\"target\":[\"https:\/\/www.psi-polymersystems.com\/es\/about-us\/press-releases\/psi-polymer-systems-inc-to-introduce-new-products-for-pvc-applications-at-npe2018-conover-nc-may-7-2018\/\"]}]},{\"@type\":\"BreadcrumbList\",\"@id\":\"https:\/\/www.psi-polymersystems.com\/es\/about-us\/press-releases\/psi-polymer-systems-inc-to-introduce-new-products-for-pvc-applications-at-npe2018-conover-nc-may-7-2018\/#breadcrumb\",\"itemListElement\":[{\"@type\":\"ListItem\",\"position\":1,\"name\":\"Home\",\"item\":\"https:\/\/www.psi-polymersystems.com\/\"},{\"@type\":\"ListItem\",\"position\":2,\"name\":\"About Us\",\"item\":\"https:\/\/www.psi-polymersystems.com\/about-us\/\"},{\"@type\":\"ListItem\",\"position\":3,\"name\":\"Press Releases\",\"item\":\"https:\/\/www.psi-polymersystems.com\/about-us\/press-releases\/\"},{\"@type\":\"ListItem\",\"position\":4,\"name\":\"PSI-Polymer Systems, Inc. To Introduce New Products For PVC Applications at NPE2018 Conover, NC (May 7, 2018)\"}]},{\"@type\":\"WebSite\",\"@id\":\"https:\/\/www.psi-polymersystems.com\/#website\",\"url\":\"https:\/\/www.psi-polymersystems.com\/\",\"name\":\"PSI-Polymer Systems\",\"description\":\"\",\"publisher\":{\"@id\":\"https:\/\/www.psi-polymersystems.com\/#organization\"},\"potentialAction\":[{\"@type\":\"SearchAction\",\"target\":{\"@type\":\"EntryPoint\",\"urlTemplate\":\"https:\/\/www.psi-polymersystems.com\/?s={search_term_string}\"},\"query-input\":{\"@type\":\"PropertyValueSpecification\",\"valueRequired\":true,\"valueName\":\"search_term_string\"}}],\"inLanguage\":\"de\"},{\"@type\":\"Organization\",\"@id\":\"https:\/\/www.psi-polymersystems.com\/#organization\",\"name\":\"PSI-Polymer Systems, Inc.\",\"url\":\"https:\/\/www.psi-polymersystems.com\/\",\"logo\":{\"@type\":\"ImageObject\",\"inLanguage\":\"de\",\"@id\":\"https:\/\/www.psi-polymersystems.com\/#\/schema\/logo\/image\/\",\"url\":\"\",\"contentUrl\":\"\",\"caption\":\"PSI-Polymer Systems, Inc.\"},\"image\":{\"@id\":\"https:\/\/www.psi-polymersystems.com\/#\/schema\/logo\/image\/\"},\"sameAs\":[\"https:\/\/www.facebook.com\/psipolymersystems\/\",\"https:\/\/www.linkedin.com\/showcase\/psi-polymer-systems\"]}]}<\/script>\n<!-- \/ Yoast SEO Premium plugin. -->","yoast_head_json":{"title":"PSI-Polymer Systems, Inc. To Introduce New Products For PVC Applications at NPE2018 Conover, NC (May 7, 2018) - PSI-Polymer Systems","robots":{"index":"index","follow":"follow","max-snippet":"max-snippet:-1","max-image-preview":"max-image-preview:large","max-video-preview":"max-video-preview:-1"},"canonical":"https:\/\/www.psi-polymersystems.com\/de\/about-us\/press-releases\/psi-polymer-systems-inc-to-introduce-new-products-for-pvc-applications-at-npe2018-conover-nc-may-7-2018\/","og_locale":"de_DE","og_type":"article","og_title":"PSI-Polymer Systems, Inc. To Introduce New Products For PVC Applications at NPE2018 Conover, NC (May 7, 2018)","og_description":"PSI-Polymer Systems, Inc. To Introduce New Products For PVC Applications at NPE2018 Conover, NC (May 7, 2018) PSI-Polymer Systems Inc. (booth W5791) will","og_url":"https:\/\/www.psi-polymersystems.com\/de\/about-us\/press-releases\/psi-polymer-systems-inc-to-introduce-new-products-for-pvc-applications-at-npe2018-conover-nc-may-7-2018\/","og_site_name":"PSI-Polymer Systems","article_publisher":"https:\/\/www.facebook.com\/psipolymersystems\/","article_modified_time":"2022-08-02T14:13:32+00:00","twitter_card":"summary_large_image","twitter_misc":{"Gesch\u00e4tzte Lesezeit":"4\u00a0Minuten"},"schema":{"@context":"https:\/\/schema.org","@graph":[{"@type":"WebPage","@id":"https:\/\/www.psi-polymersystems.com\/es\/about-us\/press-releases\/psi-polymer-systems-inc-to-introduce-new-products-for-pvc-applications-at-npe2018-conover-nc-may-7-2018\/","url":"https:\/\/www.psi-polymersystems.com\/es\/about-us\/press-releases\/psi-polymer-systems-inc-to-introduce-new-products-for-pvc-applications-at-npe2018-conover-nc-may-7-2018\/","name":"PSI-Polymer Systems, Inc. To Introduce New Products For PVC Applications at NPE2018 Conover, NC (May 7, 2018) - PSI-Polymer Systems","isPartOf":{"@id":"https:\/\/www.psi-polymersystems.com\/#website"},"datePublished":"2020-09-22T12:46:16+00:00","dateModified":"2022-08-02T14:13:32+00:00","breadcrumb":{"@id":"https:\/\/www.psi-polymersystems.com\/es\/about-us\/press-releases\/psi-polymer-systems-inc-to-introduce-new-products-for-pvc-applications-at-npe2018-conover-nc-may-7-2018\/#breadcrumb"},"inLanguage":"de","potentialAction":[{"@type":"ReadAction","target":["https:\/\/www.psi-polymersystems.com\/es\/about-us\/press-releases\/psi-polymer-systems-inc-to-introduce-new-products-for-pvc-applications-at-npe2018-conover-nc-may-7-2018\/"]}]},{"@type":"BreadcrumbList","@id":"https:\/\/www.psi-polymersystems.com\/es\/about-us\/press-releases\/psi-polymer-systems-inc-to-introduce-new-products-for-pvc-applications-at-npe2018-conover-nc-may-7-2018\/#breadcrumb","itemListElement":[{"@type":"ListItem","position":1,"name":"Home","item":"https:\/\/www.psi-polymersystems.com\/"},{"@type":"ListItem","position":2,"name":"About Us","item":"https:\/\/www.psi-polymersystems.com\/about-us\/"},{"@type":"ListItem","position":3,"name":"Press Releases","item":"https:\/\/www.psi-polymersystems.com\/about-us\/press-releases\/"},{"@type":"ListItem","position":4,"name":"PSI-Polymer Systems, Inc. To Introduce New Products For PVC Applications at NPE2018 Conover, NC (May 7, 2018)"}]},{"@type":"WebSite","@id":"https:\/\/www.psi-polymersystems.com\/#website","url":"https:\/\/www.psi-polymersystems.com\/","name":"PSI-Polymer Systems","description":"","publisher":{"@id":"https:\/\/www.psi-polymersystems.com\/#organization"},"potentialAction":[{"@type":"SearchAction","target":{"@type":"EntryPoint","urlTemplate":"https:\/\/www.psi-polymersystems.com\/?s={search_term_string}"},"query-input":{"@type":"PropertyValueSpecification","valueRequired":true,"valueName":"search_term_string"}}],"inLanguage":"de"},{"@type":"Organization","@id":"https:\/\/www.psi-polymersystems.com\/#organization","name":"PSI-Polymer Systems, Inc.","url":"https:\/\/www.psi-polymersystems.com\/","logo":{"@type":"ImageObject","inLanguage":"de","@id":"https:\/\/www.psi-polymersystems.com\/#\/schema\/logo\/image\/","url":"","contentUrl":"","caption":"PSI-Polymer Systems, Inc."},"image":{"@id":"https:\/\/www.psi-polymersystems.com\/#\/schema\/logo\/image\/"},"sameAs":["https:\/\/www.facebook.com\/psipolymersystems\/","https:\/\/www.linkedin.com\/showcase\/psi-polymer-systems"]}]}},"_links":{"self":[{"href":"https:\/\/www.psi-polymersystems.com\/de\/wp-json\/wp\/v2\/pages\/5846","targetHints":{"allow":["GET"]}}],"collection":[{"href":"https:\/\/www.psi-polymersystems.com\/de\/wp-json\/wp\/v2\/pages"}],"about":[{"href":"https:\/\/www.psi-polymersystems.com\/de\/wp-json\/wp\/v2\/types\/page"}],"author":[{"embeddable":true,"href":"https:\/\/www.psi-polymersystems.com\/de\/wp-json\/wp\/v2\/users\/2"}],"replies":[{"embeddable":true,"href":"https:\/\/www.psi-polymersystems.com\/de\/wp-json\/wp\/v2\/comments?post=5846"}],"version-history":[{"count":0,"href":"https:\/\/www.psi-polymersystems.com\/de\/wp-json\/wp\/v2\/pages\/5846\/revisions"}],"up":[{"embeddable":true,"href":"https:\/\/www.psi-polymersystems.com\/de\/wp-json\/wp\/v2\/pages\/5833"}],"wp:attachment":[{"href":"https:\/\/www.psi-polymersystems.com\/de\/wp-json\/wp\/v2\/media?parent=5846"}],"curies":[{"name":"wp","href":"https:\/\/api.w.org\/{rel}","templated":true}]}}