{"id":5929,"date":"2020-09-22T20:24:40","date_gmt":"2020-09-22T20:24:40","guid":{"rendered":"https:\/\/psi-polymersystems.com\/?page_id=5929"},"modified":"2020-09-22T20:27:21","modified_gmt":"2020-09-22T20:27:21","slug":"psi-polymer-systems-inc-to-feature-quick-shift-die-changer-at-npe-2015-conover-nc-january-16-2015","status":"publish","type":"page","link":"https:\/\/www.psi-polymersystems.com\/de\/about-us\/press-releases\/psi-polymer-systems-inc-to-feature-quick-shift-die-changer-at-npe-2015-conover-nc-january-16-2015\/","title":{"rendered":"PSI-Polymer Systems Inc. pr\u00e4sentiert Quick-Shift-Werkzeugwechsler auf der NPE 2015 in Conover, NC (16. Januar 2015)"},"content":{"rendered":"<div data-elementor-type=\"wp-page\" data-elementor-id=\"5929\" class=\"elementor elementor-5929\" data-elementor-post-type=\"page\">\n\t\t\t\t\t\t<section class=\"elementor-section elementor-top-section elementor-element elementor-element-116b3cf4 elementor-section-boxed elementor-section-height-default elementor-section-height-default\" data-id=\"116b3cf4\" data-element_type=\"section\" data-e-type=\"section\">\n\t\t\t\t\t\t<div class=\"elementor-container elementor-column-gap-default\">\n\t\t\t\t\t<div class=\"elementor-column elementor-col-50 elementor-top-column elementor-element elementor-element-168378fc\" data-id=\"168378fc\" data-element_type=\"column\" data-e-type=\"column\">\n\t\t\t<div class=\"elementor-widget-wrap elementor-element-populated\">\n\t\t\t\t\t\t<div class=\"elementor-element elementor-element-994329c elementor-widget elementor-widget-heading\" data-id=\"994329c\" data-element_type=\"widget\" data-e-type=\"widget\" data-widget_type=\"heading.default\">\n\t\t\t\t<div class=\"elementor-widget-container\">\n\t\t\t\t\t<h2 class=\"elementor-heading-title elementor-size-default\">PSI-Polymer Systems, Inc. pr\u00e4sentiert Quick-Shift-Werkzeugwechsler auf der NPE 2015 Conover, NC (16. Januar 2015)<\/h2>\t\t\t\t<\/div>\n\t\t\t\t<\/div>\n\t\t\t\t<div class=\"elementor-element elementor-element-692fc150 elementor-widget elementor-widget-text-editor\" data-id=\"692fc150\" data-element_type=\"widget\" data-e-type=\"widget\" data-widget_type=\"text-editor.default\">\n\t\t\t\t<div class=\"elementor-widget-container\">\n\t\t\t\t\t\t\t\t\t<p>Stand Nr. W6287, NPE2015, Orange County Convention Center, Orlando, FL \u2013 23.\u201327. M\u00e4rz<\/p><p>PSI-Polymer Systems wird an seinem Stand auf der NPE 2015 zahlreiche Produkte vorstellen, die alle Extruder und Recycler dabei unterst\u00fctzen, qualitativ hochwertigere Produkte effizienter herzustellen. Ein vorgestelltes Produkt auf dem PSI-Stand ist der Quick-Shift Die Changer.\u00a0<\/p><p>Der neue hydraulische Werkzeugwechsler (HDC) von PSI verwendet eine Schnellwechsel-Schieberplatte, um die Werkzeugk\u00f6pfe an einem einzelnen Extruder auszutauschen. Das innovative, zum Patent angemeldete System eignet sich ideal f\u00fcr Linien, die w\u00e4hrend des Werkzeugwechsels gesp\u00fclt werden m\u00fcssen, wie z. B. Schaumfolienbetriebe, oder f\u00fcr Chargenbetriebe, bei denen reduzierte Umr\u00fcstzeiten direkt zu einer h\u00f6heren Leistung und Kosteneinsparungen durch Abfall- und Arbeitsreduzierung f\u00fchren.<\/p><p>Das Ger\u00e4t bietet eine Vorheizzone f\u00fcr die neue Matrize und verwendet ein Hydraulikaggregat, um die Matrize online zu schalten, wodurch die Umr\u00fcstzeiten effektiv von 1 Stunde auf 1 Minute reduziert werden. Das aktuelle Modell wurde f\u00fcr beengte Platzverh\u00e4ltnisse entwickelt und kann 12-Zoll- und 18-Zoll-Ringmatrizen aufnehmen. Kundenspezifische Versionen sind f\u00fcr praktisch jeden Extrusionsprozess erh\u00e4ltlich, wie z. B. Rohre und Profile, bei denen die Matrizen routinem\u00e4\u00dfig ausgewechselt werden.<\/p>\t\t\t\t\t\t\t\t<\/div>\n\t\t\t\t<\/div>\n\t\t\t\t\t<\/div>\n\t\t<\/div>\n\t\t\t\t<div class=\"elementor-column elementor-col-50 elementor-top-column elementor-element elementor-element-47dd5702\" data-id=\"47dd5702\" data-element_type=\"column\" data-e-type=\"column\">\n\t\t\t<div class=\"elementor-widget-wrap\">\n\t\t\t\t\t\t\t<\/div>\n\t\t<\/div>\n\t\t\t\t\t<\/div>\n\t\t<\/section>\n\t\t\t\t<\/div>","protected":false},"excerpt":{"rendered":"<p>PSI-Polymer Systems, Inc. pr\u00e4sentiert Quick-Shift-Werkzeugwechsler auf der NPE 2015 in Conover, NC (16. Januar 2015), Stand Nr. W6287, NPE2015, Orange County Convention Center, Orlando, FL \u2013 23.\u201327. M\u00e4rz PSI-Polymer Systems wird zahlreiche Produkte an seinem Stand auf der NPE 2015 pr\u00e4sentieren, die alle Extruder und Recycler dabei unterst\u00fctzen, qualitativ hochwertigere Produkte effizienter herzustellen. Einer [\u2026]<\/p>","protected":false},"author":2,"featured_media":0,"parent":5833,"menu_order":0,"comment_status":"closed","ping_status":"closed","template":"","meta":{"_monsterinsights_skip_tracking":false,"_monsterinsights_sitenote_active":false,"_monsterinsights_sitenote_note":"","_monsterinsights_sitenote_category":0,"footnotes":""},"class_list":["post-5929","page","type-page","status-publish","hentry"],"yoast_head":"<!-- This site is optimized with the Yoast SEO Premium plugin v25.0 (Yoast SEO v25.0) - https:\/\/yoast.com\/wordpress\/plugins\/seo\/ -->\n<title>PSI-Polymer Systems Inc. to Feature Quick-Shift Die Changer at NPE 2015Conover, NC (January 16, 2015) - PSI-Polymer Systems<\/title>\n<meta name=\"robots\" content=\"index, follow, max-snippet:-1, max-image-preview:large, max-video-preview:-1\" \/>\n<link rel=\"canonical\" href=\"https:\/\/www.psi-polymersystems.com\/de\/about-us\/press-releases\/psi-polymer-systems-inc-to-feature-quick-shift-die-changer-at-npe-2015-conover-nc-january-16-2015\/\" \/>\n<meta property=\"og:locale\" content=\"de_DE\" \/>\n<meta property=\"og:type\" content=\"article\" \/>\n<meta property=\"og:title\" content=\"PSI-Polymer Systems Inc. to Feature Quick-Shift Die Changer at NPE 2015Conover, NC (January 16, 2015)\" \/>\n<meta property=\"og:description\" content=\"PSI-Polymer Systems, Inc. to Feature Quick-shift Die Changer at NPE 2015 Conover, NC (January 16, 2015) Booth No. W6287, NPE2015, Orange County Convention\" \/>\n<meta property=\"og:url\" content=\"https:\/\/www.psi-polymersystems.com\/de\/about-us\/press-releases\/psi-polymer-systems-inc-to-feature-quick-shift-die-changer-at-npe-2015-conover-nc-january-16-2015\/\" \/>\n<meta property=\"og:site_name\" content=\"PSI-Polymer Systems\" \/>\n<meta property=\"article:publisher\" content=\"https:\/\/www.facebook.com\/psipolymersystems\/\" \/>\n<meta property=\"article:modified_time\" content=\"2020-09-22T20:27:21+00:00\" \/>\n<meta name=\"twitter:card\" content=\"summary_large_image\" \/>\n<meta name=\"twitter:label1\" content=\"Gesch\u00e4tzte Lesezeit\" \/>\n\t<meta name=\"twitter:data1\" content=\"1\u00a0Minute\" \/>\n<script type=\"application\/ld+json\" class=\"yoast-schema-graph\">{\"@context\":\"https:\/\/schema.org\",\"@graph\":[{\"@type\":\"WebPage\",\"@id\":\"https:\/\/www.psi-polymersystems.com\/es\/about-us\/press-releases\/psi-polymer-systems-inc-to-feature-quick-shift-die-changer-at-npe-2015-conover-nc-january-16-2015\/\",\"url\":\"https:\/\/www.psi-polymersystems.com\/es\/about-us\/press-releases\/psi-polymer-systems-inc-to-feature-quick-shift-die-changer-at-npe-2015-conover-nc-january-16-2015\/\",\"name\":\"PSI-Polymer Systems Inc. to Feature Quick-Shift Die Changer at NPE 2015Conover, NC (January 16, 2015) - PSI-Polymer Systems\",\"isPartOf\":{\"@id\":\"https:\/\/www.psi-polymersystems.com\/#website\"},\"datePublished\":\"2020-09-22T20:24:40+00:00\",\"dateModified\":\"2020-09-22T20:27:21+00:00\",\"breadcrumb\":{\"@id\":\"https:\/\/www.psi-polymersystems.com\/es\/about-us\/press-releases\/psi-polymer-systems-inc-to-feature-quick-shift-die-changer-at-npe-2015-conover-nc-january-16-2015\/#breadcrumb\"},\"inLanguage\":\"de\",\"potentialAction\":[{\"@type\":\"ReadAction\",\"target\":[\"https:\/\/www.psi-polymersystems.com\/es\/about-us\/press-releases\/psi-polymer-systems-inc-to-feature-quick-shift-die-changer-at-npe-2015-conover-nc-january-16-2015\/\"]}]},{\"@type\":\"BreadcrumbList\",\"@id\":\"https:\/\/www.psi-polymersystems.com\/es\/about-us\/press-releases\/psi-polymer-systems-inc-to-feature-quick-shift-die-changer-at-npe-2015-conover-nc-january-16-2015\/#breadcrumb\",\"itemListElement\":[{\"@type\":\"ListItem\",\"position\":1,\"name\":\"Home\",\"item\":\"https:\/\/www.psi-polymersystems.com\/\"},{\"@type\":\"ListItem\",\"position\":2,\"name\":\"About Us\",\"item\":\"https:\/\/www.psi-polymersystems.com\/about-us\/\"},{\"@type\":\"ListItem\",\"position\":3,\"name\":\"Press Releases\",\"item\":\"https:\/\/www.psi-polymersystems.com\/about-us\/press-releases\/\"},{\"@type\":\"ListItem\",\"position\":4,\"name\":\"PSI-Polymer Systems Inc. to Feature Quick-Shift Die Changer at NPE 2015Conover, NC (January 16, 2015)\"}]},{\"@type\":\"WebSite\",\"@id\":\"https:\/\/www.psi-polymersystems.com\/#website\",\"url\":\"https:\/\/www.psi-polymersystems.com\/\",\"name\":\"PSI-Polymer Systems\",\"description\":\"\",\"publisher\":{\"@id\":\"https:\/\/www.psi-polymersystems.com\/#organization\"},\"potentialAction\":[{\"@type\":\"SearchAction\",\"target\":{\"@type\":\"EntryPoint\",\"urlTemplate\":\"https:\/\/www.psi-polymersystems.com\/?s={search_term_string}\"},\"query-input\":{\"@type\":\"PropertyValueSpecification\",\"valueRequired\":true,\"valueName\":\"search_term_string\"}}],\"inLanguage\":\"de\"},{\"@type\":\"Organization\",\"@id\":\"https:\/\/www.psi-polymersystems.com\/#organization\",\"name\":\"PSI-Polymer Systems, Inc.\",\"url\":\"https:\/\/www.psi-polymersystems.com\/\",\"logo\":{\"@type\":\"ImageObject\",\"inLanguage\":\"de\",\"@id\":\"https:\/\/www.psi-polymersystems.com\/#\/schema\/logo\/image\/\",\"url\":\"\",\"contentUrl\":\"\",\"caption\":\"PSI-Polymer Systems, Inc.\"},\"image\":{\"@id\":\"https:\/\/www.psi-polymersystems.com\/#\/schema\/logo\/image\/\"},\"sameAs\":[\"https:\/\/www.facebook.com\/psipolymersystems\/\",\"https:\/\/www.linkedin.com\/showcase\/psi-polymer-systems\"]}]}<\/script>\n<!-- \/ Yoast SEO Premium plugin. -->","yoast_head_json":{"title":"PSI-Polymer Systems Inc. to Feature Quick-Shift Die Changer at NPE 2015Conover, NC (January 16, 2015) - PSI-Polymer Systems","robots":{"index":"index","follow":"follow","max-snippet":"max-snippet:-1","max-image-preview":"max-image-preview:large","max-video-preview":"max-video-preview:-1"},"canonical":"https:\/\/www.psi-polymersystems.com\/de\/about-us\/press-releases\/psi-polymer-systems-inc-to-feature-quick-shift-die-changer-at-npe-2015-conover-nc-january-16-2015\/","og_locale":"de_DE","og_type":"article","og_title":"PSI-Polymer Systems Inc. to Feature Quick-Shift Die Changer at NPE 2015Conover, NC (January 16, 2015)","og_description":"PSI-Polymer Systems, Inc. to Feature Quick-shift Die Changer at NPE 2015 Conover, NC (January 16, 2015) Booth No. W6287, NPE2015, Orange County Convention","og_url":"https:\/\/www.psi-polymersystems.com\/de\/about-us\/press-releases\/psi-polymer-systems-inc-to-feature-quick-shift-die-changer-at-npe-2015-conover-nc-january-16-2015\/","og_site_name":"PSI-Polymer Systems","article_publisher":"https:\/\/www.facebook.com\/psipolymersystems\/","article_modified_time":"2020-09-22T20:27:21+00:00","twitter_card":"summary_large_image","twitter_misc":{"Gesch\u00e4tzte Lesezeit":"1\u00a0Minute"},"schema":{"@context":"https:\/\/schema.org","@graph":[{"@type":"WebPage","@id":"https:\/\/www.psi-polymersystems.com\/es\/about-us\/press-releases\/psi-polymer-systems-inc-to-feature-quick-shift-die-changer-at-npe-2015-conover-nc-january-16-2015\/","url":"https:\/\/www.psi-polymersystems.com\/es\/about-us\/press-releases\/psi-polymer-systems-inc-to-feature-quick-shift-die-changer-at-npe-2015-conover-nc-january-16-2015\/","name":"PSI-Polymer Systems Inc. to Feature Quick-Shift Die Changer at NPE 2015Conover, NC (January 16, 2015) - PSI-Polymer Systems","isPartOf":{"@id":"https:\/\/www.psi-polymersystems.com\/#website"},"datePublished":"2020-09-22T20:24:40+00:00","dateModified":"2020-09-22T20:27:21+00:00","breadcrumb":{"@id":"https:\/\/www.psi-polymersystems.com\/es\/about-us\/press-releases\/psi-polymer-systems-inc-to-feature-quick-shift-die-changer-at-npe-2015-conover-nc-january-16-2015\/#breadcrumb"},"inLanguage":"de","potentialAction":[{"@type":"ReadAction","target":["https:\/\/www.psi-polymersystems.com\/es\/about-us\/press-releases\/psi-polymer-systems-inc-to-feature-quick-shift-die-changer-at-npe-2015-conover-nc-january-16-2015\/"]}]},{"@type":"BreadcrumbList","@id":"https:\/\/www.psi-polymersystems.com\/es\/about-us\/press-releases\/psi-polymer-systems-inc-to-feature-quick-shift-die-changer-at-npe-2015-conover-nc-january-16-2015\/#breadcrumb","itemListElement":[{"@type":"ListItem","position":1,"name":"Home","item":"https:\/\/www.psi-polymersystems.com\/"},{"@type":"ListItem","position":2,"name":"About Us","item":"https:\/\/www.psi-polymersystems.com\/about-us\/"},{"@type":"ListItem","position":3,"name":"Press Releases","item":"https:\/\/www.psi-polymersystems.com\/about-us\/press-releases\/"},{"@type":"ListItem","position":4,"name":"PSI-Polymer Systems Inc. to Feature Quick-Shift Die Changer at NPE 2015Conover, NC (January 16, 2015)"}]},{"@type":"WebSite","@id":"https:\/\/www.psi-polymersystems.com\/#website","url":"https:\/\/www.psi-polymersystems.com\/","name":"PSI-Polymer Systems","description":"","publisher":{"@id":"https:\/\/www.psi-polymersystems.com\/#organization"},"potentialAction":[{"@type":"SearchAction","target":{"@type":"EntryPoint","urlTemplate":"https:\/\/www.psi-polymersystems.com\/?s={search_term_string}"},"query-input":{"@type":"PropertyValueSpecification","valueRequired":true,"valueName":"search_term_string"}}],"inLanguage":"de"},{"@type":"Organization","@id":"https:\/\/www.psi-polymersystems.com\/#organization","name":"PSI-Polymer Systems, Inc.","url":"https:\/\/www.psi-polymersystems.com\/","logo":{"@type":"ImageObject","inLanguage":"de","@id":"https:\/\/www.psi-polymersystems.com\/#\/schema\/logo\/image\/","url":"","contentUrl":"","caption":"PSI-Polymer Systems, Inc."},"image":{"@id":"https:\/\/www.psi-polymersystems.com\/#\/schema\/logo\/image\/"},"sameAs":["https:\/\/www.facebook.com\/psipolymersystems\/","https:\/\/www.linkedin.com\/showcase\/psi-polymer-systems"]}]}},"_links":{"self":[{"href":"https:\/\/www.psi-polymersystems.com\/de\/wp-json\/wp\/v2\/pages\/5929","targetHints":{"allow":["GET"]}}],"collection":[{"href":"https:\/\/www.psi-polymersystems.com\/de\/wp-json\/wp\/v2\/pages"}],"about":[{"href":"https:\/\/www.psi-polymersystems.com\/de\/wp-json\/wp\/v2\/types\/page"}],"author":[{"embeddable":true,"href":"https:\/\/www.psi-polymersystems.com\/de\/wp-json\/wp\/v2\/users\/2"}],"replies":[{"embeddable":true,"href":"https:\/\/www.psi-polymersystems.com\/de\/wp-json\/wp\/v2\/comments?post=5929"}],"version-history":[{"count":0,"href":"https:\/\/www.psi-polymersystems.com\/de\/wp-json\/wp\/v2\/pages\/5929\/revisions"}],"up":[{"embeddable":true,"href":"https:\/\/www.psi-polymersystems.com\/de\/wp-json\/wp\/v2\/pages\/5833"}],"wp:attachment":[{"href":"https:\/\/www.psi-polymersystems.com\/de\/wp-json\/wp\/v2\/media?parent=5929"}],"curies":[{"name":"wp","href":"https:\/\/api.w.org\/{rel}","templated":true}]}}