{"id":5994,"date":"2020-09-23T14:05:05","date_gmt":"2020-09-23T14:05:05","guid":{"rendered":"https:\/\/psi-polymersystems.com\/?page_id=5994"},"modified":"2020-09-23T14:06:14","modified_gmt":"2020-09-23T14:06:14","slug":"psi-polymer-systems-inc-screen-changers-and-gear-pumps-increase-quality-for-challenging-solar-cell-applications-conover-nc-march-9-2015","status":"publish","type":"page","link":"https:\/\/www.psi-polymersystems.com\/de\/about-us\/press-releases\/psi-polymer-systems-inc-screen-changers-and-gear-pumps-increase-quality-for-challenging-solar-cell-applications-conover-nc-march-9-2015\/","title":{"rendered":"PSI-Polymer Systems Inc. Siebwechsler und Zahnradpumpen steigern die Qualit\u00e4t f\u00fcr anspruchsvolle Solarzellenanwendungen Conover, NC (9. M\u00e4rz 2015"},"content":{"rendered":"<div data-elementor-type=\"wp-page\" data-elementor-id=\"5994\" class=\"elementor elementor-5994\" data-elementor-post-type=\"page\">\n\t\t\t\t\t\t<section class=\"elementor-section elementor-top-section elementor-element elementor-element-7ebf9c2c elementor-section-boxed elementor-section-height-default elementor-section-height-default\" data-id=\"7ebf9c2c\" data-element_type=\"section\" data-e-type=\"section\">\n\t\t\t\t\t\t<div class=\"elementor-container elementor-column-gap-default\">\n\t\t\t\t\t<div class=\"elementor-column elementor-col-50 elementor-top-column elementor-element elementor-element-574f61d9\" data-id=\"574f61d9\" data-element_type=\"column\" data-e-type=\"column\">\n\t\t\t<div class=\"elementor-widget-wrap elementor-element-populated\">\n\t\t\t\t\t\t<div class=\"elementor-element elementor-element-52b7b1f6 elementor-widget elementor-widget-heading\" data-id=\"52b7b1f6\" data-element_type=\"widget\" data-e-type=\"widget\" data-widget_type=\"heading.default\">\n\t\t\t\t<div class=\"elementor-widget-container\">\n\t\t\t\t\t<h2 class=\"elementor-heading-title elementor-size-default\">PSI-Polymer Systems Inc. Siebwechsler und Zahnradpumpen steigern die Qualit\u00e4t f\u00fcr anspruchsvolle Solarzellenanwendungen Conover, NC (9. M\u00e4rz 2015)<\/h2>\t\t\t\t<\/div>\n\t\t\t\t<\/div>\n\t\t\t\t<div class=\"elementor-element elementor-element-1d5518c6 elementor-widget elementor-widget-text-editor\" data-id=\"1d5518c6\" data-element_type=\"widget\" data-e-type=\"widget\" data-widget_type=\"text-editor.default\">\n\t\t\t\t<div class=\"elementor-widget-container\">\n\t\t\t\t\t\t\t\t\t<p>In letzter Zeit besteht in der Industrie eine erh\u00f6hte Nachfrage nach Folien aus vernetztem Material (EVA), die haupts\u00e4chlich bei der Herstellung von Solarzellen verwendet werden. Diese Anwendung ist aufgrund der hohen Schmelztemperatur des Materials und der strengen Anforderungen an die Ebenheit des Endprodukts eine besondere Herausforderung f\u00fcr Extrusionsschmelzepumpen und Siebwechsler.<\/p><p>PSI hat k\u00fcrzlich Zahnradpumpen und Siebwechsler an einen f\u00fchrenden Lieferanten geliefert, der erfolgreich gro\u00dfe Mengen dieser Materialien produziert. PSI ist in einer einzigartigen Position, um die Anforderungen dieses schnell wachsenden Segments der Industrie zu erf\u00fcllen. Sie betreiben bereits viele Schmelzepumpen und Siebwechsler, die \u00e4hnliche Anforderungen an PEX-Rohre und PEX-Compounding-Anwendungen stellen, wodurch sie \u00fcber umfangreiches Wissen und Erfahrung mit vernetzten Materialien verf\u00fcgen. Die Schmelzepumpe f\u00fcr diese spezielle Anwendung wurde entwickelt, um die Gesamttemperatur der Schmelze zu senken und eine Vernetzung des Materials zu verhindern. Es hat zahlreiche Eigenschaften, die es zu einer idealen Passform machen. Zu den Funktionen geh\u00f6ren:<\/p><ul><li>W\u00e4rme-\/K\u00fchlkan\u00e4le innerhalb der Pumpen, um \u00fcberm\u00e4\u00dfige W\u00e4rme von den Gleitlagern abzuf\u00fchren und Temperaturgradienten \u00fcber die Pumpenk\u00f6rper hinweg auszugleichen;<\/li><li>Entl\u00fcftungs\u00f6ffnungen an den Pumpen evakuieren Material, das durch die Bereiche mit hoher Scherung str\u00f6mt;<\/li><li>Die hochpr\u00e4zise volumetrische Ausgabe verbessert die Dickenkontrolle des EVA, was dazu beitr\u00e4gt, eine perfekte Ebenheit zu schaffen, die f\u00fcr Solarzellenanwendungen entscheidend ist;<\/li><li>Die Schmelzpumpe erm\u00f6glicht eine geringere Scherung, eine leichter kontrollierbare Temperatur und eine \u00fcberlegene Kontrolle im Vergleich zur \u00fcblicherweise verwendeten gravimetrischen Extrusionskontrolle.<\/li><\/ul><p>\u201eVernetzte Materialanwendungen boomen derzeit aufgrund der wachsenden Solarmodulindustrie\u201c, sagte Glenn Woodcock, Pr\u00e4sident von PSI-Polymer Systems. \u201eUnsere Schmelzepumpen sind perfekt f\u00fcr diese Materialien geeignet, und unsere vorhandene Erfahrung, unser Wissen und unsere Leistung auf diesem Gebiet haben sich als Mehrwert f\u00fcr diese Pr\u00e4zisionsanwendungen erwiesen.\u201c<\/p>\t\t\t\t\t\t\t\t<\/div>\n\t\t\t\t<\/div>\n\t\t\t\t\t<\/div>\n\t\t<\/div>\n\t\t\t\t<div class=\"elementor-column elementor-col-50 elementor-top-column elementor-element elementor-element-383722e2\" data-id=\"383722e2\" data-element_type=\"column\" data-e-type=\"column\">\n\t\t\t<div class=\"elementor-widget-wrap\">\n\t\t\t\t\t\t\t<\/div>\n\t\t<\/div>\n\t\t\t\t\t<\/div>\n\t\t<\/section>\n\t\t\t\t<\/div>","protected":false},"excerpt":{"rendered":"<p>Siebwechsler und Zahnradpumpen von PSI-Polymer Systems Inc. erh\u00f6hen die Qualit\u00e4t f\u00fcr anspruchsvolle Solarzellenanwendungen Conover, NC (9. M\u00e4rz 2015) In letzter Zeit besteht in der Industrie eine erh\u00f6hte Nachfrage nach Platten aus vernetztem Material (EVA), die haupts\u00e4chlich verwendet werden bei der Produktion von Solarzellen. Diese Anwendung ist besonders herausfordernd f\u00fcr Extrusionsschmelzepumpen und Siebwechsler, da [\u2026]<\/p>","protected":false},"author":2,"featured_media":0,"parent":5833,"menu_order":0,"comment_status":"closed","ping_status":"closed","template":"","meta":{"_monsterinsights_skip_tracking":false,"_monsterinsights_sitenote_active":false,"_monsterinsights_sitenote_note":"","_monsterinsights_sitenote_category":0,"footnotes":""},"class_list":["post-5994","page","type-page","status-publish","hentry"],"yoast_head":"<!-- This site is optimized with the Yoast SEO Premium plugin v25.0 (Yoast SEO v25.0) - https:\/\/yoast.com\/wordpress\/plugins\/seo\/ -->\n<title>PSI-Polymer Systems Inc. Screen Changers and Gear Pumps Increase Quality For Challenging Solar Cell Applications Conover, NC (March 9, 2015 - PSI-Polymer Systems<\/title>\n<meta name=\"robots\" content=\"index, follow, max-snippet:-1, max-image-preview:large, max-video-preview:-1\" \/>\n<link rel=\"canonical\" href=\"https:\/\/www.psi-polymersystems.com\/de\/about-us\/press-releases\/psi-polymer-systems-inc-screen-changers-and-gear-pumps-increase-quality-for-challenging-solar-cell-applications-conover-nc-march-9-2015\/\" \/>\n<meta property=\"og:locale\" content=\"de_DE\" \/>\n<meta property=\"og:type\" content=\"article\" \/>\n<meta property=\"og:title\" content=\"PSI-Polymer Systems Inc. Screen Changers and Gear Pumps Increase Quality For Challenging Solar Cell Applications Conover, NC (March 9, 2015\" \/>\n<meta property=\"og:description\" content=\"PSI-Polymer Systems Inc. Screen Changers and Gear Pumps Increase Quality For Challenging Solar Cell Applications Conover, NC (March 9, 2015) Recently,\" \/>\n<meta property=\"og:url\" content=\"https:\/\/www.psi-polymersystems.com\/de\/about-us\/press-releases\/psi-polymer-systems-inc-screen-changers-and-gear-pumps-increase-quality-for-challenging-solar-cell-applications-conover-nc-march-9-2015\/\" \/>\n<meta property=\"og:site_name\" content=\"PSI-Polymer Systems\" \/>\n<meta property=\"article:publisher\" content=\"https:\/\/www.facebook.com\/psipolymersystems\/\" \/>\n<meta property=\"article:modified_time\" content=\"2020-09-23T14:06:14+00:00\" \/>\n<meta name=\"twitter:card\" content=\"summary_large_image\" \/>\n<meta name=\"twitter:label1\" content=\"Gesch\u00e4tzte Lesezeit\" \/>\n\t<meta name=\"twitter:data1\" content=\"2\u00a0Minuten\" \/>\n<script type=\"application\/ld+json\" class=\"yoast-schema-graph\">{\"@context\":\"https:\/\/schema.org\",\"@graph\":[{\"@type\":\"WebPage\",\"@id\":\"https:\/\/www.psi-polymersystems.com\/es\/about-us\/press-releases\/psi-polymer-systems-inc-screen-changers-and-gear-pumps-increase-quality-for-challenging-solar-cell-applications-conover-nc-march-9-2015\/\",\"url\":\"https:\/\/www.psi-polymersystems.com\/es\/about-us\/press-releases\/psi-polymer-systems-inc-screen-changers-and-gear-pumps-increase-quality-for-challenging-solar-cell-applications-conover-nc-march-9-2015\/\",\"name\":\"PSI-Polymer Systems Inc. Screen Changers and Gear Pumps Increase Quality For Challenging Solar Cell Applications Conover, NC (March 9, 2015 - PSI-Polymer Systems\",\"isPartOf\":{\"@id\":\"https:\/\/www.psi-polymersystems.com\/#website\"},\"datePublished\":\"2020-09-23T14:05:05+00:00\",\"dateModified\":\"2020-09-23T14:06:14+00:00\",\"breadcrumb\":{\"@id\":\"https:\/\/www.psi-polymersystems.com\/es\/about-us\/press-releases\/psi-polymer-systems-inc-screen-changers-and-gear-pumps-increase-quality-for-challenging-solar-cell-applications-conover-nc-march-9-2015\/#breadcrumb\"},\"inLanguage\":\"de\",\"potentialAction\":[{\"@type\":\"ReadAction\",\"target\":[\"https:\/\/www.psi-polymersystems.com\/es\/about-us\/press-releases\/psi-polymer-systems-inc-screen-changers-and-gear-pumps-increase-quality-for-challenging-solar-cell-applications-conover-nc-march-9-2015\/\"]}]},{\"@type\":\"BreadcrumbList\",\"@id\":\"https:\/\/www.psi-polymersystems.com\/es\/about-us\/press-releases\/psi-polymer-systems-inc-screen-changers-and-gear-pumps-increase-quality-for-challenging-solar-cell-applications-conover-nc-march-9-2015\/#breadcrumb\",\"itemListElement\":[{\"@type\":\"ListItem\",\"position\":1,\"name\":\"Home\",\"item\":\"https:\/\/www.psi-polymersystems.com\/\"},{\"@type\":\"ListItem\",\"position\":2,\"name\":\"About Us\",\"item\":\"https:\/\/www.psi-polymersystems.com\/about-us\/\"},{\"@type\":\"ListItem\",\"position\":3,\"name\":\"Press Releases\",\"item\":\"https:\/\/www.psi-polymersystems.com\/about-us\/press-releases\/\"},{\"@type\":\"ListItem\",\"position\":4,\"name\":\"PSI-Polymer Systems Inc. Screen Changers and Gear Pumps Increase Quality For Challenging Solar Cell Applications Conover, NC (March 9, 2015\"}]},{\"@type\":\"WebSite\",\"@id\":\"https:\/\/www.psi-polymersystems.com\/#website\",\"url\":\"https:\/\/www.psi-polymersystems.com\/\",\"name\":\"PSI-Polymer Systems\",\"description\":\"\",\"publisher\":{\"@id\":\"https:\/\/www.psi-polymersystems.com\/#organization\"},\"potentialAction\":[{\"@type\":\"SearchAction\",\"target\":{\"@type\":\"EntryPoint\",\"urlTemplate\":\"https:\/\/www.psi-polymersystems.com\/?s={search_term_string}\"},\"query-input\":{\"@type\":\"PropertyValueSpecification\",\"valueRequired\":true,\"valueName\":\"search_term_string\"}}],\"inLanguage\":\"de\"},{\"@type\":\"Organization\",\"@id\":\"https:\/\/www.psi-polymersystems.com\/#organization\",\"name\":\"PSI-Polymer Systems, Inc.\",\"url\":\"https:\/\/www.psi-polymersystems.com\/\",\"logo\":{\"@type\":\"ImageObject\",\"inLanguage\":\"de\",\"@id\":\"https:\/\/www.psi-polymersystems.com\/#\/schema\/logo\/image\/\",\"url\":\"\",\"contentUrl\":\"\",\"caption\":\"PSI-Polymer Systems, Inc.\"},\"image\":{\"@id\":\"https:\/\/www.psi-polymersystems.com\/#\/schema\/logo\/image\/\"},\"sameAs\":[\"https:\/\/www.facebook.com\/psipolymersystems\/\",\"https:\/\/www.linkedin.com\/showcase\/psi-polymer-systems\"]}]}<\/script>\n<!-- \/ Yoast SEO Premium plugin. -->","yoast_head_json":{"title":"PSI-Polymer Systems Inc. Screen Changers and Gear Pumps Increase Quality For Challenging Solar Cell Applications Conover, NC (March 9, 2015 - PSI-Polymer Systems","robots":{"index":"index","follow":"follow","max-snippet":"max-snippet:-1","max-image-preview":"max-image-preview:large","max-video-preview":"max-video-preview:-1"},"canonical":"https:\/\/www.psi-polymersystems.com\/de\/about-us\/press-releases\/psi-polymer-systems-inc-screen-changers-and-gear-pumps-increase-quality-for-challenging-solar-cell-applications-conover-nc-march-9-2015\/","og_locale":"de_DE","og_type":"article","og_title":"PSI-Polymer Systems Inc. Screen Changers and Gear Pumps Increase Quality For Challenging Solar Cell Applications Conover, NC (March 9, 2015","og_description":"PSI-Polymer Systems Inc. Screen Changers and Gear Pumps Increase Quality For Challenging Solar Cell Applications Conover, NC (March 9, 2015) Recently,","og_url":"https:\/\/www.psi-polymersystems.com\/de\/about-us\/press-releases\/psi-polymer-systems-inc-screen-changers-and-gear-pumps-increase-quality-for-challenging-solar-cell-applications-conover-nc-march-9-2015\/","og_site_name":"PSI-Polymer Systems","article_publisher":"https:\/\/www.facebook.com\/psipolymersystems\/","article_modified_time":"2020-09-23T14:06:14+00:00","twitter_card":"summary_large_image","twitter_misc":{"Gesch\u00e4tzte Lesezeit":"2\u00a0Minuten"},"schema":{"@context":"https:\/\/schema.org","@graph":[{"@type":"WebPage","@id":"https:\/\/www.psi-polymersystems.com\/es\/about-us\/press-releases\/psi-polymer-systems-inc-screen-changers-and-gear-pumps-increase-quality-for-challenging-solar-cell-applications-conover-nc-march-9-2015\/","url":"https:\/\/www.psi-polymersystems.com\/es\/about-us\/press-releases\/psi-polymer-systems-inc-screen-changers-and-gear-pumps-increase-quality-for-challenging-solar-cell-applications-conover-nc-march-9-2015\/","name":"PSI-Polymer Systems Inc. Screen Changers and Gear Pumps Increase Quality For Challenging Solar Cell Applications Conover, NC (March 9, 2015 - PSI-Polymer Systems","isPartOf":{"@id":"https:\/\/www.psi-polymersystems.com\/#website"},"datePublished":"2020-09-23T14:05:05+00:00","dateModified":"2020-09-23T14:06:14+00:00","breadcrumb":{"@id":"https:\/\/www.psi-polymersystems.com\/es\/about-us\/press-releases\/psi-polymer-systems-inc-screen-changers-and-gear-pumps-increase-quality-for-challenging-solar-cell-applications-conover-nc-march-9-2015\/#breadcrumb"},"inLanguage":"de","potentialAction":[{"@type":"ReadAction","target":["https:\/\/www.psi-polymersystems.com\/es\/about-us\/press-releases\/psi-polymer-systems-inc-screen-changers-and-gear-pumps-increase-quality-for-challenging-solar-cell-applications-conover-nc-march-9-2015\/"]}]},{"@type":"BreadcrumbList","@id":"https:\/\/www.psi-polymersystems.com\/es\/about-us\/press-releases\/psi-polymer-systems-inc-screen-changers-and-gear-pumps-increase-quality-for-challenging-solar-cell-applications-conover-nc-march-9-2015\/#breadcrumb","itemListElement":[{"@type":"ListItem","position":1,"name":"Home","item":"https:\/\/www.psi-polymersystems.com\/"},{"@type":"ListItem","position":2,"name":"About Us","item":"https:\/\/www.psi-polymersystems.com\/about-us\/"},{"@type":"ListItem","position":3,"name":"Press Releases","item":"https:\/\/www.psi-polymersystems.com\/about-us\/press-releases\/"},{"@type":"ListItem","position":4,"name":"PSI-Polymer Systems Inc. Screen Changers and Gear Pumps Increase Quality For Challenging Solar Cell Applications Conover, NC (March 9, 2015"}]},{"@type":"WebSite","@id":"https:\/\/www.psi-polymersystems.com\/#website","url":"https:\/\/www.psi-polymersystems.com\/","name":"PSI-Polymer Systems","description":"","publisher":{"@id":"https:\/\/www.psi-polymersystems.com\/#organization"},"potentialAction":[{"@type":"SearchAction","target":{"@type":"EntryPoint","urlTemplate":"https:\/\/www.psi-polymersystems.com\/?s={search_term_string}"},"query-input":{"@type":"PropertyValueSpecification","valueRequired":true,"valueName":"search_term_string"}}],"inLanguage":"de"},{"@type":"Organization","@id":"https:\/\/www.psi-polymersystems.com\/#organization","name":"PSI-Polymer Systems, Inc.","url":"https:\/\/www.psi-polymersystems.com\/","logo":{"@type":"ImageObject","inLanguage":"de","@id":"https:\/\/www.psi-polymersystems.com\/#\/schema\/logo\/image\/","url":"","contentUrl":"","caption":"PSI-Polymer Systems, Inc."},"image":{"@id":"https:\/\/www.psi-polymersystems.com\/#\/schema\/logo\/image\/"},"sameAs":["https:\/\/www.facebook.com\/psipolymersystems\/","https:\/\/www.linkedin.com\/showcase\/psi-polymer-systems"]}]}},"_links":{"self":[{"href":"https:\/\/www.psi-polymersystems.com\/de\/wp-json\/wp\/v2\/pages\/5994","targetHints":{"allow":["GET"]}}],"collection":[{"href":"https:\/\/www.psi-polymersystems.com\/de\/wp-json\/wp\/v2\/pages"}],"about":[{"href":"https:\/\/www.psi-polymersystems.com\/de\/wp-json\/wp\/v2\/types\/page"}],"author":[{"embeddable":true,"href":"https:\/\/www.psi-polymersystems.com\/de\/wp-json\/wp\/v2\/users\/2"}],"replies":[{"embeddable":true,"href":"https:\/\/www.psi-polymersystems.com\/de\/wp-json\/wp\/v2\/comments?post=5994"}],"version-history":[{"count":0,"href":"https:\/\/www.psi-polymersystems.com\/de\/wp-json\/wp\/v2\/pages\/5994\/revisions"}],"up":[{"embeddable":true,"href":"https:\/\/www.psi-polymersystems.com\/de\/wp-json\/wp\/v2\/pages\/5833"}],"wp:attachment":[{"href":"https:\/\/www.psi-polymersystems.com\/de\/wp-json\/wp\/v2\/media?parent=5994"}],"curies":[{"name":"wp","href":"https:\/\/api.w.org\/{rel}","templated":true}]}}