{"id":5998,"date":"2020-09-23T14:09:56","date_gmt":"2020-09-23T14:09:56","guid":{"rendered":"https:\/\/psi-polymersystems.com\/?page_id=5998"},"modified":"2020-09-23T14:11:12","modified_gmt":"2020-09-23T14:11:12","slug":"psi-polymer-systems-inc-extended-area-continuous-eac-screen-changer-for-high-volume-material-filtration-to-be-featured-at-npe-2015-conover-nc-march-23-2015","status":"publish","type":"page","link":"https:\/\/www.psi-polymersystems.com\/de\/about-us\/press-releases\/psi-polymer-systems-inc-extended-area-continuous-eac-screen-changer-for-high-volume-material-filtration-to-be-featured-at-npe-2015-conover-nc-march-23-2015\/","title":{"rendered":"PSI-Polymer Systems Inc. Extended-Area Continuous (EAC) Siebwechsler f\u00fcr hochvolumige Materialfiltration wird auf der NPE 2015 vorgestellt Conover, NC (23. M\u00e4rz 2015)"},"content":{"rendered":"<div data-elementor-type=\"wp-page\" data-elementor-id=\"5998\" class=\"elementor elementor-5998\" data-elementor-post-type=\"page\">\n\t\t\t\t\t\t<section class=\"elementor-section elementor-top-section elementor-element elementor-element-67e3bd81 elementor-section-boxed elementor-section-height-default elementor-section-height-default\" data-id=\"67e3bd81\" data-element_type=\"section\" data-e-type=\"section\">\n\t\t\t\t\t\t<div class=\"elementor-container elementor-column-gap-default\">\n\t\t\t\t\t<div class=\"elementor-column elementor-col-50 elementor-top-column elementor-element elementor-element-1b38ea12\" data-id=\"1b38ea12\" data-element_type=\"column\" data-e-type=\"column\">\n\t\t\t<div class=\"elementor-widget-wrap elementor-element-populated\">\n\t\t\t\t\t\t<div class=\"elementor-element elementor-element-19084283 elementor-widget elementor-widget-heading\" data-id=\"19084283\" data-element_type=\"widget\" data-e-type=\"widget\" data-widget_type=\"heading.default\">\n\t\t\t\t<div class=\"elementor-widget-container\">\n\t\t\t\t\t<h2 class=\"elementor-heading-title elementor-size-default\">PSI-Polymer Systems Inc. Extended-Area Continuous (EAC) Siebwechsler f\u00fcr hochvolumige Materialfiltration wird auf der NPE 2015 vorgestellt Conover, NC (23. M\u00e4rz 2015) <\/h2>\t\t\t\t<\/div>\n\t\t\t\t<\/div>\n\t\t\t\t<div class=\"elementor-element elementor-element-71b5a902 elementor-widget elementor-widget-text-editor\" data-id=\"71b5a902\" data-element_type=\"widget\" data-e-type=\"widget\" data-widget_type=\"text-editor.default\">\n\t\t\t\t<div class=\"elementor-widget-container\">\n\t\t\t\t\t\t\t\t\t<p>PSI-Polymer Systems hat k\u00fcrzlich einen sehr gro\u00dfen Extended Area Continuous (EAC) Siebwechsler an einen der weltweit gr\u00f6\u00dften Materialproduzenten verkauft. Der Hersteller verwendet einen massiven Extruder mit einer D\u00fcse mit einem Durchmesser von 4 Fu\u00df, der bei voller Kapazit\u00e4t in weniger als einer Stunde genug Material produzieren kann, um einen ganzen Waggon zu f\u00fcllen. Aus diesem Grund sind Ausfallzeiten f\u00fcr das Unternehmen extrem kostspielig und sie zielten auf ihre alten Siebwechsler als eines der Hauptziele, die ihre Ausfallzeiten verursachten.<\/p><p>Ver\u00e4nderte Marktbedingungen haben zu einer Nachfrage nach Neuware gef\u00fchrt, die auf h\u00f6here Reinheitsgrade gefiltert wird. Wo fr\u00fcher 20-Mesh-Siebe die Norm waren, werden jetzt 100-Mesh-Filter immer h\u00e4ufiger. Der Hauptvorteil f\u00fcr den Sekund\u00e4rverarbeitungsmarkt, wie z. B. Extruder f\u00fcr Verpackungsprodukte, besteht darin, die H\u00e4ufigkeit von Siebwechseln zu minimieren und die Produktionsleistung nicht zu beeintr\u00e4chtigen. Das Ausf\u00fchren h\u00f6herer Filtrationsniveaus auf der prim\u00e4ren Verarbeitungsebene hat jedoch seine eigenen Produktionskosten. Die Ausgaberaten sind reduziert 5%-10%, um den Anstieg des Gegendrucks zu kompensieren, der durch die feineren Siebmaschen verursacht wird. Au\u00dferdem fangen feinere Siebe mehr Verunreinigungen ein, halten aber nicht so lange. Bei einer Reaktorlinie kann die Sieblebensdauer auf wenige Tage und vielleicht bis zu einer Woche sinken, bevor die Extrusionslinie angehalten werden muss. Die erh\u00f6hte H\u00e4ufigkeit von Unterbrechungen kostet die Produktionsleistung dieser gro\u00dfen Linien und erh\u00f6ht auch das reale Risiko, dass die Linie nicht rechtzeitig startet, um eine Reaktorabschaltung zu verhindern.<\/p><p>Das Design des Siebwechslers auf der alten Maschine des Lieferanten wies erhebliche Probleme auf. Das Verfahren beinhaltete das Pelletieren von jungfr\u00e4ulichem Polymer auf einer reaktorgespeisten Linie. In regelm\u00e4\u00dfigen Abst\u00e4nden musste die Linie zum Filterwechsel abgeschaltet werden. W\u00e4hrend der Reaktor f\u00fcr den Austausch stillgelegt ist, wird der minimierte Aussto\u00df in Aufnahmebeh\u00e4ltern gesammelt. Diese Beh\u00e4lter haben eine begrenzte Kapazit\u00e4t, was es erforderlich macht, den Siebwechsel durchzuf\u00fchren und die Maschine neu zu starten, bevor sie sich f\u00fcllen. Wenn dies nicht rechtzeitig erfolgt, muss der Reaktor abgeschaltet werden, was tagelange Stillstandszeiten f\u00fcr die Reinigung kosten kann, was den Betreiber potenziell zwischen $500.000 und $1 Millionen Dollar kosten kann.<\/p><p>Da das Design des vorhandenen Siebwechslers das Problem darstellte, beschloss dieser Materialhersteller, nach neuen Lieferanten von Siebwechslern zu suchen, um seinen Prozess zu verbessern. Der Hersteller wandte sich an PSI-Polymer Systems und zwei gro\u00dfe europ\u00e4ische Lieferanten f\u00fcr Siebwechsel und bat sie, erstens zu berechnen, wie viel Filterfl\u00e4che erforderlich w\u00e4re, um eine bestimmte Produktionsrate und einen bestimmten Differenzdruck beim Filtern durch 100-Mesh-Siebe zu erreichen, und zweitens zu liefern Ausr\u00fcstung.<\/p><p>Einer der europ\u00e4ischen Anbieter bot Ger\u00e4te mit weniger Filterfl\u00e4che an, als derzeit in Betrieb war; das andere bot eine L\u00f6sung an, bei der der Verarbeiter eine gr\u00f6\u00dfere Geb\u00e4udeerweiterung vornehmen musste, um den empfohlenen Siebwechsler unterzubringen. PSI allein ging das Problem mit einem wei\u00dfen Blatt Papier an und stellte fest, dass der vorhandene Siebwechsler 670 Zoll bot<sup>2<\/sup> Online-Filterfl\u00e4che, n\u00e4mlich 2.800 Zoll<sup>2<\/sup> war notwendig, um das Ziel zu erreichen.<\/p><p>PSI stellte fest, dass vier (4) Online-Filterpositionen unter Verwendung von Rohrfiltern mit erweiterter Fl\u00e4che der prozesseffizienteste Ansatz w\u00e4ren und au\u00dfer der Neupositionierung des gro\u00dfen Unterwassergranulators keine physischen Anlagenmodifikationen erfordern w\u00fcrden. Der Siebwechsler w\u00fcrde der Anlage die M\u00f6glichkeit geben, in einem kontinuierlichen Modus zu arbeiten, Siebe zu wechseln, ohne die Produktion zu stoppen, und w\u00fcrde die Siebe mit h\u00f6herer Maschenweite innerhalb des erforderlichen Druckfensters betreiben. Dar\u00fcber hinaus w\u00fcrde das PSI-Design den gesamten Lufteinschluss beim Siebwechsel eliminieren, was den zus\u00e4tzlichen Vorteil bietet, dass nicht spezifikationsgerechte Pellets und Abfall reduziert werden, die durch Luft entstehen, die w\u00e4hrend des Siebwechsels durch die Lochplatte str\u00f6mt. Das Projekt schritt voran und PSI und der K\u00e4ufer arbeiteten eng zusammen und f\u00fchrten CFD-Analysen (Computational Fluid Dynamics) durch, bis das ideale Design erreicht war.\u00a0<\/p><p><u>Erh\u00f6hte Filtration = Erh\u00f6hte Materialproduktion<\/u><\/p><p>Der neue PSI EAC Siebwechsler enth\u00e4lt vier massive ovale Taschen, von denen jede 10 Zoll hoch x 14 Zoll breit ist. Unter Verwendung des gew\u00fcnschten \u201eKerzenfilter\u201c-Designs verf\u00fcgt die neue Maschine \u00fcber eine Filterfl\u00e4che von 700 Quadratzoll pro Position, eine enorme Steigerung, die ein h\u00f6heres Volumen und eine h\u00f6here Filterqualit\u00e4t sowie weniger Ausfallzeiten erm\u00f6glicht. Die Siebwechsler sind 100%-SPS-gesteuert und laufen automatisch, sodass nur sehr wenig Bedienereingriff erforderlich ist.<\/p><p>Dieser spezielle Kunde hatte die schlechte Erfahrung, der Empfehlung des alten Siebwechsler-Herstellers zu folgen, dass sie spontan wechseln. Als die Gleitplatte die Verschiebung nicht vollendete, war der resultierende Polymeraustritt katastrophal. Daher z\u00f6gerten die Bediener, den Anweisungen des PSI zu folgen, die Filter zu wechseln, ohne dass eine Linie abgeschaltet werden musste, und entschieden sich stattdessen daf\u00fcr, die Laufzeit zu maximieren und alle Filter auf einmal zu wechseln. Nachdem die Anlage Vertrauen in die Bedienung des EAC-Siebwechslers von PSI gewonnen hatte, unternahm die Anlage mit dem technischen Leiter von PSI einen Versuch. Erfolg folgte auf Erfolg und heute sind Linienstillst\u00e4nde f\u00fcr Siebwechsel auf dieser Linie nicht erforderlich. Die Produktionsraten sind nicht nur auf das gew\u00fcnschte Filtrationsniveau gestiegen, sondern die Gesamtausbeute hat sich messbar verbessert, indem periodische Linienstillst\u00e4nde beseitigt wurden. Es l\u00e4uft jetzt seit 8 Monaten und es wurden noch keine Probleme gemeldet.<\/p><p>\u201eWir sahen eine Gelegenheit, unsere vielf\u00e4ltigen F\u00e4higkeiten einzusetzen, um in diesem Unternehmen etwas zu bewirken, und genau das haben wir getan\u201c, sagt Don Macnamara, General Manager bei PSI. \u201eWir bei PSI sind stolz darauf, jeden Kundenwunsch erf\u00fcllen zu k\u00f6nnen, ganz gleich, was der Prozess oder die Maschine erfordert. Dies ist nur ein weiteres Beispiel daf\u00fcr, dass wir innovativ sind, um eine L\u00f6sung f\u00fcr einen Kunden zu finden.\u201c<\/p>\t\t\t\t\t\t\t\t<\/div>\n\t\t\t\t<\/div>\n\t\t\t\t\t<\/div>\n\t\t<\/div>\n\t\t\t\t<div class=\"elementor-column elementor-col-50 elementor-top-column elementor-element elementor-element-49e4a2a\" data-id=\"49e4a2a\" data-element_type=\"column\" data-e-type=\"column\">\n\t\t\t<div class=\"elementor-widget-wrap\">\n\t\t\t\t\t\t\t<\/div>\n\t\t<\/div>\n\t\t\t\t\t<\/div>\n\t\t<\/section>\n\t\t\t\t<\/div>","protected":false},"excerpt":{"rendered":"<p>Extended-Area Continuous (EAC) Siebwechsler von PSI-Polymer Systems Inc. f\u00fcr hochvolumige Materialfiltration wird auf der NPE 2015 vorgestellt Conover, NC (23. M\u00e4rz 2015) PSI-Polymer Systems hat k\u00fcrzlich einen sehr gro\u00dfen Extended Area Continuous (EAC) Siebwechsler verkauft Siebwechsler zu einem der weltweit gr\u00f6\u00dften Materialproduzenten. Der Hersteller verwendet einen massiven Extruder mit einer 4-Fu\u00df-L\u00e4nge [\u2026]<\/p>","protected":false},"author":2,"featured_media":0,"parent":5833,"menu_order":0,"comment_status":"closed","ping_status":"closed","template":"","meta":{"_monsterinsights_skip_tracking":false,"_monsterinsights_sitenote_active":false,"_monsterinsights_sitenote_note":"","_monsterinsights_sitenote_category":0,"footnotes":""},"class_list":["post-5998","page","type-page","status-publish","hentry"],"yoast_head":"<!-- This site is optimized with the Yoast SEO Premium plugin v25.0 (Yoast SEO v25.0) - https:\/\/yoast.com\/wordpress\/plugins\/seo\/ -->\n<title>PSI-Polymer Systems Inc. Extended-Area Continuous (EAC) Screen Changer for High Volume Material Filtration to be Featured at NPE 2015 Conover, NC (March 23, 2015) - PSI-Polymer Systems<\/title>\n<meta name=\"robots\" content=\"index, follow, max-snippet:-1, max-image-preview:large, max-video-preview:-1\" \/>\n<link rel=\"canonical\" href=\"https:\/\/www.psi-polymersystems.com\/de\/about-us\/press-releases\/psi-polymer-systems-inc-extended-area-continuous-eac-screen-changer-for-high-volume-material-filtration-to-be-featured-at-npe-2015-conover-nc-march-23-2015\/\" \/>\n<meta property=\"og:locale\" content=\"de_DE\" \/>\n<meta property=\"og:type\" content=\"article\" \/>\n<meta property=\"og:title\" content=\"PSI-Polymer Systems Inc. Extended-Area Continuous (EAC) Screen Changer for High Volume Material Filtration to be Featured at NPE 2015 Conover, NC (March 23, 2015)\" \/>\n<meta property=\"og:description\" content=\"PSI-Polymer Systems Inc. Extended-Area Continuous (EAC) Screen Changer for High Volume Material Filtration to be Featured at NPE 2015 Conover, NC (March\" \/>\n<meta property=\"og:url\" content=\"https:\/\/www.psi-polymersystems.com\/de\/about-us\/press-releases\/psi-polymer-systems-inc-extended-area-continuous-eac-screen-changer-for-high-volume-material-filtration-to-be-featured-at-npe-2015-conover-nc-march-23-2015\/\" \/>\n<meta property=\"og:site_name\" content=\"PSI-Polymer Systems\" \/>\n<meta property=\"article:publisher\" content=\"https:\/\/www.facebook.com\/psipolymersystems\/\" \/>\n<meta property=\"article:modified_time\" content=\"2020-09-23T14:11:12+00:00\" \/>\n<meta name=\"twitter:card\" content=\"summary_large_image\" \/>\n<meta name=\"twitter:label1\" content=\"Gesch\u00e4tzte Lesezeit\" \/>\n\t<meta name=\"twitter:data1\" content=\"5\u00a0Minuten\" \/>\n<script type=\"application\/ld+json\" class=\"yoast-schema-graph\">{\"@context\":\"https:\/\/schema.org\",\"@graph\":[{\"@type\":\"WebPage\",\"@id\":\"https:\/\/www.psi-polymersystems.com\/es\/about-us\/press-releases\/psi-polymer-systems-inc-extended-area-continuous-eac-screen-changer-for-high-volume-material-filtration-to-be-featured-at-npe-2015-conover-nc-march-23-2015\/\",\"url\":\"https:\/\/www.psi-polymersystems.com\/es\/about-us\/press-releases\/psi-polymer-systems-inc-extended-area-continuous-eac-screen-changer-for-high-volume-material-filtration-to-be-featured-at-npe-2015-conover-nc-march-23-2015\/\",\"name\":\"PSI-Polymer Systems Inc. Extended-Area Continuous (EAC) Screen Changer for High Volume Material Filtration to be Featured at NPE 2015 Conover, NC (March 23, 2015) - PSI-Polymer Systems\",\"isPartOf\":{\"@id\":\"https:\/\/www.psi-polymersystems.com\/#website\"},\"datePublished\":\"2020-09-23T14:09:56+00:00\",\"dateModified\":\"2020-09-23T14:11:12+00:00\",\"breadcrumb\":{\"@id\":\"https:\/\/www.psi-polymersystems.com\/es\/about-us\/press-releases\/psi-polymer-systems-inc-extended-area-continuous-eac-screen-changer-for-high-volume-material-filtration-to-be-featured-at-npe-2015-conover-nc-march-23-2015\/#breadcrumb\"},\"inLanguage\":\"de\",\"potentialAction\":[{\"@type\":\"ReadAction\",\"target\":[\"https:\/\/www.psi-polymersystems.com\/es\/about-us\/press-releases\/psi-polymer-systems-inc-extended-area-continuous-eac-screen-changer-for-high-volume-material-filtration-to-be-featured-at-npe-2015-conover-nc-march-23-2015\/\"]}]},{\"@type\":\"BreadcrumbList\",\"@id\":\"https:\/\/www.psi-polymersystems.com\/es\/about-us\/press-releases\/psi-polymer-systems-inc-extended-area-continuous-eac-screen-changer-for-high-volume-material-filtration-to-be-featured-at-npe-2015-conover-nc-march-23-2015\/#breadcrumb\",\"itemListElement\":[{\"@type\":\"ListItem\",\"position\":1,\"name\":\"Home\",\"item\":\"https:\/\/www.psi-polymersystems.com\/\"},{\"@type\":\"ListItem\",\"position\":2,\"name\":\"About Us\",\"item\":\"https:\/\/www.psi-polymersystems.com\/about-us\/\"},{\"@type\":\"ListItem\",\"position\":3,\"name\":\"Press Releases\",\"item\":\"https:\/\/www.psi-polymersystems.com\/about-us\/press-releases\/\"},{\"@type\":\"ListItem\",\"position\":4,\"name\":\"PSI-Polymer Systems Inc. Extended-Area Continuous (EAC) Screen Changer for High Volume Material Filtration to be Featured at NPE 2015 Conover, NC (March 23, 2015)\"}]},{\"@type\":\"WebSite\",\"@id\":\"https:\/\/www.psi-polymersystems.com\/#website\",\"url\":\"https:\/\/www.psi-polymersystems.com\/\",\"name\":\"PSI-Polymer Systems\",\"description\":\"\",\"publisher\":{\"@id\":\"https:\/\/www.psi-polymersystems.com\/#organization\"},\"potentialAction\":[{\"@type\":\"SearchAction\",\"target\":{\"@type\":\"EntryPoint\",\"urlTemplate\":\"https:\/\/www.psi-polymersystems.com\/?s={search_term_string}\"},\"query-input\":{\"@type\":\"PropertyValueSpecification\",\"valueRequired\":true,\"valueName\":\"search_term_string\"}}],\"inLanguage\":\"de\"},{\"@type\":\"Organization\",\"@id\":\"https:\/\/www.psi-polymersystems.com\/#organization\",\"name\":\"PSI-Polymer Systems, Inc.\",\"url\":\"https:\/\/www.psi-polymersystems.com\/\",\"logo\":{\"@type\":\"ImageObject\",\"inLanguage\":\"de\",\"@id\":\"https:\/\/www.psi-polymersystems.com\/#\/schema\/logo\/image\/\",\"url\":\"\",\"contentUrl\":\"\",\"caption\":\"PSI-Polymer Systems, Inc.\"},\"image\":{\"@id\":\"https:\/\/www.psi-polymersystems.com\/#\/schema\/logo\/image\/\"},\"sameAs\":[\"https:\/\/www.facebook.com\/psipolymersystems\/\",\"https:\/\/www.linkedin.com\/showcase\/psi-polymer-systems\"]}]}<\/script>\n<!-- \/ Yoast SEO Premium plugin. -->","yoast_head_json":{"title":"PSI-Polymer Systems Inc. Extended-Area Continuous (EAC) Screen Changer for High Volume Material Filtration to be Featured at NPE 2015 Conover, NC (March 23, 2015) - PSI-Polymer Systems","robots":{"index":"index","follow":"follow","max-snippet":"max-snippet:-1","max-image-preview":"max-image-preview:large","max-video-preview":"max-video-preview:-1"},"canonical":"https:\/\/www.psi-polymersystems.com\/de\/about-us\/press-releases\/psi-polymer-systems-inc-extended-area-continuous-eac-screen-changer-for-high-volume-material-filtration-to-be-featured-at-npe-2015-conover-nc-march-23-2015\/","og_locale":"de_DE","og_type":"article","og_title":"PSI-Polymer Systems Inc. Extended-Area Continuous (EAC) Screen Changer for High Volume Material Filtration to be Featured at NPE 2015 Conover, NC (March 23, 2015)","og_description":"PSI-Polymer Systems Inc. Extended-Area Continuous (EAC) Screen Changer for High Volume Material Filtration to be Featured at NPE 2015 Conover, NC (March","og_url":"https:\/\/www.psi-polymersystems.com\/de\/about-us\/press-releases\/psi-polymer-systems-inc-extended-area-continuous-eac-screen-changer-for-high-volume-material-filtration-to-be-featured-at-npe-2015-conover-nc-march-23-2015\/","og_site_name":"PSI-Polymer Systems","article_publisher":"https:\/\/www.facebook.com\/psipolymersystems\/","article_modified_time":"2020-09-23T14:11:12+00:00","twitter_card":"summary_large_image","twitter_misc":{"Gesch\u00e4tzte Lesezeit":"5\u00a0Minuten"},"schema":{"@context":"https:\/\/schema.org","@graph":[{"@type":"WebPage","@id":"https:\/\/www.psi-polymersystems.com\/es\/about-us\/press-releases\/psi-polymer-systems-inc-extended-area-continuous-eac-screen-changer-for-high-volume-material-filtration-to-be-featured-at-npe-2015-conover-nc-march-23-2015\/","url":"https:\/\/www.psi-polymersystems.com\/es\/about-us\/press-releases\/psi-polymer-systems-inc-extended-area-continuous-eac-screen-changer-for-high-volume-material-filtration-to-be-featured-at-npe-2015-conover-nc-march-23-2015\/","name":"PSI-Polymer Systems Inc. Extended-Area Continuous (EAC) Screen Changer for High Volume Material Filtration to be Featured at NPE 2015 Conover, NC (March 23, 2015) - PSI-Polymer Systems","isPartOf":{"@id":"https:\/\/www.psi-polymersystems.com\/#website"},"datePublished":"2020-09-23T14:09:56+00:00","dateModified":"2020-09-23T14:11:12+00:00","breadcrumb":{"@id":"https:\/\/www.psi-polymersystems.com\/es\/about-us\/press-releases\/psi-polymer-systems-inc-extended-area-continuous-eac-screen-changer-for-high-volume-material-filtration-to-be-featured-at-npe-2015-conover-nc-march-23-2015\/#breadcrumb"},"inLanguage":"de","potentialAction":[{"@type":"ReadAction","target":["https:\/\/www.psi-polymersystems.com\/es\/about-us\/press-releases\/psi-polymer-systems-inc-extended-area-continuous-eac-screen-changer-for-high-volume-material-filtration-to-be-featured-at-npe-2015-conover-nc-march-23-2015\/"]}]},{"@type":"BreadcrumbList","@id":"https:\/\/www.psi-polymersystems.com\/es\/about-us\/press-releases\/psi-polymer-systems-inc-extended-area-continuous-eac-screen-changer-for-high-volume-material-filtration-to-be-featured-at-npe-2015-conover-nc-march-23-2015\/#breadcrumb","itemListElement":[{"@type":"ListItem","position":1,"name":"Home","item":"https:\/\/www.psi-polymersystems.com\/"},{"@type":"ListItem","position":2,"name":"About Us","item":"https:\/\/www.psi-polymersystems.com\/about-us\/"},{"@type":"ListItem","position":3,"name":"Press Releases","item":"https:\/\/www.psi-polymersystems.com\/about-us\/press-releases\/"},{"@type":"ListItem","position":4,"name":"PSI-Polymer Systems Inc. Extended-Area Continuous (EAC) Screen Changer for High Volume Material Filtration to be Featured at NPE 2015 Conover, NC (March 23, 2015)"}]},{"@type":"WebSite","@id":"https:\/\/www.psi-polymersystems.com\/#website","url":"https:\/\/www.psi-polymersystems.com\/","name":"PSI-Polymer Systems","description":"","publisher":{"@id":"https:\/\/www.psi-polymersystems.com\/#organization"},"potentialAction":[{"@type":"SearchAction","target":{"@type":"EntryPoint","urlTemplate":"https:\/\/www.psi-polymersystems.com\/?s={search_term_string}"},"query-input":{"@type":"PropertyValueSpecification","valueRequired":true,"valueName":"search_term_string"}}],"inLanguage":"de"},{"@type":"Organization","@id":"https:\/\/www.psi-polymersystems.com\/#organization","name":"PSI-Polymer Systems, Inc.","url":"https:\/\/www.psi-polymersystems.com\/","logo":{"@type":"ImageObject","inLanguage":"de","@id":"https:\/\/www.psi-polymersystems.com\/#\/schema\/logo\/image\/","url":"","contentUrl":"","caption":"PSI-Polymer Systems, Inc."},"image":{"@id":"https:\/\/www.psi-polymersystems.com\/#\/schema\/logo\/image\/"},"sameAs":["https:\/\/www.facebook.com\/psipolymersystems\/","https:\/\/www.linkedin.com\/showcase\/psi-polymer-systems"]}]}},"_links":{"self":[{"href":"https:\/\/www.psi-polymersystems.com\/de\/wp-json\/wp\/v2\/pages\/5998","targetHints":{"allow":["GET"]}}],"collection":[{"href":"https:\/\/www.psi-polymersystems.com\/de\/wp-json\/wp\/v2\/pages"}],"about":[{"href":"https:\/\/www.psi-polymersystems.com\/de\/wp-json\/wp\/v2\/types\/page"}],"author":[{"embeddable":true,"href":"https:\/\/www.psi-polymersystems.com\/de\/wp-json\/wp\/v2\/users\/2"}],"replies":[{"embeddable":true,"href":"https:\/\/www.psi-polymersystems.com\/de\/wp-json\/wp\/v2\/comments?post=5998"}],"version-history":[{"count":0,"href":"https:\/\/www.psi-polymersystems.com\/de\/wp-json\/wp\/v2\/pages\/5998\/revisions"}],"up":[{"embeddable":true,"href":"https:\/\/www.psi-polymersystems.com\/de\/wp-json\/wp\/v2\/pages\/5833"}],"wp:attachment":[{"href":"https:\/\/www.psi-polymersystems.com\/de\/wp-json\/wp\/v2\/media?parent=5998"}],"curies":[{"name":"wp","href":"https:\/\/api.w.org\/{rel}","templated":true}]}}