{"id":6002,"date":"2020-09-23T14:17:02","date_gmt":"2020-09-23T14:17:02","guid":{"rendered":"https:\/\/psi-polymersystems.com\/?page_id=6002"},"modified":"2020-09-23T14:24:13","modified_gmt":"2020-09-23T14:24:13","slug":"psi-polymer-systems-inc-s-continuous-screen-changers-perform-flawlessly-for-challenging-food-industry-candy-application-conover-nc-april-8-2014","status":"publish","type":"page","link":"https:\/\/www.psi-polymersystems.com\/de\/about-us\/press-releases\/psi-polymer-systems-inc-s-continuous-screen-changers-perform-flawlessly-for-challenging-food-industry-candy-application-conover-nc-april-8-2014\/","title":{"rendered":"Kontinuierliche Siebwechsler von PSI-Polymer Systems Inc. funktionieren einwandfrei bei anspruchsvollen S\u00fc\u00dfwarenanwendungen in der Lebensmittelindustrie Conover, NC (8. April 2014)"},"content":{"rendered":"<div data-elementor-type=\"wp-page\" data-elementor-id=\"6002\" class=\"elementor elementor-6002\" data-elementor-post-type=\"page\">\n\t\t\t\t\t\t<section class=\"elementor-section elementor-top-section elementor-element elementor-element-5f3b65f8 elementor-section-boxed elementor-section-height-default elementor-section-height-default\" data-id=\"5f3b65f8\" data-element_type=\"section\" data-e-type=\"section\">\n\t\t\t\t\t\t<div class=\"elementor-container elementor-column-gap-default\">\n\t\t\t\t\t<div class=\"elementor-column elementor-col-50 elementor-top-column elementor-element elementor-element-704e4f88\" data-id=\"704e4f88\" data-element_type=\"column\" data-e-type=\"column\">\n\t\t\t<div class=\"elementor-widget-wrap elementor-element-populated\">\n\t\t\t\t\t\t<div class=\"elementor-element elementor-element-13cce76e elementor-widget elementor-widget-heading\" data-id=\"13cce76e\" data-element_type=\"widget\" data-e-type=\"widget\" data-widget_type=\"heading.default\">\n\t\t\t\t<div class=\"elementor-widget-container\">\n\t\t\t\t\t<h2 class=\"elementor-heading-title elementor-size-default\">Kontinuierliche Siebwechsler von PSI-Polymer Systems Inc. funktionieren einwandfrei bei anspruchsvollen S\u00fc\u00dfwarenanwendungen in der Lebensmittelindustrie Conover, NC (8. April 2014)<\/h2>\t\t\t\t<\/div>\n\t\t\t\t<\/div>\n\t\t\t\t<div class=\"elementor-element elementor-element-78eecd58 elementor-widget elementor-widget-text-editor\" data-id=\"78eecd58\" data-element_type=\"widget\" data-e-type=\"widget\" data-widget_type=\"text-editor.default\">\n\t\t\t\t<div class=\"elementor-widget-container\">\n\t\t\t\t\t\t\t\t\t<p>PSI-Polymer Systems hat k\u00fcrzlich einen modifizierten kontinuierlichen Siebwechsler an einen f\u00fchrenden S\u00fc\u00dfwarenhersteller in den USA f\u00fcr den Einsatz in einer anspruchsvollen Lebensmittelextrusionsanwendung verkauft. Die F\u00e4higkeit des Siebwechslers, in dieser einzigartigen Anwendung gut zu funktionieren, unterstreicht die kundenspezifischen und l\u00f6sungsorientierten F\u00e4higkeiten, auf die PSI stolz ist.<\/p><p>Dieser Kauf ist der f\u00fcnfte PSI-Siebwechsler, den dieser Kunde f\u00fcr seinen Lebensmittelprozess gekauft hat. Die ersten f\u00fcr diese Anwendung gingen 2011 in Betrieb. \u201eDiese spezielle Lebensmittelanwendung war damals neu f\u00fcr kontinuierliche Siebwechsler. Es mussten Versuche durchgef\u00fchrt und Validierungsverfahren eingehalten werden, aber dar\u00fcber hinaus mussten Monate im laufenden Betrieb durchgef\u00fchrt werden, um sicherzustellen, dass die Metallurgie \u00fcber mehrere Jahre standh\u00e4lt und die strengen FDA-Bedingungen fehlerfrei eingehalten werden\u201c, sagte er Don Macnamara, General Manager von PSI-Polymer Systems Inc. \u201eOb es sich um Kunststoffe, Lebensmittel oder andere Materialien handelt, es ist unsere Aufgabe, die Technologie an den Prozess anzupassen.\u201c<\/p><p>Die einzigartigen Herausforderungen beim Ausf\u00fchren einer Lebensmittelanwendung mit einer Maschine, die im Allgemeinen f\u00fcr die Kunststoffextrusion verwendet wird, sind weitaus anspruchsvoller und umfassen die F\u00e4higkeit, alle Bereiche, in denen Bakterien wachsen k\u00f6nnten, gr\u00fcndlich zu reinigen; Wasser zum Abwaschen aufnehmen und wasserdicht sein, um dieses Waschen zu erleichtern; vollst\u00e4ndig aus rostfreiem Stahl gebaut sein, um Rost zu widerstehen; Verwenden Sie eine von der FDA zugelassene Farbe und haben Sie Au\u00dfenfl\u00e4chen, die frei von Ecken und Winkeln sind, in denen sich Lebensmittel verfangen und festhalten und Bakterienwachstum verursachen k\u00f6nnen.<\/p><p>Dem Kunden von PSI war klar, dass der Prozess keine Maschinenstillstandszeiten f\u00fcr Filterwechsel tolerieren konnte, was bedeutete, dass der Siebwechsler kontinuierlich sein musste, um einen automatischen Wechsel von einem verstopften oder m\u00f6glicherweise kontaminierten Sieb auf ein neues, sauberes Sieb ohne Unterbrechung der Linie zu erm\u00f6glichen Nieder. PSI hat sich der Herausforderung gestellt und einen Siebwechsler geschaffen, der all diese Prozess- und Konstruktionsanforderungen erf\u00fcllt und sich nun \u00fcber mehrere Jahre im Betrieb bew\u00e4hrt hat.<\/p><p>Der PSI-Siebwechsler ist ein durchgehendes Design mit einfach zu wechselnden Siebpaketen. Es besteht aus 420er Edelstahl, um eine W\u00e4rmebehandlung zu erm\u00f6glichen und gleichzeitig Korrosion und Rost zu widerstehen. Dar\u00fcber hinaus ist der Siebwechsler wie gefordert wasserdicht und kann die extrem hohe Viskosit\u00e4t dieser Lebensmittelanwendung verarbeiten.\u00a0<\/p><p>Hydraulische Gleitplatten-Siebwechsler werden traditionell in der Lebensmittelindustrie f\u00fcr Chargenanwendungen wie Getreide, Maischips und andere verwendet. Der kontinuierliche Siebwechsler von PSI erm\u00f6glicht jedoch einen kontinuierlichen Extrusionsbetrieb rund um die Uhr und erm\u00f6glicht einen automatischen, einfachen Siebwechsel, wodurch Ausfallzeiten vermieden und ein System geschaffen werden, das sowohl effizienter als auch weniger anf\u00e4llig f\u00fcr Verunreinigungen ist als die hydraulische Standardversion.<\/p><p>\u201eDas ist eine spannende Anwendung f\u00fcr uns hier am PSI\u201c, sagt Glenn Woodcock, Pr\u00e4sident von PSI-Polymer Systems. \u201eDie Herausforderung, einen Siebwechsler zu entwickeln, der alle Standards der Lebensmittelindustrie erf\u00fcllt und gleichzeitig die Effizienz und den Wert f\u00fcr den Kunden steigert, ist etwas, von dem wir glauben, dass nicht viele Unternehmen in diesem Gesch\u00e4ft es h\u00e4tten bew\u00e4ltigen k\u00f6nnen. Wir bei PSI sind stolz auf unsere F\u00e4higkeit, innovativ zu sein und Grenzen zu \u00fcberschreiten, und wir haben dies erneut getan.\u201c<\/p>\t\t\t\t\t\t\t\t<\/div>\n\t\t\t\t<\/div>\n\t\t\t\t\t<\/div>\n\t\t<\/div>\n\t\t\t\t<div class=\"elementor-column elementor-col-50 elementor-top-column elementor-element elementor-element-10b202fe\" data-id=\"10b202fe\" data-element_type=\"column\" data-e-type=\"column\">\n\t\t\t<div class=\"elementor-widget-wrap\">\n\t\t\t\t\t\t\t<\/div>\n\t\t<\/div>\n\t\t\t\t\t<\/div>\n\t\t<\/section>\n\t\t\t\t<\/div>","protected":false},"excerpt":{"rendered":"<p>Kontinuierliche Siebwechsler von PSI-Polymer Systems Inc. leisten einwandfreie Arbeit bei anspruchsvoller S\u00fc\u00dfwarenanwendung in der Lebensmittelindustrie Conover, NC (8. April 2014) PSI-Polymer Systems hat k\u00fcrzlich einen modifizierten kontinuierlichen Siebwechsler an einen f\u00fchrenden US-amerikanischen S\u00fc\u00dfwarenhersteller zur Verwendung verkauft in einer anspruchsvollen Lebensmittelextrusionsanwendung. Die F\u00e4higkeit des Siebwechslers, in diesem einzigartigen [\u2026]<\/p>","protected":false},"author":2,"featured_media":0,"parent":5833,"menu_order":0,"comment_status":"closed","ping_status":"closed","template":"","meta":{"_monsterinsights_skip_tracking":false,"_monsterinsights_sitenote_active":false,"_monsterinsights_sitenote_note":"","_monsterinsights_sitenote_category":0,"footnotes":""},"class_list":["post-6002","page","type-page","status-publish","hentry"],"yoast_head":"<!-- This site is optimized with the Yoast SEO Premium plugin v25.0 (Yoast SEO v25.0) - https:\/\/yoast.com\/wordpress\/plugins\/seo\/ -->\n<title>PSI-Polymer Systems Inc.\u2019s Continuous Screen Changers Perform Flawlessly for Challenging Food Industry Candy Application Conover, NC (April 8, 2014) - PSI-Polymer Systems<\/title>\n<meta name=\"robots\" content=\"index, follow, max-snippet:-1, max-image-preview:large, max-video-preview:-1\" \/>\n<link rel=\"canonical\" href=\"https:\/\/www.psi-polymersystems.com\/de\/about-us\/press-releases\/psi-polymer-systems-inc-s-continuous-screen-changers-perform-flawlessly-for-challenging-food-industry-candy-application-conover-nc-april-8-2014\/\" \/>\n<meta property=\"og:locale\" content=\"de_DE\" \/>\n<meta property=\"og:type\" content=\"article\" \/>\n<meta property=\"og:title\" content=\"PSI-Polymer Systems Inc.\u2019s Continuous Screen Changers Perform Flawlessly for Challenging Food Industry Candy Application Conover, NC (April 8, 2014)\" \/>\n<meta property=\"og:description\" content=\"PSI-Polymer Systems Inc.\u2019s Continuous Screen Changers Perform Flawlessly for Challenging Food Industry Candy Application Conover, NC (April 8, 2014)\" \/>\n<meta property=\"og:url\" content=\"https:\/\/www.psi-polymersystems.com\/de\/about-us\/press-releases\/psi-polymer-systems-inc-s-continuous-screen-changers-perform-flawlessly-for-challenging-food-industry-candy-application-conover-nc-april-8-2014\/\" \/>\n<meta property=\"og:site_name\" content=\"PSI-Polymer Systems\" \/>\n<meta property=\"article:publisher\" content=\"https:\/\/www.facebook.com\/psipolymersystems\/\" \/>\n<meta property=\"article:modified_time\" content=\"2020-09-23T14:24:13+00:00\" \/>\n<meta name=\"twitter:card\" content=\"summary_large_image\" \/>\n<meta name=\"twitter:label1\" content=\"Gesch\u00e4tzte Lesezeit\" \/>\n\t<meta name=\"twitter:data1\" content=\"3\u00a0Minuten\" \/>\n<script type=\"application\/ld+json\" class=\"yoast-schema-graph\">{\"@context\":\"https:\/\/schema.org\",\"@graph\":[{\"@type\":\"WebPage\",\"@id\":\"https:\/\/www.psi-polymersystems.com\/es\/about-us\/press-releases\/psi-polymer-systems-inc-s-continuous-screen-changers-perform-flawlessly-for-challenging-food-industry-candy-application-conover-nc-april-8-2014\/\",\"url\":\"https:\/\/www.psi-polymersystems.com\/es\/about-us\/press-releases\/psi-polymer-systems-inc-s-continuous-screen-changers-perform-flawlessly-for-challenging-food-industry-candy-application-conover-nc-april-8-2014\/\",\"name\":\"PSI-Polymer Systems Inc.\u2019s Continuous Screen Changers Perform Flawlessly for Challenging Food Industry Candy Application Conover, NC (April 8, 2014) - PSI-Polymer Systems\",\"isPartOf\":{\"@id\":\"https:\/\/www.psi-polymersystems.com\/#website\"},\"datePublished\":\"2020-09-23T14:17:02+00:00\",\"dateModified\":\"2020-09-23T14:24:13+00:00\",\"breadcrumb\":{\"@id\":\"https:\/\/www.psi-polymersystems.com\/es\/about-us\/press-releases\/psi-polymer-systems-inc-s-continuous-screen-changers-perform-flawlessly-for-challenging-food-industry-candy-application-conover-nc-april-8-2014\/#breadcrumb\"},\"inLanguage\":\"de\",\"potentialAction\":[{\"@type\":\"ReadAction\",\"target\":[\"https:\/\/www.psi-polymersystems.com\/es\/about-us\/press-releases\/psi-polymer-systems-inc-s-continuous-screen-changers-perform-flawlessly-for-challenging-food-industry-candy-application-conover-nc-april-8-2014\/\"]}]},{\"@type\":\"BreadcrumbList\",\"@id\":\"https:\/\/www.psi-polymersystems.com\/es\/about-us\/press-releases\/psi-polymer-systems-inc-s-continuous-screen-changers-perform-flawlessly-for-challenging-food-industry-candy-application-conover-nc-april-8-2014\/#breadcrumb\",\"itemListElement\":[{\"@type\":\"ListItem\",\"position\":1,\"name\":\"Home\",\"item\":\"https:\/\/www.psi-polymersystems.com\/\"},{\"@type\":\"ListItem\",\"position\":2,\"name\":\"About Us\",\"item\":\"https:\/\/www.psi-polymersystems.com\/about-us\/\"},{\"@type\":\"ListItem\",\"position\":3,\"name\":\"Press Releases\",\"item\":\"https:\/\/www.psi-polymersystems.com\/about-us\/press-releases\/\"},{\"@type\":\"ListItem\",\"position\":4,\"name\":\"PSI-Polymer Systems Inc.\u2019s Continuous Screen Changers Perform Flawlessly for Challenging Food Industry Candy Application Conover, NC (April 8, 2014)\"}]},{\"@type\":\"WebSite\",\"@id\":\"https:\/\/www.psi-polymersystems.com\/#website\",\"url\":\"https:\/\/www.psi-polymersystems.com\/\",\"name\":\"PSI-Polymer Systems\",\"description\":\"\",\"publisher\":{\"@id\":\"https:\/\/www.psi-polymersystems.com\/#organization\"},\"potentialAction\":[{\"@type\":\"SearchAction\",\"target\":{\"@type\":\"EntryPoint\",\"urlTemplate\":\"https:\/\/www.psi-polymersystems.com\/?s={search_term_string}\"},\"query-input\":{\"@type\":\"PropertyValueSpecification\",\"valueRequired\":true,\"valueName\":\"search_term_string\"}}],\"inLanguage\":\"de\"},{\"@type\":\"Organization\",\"@id\":\"https:\/\/www.psi-polymersystems.com\/#organization\",\"name\":\"PSI-Polymer Systems, Inc.\",\"url\":\"https:\/\/www.psi-polymersystems.com\/\",\"logo\":{\"@type\":\"ImageObject\",\"inLanguage\":\"de\",\"@id\":\"https:\/\/www.psi-polymersystems.com\/#\/schema\/logo\/image\/\",\"url\":\"\",\"contentUrl\":\"\",\"caption\":\"PSI-Polymer Systems, Inc.\"},\"image\":{\"@id\":\"https:\/\/www.psi-polymersystems.com\/#\/schema\/logo\/image\/\"},\"sameAs\":[\"https:\/\/www.facebook.com\/psipolymersystems\/\",\"https:\/\/www.linkedin.com\/showcase\/psi-polymer-systems\"]}]}<\/script>\n<!-- \/ Yoast SEO Premium plugin. -->","yoast_head_json":{"title":"PSI-Polymer Systems Inc.\u2019s Continuous Screen Changers Perform Flawlessly for Challenging Food Industry Candy Application Conover, NC (April 8, 2014) - PSI-Polymer Systems","robots":{"index":"index","follow":"follow","max-snippet":"max-snippet:-1","max-image-preview":"max-image-preview:large","max-video-preview":"max-video-preview:-1"},"canonical":"https:\/\/www.psi-polymersystems.com\/de\/about-us\/press-releases\/psi-polymer-systems-inc-s-continuous-screen-changers-perform-flawlessly-for-challenging-food-industry-candy-application-conover-nc-april-8-2014\/","og_locale":"de_DE","og_type":"article","og_title":"PSI-Polymer Systems Inc.\u2019s Continuous Screen Changers Perform Flawlessly for Challenging Food Industry Candy Application Conover, NC (April 8, 2014)","og_description":"PSI-Polymer Systems Inc.\u2019s Continuous Screen Changers Perform Flawlessly for Challenging Food Industry Candy Application Conover, NC (April 8, 2014)","og_url":"https:\/\/www.psi-polymersystems.com\/de\/about-us\/press-releases\/psi-polymer-systems-inc-s-continuous-screen-changers-perform-flawlessly-for-challenging-food-industry-candy-application-conover-nc-april-8-2014\/","og_site_name":"PSI-Polymer Systems","article_publisher":"https:\/\/www.facebook.com\/psipolymersystems\/","article_modified_time":"2020-09-23T14:24:13+00:00","twitter_card":"summary_large_image","twitter_misc":{"Gesch\u00e4tzte Lesezeit":"3\u00a0Minuten"},"schema":{"@context":"https:\/\/schema.org","@graph":[{"@type":"WebPage","@id":"https:\/\/www.psi-polymersystems.com\/es\/about-us\/press-releases\/psi-polymer-systems-inc-s-continuous-screen-changers-perform-flawlessly-for-challenging-food-industry-candy-application-conover-nc-april-8-2014\/","url":"https:\/\/www.psi-polymersystems.com\/es\/about-us\/press-releases\/psi-polymer-systems-inc-s-continuous-screen-changers-perform-flawlessly-for-challenging-food-industry-candy-application-conover-nc-april-8-2014\/","name":"PSI-Polymer Systems Inc.\u2019s Continuous Screen Changers Perform Flawlessly for Challenging Food Industry Candy Application Conover, NC (April 8, 2014) - PSI-Polymer Systems","isPartOf":{"@id":"https:\/\/www.psi-polymersystems.com\/#website"},"datePublished":"2020-09-23T14:17:02+00:00","dateModified":"2020-09-23T14:24:13+00:00","breadcrumb":{"@id":"https:\/\/www.psi-polymersystems.com\/es\/about-us\/press-releases\/psi-polymer-systems-inc-s-continuous-screen-changers-perform-flawlessly-for-challenging-food-industry-candy-application-conover-nc-april-8-2014\/#breadcrumb"},"inLanguage":"de","potentialAction":[{"@type":"ReadAction","target":["https:\/\/www.psi-polymersystems.com\/es\/about-us\/press-releases\/psi-polymer-systems-inc-s-continuous-screen-changers-perform-flawlessly-for-challenging-food-industry-candy-application-conover-nc-april-8-2014\/"]}]},{"@type":"BreadcrumbList","@id":"https:\/\/www.psi-polymersystems.com\/es\/about-us\/press-releases\/psi-polymer-systems-inc-s-continuous-screen-changers-perform-flawlessly-for-challenging-food-industry-candy-application-conover-nc-april-8-2014\/#breadcrumb","itemListElement":[{"@type":"ListItem","position":1,"name":"Home","item":"https:\/\/www.psi-polymersystems.com\/"},{"@type":"ListItem","position":2,"name":"About Us","item":"https:\/\/www.psi-polymersystems.com\/about-us\/"},{"@type":"ListItem","position":3,"name":"Press Releases","item":"https:\/\/www.psi-polymersystems.com\/about-us\/press-releases\/"},{"@type":"ListItem","position":4,"name":"PSI-Polymer Systems Inc.\u2019s Continuous Screen Changers Perform Flawlessly for Challenging Food Industry Candy Application Conover, NC (April 8, 2014)"}]},{"@type":"WebSite","@id":"https:\/\/www.psi-polymersystems.com\/#website","url":"https:\/\/www.psi-polymersystems.com\/","name":"PSI-Polymer Systems","description":"","publisher":{"@id":"https:\/\/www.psi-polymersystems.com\/#organization"},"potentialAction":[{"@type":"SearchAction","target":{"@type":"EntryPoint","urlTemplate":"https:\/\/www.psi-polymersystems.com\/?s={search_term_string}"},"query-input":{"@type":"PropertyValueSpecification","valueRequired":true,"valueName":"search_term_string"}}],"inLanguage":"de"},{"@type":"Organization","@id":"https:\/\/www.psi-polymersystems.com\/#organization","name":"PSI-Polymer Systems, Inc.","url":"https:\/\/www.psi-polymersystems.com\/","logo":{"@type":"ImageObject","inLanguage":"de","@id":"https:\/\/www.psi-polymersystems.com\/#\/schema\/logo\/image\/","url":"","contentUrl":"","caption":"PSI-Polymer Systems, Inc."},"image":{"@id":"https:\/\/www.psi-polymersystems.com\/#\/schema\/logo\/image\/"},"sameAs":["https:\/\/www.facebook.com\/psipolymersystems\/","https:\/\/www.linkedin.com\/showcase\/psi-polymer-systems"]}]}},"_links":{"self":[{"href":"https:\/\/www.psi-polymersystems.com\/de\/wp-json\/wp\/v2\/pages\/6002","targetHints":{"allow":["GET"]}}],"collection":[{"href":"https:\/\/www.psi-polymersystems.com\/de\/wp-json\/wp\/v2\/pages"}],"about":[{"href":"https:\/\/www.psi-polymersystems.com\/de\/wp-json\/wp\/v2\/types\/page"}],"author":[{"embeddable":true,"href":"https:\/\/www.psi-polymersystems.com\/de\/wp-json\/wp\/v2\/users\/2"}],"replies":[{"embeddable":true,"href":"https:\/\/www.psi-polymersystems.com\/de\/wp-json\/wp\/v2\/comments?post=6002"}],"version-history":[{"count":0,"href":"https:\/\/www.psi-polymersystems.com\/de\/wp-json\/wp\/v2\/pages\/6002\/revisions"}],"up":[{"embeddable":true,"href":"https:\/\/www.psi-polymersystems.com\/de\/wp-json\/wp\/v2\/pages\/5833"}],"wp:attachment":[{"href":"https:\/\/www.psi-polymersystems.com\/de\/wp-json\/wp\/v2\/media?parent=6002"}],"curies":[{"name":"wp","href":"https:\/\/api.w.org\/{rel}","templated":true}]}}