{"id":6007,"date":"2020-09-23T14:22:19","date_gmt":"2020-09-23T14:22:19","guid":{"rendered":"https:\/\/psi-polymersystems.com\/?page_id=6007"},"modified":"2020-09-23T14:23:58","modified_gmt":"2020-09-23T14:23:58","slug":"psi-polymer-systems-gear-pumps-feature-multiple-manifolds-for-fast-changeovers-reducing-downtime-and-increasing-product-quality-conover-nc-august-15-2014","status":"publish","type":"page","link":"https:\/\/www.psi-polymersystems.com\/de\/about-us\/press-releases\/psi-polymer-systems-gear-pumps-feature-multiple-manifolds-for-fast-changeovers-reducing-downtime-and-increasing-product-quality-conover-nc-august-15-2014\/","title":{"rendered":"Zahnradpumpen von PSI-Polymer Systems verf\u00fcgen \u00fcber mehrere Verteiler f\u00fcr schnelles Umr\u00fcsten \u2013 Reduzierung von Ausfallzeiten und Erh\u00f6hung der Produktqualit\u00e4t Conover, NC (15. August 2014)"},"content":{"rendered":"<div data-elementor-type=\"wp-page\" data-elementor-id=\"6007\" class=\"elementor elementor-6007\" data-elementor-post-type=\"page\">\n\t\t\t\t\t\t<section class=\"elementor-section elementor-top-section elementor-element elementor-element-50b0eaf6 elementor-section-boxed elementor-section-height-default elementor-section-height-default\" data-id=\"50b0eaf6\" data-element_type=\"section\" data-e-type=\"section\">\n\t\t\t\t\t\t<div class=\"elementor-container elementor-column-gap-default\">\n\t\t\t\t\t<div class=\"elementor-column elementor-col-50 elementor-top-column elementor-element elementor-element-4de651ae\" data-id=\"4de651ae\" data-element_type=\"column\" data-e-type=\"column\">\n\t\t\t<div class=\"elementor-widget-wrap elementor-element-populated\">\n\t\t\t\t\t\t<div class=\"elementor-element elementor-element-29644d03 elementor-widget elementor-widget-heading\" data-id=\"29644d03\" data-element_type=\"widget\" data-e-type=\"widget\" data-widget_type=\"heading.default\">\n\t\t\t\t<div class=\"elementor-widget-container\">\n\t\t\t\t\t<h2 class=\"elementor-heading-title elementor-size-default\">Zahnradpumpen von PSI-Polymer Systems verf\u00fcgen \u00fcber mehrere Verteiler f\u00fcr schnelles Umr\u00fcsten \u2013 Reduzierung von Ausfallzeiten und Erh\u00f6hung der Produktqualit\u00e4t Conover, NC (15. August 2014)<\/h2>\t\t\t\t<\/div>\n\t\t\t\t<\/div>\n\t\t\t\t<div class=\"elementor-element elementor-element-1a3cb98 elementor-widget elementor-widget-text-editor\" data-id=\"1a3cb98\" data-element_type=\"widget\" data-e-type=\"widget\" data-widget_type=\"text-editor.default\">\n\t\t\t\t<div class=\"elementor-widget-container\">\n\t\t\t\t\t\t\t\t\t<p>PSI-Polymer Systems ist seit vielen Jahren Branchenf\u00fchrer in der Herstellung von Extrusionszahnradpumpen mit vielf\u00e4ltigen Optionen. K\u00fcrzlich wurden sie aufgefordert, ihr Produkt f\u00fcr mehrere anspruchsvolle, hochmoderne Anwendungen anzupassen, und ihre Ingenieure waren dieser Aufgabe gewachsen.<\/p><p>Eine dieser herausfordernden Anwendungen, mit denen sie vorgestellt wurden, betraf ein komplexes Verteilersystem mit Reihen von vier Zahnradpumpen f\u00fcr jeden Extruder. Die von PSI konstruierten Ventile konnten den Durchfluss zu jeder Pumpe regulieren und sogar stoppen. Die Anwendung umfasste sowohl einen Doppelschneckenextruder als auch einen Einschneckenextruder, wobei die Doppelschnecke eine unterschiedliche Beschickung des Systems erforderte, um die richtige Mischung zu liefern. Das verwendete Kunststoffmaterial war PEEK, was aufgrund der Empfindlichkeit und der erforderlichen hohen Temperaturen eine Herausforderung in der Verarbeitung darstellte. Da sich PEEK leicht zersetzt, war ein kundenspezifisches Design erforderlich, um die richtigen Str\u00f6mungsgeometrien sicherzustellen. PSI gestaltete die Str\u00f6mungsbereiche im Verteiler so, dass es innerhalb des Verteilerblocks keine potenziellen Abbaubereiche f\u00fcr Material gab. Erschwerend kam hinzu, dass der Kunde PEEK zum Beschichten von fasergef\u00fclltem Material verwendete und nicht mehr als 0,51 TP2T Abweichung zulassen konnte.<\/p><p>PSI hat f\u00fcr diese Anwendung ein kundenspezifisches Steuerungssystem entwickelt, das einen kundenspezifisch geschriebenen Code f\u00fcr die Steuerung enth\u00e4lt, um all diese Anforderungen zu erf\u00fcllen. Sie haben 4 Ventile mit Verschlussmechanismen vorgeschaltet, die jeweils zur individuellen Steuerung beitragen. Wenn eine Pumpe abgeschaltet wird, erkennt die Steuerung dies und kompensiert den Durchfluss. Dies erm\u00f6glicht die richtige Str\u00f6mungsgeometrie, superkritische Toleranzen und leicht weniger als 0,51 TP2T-Varianz. Das System funktionierte so gut, dass der Kunde zwei Ersatzpumpen kaufte, die er ein- und auswechseln konnte.<\/p><p>F\u00fcr eine zweite Anwendung versuchte ein Kunde, 6 Kunststoff-Umreifungsb\u00e4nder mit einem einzigen Extruder herzustellen. Sie versuchten, alle 6 Str\u00e4nge mit einer Zahnradpumpe zu steuern; Das Problem bestand darin, dass sie den Durchfluss st\u00e4ndig anpassen mussten, und nachdem sie diese \u00c4nderungen vorgenommen hatten, waren Temperaturprofile und Durchflussprofile nicht konsistent. Das Ergebnis war eine ineffiziente Produktion und eine nicht akzeptable Menge an Ausschussmaterial. Das PSI wurde beauftragt, das Problem zu analysieren und zu l\u00f6sen.\u00a0<\/p><p>Nach der Analyse empfahl und lieferte das PSI eine L\u00f6sung, die den Einsatz von 3 Zahnradpumpen mit Verteilern beinhaltete. Mit der neuen PSI-Einheit werden zwei Str\u00e4nge pro Pumpe angesteuert. Eine Links-Rechts-Mitte-Str\u00f6mung sorgt f\u00fcr eine gleichm\u00e4\u00dfige Str\u00f6mung in jedem Kanal, bessere Str\u00f6mungsgeometrien, eine bessere Materialverteilung und weniger Schwankungen der Materialdicke. Die von PSI bereitgestellten \u00dcberg\u00e4nge, Verteiler und Adapter sorgen f\u00fcr einen gleichm\u00e4\u00dfigen Durchfluss, was zu einer identischen Produktqualit\u00e4t f\u00fchrt. PSI lieferte auch eine kundenspezifische Pumpensystemsteuerung f\u00fcr diese Anwendung. Es funktioniert mit allen f\u00fchrenden Plattformen und kann in mehreren Sprachen kommunizieren.<\/p><p>Ein zus\u00e4tzlicher Vorteil der PSI-L\u00f6sung besteht darin, dass der Verarbeiter jetzt die Flexibilit\u00e4t hat, zus\u00e4tzliches Mahlgut zu verwenden und so Geld zu sparen. Das Hauptmaterial, das verwendet wird, ist PP-Neuware, aber aufgrund der besseren Kontrolle des Prozesses k\u00f6nnen sie mit betriebsinternem Mahlgut \u00fcberdurchschnittliches Material produzieren.<\/p><p>\u00a0\u201eWir bei PSI sind stolz darauf, diese kundenspezifischen L\u00f6sungen entwickeln zu k\u00f6nnen, die zur L\u00f6sung der komplexen Anwendungen unserer Kunden beitragen\u201c, sagte Glenn Woodcock, Pr\u00e4sident von PSI-Polymer Systems.<\/p>\t\t\t\t\t\t\t\t<\/div>\n\t\t\t\t<\/div>\n\t\t\t\t\t<\/div>\n\t\t<\/div>\n\t\t\t\t<div class=\"elementor-column elementor-col-50 elementor-top-column elementor-element elementor-element-1b5b9d12\" data-id=\"1b5b9d12\" data-element_type=\"column\" data-e-type=\"column\">\n\t\t\t<div class=\"elementor-widget-wrap\">\n\t\t\t\t\t\t\t<\/div>\n\t\t<\/div>\n\t\t\t\t\t<\/div>\n\t\t<\/section>\n\t\t\t\t<\/div>","protected":false},"excerpt":{"rendered":"<p>Zahnradpumpen von PSI-Polymer Systems verf\u00fcgen \u00fcber mehrere Verteiler f\u00fcr schnelles Umr\u00fcsten \u2013 Reduzierung von Ausfallzeiten und Erh\u00f6hung der Produktqualit\u00e4t Conover, NC (15. August 2014) PSI-Polymer Systems ist seit vielen Jahren ein Branchenf\u00fchrer in der Herstellung von Extrusions-Zahnradpumpen mit Verteileroptionen . K\u00fcrzlich wurden sie aufgefordert, ihr Produkt f\u00fcr mehrere herausfordernde, [\u2026]<\/p>","protected":false},"author":2,"featured_media":0,"parent":5833,"menu_order":0,"comment_status":"closed","ping_status":"closed","template":"","meta":{"_monsterinsights_skip_tracking":false,"_monsterinsights_sitenote_active":false,"_monsterinsights_sitenote_note":"","_monsterinsights_sitenote_category":0,"footnotes":""},"class_list":["post-6007","page","type-page","status-publish","hentry"],"yoast_head":"<!-- This site is optimized with the Yoast SEO Premium plugin v25.0 (Yoast SEO v25.0) - https:\/\/yoast.com\/wordpress\/plugins\/seo\/ -->\n<title>PSI-Polymer Systems Gear Pumps Feature Multiple Manifolds For Fast Changeovers \u2013 Reducing Downtime and Increasing Product Quality Conover, NC (August 15, 2014) - PSI-Polymer Systems<\/title>\n<meta name=\"robots\" content=\"index, follow, max-snippet:-1, max-image-preview:large, max-video-preview:-1\" \/>\n<link rel=\"canonical\" href=\"https:\/\/www.psi-polymersystems.com\/de\/about-us\/press-releases\/psi-polymer-systems-gear-pumps-feature-multiple-manifolds-for-fast-changeovers-reducing-downtime-and-increasing-product-quality-conover-nc-august-15-2014\/\" \/>\n<meta property=\"og:locale\" content=\"de_DE\" \/>\n<meta property=\"og:type\" content=\"article\" \/>\n<meta property=\"og:title\" content=\"PSI-Polymer Systems Gear Pumps Feature Multiple Manifolds For Fast Changeovers \u2013 Reducing Downtime and Increasing Product Quality Conover, NC (August 15, 2014)\" \/>\n<meta property=\"og:description\" content=\"PSI-Polymer Systems Gear Pumps Feature Multiple Manifolds For Fast Changeovers \u2013 Reducing Downtime and Increasing Product Quality Conover, NC (August 15,\" \/>\n<meta property=\"og:url\" content=\"https:\/\/www.psi-polymersystems.com\/de\/about-us\/press-releases\/psi-polymer-systems-gear-pumps-feature-multiple-manifolds-for-fast-changeovers-reducing-downtime-and-increasing-product-quality-conover-nc-august-15-2014\/\" \/>\n<meta property=\"og:site_name\" content=\"PSI-Polymer Systems\" \/>\n<meta property=\"article:publisher\" content=\"https:\/\/www.facebook.com\/psipolymersystems\/\" \/>\n<meta property=\"article:modified_time\" content=\"2020-09-23T14:23:58+00:00\" \/>\n<meta name=\"twitter:card\" content=\"summary_large_image\" \/>\n<meta name=\"twitter:label1\" content=\"Gesch\u00e4tzte Lesezeit\" \/>\n\t<meta name=\"twitter:data1\" content=\"3\u00a0Minuten\" \/>\n<script type=\"application\/ld+json\" class=\"yoast-schema-graph\">{\"@context\":\"https:\/\/schema.org\",\"@graph\":[{\"@type\":\"WebPage\",\"@id\":\"https:\/\/www.psi-polymersystems.com\/es\/about-us\/press-releases\/psi-polymer-systems-gear-pumps-feature-multiple-manifolds-for-fast-changeovers-reducing-downtime-and-increasing-product-quality-conover-nc-august-15-2014\/\",\"url\":\"https:\/\/www.psi-polymersystems.com\/es\/about-us\/press-releases\/psi-polymer-systems-gear-pumps-feature-multiple-manifolds-for-fast-changeovers-reducing-downtime-and-increasing-product-quality-conover-nc-august-15-2014\/\",\"name\":\"PSI-Polymer Systems Gear Pumps Feature Multiple Manifolds For Fast Changeovers \u2013 Reducing Downtime and Increasing Product Quality Conover, NC (August 15, 2014) - PSI-Polymer Systems\",\"isPartOf\":{\"@id\":\"https:\/\/www.psi-polymersystems.com\/#website\"},\"datePublished\":\"2020-09-23T14:22:19+00:00\",\"dateModified\":\"2020-09-23T14:23:58+00:00\",\"breadcrumb\":{\"@id\":\"https:\/\/www.psi-polymersystems.com\/es\/about-us\/press-releases\/psi-polymer-systems-gear-pumps-feature-multiple-manifolds-for-fast-changeovers-reducing-downtime-and-increasing-product-quality-conover-nc-august-15-2014\/#breadcrumb\"},\"inLanguage\":\"de\",\"potentialAction\":[{\"@type\":\"ReadAction\",\"target\":[\"https:\/\/www.psi-polymersystems.com\/es\/about-us\/press-releases\/psi-polymer-systems-gear-pumps-feature-multiple-manifolds-for-fast-changeovers-reducing-downtime-and-increasing-product-quality-conover-nc-august-15-2014\/\"]}]},{\"@type\":\"BreadcrumbList\",\"@id\":\"https:\/\/www.psi-polymersystems.com\/es\/about-us\/press-releases\/psi-polymer-systems-gear-pumps-feature-multiple-manifolds-for-fast-changeovers-reducing-downtime-and-increasing-product-quality-conover-nc-august-15-2014\/#breadcrumb\",\"itemListElement\":[{\"@type\":\"ListItem\",\"position\":1,\"name\":\"Home\",\"item\":\"https:\/\/www.psi-polymersystems.com\/\"},{\"@type\":\"ListItem\",\"position\":2,\"name\":\"About Us\",\"item\":\"https:\/\/www.psi-polymersystems.com\/about-us\/\"},{\"@type\":\"ListItem\",\"position\":3,\"name\":\"Press Releases\",\"item\":\"https:\/\/www.psi-polymersystems.com\/about-us\/press-releases\/\"},{\"@type\":\"ListItem\",\"position\":4,\"name\":\"PSI-Polymer Systems Gear Pumps Feature Multiple Manifolds For Fast Changeovers \u2013 Reducing Downtime and Increasing Product Quality Conover, NC (August 15, 2014)\"}]},{\"@type\":\"WebSite\",\"@id\":\"https:\/\/www.psi-polymersystems.com\/#website\",\"url\":\"https:\/\/www.psi-polymersystems.com\/\",\"name\":\"PSI-Polymer Systems\",\"description\":\"\",\"publisher\":{\"@id\":\"https:\/\/www.psi-polymersystems.com\/#organization\"},\"potentialAction\":[{\"@type\":\"SearchAction\",\"target\":{\"@type\":\"EntryPoint\",\"urlTemplate\":\"https:\/\/www.psi-polymersystems.com\/?s={search_term_string}\"},\"query-input\":{\"@type\":\"PropertyValueSpecification\",\"valueRequired\":true,\"valueName\":\"search_term_string\"}}],\"inLanguage\":\"de\"},{\"@type\":\"Organization\",\"@id\":\"https:\/\/www.psi-polymersystems.com\/#organization\",\"name\":\"PSI-Polymer Systems, Inc.\",\"url\":\"https:\/\/www.psi-polymersystems.com\/\",\"logo\":{\"@type\":\"ImageObject\",\"inLanguage\":\"de\",\"@id\":\"https:\/\/www.psi-polymersystems.com\/#\/schema\/logo\/image\/\",\"url\":\"\",\"contentUrl\":\"\",\"caption\":\"PSI-Polymer Systems, Inc.\"},\"image\":{\"@id\":\"https:\/\/www.psi-polymersystems.com\/#\/schema\/logo\/image\/\"},\"sameAs\":[\"https:\/\/www.facebook.com\/psipolymersystems\/\",\"https:\/\/www.linkedin.com\/showcase\/psi-polymer-systems\"]}]}<\/script>\n<!-- \/ Yoast SEO Premium plugin. -->","yoast_head_json":{"title":"PSI-Polymer Systems Gear Pumps Feature Multiple Manifolds For Fast Changeovers \u2013 Reducing Downtime and Increasing Product Quality Conover, NC (August 15, 2014) - PSI-Polymer Systems","robots":{"index":"index","follow":"follow","max-snippet":"max-snippet:-1","max-image-preview":"max-image-preview:large","max-video-preview":"max-video-preview:-1"},"canonical":"https:\/\/www.psi-polymersystems.com\/de\/about-us\/press-releases\/psi-polymer-systems-gear-pumps-feature-multiple-manifolds-for-fast-changeovers-reducing-downtime-and-increasing-product-quality-conover-nc-august-15-2014\/","og_locale":"de_DE","og_type":"article","og_title":"PSI-Polymer Systems Gear Pumps Feature Multiple Manifolds For Fast Changeovers \u2013 Reducing Downtime and Increasing Product Quality Conover, NC (August 15, 2014)","og_description":"PSI-Polymer Systems Gear Pumps Feature Multiple Manifolds For Fast Changeovers \u2013 Reducing Downtime and Increasing Product Quality Conover, NC (August 15,","og_url":"https:\/\/www.psi-polymersystems.com\/de\/about-us\/press-releases\/psi-polymer-systems-gear-pumps-feature-multiple-manifolds-for-fast-changeovers-reducing-downtime-and-increasing-product-quality-conover-nc-august-15-2014\/","og_site_name":"PSI-Polymer Systems","article_publisher":"https:\/\/www.facebook.com\/psipolymersystems\/","article_modified_time":"2020-09-23T14:23:58+00:00","twitter_card":"summary_large_image","twitter_misc":{"Gesch\u00e4tzte Lesezeit":"3\u00a0Minuten"},"schema":{"@context":"https:\/\/schema.org","@graph":[{"@type":"WebPage","@id":"https:\/\/www.psi-polymersystems.com\/es\/about-us\/press-releases\/psi-polymer-systems-gear-pumps-feature-multiple-manifolds-for-fast-changeovers-reducing-downtime-and-increasing-product-quality-conover-nc-august-15-2014\/","url":"https:\/\/www.psi-polymersystems.com\/es\/about-us\/press-releases\/psi-polymer-systems-gear-pumps-feature-multiple-manifolds-for-fast-changeovers-reducing-downtime-and-increasing-product-quality-conover-nc-august-15-2014\/","name":"PSI-Polymer Systems Gear Pumps Feature Multiple Manifolds For Fast Changeovers \u2013 Reducing Downtime and Increasing Product Quality Conover, NC (August 15, 2014) - PSI-Polymer Systems","isPartOf":{"@id":"https:\/\/www.psi-polymersystems.com\/#website"},"datePublished":"2020-09-23T14:22:19+00:00","dateModified":"2020-09-23T14:23:58+00:00","breadcrumb":{"@id":"https:\/\/www.psi-polymersystems.com\/es\/about-us\/press-releases\/psi-polymer-systems-gear-pumps-feature-multiple-manifolds-for-fast-changeovers-reducing-downtime-and-increasing-product-quality-conover-nc-august-15-2014\/#breadcrumb"},"inLanguage":"de","potentialAction":[{"@type":"ReadAction","target":["https:\/\/www.psi-polymersystems.com\/es\/about-us\/press-releases\/psi-polymer-systems-gear-pumps-feature-multiple-manifolds-for-fast-changeovers-reducing-downtime-and-increasing-product-quality-conover-nc-august-15-2014\/"]}]},{"@type":"BreadcrumbList","@id":"https:\/\/www.psi-polymersystems.com\/es\/about-us\/press-releases\/psi-polymer-systems-gear-pumps-feature-multiple-manifolds-for-fast-changeovers-reducing-downtime-and-increasing-product-quality-conover-nc-august-15-2014\/#breadcrumb","itemListElement":[{"@type":"ListItem","position":1,"name":"Home","item":"https:\/\/www.psi-polymersystems.com\/"},{"@type":"ListItem","position":2,"name":"About Us","item":"https:\/\/www.psi-polymersystems.com\/about-us\/"},{"@type":"ListItem","position":3,"name":"Press Releases","item":"https:\/\/www.psi-polymersystems.com\/about-us\/press-releases\/"},{"@type":"ListItem","position":4,"name":"PSI-Polymer Systems Gear Pumps Feature Multiple Manifolds For Fast Changeovers \u2013 Reducing Downtime and Increasing Product Quality Conover, NC (August 15, 2014)"}]},{"@type":"WebSite","@id":"https:\/\/www.psi-polymersystems.com\/#website","url":"https:\/\/www.psi-polymersystems.com\/","name":"PSI-Polymer Systems","description":"","publisher":{"@id":"https:\/\/www.psi-polymersystems.com\/#organization"},"potentialAction":[{"@type":"SearchAction","target":{"@type":"EntryPoint","urlTemplate":"https:\/\/www.psi-polymersystems.com\/?s={search_term_string}"},"query-input":{"@type":"PropertyValueSpecification","valueRequired":true,"valueName":"search_term_string"}}],"inLanguage":"de"},{"@type":"Organization","@id":"https:\/\/www.psi-polymersystems.com\/#organization","name":"PSI-Polymer Systems, Inc.","url":"https:\/\/www.psi-polymersystems.com\/","logo":{"@type":"ImageObject","inLanguage":"de","@id":"https:\/\/www.psi-polymersystems.com\/#\/schema\/logo\/image\/","url":"","contentUrl":"","caption":"PSI-Polymer Systems, Inc."},"image":{"@id":"https:\/\/www.psi-polymersystems.com\/#\/schema\/logo\/image\/"},"sameAs":["https:\/\/www.facebook.com\/psipolymersystems\/","https:\/\/www.linkedin.com\/showcase\/psi-polymer-systems"]}]}},"_links":{"self":[{"href":"https:\/\/www.psi-polymersystems.com\/de\/wp-json\/wp\/v2\/pages\/6007","targetHints":{"allow":["GET"]}}],"collection":[{"href":"https:\/\/www.psi-polymersystems.com\/de\/wp-json\/wp\/v2\/pages"}],"about":[{"href":"https:\/\/www.psi-polymersystems.com\/de\/wp-json\/wp\/v2\/types\/page"}],"author":[{"embeddable":true,"href":"https:\/\/www.psi-polymersystems.com\/de\/wp-json\/wp\/v2\/users\/2"}],"replies":[{"embeddable":true,"href":"https:\/\/www.psi-polymersystems.com\/de\/wp-json\/wp\/v2\/comments?post=6007"}],"version-history":[{"count":0,"href":"https:\/\/www.psi-polymersystems.com\/de\/wp-json\/wp\/v2\/pages\/6007\/revisions"}],"up":[{"embeddable":true,"href":"https:\/\/www.psi-polymersystems.com\/de\/wp-json\/wp\/v2\/pages\/5833"}],"wp:attachment":[{"href":"https:\/\/www.psi-polymersystems.com\/de\/wp-json\/wp\/v2\/media?parent=6007"}],"curies":[{"name":"wp","href":"https:\/\/api.w.org\/{rel}","templated":true}]}}