{"id":6016,"date":"2020-09-23T14:32:11","date_gmt":"2020-09-23T14:32:11","guid":{"rendered":"https:\/\/psi-polymersystems.com\/?page_id=6016"},"modified":"2020-09-23T14:35:44","modified_gmt":"2020-09-23T14:35:44","slug":"psi-polymer-systems-inc-offers-die-change-solutions-for-foam-extrusion-and-other-applications-conover-nc-august-15-2014","status":"publish","type":"page","link":"https:\/\/www.psi-polymersystems.com\/de\/about-us\/press-releases\/psi-polymer-systems-inc-offers-die-change-solutions-for-foam-extrusion-and-other-applications-conover-nc-august-15-2014\/","title":{"rendered":"PSI-Polymer Systems Inc. bietet Werkzeugwechsell\u00f6sungen f\u00fcr Schaumextrusion und andere Anwendungen an Conover, NC (15. August 2014)"},"content":{"rendered":"<div data-elementor-type=\"wp-page\" data-elementor-id=\"6016\" class=\"elementor elementor-6016\" data-elementor-post-type=\"page\">\n\t\t\t\t\t\t<section class=\"elementor-section elementor-top-section elementor-element elementor-element-74a677de elementor-section-boxed elementor-section-height-default elementor-section-height-default\" data-id=\"74a677de\" data-element_type=\"section\" data-e-type=\"section\">\n\t\t\t\t\t\t<div class=\"elementor-container elementor-column-gap-default\">\n\t\t\t\t\t<div class=\"elementor-column elementor-col-50 elementor-top-column elementor-element elementor-element-50c2ae4f\" data-id=\"50c2ae4f\" data-element_type=\"column\" data-e-type=\"column\">\n\t\t\t<div class=\"elementor-widget-wrap elementor-element-populated\">\n\t\t\t\t\t\t<div class=\"elementor-element elementor-element-63836dda elementor-widget elementor-widget-heading\" data-id=\"63836dda\" data-element_type=\"widget\" data-e-type=\"widget\" data-widget_type=\"heading.default\">\n\t\t\t\t<div class=\"elementor-widget-container\">\n\t\t\t\t\t<h2 class=\"elementor-heading-title elementor-size-default\">PSI-Polymer Systems Inc. bietet Werkzeugwechsell\u00f6sungen f\u00fcr Schaumextrusion und andere Anwendungen an Conover, NC (15. August 2014)<\/h2>\t\t\t\t<\/div>\n\t\t\t\t<\/div>\n\t\t\t\t<div class=\"elementor-element elementor-element-778149d6 elementor-widget elementor-widget-text-editor\" data-id=\"778149d6\" data-element_type=\"widget\" data-e-type=\"widget\" data-widget_type=\"text-editor.default\">\n\t\t\t\t<div class=\"elementor-widget-container\">\n\t\t\t\t\t\t\t\t\t<p>PSI-Polymer Systems ist stolz darauf, innovative und innovative L\u00f6sungen f\u00fcr allt\u00e4gliche Probleme von Verarbeitern zu schaffen. Ein solches Problem, das Extruder st\u00e4ndig frustriert, sind Ausfallzeiten im Zusammenhang mit dem Werkzeugwechsel. Beim Wechseln der D\u00fcse kann es bis zu 8 Stunden dauern, die neue einzusetzen, aber in vielen F\u00e4llen dauert es nur zwei Minuten, bis die Zellstruktur des extrudierten Materials beeintr\u00e4chtigt ist. Sobald dies geschieht, muss das Material aus dem System gesp\u00fclt und gereinigt werden, was zu unerw\u00fcnschten Wartungsarbeiten und Ausfallzeiten f\u00fchrt.<\/p><p>PSI Polymer Systems hat die L\u00f6sung entwickelt. Sie haben ihre Bildschirmwechsler so modifiziert, dass sie zwei Chips anstelle von nur einem anbringen, sodass der andere normal weiterlaufen kann, wenn ein Chip ausgefallen ist. Diese F\u00e4higkeit erm\u00f6glicht es dem Extruder, weiter zu laufen, selbst wenn die andere Matrize ausgetauscht wird, wodurch Ausfallzeiten durch den Matrizenwechsel vollst\u00e4ndig eliminiert werden.<\/p><p>Dar\u00fcber hinaus haben sie Matrizen mit Radaufs\u00e4tzen entwickelt, die sich leicht von einem zum anderen verschieben lassen, was eine viel gr\u00f6\u00dfere Flexibilit\u00e4t erm\u00f6glicht. Es verhindert auch die M\u00f6glichkeit einer Fehlausrichtung mit der nachgeschalteten Ausr\u00fcstung bei der Installation der neuen Matrize, ein weiteres Problem, das Ihren gesamten Prozess zum Stillstand bringen k\u00f6nnte. Die L\u00f6sungen von PSI verwandeln den 2-st\u00fcndigen Werkzeugwechselprozess effektiv in eine Sache von Minuten.<\/p><p>In einer weiteren k\u00fcrzlich durchgef\u00fchrten Profilextrusionsanwendung f\u00fcr Schaumprodukte lieferte PSI einen Leitungsumlenker (&#039;Y&#039;-Block), um die Stillstandszeit f\u00fcr den Wechsel von einem Werkzeug zu einem anderen Werkzeug zu reduzieren. In dieser Anwendung verf\u00fcgt jede D\u00fcse \u00fcber Abschalt- und individuelle Temperaturregelungsfunktionen, sodass sie die empfindlichen Schmelztemperaturen vom Abschalten bis zum Hochfahren steuern k\u00f6nnen. Es gibt 2 K\u00fchlleitungen (luftgek\u00fchlt), die mit der PSI-Leitungsweiche von einer zur anderen wechseln. Ohne dies m\u00fcsste der Prozessor abschalten, die Chipbaugruppe austauschen und eine Materialverschlechterung riskieren.<\/p><p>\u00a0\u201eWir glauben, dass wir L\u00f6sungen f\u00fcr den Werkzeugwechsel entwickelt haben, die bei der Schaumstoffplattenextrusion und fast jeder Profilextrusionsanwendung n\u00fctzlich sind\u201c, sagte Glenn Woodcock, Pr\u00e4sident von PSI-Polymer Systems. \u201eDer Werkzeugwechsel verursacht Ausfallzeiten f\u00fcr jeden Verarbeiter. Diese Innovation von PSI hilft bereits vielen unserer Kunden in der Industrie, ihre Arbeit besser und effizienter zu erledigen.\u201c<\/p>\t\t\t\t\t\t\t\t<\/div>\n\t\t\t\t<\/div>\n\t\t\t\t\t<\/div>\n\t\t<\/div>\n\t\t\t\t<div class=\"elementor-column elementor-col-50 elementor-top-column elementor-element elementor-element-45b911b0\" data-id=\"45b911b0\" data-element_type=\"column\" data-e-type=\"column\">\n\t\t\t<div class=\"elementor-widget-wrap\">\n\t\t\t\t\t\t\t<\/div>\n\t\t<\/div>\n\t\t\t\t\t<\/div>\n\t\t<\/section>\n\t\t\t\t<\/div>","protected":false},"excerpt":{"rendered":"<p>PSI-Polymer Systems Inc. bietet Werkzeugwechsell\u00f6sungen f\u00fcr Schaumextrusion und andere Anwendungen an Conover, NC (15. August 2014) PSI-Polymer Systems ist stolz darauf, innovative, hochmoderne L\u00f6sungen f\u00fcr allt\u00e4gliche Probleme zu entwickeln, mit denen Verarbeiter konfrontiert sind. Ein solches Problem, das Extruder st\u00e4ndig frustriert, sind Ausfallzeiten im Zusammenhang mit dem Werkzeugwechsel. Beim Werkzeugwechsel kann es bis zu [\u2026]<\/p>","protected":false},"author":2,"featured_media":0,"parent":5833,"menu_order":0,"comment_status":"closed","ping_status":"closed","template":"","meta":{"_monsterinsights_skip_tracking":false,"_monsterinsights_sitenote_active":false,"_monsterinsights_sitenote_note":"","_monsterinsights_sitenote_category":0,"footnotes":""},"class_list":["post-6016","page","type-page","status-publish","hentry"],"yoast_head":"<!-- This site is optimized with the Yoast SEO Premium plugin v25.0 (Yoast SEO v25.0) - https:\/\/yoast.com\/wordpress\/plugins\/seo\/ -->\n<title>PSI-Polymer Systems Inc. Offers Die Change Solutions For Foam Extrusion and Other Applications Conover, NC (August 15, 2014) - PSI-Polymer Systems<\/title>\n<meta name=\"robots\" content=\"index, follow, max-snippet:-1, max-image-preview:large, max-video-preview:-1\" \/>\n<link rel=\"canonical\" href=\"https:\/\/www.psi-polymersystems.com\/de\/about-us\/press-releases\/psi-polymer-systems-inc-offers-die-change-solutions-for-foam-extrusion-and-other-applications-conover-nc-august-15-2014\/\" \/>\n<meta property=\"og:locale\" content=\"de_DE\" \/>\n<meta property=\"og:type\" content=\"article\" \/>\n<meta property=\"og:title\" content=\"PSI-Polymer Systems Inc. Offers Die Change Solutions For Foam Extrusion and Other Applications Conover, NC (August 15, 2014)\" \/>\n<meta property=\"og:description\" content=\"PSI-Polymer Systems Inc. Offers Die Change Solutions For Foam Extrusion and Other Applications Conover, NC (August 15, 2014) PSI-Polymer Systems prides\" \/>\n<meta property=\"og:url\" content=\"https:\/\/www.psi-polymersystems.com\/de\/about-us\/press-releases\/psi-polymer-systems-inc-offers-die-change-solutions-for-foam-extrusion-and-other-applications-conover-nc-august-15-2014\/\" \/>\n<meta property=\"og:site_name\" content=\"PSI-Polymer Systems\" \/>\n<meta property=\"article:publisher\" content=\"https:\/\/www.facebook.com\/psipolymersystems\/\" \/>\n<meta property=\"article:modified_time\" content=\"2020-09-23T14:35:44+00:00\" \/>\n<meta name=\"twitter:card\" content=\"summary_large_image\" \/>\n<meta name=\"twitter:label1\" content=\"Gesch\u00e4tzte Lesezeit\" \/>\n\t<meta name=\"twitter:data1\" content=\"2\u00a0Minuten\" \/>\n<script type=\"application\/ld+json\" class=\"yoast-schema-graph\">{\"@context\":\"https:\/\/schema.org\",\"@graph\":[{\"@type\":\"WebPage\",\"@id\":\"https:\/\/www.psi-polymersystems.com\/es\/about-us\/press-releases\/psi-polymer-systems-inc-offers-die-change-solutions-for-foam-extrusion-and-other-applications-conover-nc-august-15-2014\/\",\"url\":\"https:\/\/www.psi-polymersystems.com\/es\/about-us\/press-releases\/psi-polymer-systems-inc-offers-die-change-solutions-for-foam-extrusion-and-other-applications-conover-nc-august-15-2014\/\",\"name\":\"PSI-Polymer Systems Inc. Offers Die Change Solutions For Foam Extrusion and Other Applications Conover, NC (August 15, 2014) - PSI-Polymer Systems\",\"isPartOf\":{\"@id\":\"https:\/\/www.psi-polymersystems.com\/#website\"},\"datePublished\":\"2020-09-23T14:32:11+00:00\",\"dateModified\":\"2020-09-23T14:35:44+00:00\",\"breadcrumb\":{\"@id\":\"https:\/\/www.psi-polymersystems.com\/es\/about-us\/press-releases\/psi-polymer-systems-inc-offers-die-change-solutions-for-foam-extrusion-and-other-applications-conover-nc-august-15-2014\/#breadcrumb\"},\"inLanguage\":\"de\",\"potentialAction\":[{\"@type\":\"ReadAction\",\"target\":[\"https:\/\/www.psi-polymersystems.com\/es\/about-us\/press-releases\/psi-polymer-systems-inc-offers-die-change-solutions-for-foam-extrusion-and-other-applications-conover-nc-august-15-2014\/\"]}]},{\"@type\":\"BreadcrumbList\",\"@id\":\"https:\/\/www.psi-polymersystems.com\/es\/about-us\/press-releases\/psi-polymer-systems-inc-offers-die-change-solutions-for-foam-extrusion-and-other-applications-conover-nc-august-15-2014\/#breadcrumb\",\"itemListElement\":[{\"@type\":\"ListItem\",\"position\":1,\"name\":\"Home\",\"item\":\"https:\/\/www.psi-polymersystems.com\/\"},{\"@type\":\"ListItem\",\"position\":2,\"name\":\"About Us\",\"item\":\"https:\/\/www.psi-polymersystems.com\/about-us\/\"},{\"@type\":\"ListItem\",\"position\":3,\"name\":\"Press Releases\",\"item\":\"https:\/\/www.psi-polymersystems.com\/about-us\/press-releases\/\"},{\"@type\":\"ListItem\",\"position\":4,\"name\":\"PSI-Polymer Systems Inc. Offers Die Change Solutions For Foam Extrusion and Other Applications Conover, NC (August 15, 2014)\"}]},{\"@type\":\"WebSite\",\"@id\":\"https:\/\/www.psi-polymersystems.com\/#website\",\"url\":\"https:\/\/www.psi-polymersystems.com\/\",\"name\":\"PSI-Polymer Systems\",\"description\":\"\",\"publisher\":{\"@id\":\"https:\/\/www.psi-polymersystems.com\/#organization\"},\"potentialAction\":[{\"@type\":\"SearchAction\",\"target\":{\"@type\":\"EntryPoint\",\"urlTemplate\":\"https:\/\/www.psi-polymersystems.com\/?s={search_term_string}\"},\"query-input\":{\"@type\":\"PropertyValueSpecification\",\"valueRequired\":true,\"valueName\":\"search_term_string\"}}],\"inLanguage\":\"de\"},{\"@type\":\"Organization\",\"@id\":\"https:\/\/www.psi-polymersystems.com\/#organization\",\"name\":\"PSI-Polymer Systems, Inc.\",\"url\":\"https:\/\/www.psi-polymersystems.com\/\",\"logo\":{\"@type\":\"ImageObject\",\"inLanguage\":\"de\",\"@id\":\"https:\/\/www.psi-polymersystems.com\/#\/schema\/logo\/image\/\",\"url\":\"\",\"contentUrl\":\"\",\"caption\":\"PSI-Polymer Systems, Inc.\"},\"image\":{\"@id\":\"https:\/\/www.psi-polymersystems.com\/#\/schema\/logo\/image\/\"},\"sameAs\":[\"https:\/\/www.facebook.com\/psipolymersystems\/\",\"https:\/\/www.linkedin.com\/showcase\/psi-polymer-systems\"]}]}<\/script>\n<!-- \/ Yoast SEO Premium plugin. -->","yoast_head_json":{"title":"PSI-Polymer Systems Inc. Offers Die Change Solutions For Foam Extrusion and Other Applications Conover, NC (August 15, 2014) - PSI-Polymer Systems","robots":{"index":"index","follow":"follow","max-snippet":"max-snippet:-1","max-image-preview":"max-image-preview:large","max-video-preview":"max-video-preview:-1"},"canonical":"https:\/\/www.psi-polymersystems.com\/de\/about-us\/press-releases\/psi-polymer-systems-inc-offers-die-change-solutions-for-foam-extrusion-and-other-applications-conover-nc-august-15-2014\/","og_locale":"de_DE","og_type":"article","og_title":"PSI-Polymer Systems Inc. Offers Die Change Solutions For Foam Extrusion and Other Applications Conover, NC (August 15, 2014)","og_description":"PSI-Polymer Systems Inc. Offers Die Change Solutions For Foam Extrusion and Other Applications Conover, NC (August 15, 2014) PSI-Polymer Systems prides","og_url":"https:\/\/www.psi-polymersystems.com\/de\/about-us\/press-releases\/psi-polymer-systems-inc-offers-die-change-solutions-for-foam-extrusion-and-other-applications-conover-nc-august-15-2014\/","og_site_name":"PSI-Polymer Systems","article_publisher":"https:\/\/www.facebook.com\/psipolymersystems\/","article_modified_time":"2020-09-23T14:35:44+00:00","twitter_card":"summary_large_image","twitter_misc":{"Gesch\u00e4tzte Lesezeit":"2\u00a0Minuten"},"schema":{"@context":"https:\/\/schema.org","@graph":[{"@type":"WebPage","@id":"https:\/\/www.psi-polymersystems.com\/es\/about-us\/press-releases\/psi-polymer-systems-inc-offers-die-change-solutions-for-foam-extrusion-and-other-applications-conover-nc-august-15-2014\/","url":"https:\/\/www.psi-polymersystems.com\/es\/about-us\/press-releases\/psi-polymer-systems-inc-offers-die-change-solutions-for-foam-extrusion-and-other-applications-conover-nc-august-15-2014\/","name":"PSI-Polymer Systems Inc. Offers Die Change Solutions For Foam Extrusion and Other Applications Conover, NC (August 15, 2014) - PSI-Polymer Systems","isPartOf":{"@id":"https:\/\/www.psi-polymersystems.com\/#website"},"datePublished":"2020-09-23T14:32:11+00:00","dateModified":"2020-09-23T14:35:44+00:00","breadcrumb":{"@id":"https:\/\/www.psi-polymersystems.com\/es\/about-us\/press-releases\/psi-polymer-systems-inc-offers-die-change-solutions-for-foam-extrusion-and-other-applications-conover-nc-august-15-2014\/#breadcrumb"},"inLanguage":"de","potentialAction":[{"@type":"ReadAction","target":["https:\/\/www.psi-polymersystems.com\/es\/about-us\/press-releases\/psi-polymer-systems-inc-offers-die-change-solutions-for-foam-extrusion-and-other-applications-conover-nc-august-15-2014\/"]}]},{"@type":"BreadcrumbList","@id":"https:\/\/www.psi-polymersystems.com\/es\/about-us\/press-releases\/psi-polymer-systems-inc-offers-die-change-solutions-for-foam-extrusion-and-other-applications-conover-nc-august-15-2014\/#breadcrumb","itemListElement":[{"@type":"ListItem","position":1,"name":"Home","item":"https:\/\/www.psi-polymersystems.com\/"},{"@type":"ListItem","position":2,"name":"About Us","item":"https:\/\/www.psi-polymersystems.com\/about-us\/"},{"@type":"ListItem","position":3,"name":"Press Releases","item":"https:\/\/www.psi-polymersystems.com\/about-us\/press-releases\/"},{"@type":"ListItem","position":4,"name":"PSI-Polymer Systems Inc. Offers Die Change Solutions For Foam Extrusion and Other Applications Conover, NC (August 15, 2014)"}]},{"@type":"WebSite","@id":"https:\/\/www.psi-polymersystems.com\/#website","url":"https:\/\/www.psi-polymersystems.com\/","name":"PSI-Polymer Systems","description":"","publisher":{"@id":"https:\/\/www.psi-polymersystems.com\/#organization"},"potentialAction":[{"@type":"SearchAction","target":{"@type":"EntryPoint","urlTemplate":"https:\/\/www.psi-polymersystems.com\/?s={search_term_string}"},"query-input":{"@type":"PropertyValueSpecification","valueRequired":true,"valueName":"search_term_string"}}],"inLanguage":"de"},{"@type":"Organization","@id":"https:\/\/www.psi-polymersystems.com\/#organization","name":"PSI-Polymer Systems, Inc.","url":"https:\/\/www.psi-polymersystems.com\/","logo":{"@type":"ImageObject","inLanguage":"de","@id":"https:\/\/www.psi-polymersystems.com\/#\/schema\/logo\/image\/","url":"","contentUrl":"","caption":"PSI-Polymer Systems, Inc."},"image":{"@id":"https:\/\/www.psi-polymersystems.com\/#\/schema\/logo\/image\/"},"sameAs":["https:\/\/www.facebook.com\/psipolymersystems\/","https:\/\/www.linkedin.com\/showcase\/psi-polymer-systems"]}]}},"_links":{"self":[{"href":"https:\/\/www.psi-polymersystems.com\/de\/wp-json\/wp\/v2\/pages\/6016","targetHints":{"allow":["GET"]}}],"collection":[{"href":"https:\/\/www.psi-polymersystems.com\/de\/wp-json\/wp\/v2\/pages"}],"about":[{"href":"https:\/\/www.psi-polymersystems.com\/de\/wp-json\/wp\/v2\/types\/page"}],"author":[{"embeddable":true,"href":"https:\/\/www.psi-polymersystems.com\/de\/wp-json\/wp\/v2\/users\/2"}],"replies":[{"embeddable":true,"href":"https:\/\/www.psi-polymersystems.com\/de\/wp-json\/wp\/v2\/comments?post=6016"}],"version-history":[{"count":0,"href":"https:\/\/www.psi-polymersystems.com\/de\/wp-json\/wp\/v2\/pages\/6016\/revisions"}],"up":[{"embeddable":true,"href":"https:\/\/www.psi-polymersystems.com\/de\/wp-json\/wp\/v2\/pages\/5833"}],"wp:attachment":[{"href":"https:\/\/www.psi-polymersystems.com\/de\/wp-json\/wp\/v2\/media?parent=6016"}],"curies":[{"name":"wp","href":"https:\/\/api.w.org\/{rel}","templated":true}]}}