{"id":6022,"date":"2020-09-23T14:39:24","date_gmt":"2020-09-23T14:39:24","guid":{"rendered":"https:\/\/psi-polymersystems.com\/?page_id=6022"},"modified":"2020-09-23T14:41:06","modified_gmt":"2020-09-23T14:41:06","slug":"psi-polymer-systems-inc-s-new-3-way-divert-valve-technology-ideal-for-numerous-extrusion-processing-functions-conover-nc-october-16-2013","status":"publish","type":"page","link":"https:\/\/www.psi-polymersystems.com\/de\/about-us\/press-releases\/psi-polymer-systems-inc-s-new-3-way-divert-valve-technology-ideal-for-numerous-extrusion-processing-functions-conover-nc-october-16-2013\/","title":{"rendered":"Die neue 3-Wege-Umschaltventiltechnologie von PSI-Polymer Systems Inc. ist ideal f\u00fcr zahlreiche Extrusionsverarbeitungsfunktionen Conover, NC (16. Oktober 2013)"},"content":{"rendered":"<div data-elementor-type=\"wp-page\" data-elementor-id=\"6022\" class=\"elementor elementor-6022\" data-elementor-post-type=\"page\">\n\t\t\t\t\t\t<section class=\"elementor-section elementor-top-section elementor-element elementor-element-5966c7ff elementor-section-boxed elementor-section-height-default elementor-section-height-default\" data-id=\"5966c7ff\" data-element_type=\"section\" data-e-type=\"section\">\n\t\t\t\t\t\t<div class=\"elementor-container elementor-column-gap-default\">\n\t\t\t\t\t<div class=\"elementor-column elementor-col-50 elementor-top-column elementor-element elementor-element-36dd271b\" data-id=\"36dd271b\" data-element_type=\"column\" data-e-type=\"column\">\n\t\t\t<div class=\"elementor-widget-wrap elementor-element-populated\">\n\t\t\t\t\t\t<div class=\"elementor-element elementor-element-440ae3d4 elementor-widget elementor-widget-heading\" data-id=\"440ae3d4\" data-element_type=\"widget\" data-e-type=\"widget\" data-widget_type=\"heading.default\">\n\t\t\t\t<div class=\"elementor-widget-container\">\n\t\t\t\t\t<h2 class=\"elementor-heading-title elementor-size-default\">Die neue 3-Wege-Umschaltventiltechnologie von PSI-Polymer Systems Inc. ist ideal f\u00fcr zahlreiche Extrusionsverarbeitungsfunktionen Conover, NC (16. Oktober 2013) <\/h2>\t\t\t\t<\/div>\n\t\t\t\t<\/div>\n\t\t\t\t<div class=\"elementor-element elementor-element-46273e41 elementor-widget elementor-widget-text-editor\" data-id=\"46273e41\" data-element_type=\"widget\" data-e-type=\"widget\" data-widget_type=\"text-editor.default\">\n\t\t\t\t<div class=\"elementor-widget-container\">\n\t\t\t\t\t\t\t\t\t<p>PSI-Polymer Systems hat k\u00fcrzlich zwei neue Polymer-Umschaltventil-Designs vorgestellt. Das erste Design ist ein neuer Kombinationsfilter <em>ich <\/em>Umschaltventil (DIV-F), haupts\u00e4chlich f\u00fcr Laboranwendungen gedacht, aber auch f\u00fcr gr\u00f6\u00dfere Betriebe geeignet. Der zweite ist ein Kombinations-AB-W\u00fcrfel <em>ich <\/em>Umleitungsventil (DIV-3X), das verwendet wird, um Material entweder zu mehreren Matrizen oder direkt zum Boden zum Sp\u00fclen zu leiten.\u00a0<\/p><p>Bei den meisten Umschaltventilen gibt es zwei Standardpositionen, die in einen vertikalen Bolzen (Kolben) eingearbeitet sind. In der Umlenkposition wird das Polymer auf den Boden geleitet. In der Online-Position flie\u00dft Polymer direkt durch den Bolzen in die D\u00fcse. Im Umleitungsmodus ist die Durchgangsbohrung zum Schutz vor Abbau und Abk\u00fchlung des Polymers normalerweise innerhalb des Umleitungsventilgeh\u00e4uses eingekapselt.<\/p><p>Kombinationsfilter des PSI <em>ich <\/em>Umlenkventil (DIV-F) f\u00fchrt eine Lochscheibe mit einem Filterpaket in die normale Position der Durchgangsbohrung ein. Dieses kosteng\u00fcnstige Design macht einen Siebwechsler und Adapter \u00fcberfl\u00fcssig und ist ideal f\u00fcr Anwendungen wie die Unterwassergranulierung, bei denen ein sofortiger Fluss zur D\u00fcse erforderlich ist und der Platz zu begrenzt ist, um einen Siebwechsler zum Schutz der D\u00fcse unterzubringen. Der DIV-F eignet sich auch gut f\u00fcr Batch-Prozesse wie Schmelzklebstoffanwendungen, bei denen der Filter normalerweise am Ende eines Laufs ausgetauscht wird.<\/p><p>Um Siebwechsel zu erm\u00f6glichen, verl\u00e4ngerte PSI die L\u00e4nge des Bolzens und f\u00fcgte einen l\u00e4ngeren Zylinder hinzu. Im Online-Modus befinden sich Durchgangsbohrung und Filter direkt im Schmelzestrom. Im Umleitungsmodus arbeitet die Einheit \u00e4hnlich wie andere Umleitungsventile, wobei die Durchgangsbohrung und der Filter im Geh\u00e4use eingeschlossen sind. Beim Austausch des Siebpakets wechselt die Durchgangsbohrung in einen Offline-Modus, in dem sie sich zusammen mit der Lochscheibe nach oben aus dem Geh\u00e4use bewegt. In dieser Position steht eine in den Bolzen eingearbeitete Entl\u00fcftung mit der Umleitungs\u00f6ffnung in Verbindung, damit jegliches unter Druck stehende Polymer im Kopf auf den Boden entweichen kann. Die Siebwechselposition erm\u00f6glicht eine Polymerumleitung mit voller Rate, jedoch w\u00fcrden die meisten Verarbeiter es im Allgemeinen vorziehen, die Linie zu verlangsamen oder den Filter bei ausgeschaltetem Prozess zu wechseln, w\u00e4hrend der Extruder ruht oder im Leerlauf ist.<\/p><p>Die andere Neuentwicklung von PSI, das vielseitige AB Divert Valve (DIV-3X), bietet eine verbesserte Steuerung und Funktionalit\u00e4t f\u00fcr Linien, die f\u00fcr mehrere Prozesse vorgesehen sind, beispielsweise eine HMA-Anwendung, bei der eine einzige Linie verwendet wird, um zwischen dem Pelletieren und der Herstellung von Leimkissen zu wechseln. Prozesse wie extrudierte Profile w\u00fcrden dieses Produkt ebenfalls \u00e4u\u00dferst wertvoll finden, da es sofort zwischen zwei Profild\u00fcsen umschalten kann, die von einem einzigen Extruder gespeist werden, der unabh\u00e4ngige K\u00fchl- und Schneidger\u00e4te speist.<\/p><p>Das DIV-3X wird mit einem 3-Wege-Ventil geliefert, das den Fluss entweder zu einer von zwei Prozessflussbohrungen oder zu einer Umleitungsposition leitet, die das Polymer durch eine Auslass\u00f6ffnung leitet.<\/p><p>Beide Umlenkventilkonstruktionen verwenden eine Schraube anstelle einer Gleitplatte und verwenden eine leckagefreie Schraubenkonstruktion ohne Gleitringdichtung. \u00a0<\/p><p>Das neue 3-Wege-Ventil kann besonders n\u00fctzlich f\u00fcr Anwendungen sein, bei denen das Timing f\u00fcr die Koordination des Materialflusses perfekt sein muss. Das 3-Wege-Umschaltventil ist leicht anpassbar und erm\u00f6glicht es dem Bediener, die optimale zeitliche Abfolge zu steuern.<\/p><p>\u201eUnsere Umschaltventile geh\u00f6ren zu den innovativeren und universell einsetzbareren Hilfsmitteln, die wir hier am PSI entwickelt haben\u201c, sagt Don Macnamara, General Manager von PSI-Polymer Systems. \u201eDie Vorteile beider Designs sind f\u00fcr jeden offensichtlich, der eines dieser Ger\u00e4te zuvor verwendet hat, und wir empfehlen sie jedem Compoundeur, Pelletierer oder Harzhersteller, an den wir Ger\u00e4te verkaufen.\u201c<\/p>\t\t\t\t\t\t\t\t<\/div>\n\t\t\t\t<\/div>\n\t\t\t\t\t<\/div>\n\t\t<\/div>\n\t\t\t\t<div class=\"elementor-column elementor-col-50 elementor-top-column elementor-element elementor-element-25e365c6\" data-id=\"25e365c6\" data-element_type=\"column\" data-e-type=\"column\">\n\t\t\t<div class=\"elementor-widget-wrap\">\n\t\t\t\t\t\t\t<\/div>\n\t\t<\/div>\n\t\t\t\t\t<\/div>\n\t\t<\/section>\n\t\t\t\t<\/div>","protected":false},"excerpt":{"rendered":"<p>Die neue 3-Wege-Umschaltventiltechnologie von PSI-Polymer Systems Inc. ist ideal f\u00fcr zahlreiche Extrusionsverarbeitungsfunktionen Conover, NC (16. Oktober 2013) PSI-Polymer Systems hat k\u00fcrzlich zwei neue Polymer-Umschaltventildesigns eingef\u00fchrt. Das erste Design ist ein neues Kombinationsfilter-I-Umschaltventil (DIV-F), das haupts\u00e4chlich f\u00fcr Laboranwendungen bestimmt ist, aber auch f\u00fcr gr\u00f6\u00dfere Betriebe geeignet ist. [\u2026]<\/p>","protected":false},"author":2,"featured_media":0,"parent":5833,"menu_order":0,"comment_status":"closed","ping_status":"closed","template":"","meta":{"_monsterinsights_skip_tracking":false,"_monsterinsights_sitenote_active":false,"_monsterinsights_sitenote_note":"","_monsterinsights_sitenote_category":0,"footnotes":""},"class_list":["post-6022","page","type-page","status-publish","hentry"],"yoast_head":"<!-- This site is optimized with the Yoast SEO Premium plugin v25.0 (Yoast SEO v25.0) - https:\/\/yoast.com\/wordpress\/plugins\/seo\/ -->\n<title>PSI-Polymer Systems Inc.\u2019s New 3-Way Divert Valve Technology Ideal for Numerous Extrusion Processing Functions Conover, NC (October 16, 2013) - PSI-Polymer Systems<\/title>\n<meta name=\"robots\" content=\"index, follow, max-snippet:-1, max-image-preview:large, max-video-preview:-1\" \/>\n<link rel=\"canonical\" href=\"https:\/\/www.psi-polymersystems.com\/de\/about-us\/press-releases\/psi-polymer-systems-inc-s-new-3-way-divert-valve-technology-ideal-for-numerous-extrusion-processing-functions-conover-nc-october-16-2013\/\" \/>\n<meta property=\"og:locale\" content=\"de_DE\" \/>\n<meta property=\"og:type\" content=\"article\" \/>\n<meta property=\"og:title\" content=\"PSI-Polymer Systems Inc.\u2019s New 3-Way Divert Valve Technology Ideal for Numerous Extrusion Processing Functions Conover, NC (October 16, 2013)\" \/>\n<meta property=\"og:description\" content=\"PSI-Polymer Systems Inc.\u2019s New 3-Way Divert Valve Technology Ideal for Numerous Extrusion Processing Functions Conover, NC (October 16, 2013) PSI-Polymer\" \/>\n<meta property=\"og:url\" content=\"https:\/\/www.psi-polymersystems.com\/de\/about-us\/press-releases\/psi-polymer-systems-inc-s-new-3-way-divert-valve-technology-ideal-for-numerous-extrusion-processing-functions-conover-nc-october-16-2013\/\" \/>\n<meta property=\"og:site_name\" content=\"PSI-Polymer Systems\" \/>\n<meta property=\"article:publisher\" content=\"https:\/\/www.facebook.com\/psipolymersystems\/\" \/>\n<meta property=\"article:modified_time\" content=\"2020-09-23T14:41:06+00:00\" \/>\n<meta name=\"twitter:card\" content=\"summary_large_image\" \/>\n<meta name=\"twitter:label1\" content=\"Gesch\u00e4tzte Lesezeit\" \/>\n\t<meta name=\"twitter:data1\" content=\"3\u00a0Minuten\" \/>\n<script type=\"application\/ld+json\" class=\"yoast-schema-graph\">{\"@context\":\"https:\/\/schema.org\",\"@graph\":[{\"@type\":\"WebPage\",\"@id\":\"https:\/\/www.psi-polymersystems.com\/es\/about-us\/press-releases\/psi-polymer-systems-inc-s-new-3-way-divert-valve-technology-ideal-for-numerous-extrusion-processing-functions-conover-nc-october-16-2013\/\",\"url\":\"https:\/\/www.psi-polymersystems.com\/es\/about-us\/press-releases\/psi-polymer-systems-inc-s-new-3-way-divert-valve-technology-ideal-for-numerous-extrusion-processing-functions-conover-nc-october-16-2013\/\",\"name\":\"PSI-Polymer Systems Inc.\u2019s New 3-Way Divert Valve Technology Ideal for Numerous Extrusion Processing Functions Conover, NC (October 16, 2013) - PSI-Polymer Systems\",\"isPartOf\":{\"@id\":\"https:\/\/www.psi-polymersystems.com\/#website\"},\"datePublished\":\"2020-09-23T14:39:24+00:00\",\"dateModified\":\"2020-09-23T14:41:06+00:00\",\"breadcrumb\":{\"@id\":\"https:\/\/www.psi-polymersystems.com\/es\/about-us\/press-releases\/psi-polymer-systems-inc-s-new-3-way-divert-valve-technology-ideal-for-numerous-extrusion-processing-functions-conover-nc-october-16-2013\/#breadcrumb\"},\"inLanguage\":\"de\",\"potentialAction\":[{\"@type\":\"ReadAction\",\"target\":[\"https:\/\/www.psi-polymersystems.com\/es\/about-us\/press-releases\/psi-polymer-systems-inc-s-new-3-way-divert-valve-technology-ideal-for-numerous-extrusion-processing-functions-conover-nc-october-16-2013\/\"]}]},{\"@type\":\"BreadcrumbList\",\"@id\":\"https:\/\/www.psi-polymersystems.com\/es\/about-us\/press-releases\/psi-polymer-systems-inc-s-new-3-way-divert-valve-technology-ideal-for-numerous-extrusion-processing-functions-conover-nc-october-16-2013\/#breadcrumb\",\"itemListElement\":[{\"@type\":\"ListItem\",\"position\":1,\"name\":\"Home\",\"item\":\"https:\/\/www.psi-polymersystems.com\/\"},{\"@type\":\"ListItem\",\"position\":2,\"name\":\"About Us\",\"item\":\"https:\/\/www.psi-polymersystems.com\/about-us\/\"},{\"@type\":\"ListItem\",\"position\":3,\"name\":\"Press Releases\",\"item\":\"https:\/\/www.psi-polymersystems.com\/about-us\/press-releases\/\"},{\"@type\":\"ListItem\",\"position\":4,\"name\":\"PSI-Polymer Systems Inc.\u2019s New 3-Way Divert Valve Technology Ideal for Numerous Extrusion Processing Functions Conover, NC (October 16, 2013)\"}]},{\"@type\":\"WebSite\",\"@id\":\"https:\/\/www.psi-polymersystems.com\/#website\",\"url\":\"https:\/\/www.psi-polymersystems.com\/\",\"name\":\"PSI-Polymer Systems\",\"description\":\"\",\"publisher\":{\"@id\":\"https:\/\/www.psi-polymersystems.com\/#organization\"},\"potentialAction\":[{\"@type\":\"SearchAction\",\"target\":{\"@type\":\"EntryPoint\",\"urlTemplate\":\"https:\/\/www.psi-polymersystems.com\/?s={search_term_string}\"},\"query-input\":{\"@type\":\"PropertyValueSpecification\",\"valueRequired\":true,\"valueName\":\"search_term_string\"}}],\"inLanguage\":\"de\"},{\"@type\":\"Organization\",\"@id\":\"https:\/\/www.psi-polymersystems.com\/#organization\",\"name\":\"PSI-Polymer Systems, Inc.\",\"url\":\"https:\/\/www.psi-polymersystems.com\/\",\"logo\":{\"@type\":\"ImageObject\",\"inLanguage\":\"de\",\"@id\":\"https:\/\/www.psi-polymersystems.com\/#\/schema\/logo\/image\/\",\"url\":\"\",\"contentUrl\":\"\",\"caption\":\"PSI-Polymer Systems, Inc.\"},\"image\":{\"@id\":\"https:\/\/www.psi-polymersystems.com\/#\/schema\/logo\/image\/\"},\"sameAs\":[\"https:\/\/www.facebook.com\/psipolymersystems\/\",\"https:\/\/www.linkedin.com\/showcase\/psi-polymer-systems\"]}]}<\/script>\n<!-- \/ Yoast SEO Premium plugin. -->","yoast_head_json":{"title":"PSI-Polymer Systems Inc.\u2019s New 3-Way Divert Valve Technology Ideal for Numerous Extrusion Processing Functions Conover, NC (October 16, 2013) - PSI-Polymer Systems","robots":{"index":"index","follow":"follow","max-snippet":"max-snippet:-1","max-image-preview":"max-image-preview:large","max-video-preview":"max-video-preview:-1"},"canonical":"https:\/\/www.psi-polymersystems.com\/de\/about-us\/press-releases\/psi-polymer-systems-inc-s-new-3-way-divert-valve-technology-ideal-for-numerous-extrusion-processing-functions-conover-nc-october-16-2013\/","og_locale":"de_DE","og_type":"article","og_title":"PSI-Polymer Systems Inc.\u2019s New 3-Way Divert Valve Technology Ideal for Numerous Extrusion Processing Functions Conover, NC (October 16, 2013)","og_description":"PSI-Polymer Systems Inc.\u2019s New 3-Way Divert Valve Technology Ideal for Numerous Extrusion Processing Functions Conover, NC (October 16, 2013) PSI-Polymer","og_url":"https:\/\/www.psi-polymersystems.com\/de\/about-us\/press-releases\/psi-polymer-systems-inc-s-new-3-way-divert-valve-technology-ideal-for-numerous-extrusion-processing-functions-conover-nc-october-16-2013\/","og_site_name":"PSI-Polymer Systems","article_publisher":"https:\/\/www.facebook.com\/psipolymersystems\/","article_modified_time":"2020-09-23T14:41:06+00:00","twitter_card":"summary_large_image","twitter_misc":{"Gesch\u00e4tzte Lesezeit":"3\u00a0Minuten"},"schema":{"@context":"https:\/\/schema.org","@graph":[{"@type":"WebPage","@id":"https:\/\/www.psi-polymersystems.com\/es\/about-us\/press-releases\/psi-polymer-systems-inc-s-new-3-way-divert-valve-technology-ideal-for-numerous-extrusion-processing-functions-conover-nc-october-16-2013\/","url":"https:\/\/www.psi-polymersystems.com\/es\/about-us\/press-releases\/psi-polymer-systems-inc-s-new-3-way-divert-valve-technology-ideal-for-numerous-extrusion-processing-functions-conover-nc-october-16-2013\/","name":"PSI-Polymer Systems Inc.\u2019s New 3-Way Divert Valve Technology Ideal for Numerous Extrusion Processing Functions Conover, NC (October 16, 2013) - PSI-Polymer Systems","isPartOf":{"@id":"https:\/\/www.psi-polymersystems.com\/#website"},"datePublished":"2020-09-23T14:39:24+00:00","dateModified":"2020-09-23T14:41:06+00:00","breadcrumb":{"@id":"https:\/\/www.psi-polymersystems.com\/es\/about-us\/press-releases\/psi-polymer-systems-inc-s-new-3-way-divert-valve-technology-ideal-for-numerous-extrusion-processing-functions-conover-nc-october-16-2013\/#breadcrumb"},"inLanguage":"de","potentialAction":[{"@type":"ReadAction","target":["https:\/\/www.psi-polymersystems.com\/es\/about-us\/press-releases\/psi-polymer-systems-inc-s-new-3-way-divert-valve-technology-ideal-for-numerous-extrusion-processing-functions-conover-nc-october-16-2013\/"]}]},{"@type":"BreadcrumbList","@id":"https:\/\/www.psi-polymersystems.com\/es\/about-us\/press-releases\/psi-polymer-systems-inc-s-new-3-way-divert-valve-technology-ideal-for-numerous-extrusion-processing-functions-conover-nc-october-16-2013\/#breadcrumb","itemListElement":[{"@type":"ListItem","position":1,"name":"Home","item":"https:\/\/www.psi-polymersystems.com\/"},{"@type":"ListItem","position":2,"name":"About Us","item":"https:\/\/www.psi-polymersystems.com\/about-us\/"},{"@type":"ListItem","position":3,"name":"Press Releases","item":"https:\/\/www.psi-polymersystems.com\/about-us\/press-releases\/"},{"@type":"ListItem","position":4,"name":"PSI-Polymer Systems Inc.\u2019s New 3-Way Divert Valve Technology Ideal for Numerous Extrusion Processing Functions Conover, NC (October 16, 2013)"}]},{"@type":"WebSite","@id":"https:\/\/www.psi-polymersystems.com\/#website","url":"https:\/\/www.psi-polymersystems.com\/","name":"PSI-Polymer Systems","description":"","publisher":{"@id":"https:\/\/www.psi-polymersystems.com\/#organization"},"potentialAction":[{"@type":"SearchAction","target":{"@type":"EntryPoint","urlTemplate":"https:\/\/www.psi-polymersystems.com\/?s={search_term_string}"},"query-input":{"@type":"PropertyValueSpecification","valueRequired":true,"valueName":"search_term_string"}}],"inLanguage":"de"},{"@type":"Organization","@id":"https:\/\/www.psi-polymersystems.com\/#organization","name":"PSI-Polymer Systems, Inc.","url":"https:\/\/www.psi-polymersystems.com\/","logo":{"@type":"ImageObject","inLanguage":"de","@id":"https:\/\/www.psi-polymersystems.com\/#\/schema\/logo\/image\/","url":"","contentUrl":"","caption":"PSI-Polymer Systems, Inc."},"image":{"@id":"https:\/\/www.psi-polymersystems.com\/#\/schema\/logo\/image\/"},"sameAs":["https:\/\/www.facebook.com\/psipolymersystems\/","https:\/\/www.linkedin.com\/showcase\/psi-polymer-systems"]}]}},"_links":{"self":[{"href":"https:\/\/www.psi-polymersystems.com\/de\/wp-json\/wp\/v2\/pages\/6022","targetHints":{"allow":["GET"]}}],"collection":[{"href":"https:\/\/www.psi-polymersystems.com\/de\/wp-json\/wp\/v2\/pages"}],"about":[{"href":"https:\/\/www.psi-polymersystems.com\/de\/wp-json\/wp\/v2\/types\/page"}],"author":[{"embeddable":true,"href":"https:\/\/www.psi-polymersystems.com\/de\/wp-json\/wp\/v2\/users\/2"}],"replies":[{"embeddable":true,"href":"https:\/\/www.psi-polymersystems.com\/de\/wp-json\/wp\/v2\/comments?post=6022"}],"version-history":[{"count":0,"href":"https:\/\/www.psi-polymersystems.com\/de\/wp-json\/wp\/v2\/pages\/6022\/revisions"}],"up":[{"embeddable":true,"href":"https:\/\/www.psi-polymersystems.com\/de\/wp-json\/wp\/v2\/pages\/5833"}],"wp:attachment":[{"href":"https:\/\/www.psi-polymersystems.com\/de\/wp-json\/wp\/v2\/media?parent=6022"}],"curies":[{"name":"wp","href":"https:\/\/api.w.org\/{rel}","templated":true}]}}