{"id":6043,"date":"2020-09-23T15:03:00","date_gmt":"2020-09-23T15:03:00","guid":{"rendered":"https:\/\/psi-polymersystems.com\/?page_id=6043"},"modified":"2020-09-23T15:05:03","modified_gmt":"2020-09-23T15:05:03","slug":"psi-polymer-systems-inc-continuous-backflush-screen-changer-is-specially-designed-for-extrusion-pelletizing-of-recycled-materials-hickory-nc-october-30-2008","status":"publish","type":"page","link":"https:\/\/www.psi-polymersystems.com\/de\/about-us\/press-releases\/psi-polymer-systems-inc-continuous-backflush-screen-changer-is-specially-designed-for-extrusion-pelletizing-of-recycled-materials-hickory-nc-october-30-2008\/","title":{"rendered":"Siebwechsler mit kontinuierlicher R\u00fccksp\u00fclung von PSI-Polymer Systems Inc. wurde speziell f\u00fcr die Extrusion und Pelletierung von Recyclingmaterialien entwickelt Hickory, NC (30. Oktober 2008)"},"content":{"rendered":"<div data-elementor-type=\"wp-page\" data-elementor-id=\"6043\" class=\"elementor elementor-6043\" data-elementor-post-type=\"page\">\n\t\t\t\t\t\t<section class=\"elementor-section elementor-top-section elementor-element elementor-element-b594935 elementor-section-boxed elementor-section-height-default elementor-section-height-default\" data-id=\"b594935\" data-element_type=\"section\" data-e-type=\"section\">\n\t\t\t\t\t\t<div class=\"elementor-container elementor-column-gap-default\">\n\t\t\t\t\t<div class=\"elementor-column elementor-col-50 elementor-top-column elementor-element elementor-element-34c6de66\" data-id=\"34c6de66\" data-element_type=\"column\" data-e-type=\"column\">\n\t\t\t<div class=\"elementor-widget-wrap elementor-element-populated\">\n\t\t\t\t\t\t<div class=\"elementor-element elementor-element-72959ee6 elementor-widget elementor-widget-heading\" data-id=\"72959ee6\" data-element_type=\"widget\" data-e-type=\"widget\" data-widget_type=\"heading.default\">\n\t\t\t\t<div class=\"elementor-widget-container\">\n\t\t\t\t\t<h2 class=\"elementor-heading-title elementor-size-default\">Siebwechsler mit kontinuierlicher R\u00fccksp\u00fclung von PSI-Polymer Systems, Inc. wurde speziell f\u00fcr die Extrusion und Pelletisierung von Recyclingmaterialien entwickelt Hickory, NC (30. Oktober 2008)<\/h2>\t\t\t\t<\/div>\n\t\t\t\t<\/div>\n\t\t\t\t<div class=\"elementor-element elementor-element-5e641ba3 elementor-widget elementor-widget-text-editor\" data-id=\"5e641ba3\" data-element_type=\"widget\" data-e-type=\"widget\" data-widget_type=\"text-editor.default\">\n\t\t\t\t<div class=\"elementor-widget-container\">\n\t\t\t\t\t\t\t\t\t<p>Extruder und Granulatoren, die Recyclingmaterialien verarbeiten, k\u00f6nnen stark vom Einsatz des kontinuierlichen Backflush-Siebwechslers (CSC\/BF) von PSI-Polymer Systems Inc. profitieren. Der CSC\/BF bietet maximale Schmelzefiltrationskapazit\u00e4ten, trennt die Verunreinigungen aus dem Material und erm\u00f6glicht Verarbeitungsprozesse ohne Ausfallzeiten weiterlaufen.<\/p><p>Aufgrund des einzigartigen Designs des CSC\/BF bietet es eine bis zu 25-mal l\u00e4ngere Lebensdauer der Siebpaketfilter im Vergleich zu Standardtypen von Siebwechslern. Auf diese Weise k\u00f6nnen Verarbeiter recycelte Materialien sicher verarbeiten, ohne bef\u00fcrchten zu m\u00fcssen, dass das System verstopft wird.<\/p><p>\u201eWir sehen einen anhaltenden Trend zur st\u00e4rkeren Verwendung von recycelten Materialien\u201c, sagte Rob Martin, General Manager von PSI-Polymer Systems Inc. \u201eDiese Materialien enthalten normalerweise viele Verunreinigungen, die aus dem Schmelzestrom herausgefiltert werden m\u00fcssen. Der CSC\/BF ist das ideale Produkt, um Verarbeitern die Gewissheit zu geben, dass sie ihre Extruder oder Granulatoren nicht wegen verstopfter Siebpakete abschalten m\u00fcssen.\u201c<\/p><p>Ein Standard-Siebwechsler an einem Extruder kann schnell verstopfen, sagte Martin, und je schmutziger das Material ist, desto schneller kann der Siebwechsler verstopfen. \u201eWir haben Situationen erlebt, in denen ein Standard-Siebpaket viele Male pro Stunde gewechselt werden musste\u201c, sagte er. \u201eDies f\u00fchrt offensichtlich zu einer inakzeptablen Ausfallzeit des Prozessors.\u201c\u00a0<\/p><p>Bei der kontinuierlichen R\u00fccksp\u00fcltechnik des Siebwechslers CSC\/BF wird das zu verarbeitende Material in zwei Schmelzestr\u00f6me mit jeweils zwei Filterkavit\u00e4ten aufgeteilt. Wenn der Eingangsdruck aufgrund eines hohen Verschmutzungsgrades ansteigt, bet\u00e4tigt die Extrudepak-SPS-Steuerung von PSI automatisch jeden Kolben in seine R\u00fccksp\u00fclposition, sodass der Druck Verunreinigungen aus dem verschmutzten Siebpaket herausdr\u00fccken kann. Die Verunreinigungen werden aus den \u00d6ffnungen im Geh\u00e4use gesp\u00fclt und die gesp\u00fclten\/gereinigten Siebe werden in ihre urspr\u00fcngliche Position zur\u00fcckgebracht, bis der R\u00fccksp\u00fclzyklus erneut stattfindet.\u00a0<\/p><p>\u201eAufgrund dieser Technologie k\u00f6nnen Verarbeiter, die normalerweise recyceltes Material der Klasse \u201aA&#039; kaufen w\u00fcrden, tats\u00e4chlich Materialien der Klasse \u201aB&#039; oder \u201aC&#039; verwenden\u201c, sagte Martin. \u201eDadurch k\u00f6nnen sie erheblich Materialkosten einsparen.\u201c<\/p><p>Der CSC\/BF verf\u00fcgt \u00fcber einen garantiert lecksicheren Betrieb bis 10.000 psi und arbeitet mit Prozesstemperaturen bis 700 \u00b0F. Da keine Dichtungen oder Kontaktteile vorhanden sind, gew\u00e4hrt PSI f\u00fcnf Jahre Garantie gegen Schmelzeaustritt. Sie sind in Gr\u00f6\u00dfen mit einem Bildschirmdurchmesser von 4,58 Zoll (116 mm) bis 9,07 Zoll (230 mm) erh\u00e4ltlich. Wie alle PSI-Produkte wird auch der CSC\/BF mit Stolz am US-Hauptsitz des Unternehmens gefertigt <\/p>\t\t\t\t\t\t\t\t<\/div>\n\t\t\t\t<\/div>\n\t\t\t\t\t<\/div>\n\t\t<\/div>\n\t\t\t\t<div class=\"elementor-column elementor-col-50 elementor-top-column elementor-element elementor-element-62a729cf\" data-id=\"62a729cf\" data-element_type=\"column\" data-e-type=\"column\">\n\t\t\t<div class=\"elementor-widget-wrap\">\n\t\t\t\t\t\t\t<\/div>\n\t\t<\/div>\n\t\t\t\t\t<\/div>\n\t\t<\/section>\n\t\t\t\t<\/div>","protected":false},"excerpt":{"rendered":"<p>Siebwechsler mit kontinuierlicher R\u00fccksp\u00fclung von PSI-Polymer Systems, Inc. wurde speziell f\u00fcr die Extrusion und Pelletierung von Recyclingmaterialien entwickelt Hickory, NC (30. Oktober 2008) Extruder und Pelletierer, die mit Recyclingmaterialien arbeiten, k\u00f6nnen stark von der Verwendung des Siebwechslers mit kontinuierlicher R\u00fccksp\u00fclung (CSC) profitieren \/BF) von PSI-Polymer Systems Inc. Der CSC\/BF bietet maximale Schmelzefiltrationskapazit\u00e4ten und trennt die Verunreinigungen [\u2026]<\/p>","protected":false},"author":2,"featured_media":0,"parent":5833,"menu_order":0,"comment_status":"closed","ping_status":"closed","template":"","meta":{"_monsterinsights_skip_tracking":false,"_monsterinsights_sitenote_active":false,"_monsterinsights_sitenote_note":"","_monsterinsights_sitenote_category":0,"footnotes":""},"class_list":["post-6043","page","type-page","status-publish","hentry"],"yoast_head":"<!-- This site is optimized with the Yoast SEO Premium plugin v25.0 (Yoast SEO v25.0) - https:\/\/yoast.com\/wordpress\/plugins\/seo\/ -->\n<title>PSI-Polymer Systems Inc. Continuous Backflush Screen Changer is Specially Designed for Extrusion &amp; Pelletizing of Recycled Materials Hickory, NC (October, 30 2008) - PSI-Polymer Systems<\/title>\n<meta name=\"robots\" content=\"index, follow, max-snippet:-1, max-image-preview:large, max-video-preview:-1\" \/>\n<link rel=\"canonical\" href=\"https:\/\/www.psi-polymersystems.com\/de\/about-us\/press-releases\/psi-polymer-systems-inc-continuous-backflush-screen-changer-is-specially-designed-for-extrusion-pelletizing-of-recycled-materials-hickory-nc-october-30-2008\/\" \/>\n<meta property=\"og:locale\" content=\"de_DE\" \/>\n<meta property=\"og:type\" content=\"article\" \/>\n<meta property=\"og:title\" content=\"PSI-Polymer Systems Inc. Continuous Backflush Screen Changer is Specially Designed for Extrusion &amp; Pelletizing of Recycled Materials Hickory, NC (October, 30 2008)\" \/>\n<meta property=\"og:description\" content=\"PSI-Polymer Systems, Inc. Continuous Backflush Screen Changer is Specially Designed for Extrusion &amp; Pelletizing of Recycled Materials Hickory, NC\" \/>\n<meta property=\"og:url\" content=\"https:\/\/www.psi-polymersystems.com\/de\/about-us\/press-releases\/psi-polymer-systems-inc-continuous-backflush-screen-changer-is-specially-designed-for-extrusion-pelletizing-of-recycled-materials-hickory-nc-october-30-2008\/\" \/>\n<meta property=\"og:site_name\" content=\"PSI-Polymer Systems\" \/>\n<meta property=\"article:publisher\" content=\"https:\/\/www.facebook.com\/psipolymersystems\/\" \/>\n<meta property=\"article:modified_time\" content=\"2020-09-23T15:05:03+00:00\" \/>\n<meta name=\"twitter:card\" content=\"summary_large_image\" \/>\n<meta name=\"twitter:label1\" content=\"Gesch\u00e4tzte Lesezeit\" \/>\n\t<meta name=\"twitter:data1\" content=\"2\u00a0Minuten\" \/>\n<script type=\"application\/ld+json\" class=\"yoast-schema-graph\">{\"@context\":\"https:\/\/schema.org\",\"@graph\":[{\"@type\":\"WebPage\",\"@id\":\"https:\/\/www.psi-polymersystems.com\/es\/about-us\/press-releases\/psi-polymer-systems-inc-continuous-backflush-screen-changer-is-specially-designed-for-extrusion-pelletizing-of-recycled-materials-hickory-nc-october-30-2008\/\",\"url\":\"https:\/\/www.psi-polymersystems.com\/es\/about-us\/press-releases\/psi-polymer-systems-inc-continuous-backflush-screen-changer-is-specially-designed-for-extrusion-pelletizing-of-recycled-materials-hickory-nc-october-30-2008\/\",\"name\":\"PSI-Polymer Systems Inc. Continuous Backflush Screen Changer is Specially Designed for Extrusion & Pelletizing of Recycled Materials Hickory, NC (October, 30 2008) - PSI-Polymer Systems\",\"isPartOf\":{\"@id\":\"https:\/\/www.psi-polymersystems.com\/#website\"},\"datePublished\":\"2020-09-23T15:03:00+00:00\",\"dateModified\":\"2020-09-23T15:05:03+00:00\",\"breadcrumb\":{\"@id\":\"https:\/\/www.psi-polymersystems.com\/es\/about-us\/press-releases\/psi-polymer-systems-inc-continuous-backflush-screen-changer-is-specially-designed-for-extrusion-pelletizing-of-recycled-materials-hickory-nc-october-30-2008\/#breadcrumb\"},\"inLanguage\":\"de\",\"potentialAction\":[{\"@type\":\"ReadAction\",\"target\":[\"https:\/\/www.psi-polymersystems.com\/es\/about-us\/press-releases\/psi-polymer-systems-inc-continuous-backflush-screen-changer-is-specially-designed-for-extrusion-pelletizing-of-recycled-materials-hickory-nc-october-30-2008\/\"]}]},{\"@type\":\"BreadcrumbList\",\"@id\":\"https:\/\/www.psi-polymersystems.com\/es\/about-us\/press-releases\/psi-polymer-systems-inc-continuous-backflush-screen-changer-is-specially-designed-for-extrusion-pelletizing-of-recycled-materials-hickory-nc-october-30-2008\/#breadcrumb\",\"itemListElement\":[{\"@type\":\"ListItem\",\"position\":1,\"name\":\"Home\",\"item\":\"https:\/\/www.psi-polymersystems.com\/\"},{\"@type\":\"ListItem\",\"position\":2,\"name\":\"About Us\",\"item\":\"https:\/\/www.psi-polymersystems.com\/about-us\/\"},{\"@type\":\"ListItem\",\"position\":3,\"name\":\"Press Releases\",\"item\":\"https:\/\/www.psi-polymersystems.com\/about-us\/press-releases\/\"},{\"@type\":\"ListItem\",\"position\":4,\"name\":\"PSI-Polymer Systems Inc. Continuous Backflush Screen Changer is Specially Designed for Extrusion &#038; Pelletizing of Recycled Materials Hickory, NC (October, 30 2008)\"}]},{\"@type\":\"WebSite\",\"@id\":\"https:\/\/www.psi-polymersystems.com\/#website\",\"url\":\"https:\/\/www.psi-polymersystems.com\/\",\"name\":\"PSI-Polymer Systems\",\"description\":\"\",\"publisher\":{\"@id\":\"https:\/\/www.psi-polymersystems.com\/#organization\"},\"potentialAction\":[{\"@type\":\"SearchAction\",\"target\":{\"@type\":\"EntryPoint\",\"urlTemplate\":\"https:\/\/www.psi-polymersystems.com\/?s={search_term_string}\"},\"query-input\":{\"@type\":\"PropertyValueSpecification\",\"valueRequired\":true,\"valueName\":\"search_term_string\"}}],\"inLanguage\":\"de\"},{\"@type\":\"Organization\",\"@id\":\"https:\/\/www.psi-polymersystems.com\/#organization\",\"name\":\"PSI-Polymer Systems, Inc.\",\"url\":\"https:\/\/www.psi-polymersystems.com\/\",\"logo\":{\"@type\":\"ImageObject\",\"inLanguage\":\"de\",\"@id\":\"https:\/\/www.psi-polymersystems.com\/#\/schema\/logo\/image\/\",\"url\":\"\",\"contentUrl\":\"\",\"caption\":\"PSI-Polymer Systems, Inc.\"},\"image\":{\"@id\":\"https:\/\/www.psi-polymersystems.com\/#\/schema\/logo\/image\/\"},\"sameAs\":[\"https:\/\/www.facebook.com\/psipolymersystems\/\",\"https:\/\/www.linkedin.com\/showcase\/psi-polymer-systems\"]}]}<\/script>\n<!-- \/ Yoast SEO Premium plugin. -->","yoast_head_json":{"title":"PSI-Polymer Systems Inc. Continuous Backflush Screen Changer is Specially Designed for Extrusion & Pelletizing of Recycled Materials Hickory, NC (October, 30 2008) - PSI-Polymer Systems","robots":{"index":"index","follow":"follow","max-snippet":"max-snippet:-1","max-image-preview":"max-image-preview:large","max-video-preview":"max-video-preview:-1"},"canonical":"https:\/\/www.psi-polymersystems.com\/de\/about-us\/press-releases\/psi-polymer-systems-inc-continuous-backflush-screen-changer-is-specially-designed-for-extrusion-pelletizing-of-recycled-materials-hickory-nc-october-30-2008\/","og_locale":"de_DE","og_type":"article","og_title":"PSI-Polymer Systems Inc. Continuous Backflush Screen Changer is Specially Designed for Extrusion & Pelletizing of Recycled Materials Hickory, NC (October, 30 2008)","og_description":"PSI-Polymer Systems, Inc. Continuous Backflush Screen Changer is Specially Designed for Extrusion &amp; Pelletizing of Recycled Materials Hickory, NC","og_url":"https:\/\/www.psi-polymersystems.com\/de\/about-us\/press-releases\/psi-polymer-systems-inc-continuous-backflush-screen-changer-is-specially-designed-for-extrusion-pelletizing-of-recycled-materials-hickory-nc-october-30-2008\/","og_site_name":"PSI-Polymer Systems","article_publisher":"https:\/\/www.facebook.com\/psipolymersystems\/","article_modified_time":"2020-09-23T15:05:03+00:00","twitter_card":"summary_large_image","twitter_misc":{"Gesch\u00e4tzte Lesezeit":"2\u00a0Minuten"},"schema":{"@context":"https:\/\/schema.org","@graph":[{"@type":"WebPage","@id":"https:\/\/www.psi-polymersystems.com\/es\/about-us\/press-releases\/psi-polymer-systems-inc-continuous-backflush-screen-changer-is-specially-designed-for-extrusion-pelletizing-of-recycled-materials-hickory-nc-october-30-2008\/","url":"https:\/\/www.psi-polymersystems.com\/es\/about-us\/press-releases\/psi-polymer-systems-inc-continuous-backflush-screen-changer-is-specially-designed-for-extrusion-pelletizing-of-recycled-materials-hickory-nc-october-30-2008\/","name":"PSI-Polymer Systems Inc. Continuous Backflush Screen Changer is Specially Designed for Extrusion & Pelletizing of Recycled Materials Hickory, NC (October, 30 2008) - PSI-Polymer Systems","isPartOf":{"@id":"https:\/\/www.psi-polymersystems.com\/#website"},"datePublished":"2020-09-23T15:03:00+00:00","dateModified":"2020-09-23T15:05:03+00:00","breadcrumb":{"@id":"https:\/\/www.psi-polymersystems.com\/es\/about-us\/press-releases\/psi-polymer-systems-inc-continuous-backflush-screen-changer-is-specially-designed-for-extrusion-pelletizing-of-recycled-materials-hickory-nc-october-30-2008\/#breadcrumb"},"inLanguage":"de","potentialAction":[{"@type":"ReadAction","target":["https:\/\/www.psi-polymersystems.com\/es\/about-us\/press-releases\/psi-polymer-systems-inc-continuous-backflush-screen-changer-is-specially-designed-for-extrusion-pelletizing-of-recycled-materials-hickory-nc-october-30-2008\/"]}]},{"@type":"BreadcrumbList","@id":"https:\/\/www.psi-polymersystems.com\/es\/about-us\/press-releases\/psi-polymer-systems-inc-continuous-backflush-screen-changer-is-specially-designed-for-extrusion-pelletizing-of-recycled-materials-hickory-nc-october-30-2008\/#breadcrumb","itemListElement":[{"@type":"ListItem","position":1,"name":"Home","item":"https:\/\/www.psi-polymersystems.com\/"},{"@type":"ListItem","position":2,"name":"About Us","item":"https:\/\/www.psi-polymersystems.com\/about-us\/"},{"@type":"ListItem","position":3,"name":"Press Releases","item":"https:\/\/www.psi-polymersystems.com\/about-us\/press-releases\/"},{"@type":"ListItem","position":4,"name":"PSI-Polymer Systems Inc. Continuous Backflush Screen Changer is Specially Designed for Extrusion &#038; Pelletizing of Recycled Materials Hickory, NC (October, 30 2008)"}]},{"@type":"WebSite","@id":"https:\/\/www.psi-polymersystems.com\/#website","url":"https:\/\/www.psi-polymersystems.com\/","name":"PSI-Polymer Systems","description":"","publisher":{"@id":"https:\/\/www.psi-polymersystems.com\/#organization"},"potentialAction":[{"@type":"SearchAction","target":{"@type":"EntryPoint","urlTemplate":"https:\/\/www.psi-polymersystems.com\/?s={search_term_string}"},"query-input":{"@type":"PropertyValueSpecification","valueRequired":true,"valueName":"search_term_string"}}],"inLanguage":"de"},{"@type":"Organization","@id":"https:\/\/www.psi-polymersystems.com\/#organization","name":"PSI-Polymer Systems, Inc.","url":"https:\/\/www.psi-polymersystems.com\/","logo":{"@type":"ImageObject","inLanguage":"de","@id":"https:\/\/www.psi-polymersystems.com\/#\/schema\/logo\/image\/","url":"","contentUrl":"","caption":"PSI-Polymer Systems, Inc."},"image":{"@id":"https:\/\/www.psi-polymersystems.com\/#\/schema\/logo\/image\/"},"sameAs":["https:\/\/www.facebook.com\/psipolymersystems\/","https:\/\/www.linkedin.com\/showcase\/psi-polymer-systems"]}]}},"_links":{"self":[{"href":"https:\/\/www.psi-polymersystems.com\/de\/wp-json\/wp\/v2\/pages\/6043","targetHints":{"allow":["GET"]}}],"collection":[{"href":"https:\/\/www.psi-polymersystems.com\/de\/wp-json\/wp\/v2\/pages"}],"about":[{"href":"https:\/\/www.psi-polymersystems.com\/de\/wp-json\/wp\/v2\/types\/page"}],"author":[{"embeddable":true,"href":"https:\/\/www.psi-polymersystems.com\/de\/wp-json\/wp\/v2\/users\/2"}],"replies":[{"embeddable":true,"href":"https:\/\/www.psi-polymersystems.com\/de\/wp-json\/wp\/v2\/comments?post=6043"}],"version-history":[{"count":0,"href":"https:\/\/www.psi-polymersystems.com\/de\/wp-json\/wp\/v2\/pages\/6043\/revisions"}],"up":[{"embeddable":true,"href":"https:\/\/www.psi-polymersystems.com\/de\/wp-json\/wp\/v2\/pages\/5833"}],"wp:attachment":[{"href":"https:\/\/www.psi-polymersystems.com\/de\/wp-json\/wp\/v2\/media?parent=6043"}],"curies":[{"name":"wp","href":"https:\/\/api.w.org\/{rel}","templated":true}]}}