{"id":6051,"date":"2020-09-23T15:15:08","date_gmt":"2020-09-23T15:15:08","guid":{"rendered":"https:\/\/psi-polymersystems.com\/?page_id=6051"},"modified":"2020-09-23T15:18:07","modified_gmt":"2020-09-23T15:18:07","slug":"psi-polymer-systems-inc-announces-new-repair-rebuild-program-for-gear-pumps-screen-changers-and-static-mixers-for-extrusion-applications-hickory-nc-april-9-2008","status":"publish","type":"page","link":"https:\/\/www.psi-polymersystems.com\/de\/about-us\/press-releases\/psi-polymer-systems-inc-announces-new-repair-rebuild-program-for-gear-pumps-screen-changers-and-static-mixers-for-extrusion-applications-hickory-nc-april-9-2008\/","title":{"rendered":"PSI-Polymer Systems Inc. k\u00fcndigt neues Reparatur-\/\u00dcberholungsprogramm f\u00fcr Zahnradpumpen, Siebwechsler und statische Mischer f\u00fcr Extrusionsanwendungen an Hickory, NC (9. April 2008)"},"content":{"rendered":"<div data-elementor-type=\"wp-page\" data-elementor-id=\"6051\" class=\"elementor elementor-6051\" data-elementor-post-type=\"page\">\n\t\t\t\t\t\t<section class=\"elementor-section elementor-top-section elementor-element elementor-element-3a4b3b9b elementor-section-boxed elementor-section-height-default elementor-section-height-default\" data-id=\"3a4b3b9b\" data-element_type=\"section\" data-e-type=\"section\">\n\t\t\t\t\t\t<div class=\"elementor-container elementor-column-gap-default\">\n\t\t\t\t\t<div class=\"elementor-column elementor-col-50 elementor-top-column elementor-element elementor-element-63f8fb19\" data-id=\"63f8fb19\" data-element_type=\"column\" data-e-type=\"column\">\n\t\t\t<div class=\"elementor-widget-wrap elementor-element-populated\">\n\t\t\t\t\t\t<div class=\"elementor-element elementor-element-3547064d elementor-widget elementor-widget-heading\" data-id=\"3547064d\" data-element_type=\"widget\" data-e-type=\"widget\" data-widget_type=\"heading.default\">\n\t\t\t\t<div class=\"elementor-widget-container\">\n\t\t\t\t\t<h2 class=\"elementor-heading-title elementor-size-default\">PSI-Polymer Systems, Inc. k\u00fcndigt neues Reparatur-\/\u00dcberholungsprogramm f\u00fcr Zahnradpumpen, Siebwechsler und statische Mischer f\u00fcr Extrusionsanwendungen an Hickory, NC (9. April 2008)<\/h2>\t\t\t\t<\/div>\n\t\t\t\t<\/div>\n\t\t\t\t<div class=\"elementor-element elementor-element-2713846e elementor-widget elementor-widget-text-editor\" data-id=\"2713846e\" data-element_type=\"widget\" data-e-type=\"widget\" data-widget_type=\"text-editor.default\">\n\t\t\t\t<div class=\"elementor-widget-container\">\n\t\t\t\t\t\t\t\t\t<p>PSI-Polymer Systems Inc. hat bekannt gegeben, dass es ein neues Reparatur-\/\u00dcberholungs-Serviceprogramm f\u00fcr Zahnradpumpen, Siebwechsler und statische Mischer f\u00fcr Extrusionsanwendungen eingef\u00fchrt hat. Dieses neue Programm konzentriert sich auf Service und Reparatur von Ger\u00e4ten, die nicht von PSI stammen. Die Bearbeitungszeiten betragen oft 24 Stunden oder weniger.<\/p><p>Das neue Reparaturzentrum, das sich intern am PSI-Hauptsitz in Hickory, NC, befindet, verf\u00fcgt \u00fcber die gesamte Ausr\u00fcstung, die f\u00fcr die Durchf\u00fchrung von Reparaturen und Umbauten erforderlich ist, darunter Ausbrenn\u00f6fen, Dreh- und Fr\u00e4smaschinen, Glasperlenmaschinen, hydraulische Pressen und Schwei\u00dfmaschinen. PSI h\u00e4lt auch einen gro\u00dfen Bestand an Ersatzteilen f\u00fcr seine Ger\u00e4te sowie f\u00fcr andere f\u00fchrende Marken bereit.<\/p><p>Rob Martin, General Manager von PSI, erkl\u00e4rte, dass viele Verarbeiter sich daf\u00fcr entscheiden, ihre vorhandene Ausr\u00fcstung warten zu lassen, eine kosteng\u00fcnstigere Option als der Kauf neuer Ausr\u00fcstung. \u201eVerarbeiter haben uns mehrfach gefragt, ob wir ihnen helfen k\u00f6nnten, indem sie ihre vorhandene Nicht-PSI-Ausr\u00fcstung \u00fcberholen\u201c, sagte er. \u201eAufgrund dieser Anfragen haben wir uns entschieden, das Reparaturzentrum zu gr\u00fcnden und es zu einem festen Bestandteil unseres Unternehmensangebots zu machen.\u201c<\/p><p>\u201eDrau\u00dfen im Feld haben wir andere Marken von Zahnradpumpen und Siebwechslern in schlechtem Zustand gesehen, und wir haben den Verarbeitern gesagt, dass wir in der Lage sind, diese Produkte in kurzer Zeit so gut wie neu herzustellen\u201c, sagte Martin. \u201eEs ist eine attraktive Option; Alte Anlagen zu neuem Leben zu erwecken, ist nur sinnvoll und hilft unseren Kunden, Produktivit\u00e4t und Gewinn zu maximieren.\u201c\u00a0<\/p><p>Alle Teile haben eine einj\u00e4hrige Garantie, und alle Produkte und Komponenten werden von PSI entwickelt und hergestellt.\u00a0<\/p>\t\t\t\t\t\t\t\t<\/div>\n\t\t\t\t<\/div>\n\t\t\t\t\t<\/div>\n\t\t<\/div>\n\t\t\t\t<div class=\"elementor-column elementor-col-50 elementor-top-column elementor-element elementor-element-51655e22\" data-id=\"51655e22\" data-element_type=\"column\" data-e-type=\"column\">\n\t\t\t<div class=\"elementor-widget-wrap\">\n\t\t\t\t\t\t\t<\/div>\n\t\t<\/div>\n\t\t\t\t\t<\/div>\n\t\t<\/section>\n\t\t\t\t<\/div>","protected":false},"excerpt":{"rendered":"<p>PSI-Polymer Systems, Inc. k\u00fcndigt neues Reparatur-\/\u00dcberholungsprogramm f\u00fcr Zahnradpumpen, Siebwechsler und statische Mischer f\u00fcr Extrusionsanwendungen an Hickory, NC (9. April 2008) PSI-Polymer Systems Inc. hat bekannt gegeben, dass es ein neues Reparatur-\/ Rebuild-Serviceprogramm f\u00fcr Zahnradpumpen, Siebwechsler und statische Mischer f\u00fcr Extrusionsanwendungen. Dieses neue Programm konzentriert sich auf Service und Reparatur von [\u2026]<\/p>","protected":false},"author":2,"featured_media":0,"parent":5833,"menu_order":0,"comment_status":"closed","ping_status":"closed","template":"","meta":{"_monsterinsights_skip_tracking":false,"_monsterinsights_sitenote_active":false,"_monsterinsights_sitenote_note":"","_monsterinsights_sitenote_category":0,"footnotes":""},"class_list":["post-6051","page","type-page","status-publish","hentry"],"yoast_head":"<!-- This site is optimized with the Yoast SEO Premium plugin v25.0 (Yoast SEO v25.0) - https:\/\/yoast.com\/wordpress\/plugins\/seo\/ -->\n<title>PSI-Polymer Systems Inc. Announces New Repair\/Rebuild Program for Gear Pumps, Screen Changers, and Static Mixers for Extrusion Applications Hickory, NC (April 9, 2008) - PSI-Polymer Systems<\/title>\n<meta name=\"robots\" content=\"index, follow, max-snippet:-1, max-image-preview:large, max-video-preview:-1\" \/>\n<link rel=\"canonical\" href=\"https:\/\/www.psi-polymersystems.com\/de\/about-us\/press-releases\/psi-polymer-systems-inc-announces-new-repair-rebuild-program-for-gear-pumps-screen-changers-and-static-mixers-for-extrusion-applications-hickory-nc-april-9-2008\/\" \/>\n<meta property=\"og:locale\" content=\"de_DE\" \/>\n<meta property=\"og:type\" content=\"article\" \/>\n<meta property=\"og:title\" content=\"PSI-Polymer Systems Inc. Announces New Repair\/Rebuild Program for Gear Pumps, Screen Changers, and Static Mixers for Extrusion Applications Hickory, NC (April 9, 2008)\" \/>\n<meta property=\"og:description\" content=\"PSI-Polymer Systems, Inc. Announces New Repair\/Rebuild Program for Gear Pumps, Screen Changers, and Static Mixers for Extrusion Applications Hickory, NC\" \/>\n<meta property=\"og:url\" content=\"https:\/\/www.psi-polymersystems.com\/de\/about-us\/press-releases\/psi-polymer-systems-inc-announces-new-repair-rebuild-program-for-gear-pumps-screen-changers-and-static-mixers-for-extrusion-applications-hickory-nc-april-9-2008\/\" \/>\n<meta property=\"og:site_name\" content=\"PSI-Polymer Systems\" \/>\n<meta property=\"article:publisher\" content=\"https:\/\/www.facebook.com\/psipolymersystems\/\" \/>\n<meta property=\"article:modified_time\" content=\"2020-09-23T15:18:07+00:00\" \/>\n<meta name=\"twitter:card\" content=\"summary_large_image\" \/>\n<meta name=\"twitter:label1\" content=\"Gesch\u00e4tzte Lesezeit\" \/>\n\t<meta name=\"twitter:data1\" content=\"1\u00a0Minute\" \/>\n<script type=\"application\/ld+json\" class=\"yoast-schema-graph\">{\"@context\":\"https:\/\/schema.org\",\"@graph\":[{\"@type\":\"WebPage\",\"@id\":\"https:\/\/www.psi-polymersystems.com\/es\/about-us\/press-releases\/psi-polymer-systems-inc-announces-new-repair-rebuild-program-for-gear-pumps-screen-changers-and-static-mixers-for-extrusion-applications-hickory-nc-april-9-2008\/\",\"url\":\"https:\/\/www.psi-polymersystems.com\/es\/about-us\/press-releases\/psi-polymer-systems-inc-announces-new-repair-rebuild-program-for-gear-pumps-screen-changers-and-static-mixers-for-extrusion-applications-hickory-nc-april-9-2008\/\",\"name\":\"PSI-Polymer Systems Inc. Announces New Repair\/Rebuild Program for Gear Pumps, Screen Changers, and Static Mixers for Extrusion Applications Hickory, NC (April 9, 2008) - PSI-Polymer Systems\",\"isPartOf\":{\"@id\":\"https:\/\/www.psi-polymersystems.com\/#website\"},\"datePublished\":\"2020-09-23T15:15:08+00:00\",\"dateModified\":\"2020-09-23T15:18:07+00:00\",\"breadcrumb\":{\"@id\":\"https:\/\/www.psi-polymersystems.com\/es\/about-us\/press-releases\/psi-polymer-systems-inc-announces-new-repair-rebuild-program-for-gear-pumps-screen-changers-and-static-mixers-for-extrusion-applications-hickory-nc-april-9-2008\/#breadcrumb\"},\"inLanguage\":\"de\",\"potentialAction\":[{\"@type\":\"ReadAction\",\"target\":[\"https:\/\/www.psi-polymersystems.com\/es\/about-us\/press-releases\/psi-polymer-systems-inc-announces-new-repair-rebuild-program-for-gear-pumps-screen-changers-and-static-mixers-for-extrusion-applications-hickory-nc-april-9-2008\/\"]}]},{\"@type\":\"BreadcrumbList\",\"@id\":\"https:\/\/www.psi-polymersystems.com\/es\/about-us\/press-releases\/psi-polymer-systems-inc-announces-new-repair-rebuild-program-for-gear-pumps-screen-changers-and-static-mixers-for-extrusion-applications-hickory-nc-april-9-2008\/#breadcrumb\",\"itemListElement\":[{\"@type\":\"ListItem\",\"position\":1,\"name\":\"Home\",\"item\":\"https:\/\/www.psi-polymersystems.com\/\"},{\"@type\":\"ListItem\",\"position\":2,\"name\":\"About Us\",\"item\":\"https:\/\/www.psi-polymersystems.com\/about-us\/\"},{\"@type\":\"ListItem\",\"position\":3,\"name\":\"Press Releases\",\"item\":\"https:\/\/www.psi-polymersystems.com\/about-us\/press-releases\/\"},{\"@type\":\"ListItem\",\"position\":4,\"name\":\"PSI-Polymer Systems Inc. Announces New Repair\/Rebuild Program for Gear Pumps, Screen Changers, and Static Mixers for Extrusion Applications Hickory, NC (April 9, 2008)\"}]},{\"@type\":\"WebSite\",\"@id\":\"https:\/\/www.psi-polymersystems.com\/#website\",\"url\":\"https:\/\/www.psi-polymersystems.com\/\",\"name\":\"PSI-Polymer Systems\",\"description\":\"\",\"publisher\":{\"@id\":\"https:\/\/www.psi-polymersystems.com\/#organization\"},\"potentialAction\":[{\"@type\":\"SearchAction\",\"target\":{\"@type\":\"EntryPoint\",\"urlTemplate\":\"https:\/\/www.psi-polymersystems.com\/?s={search_term_string}\"},\"query-input\":{\"@type\":\"PropertyValueSpecification\",\"valueRequired\":true,\"valueName\":\"search_term_string\"}}],\"inLanguage\":\"de\"},{\"@type\":\"Organization\",\"@id\":\"https:\/\/www.psi-polymersystems.com\/#organization\",\"name\":\"PSI-Polymer Systems, Inc.\",\"url\":\"https:\/\/www.psi-polymersystems.com\/\",\"logo\":{\"@type\":\"ImageObject\",\"inLanguage\":\"de\",\"@id\":\"https:\/\/www.psi-polymersystems.com\/#\/schema\/logo\/image\/\",\"url\":\"\",\"contentUrl\":\"\",\"caption\":\"PSI-Polymer Systems, Inc.\"},\"image\":{\"@id\":\"https:\/\/www.psi-polymersystems.com\/#\/schema\/logo\/image\/\"},\"sameAs\":[\"https:\/\/www.facebook.com\/psipolymersystems\/\",\"https:\/\/www.linkedin.com\/showcase\/psi-polymer-systems\"]}]}<\/script>\n<!-- \/ Yoast SEO Premium plugin. -->","yoast_head_json":{"title":"PSI-Polymer Systems Inc. Announces New Repair\/Rebuild Program for Gear Pumps, Screen Changers, and Static Mixers for Extrusion Applications Hickory, NC (April 9, 2008) - PSI-Polymer Systems","robots":{"index":"index","follow":"follow","max-snippet":"max-snippet:-1","max-image-preview":"max-image-preview:large","max-video-preview":"max-video-preview:-1"},"canonical":"https:\/\/www.psi-polymersystems.com\/de\/about-us\/press-releases\/psi-polymer-systems-inc-announces-new-repair-rebuild-program-for-gear-pumps-screen-changers-and-static-mixers-for-extrusion-applications-hickory-nc-april-9-2008\/","og_locale":"de_DE","og_type":"article","og_title":"PSI-Polymer Systems Inc. Announces New Repair\/Rebuild Program for Gear Pumps, Screen Changers, and Static Mixers for Extrusion Applications Hickory, NC (April 9, 2008)","og_description":"PSI-Polymer Systems, Inc. Announces New Repair\/Rebuild Program for Gear Pumps, Screen Changers, and Static Mixers for Extrusion Applications Hickory, NC","og_url":"https:\/\/www.psi-polymersystems.com\/de\/about-us\/press-releases\/psi-polymer-systems-inc-announces-new-repair-rebuild-program-for-gear-pumps-screen-changers-and-static-mixers-for-extrusion-applications-hickory-nc-april-9-2008\/","og_site_name":"PSI-Polymer Systems","article_publisher":"https:\/\/www.facebook.com\/psipolymersystems\/","article_modified_time":"2020-09-23T15:18:07+00:00","twitter_card":"summary_large_image","twitter_misc":{"Gesch\u00e4tzte Lesezeit":"1\u00a0Minute"},"schema":{"@context":"https:\/\/schema.org","@graph":[{"@type":"WebPage","@id":"https:\/\/www.psi-polymersystems.com\/es\/about-us\/press-releases\/psi-polymer-systems-inc-announces-new-repair-rebuild-program-for-gear-pumps-screen-changers-and-static-mixers-for-extrusion-applications-hickory-nc-april-9-2008\/","url":"https:\/\/www.psi-polymersystems.com\/es\/about-us\/press-releases\/psi-polymer-systems-inc-announces-new-repair-rebuild-program-for-gear-pumps-screen-changers-and-static-mixers-for-extrusion-applications-hickory-nc-april-9-2008\/","name":"PSI-Polymer Systems Inc. Announces New Repair\/Rebuild Program for Gear Pumps, Screen Changers, and Static Mixers for Extrusion Applications Hickory, NC (April 9, 2008) - PSI-Polymer Systems","isPartOf":{"@id":"https:\/\/www.psi-polymersystems.com\/#website"},"datePublished":"2020-09-23T15:15:08+00:00","dateModified":"2020-09-23T15:18:07+00:00","breadcrumb":{"@id":"https:\/\/www.psi-polymersystems.com\/es\/about-us\/press-releases\/psi-polymer-systems-inc-announces-new-repair-rebuild-program-for-gear-pumps-screen-changers-and-static-mixers-for-extrusion-applications-hickory-nc-april-9-2008\/#breadcrumb"},"inLanguage":"de","potentialAction":[{"@type":"ReadAction","target":["https:\/\/www.psi-polymersystems.com\/es\/about-us\/press-releases\/psi-polymer-systems-inc-announces-new-repair-rebuild-program-for-gear-pumps-screen-changers-and-static-mixers-for-extrusion-applications-hickory-nc-april-9-2008\/"]}]},{"@type":"BreadcrumbList","@id":"https:\/\/www.psi-polymersystems.com\/es\/about-us\/press-releases\/psi-polymer-systems-inc-announces-new-repair-rebuild-program-for-gear-pumps-screen-changers-and-static-mixers-for-extrusion-applications-hickory-nc-april-9-2008\/#breadcrumb","itemListElement":[{"@type":"ListItem","position":1,"name":"Home","item":"https:\/\/www.psi-polymersystems.com\/"},{"@type":"ListItem","position":2,"name":"About Us","item":"https:\/\/www.psi-polymersystems.com\/about-us\/"},{"@type":"ListItem","position":3,"name":"Press Releases","item":"https:\/\/www.psi-polymersystems.com\/about-us\/press-releases\/"},{"@type":"ListItem","position":4,"name":"PSI-Polymer Systems Inc. Announces New Repair\/Rebuild Program for Gear Pumps, Screen Changers, and Static Mixers for Extrusion Applications Hickory, NC (April 9, 2008)"}]},{"@type":"WebSite","@id":"https:\/\/www.psi-polymersystems.com\/#website","url":"https:\/\/www.psi-polymersystems.com\/","name":"PSI-Polymer Systems","description":"","publisher":{"@id":"https:\/\/www.psi-polymersystems.com\/#organization"},"potentialAction":[{"@type":"SearchAction","target":{"@type":"EntryPoint","urlTemplate":"https:\/\/www.psi-polymersystems.com\/?s={search_term_string}"},"query-input":{"@type":"PropertyValueSpecification","valueRequired":true,"valueName":"search_term_string"}}],"inLanguage":"de"},{"@type":"Organization","@id":"https:\/\/www.psi-polymersystems.com\/#organization","name":"PSI-Polymer Systems, Inc.","url":"https:\/\/www.psi-polymersystems.com\/","logo":{"@type":"ImageObject","inLanguage":"de","@id":"https:\/\/www.psi-polymersystems.com\/#\/schema\/logo\/image\/","url":"","contentUrl":"","caption":"PSI-Polymer Systems, Inc."},"image":{"@id":"https:\/\/www.psi-polymersystems.com\/#\/schema\/logo\/image\/"},"sameAs":["https:\/\/www.facebook.com\/psipolymersystems\/","https:\/\/www.linkedin.com\/showcase\/psi-polymer-systems"]}]}},"_links":{"self":[{"href":"https:\/\/www.psi-polymersystems.com\/de\/wp-json\/wp\/v2\/pages\/6051","targetHints":{"allow":["GET"]}}],"collection":[{"href":"https:\/\/www.psi-polymersystems.com\/de\/wp-json\/wp\/v2\/pages"}],"about":[{"href":"https:\/\/www.psi-polymersystems.com\/de\/wp-json\/wp\/v2\/types\/page"}],"author":[{"embeddable":true,"href":"https:\/\/www.psi-polymersystems.com\/de\/wp-json\/wp\/v2\/users\/2"}],"replies":[{"embeddable":true,"href":"https:\/\/www.psi-polymersystems.com\/de\/wp-json\/wp\/v2\/comments?post=6051"}],"version-history":[{"count":0,"href":"https:\/\/www.psi-polymersystems.com\/de\/wp-json\/wp\/v2\/pages\/6051\/revisions"}],"up":[{"embeddable":true,"href":"https:\/\/www.psi-polymersystems.com\/de\/wp-json\/wp\/v2\/pages\/5833"}],"wp:attachment":[{"href":"https:\/\/www.psi-polymersystems.com\/de\/wp-json\/wp\/v2\/media?parent=6051"}],"curies":[{"name":"wp","href":"https:\/\/api.w.org\/{rel}","templated":true}]}}