{"id":6055,"date":"2020-09-23T15:21:16","date_gmt":"2020-09-23T15:21:16","guid":{"rendered":"https:\/\/psi-polymersystems.com\/?page_id=6055"},"modified":"2020-09-23T15:26:36","modified_gmt":"2020-09-23T15:26:36","slug":"psi-polymer-systems-inc-introduces-new-line-of-hydraulic-screen-changers-for-twin-screw-extruder-applications-hickory-nc-may-7-2007","status":"publish","type":"page","link":"https:\/\/www.psi-polymersystems.com\/de\/about-us\/press-releases\/psi-polymer-systems-inc-introduces-new-line-of-hydraulic-screen-changers-for-twin-screw-extruder-applications-hickory-nc-may-7-2007\/","title":{"rendered":"PSI-Polymer Systems Inc. stellt neue Produktlinie hydraulischer Siebwechsler f\u00fcr Doppelschneckenextruder-Anwendungen vor Hickory, NC (7. Mai 2007)"},"content":{"rendered":"<div data-elementor-type=\"wp-page\" data-elementor-id=\"6055\" class=\"elementor elementor-6055\" data-elementor-post-type=\"page\">\n\t\t\t\t\t\t<section class=\"elementor-section elementor-top-section elementor-element elementor-element-2f0b2eaa elementor-section-boxed elementor-section-height-default elementor-section-height-default\" data-id=\"2f0b2eaa\" data-element_type=\"section\" data-e-type=\"section\">\n\t\t\t\t\t\t<div class=\"elementor-container elementor-column-gap-default\">\n\t\t\t\t\t<div class=\"elementor-column elementor-col-50 elementor-top-column elementor-element elementor-element-6e9ba672\" data-id=\"6e9ba672\" data-element_type=\"column\" data-e-type=\"column\">\n\t\t\t<div class=\"elementor-widget-wrap elementor-element-populated\">\n\t\t\t\t\t\t<div class=\"elementor-element elementor-element-54de8a4d elementor-widget elementor-widget-heading\" data-id=\"54de8a4d\" data-element_type=\"widget\" data-e-type=\"widget\" data-widget_type=\"heading.default\">\n\t\t\t\t<div class=\"elementor-widget-container\">\n\t\t\t\t\t<h2 class=\"elementor-heading-title elementor-size-default\">PSI-Polymer Systems, Inc. stellt neue Produktlinie hydraulischer Siebwechsler f\u00fcr Doppelschneckenextruder-Anwendungen vor Hickory, NC (7. Mai 2007)<\/h2>\t\t\t\t<\/div>\n\t\t\t\t<\/div>\n\t\t\t\t<div class=\"elementor-element elementor-element-3c49b952 elementor-widget elementor-widget-text-editor\" data-id=\"3c49b952\" data-element_type=\"widget\" data-e-type=\"widget\" data-widget_type=\"text-editor.default\">\n\t\t\t\t<div class=\"elementor-widget-container\">\n\t\t\t\t\t\t\t\t\t<p>PSI-Polymer Systems Inc. hat eine neue Reihe hydraulischer Siebwechsler mit Gleitplatten vorgestellt, die speziell f\u00fcr die Polymerfiltration in Doppelschneckenextruderanwendungen entwickelt wurden.<\/p><p>Die neuen hydraulischen Siebwechsler der Serie \u201eHSC Oval\u201c verf\u00fcgen \u00fcber ovale Siebe und Einlassbohrungen mit \u201e8\u201c-Muster, die zu den Zylinderkonfigurationen von Doppelschneckenextrudern passen. Dadurch werden divergierende Str\u00f6mungs\u00fcberg\u00e4nge und stagnierende Str\u00f6mungsbereiche eliminiert, die bei Wettbewerbsmodellen typisch sind, die kreisf\u00f6rmige Bohrungsdesigns mit 8-0-Adaptern verwenden. Bei der HSC Oval-Serie kann die Extruderschnecke auch in die N\u00e4he der Siebe und Brechplatten ausgefahren werden, und f\u00fcr zus\u00e4tzlichen Komfort kann die Schnecke ohne Demontage durch den Siebwechsler entfernt werden.\u00a0<\/p><p>Ein verbesserter Fluss stromabw\u00e4rts der Prallplatte wird erreicht, indem der Flussweg reduziert wird, um ihn an einen ovalen D\u00fcseneinlass anzupassen, wodurch der Polymerbestand und die Verweilzeit weiter reduziert werden. Benutzer profitieren von geringen bis keinen Ausfallzeiten f\u00fcr den Siebwechsel und schnelleren Farb- oder Mischungswechselzeiten.<\/p><p>\u201eWir haben diese neuen Siebwechsler entwickelt, nachdem wir von Benutzern von Doppelschneckenextrudern von einigen Problemen geh\u00f6rt hatten, die bestehenden Konstruktionen innewohnen\u201c, sagte Dan Smith, Vizepr\u00e4sident \u2013 Vertrieb und Marketing von PSI. \u201eDoppelschneckenmaschinen erfordern einen speziell konstruierten Siebwechsler f\u00fcr h\u00f6chste Leistung, und wir sind zuversichtlich, dass unsere neue HSC Oval-Serie diese Herausforderung meistert.\u201c<\/p><p>HSC Oval Siebwechsler-Modelle sind f\u00fcr Extrudergr\u00f6\u00dfen von 40 mm bis 135 mm erh\u00e4ltlich. \u201eJede Doppelschneckenanwendung ist anders, egal ob Sie Farbcompoundierung, Holz-Kunststoff-Extrusion, Platten- oder andere Verarbeitungsarten durchf\u00fchren\u201c, sagte Smith. \u201eWir arbeiten eng mit unseren Kunden zusammen, um alle Anwendungsdaten zu \u00fcberpr\u00fcfen, um sicherzustellen, dass sie die beste Siebwechslerl\u00f6sung f\u00fcr ihre Anforderungen erhalten.\u201c<\/p>\t\t\t\t\t\t\t\t<\/div>\n\t\t\t\t<\/div>\n\t\t\t\t\t<\/div>\n\t\t<\/div>\n\t\t\t\t<div class=\"elementor-column elementor-col-50 elementor-top-column elementor-element elementor-element-7249a1a9\" data-id=\"7249a1a9\" data-element_type=\"column\" data-e-type=\"column\">\n\t\t\t<div class=\"elementor-widget-wrap\">\n\t\t\t\t\t\t\t<\/div>\n\t\t<\/div>\n\t\t\t\t\t<\/div>\n\t\t<\/section>\n\t\t\t\t<\/div>","protected":false},"excerpt":{"rendered":"<p>PSI-Polymer Systems, Inc. stellt eine neue Reihe hydraulischer Siebwechsler f\u00fcr Doppelschneckenextruder-Anwendungen vor Hickory, NC (7. Mai 2007) PSI-Polymer Systems Inc. hat eine neue Reihe hydraulischer Siebwechsler mit Gleitplatten vorgestellt, die speziell f\u00fcr Polymere entwickelt wurden Filtration in Doppelschneckenextruderanwendungen. Die neuen hydraulischen Siebwechsler der Serie \u201eHSC Oval\u201c verf\u00fcgen \u00fcber ovale Siebe und [\u2026]<\/p>","protected":false},"author":2,"featured_media":0,"parent":5833,"menu_order":0,"comment_status":"closed","ping_status":"closed","template":"","meta":{"_monsterinsights_skip_tracking":false,"_monsterinsights_sitenote_active":false,"_monsterinsights_sitenote_note":"","_monsterinsights_sitenote_category":0,"footnotes":""},"class_list":["post-6055","page","type-page","status-publish","hentry"],"yoast_head":"<!-- This site is optimized with the Yoast SEO Premium plugin v25.0 (Yoast SEO v25.0) - https:\/\/yoast.com\/wordpress\/plugins\/seo\/ -->\n<title>PSI-Polymer Systems Inc. Introduces New Line of Hydraulic Screen Changers for Twin-Screw Extruder Applications Hickory, NC (May 7, 2007) - PSI-Polymer Systems<\/title>\n<meta name=\"robots\" content=\"index, follow, max-snippet:-1, max-image-preview:large, max-video-preview:-1\" \/>\n<link rel=\"canonical\" href=\"https:\/\/www.psi-polymersystems.com\/de\/about-us\/press-releases\/psi-polymer-systems-inc-introduces-new-line-of-hydraulic-screen-changers-for-twin-screw-extruder-applications-hickory-nc-may-7-2007\/\" \/>\n<meta property=\"og:locale\" content=\"de_DE\" \/>\n<meta property=\"og:type\" content=\"article\" \/>\n<meta property=\"og:title\" content=\"PSI-Polymer Systems Inc. Introduces New Line of Hydraulic Screen Changers for Twin-Screw Extruder Applications Hickory, NC (May 7, 2007)\" \/>\n<meta property=\"og:description\" content=\"PSI-Polymer Systems, Inc. Introduces New Line of Hydraulic Screen Changers for Twin-Screw Extruder Applications Hickory, NC (May 7, 2007) PSI-Polymer\" \/>\n<meta property=\"og:url\" content=\"https:\/\/www.psi-polymersystems.com\/de\/about-us\/press-releases\/psi-polymer-systems-inc-introduces-new-line-of-hydraulic-screen-changers-for-twin-screw-extruder-applications-hickory-nc-may-7-2007\/\" \/>\n<meta property=\"og:site_name\" content=\"PSI-Polymer Systems\" \/>\n<meta property=\"article:publisher\" content=\"https:\/\/www.facebook.com\/psipolymersystems\/\" \/>\n<meta property=\"article:modified_time\" content=\"2020-09-23T15:26:36+00:00\" \/>\n<meta name=\"twitter:card\" content=\"summary_large_image\" \/>\n<meta name=\"twitter:label1\" content=\"Gesch\u00e4tzte Lesezeit\" \/>\n\t<meta name=\"twitter:data1\" content=\"1\u00a0Minute\" \/>\n<script type=\"application\/ld+json\" class=\"yoast-schema-graph\">{\"@context\":\"https:\/\/schema.org\",\"@graph\":[{\"@type\":\"WebPage\",\"@id\":\"https:\/\/www.psi-polymersystems.com\/es\/about-us\/press-releases\/psi-polymer-systems-inc-introduces-new-line-of-hydraulic-screen-changers-for-twin-screw-extruder-applications-hickory-nc-may-7-2007\/\",\"url\":\"https:\/\/www.psi-polymersystems.com\/es\/about-us\/press-releases\/psi-polymer-systems-inc-introduces-new-line-of-hydraulic-screen-changers-for-twin-screw-extruder-applications-hickory-nc-may-7-2007\/\",\"name\":\"PSI-Polymer Systems Inc. Introduces New Line of Hydraulic Screen Changers for Twin-Screw Extruder Applications Hickory, NC (May 7, 2007) - PSI-Polymer Systems\",\"isPartOf\":{\"@id\":\"https:\/\/www.psi-polymersystems.com\/#website\"},\"datePublished\":\"2020-09-23T15:21:16+00:00\",\"dateModified\":\"2020-09-23T15:26:36+00:00\",\"breadcrumb\":{\"@id\":\"https:\/\/www.psi-polymersystems.com\/es\/about-us\/press-releases\/psi-polymer-systems-inc-introduces-new-line-of-hydraulic-screen-changers-for-twin-screw-extruder-applications-hickory-nc-may-7-2007\/#breadcrumb\"},\"inLanguage\":\"de\",\"potentialAction\":[{\"@type\":\"ReadAction\",\"target\":[\"https:\/\/www.psi-polymersystems.com\/es\/about-us\/press-releases\/psi-polymer-systems-inc-introduces-new-line-of-hydraulic-screen-changers-for-twin-screw-extruder-applications-hickory-nc-may-7-2007\/\"]}]},{\"@type\":\"BreadcrumbList\",\"@id\":\"https:\/\/www.psi-polymersystems.com\/es\/about-us\/press-releases\/psi-polymer-systems-inc-introduces-new-line-of-hydraulic-screen-changers-for-twin-screw-extruder-applications-hickory-nc-may-7-2007\/#breadcrumb\",\"itemListElement\":[{\"@type\":\"ListItem\",\"position\":1,\"name\":\"Home\",\"item\":\"https:\/\/www.psi-polymersystems.com\/\"},{\"@type\":\"ListItem\",\"position\":2,\"name\":\"About Us\",\"item\":\"https:\/\/www.psi-polymersystems.com\/about-us\/\"},{\"@type\":\"ListItem\",\"position\":3,\"name\":\"Press Releases\",\"item\":\"https:\/\/www.psi-polymersystems.com\/about-us\/press-releases\/\"},{\"@type\":\"ListItem\",\"position\":4,\"name\":\"PSI-Polymer Systems Inc. Introduces New Line of Hydraulic Screen Changers for Twin-Screw Extruder Applications Hickory, NC (May 7, 2007)\"}]},{\"@type\":\"WebSite\",\"@id\":\"https:\/\/www.psi-polymersystems.com\/#website\",\"url\":\"https:\/\/www.psi-polymersystems.com\/\",\"name\":\"PSI-Polymer Systems\",\"description\":\"\",\"publisher\":{\"@id\":\"https:\/\/www.psi-polymersystems.com\/#organization\"},\"potentialAction\":[{\"@type\":\"SearchAction\",\"target\":{\"@type\":\"EntryPoint\",\"urlTemplate\":\"https:\/\/www.psi-polymersystems.com\/?s={search_term_string}\"},\"query-input\":{\"@type\":\"PropertyValueSpecification\",\"valueRequired\":true,\"valueName\":\"search_term_string\"}}],\"inLanguage\":\"de\"},{\"@type\":\"Organization\",\"@id\":\"https:\/\/www.psi-polymersystems.com\/#organization\",\"name\":\"PSI-Polymer Systems, Inc.\",\"url\":\"https:\/\/www.psi-polymersystems.com\/\",\"logo\":{\"@type\":\"ImageObject\",\"inLanguage\":\"de\",\"@id\":\"https:\/\/www.psi-polymersystems.com\/#\/schema\/logo\/image\/\",\"url\":\"\",\"contentUrl\":\"\",\"caption\":\"PSI-Polymer Systems, Inc.\"},\"image\":{\"@id\":\"https:\/\/www.psi-polymersystems.com\/#\/schema\/logo\/image\/\"},\"sameAs\":[\"https:\/\/www.facebook.com\/psipolymersystems\/\",\"https:\/\/www.linkedin.com\/showcase\/psi-polymer-systems\"]}]}<\/script>\n<!-- \/ Yoast SEO Premium plugin. -->","yoast_head_json":{"title":"PSI-Polymer Systems Inc. Introduces New Line of Hydraulic Screen Changers for Twin-Screw Extruder Applications Hickory, NC (May 7, 2007) - PSI-Polymer Systems","robots":{"index":"index","follow":"follow","max-snippet":"max-snippet:-1","max-image-preview":"max-image-preview:large","max-video-preview":"max-video-preview:-1"},"canonical":"https:\/\/www.psi-polymersystems.com\/de\/about-us\/press-releases\/psi-polymer-systems-inc-introduces-new-line-of-hydraulic-screen-changers-for-twin-screw-extruder-applications-hickory-nc-may-7-2007\/","og_locale":"de_DE","og_type":"article","og_title":"PSI-Polymer Systems Inc. Introduces New Line of Hydraulic Screen Changers for Twin-Screw Extruder Applications Hickory, NC (May 7, 2007)","og_description":"PSI-Polymer Systems, Inc. Introduces New Line of Hydraulic Screen Changers for Twin-Screw Extruder Applications Hickory, NC (May 7, 2007) PSI-Polymer","og_url":"https:\/\/www.psi-polymersystems.com\/de\/about-us\/press-releases\/psi-polymer-systems-inc-introduces-new-line-of-hydraulic-screen-changers-for-twin-screw-extruder-applications-hickory-nc-may-7-2007\/","og_site_name":"PSI-Polymer Systems","article_publisher":"https:\/\/www.facebook.com\/psipolymersystems\/","article_modified_time":"2020-09-23T15:26:36+00:00","twitter_card":"summary_large_image","twitter_misc":{"Gesch\u00e4tzte Lesezeit":"1\u00a0Minute"},"schema":{"@context":"https:\/\/schema.org","@graph":[{"@type":"WebPage","@id":"https:\/\/www.psi-polymersystems.com\/es\/about-us\/press-releases\/psi-polymer-systems-inc-introduces-new-line-of-hydraulic-screen-changers-for-twin-screw-extruder-applications-hickory-nc-may-7-2007\/","url":"https:\/\/www.psi-polymersystems.com\/es\/about-us\/press-releases\/psi-polymer-systems-inc-introduces-new-line-of-hydraulic-screen-changers-for-twin-screw-extruder-applications-hickory-nc-may-7-2007\/","name":"PSI-Polymer Systems Inc. Introduces New Line of Hydraulic Screen Changers for Twin-Screw Extruder Applications Hickory, NC (May 7, 2007) - PSI-Polymer Systems","isPartOf":{"@id":"https:\/\/www.psi-polymersystems.com\/#website"},"datePublished":"2020-09-23T15:21:16+00:00","dateModified":"2020-09-23T15:26:36+00:00","breadcrumb":{"@id":"https:\/\/www.psi-polymersystems.com\/es\/about-us\/press-releases\/psi-polymer-systems-inc-introduces-new-line-of-hydraulic-screen-changers-for-twin-screw-extruder-applications-hickory-nc-may-7-2007\/#breadcrumb"},"inLanguage":"de","potentialAction":[{"@type":"ReadAction","target":["https:\/\/www.psi-polymersystems.com\/es\/about-us\/press-releases\/psi-polymer-systems-inc-introduces-new-line-of-hydraulic-screen-changers-for-twin-screw-extruder-applications-hickory-nc-may-7-2007\/"]}]},{"@type":"BreadcrumbList","@id":"https:\/\/www.psi-polymersystems.com\/es\/about-us\/press-releases\/psi-polymer-systems-inc-introduces-new-line-of-hydraulic-screen-changers-for-twin-screw-extruder-applications-hickory-nc-may-7-2007\/#breadcrumb","itemListElement":[{"@type":"ListItem","position":1,"name":"Home","item":"https:\/\/www.psi-polymersystems.com\/"},{"@type":"ListItem","position":2,"name":"About Us","item":"https:\/\/www.psi-polymersystems.com\/about-us\/"},{"@type":"ListItem","position":3,"name":"Press Releases","item":"https:\/\/www.psi-polymersystems.com\/about-us\/press-releases\/"},{"@type":"ListItem","position":4,"name":"PSI-Polymer Systems Inc. Introduces New Line of Hydraulic Screen Changers for Twin-Screw Extruder Applications Hickory, NC (May 7, 2007)"}]},{"@type":"WebSite","@id":"https:\/\/www.psi-polymersystems.com\/#website","url":"https:\/\/www.psi-polymersystems.com\/","name":"PSI-Polymer Systems","description":"","publisher":{"@id":"https:\/\/www.psi-polymersystems.com\/#organization"},"potentialAction":[{"@type":"SearchAction","target":{"@type":"EntryPoint","urlTemplate":"https:\/\/www.psi-polymersystems.com\/?s={search_term_string}"},"query-input":{"@type":"PropertyValueSpecification","valueRequired":true,"valueName":"search_term_string"}}],"inLanguage":"de"},{"@type":"Organization","@id":"https:\/\/www.psi-polymersystems.com\/#organization","name":"PSI-Polymer Systems, Inc.","url":"https:\/\/www.psi-polymersystems.com\/","logo":{"@type":"ImageObject","inLanguage":"de","@id":"https:\/\/www.psi-polymersystems.com\/#\/schema\/logo\/image\/","url":"","contentUrl":"","caption":"PSI-Polymer Systems, Inc."},"image":{"@id":"https:\/\/www.psi-polymersystems.com\/#\/schema\/logo\/image\/"},"sameAs":["https:\/\/www.facebook.com\/psipolymersystems\/","https:\/\/www.linkedin.com\/showcase\/psi-polymer-systems"]}]}},"_links":{"self":[{"href":"https:\/\/www.psi-polymersystems.com\/de\/wp-json\/wp\/v2\/pages\/6055","targetHints":{"allow":["GET"]}}],"collection":[{"href":"https:\/\/www.psi-polymersystems.com\/de\/wp-json\/wp\/v2\/pages"}],"about":[{"href":"https:\/\/www.psi-polymersystems.com\/de\/wp-json\/wp\/v2\/types\/page"}],"author":[{"embeddable":true,"href":"https:\/\/www.psi-polymersystems.com\/de\/wp-json\/wp\/v2\/users\/2"}],"replies":[{"embeddable":true,"href":"https:\/\/www.psi-polymersystems.com\/de\/wp-json\/wp\/v2\/comments?post=6055"}],"version-history":[{"count":0,"href":"https:\/\/www.psi-polymersystems.com\/de\/wp-json\/wp\/v2\/pages\/6055\/revisions"}],"up":[{"embeddable":true,"href":"https:\/\/www.psi-polymersystems.com\/de\/wp-json\/wp\/v2\/pages\/5833"}],"wp:attachment":[{"href":"https:\/\/www.psi-polymersystems.com\/de\/wp-json\/wp\/v2\/media?parent=6055"}],"curies":[{"name":"wp","href":"https:\/\/api.w.org\/{rel}","templated":true}]}}