{"id":6059,"date":"2020-09-23T15:27:26","date_gmt":"2020-09-23T15:27:26","guid":{"rendered":"https:\/\/psi-polymersystems.com\/?page_id=6059"},"modified":"2020-09-23T15:28:59","modified_gmt":"2020-09-23T15:28:59","slug":"psi-polymer-systems-inc-receives-patent-on-leak-proof-seal-for-screen-changers-hickory-nc-march-13-2007","status":"publish","type":"page","link":"https:\/\/www.psi-polymersystems.com\/de\/about-us\/press-releases\/psi-polymer-systems-inc-receives-patent-on-leak-proof-seal-for-screen-changers-hickory-nc-march-13-2007\/","title":{"rendered":"PSI-Polymer Systems Inc. erh\u00e4lt Patent auf auslaufsichere Dichtung f\u00fcr Siebwechsler Hickory, NC (13. M\u00e4rz 2007)"},"content":{"rendered":"<div data-elementor-type=\"wp-page\" data-elementor-id=\"6059\" class=\"elementor elementor-6059\" data-elementor-post-type=\"page\">\n\t\t\t\t\t\t<section class=\"elementor-section elementor-top-section elementor-element elementor-element-6c8ebd13 elementor-section-boxed elementor-section-height-default elementor-section-height-default\" data-id=\"6c8ebd13\" data-element_type=\"section\" data-e-type=\"section\">\n\t\t\t\t\t\t<div class=\"elementor-container elementor-column-gap-default\">\n\t\t\t\t\t<div class=\"elementor-column elementor-col-50 elementor-top-column elementor-element elementor-element-4a85f5e2\" data-id=\"4a85f5e2\" data-element_type=\"column\" data-e-type=\"column\">\n\t\t\t<div class=\"elementor-widget-wrap elementor-element-populated\">\n\t\t\t\t\t\t<div class=\"elementor-element elementor-element-3b27fae7 elementor-widget elementor-widget-heading\" data-id=\"3b27fae7\" data-element_type=\"widget\" data-e-type=\"widget\" data-widget_type=\"heading.default\">\n\t\t\t\t<div class=\"elementor-widget-container\">\n\t\t\t\t\t<h2 class=\"elementor-heading-title elementor-size-default\">PSI-Polymer Systems, Inc. erh\u00e4lt Patent auf auslaufsichere Dichtung f\u00fcr Siebwechsler Hickory, NC (13. M\u00e4rz 2007)<\/h2>\t\t\t\t<\/div>\n\t\t\t\t<\/div>\n\t\t\t\t<div class=\"elementor-element elementor-element-9eeac7 elementor-widget elementor-widget-text-editor\" data-id=\"9eeac7\" data-element_type=\"widget\" data-e-type=\"widget\" data-widget_type=\"text-editor.default\">\n\t\t\t\t<div class=\"elementor-widget-container\">\n\t\t\t\t\t\t\t\t\t<p>PSI-Polymer Systems Inc. wurde vom Erfinder Bart Jones das US-Patent Nr. 7,147,774 B2 f\u00fcr sein \u201ePressure Activated<br \/>All Metal Lifetime Seal\u201c, das in den hydraulischen Siebwechslern Modell HSC und manuellen Siebwechslern Modell MSC verwendet wird.<\/p><p>Die Ganzmetalldichtung, die bei HSC-Siebwechslern standardm\u00e4\u00dfig und bei MSC-Siebwechslern optional ist, verwendet sechs lasergeschnittene Segmente, um die Gleitplatte bei Temperaturen von Raumtemperatur bis zu 700 \u00b0F und 10.000 psi Kopfdruck abzudichten. Die patentierte Dichtung eliminiert tote Bereiche, die mit anderen Arten von Ganzmetalldichtungen verbunden sind, und macht Teflonringe \u00fcberfl\u00fcssig, die bei erh\u00f6hten Temperaturen versagen, sich mit der Zeit verschlechtern und bei allen Anwendungen ausgetauscht werden m\u00fcssen.<\/p><p><strong>\u00a0<\/strong>\u201eWir freuen uns, dass wir die Patentzulassung f\u00fcr unser Siegel erhalten haben\u201c, sagte Glenn Woodcock, Pr\u00e4sident von PSI. \u201eEs bietet unseren Kunden einen gro\u00dfen Vorteil, da es hohen Temperaturen standh\u00e4lt, nie ausgetauscht oder eingestellt werden muss und die Lebensdauer des Siebwechslers \u00fcberdauert. Es erm\u00f6glicht eine leckagefreie Verarbeitung und verwendet ein optimiertes Design, das ein H\u00e4ngenbleiben von Produkten und Farben verhindert.\u201c<\/p><p>Der Erfinder des Siegels ist Bart Jones von PSI, der in der Branche f\u00fcr Siebwechsler als Gr\u00fcnder von Extek, Inc. bekannt ist, das heute zu Xaloy Extrusion geh\u00f6rt. \u201eWir freuen uns, Bart hier bei PSI an Bord zu haben\u201c, sagte Woodcock. \u201eSeine jahrelange Erfahrung speziell mit Siebwechslern in der Kunststoffindustrie hat sich f\u00fcr uns und, was noch wichtiger ist, f\u00fcr unsere Kunden als unsch\u00e4tzbar erwiesen.\u201c<\/p><p><u>PSI-Siebwechsler<\/u><\/p><p><strong>\u00a0<\/strong>Alle PSI-Siebwechsler sind mit der patentierten PSI-Metalldichtung erh\u00e4ltlich. Sie sind standardm\u00e4\u00dfig in der hydraulischen HSC-Siebwechslerlinie enthalten, die f\u00fcr Extruder von 2,5 Zoll (63,5 mm) bis 10 Zoll (254 mm) mit Leistungen von 100 lbs\/h bis 10.000 lbs\/h erh\u00e4ltlich ist. Das Unternehmen hat k\u00fcrzlich die Siebwechsler Modell HSC-65 (165 mm) und Modell HSC-100 (254 mm) zur HSC-Produktlinie hinzugef\u00fcgt.<\/p><p>Die neue Dichtung ist optional f\u00fcr die manuelle Siebwechslerlinie PSI MSC erh\u00e4ltlich, die in zahlreichen Gr\u00f6\u00dfen f\u00fcr Leistungen von 15 lbs\/h bis 4.800 lbs.\/h erh\u00e4ltlich ist.\u00a0<\/p>\t\t\t\t\t\t\t\t<\/div>\n\t\t\t\t<\/div>\n\t\t\t\t\t<\/div>\n\t\t<\/div>\n\t\t\t\t<div class=\"elementor-column elementor-col-50 elementor-top-column elementor-element elementor-element-5f1acb5f\" data-id=\"5f1acb5f\" data-element_type=\"column\" data-e-type=\"column\">\n\t\t\t<div class=\"elementor-widget-wrap\">\n\t\t\t\t\t\t\t<\/div>\n\t\t<\/div>\n\t\t\t\t\t<\/div>\n\t\t<\/section>\n\t\t\t\t<\/div>","protected":false},"excerpt":{"rendered":"<p>PSI-Polymer Systems, Inc. erh\u00e4lt Patent auf auslaufsichere Dichtung f\u00fcr Siebwechsler Hickory, NC (13. M\u00e4rz 2007) PSI-Polymer Systems Inc. wurde vom Erfinder Bart Jones das US-Patent Nr. 7,147,774 B2 f\u00fcr seine \u201ePressure ActivatedAll Metal Lifetime Seal\u201c, das in den hydraulischen Siebwechslern Modell HSC und manuellen Siebwechslern Modell MSC verwendet wird. Das Ganzmetall [\u2026]<\/p>","protected":false},"author":2,"featured_media":0,"parent":5833,"menu_order":0,"comment_status":"closed","ping_status":"closed","template":"","meta":{"_monsterinsights_skip_tracking":false,"_monsterinsights_sitenote_active":false,"_monsterinsights_sitenote_note":"","_monsterinsights_sitenote_category":0,"footnotes":""},"class_list":["post-6059","page","type-page","status-publish","hentry"],"yoast_head":"<!-- This site is optimized with the Yoast SEO Premium plugin v25.0 (Yoast SEO v25.0) - https:\/\/yoast.com\/wordpress\/plugins\/seo\/ -->\n<title>PSI-Polymer Systems Inc. Receives Patent on Leak Proof Seal for Screen Changers Hickory, NC (March 13, 2007) - PSI-Polymer Systems<\/title>\n<meta name=\"robots\" content=\"index, follow, max-snippet:-1, max-image-preview:large, max-video-preview:-1\" \/>\n<link rel=\"canonical\" href=\"https:\/\/www.psi-polymersystems.com\/de\/about-us\/press-releases\/psi-polymer-systems-inc-receives-patent-on-leak-proof-seal-for-screen-changers-hickory-nc-march-13-2007\/\" \/>\n<meta property=\"og:locale\" content=\"de_DE\" \/>\n<meta property=\"og:type\" content=\"article\" \/>\n<meta property=\"og:title\" content=\"PSI-Polymer Systems Inc. Receives Patent on Leak Proof Seal for Screen Changers Hickory, NC (March 13, 2007)\" \/>\n<meta property=\"og:description\" content=\"PSI-Polymer Systems, Inc. Receives Patent on Leak-Proof Seal for Screen Changers Hickory, NC (March 13, 2007) PSI-Polymer Systems Inc. has been awarded\" \/>\n<meta property=\"og:url\" content=\"https:\/\/www.psi-polymersystems.com\/de\/about-us\/press-releases\/psi-polymer-systems-inc-receives-patent-on-leak-proof-seal-for-screen-changers-hickory-nc-march-13-2007\/\" \/>\n<meta property=\"og:site_name\" content=\"PSI-Polymer Systems\" \/>\n<meta property=\"article:publisher\" content=\"https:\/\/www.facebook.com\/psipolymersystems\/\" \/>\n<meta property=\"article:modified_time\" content=\"2020-09-23T15:28:59+00:00\" \/>\n<meta name=\"twitter:card\" content=\"summary_large_image\" \/>\n<meta name=\"twitter:label1\" content=\"Gesch\u00e4tzte Lesezeit\" \/>\n\t<meta name=\"twitter:data1\" content=\"2\u00a0Minuten\" \/>\n<script type=\"application\/ld+json\" class=\"yoast-schema-graph\">{\"@context\":\"https:\/\/schema.org\",\"@graph\":[{\"@type\":\"WebPage\",\"@id\":\"https:\/\/www.psi-polymersystems.com\/about-us\/press-releases\/psi-polymer-systems-inc-receives-patent-on-leak-proof-seal-for-screen-changers-hickory-nc-march-13-2007\/\",\"url\":\"https:\/\/www.psi-polymersystems.com\/about-us\/press-releases\/psi-polymer-systems-inc-receives-patent-on-leak-proof-seal-for-screen-changers-hickory-nc-march-13-2007\/\",\"name\":\"PSI-Polymer Systems Inc. Receives Patent on Leak Proof Seal for Screen Changers Hickory, NC (March 13, 2007) - PSI-Polymer Systems\",\"isPartOf\":{\"@id\":\"https:\/\/www.psi-polymersystems.com\/#website\"},\"datePublished\":\"2020-09-23T15:27:26+00:00\",\"dateModified\":\"2020-09-23T15:28:59+00:00\",\"breadcrumb\":{\"@id\":\"https:\/\/www.psi-polymersystems.com\/about-us\/press-releases\/psi-polymer-systems-inc-receives-patent-on-leak-proof-seal-for-screen-changers-hickory-nc-march-13-2007\/#breadcrumb\"},\"inLanguage\":\"de\",\"potentialAction\":[{\"@type\":\"ReadAction\",\"target\":[\"https:\/\/www.psi-polymersystems.com\/about-us\/press-releases\/psi-polymer-systems-inc-receives-patent-on-leak-proof-seal-for-screen-changers-hickory-nc-march-13-2007\/\"]}]},{\"@type\":\"BreadcrumbList\",\"@id\":\"https:\/\/www.psi-polymersystems.com\/about-us\/press-releases\/psi-polymer-systems-inc-receives-patent-on-leak-proof-seal-for-screen-changers-hickory-nc-march-13-2007\/#breadcrumb\",\"itemListElement\":[{\"@type\":\"ListItem\",\"position\":1,\"name\":\"Home\",\"item\":\"https:\/\/www.psi-polymersystems.com\/\"},{\"@type\":\"ListItem\",\"position\":2,\"name\":\"About Us\",\"item\":\"https:\/\/www.psi-polymersystems.com\/about-us\/\"},{\"@type\":\"ListItem\",\"position\":3,\"name\":\"Press Releases\",\"item\":\"https:\/\/www.psi-polymersystems.com\/about-us\/press-releases\/\"},{\"@type\":\"ListItem\",\"position\":4,\"name\":\"PSI-Polymer Systems Inc. Receives Patent on Leak Proof Seal for Screen Changers Hickory, NC (March 13, 2007)\"}]},{\"@type\":\"WebSite\",\"@id\":\"https:\/\/www.psi-polymersystems.com\/#website\",\"url\":\"https:\/\/www.psi-polymersystems.com\/\",\"name\":\"PSI-Polymer Systems\",\"description\":\"\",\"publisher\":{\"@id\":\"https:\/\/www.psi-polymersystems.com\/#organization\"},\"potentialAction\":[{\"@type\":\"SearchAction\",\"target\":{\"@type\":\"EntryPoint\",\"urlTemplate\":\"https:\/\/www.psi-polymersystems.com\/?s={search_term_string}\"},\"query-input\":{\"@type\":\"PropertyValueSpecification\",\"valueRequired\":true,\"valueName\":\"search_term_string\"}}],\"inLanguage\":\"de\"},{\"@type\":\"Organization\",\"@id\":\"https:\/\/www.psi-polymersystems.com\/#organization\",\"name\":\"PSI-Polymer Systems, Inc.\",\"url\":\"https:\/\/www.psi-polymersystems.com\/\",\"logo\":{\"@type\":\"ImageObject\",\"inLanguage\":\"de\",\"@id\":\"https:\/\/www.psi-polymersystems.com\/#\/schema\/logo\/image\/\",\"url\":\"\",\"contentUrl\":\"\",\"caption\":\"PSI-Polymer Systems, Inc.\"},\"image\":{\"@id\":\"https:\/\/www.psi-polymersystems.com\/#\/schema\/logo\/image\/\"},\"sameAs\":[\"https:\/\/www.facebook.com\/psipolymersystems\/\",\"https:\/\/www.linkedin.com\/showcase\/psi-polymer-systems\"]}]}<\/script>\n<!-- \/ Yoast SEO Premium plugin. -->","yoast_head_json":{"title":"PSI-Polymer Systems Inc. Receives Patent on Leak Proof Seal for Screen Changers Hickory, NC (March 13, 2007) - PSI-Polymer Systems","robots":{"index":"index","follow":"follow","max-snippet":"max-snippet:-1","max-image-preview":"max-image-preview:large","max-video-preview":"max-video-preview:-1"},"canonical":"https:\/\/www.psi-polymersystems.com\/de\/about-us\/press-releases\/psi-polymer-systems-inc-receives-patent-on-leak-proof-seal-for-screen-changers-hickory-nc-march-13-2007\/","og_locale":"de_DE","og_type":"article","og_title":"PSI-Polymer Systems Inc. Receives Patent on Leak Proof Seal for Screen Changers Hickory, NC (March 13, 2007)","og_description":"PSI-Polymer Systems, Inc. Receives Patent on Leak-Proof Seal for Screen Changers Hickory, NC (March 13, 2007) PSI-Polymer Systems Inc. has been awarded","og_url":"https:\/\/www.psi-polymersystems.com\/de\/about-us\/press-releases\/psi-polymer-systems-inc-receives-patent-on-leak-proof-seal-for-screen-changers-hickory-nc-march-13-2007\/","og_site_name":"PSI-Polymer Systems","article_publisher":"https:\/\/www.facebook.com\/psipolymersystems\/","article_modified_time":"2020-09-23T15:28:59+00:00","twitter_card":"summary_large_image","twitter_misc":{"Gesch\u00e4tzte Lesezeit":"2\u00a0Minuten"},"schema":{"@context":"https:\/\/schema.org","@graph":[{"@type":"WebPage","@id":"https:\/\/www.psi-polymersystems.com\/about-us\/press-releases\/psi-polymer-systems-inc-receives-patent-on-leak-proof-seal-for-screen-changers-hickory-nc-march-13-2007\/","url":"https:\/\/www.psi-polymersystems.com\/about-us\/press-releases\/psi-polymer-systems-inc-receives-patent-on-leak-proof-seal-for-screen-changers-hickory-nc-march-13-2007\/","name":"PSI-Polymer Systems Inc. Receives Patent on Leak Proof Seal for Screen Changers Hickory, NC (March 13, 2007) - PSI-Polymer Systems","isPartOf":{"@id":"https:\/\/www.psi-polymersystems.com\/#website"},"datePublished":"2020-09-23T15:27:26+00:00","dateModified":"2020-09-23T15:28:59+00:00","breadcrumb":{"@id":"https:\/\/www.psi-polymersystems.com\/about-us\/press-releases\/psi-polymer-systems-inc-receives-patent-on-leak-proof-seal-for-screen-changers-hickory-nc-march-13-2007\/#breadcrumb"},"inLanguage":"de","potentialAction":[{"@type":"ReadAction","target":["https:\/\/www.psi-polymersystems.com\/about-us\/press-releases\/psi-polymer-systems-inc-receives-patent-on-leak-proof-seal-for-screen-changers-hickory-nc-march-13-2007\/"]}]},{"@type":"BreadcrumbList","@id":"https:\/\/www.psi-polymersystems.com\/about-us\/press-releases\/psi-polymer-systems-inc-receives-patent-on-leak-proof-seal-for-screen-changers-hickory-nc-march-13-2007\/#breadcrumb","itemListElement":[{"@type":"ListItem","position":1,"name":"Home","item":"https:\/\/www.psi-polymersystems.com\/"},{"@type":"ListItem","position":2,"name":"About Us","item":"https:\/\/www.psi-polymersystems.com\/about-us\/"},{"@type":"ListItem","position":3,"name":"Press Releases","item":"https:\/\/www.psi-polymersystems.com\/about-us\/press-releases\/"},{"@type":"ListItem","position":4,"name":"PSI-Polymer Systems Inc. Receives Patent on Leak Proof Seal for Screen Changers Hickory, NC (March 13, 2007)"}]},{"@type":"WebSite","@id":"https:\/\/www.psi-polymersystems.com\/#website","url":"https:\/\/www.psi-polymersystems.com\/","name":"PSI-Polymer Systems","description":"","publisher":{"@id":"https:\/\/www.psi-polymersystems.com\/#organization"},"potentialAction":[{"@type":"SearchAction","target":{"@type":"EntryPoint","urlTemplate":"https:\/\/www.psi-polymersystems.com\/?s={search_term_string}"},"query-input":{"@type":"PropertyValueSpecification","valueRequired":true,"valueName":"search_term_string"}}],"inLanguage":"de"},{"@type":"Organization","@id":"https:\/\/www.psi-polymersystems.com\/#organization","name":"PSI-Polymer Systems, Inc.","url":"https:\/\/www.psi-polymersystems.com\/","logo":{"@type":"ImageObject","inLanguage":"de","@id":"https:\/\/www.psi-polymersystems.com\/#\/schema\/logo\/image\/","url":"","contentUrl":"","caption":"PSI-Polymer Systems, Inc."},"image":{"@id":"https:\/\/www.psi-polymersystems.com\/#\/schema\/logo\/image\/"},"sameAs":["https:\/\/www.facebook.com\/psipolymersystems\/","https:\/\/www.linkedin.com\/showcase\/psi-polymer-systems"]}]}},"_links":{"self":[{"href":"https:\/\/www.psi-polymersystems.com\/de\/wp-json\/wp\/v2\/pages\/6059","targetHints":{"allow":["GET"]}}],"collection":[{"href":"https:\/\/www.psi-polymersystems.com\/de\/wp-json\/wp\/v2\/pages"}],"about":[{"href":"https:\/\/www.psi-polymersystems.com\/de\/wp-json\/wp\/v2\/types\/page"}],"author":[{"embeddable":true,"href":"https:\/\/www.psi-polymersystems.com\/de\/wp-json\/wp\/v2\/users\/2"}],"replies":[{"embeddable":true,"href":"https:\/\/www.psi-polymersystems.com\/de\/wp-json\/wp\/v2\/comments?post=6059"}],"version-history":[{"count":0,"href":"https:\/\/www.psi-polymersystems.com\/de\/wp-json\/wp\/v2\/pages\/6059\/revisions"}],"up":[{"embeddable":true,"href":"https:\/\/www.psi-polymersystems.com\/de\/wp-json\/wp\/v2\/pages\/5833"}],"wp:attachment":[{"href":"https:\/\/www.psi-polymersystems.com\/de\/wp-json\/wp\/v2\/media?parent=6059"}],"curies":[{"name":"wp","href":"https:\/\/api.w.org\/{rel}","templated":true}]}}