{"id":6064,"date":"2020-09-23T17:17:09","date_gmt":"2020-09-23T17:17:09","guid":{"rendered":"https:\/\/psi-polymersystems.com\/?page_id=6064"},"modified":"2020-09-23T17:18:38","modified_gmt":"2020-09-23T17:18:38","slug":"psi-polymer-systems-inc-introduces-new-high-pressure-gear-pump-hickory-nc-january-31-2005","status":"publish","type":"page","link":"https:\/\/www.psi-polymersystems.com\/de\/about-us\/press-releases\/psi-polymer-systems-inc-introduces-new-high-pressure-gear-pump-hickory-nc-january-31-2005\/","title":{"rendered":"PSI-Polymer Systems Inc. stellt neue Hochdruck-Zahnradpumpe vor Hickory, NC (31. Januar 2005)"},"content":{"rendered":"<div data-elementor-type=\"wp-page\" data-elementor-id=\"6064\" class=\"elementor elementor-6064\" data-elementor-post-type=\"page\">\n\t\t\t\t\t\t<section class=\"elementor-section elementor-top-section elementor-element elementor-element-67ed1b87 elementor-section-boxed elementor-section-height-default elementor-section-height-default\" data-id=\"67ed1b87\" data-element_type=\"section\" data-e-type=\"section\">\n\t\t\t\t\t\t<div class=\"elementor-container elementor-column-gap-default\">\n\t\t\t\t\t<div class=\"elementor-column elementor-col-50 elementor-top-column elementor-element elementor-element-29d15b8d\" data-id=\"29d15b8d\" data-element_type=\"column\" data-e-type=\"column\">\n\t\t\t<div class=\"elementor-widget-wrap elementor-element-populated\">\n\t\t\t\t\t\t<div class=\"elementor-element elementor-element-5f81ac0 elementor-widget elementor-widget-heading\" data-id=\"5f81ac0\" data-element_type=\"widget\" data-e-type=\"widget\" data-widget_type=\"heading.default\">\n\t\t\t\t<div class=\"elementor-widget-container\">\n\t\t\t\t\t<h2 class=\"elementor-heading-title elementor-size-default\">PSI-Polymer Systems, Inc. stellt neue Hochdruck-Zahnradpumpe vor Hickory, NC (31. Januar 2005)<\/h2>\t\t\t\t<\/div>\n\t\t\t\t<\/div>\n\t\t\t\t<div class=\"elementor-element elementor-element-50a17b86 elementor-widget elementor-widget-text-editor\" data-id=\"50a17b86\" data-element_type=\"widget\" data-e-type=\"widget\" data-widget_type=\"text-editor.default\">\n\t\t\t\t<div class=\"elementor-widget-container\">\n\t\t\t\t\t\t\t\t\t<p>Eine neue Hochdruck-Zahnradpumpe (HGP) wurde von PSI-Polymer Systems Inc. vorgestellt. Dieses Produkt ist ideal f\u00fcr die anspruchsvollsten Extrusionsprozesse. Es ist f\u00fcr die Verarbeitung hochviskoser, gef\u00fcllter Materialien ausgelegt und kann bei Dr\u00fccken von bis zu 10.000 psi und Temperaturen von bis zu 600 \u00b0F betrieben werden.<\/p><p>Der HGP misst das Polymer und den Druck vom Extruder bis zur D\u00fcse genau und sorgt so f\u00fcr eine konsistente Ausgabe, eine pr\u00e4zise Kontrolle des Messger\u00e4ts und ein qualitativ hochwertigeres Endprodukt. Es wird zwischen Extruder und D\u00fcsenkopf montiert, um im Extruder entstehende Prozessschwankungen zu eliminieren.\u00a0<\/p><p>Die HGP stellt eine Erg\u00e4nzung der bestehenden Produktlinie der PSI-Zahnradpumpen dar. Die Extrusions-Zahnradpumpe (EGP) des Unternehmens arbeitet in Extrusionslinien mit Dr\u00fccken von bis zu 5.000 psi. \u201eBei Hochdruckanwendungen ist es f\u00fcr Extrusionsverarbeiter sogar noch wichtiger, einen konstanten Polymerstrom und Druck zur D\u00fcse sicherzustellen\u201c, sagte Glenn Woodcock, Pr\u00e4sident von PSI. \u201eDiese Pumpe erm\u00f6glicht eine geringere Scherbeanspruchung, einen geringeren Energieverbrauch, niedrigere Verarbeitungstemperaturen, weniger Ausschuss und letztendlich h\u00f6here Aussto\u00dfraten.\u201c<\/p><p><u>HGP-Funktionen und Vorteile<\/u><\/p><p>Der neue HGP arbeitet leckagefrei bei Dr\u00fccken bis zu 10.000 psi und Temperaturen bis zu 600 \u00b0F. Alle Teile werden nach ISO-9002-Standards hergestellt. Es verf\u00fcgt \u00fcber durchgeh\u00e4rtete Werkzeugstahlzahnr\u00e4der, eine druckausgeglichene Antriebswelle und eine insgesamt robuste Konstruktion f\u00fcr Spitzenleistung in den extremsten Verarbeitungsumgebungen.\u00a0 \u00a0<\/p><p>Zu den typischen Anwendungen f\u00fcr das HGP geh\u00f6ren extrudierte Platten, Beschichtungen, Rohre und Profile, Dr\u00e4hte und Kabel, Rohre und Profile, Blasfolien und Gie\u00dffolien. Es ist die ideale L\u00f6sung f\u00fcr den Einsatz mit abbaubaren Materialien, FPVC und anderen korrosiven Materialien.\u00a0<\/p>\t\t\t\t\t\t\t\t<\/div>\n\t\t\t\t<\/div>\n\t\t\t\t\t<\/div>\n\t\t<\/div>\n\t\t\t\t<div class=\"elementor-column elementor-col-50 elementor-top-column elementor-element elementor-element-2e39b89c\" data-id=\"2e39b89c\" data-element_type=\"column\" data-e-type=\"column\">\n\t\t\t<div class=\"elementor-widget-wrap\">\n\t\t\t\t\t\t\t<\/div>\n\t\t<\/div>\n\t\t\t\t\t<\/div>\n\t\t<\/section>\n\t\t\t\t<\/div>","protected":false},"excerpt":{"rendered":"<p>PSI-Polymer Systems, Inc. stellt neue Hochdruck-Zahnradpumpe vor Hickory, NC (31. Januar 2005) Eine neue Hochdruck-Zahnradpumpe (HGP) wurde von PSI-Polymer Systems Inc. vorgestellt. Dieses Produkt ist ideal f\u00fcr die anspruchsvollsten Extrusionen Prozesse. Es ist f\u00fcr die Verarbeitung von hochviskosen, gef\u00fcllten Materialien ausgelegt und kann bei Dr\u00fccken bis zu 10.000 [\u2026]<\/p>","protected":false},"author":2,"featured_media":0,"parent":5833,"menu_order":0,"comment_status":"closed","ping_status":"closed","template":"","meta":{"_monsterinsights_skip_tracking":false,"_monsterinsights_sitenote_active":false,"_monsterinsights_sitenote_note":"","_monsterinsights_sitenote_category":0,"footnotes":""},"class_list":["post-6064","page","type-page","status-publish","hentry"],"yoast_head":"<!-- This site is optimized with the Yoast SEO Premium plugin v25.0 (Yoast SEO v25.0) - https:\/\/yoast.com\/wordpress\/plugins\/seo\/ -->\n<title>PSI-Polymer Systems Inc. Introduces New High Pressure Gear Pump Hickory, NC (January 31, 2005) - PSI-Polymer Systems<\/title>\n<meta name=\"robots\" content=\"index, follow, max-snippet:-1, max-image-preview:large, max-video-preview:-1\" \/>\n<link rel=\"canonical\" href=\"https:\/\/www.psi-polymersystems.com\/de\/about-us\/press-releases\/psi-polymer-systems-inc-introduces-new-high-pressure-gear-pump-hickory-nc-january-31-2005\/\" \/>\n<meta property=\"og:locale\" content=\"de_DE\" \/>\n<meta property=\"og:type\" content=\"article\" \/>\n<meta property=\"og:title\" content=\"PSI-Polymer Systems Inc. Introduces New High Pressure Gear Pump Hickory, NC (January 31, 2005)\" \/>\n<meta property=\"og:description\" content=\"PSI-Polymer Systems, Inc. Introduces New High Pressure Gear Pump Hickory, NC (January 31, 2005) A new high pressure gear pump (HGP) has been introduced by\" \/>\n<meta property=\"og:url\" content=\"https:\/\/www.psi-polymersystems.com\/de\/about-us\/press-releases\/psi-polymer-systems-inc-introduces-new-high-pressure-gear-pump-hickory-nc-january-31-2005\/\" \/>\n<meta property=\"og:site_name\" content=\"PSI-Polymer Systems\" \/>\n<meta property=\"article:publisher\" content=\"https:\/\/www.facebook.com\/psipolymersystems\/\" \/>\n<meta property=\"article:modified_time\" content=\"2020-09-23T17:18:38+00:00\" \/>\n<meta name=\"twitter:card\" content=\"summary_large_image\" \/>\n<meta name=\"twitter:label1\" content=\"Gesch\u00e4tzte Lesezeit\" \/>\n\t<meta name=\"twitter:data1\" content=\"1\u00a0Minute\" \/>\n<script type=\"application\/ld+json\" class=\"yoast-schema-graph\">{\"@context\":\"https:\/\/schema.org\",\"@graph\":[{\"@type\":\"WebPage\",\"@id\":\"https:\/\/www.psi-polymersystems.com\/about-us\/press-releases\/psi-polymer-systems-inc-introduces-new-high-pressure-gear-pump-hickory-nc-january-31-2005\/\",\"url\":\"https:\/\/www.psi-polymersystems.com\/about-us\/press-releases\/psi-polymer-systems-inc-introduces-new-high-pressure-gear-pump-hickory-nc-january-31-2005\/\",\"name\":\"PSI-Polymer Systems Inc. Introduces New High Pressure Gear Pump Hickory, NC (January 31, 2005) - PSI-Polymer Systems\",\"isPartOf\":{\"@id\":\"https:\/\/www.psi-polymersystems.com\/#website\"},\"datePublished\":\"2020-09-23T17:17:09+00:00\",\"dateModified\":\"2020-09-23T17:18:38+00:00\",\"breadcrumb\":{\"@id\":\"https:\/\/www.psi-polymersystems.com\/about-us\/press-releases\/psi-polymer-systems-inc-introduces-new-high-pressure-gear-pump-hickory-nc-january-31-2005\/#breadcrumb\"},\"inLanguage\":\"de\",\"potentialAction\":[{\"@type\":\"ReadAction\",\"target\":[\"https:\/\/www.psi-polymersystems.com\/about-us\/press-releases\/psi-polymer-systems-inc-introduces-new-high-pressure-gear-pump-hickory-nc-january-31-2005\/\"]}]},{\"@type\":\"BreadcrumbList\",\"@id\":\"https:\/\/www.psi-polymersystems.com\/about-us\/press-releases\/psi-polymer-systems-inc-introduces-new-high-pressure-gear-pump-hickory-nc-january-31-2005\/#breadcrumb\",\"itemListElement\":[{\"@type\":\"ListItem\",\"position\":1,\"name\":\"Home\",\"item\":\"https:\/\/www.psi-polymersystems.com\/\"},{\"@type\":\"ListItem\",\"position\":2,\"name\":\"About Us\",\"item\":\"https:\/\/www.psi-polymersystems.com\/about-us\/\"},{\"@type\":\"ListItem\",\"position\":3,\"name\":\"Press Releases\",\"item\":\"https:\/\/www.psi-polymersystems.com\/about-us\/press-releases\/\"},{\"@type\":\"ListItem\",\"position\":4,\"name\":\"PSI-Polymer Systems Inc. Introduces New High Pressure Gear Pump Hickory, NC (January 31, 2005)\"}]},{\"@type\":\"WebSite\",\"@id\":\"https:\/\/www.psi-polymersystems.com\/#website\",\"url\":\"https:\/\/www.psi-polymersystems.com\/\",\"name\":\"PSI-Polymer Systems\",\"description\":\"\",\"publisher\":{\"@id\":\"https:\/\/www.psi-polymersystems.com\/#organization\"},\"potentialAction\":[{\"@type\":\"SearchAction\",\"target\":{\"@type\":\"EntryPoint\",\"urlTemplate\":\"https:\/\/www.psi-polymersystems.com\/?s={search_term_string}\"},\"query-input\":{\"@type\":\"PropertyValueSpecification\",\"valueRequired\":true,\"valueName\":\"search_term_string\"}}],\"inLanguage\":\"de\"},{\"@type\":\"Organization\",\"@id\":\"https:\/\/www.psi-polymersystems.com\/#organization\",\"name\":\"PSI-Polymer Systems, Inc.\",\"url\":\"https:\/\/www.psi-polymersystems.com\/\",\"logo\":{\"@type\":\"ImageObject\",\"inLanguage\":\"de\",\"@id\":\"https:\/\/www.psi-polymersystems.com\/#\/schema\/logo\/image\/\",\"url\":\"\",\"contentUrl\":\"\",\"caption\":\"PSI-Polymer Systems, Inc.\"},\"image\":{\"@id\":\"https:\/\/www.psi-polymersystems.com\/#\/schema\/logo\/image\/\"},\"sameAs\":[\"https:\/\/www.facebook.com\/psipolymersystems\/\",\"https:\/\/www.linkedin.com\/showcase\/psi-polymer-systems\"]}]}<\/script>\n<!-- \/ Yoast SEO Premium plugin. -->","yoast_head_json":{"title":"PSI-Polymer Systems Inc. Introduces New High Pressure Gear Pump Hickory, NC (January 31, 2005) - PSI-Polymer Systems","robots":{"index":"index","follow":"follow","max-snippet":"max-snippet:-1","max-image-preview":"max-image-preview:large","max-video-preview":"max-video-preview:-1"},"canonical":"https:\/\/www.psi-polymersystems.com\/de\/about-us\/press-releases\/psi-polymer-systems-inc-introduces-new-high-pressure-gear-pump-hickory-nc-january-31-2005\/","og_locale":"de_DE","og_type":"article","og_title":"PSI-Polymer Systems Inc. Introduces New High Pressure Gear Pump Hickory, NC (January 31, 2005)","og_description":"PSI-Polymer Systems, Inc. Introduces New High Pressure Gear Pump Hickory, NC (January 31, 2005) A new high pressure gear pump (HGP) has been introduced by","og_url":"https:\/\/www.psi-polymersystems.com\/de\/about-us\/press-releases\/psi-polymer-systems-inc-introduces-new-high-pressure-gear-pump-hickory-nc-january-31-2005\/","og_site_name":"PSI-Polymer Systems","article_publisher":"https:\/\/www.facebook.com\/psipolymersystems\/","article_modified_time":"2020-09-23T17:18:38+00:00","twitter_card":"summary_large_image","twitter_misc":{"Gesch\u00e4tzte Lesezeit":"1\u00a0Minute"},"schema":{"@context":"https:\/\/schema.org","@graph":[{"@type":"WebPage","@id":"https:\/\/www.psi-polymersystems.com\/about-us\/press-releases\/psi-polymer-systems-inc-introduces-new-high-pressure-gear-pump-hickory-nc-january-31-2005\/","url":"https:\/\/www.psi-polymersystems.com\/about-us\/press-releases\/psi-polymer-systems-inc-introduces-new-high-pressure-gear-pump-hickory-nc-january-31-2005\/","name":"PSI-Polymer Systems Inc. Introduces New High Pressure Gear Pump Hickory, NC (January 31, 2005) - PSI-Polymer Systems","isPartOf":{"@id":"https:\/\/www.psi-polymersystems.com\/#website"},"datePublished":"2020-09-23T17:17:09+00:00","dateModified":"2020-09-23T17:18:38+00:00","breadcrumb":{"@id":"https:\/\/www.psi-polymersystems.com\/about-us\/press-releases\/psi-polymer-systems-inc-introduces-new-high-pressure-gear-pump-hickory-nc-january-31-2005\/#breadcrumb"},"inLanguage":"de","potentialAction":[{"@type":"ReadAction","target":["https:\/\/www.psi-polymersystems.com\/about-us\/press-releases\/psi-polymer-systems-inc-introduces-new-high-pressure-gear-pump-hickory-nc-january-31-2005\/"]}]},{"@type":"BreadcrumbList","@id":"https:\/\/www.psi-polymersystems.com\/about-us\/press-releases\/psi-polymer-systems-inc-introduces-new-high-pressure-gear-pump-hickory-nc-january-31-2005\/#breadcrumb","itemListElement":[{"@type":"ListItem","position":1,"name":"Home","item":"https:\/\/www.psi-polymersystems.com\/"},{"@type":"ListItem","position":2,"name":"About Us","item":"https:\/\/www.psi-polymersystems.com\/about-us\/"},{"@type":"ListItem","position":3,"name":"Press Releases","item":"https:\/\/www.psi-polymersystems.com\/about-us\/press-releases\/"},{"@type":"ListItem","position":4,"name":"PSI-Polymer Systems Inc. Introduces New High Pressure Gear Pump Hickory, NC (January 31, 2005)"}]},{"@type":"WebSite","@id":"https:\/\/www.psi-polymersystems.com\/#website","url":"https:\/\/www.psi-polymersystems.com\/","name":"PSI-Polymer Systems","description":"","publisher":{"@id":"https:\/\/www.psi-polymersystems.com\/#organization"},"potentialAction":[{"@type":"SearchAction","target":{"@type":"EntryPoint","urlTemplate":"https:\/\/www.psi-polymersystems.com\/?s={search_term_string}"},"query-input":{"@type":"PropertyValueSpecification","valueRequired":true,"valueName":"search_term_string"}}],"inLanguage":"de"},{"@type":"Organization","@id":"https:\/\/www.psi-polymersystems.com\/#organization","name":"PSI-Polymer Systems, Inc.","url":"https:\/\/www.psi-polymersystems.com\/","logo":{"@type":"ImageObject","inLanguage":"de","@id":"https:\/\/www.psi-polymersystems.com\/#\/schema\/logo\/image\/","url":"","contentUrl":"","caption":"PSI-Polymer Systems, Inc."},"image":{"@id":"https:\/\/www.psi-polymersystems.com\/#\/schema\/logo\/image\/"},"sameAs":["https:\/\/www.facebook.com\/psipolymersystems\/","https:\/\/www.linkedin.com\/showcase\/psi-polymer-systems"]}]}},"_links":{"self":[{"href":"https:\/\/www.psi-polymersystems.com\/de\/wp-json\/wp\/v2\/pages\/6064","targetHints":{"allow":["GET"]}}],"collection":[{"href":"https:\/\/www.psi-polymersystems.com\/de\/wp-json\/wp\/v2\/pages"}],"about":[{"href":"https:\/\/www.psi-polymersystems.com\/de\/wp-json\/wp\/v2\/types\/page"}],"author":[{"embeddable":true,"href":"https:\/\/www.psi-polymersystems.com\/de\/wp-json\/wp\/v2\/users\/2"}],"replies":[{"embeddable":true,"href":"https:\/\/www.psi-polymersystems.com\/de\/wp-json\/wp\/v2\/comments?post=6064"}],"version-history":[{"count":0,"href":"https:\/\/www.psi-polymersystems.com\/de\/wp-json\/wp\/v2\/pages\/6064\/revisions"}],"up":[{"embeddable":true,"href":"https:\/\/www.psi-polymersystems.com\/de\/wp-json\/wp\/v2\/pages\/5833"}],"wp:attachment":[{"href":"https:\/\/www.psi-polymersystems.com\/de\/wp-json\/wp\/v2\/media?parent=6064"}],"curies":[{"name":"wp","href":"https:\/\/api.w.org\/{rel}","templated":true}]}}