{"id":6072,"date":"2020-09-23T17:26:35","date_gmt":"2020-09-23T17:26:35","guid":{"rendered":"https:\/\/psi-polymersystems.com\/?page_id=6072"},"modified":"2020-09-23T18:15:04","modified_gmt":"2020-09-23T18:15:04","slug":"psi-polymer-systems-inc-introduces-new-8-inch-hydraulic-screen-changer-hickory-nc-february-5-2004","status":"publish","type":"page","link":"https:\/\/www.psi-polymersystems.com\/de\/about-us\/press-releases\/psi-polymer-systems-inc-introduces-new-8-inch-hydraulic-screen-changer-hickory-nc-february-5-2004\/","title":{"rendered":"PSI-Polymer Systems Inc. stellt neuen hydraulischen 8-Zoll-Siebwechsler vor Hickory, NC (5. Februar 2004)"},"content":{"rendered":"<div data-elementor-type=\"wp-page\" data-elementor-id=\"6072\" class=\"elementor elementor-6072\" data-elementor-post-type=\"page\">\n\t\t\t\t\t\t<section class=\"elementor-section elementor-top-section elementor-element elementor-element-792ff61b elementor-section-boxed elementor-section-height-default elementor-section-height-default\" data-id=\"792ff61b\" data-element_type=\"section\" data-e-type=\"section\">\n\t\t\t\t\t\t<div class=\"elementor-container elementor-column-gap-default\">\n\t\t\t\t\t<div class=\"elementor-column elementor-col-50 elementor-top-column elementor-element elementor-element-56840635\" data-id=\"56840635\" data-element_type=\"column\" data-e-type=\"column\">\n\t\t\t<div class=\"elementor-widget-wrap elementor-element-populated\">\n\t\t\t\t\t\t<div class=\"elementor-element elementor-element-48e1c01c elementor-widget elementor-widget-heading\" data-id=\"48e1c01c\" data-element_type=\"widget\" data-e-type=\"widget\" data-widget_type=\"heading.default\">\n\t\t\t\t<div class=\"elementor-widget-container\">\n\t\t\t\t\t<h2 class=\"elementor-heading-title elementor-size-default\">PSI-Polymer Systems, Inc. stellt neuen hydraulischen 8-Zoll-Siebwechsler vor Hickory, NC (5. Februar 2004)<\/h2>\t\t\t\t<\/div>\n\t\t\t\t<\/div>\n\t\t\t\t<div class=\"elementor-element elementor-element-67ddb8f0 elementor-widget elementor-widget-text-editor\" data-id=\"67ddb8f0\" data-element_type=\"widget\" data-e-type=\"widget\" data-widget_type=\"text-editor.default\">\n\t\t\t\t<div class=\"elementor-widget-container\">\n\t\t\t\t\t\t\t\t\t<p>PSI-Polymer Systems Inc. hat ein neues Produkt vorgestellt, einen hydraulischen 8-Zoll-Siebwechsler f\u00fcr die Polymerfiltration bei gro\u00dfen Extrusionsanwendungen.<\/p><p>Dieses neue Produkt mit dem Namen HSC-80 wurde entwickelt und wird derzeit in den USA am PSI-Hauptsitz in Hickory, NC, hergestellt, wobei die Auslieferung im April 2004 beginnen soll Dank der gro\u00dfen Filtrationsfl\u00e4che ist es ideal f\u00fcr den Einsatz auf kleineren Extrudern (4 \u00bd Zoll oder 6 Zoll), die mit einem hohen Anteil an recyceltem Material betrieben werden.\u00a0<\/p><p><u>Entworfen von Bart Jones, \u201eThe Screen Changer Man\u201c<\/u><\/p><p>Branchenveteranen brauchen den Entwickler dieses neuen Systems nicht vorzustellen. Bart Jones ist seit den fr\u00fchen 1980er Jahren an Vertrieb, Marketing und Design innovativer Siebwechsler beteiligt. Er begann bei Beringer und war dann Gr\u00fcnder und Pr\u00e4sident von Extek, Inc. in Marblehead, Massachusetts, das schlie\u00dflich von Dynisco, Inc. \u00fcbernommen wurde. Als Glenn Woodcock, ein weiterer Branchenveteran und Freund von Jones, beschloss, PSI-Polymer Systems zu gr\u00fcnden , beschloss er, Jones mit dem Titel \u2013 wir erfinden das nicht \u2013 \u201eThe Screen Changer Man\u201c an Bord zu holen.<\/p><p>\u201eBerater\u201c scheint ziemlich langweilig zu sein\u201c, sagte Jones. \u201eAu\u00dferdem sind Siebwechsler mein Fachgebiet und das, womit ich in der Kunststoffindustrie in Verbindung gebracht werde. Als Glenn mir also eine Stelle in seinem Unternehmen anbot, beschlossen wir, etwas Spa\u00df zu haben und meinen Titel einfach und auf den Punkt zu halten.\u201c\u00a0<\/p><p>Laut Woodcock haben er und Jones sich zusammengetan, um der Branche eine hochwertige, alternative Quelle f\u00fcr Extrusionshilfsger\u00e4te anzubieten, die in den USA ans\u00e4ssig ist und den Kunden den Vorteil jahrelanger Erfahrung bietet. Vor der Gr\u00fcndung von PSI war Woodcock jahrelang f\u00fcr Zenith, einen Anbieter von Zahnradpumpen, und Dynisco t\u00e4tig.\u00a0<\/p><p>\u201eIch wollte Systeme bauen, die die besten Eigenschaften unserer Wissensbasis vereinen\u201c, sagte er. \u201eBart und ich haben beide langj\u00e4hrige Erfahrung in der Entwicklung, dem Bau, dem Verkauf und der Wartung von Extrusionsanlagen, einschlie\u00dflich Siebwechslern und Zahnradpumpen. Wir wissen, was funktioniert und was nicht, und freuen uns, der Branche neue Systeme anbieten zu k\u00f6nnen, von denen wir glauben, dass sie das beste Preis-Leistungs-Verh\u00e4ltnis bieten.\u201c<\/p><p><u>Merkmale und Vorteile des HSC-80<\/u><\/p><p>Mit dem neuen HSC-80 bietet PSI nun eine vergr\u00f6\u00dferte Version der vier kleineren Modelle der hydraulischen Siebwechsler des Unternehmens an. Ein Unterschied besteht aufgrund seiner Gr\u00f6\u00dfe, der HSC-80 ist kein \u201edurchgeschraubtes\u201c Design; Es wird direkt an einem Flansch am Extruder befestigt, wobei die Schrauben durch den Flansch gehen. Zu den Merkmalen geh\u00f6rt die patentierte segmentierte Kegelringdichtung von PSI, die laut Jones \u201eseit ihrer Einf\u00fchrung im Sommer 2003 einwandfreie Ergebnisse liefert\u201c. Diese druckaktivierten Dichtungen arbeiten leckagefrei bis zu 10.000 psi und wurden entwickelt, um Materialanhaftungsbereiche zu eliminieren, wodurch eine Verschlechterung und Gelbildung verhindert wird, die bei anderen Siebwechslern mit Gleitplatte verursacht werden. Da die Dichtungsbaugruppe ausschlie\u00dflich aus Stahlteilen besteht (kein Teflon), ist PSI zuversichtlich, eine lebenslange Garantie auf alle Dichtungsteile bei Prozesstemperaturen zwischen 70 \u00b0F und 700 \u00b0F anbieten zu k\u00f6nnen.<\/p><p>Dar\u00fcber hinaus verf\u00fcgt der HSC-80, wie alle hydraulischen Siebwechsler von PSI, \u00fcber SPS-gesteuerte Gleitplattenheizungen, die nur eine Temperaturregelungszone erfordern, im Gegensatz zu drei Zonen, die normalerweise bei Konstruktionen von Mitbewerbern erforderlich sind. Au\u00dferdem ist das System auf Sicherheit ausgelegt; Die Bedienerschutzvorrichtungen sind robust, eng anliegend und manipulationssicher und sch\u00fctzen die Bediener vor der Verletzungsgefahr durch Verbrennungen durch Spritzpolymer oder mechanische Verletzungen.<\/p><p>Zu den typischen Anwendungen f\u00fcr den neuen Siebwechsler HSC-80 geh\u00f6ren Folien, Blasfolien und Gie\u00dffolien, Compoundierung, Unterwassergranulierung und Stranggranulierung, Extrusionsbeschichtung, Rohre und Profile, Dr\u00e4hte und Kabel und andere.\u00a0<\/p>\t\t\t\t\t\t\t\t<\/div>\n\t\t\t\t<\/div>\n\t\t\t\t\t<\/div>\n\t\t<\/div>\n\t\t\t\t<div class=\"elementor-column elementor-col-50 elementor-top-column elementor-element elementor-element-5db6567c\" data-id=\"5db6567c\" data-element_type=\"column\" data-e-type=\"column\">\n\t\t\t<div class=\"elementor-widget-wrap\">\n\t\t\t\t\t\t\t<\/div>\n\t\t<\/div>\n\t\t\t\t\t<\/div>\n\t\t<\/section>\n\t\t\t\t<\/div>","protected":false},"excerpt":{"rendered":"<p>PSI-Polymer Systems, Inc. stellt neuen hydraulischen 8-Zoll-Siebwechsler vor Hickory, NC (5. Februar 2004) PSI-Polymer Systems Inc. hat ein neues Produkt vorgestellt, einen hydraulischen 8-Zoll-Siebwechsler f\u00fcr die Polymerfiltration bei gro\u00dfen Extrusionsanwendungen. Dieses neue Produkt mit dem Namen HSC-80 wurde entwickelt und wird derzeit in den USA am PSI-Hauptsitz in [\u2026]<\/p>","protected":false},"author":2,"featured_media":0,"parent":5833,"menu_order":0,"comment_status":"closed","ping_status":"closed","template":"","meta":{"_monsterinsights_skip_tracking":false,"_monsterinsights_sitenote_active":false,"_monsterinsights_sitenote_note":"","_monsterinsights_sitenote_category":0,"footnotes":""},"class_list":["post-6072","page","type-page","status-publish","hentry"],"yoast_head":"<!-- This site is optimized with the Yoast SEO Premium plugin v25.0 (Yoast SEO v25.0) - https:\/\/yoast.com\/wordpress\/plugins\/seo\/ -->\n<title>PSI-Polymer Systems Inc. Introduces New 8-Inch Hydraulic Screen Changer Hickory, NC (February 5, 2004) - PSI-Polymer Systems<\/title>\n<meta name=\"robots\" content=\"index, follow, max-snippet:-1, max-image-preview:large, max-video-preview:-1\" \/>\n<link rel=\"canonical\" href=\"https:\/\/www.psi-polymersystems.com\/de\/about-us\/press-releases\/psi-polymer-systems-inc-introduces-new-8-inch-hydraulic-screen-changer-hickory-nc-february-5-2004\/\" \/>\n<meta property=\"og:locale\" content=\"de_DE\" \/>\n<meta property=\"og:type\" content=\"article\" \/>\n<meta property=\"og:title\" content=\"PSI-Polymer Systems Inc. Introduces New 8-Inch Hydraulic Screen Changer Hickory, NC (February 5, 2004)\" \/>\n<meta property=\"og:description\" content=\"PSI-Polymer Systems, Inc. Introduces New 8-inch Hydraulic Screen Changer Hickory, NC (February 5, 2004) PSI-Polymer Systems Inc. has introduced a new\" \/>\n<meta property=\"og:url\" content=\"https:\/\/www.psi-polymersystems.com\/de\/about-us\/press-releases\/psi-polymer-systems-inc-introduces-new-8-inch-hydraulic-screen-changer-hickory-nc-february-5-2004\/\" \/>\n<meta property=\"og:site_name\" content=\"PSI-Polymer Systems\" \/>\n<meta property=\"article:publisher\" content=\"https:\/\/www.facebook.com\/psipolymersystems\/\" \/>\n<meta property=\"article:modified_time\" content=\"2020-09-23T18:15:04+00:00\" \/>\n<meta name=\"twitter:card\" content=\"summary_large_image\" \/>\n<meta name=\"twitter:label1\" content=\"Gesch\u00e4tzte Lesezeit\" \/>\n\t<meta name=\"twitter:data1\" content=\"3\u00a0Minuten\" \/>\n<script type=\"application\/ld+json\" class=\"yoast-schema-graph\">{\"@context\":\"https:\/\/schema.org\",\"@graph\":[{\"@type\":\"WebPage\",\"@id\":\"https:\/\/www.psi-polymersystems.com\/about-us\/press-releases\/psi-polymer-systems-inc-introduces-new-8-inch-hydraulic-screen-changer-hickory-nc-february-5-2004\/\",\"url\":\"https:\/\/www.psi-polymersystems.com\/about-us\/press-releases\/psi-polymer-systems-inc-introduces-new-8-inch-hydraulic-screen-changer-hickory-nc-february-5-2004\/\",\"name\":\"PSI-Polymer Systems Inc. Introduces New 8-Inch Hydraulic Screen Changer Hickory, NC (February 5, 2004) - PSI-Polymer Systems\",\"isPartOf\":{\"@id\":\"https:\/\/www.psi-polymersystems.com\/#website\"},\"datePublished\":\"2020-09-23T17:26:35+00:00\",\"dateModified\":\"2020-09-23T18:15:04+00:00\",\"breadcrumb\":{\"@id\":\"https:\/\/www.psi-polymersystems.com\/about-us\/press-releases\/psi-polymer-systems-inc-introduces-new-8-inch-hydraulic-screen-changer-hickory-nc-february-5-2004\/#breadcrumb\"},\"inLanguage\":\"de\",\"potentialAction\":[{\"@type\":\"ReadAction\",\"target\":[\"https:\/\/www.psi-polymersystems.com\/about-us\/press-releases\/psi-polymer-systems-inc-introduces-new-8-inch-hydraulic-screen-changer-hickory-nc-february-5-2004\/\"]}]},{\"@type\":\"BreadcrumbList\",\"@id\":\"https:\/\/www.psi-polymersystems.com\/about-us\/press-releases\/psi-polymer-systems-inc-introduces-new-8-inch-hydraulic-screen-changer-hickory-nc-february-5-2004\/#breadcrumb\",\"itemListElement\":[{\"@type\":\"ListItem\",\"position\":1,\"name\":\"Home\",\"item\":\"https:\/\/www.psi-polymersystems.com\/\"},{\"@type\":\"ListItem\",\"position\":2,\"name\":\"About Us\",\"item\":\"https:\/\/www.psi-polymersystems.com\/about-us\/\"},{\"@type\":\"ListItem\",\"position\":3,\"name\":\"Press Releases\",\"item\":\"https:\/\/www.psi-polymersystems.com\/about-us\/press-releases\/\"},{\"@type\":\"ListItem\",\"position\":4,\"name\":\"PSI-Polymer Systems Inc. Introduces New 8-Inch Hydraulic Screen Changer Hickory, NC (February 5, 2004)\"}]},{\"@type\":\"WebSite\",\"@id\":\"https:\/\/www.psi-polymersystems.com\/#website\",\"url\":\"https:\/\/www.psi-polymersystems.com\/\",\"name\":\"PSI-Polymer Systems\",\"description\":\"\",\"publisher\":{\"@id\":\"https:\/\/www.psi-polymersystems.com\/#organization\"},\"potentialAction\":[{\"@type\":\"SearchAction\",\"target\":{\"@type\":\"EntryPoint\",\"urlTemplate\":\"https:\/\/www.psi-polymersystems.com\/?s={search_term_string}\"},\"query-input\":{\"@type\":\"PropertyValueSpecification\",\"valueRequired\":true,\"valueName\":\"search_term_string\"}}],\"inLanguage\":\"de\"},{\"@type\":\"Organization\",\"@id\":\"https:\/\/www.psi-polymersystems.com\/#organization\",\"name\":\"PSI-Polymer Systems, Inc.\",\"url\":\"https:\/\/www.psi-polymersystems.com\/\",\"logo\":{\"@type\":\"ImageObject\",\"inLanguage\":\"de\",\"@id\":\"https:\/\/www.psi-polymersystems.com\/#\/schema\/logo\/image\/\",\"url\":\"\",\"contentUrl\":\"\",\"caption\":\"PSI-Polymer Systems, Inc.\"},\"image\":{\"@id\":\"https:\/\/www.psi-polymersystems.com\/#\/schema\/logo\/image\/\"},\"sameAs\":[\"https:\/\/www.facebook.com\/psipolymersystems\/\",\"https:\/\/www.linkedin.com\/showcase\/psi-polymer-systems\"]}]}<\/script>\n<!-- \/ Yoast SEO Premium plugin. -->","yoast_head_json":{"title":"PSI-Polymer Systems Inc. Introduces New 8-Inch Hydraulic Screen Changer Hickory, NC (February 5, 2004) - PSI-Polymer Systems","robots":{"index":"index","follow":"follow","max-snippet":"max-snippet:-1","max-image-preview":"max-image-preview:large","max-video-preview":"max-video-preview:-1"},"canonical":"https:\/\/www.psi-polymersystems.com\/de\/about-us\/press-releases\/psi-polymer-systems-inc-introduces-new-8-inch-hydraulic-screen-changer-hickory-nc-february-5-2004\/","og_locale":"de_DE","og_type":"article","og_title":"PSI-Polymer Systems Inc. Introduces New 8-Inch Hydraulic Screen Changer Hickory, NC (February 5, 2004)","og_description":"PSI-Polymer Systems, Inc. Introduces New 8-inch Hydraulic Screen Changer Hickory, NC (February 5, 2004) PSI-Polymer Systems Inc. has introduced a new","og_url":"https:\/\/www.psi-polymersystems.com\/de\/about-us\/press-releases\/psi-polymer-systems-inc-introduces-new-8-inch-hydraulic-screen-changer-hickory-nc-february-5-2004\/","og_site_name":"PSI-Polymer Systems","article_publisher":"https:\/\/www.facebook.com\/psipolymersystems\/","article_modified_time":"2020-09-23T18:15:04+00:00","twitter_card":"summary_large_image","twitter_misc":{"Gesch\u00e4tzte Lesezeit":"3\u00a0Minuten"},"schema":{"@context":"https:\/\/schema.org","@graph":[{"@type":"WebPage","@id":"https:\/\/www.psi-polymersystems.com\/about-us\/press-releases\/psi-polymer-systems-inc-introduces-new-8-inch-hydraulic-screen-changer-hickory-nc-february-5-2004\/","url":"https:\/\/www.psi-polymersystems.com\/about-us\/press-releases\/psi-polymer-systems-inc-introduces-new-8-inch-hydraulic-screen-changer-hickory-nc-february-5-2004\/","name":"PSI-Polymer Systems Inc. Introduces New 8-Inch Hydraulic Screen Changer Hickory, NC (February 5, 2004) - PSI-Polymer Systems","isPartOf":{"@id":"https:\/\/www.psi-polymersystems.com\/#website"},"datePublished":"2020-09-23T17:26:35+00:00","dateModified":"2020-09-23T18:15:04+00:00","breadcrumb":{"@id":"https:\/\/www.psi-polymersystems.com\/about-us\/press-releases\/psi-polymer-systems-inc-introduces-new-8-inch-hydraulic-screen-changer-hickory-nc-february-5-2004\/#breadcrumb"},"inLanguage":"de","potentialAction":[{"@type":"ReadAction","target":["https:\/\/www.psi-polymersystems.com\/about-us\/press-releases\/psi-polymer-systems-inc-introduces-new-8-inch-hydraulic-screen-changer-hickory-nc-february-5-2004\/"]}]},{"@type":"BreadcrumbList","@id":"https:\/\/www.psi-polymersystems.com\/about-us\/press-releases\/psi-polymer-systems-inc-introduces-new-8-inch-hydraulic-screen-changer-hickory-nc-february-5-2004\/#breadcrumb","itemListElement":[{"@type":"ListItem","position":1,"name":"Home","item":"https:\/\/www.psi-polymersystems.com\/"},{"@type":"ListItem","position":2,"name":"About Us","item":"https:\/\/www.psi-polymersystems.com\/about-us\/"},{"@type":"ListItem","position":3,"name":"Press Releases","item":"https:\/\/www.psi-polymersystems.com\/about-us\/press-releases\/"},{"@type":"ListItem","position":4,"name":"PSI-Polymer Systems Inc. Introduces New 8-Inch Hydraulic Screen Changer Hickory, NC (February 5, 2004)"}]},{"@type":"WebSite","@id":"https:\/\/www.psi-polymersystems.com\/#website","url":"https:\/\/www.psi-polymersystems.com\/","name":"PSI-Polymer Systems","description":"","publisher":{"@id":"https:\/\/www.psi-polymersystems.com\/#organization"},"potentialAction":[{"@type":"SearchAction","target":{"@type":"EntryPoint","urlTemplate":"https:\/\/www.psi-polymersystems.com\/?s={search_term_string}"},"query-input":{"@type":"PropertyValueSpecification","valueRequired":true,"valueName":"search_term_string"}}],"inLanguage":"de"},{"@type":"Organization","@id":"https:\/\/www.psi-polymersystems.com\/#organization","name":"PSI-Polymer Systems, Inc.","url":"https:\/\/www.psi-polymersystems.com\/","logo":{"@type":"ImageObject","inLanguage":"de","@id":"https:\/\/www.psi-polymersystems.com\/#\/schema\/logo\/image\/","url":"","contentUrl":"","caption":"PSI-Polymer Systems, Inc."},"image":{"@id":"https:\/\/www.psi-polymersystems.com\/#\/schema\/logo\/image\/"},"sameAs":["https:\/\/www.facebook.com\/psipolymersystems\/","https:\/\/www.linkedin.com\/showcase\/psi-polymer-systems"]}]}},"_links":{"self":[{"href":"https:\/\/www.psi-polymersystems.com\/de\/wp-json\/wp\/v2\/pages\/6072","targetHints":{"allow":["GET"]}}],"collection":[{"href":"https:\/\/www.psi-polymersystems.com\/de\/wp-json\/wp\/v2\/pages"}],"about":[{"href":"https:\/\/www.psi-polymersystems.com\/de\/wp-json\/wp\/v2\/types\/page"}],"author":[{"embeddable":true,"href":"https:\/\/www.psi-polymersystems.com\/de\/wp-json\/wp\/v2\/users\/2"}],"replies":[{"embeddable":true,"href":"https:\/\/www.psi-polymersystems.com\/de\/wp-json\/wp\/v2\/comments?post=6072"}],"version-history":[{"count":0,"href":"https:\/\/www.psi-polymersystems.com\/de\/wp-json\/wp\/v2\/pages\/6072\/revisions"}],"up":[{"embeddable":true,"href":"https:\/\/www.psi-polymersystems.com\/de\/wp-json\/wp\/v2\/pages\/5833"}],"wp:attachment":[{"href":"https:\/\/www.psi-polymersystems.com\/de\/wp-json\/wp\/v2\/media?parent=6072"}],"curies":[{"name":"wp","href":"https:\/\/api.w.org\/{rel}","templated":true}]}}