{"id":6076,"date":"2020-09-23T17:34:33","date_gmt":"2020-09-23T17:34:33","guid":{"rendered":"https:\/\/psi-polymersystems.com\/?page_id=6076"},"modified":"2020-09-23T17:37:07","modified_gmt":"2020-09-23T17:37:07","slug":"psi-polymer-systems-names-new-general-manager-conover-nc-november-20-2012","status":"publish","type":"page","link":"https:\/\/www.psi-polymersystems.com\/de\/about-us\/press-releases\/psi-polymer-systems-names-new-general-manager-conover-nc-november-20-2012\/","title":{"rendered":"PSI-Polymer Systems ernennt neuen General Manager Conover, NC (20. November 2012)"},"content":{"rendered":"<div data-elementor-type=\"wp-page\" data-elementor-id=\"6076\" class=\"elementor elementor-6076\" data-elementor-post-type=\"page\">\n\t\t\t\t\t\t<section class=\"elementor-section elementor-top-section elementor-element elementor-element-77e2cb38 elementor-section-boxed elementor-section-height-default elementor-section-height-default\" data-id=\"77e2cb38\" data-element_type=\"section\" data-e-type=\"section\">\n\t\t\t\t\t\t<div class=\"elementor-container elementor-column-gap-default\">\n\t\t\t\t\t<div class=\"elementor-column elementor-col-50 elementor-top-column elementor-element elementor-element-4f79fa18\" data-id=\"4f79fa18\" data-element_type=\"column\" data-e-type=\"column\">\n\t\t\t<div class=\"elementor-widget-wrap elementor-element-populated\">\n\t\t\t\t\t\t<div class=\"elementor-element elementor-element-3a7a43ff elementor-widget elementor-widget-heading\" data-id=\"3a7a43ff\" data-element_type=\"widget\" data-e-type=\"widget\" data-widget_type=\"heading.default\">\n\t\t\t\t<div class=\"elementor-widget-container\">\n\t\t\t\t\t<h2 class=\"elementor-heading-title elementor-size-default\">PSI-Polymer Systems, Inc. ernennt neuen General Manager Conover, NC (20. November 2012)<\/h2>\t\t\t\t<\/div>\n\t\t\t\t<\/div>\n\t\t\t\t<div class=\"elementor-element elementor-element-796d2cd2 elementor-widget elementor-widget-text-editor\" data-id=\"796d2cd2\" data-element_type=\"widget\" data-e-type=\"widget\" data-widget_type=\"text-editor.default\">\n\t\t\t\t<div class=\"elementor-widget-container\">\n\t\t\t\t\t\t\t\t\t<p>PSI-Polymer Systems freut sich bekannt zu geben, dass es Don Macnamara zu seinem neuen General Manager ernannt hat. Macnamara, ein Branchenveteran mit 27 Jahren Erfahrung, wird dem Eigent\u00fcmer von PSI, Glenn Woodcock, unterstellt sein, die strategische Entwicklung koordinieren und alle t\u00e4glichen Gesch\u00e4ftsabl\u00e4ufe beaufsichtigen.\u00a0\u00a0<\/p><p>PSI-Polymer Systems ist ein f\u00fchrender Hersteller von in den USA gebauten Extrusionsschmelzverarbeitungsanlagen. Macnamara bringt umfangreiche Branchenerfahrung sowohl im Extrusionsbereich als auch im Trockenmaterialhandling in das PSI ein. Zuletzt war er in den letzten zehn Jahren bei Conair t\u00e4tig, dem Weltmarktf\u00fchrer f\u00fcr \u201etrockene\u201c Hilfsger\u00e4te. Dort entwickelte und implementierte er strategische Gesch\u00e4ftsinitiativen, darunter die Film &amp; Sheet-Gruppe von Conair, wo er k\u00fcrzlich als General Manager und nationaler Verkaufsleiter t\u00e4tig war. Davor war er Verkaufsleiter bei Merritt-Davis, jetzt Teil von Davis Standard.\u00a0<\/p><p>In den ersten 15 Jahren seiner Karriere war er Global Director of Sales and Marketing bei Beringer, wo er mit Bart Jones, dem Gr\u00fcnder von Extek und einem der Gr\u00fcndungspartner von PSI-Polymer Systems, zusammenarbeitete. Bei Beringer leitete Macnamara die Ausrichtung der Produktlinie, gr\u00fcndete Beringer Europe und baute die asiatische Basis des Unternehmens aus.\u00a0<br \/><br \/>\u201eDies ist wirklich eine aufregende Zeit f\u00fcr kleine Unternehmen in unserer Branche\u201c, sagte Macnamara. \u201ePSI-Polymer Systems zeigt die allerbesten Qualit\u00e4ten einer neuen Unternehmerklasse. Der Sinn f\u00fcr Dringlichkeit, Reaktionsf\u00e4higkeit und Offenheit f\u00fcr neue Ideen und Ver\u00e4nderungen durchdringt die Unternehmenskultur auf allen Ebenen. Es ist aufregend und ein Privileg, PSI-Polymer Systems zu diesem Zeitpunkt in seinem Wachstum beizutreten, insbesondere angesichts der positiven Akzeptanz und Akzeptanz der Produkte und Mitarbeiter des Unternehmens durch den Markt.\u201c<\/p><p>\u201eDon verf\u00fcgt \u00fcber langj\u00e4hrige Erfahrung in unserer Branche und ein umfassendes Wissen \u00fcber unseren Kundenstamm und seine Bed\u00fcrfnisse\u201c, sagte Glenn Woodcock, Pr\u00e4sident von PSI-Polymer Systems. \u201eWir sind zuversichtlich, dass er eine enorme Bereicherung f\u00fcr PSI sein und ma\u00dfgeblich zu unserem weiteren Wachstum beitragen wird.\u201c<\/p>\t\t\t\t\t\t\t\t<\/div>\n\t\t\t\t<\/div>\n\t\t\t\t\t<\/div>\n\t\t<\/div>\n\t\t\t\t<div class=\"elementor-column elementor-col-50 elementor-top-column elementor-element elementor-element-2584288e\" data-id=\"2584288e\" data-element_type=\"column\" data-e-type=\"column\">\n\t\t\t<div class=\"elementor-widget-wrap\">\n\t\t\t\t\t\t\t<\/div>\n\t\t<\/div>\n\t\t\t\t\t<\/div>\n\t\t<\/section>\n\t\t\t\t<\/div>","protected":false},"excerpt":{"rendered":"<p>PSI-Polymer Systems, Inc. ernennt neuen General Manager Conover, NC (20. November 2012) PSI-Polymer Systems freut sich bekannt zu geben, dass Don Macnamara zum neuen General Manager ernannt wurde. Macnamara, ein Branchenveteran mit 27 Jahren Erfahrung, wird dem Eigent\u00fcmer von PSI, Glenn Woodcock, unterstellt sein, die strategische Entwicklung koordinieren und alle t\u00e4glichen Gesch\u00e4ftsabl\u00e4ufe beaufsichtigen. PSI-Polymer Systems ist ein f\u00fchrendes [\u2026]<\/p>","protected":false},"author":2,"featured_media":0,"parent":5833,"menu_order":0,"comment_status":"closed","ping_status":"closed","template":"","meta":{"_monsterinsights_skip_tracking":false,"_monsterinsights_sitenote_active":false,"_monsterinsights_sitenote_note":"","_monsterinsights_sitenote_category":0,"footnotes":""},"class_list":["post-6076","page","type-page","status-publish","hentry"],"yoast_head":"<!-- This site is optimized with the Yoast SEO Premium plugin v25.0 (Yoast SEO v25.0) - https:\/\/yoast.com\/wordpress\/plugins\/seo\/ -->\n<title>PSI-Polymer Systems names new General Manager Conover, NC (November 20, 2012) - PSI-Polymer Systems<\/title>\n<meta name=\"robots\" content=\"index, follow, max-snippet:-1, max-image-preview:large, max-video-preview:-1\" \/>\n<link rel=\"canonical\" href=\"https:\/\/www.psi-polymersystems.com\/de\/about-us\/press-releases\/psi-polymer-systems-names-new-general-manager-conover-nc-november-20-2012\/\" \/>\n<meta property=\"og:locale\" content=\"de_DE\" \/>\n<meta property=\"og:type\" content=\"article\" \/>\n<meta property=\"og:title\" content=\"PSI-Polymer Systems names new General Manager Conover, NC (November 20, 2012)\" \/>\n<meta property=\"og:description\" content=\"PSI-Polymer Systems, Inc. Names New General Manager Conover, NC (November 20, 2012) PSI-Polymer Systems is pleased to announce it has named Don Macnamara\" \/>\n<meta property=\"og:url\" content=\"https:\/\/www.psi-polymersystems.com\/de\/about-us\/press-releases\/psi-polymer-systems-names-new-general-manager-conover-nc-november-20-2012\/\" \/>\n<meta property=\"og:site_name\" content=\"PSI-Polymer Systems\" \/>\n<meta property=\"article:publisher\" content=\"https:\/\/www.facebook.com\/psipolymersystems\/\" \/>\n<meta property=\"article:modified_time\" content=\"2020-09-23T17:37:07+00:00\" \/>\n<meta name=\"twitter:card\" content=\"summary_large_image\" \/>\n<meta name=\"twitter:label1\" content=\"Gesch\u00e4tzte Lesezeit\" \/>\n\t<meta name=\"twitter:data1\" content=\"2\u00a0Minuten\" \/>\n<script type=\"application\/ld+json\" class=\"yoast-schema-graph\">{\"@context\":\"https:\/\/schema.org\",\"@graph\":[{\"@type\":\"WebPage\",\"@id\":\"https:\/\/www.psi-polymersystems.com\/es\/about-us\/press-releases\/psi-polymer-systems-names-new-general-manager-conover-nc-november-20-2012\/\",\"url\":\"https:\/\/www.psi-polymersystems.com\/es\/about-us\/press-releases\/psi-polymer-systems-names-new-general-manager-conover-nc-november-20-2012\/\",\"name\":\"PSI-Polymer Systems names new General Manager Conover, NC (November 20, 2012) - PSI-Polymer Systems\",\"isPartOf\":{\"@id\":\"https:\/\/www.psi-polymersystems.com\/#website\"},\"datePublished\":\"2020-09-23T17:34:33+00:00\",\"dateModified\":\"2020-09-23T17:37:07+00:00\",\"breadcrumb\":{\"@id\":\"https:\/\/www.psi-polymersystems.com\/es\/about-us\/press-releases\/psi-polymer-systems-names-new-general-manager-conover-nc-november-20-2012\/#breadcrumb\"},\"inLanguage\":\"de\",\"potentialAction\":[{\"@type\":\"ReadAction\",\"target\":[\"https:\/\/www.psi-polymersystems.com\/es\/about-us\/press-releases\/psi-polymer-systems-names-new-general-manager-conover-nc-november-20-2012\/\"]}]},{\"@type\":\"BreadcrumbList\",\"@id\":\"https:\/\/www.psi-polymersystems.com\/es\/about-us\/press-releases\/psi-polymer-systems-names-new-general-manager-conover-nc-november-20-2012\/#breadcrumb\",\"itemListElement\":[{\"@type\":\"ListItem\",\"position\":1,\"name\":\"Home\",\"item\":\"https:\/\/www.psi-polymersystems.com\/\"},{\"@type\":\"ListItem\",\"position\":2,\"name\":\"About Us\",\"item\":\"https:\/\/www.psi-polymersystems.com\/about-us\/\"},{\"@type\":\"ListItem\",\"position\":3,\"name\":\"Press Releases\",\"item\":\"https:\/\/www.psi-polymersystems.com\/about-us\/press-releases\/\"},{\"@type\":\"ListItem\",\"position\":4,\"name\":\"PSI-Polymer Systems names new General Manager Conover, NC (November 20, 2012)\"}]},{\"@type\":\"WebSite\",\"@id\":\"https:\/\/www.psi-polymersystems.com\/#website\",\"url\":\"https:\/\/www.psi-polymersystems.com\/\",\"name\":\"PSI-Polymer Systems\",\"description\":\"\",\"publisher\":{\"@id\":\"https:\/\/www.psi-polymersystems.com\/#organization\"},\"potentialAction\":[{\"@type\":\"SearchAction\",\"target\":{\"@type\":\"EntryPoint\",\"urlTemplate\":\"https:\/\/www.psi-polymersystems.com\/?s={search_term_string}\"},\"query-input\":{\"@type\":\"PropertyValueSpecification\",\"valueRequired\":true,\"valueName\":\"search_term_string\"}}],\"inLanguage\":\"de\"},{\"@type\":\"Organization\",\"@id\":\"https:\/\/www.psi-polymersystems.com\/#organization\",\"name\":\"PSI-Polymer Systems, Inc.\",\"url\":\"https:\/\/www.psi-polymersystems.com\/\",\"logo\":{\"@type\":\"ImageObject\",\"inLanguage\":\"de\",\"@id\":\"https:\/\/www.psi-polymersystems.com\/#\/schema\/logo\/image\/\",\"url\":\"\",\"contentUrl\":\"\",\"caption\":\"PSI-Polymer Systems, Inc.\"},\"image\":{\"@id\":\"https:\/\/www.psi-polymersystems.com\/#\/schema\/logo\/image\/\"},\"sameAs\":[\"https:\/\/www.facebook.com\/psipolymersystems\/\",\"https:\/\/www.linkedin.com\/showcase\/psi-polymer-systems\"]}]}<\/script>\n<!-- \/ Yoast SEO Premium plugin. -->","yoast_head_json":{"title":"PSI-Polymer Systems names new General Manager Conover, NC (November 20, 2012) - PSI-Polymer Systems","robots":{"index":"index","follow":"follow","max-snippet":"max-snippet:-1","max-image-preview":"max-image-preview:large","max-video-preview":"max-video-preview:-1"},"canonical":"https:\/\/www.psi-polymersystems.com\/de\/about-us\/press-releases\/psi-polymer-systems-names-new-general-manager-conover-nc-november-20-2012\/","og_locale":"de_DE","og_type":"article","og_title":"PSI-Polymer Systems names new General Manager Conover, NC (November 20, 2012)","og_description":"PSI-Polymer Systems, Inc. Names New General Manager Conover, NC (November 20, 2012) PSI-Polymer Systems is pleased to announce it has named Don Macnamara","og_url":"https:\/\/www.psi-polymersystems.com\/de\/about-us\/press-releases\/psi-polymer-systems-names-new-general-manager-conover-nc-november-20-2012\/","og_site_name":"PSI-Polymer Systems","article_publisher":"https:\/\/www.facebook.com\/psipolymersystems\/","article_modified_time":"2020-09-23T17:37:07+00:00","twitter_card":"summary_large_image","twitter_misc":{"Gesch\u00e4tzte Lesezeit":"2\u00a0Minuten"},"schema":{"@context":"https:\/\/schema.org","@graph":[{"@type":"WebPage","@id":"https:\/\/www.psi-polymersystems.com\/es\/about-us\/press-releases\/psi-polymer-systems-names-new-general-manager-conover-nc-november-20-2012\/","url":"https:\/\/www.psi-polymersystems.com\/es\/about-us\/press-releases\/psi-polymer-systems-names-new-general-manager-conover-nc-november-20-2012\/","name":"PSI-Polymer Systems names new General Manager Conover, NC (November 20, 2012) - PSI-Polymer Systems","isPartOf":{"@id":"https:\/\/www.psi-polymersystems.com\/#website"},"datePublished":"2020-09-23T17:34:33+00:00","dateModified":"2020-09-23T17:37:07+00:00","breadcrumb":{"@id":"https:\/\/www.psi-polymersystems.com\/es\/about-us\/press-releases\/psi-polymer-systems-names-new-general-manager-conover-nc-november-20-2012\/#breadcrumb"},"inLanguage":"de","potentialAction":[{"@type":"ReadAction","target":["https:\/\/www.psi-polymersystems.com\/es\/about-us\/press-releases\/psi-polymer-systems-names-new-general-manager-conover-nc-november-20-2012\/"]}]},{"@type":"BreadcrumbList","@id":"https:\/\/www.psi-polymersystems.com\/es\/about-us\/press-releases\/psi-polymer-systems-names-new-general-manager-conover-nc-november-20-2012\/#breadcrumb","itemListElement":[{"@type":"ListItem","position":1,"name":"Home","item":"https:\/\/www.psi-polymersystems.com\/"},{"@type":"ListItem","position":2,"name":"About Us","item":"https:\/\/www.psi-polymersystems.com\/about-us\/"},{"@type":"ListItem","position":3,"name":"Press Releases","item":"https:\/\/www.psi-polymersystems.com\/about-us\/press-releases\/"},{"@type":"ListItem","position":4,"name":"PSI-Polymer Systems names new General Manager Conover, NC (November 20, 2012)"}]},{"@type":"WebSite","@id":"https:\/\/www.psi-polymersystems.com\/#website","url":"https:\/\/www.psi-polymersystems.com\/","name":"PSI-Polymer Systems","description":"","publisher":{"@id":"https:\/\/www.psi-polymersystems.com\/#organization"},"potentialAction":[{"@type":"SearchAction","target":{"@type":"EntryPoint","urlTemplate":"https:\/\/www.psi-polymersystems.com\/?s={search_term_string}"},"query-input":{"@type":"PropertyValueSpecification","valueRequired":true,"valueName":"search_term_string"}}],"inLanguage":"de"},{"@type":"Organization","@id":"https:\/\/www.psi-polymersystems.com\/#organization","name":"PSI-Polymer Systems, Inc.","url":"https:\/\/www.psi-polymersystems.com\/","logo":{"@type":"ImageObject","inLanguage":"de","@id":"https:\/\/www.psi-polymersystems.com\/#\/schema\/logo\/image\/","url":"","contentUrl":"","caption":"PSI-Polymer Systems, Inc."},"image":{"@id":"https:\/\/www.psi-polymersystems.com\/#\/schema\/logo\/image\/"},"sameAs":["https:\/\/www.facebook.com\/psipolymersystems\/","https:\/\/www.linkedin.com\/showcase\/psi-polymer-systems"]}]}},"_links":{"self":[{"href":"https:\/\/www.psi-polymersystems.com\/de\/wp-json\/wp\/v2\/pages\/6076","targetHints":{"allow":["GET"]}}],"collection":[{"href":"https:\/\/www.psi-polymersystems.com\/de\/wp-json\/wp\/v2\/pages"}],"about":[{"href":"https:\/\/www.psi-polymersystems.com\/de\/wp-json\/wp\/v2\/types\/page"}],"author":[{"embeddable":true,"href":"https:\/\/www.psi-polymersystems.com\/de\/wp-json\/wp\/v2\/users\/2"}],"replies":[{"embeddable":true,"href":"https:\/\/www.psi-polymersystems.com\/de\/wp-json\/wp\/v2\/comments?post=6076"}],"version-history":[{"count":0,"href":"https:\/\/www.psi-polymersystems.com\/de\/wp-json\/wp\/v2\/pages\/6076\/revisions"}],"up":[{"embeddable":true,"href":"https:\/\/www.psi-polymersystems.com\/de\/wp-json\/wp\/v2\/pages\/5833"}],"wp:attachment":[{"href":"https:\/\/www.psi-polymersystems.com\/de\/wp-json\/wp\/v2\/media?parent=6076"}],"curies":[{"name":"wp","href":"https:\/\/api.w.org\/{rel}","templated":true}]}}