{"id":6083,"date":"2020-09-23T17:41:07","date_gmt":"2020-09-23T17:41:07","guid":{"rendered":"https:\/\/psi-polymersystems.com\/?page_id=6083"},"modified":"2020-09-23T17:43:30","modified_gmt":"2020-09-23T17:43:30","slug":"psi-polymer-systems-inc-enters-its-tenth-year-serving-the-plastics-industry-conover-nc-april-29-2010","status":"publish","type":"page","link":"https:\/\/www.psi-polymersystems.com\/de\/about-us\/press-releases\/psi-polymer-systems-inc-enters-its-tenth-year-serving-the-plastics-industry-conover-nc-april-29-2010\/","title":{"rendered":"PSI-Polymer Systems, Inc. tritt in sein zehntes Jahr im Dienste der Kunststoffindustrie ein Conover, NC (29. April 2010)"},"content":{"rendered":"<div data-elementor-type=\"wp-page\" data-elementor-id=\"6083\" class=\"elementor elementor-6083\" data-elementor-post-type=\"page\">\n\t\t\t\t\t\t<section class=\"elementor-section elementor-top-section elementor-element elementor-element-7dd2f5c5 elementor-section-boxed elementor-section-height-default elementor-section-height-default\" data-id=\"7dd2f5c5\" data-element_type=\"section\" data-e-type=\"section\">\n\t\t\t\t\t\t<div class=\"elementor-container elementor-column-gap-default\">\n\t\t\t\t\t<div class=\"elementor-column elementor-col-50 elementor-top-column elementor-element elementor-element-7e0b8964\" data-id=\"7e0b8964\" data-element_type=\"column\" data-e-type=\"column\">\n\t\t\t<div class=\"elementor-widget-wrap elementor-element-populated\">\n\t\t\t\t\t\t<div class=\"elementor-element elementor-element-1ebd8ddc elementor-widget elementor-widget-heading\" data-id=\"1ebd8ddc\" data-element_type=\"widget\" data-e-type=\"widget\" data-widget_type=\"heading.default\">\n\t\t\t\t<div class=\"elementor-widget-container\">\n\t\t\t\t\t<h2 class=\"elementor-heading-title elementor-size-default\">PSI-Polymer Systems, Inc. tritt in sein zehntes Jahr im Dienste der Kunststoffindustrie ein Conover, NC (29. April 2010)<\/h2>\t\t\t\t<\/div>\n\t\t\t\t<\/div>\n\t\t\t\t<div class=\"elementor-element elementor-element-67d06ef1 elementor-widget elementor-widget-text-editor\" data-id=\"67d06ef1\" data-element_type=\"widget\" data-e-type=\"widget\" data-widget_type=\"text-editor.default\">\n\t\t\t\t<div class=\"elementor-widget-container\">\n\t\t\t\t\t\t\t\t\t<p>Entlassungen und hohe Arbeitslosigkeit. Unternehmen gehen aus dem Gesch\u00e4ft. Eine Kreditklemme. Ja, das Jahr 2000 war eine sehr schwierige Zeit, um ein Unternehmen zu gr\u00fcnden.<\/p><p>Doch genau das tat Glenn Woodcock vor 10 Jahren. Am 1. Februar 2000 nahm PSI-Polymer Systems Inc. in Hickory, North Carolina, den Betrieb auf. Und es war eine enorme Herausforderung, Ums\u00e4tze in einer Wirtschaftskrise zu generieren, die laut Woodcock genauso schlimm war wie die gro\u00dfe Rezession von 2009.<\/p><p>\u201eDas erste Jahr war hart\u201c, erinnert sich Woodcock. \u201eDie Menschen neigen dazu zu vergessen, dass es im Jahr 2000 ernsthafte wirtschaftliche Probleme und einen Gesch\u00e4ftsabschwung gab, der in vielerlei Hinsicht schwerwiegender war als das, was wir in den letzten Jahren erlebt haben.\u201c<\/p><p>PSI ist in den letzten 10 Jahren kontinuierlich gewachsen und beweist einmal mehr, dass aus schlechten Zeiten auch Gutes kommen kann. Seit dem Aufstehen aus dieser konjunkturellen Flaute von 2000-2001 hat PSI die Branche in dieser Zeit mit weit \u00fcber 1.000 System-\/Ausr\u00fcstungspaketen beliefert und zeigt keine Anzeichen einer Verlangsamung.<\/p><p><span style=\"text-decoration: underline;\">\u201eDream Team\u201c von Extrusionstechnik-Experten<\/span><\/p><p>Woodcock, ein Veteran der Kunststoffindustrie, gr\u00fcndete PSI im Jahr 2000, indem er ein \u201eDream Team\u201c aus bekannten Akteuren bildete, darunter die wichtigsten Gesch\u00e4ftspartner Steve Fox (Pr\u00e4sident\/Gr\u00fcnder der Normag Corporation) und Bart Jones (Pr\u00e4sident\/Gr\u00fcnder der Extek Corporation). ).<\/p><p>\u201eWir haben unsere Erfahrung mit Extrusionszahnradpumpen und Schmelzfiltrationsprodukten kombiniert\u201c, sagte er. \u201eDie Industrie suchte nach alternativen Lieferanten, und wir hatten alle einen guten Hintergrund im Kunststoffbereich. Steve und Bart galten als Branchenexperten f\u00fcr Zahnradpumpen bzw. Siebwechsler. Also haben wir unsere Expertise zusammengef\u00fchrt und uns an die Arbeit gemacht.\u201c<\/p><p><span style=\"text-decoration: underline;\">Ein besseres Gesch\u00e4ftsmodell<\/span><\/p><p>Es war von Anfang an klar, dass PSI kein klassischer Kunststoffzulieferer ist. \u201eSteve und Bart haben einige seltsame Blicke auf sich gezogen, als sie ihre Visitenkarten verteilt haben\u201c, sagte Woodcock. Statt traditioneller Titel wie \u201eVice President\u201c oder \u201eSales Manager\u201c stand auf den Karten von Fox und Jones \u201eThe Gear Pump Man\u201c und \u201eThe Screen Changer Man\u201c. &quot;Warum nicht?&quot; sagte Waldschnepfe. \u201eJeder in der Branche verband Steve mit Zahnradpumpen und Bart mit Siebwechslern. Wir haben nur versucht, etwas Spa\u00df zu haben.\u201c<\/p><p>Aber es war eine ernste Angelegenheit. Das Unternehmen war von Anfang an bestrebt, ein Gesch\u00e4ftsmodell zu schaffen, das sich von anderen Anbietern von Zubeh\u00f6r f\u00fcr die Kunststoffindustrie unterscheidet. Woodcock hielt es von Anfang an f\u00fcr wichtig, der Branche komplette Systempakete und Ger\u00e4te anzubieten, die die speziellen Prozess- und Anwendungsanforderungen jedes Kunden erf\u00fcllen. Dieser Beratungsansatz machte PSI zu mehr als nur einem weiteren Ausr\u00fcstungslieferanten.<\/p><p>Der Erfolg des Unternehmens zeigte, dass dies ein Gesch\u00e4ftsmodell war, dessen Zeit gekommen war. Der Ansatz von PSI, qualitativ hochwertigen Service mit Value Engineering anzubieten, hat ihnen gute Dienste geleistet. \u201eJede einzelne Aufgabe, die wir \u00fcbernehmen, wird ausgef\u00fchrt, indem wir zuerst die Bed\u00fcrfnisse unserer Kunden verstehen\u201c, sagte Woodcock. \u201eSobald wir dieses Verst\u00e4ndnis haben, k\u00f6nnen wir ihnen das beste Produkt und den besten Service f\u00fcr ihr Geld bieten.\u201c<\/p><p><span style=\"text-decoration: underline;\">In den USA ans\u00e4ssig, im Dienste der Welt<\/span><\/p><p>Vertriebsschwerpunkt von PSI war zun\u00e4chst Nord- und S\u00fcdamerika; Das Unternehmen expandierte jedoch sehr schnell zu einem weltweiten Anbieter. Innerhalb von acht Jahren vergr\u00f6\u00dferten sie ihre Betriebsfl\u00e4che um das Dreifache und zogen im Juni 2009 in ihre derzeitige 50.000 Quadratfu\u00df gro\u00dfe Anlage in Conover, North Carolina. Alle Produkte des Unternehmens werden mit Stolz in den USA am Hauptsitz des Unternehmens hergestellt.<\/p><p>\u201eDa wir unser 10-j\u00e4hriges Bestehen feiern, ist es wichtig, dass wir die Personen ehren, die uns dabei geholfen haben, diesen Punkt zu erreichen, die Mitarbeiter von PSI\u201c, sagte Woodcock. \u201eEin starker Wunsch, die Arbeit genau und p\u00fcnktlich zu erledigen, wird bei jedem einzelnen Projekt von jedem einzelnen Mitarbeiter demonstriert.\u201c<\/p>\t\t\t\t\t\t\t\t<\/div>\n\t\t\t\t<\/div>\n\t\t\t\t\t<\/div>\n\t\t<\/div>\n\t\t\t\t<div class=\"elementor-column elementor-col-50 elementor-top-column elementor-element elementor-element-5b63f18b\" data-id=\"5b63f18b\" data-element_type=\"column\" data-e-type=\"column\">\n\t\t\t<div class=\"elementor-widget-wrap\">\n\t\t\t\t\t\t\t<\/div>\n\t\t<\/div>\n\t\t\t\t\t<\/div>\n\t\t<\/section>\n\t\t\t\t<\/div>","protected":false},"excerpt":{"rendered":"<p>PSI-Polymer Systems, Inc. geht ins zehnte Jahr im Dienste der Kunststoffindustrie Conover, NC (29. April 2010) Entlassungen und hohe Arbeitslosigkeit. Unternehmen gehen aus dem Gesch\u00e4ft. Eine Kreditklemme. Ja, das Jahr 2000 war eine sehr schwierige Zeit, um ein Unternehmen zu gr\u00fcnden. Doch genau das tat Glenn Woodcock vor 10 Jahren. Am 1. Februar 2000 [\u2026]<\/p>","protected":false},"author":2,"featured_media":0,"parent":5833,"menu_order":0,"comment_status":"closed","ping_status":"closed","template":"","meta":{"_monsterinsights_skip_tracking":false,"_monsterinsights_sitenote_active":false,"_monsterinsights_sitenote_note":"","_monsterinsights_sitenote_category":0,"footnotes":""},"class_list":["post-6083","page","type-page","status-publish","hentry"],"yoast_head":"<!-- This site is optimized with the Yoast SEO Premium plugin v25.0 (Yoast SEO v25.0) - https:\/\/yoast.com\/wordpress\/plugins\/seo\/ -->\n<title>PSI-Polymer Systems, Inc. Enters Its Tenth Year Serving The Plastics Industry Conover, NC (April 29, 2010) - PSI-Polymer Systems<\/title>\n<meta name=\"robots\" content=\"index, follow, max-snippet:-1, max-image-preview:large, max-video-preview:-1\" \/>\n<link rel=\"canonical\" href=\"https:\/\/www.psi-polymersystems.com\/de\/about-us\/press-releases\/psi-polymer-systems-inc-enters-its-tenth-year-serving-the-plastics-industry-conover-nc-april-29-2010\/\" \/>\n<meta property=\"og:locale\" content=\"de_DE\" \/>\n<meta property=\"og:type\" content=\"article\" \/>\n<meta property=\"og:title\" content=\"PSI-Polymer Systems, Inc. Enters Its Tenth Year Serving The Plastics Industry Conover, NC (April 29, 2010)\" \/>\n<meta property=\"og:description\" content=\"PSI-Polymer Systems, Inc. Enters It&#039;s Tenth Year Serving The Plastics Industry Conover, NC (April 29, 2010) Layoffs and high unemployment. Companies going\" \/>\n<meta property=\"og:url\" content=\"https:\/\/www.psi-polymersystems.com\/de\/about-us\/press-releases\/psi-polymer-systems-inc-enters-its-tenth-year-serving-the-plastics-industry-conover-nc-april-29-2010\/\" \/>\n<meta property=\"og:site_name\" content=\"PSI-Polymer Systems\" \/>\n<meta property=\"article:publisher\" content=\"https:\/\/www.facebook.com\/psipolymersystems\/\" \/>\n<meta property=\"article:modified_time\" content=\"2020-09-23T17:43:30+00:00\" \/>\n<meta name=\"twitter:card\" content=\"summary_large_image\" \/>\n<meta name=\"twitter:label1\" content=\"Gesch\u00e4tzte Lesezeit\" \/>\n\t<meta name=\"twitter:data1\" content=\"3\u00a0Minuten\" \/>\n<script type=\"application\/ld+json\" class=\"yoast-schema-graph\">{\"@context\":\"https:\/\/schema.org\",\"@graph\":[{\"@type\":\"WebPage\",\"@id\":\"https:\/\/www.psi-polymersystems.com\/es\/about-us\/press-releases\/psi-polymer-systems-inc-enters-its-tenth-year-serving-the-plastics-industry-conover-nc-april-29-2010\/\",\"url\":\"https:\/\/www.psi-polymersystems.com\/es\/about-us\/press-releases\/psi-polymer-systems-inc-enters-its-tenth-year-serving-the-plastics-industry-conover-nc-april-29-2010\/\",\"name\":\"PSI-Polymer Systems, Inc. Enters Its Tenth Year Serving The Plastics Industry Conover, NC (April 29, 2010) - PSI-Polymer Systems\",\"isPartOf\":{\"@id\":\"https:\/\/www.psi-polymersystems.com\/#website\"},\"datePublished\":\"2020-09-23T17:41:07+00:00\",\"dateModified\":\"2020-09-23T17:43:30+00:00\",\"breadcrumb\":{\"@id\":\"https:\/\/www.psi-polymersystems.com\/es\/about-us\/press-releases\/psi-polymer-systems-inc-enters-its-tenth-year-serving-the-plastics-industry-conover-nc-april-29-2010\/#breadcrumb\"},\"inLanguage\":\"de\",\"potentialAction\":[{\"@type\":\"ReadAction\",\"target\":[\"https:\/\/www.psi-polymersystems.com\/es\/about-us\/press-releases\/psi-polymer-systems-inc-enters-its-tenth-year-serving-the-plastics-industry-conover-nc-april-29-2010\/\"]}]},{\"@type\":\"BreadcrumbList\",\"@id\":\"https:\/\/www.psi-polymersystems.com\/es\/about-us\/press-releases\/psi-polymer-systems-inc-enters-its-tenth-year-serving-the-plastics-industry-conover-nc-april-29-2010\/#breadcrumb\",\"itemListElement\":[{\"@type\":\"ListItem\",\"position\":1,\"name\":\"Home\",\"item\":\"https:\/\/www.psi-polymersystems.com\/\"},{\"@type\":\"ListItem\",\"position\":2,\"name\":\"About Us\",\"item\":\"https:\/\/www.psi-polymersystems.com\/about-us\/\"},{\"@type\":\"ListItem\",\"position\":3,\"name\":\"Press Releases\",\"item\":\"https:\/\/www.psi-polymersystems.com\/about-us\/press-releases\/\"},{\"@type\":\"ListItem\",\"position\":4,\"name\":\"PSI-Polymer Systems, Inc. Enters Its Tenth Year Serving The Plastics Industry Conover, NC (April 29, 2010)\"}]},{\"@type\":\"WebSite\",\"@id\":\"https:\/\/www.psi-polymersystems.com\/#website\",\"url\":\"https:\/\/www.psi-polymersystems.com\/\",\"name\":\"PSI-Polymer Systems\",\"description\":\"\",\"publisher\":{\"@id\":\"https:\/\/www.psi-polymersystems.com\/#organization\"},\"potentialAction\":[{\"@type\":\"SearchAction\",\"target\":{\"@type\":\"EntryPoint\",\"urlTemplate\":\"https:\/\/www.psi-polymersystems.com\/?s={search_term_string}\"},\"query-input\":{\"@type\":\"PropertyValueSpecification\",\"valueRequired\":true,\"valueName\":\"search_term_string\"}}],\"inLanguage\":\"de\"},{\"@type\":\"Organization\",\"@id\":\"https:\/\/www.psi-polymersystems.com\/#organization\",\"name\":\"PSI-Polymer Systems, Inc.\",\"url\":\"https:\/\/www.psi-polymersystems.com\/\",\"logo\":{\"@type\":\"ImageObject\",\"inLanguage\":\"de\",\"@id\":\"https:\/\/www.psi-polymersystems.com\/#\/schema\/logo\/image\/\",\"url\":\"\",\"contentUrl\":\"\",\"caption\":\"PSI-Polymer Systems, Inc.\"},\"image\":{\"@id\":\"https:\/\/www.psi-polymersystems.com\/#\/schema\/logo\/image\/\"},\"sameAs\":[\"https:\/\/www.facebook.com\/psipolymersystems\/\",\"https:\/\/www.linkedin.com\/showcase\/psi-polymer-systems\"]}]}<\/script>\n<!-- \/ Yoast SEO Premium plugin. -->","yoast_head_json":{"title":"PSI-Polymer Systems, Inc. Enters Its Tenth Year Serving The Plastics Industry Conover, NC (April 29, 2010) - PSI-Polymer Systems","robots":{"index":"index","follow":"follow","max-snippet":"max-snippet:-1","max-image-preview":"max-image-preview:large","max-video-preview":"max-video-preview:-1"},"canonical":"https:\/\/www.psi-polymersystems.com\/de\/about-us\/press-releases\/psi-polymer-systems-inc-enters-its-tenth-year-serving-the-plastics-industry-conover-nc-april-29-2010\/","og_locale":"de_DE","og_type":"article","og_title":"PSI-Polymer Systems, Inc. Enters Its Tenth Year Serving The Plastics Industry Conover, NC (April 29, 2010)","og_description":"PSI-Polymer Systems, Inc. Enters It's Tenth Year Serving The Plastics Industry Conover, NC (April 29, 2010) Layoffs and high unemployment. Companies going","og_url":"https:\/\/www.psi-polymersystems.com\/de\/about-us\/press-releases\/psi-polymer-systems-inc-enters-its-tenth-year-serving-the-plastics-industry-conover-nc-april-29-2010\/","og_site_name":"PSI-Polymer Systems","article_publisher":"https:\/\/www.facebook.com\/psipolymersystems\/","article_modified_time":"2020-09-23T17:43:30+00:00","twitter_card":"summary_large_image","twitter_misc":{"Gesch\u00e4tzte Lesezeit":"3\u00a0Minuten"},"schema":{"@context":"https:\/\/schema.org","@graph":[{"@type":"WebPage","@id":"https:\/\/www.psi-polymersystems.com\/es\/about-us\/press-releases\/psi-polymer-systems-inc-enters-its-tenth-year-serving-the-plastics-industry-conover-nc-april-29-2010\/","url":"https:\/\/www.psi-polymersystems.com\/es\/about-us\/press-releases\/psi-polymer-systems-inc-enters-its-tenth-year-serving-the-plastics-industry-conover-nc-april-29-2010\/","name":"PSI-Polymer Systems, Inc. Enters Its Tenth Year Serving The Plastics Industry Conover, NC (April 29, 2010) - PSI-Polymer Systems","isPartOf":{"@id":"https:\/\/www.psi-polymersystems.com\/#website"},"datePublished":"2020-09-23T17:41:07+00:00","dateModified":"2020-09-23T17:43:30+00:00","breadcrumb":{"@id":"https:\/\/www.psi-polymersystems.com\/es\/about-us\/press-releases\/psi-polymer-systems-inc-enters-its-tenth-year-serving-the-plastics-industry-conover-nc-april-29-2010\/#breadcrumb"},"inLanguage":"de","potentialAction":[{"@type":"ReadAction","target":["https:\/\/www.psi-polymersystems.com\/es\/about-us\/press-releases\/psi-polymer-systems-inc-enters-its-tenth-year-serving-the-plastics-industry-conover-nc-april-29-2010\/"]}]},{"@type":"BreadcrumbList","@id":"https:\/\/www.psi-polymersystems.com\/es\/about-us\/press-releases\/psi-polymer-systems-inc-enters-its-tenth-year-serving-the-plastics-industry-conover-nc-april-29-2010\/#breadcrumb","itemListElement":[{"@type":"ListItem","position":1,"name":"Home","item":"https:\/\/www.psi-polymersystems.com\/"},{"@type":"ListItem","position":2,"name":"About Us","item":"https:\/\/www.psi-polymersystems.com\/about-us\/"},{"@type":"ListItem","position":3,"name":"Press Releases","item":"https:\/\/www.psi-polymersystems.com\/about-us\/press-releases\/"},{"@type":"ListItem","position":4,"name":"PSI-Polymer Systems, Inc. Enters Its Tenth Year Serving The Plastics Industry Conover, NC (April 29, 2010)"}]},{"@type":"WebSite","@id":"https:\/\/www.psi-polymersystems.com\/#website","url":"https:\/\/www.psi-polymersystems.com\/","name":"PSI-Polymer Systems","description":"","publisher":{"@id":"https:\/\/www.psi-polymersystems.com\/#organization"},"potentialAction":[{"@type":"SearchAction","target":{"@type":"EntryPoint","urlTemplate":"https:\/\/www.psi-polymersystems.com\/?s={search_term_string}"},"query-input":{"@type":"PropertyValueSpecification","valueRequired":true,"valueName":"search_term_string"}}],"inLanguage":"de"},{"@type":"Organization","@id":"https:\/\/www.psi-polymersystems.com\/#organization","name":"PSI-Polymer Systems, Inc.","url":"https:\/\/www.psi-polymersystems.com\/","logo":{"@type":"ImageObject","inLanguage":"de","@id":"https:\/\/www.psi-polymersystems.com\/#\/schema\/logo\/image\/","url":"","contentUrl":"","caption":"PSI-Polymer Systems, Inc."},"image":{"@id":"https:\/\/www.psi-polymersystems.com\/#\/schema\/logo\/image\/"},"sameAs":["https:\/\/www.facebook.com\/psipolymersystems\/","https:\/\/www.linkedin.com\/showcase\/psi-polymer-systems"]}]}},"_links":{"self":[{"href":"https:\/\/www.psi-polymersystems.com\/de\/wp-json\/wp\/v2\/pages\/6083","targetHints":{"allow":["GET"]}}],"collection":[{"href":"https:\/\/www.psi-polymersystems.com\/de\/wp-json\/wp\/v2\/pages"}],"about":[{"href":"https:\/\/www.psi-polymersystems.com\/de\/wp-json\/wp\/v2\/types\/page"}],"author":[{"embeddable":true,"href":"https:\/\/www.psi-polymersystems.com\/de\/wp-json\/wp\/v2\/users\/2"}],"replies":[{"embeddable":true,"href":"https:\/\/www.psi-polymersystems.com\/de\/wp-json\/wp\/v2\/comments?post=6083"}],"version-history":[{"count":0,"href":"https:\/\/www.psi-polymersystems.com\/de\/wp-json\/wp\/v2\/pages\/6083\/revisions"}],"up":[{"embeddable":true,"href":"https:\/\/www.psi-polymersystems.com\/de\/wp-json\/wp\/v2\/pages\/5833"}],"wp:attachment":[{"href":"https:\/\/www.psi-polymersystems.com\/de\/wp-json\/wp\/v2\/media?parent=6083"}],"curies":[{"name":"wp","href":"https:\/\/api.w.org\/{rel}","templated":true}]}}