{"id":6088,"date":"2020-09-23T17:46:17","date_gmt":"2020-09-23T17:46:17","guid":{"rendered":"https:\/\/psi-polymersystems.com\/?page_id=6088"},"modified":"2020-09-23T17:47:19","modified_gmt":"2020-09-23T17:47:19","slug":"psi-polymer-systems-inc-completes-move-to-new-facility-conover-nc-june-8-2009","status":"publish","type":"page","link":"https:\/\/www.psi-polymersystems.com\/de\/about-us\/press-releases\/psi-polymer-systems-inc-completes-move-to-new-facility-conover-nc-june-8-2009\/","title":{"rendered":"PSI-Polymer Systems, Inc. schlie\u00dft Umzug in neues Werk ab Conover, NC (8. Juni 2009)"},"content":{"rendered":"<div data-elementor-type=\"wp-page\" data-elementor-id=\"6088\" class=\"elementor elementor-6088\" data-elementor-post-type=\"page\">\n\t\t\t\t\t\t<section class=\"elementor-section elementor-top-section elementor-element elementor-element-7674f341 elementor-section-boxed elementor-section-height-default elementor-section-height-default\" data-id=\"7674f341\" data-element_type=\"section\" data-e-type=\"section\">\n\t\t\t\t\t\t<div class=\"elementor-container elementor-column-gap-default\">\n\t\t\t\t\t<div class=\"elementor-column elementor-col-50 elementor-top-column elementor-element elementor-element-7c3aa1d\" data-id=\"7c3aa1d\" data-element_type=\"column\" data-e-type=\"column\">\n\t\t\t<div class=\"elementor-widget-wrap elementor-element-populated\">\n\t\t\t\t\t\t<div class=\"elementor-element elementor-element-6410b01f elementor-widget elementor-widget-heading\" data-id=\"6410b01f\" data-element_type=\"widget\" data-e-type=\"widget\" data-widget_type=\"heading.default\">\n\t\t\t\t<div class=\"elementor-widget-container\">\n\t\t\t\t\t<h2 class=\"elementor-heading-title elementor-size-default\">PSI-Polymer Systems, Inc. schlie\u00dft Umzug in neues Werk ab Conover, NC (8. Juni 2009)<\/h2>\t\t\t\t<\/div>\n\t\t\t\t<\/div>\n\t\t\t\t<div class=\"elementor-element elementor-element-73dda22f elementor-widget elementor-widget-text-editor\" data-id=\"73dda22f\" data-element_type=\"widget\" data-e-type=\"widget\" data-widget_type=\"text-editor.default\">\n\t\t\t\t<div class=\"elementor-widget-container\">\n\t\t\t\t\t\t\t\t\t<p>PSI-Polymer Systems Inc. hat bekannt gegeben, dass es seinen Umzug in ein v\u00f6llig neues Werk in Conover, North Carolina, abgeschlossen hat. Das neue Geb\u00e4ude ist etwa 8 Meilen vom fr\u00fcheren Standort des Unternehmens in Hickory entfernt und verf\u00fcgt \u00fcber eine Grundfl\u00e4che von 45.000 ft\u00b2, dreimal mehr Fl\u00e4che als PSI an seinem alten Standort hatte.<\/p><p>PSI plant, die zus\u00e4tzlichen Fl\u00e4chen zu nutzen, um sein Serviceangebot f\u00fcr Kunden zu erweitern, und wird auch zus\u00e4tzliche Ersatzteile vorr\u00e4tig haben. Dar\u00fcber hinaus f\u00fcgt PSI zahlreiche neue Werkzeugmaschinen hinzu, um die Fertigungs- und Reparaturkapazit\u00e4ten des Unternehmens zu verbessern.<\/p><p>Das Unternehmen, das Zahnradpumpen, Siebwechsler und andere Hilfsger\u00e4te f\u00fcr die Extrusions-, Polymerverarbeitungs- und Recyclingindustrie liefert, verzeichnet laut Rob Martin, General Manager von PSI, eine steigende Nachfrage nach seinen Reparatur-\/\u00dcberholungsprogrammen. Dies veranlasste das Unternehmen, nach einer neuen Anlage zu suchen, in der es seine Produktionst\u00e4tigkeiten erweitern konnte.<\/p><p>\u201eWir mussten weitere Arbeitsstationen hinzuf\u00fcgen, um unser Produktreparaturgesch\u00e4ft auszubauen und unseren Kunden eine schnellere Abwicklung zu erm\u00f6glichen\u201c, sagte Martin. \u201eKunden m\u00f6chten, dass ihre vorhandene Zusatzausr\u00fcstung in Betrieb und in gutem Zustand bleibt, und das ist zu einem wichtigen Teil unseres Gesch\u00e4fts geworden.\u201c<\/p><p>Ein beliebtes PSI-Serviceprogramm ist das \u201ePump Exchange Program\u201c des Unternehmens, bei dem Kunden ihre gebrauchten Zahnradpumpen gegen eine Gutschrift auf eine neue PSI-Pumpe einsenden k\u00f6nnen. Mit diesem Programm k\u00f6nnen Kunden die Vorteile der neuen PSI-Pumpe genie\u00dfen, bei der es sich um einen \u201eDrop-in\u201c-Ersatz handelt, der h\u00f6here Aussto\u00dfraten, schnellere Inbetriebnahmen, genauere Messger\u00e4tsteuerung und weniger Ausschuss f\u00fcr erhebliche Einsparungen bietet. PSI bietet auch Reparatur-\/\u00dcberholungsprogramme f\u00fcr Zahnradpumpen, Siebwechsler und statische Mischer an, wobei der Schwerpunkt auf Service und Reparatur von Wettbewerbsmarken wie MAAG-, Dynisco- und Normag-Pumpen liegt.<\/p><p>PSI wird auf der bevorstehenden NPE 2009 an Stand #67069 am McCormick Place North ausstellen.<\/p>\t\t\t\t\t\t\t\t<\/div>\n\t\t\t\t<\/div>\n\t\t\t\t\t<\/div>\n\t\t<\/div>\n\t\t\t\t<div class=\"elementor-column elementor-col-50 elementor-top-column elementor-element elementor-element-33a8acc1\" data-id=\"33a8acc1\" data-element_type=\"column\" data-e-type=\"column\">\n\t\t\t<div class=\"elementor-widget-wrap\">\n\t\t\t\t\t\t\t<\/div>\n\t\t<\/div>\n\t\t\t\t\t<\/div>\n\t\t<\/section>\n\t\t\t\t<\/div>","protected":false},"excerpt":{"rendered":"<p>PSI-Polymer Systems, Inc. schlie\u00dft Umzug in neues Werk ab Conover, NC (8. Juni 2009) PSI-Polymer Systems Inc. hat bekannt gegeben, dass es seinen Umzug in ein v\u00f6llig neues Werk in Conover, North Carolina, abgeschlossen hat. Das neue Geb\u00e4ude ist etwa 8 Meilen vom ehemaligen Standort des Unternehmens in Hickory entfernt und verf\u00fcgt \u00fcber eine Grundfl\u00e4che von 45.000 ft\u00b2, dreimal mehr Fl\u00e4che [\u2026]<\/p>","protected":false},"author":2,"featured_media":0,"parent":5833,"menu_order":0,"comment_status":"closed","ping_status":"closed","template":"","meta":{"_monsterinsights_skip_tracking":false,"_monsterinsights_sitenote_active":false,"_monsterinsights_sitenote_note":"","_monsterinsights_sitenote_category":0,"footnotes":""},"class_list":["post-6088","page","type-page","status-publish","hentry"],"yoast_head":"<!-- This site is optimized with the Yoast SEO Premium plugin v25.0 (Yoast SEO v25.0) - https:\/\/yoast.com\/wordpress\/plugins\/seo\/ -->\n<title>PSI-Polymer Systems, Inc. Completes Move To New Facility Conover, NC (June 8, 2009) - PSI-Polymer Systems<\/title>\n<meta name=\"robots\" content=\"index, follow, max-snippet:-1, max-image-preview:large, max-video-preview:-1\" \/>\n<link rel=\"canonical\" href=\"https:\/\/www.psi-polymersystems.com\/de\/about-us\/press-releases\/psi-polymer-systems-inc-completes-move-to-new-facility-conover-nc-june-8-2009\/\" \/>\n<meta property=\"og:locale\" content=\"de_DE\" \/>\n<meta property=\"og:type\" content=\"article\" \/>\n<meta property=\"og:title\" content=\"PSI-Polymer Systems, Inc. Completes Move To New Facility Conover, NC (June 8, 2009)\" \/>\n<meta property=\"og:description\" content=\"PSI-Polymer Systems, Inc. Completes Move To New Facility Conover, NC (June 8, 2009) PSI-Polymer Systems Inc. has announced it has completed its move to an\" \/>\n<meta property=\"og:url\" content=\"https:\/\/www.psi-polymersystems.com\/de\/about-us\/press-releases\/psi-polymer-systems-inc-completes-move-to-new-facility-conover-nc-june-8-2009\/\" \/>\n<meta property=\"og:site_name\" content=\"PSI-Polymer Systems\" \/>\n<meta property=\"article:publisher\" content=\"https:\/\/www.facebook.com\/psipolymersystems\/\" \/>\n<meta property=\"article:modified_time\" content=\"2020-09-23T17:47:19+00:00\" \/>\n<meta name=\"twitter:card\" content=\"summary_large_image\" \/>\n<meta name=\"twitter:label1\" content=\"Gesch\u00e4tzte Lesezeit\" \/>\n\t<meta name=\"twitter:data1\" content=\"2\u00a0Minuten\" \/>\n<script type=\"application\/ld+json\" class=\"yoast-schema-graph\">{\"@context\":\"https:\/\/schema.org\",\"@graph\":[{\"@type\":\"WebPage\",\"@id\":\"https:\/\/www.psi-polymersystems.com\/es\/about-us\/press-releases\/psi-polymer-systems-inc-completes-move-to-new-facility-conover-nc-june-8-2009\/\",\"url\":\"https:\/\/www.psi-polymersystems.com\/es\/about-us\/press-releases\/psi-polymer-systems-inc-completes-move-to-new-facility-conover-nc-june-8-2009\/\",\"name\":\"PSI-Polymer Systems, Inc. Completes Move To New Facility Conover, NC (June 8, 2009) - PSI-Polymer Systems\",\"isPartOf\":{\"@id\":\"https:\/\/www.psi-polymersystems.com\/#website\"},\"datePublished\":\"2020-09-23T17:46:17+00:00\",\"dateModified\":\"2020-09-23T17:47:19+00:00\",\"breadcrumb\":{\"@id\":\"https:\/\/www.psi-polymersystems.com\/es\/about-us\/press-releases\/psi-polymer-systems-inc-completes-move-to-new-facility-conover-nc-june-8-2009\/#breadcrumb\"},\"inLanguage\":\"de\",\"potentialAction\":[{\"@type\":\"ReadAction\",\"target\":[\"https:\/\/www.psi-polymersystems.com\/es\/about-us\/press-releases\/psi-polymer-systems-inc-completes-move-to-new-facility-conover-nc-june-8-2009\/\"]}]},{\"@type\":\"BreadcrumbList\",\"@id\":\"https:\/\/www.psi-polymersystems.com\/es\/about-us\/press-releases\/psi-polymer-systems-inc-completes-move-to-new-facility-conover-nc-june-8-2009\/#breadcrumb\",\"itemListElement\":[{\"@type\":\"ListItem\",\"position\":1,\"name\":\"Home\",\"item\":\"https:\/\/www.psi-polymersystems.com\/\"},{\"@type\":\"ListItem\",\"position\":2,\"name\":\"About Us\",\"item\":\"https:\/\/www.psi-polymersystems.com\/about-us\/\"},{\"@type\":\"ListItem\",\"position\":3,\"name\":\"Press Releases\",\"item\":\"https:\/\/www.psi-polymersystems.com\/about-us\/press-releases\/\"},{\"@type\":\"ListItem\",\"position\":4,\"name\":\"PSI-Polymer Systems, Inc. Completes Move To New Facility Conover, NC (June 8, 2009)\"}]},{\"@type\":\"WebSite\",\"@id\":\"https:\/\/www.psi-polymersystems.com\/#website\",\"url\":\"https:\/\/www.psi-polymersystems.com\/\",\"name\":\"PSI-Polymer Systems\",\"description\":\"\",\"publisher\":{\"@id\":\"https:\/\/www.psi-polymersystems.com\/#organization\"},\"potentialAction\":[{\"@type\":\"SearchAction\",\"target\":{\"@type\":\"EntryPoint\",\"urlTemplate\":\"https:\/\/www.psi-polymersystems.com\/?s={search_term_string}\"},\"query-input\":{\"@type\":\"PropertyValueSpecification\",\"valueRequired\":true,\"valueName\":\"search_term_string\"}}],\"inLanguage\":\"de\"},{\"@type\":\"Organization\",\"@id\":\"https:\/\/www.psi-polymersystems.com\/#organization\",\"name\":\"PSI-Polymer Systems, Inc.\",\"url\":\"https:\/\/www.psi-polymersystems.com\/\",\"logo\":{\"@type\":\"ImageObject\",\"inLanguage\":\"de\",\"@id\":\"https:\/\/www.psi-polymersystems.com\/#\/schema\/logo\/image\/\",\"url\":\"\",\"contentUrl\":\"\",\"caption\":\"PSI-Polymer Systems, Inc.\"},\"image\":{\"@id\":\"https:\/\/www.psi-polymersystems.com\/#\/schema\/logo\/image\/\"},\"sameAs\":[\"https:\/\/www.facebook.com\/psipolymersystems\/\",\"https:\/\/www.linkedin.com\/showcase\/psi-polymer-systems\"]}]}<\/script>\n<!-- \/ Yoast SEO Premium plugin. -->","yoast_head_json":{"title":"PSI-Polymer Systems, Inc. Completes Move To New Facility Conover, NC (June 8, 2009) - PSI-Polymer Systems","robots":{"index":"index","follow":"follow","max-snippet":"max-snippet:-1","max-image-preview":"max-image-preview:large","max-video-preview":"max-video-preview:-1"},"canonical":"https:\/\/www.psi-polymersystems.com\/de\/about-us\/press-releases\/psi-polymer-systems-inc-completes-move-to-new-facility-conover-nc-june-8-2009\/","og_locale":"de_DE","og_type":"article","og_title":"PSI-Polymer Systems, Inc. Completes Move To New Facility Conover, NC (June 8, 2009)","og_description":"PSI-Polymer Systems, Inc. Completes Move To New Facility Conover, NC (June 8, 2009) PSI-Polymer Systems Inc. has announced it has completed its move to an","og_url":"https:\/\/www.psi-polymersystems.com\/de\/about-us\/press-releases\/psi-polymer-systems-inc-completes-move-to-new-facility-conover-nc-june-8-2009\/","og_site_name":"PSI-Polymer Systems","article_publisher":"https:\/\/www.facebook.com\/psipolymersystems\/","article_modified_time":"2020-09-23T17:47:19+00:00","twitter_card":"summary_large_image","twitter_misc":{"Gesch\u00e4tzte Lesezeit":"2\u00a0Minuten"},"schema":{"@context":"https:\/\/schema.org","@graph":[{"@type":"WebPage","@id":"https:\/\/www.psi-polymersystems.com\/es\/about-us\/press-releases\/psi-polymer-systems-inc-completes-move-to-new-facility-conover-nc-june-8-2009\/","url":"https:\/\/www.psi-polymersystems.com\/es\/about-us\/press-releases\/psi-polymer-systems-inc-completes-move-to-new-facility-conover-nc-june-8-2009\/","name":"PSI-Polymer Systems, Inc. Completes Move To New Facility Conover, NC (June 8, 2009) - PSI-Polymer Systems","isPartOf":{"@id":"https:\/\/www.psi-polymersystems.com\/#website"},"datePublished":"2020-09-23T17:46:17+00:00","dateModified":"2020-09-23T17:47:19+00:00","breadcrumb":{"@id":"https:\/\/www.psi-polymersystems.com\/es\/about-us\/press-releases\/psi-polymer-systems-inc-completes-move-to-new-facility-conover-nc-june-8-2009\/#breadcrumb"},"inLanguage":"de","potentialAction":[{"@type":"ReadAction","target":["https:\/\/www.psi-polymersystems.com\/es\/about-us\/press-releases\/psi-polymer-systems-inc-completes-move-to-new-facility-conover-nc-june-8-2009\/"]}]},{"@type":"BreadcrumbList","@id":"https:\/\/www.psi-polymersystems.com\/es\/about-us\/press-releases\/psi-polymer-systems-inc-completes-move-to-new-facility-conover-nc-june-8-2009\/#breadcrumb","itemListElement":[{"@type":"ListItem","position":1,"name":"Home","item":"https:\/\/www.psi-polymersystems.com\/"},{"@type":"ListItem","position":2,"name":"About Us","item":"https:\/\/www.psi-polymersystems.com\/about-us\/"},{"@type":"ListItem","position":3,"name":"Press Releases","item":"https:\/\/www.psi-polymersystems.com\/about-us\/press-releases\/"},{"@type":"ListItem","position":4,"name":"PSI-Polymer Systems, Inc. Completes Move To New Facility Conover, NC (June 8, 2009)"}]},{"@type":"WebSite","@id":"https:\/\/www.psi-polymersystems.com\/#website","url":"https:\/\/www.psi-polymersystems.com\/","name":"PSI-Polymer Systems","description":"","publisher":{"@id":"https:\/\/www.psi-polymersystems.com\/#organization"},"potentialAction":[{"@type":"SearchAction","target":{"@type":"EntryPoint","urlTemplate":"https:\/\/www.psi-polymersystems.com\/?s={search_term_string}"},"query-input":{"@type":"PropertyValueSpecification","valueRequired":true,"valueName":"search_term_string"}}],"inLanguage":"de"},{"@type":"Organization","@id":"https:\/\/www.psi-polymersystems.com\/#organization","name":"PSI-Polymer Systems, Inc.","url":"https:\/\/www.psi-polymersystems.com\/","logo":{"@type":"ImageObject","inLanguage":"de","@id":"https:\/\/www.psi-polymersystems.com\/#\/schema\/logo\/image\/","url":"","contentUrl":"","caption":"PSI-Polymer Systems, Inc."},"image":{"@id":"https:\/\/www.psi-polymersystems.com\/#\/schema\/logo\/image\/"},"sameAs":["https:\/\/www.facebook.com\/psipolymersystems\/","https:\/\/www.linkedin.com\/showcase\/psi-polymer-systems"]}]}},"_links":{"self":[{"href":"https:\/\/www.psi-polymersystems.com\/de\/wp-json\/wp\/v2\/pages\/6088","targetHints":{"allow":["GET"]}}],"collection":[{"href":"https:\/\/www.psi-polymersystems.com\/de\/wp-json\/wp\/v2\/pages"}],"about":[{"href":"https:\/\/www.psi-polymersystems.com\/de\/wp-json\/wp\/v2\/types\/page"}],"author":[{"embeddable":true,"href":"https:\/\/www.psi-polymersystems.com\/de\/wp-json\/wp\/v2\/users\/2"}],"replies":[{"embeddable":true,"href":"https:\/\/www.psi-polymersystems.com\/de\/wp-json\/wp\/v2\/comments?post=6088"}],"version-history":[{"count":0,"href":"https:\/\/www.psi-polymersystems.com\/de\/wp-json\/wp\/v2\/pages\/6088\/revisions"}],"up":[{"embeddable":true,"href":"https:\/\/www.psi-polymersystems.com\/de\/wp-json\/wp\/v2\/pages\/5833"}],"wp:attachment":[{"href":"https:\/\/www.psi-polymersystems.com\/de\/wp-json\/wp\/v2\/media?parent=6088"}],"curies":[{"name":"wp","href":"https:\/\/api.w.org\/{rel}","templated":true}]}}