{"id":8930,"date":"2023-05-05T19:52:51","date_gmt":"2023-05-05T19:52:51","guid":{"rendered":"https:\/\/psi-polymersystems.com\/?page_id=8930"},"modified":"2023-08-14T20:57:55","modified_gmt":"2023-08-14T20:57:55","slug":"heat-exchanger-in-production","status":"publish","type":"page","link":"https:\/\/www.psi-polymersystems.com\/de\/heat-exchanger-in-production\/","title":{"rendered":"W\u00e4rmetauscher in der Produktion"},"content":{"rendered":"<div data-elementor-type=\"wp-page\" data-elementor-id=\"8930\" class=\"elementor elementor-8930\" data-elementor-post-type=\"page\">\n\t\t\t\t\t\t<section class=\"elementor-section elementor-top-section elementor-element elementor-element-5bc9b27 elementor-section-boxed elementor-section-height-default elementor-section-height-default\" data-id=\"5bc9b27\" data-element_type=\"section\" data-e-type=\"section\">\n\t\t\t\t\t\t<div class=\"elementor-container elementor-column-gap-default\">\n\t\t\t\t\t<div class=\"elementor-column elementor-col-100 elementor-top-column elementor-element elementor-element-d2afb5f\" data-id=\"d2afb5f\" data-element_type=\"column\" data-e-type=\"column\">\n\t\t\t<div class=\"elementor-widget-wrap elementor-element-populated\">\n\t\t\t\t\t\t<div class=\"elementor-element elementor-element-100955cc elementor-widget elementor-widget-text-editor\" data-id=\"100955cc\" data-element_type=\"widget\" data-e-type=\"widget\" data-widget_type=\"text-editor.default\">\n\t\t\t\t<div class=\"elementor-widget-container\">\n\t\t\t\t\t\t\t\t\t<h3><span style=\"color: #0693e3;\">W\u00e4rmetauscher in Produktion<\/span><\/h3>\t\t\t\t\t\t\t\t<\/div>\n\t\t\t\t<\/div>\n\t\t\t\t\t<\/div>\n\t\t<\/div>\n\t\t\t\t\t<\/div>\n\t\t<\/section>\n\t\t\t\t<section class=\"elementor-section elementor-top-section elementor-element elementor-element-477e0d21 elementor-section-boxed elementor-section-height-default elementor-section-height-default\" data-id=\"477e0d21\" data-element_type=\"section\" data-e-type=\"section\">\n\t\t\t\t\t\t<div class=\"elementor-container elementor-column-gap-default\">\n\t\t\t\t\t<div class=\"elementor-column elementor-col-100 elementor-top-column elementor-element elementor-element-3b992f45\" data-id=\"3b992f45\" data-element_type=\"column\" data-e-type=\"column\">\n\t\t\t<div class=\"elementor-widget-wrap elementor-element-populated\">\n\t\t\t\t\t\t<div class=\"elementor-element elementor-element-4ed37d3 elementor-widget elementor-widget-gallery\" data-id=\"4ed37d3\" data-element_type=\"widget\" data-e-type=\"widget\" data-settings=\"{&quot;lazyload&quot;:&quot;yes&quot;,&quot;gallery_layout&quot;:&quot;grid&quot;,&quot;columns&quot;:4,&quot;columns_tablet&quot;:2,&quot;columns_mobile&quot;:1,&quot;gap&quot;:{&quot;unit&quot;:&quot;px&quot;,&quot;size&quot;:10,&quot;sizes&quot;:[]},&quot;gap_tablet&quot;:{&quot;unit&quot;:&quot;px&quot;,&quot;size&quot;:10,&quot;sizes&quot;:[]},&quot;gap_mobile&quot;:{&quot;unit&quot;:&quot;px&quot;,&quot;size&quot;:10,&quot;sizes&quot;:[]},&quot;link_to&quot;:&quot;file&quot;,&quot;aspect_ratio&quot;:&quot;3:2&quot;,&quot;overlay_background&quot;:&quot;yes&quot;,&quot;content_hover_animation&quot;:&quot;fade-in&quot;}\" data-widget_type=\"gallery.default\">\n\t\t\t\t<div class=\"elementor-widget-container\">\n\t\t\t\t\t\t\t<div class=\"elementor-gallery__container\">\n\t\t\t\t\t\t\t<a class=\"e-gallery-item elementor-gallery-item elementor-animated-content\" href=\"https:\/\/www.psi-polymersystems.com\/wp-content\/uploads\/2023\/05\/01-PSI-H.Ex_Tube-with-element-1.gif\" data-elementor-open-lightbox=\"yes\" data-elementor-lightbox-slideshow=\"4ed37d3\" data-elementor-lightbox-title=\"01 PSI H.Ex_Tube with element 1\" data-e-action-hash=\"#elementor-action%3Aaction%3Dlightbox%26settings%3DeyJpZCI6ODkzMiwidXJsIjoiaHR0cHM6XC9cL3d3dy5wc2ktcG9seW1lcnN5c3RlbXMuY29tXC93cC1jb250ZW50XC91cGxvYWRzXC8yMDIzXC8wNVwvMDEtUFNJLUguRXhfVHViZS13aXRoLWVsZW1lbnQtMS5naWYiLCJzbGlkZXNob3ciOiI0ZWQzN2QzIn0%3D\">\n\t\t\t\t\t<div class=\"e-gallery-image elementor-gallery-item__image\" data-thumbnail=\"https:\/\/www.psi-polymersystems.com\/wp-content\/uploads\/2023\/05\/01-PSI-H.Ex_Tube-with-element-1-300x266.gif\" data-width=\"300\" data-height=\"266\" aria-label=\"\" role=\"img\" ><\/div>\n\t\t\t\t\t\t\t\t\t\t\t<div class=\"elementor-gallery-item__overlay\"><\/div>\n\t\t\t\t\t\t\t\t\t\t\t\t\t\t<\/a>\n\t\t\t\t\t\t\t<a class=\"e-gallery-item elementor-gallery-item elementor-animated-content\" href=\"https:\/\/www.psi-polymersystems.com\/wp-content\/uploads\/2023\/05\/02-PSI-H.Ex_Tube-with-element-2.gif\" data-elementor-open-lightbox=\"yes\" data-elementor-lightbox-slideshow=\"4ed37d3\" data-elementor-lightbox-title=\"02 PSI H.Ex_Tube with element 2\" data-e-action-hash=\"#elementor-action%3Aaction%3Dlightbox%26settings%3DeyJpZCI6ODkzMywidXJsIjoiaHR0cHM6XC9cL3d3dy5wc2ktcG9seW1lcnN5c3RlbXMuY29tXC93cC1jb250ZW50XC91cGxvYWRzXC8yMDIzXC8wNVwvMDItUFNJLUguRXhfVHViZS13aXRoLWVsZW1lbnQtMi5naWYiLCJzbGlkZXNob3ciOiI0ZWQzN2QzIn0%3D\">\n\t\t\t\t\t<div class=\"e-gallery-image elementor-gallery-item__image\" data-thumbnail=\"https:\/\/www.psi-polymersystems.com\/wp-content\/uploads\/2023\/05\/02-PSI-H.Ex_Tube-with-element-2-300x235.gif\" data-width=\"300\" data-height=\"235\" aria-label=\"\" role=\"img\" ><\/div>\n\t\t\t\t\t\t\t\t\t\t\t<div class=\"elementor-gallery-item__overlay\"><\/div>\n\t\t\t\t\t\t\t\t\t\t\t\t\t\t<\/a>\n\t\t\t\t\t\t\t<a class=\"e-gallery-item elementor-gallery-item elementor-animated-content\" href=\"https:\/\/www.psi-polymersystems.com\/wp-content\/uploads\/2023\/05\/08-PSI-H.Ex-20230210_135724499.jpg\" data-elementor-open-lightbox=\"yes\" data-elementor-lightbox-slideshow=\"4ed37d3\" data-elementor-lightbox-title=\"08 PSI H.Ex 20230210_135724499\" data-e-action-hash=\"#elementor-action%3Aaction%3Dlightbox%26settings%3DeyJpZCI6ODkzOSwidXJsIjoiaHR0cHM6XC9cL3d3dy5wc2ktcG9seW1lcnN5c3RlbXMuY29tXC93cC1jb250ZW50XC91cGxvYWRzXC8yMDIzXC8wNVwvMDgtUFNJLUguRXgtMjAyMzAyMTBfMTM1NzI0NDk5LmpwZyIsInNsaWRlc2hvdyI6IjRlZDM3ZDMifQ%3D%3D\">\n\t\t\t\t\t<div class=\"e-gallery-image elementor-gallery-item__image\" data-thumbnail=\"https:\/\/www.psi-polymersystems.com\/wp-content\/uploads\/2023\/05\/08-PSI-H.Ex-20230210_135724499-300x225.jpg\" data-width=\"300\" data-height=\"225\" aria-label=\"\" role=\"img\" ><\/div>\n\t\t\t\t\t\t\t\t\t\t\t<div class=\"elementor-gallery-item__overlay\"><\/div>\n\t\t\t\t\t\t\t\t\t\t\t\t\t\t<\/a>\n\t\t\t\t\t\t\t<a class=\"e-gallery-item elementor-gallery-item elementor-animated-content\" href=\"https:\/\/www.psi-polymersystems.com\/wp-content\/uploads\/2023\/05\/07-PSI-H.Ex-20230210_135706984_01.png\" data-elementor-open-lightbox=\"yes\" data-elementor-lightbox-slideshow=\"4ed37d3\" data-elementor-lightbox-title=\"07 PSI H.Ex 20230210_135706984_01\" data-e-action-hash=\"#elementor-action%3Aaction%3Dlightbox%26settings%3DeyJpZCI6ODkzOCwidXJsIjoiaHR0cHM6XC9cL3d3dy5wc2ktcG9seW1lcnN5c3RlbXMuY29tXC93cC1jb250ZW50XC91cGxvYWRzXC8yMDIzXC8wNVwvMDctUFNJLUguRXgtMjAyMzAyMTBfMTM1NzA2OTg0XzAxLnBuZyIsInNsaWRlc2hvdyI6IjRlZDM3ZDMifQ%3D%3D\">\n\t\t\t\t\t<div class=\"e-gallery-image elementor-gallery-item__image\" data-thumbnail=\"https:\/\/www.psi-polymersystems.com\/wp-content\/uploads\/2023\/05\/07-PSI-H.Ex-20230210_135706984_01-225x300.png\" data-width=\"225\" data-height=\"300\" aria-label=\"\" role=\"img\" ><\/div>\n\t\t\t\t\t\t\t\t\t\t\t<div class=\"elementor-gallery-item__overlay\"><\/div>\n\t\t\t\t\t\t\t\t\t\t\t\t\t\t<\/a>\n\t\t\t\t\t\t\t<a class=\"e-gallery-item elementor-gallery-item elementor-animated-content\" href=\"https:\/\/www.psi-polymersystems.com\/wp-content\/uploads\/2023\/05\/06-PSI-H.Ex-20230203_112734727.png\" data-elementor-open-lightbox=\"yes\" data-elementor-lightbox-slideshow=\"4ed37d3\" data-elementor-lightbox-title=\"06 PSI H.Ex 20230203_112734727\" data-e-action-hash=\"#elementor-action%3Aaction%3Dlightbox%26settings%3DeyJpZCI6ODkzNywidXJsIjoiaHR0cHM6XC9cL3d3dy5wc2ktcG9seW1lcnN5c3RlbXMuY29tXC93cC1jb250ZW50XC91cGxvYWRzXC8yMDIzXC8wNVwvMDYtUFNJLUguRXgtMjAyMzAyMDNfMTEyNzM0NzI3LnBuZyIsInNsaWRlc2hvdyI6IjRlZDM3ZDMifQ%3D%3D\">\n\t\t\t\t\t<div class=\"e-gallery-image elementor-gallery-item__image\" data-thumbnail=\"https:\/\/www.psi-polymersystems.com\/wp-content\/uploads\/2023\/05\/06-PSI-H.Ex-20230203_112734727-300x225.png\" data-width=\"300\" data-height=\"225\" aria-label=\"\" role=\"img\" ><\/div>\n\t\t\t\t\t\t\t\t\t\t\t<div class=\"elementor-gallery-item__overlay\"><\/div>\n\t\t\t\t\t\t\t\t\t\t\t\t\t\t<\/a>\n\t\t\t\t\t\t\t<a class=\"e-gallery-item elementor-gallery-item elementor-animated-content\" href=\"https:\/\/www.psi-polymersystems.com\/wp-content\/uploads\/2023\/05\/05-PSI-H.Exchanger.gif\" data-elementor-open-lightbox=\"yes\" data-elementor-lightbox-slideshow=\"4ed37d3\" data-elementor-lightbox-title=\"05 PSI-H.Exchanger\" data-e-action-hash=\"#elementor-action%3Aaction%3Dlightbox%26settings%3DeyJpZCI6ODkzNiwidXJsIjoiaHR0cHM6XC9cL3d3dy5wc2ktcG9seW1lcnN5c3RlbXMuY29tXC93cC1jb250ZW50XC91cGxvYWRzXC8yMDIzXC8wNVwvMDUtUFNJLUguRXhjaGFuZ2VyLmdpZiIsInNsaWRlc2hvdyI6IjRlZDM3ZDMifQ%3D%3D\">\n\t\t\t\t\t<div class=\"e-gallery-image elementor-gallery-item__image\" data-thumbnail=\"https:\/\/www.psi-polymersystems.com\/wp-content\/uploads\/2023\/05\/05-PSI-H.Exchanger-233x300.gif\" data-width=\"233\" data-height=\"300\" aria-label=\"\" role=\"img\" ><\/div>\n\t\t\t\t\t\t\t\t\t\t\t<div class=\"elementor-gallery-item__overlay\"><\/div>\n\t\t\t\t\t\t\t\t\t\t\t\t\t\t<\/a>\n\t\t\t\t\t\t\t<a class=\"e-gallery-item elementor-gallery-item elementor-animated-content\" href=\"https:\/\/www.psi-polymersystems.com\/wp-content\/uploads\/2023\/05\/04-PSI-H.Ex_Assembling-Process.gif\" data-elementor-open-lightbox=\"yes\" data-elementor-lightbox-slideshow=\"4ed37d3\" data-elementor-lightbox-title=\"04 PSI H.Ex_Assembling Process\" data-e-action-hash=\"#elementor-action%3Aaction%3Dlightbox%26settings%3DeyJpZCI6ODkzNSwidXJsIjoiaHR0cHM6XC9cL3d3dy5wc2ktcG9seW1lcnN5c3RlbXMuY29tXC93cC1jb250ZW50XC91cGxvYWRzXC8yMDIzXC8wNVwvMDQtUFNJLUguRXhfQXNzZW1ibGluZy1Qcm9jZXNzLmdpZiIsInNsaWRlc2hvdyI6IjRlZDM3ZDMifQ%3D%3D\">\n\t\t\t\t\t<div class=\"e-gallery-image elementor-gallery-item__image\" data-thumbnail=\"https:\/\/www.psi-polymersystems.com\/wp-content\/uploads\/2023\/05\/04-PSI-H.Ex_Assembling-Process-256x300.gif\" data-width=\"256\" data-height=\"300\" aria-label=\"\" role=\"img\" ><\/div>\n\t\t\t\t\t\t\t\t\t\t\t<div class=\"elementor-gallery-item__overlay\"><\/div>\n\t\t\t\t\t\t\t\t\t\t\t\t\t\t<\/a>\n\t\t\t\t\t\t\t<a class=\"e-gallery-item elementor-gallery-item elementor-animated-content\" href=\"https:\/\/www.psi-polymersystems.com\/wp-content\/uploads\/2023\/05\/03-PSI-H.Ex_Flange-Baffle-et.gif\" data-elementor-open-lightbox=\"yes\" data-elementor-lightbox-slideshow=\"4ed37d3\" data-elementor-lightbox-title=\"03 PSI-H.Ex_Flange,-Baffle,-et\" data-e-action-hash=\"#elementor-action%3Aaction%3Dlightbox%26settings%3DeyJpZCI6ODkzNCwidXJsIjoiaHR0cHM6XC9cL3d3dy5wc2ktcG9seW1lcnN5c3RlbXMuY29tXC93cC1jb250ZW50XC91cGxvYWRzXC8yMDIzXC8wNVwvMDMtUFNJLUguRXhfRmxhbmdlLUJhZmZsZS1ldC5naWYiLCJzbGlkZXNob3ciOiI0ZWQzN2QzIn0%3D\">\n\t\t\t\t\t<div class=\"e-gallery-image elementor-gallery-item__image\" data-thumbnail=\"https:\/\/www.psi-polymersystems.com\/wp-content\/uploads\/2023\/05\/03-PSI-H.Ex_Flange-Baffle-et-300x223.gif\" data-width=\"300\" data-height=\"223\" aria-label=\"\" role=\"img\" ><\/div>\n\t\t\t\t\t\t\t\t\t\t\t<div class=\"elementor-gallery-item__overlay\"><\/div>\n\t\t\t\t\t\t\t\t\t\t\t\t\t\t<\/a>\n\t\t\t\t\t\t\t<a class=\"e-gallery-item elementor-gallery-item elementor-animated-content\" href=\"https:\/\/www.psi-polymersystems.com\/wp-content\/uploads\/2023\/05\/09-PSI-H.Ex-20230210_135724499_01.jpg\" data-elementor-open-lightbox=\"yes\" data-elementor-lightbox-slideshow=\"4ed37d3\" data-elementor-lightbox-title=\"09 PSI H.Ex 20230210_135724499_01\" data-e-action-hash=\"#elementor-action%3Aaction%3Dlightbox%26settings%3DeyJpZCI6ODk0MCwidXJsIjoiaHR0cHM6XC9cL3d3dy5wc2ktcG9seW1lcnN5c3RlbXMuY29tXC93cC1jb250ZW50XC91cGxvYWRzXC8yMDIzXC8wNVwvMDktUFNJLUguRXgtMjAyMzAyMTBfMTM1NzI0NDk5XzAxLmpwZyIsInNsaWRlc2hvdyI6IjRlZDM3ZDMifQ%3D%3D\">\n\t\t\t\t\t<div class=\"e-gallery-image elementor-gallery-item__image\" data-thumbnail=\"https:\/\/www.psi-polymersystems.com\/wp-content\/uploads\/2023\/05\/09-PSI-H.Ex-20230210_135724499_01-225x300.jpg\" data-width=\"225\" data-height=\"300\" aria-label=\"\" role=\"img\" ><\/div>\n\t\t\t\t\t\t\t\t\t\t\t<div class=\"elementor-gallery-item__overlay\"><\/div>\n\t\t\t\t\t\t\t\t\t\t\t\t\t\t<\/a>\n\t\t\t\t\t\t\t<a class=\"e-gallery-item elementor-gallery-item elementor-animated-content\" href=\"https:\/\/www.psi-polymersystems.com\/wp-content\/uploads\/2023\/05\/10-PSI-H.Ex-20230214_071857451_03.jpg\" data-elementor-open-lightbox=\"yes\" data-elementor-lightbox-slideshow=\"4ed37d3\" data-elementor-lightbox-title=\"10 PSI H.Ex 20230214_071857451_03\" data-e-action-hash=\"#elementor-action%3Aaction%3Dlightbox%26settings%3DeyJpZCI6ODk0MSwidXJsIjoiaHR0cHM6XC9cL3d3dy5wc2ktcG9seW1lcnN5c3RlbXMuY29tXC93cC1jb250ZW50XC91cGxvYWRzXC8yMDIzXC8wNVwvMTAtUFNJLUguRXgtMjAyMzAyMTRfMDcxODU3NDUxXzAzLmpwZyIsInNsaWRlc2hvdyI6IjRlZDM3ZDMifQ%3D%3D\">\n\t\t\t\t\t<div class=\"e-gallery-image elementor-gallery-item__image\" data-thumbnail=\"https:\/\/www.psi-polymersystems.com\/wp-content\/uploads\/2023\/05\/10-PSI-H.Ex-20230214_071857451_03-300x207.jpg\" data-width=\"300\" data-height=\"207\" aria-label=\"\" role=\"img\" ><\/div>\n\t\t\t\t\t\t\t\t\t\t\t<div class=\"elementor-gallery-item__overlay\"><\/div>\n\t\t\t\t\t\t\t\t\t\t\t\t\t\t<\/a>\n\t\t\t\t\t\t\t<a class=\"e-gallery-item elementor-gallery-item elementor-animated-content\" href=\"https:\/\/www.psi-polymersystems.com\/wp-content\/uploads\/2023\/05\/11-PSI-H-Ex-IMG_3731-scaled.jpg\" data-elementor-open-lightbox=\"yes\" data-elementor-lightbox-slideshow=\"4ed37d3\" data-elementor-lightbox-title=\"11 PSI H-Ex IMG_3731\" data-e-action-hash=\"#elementor-action%3Aaction%3Dlightbox%26settings%3DeyJpZCI6ODk0MiwidXJsIjoiaHR0cHM6XC9cL3d3dy5wc2ktcG9seW1lcnN5c3RlbXMuY29tXC93cC1jb250ZW50XC91cGxvYWRzXC8yMDIzXC8wNVwvMTEtUFNJLUgtRXgtSU1HXzM3MzEtc2NhbGVkLmpwZyIsInNsaWRlc2hvdyI6IjRlZDM3ZDMifQ%3D%3D\">\n\t\t\t\t\t<div class=\"e-gallery-image elementor-gallery-item__image\" data-thumbnail=\"https:\/\/www.psi-polymersystems.com\/wp-content\/uploads\/2023\/05\/11-PSI-H-Ex-IMG_3731-300x225.jpg\" data-width=\"300\" data-height=\"225\" aria-label=\"\" role=\"img\" ><\/div>\n\t\t\t\t\t\t\t\t\t\t\t<div class=\"elementor-gallery-item__overlay\"><\/div>\n\t\t\t\t\t\t\t\t\t\t\t\t\t\t<\/a>\n\t\t\t\t\t\t\t<a class=\"e-gallery-item elementor-gallery-item elementor-animated-content\" href=\"https:\/\/www.psi-polymersystems.com\/wp-content\/uploads\/2023\/05\/12-PSI-H.Ex-DSC_5162.jpg\" data-elementor-open-lightbox=\"yes\" data-elementor-lightbox-slideshow=\"4ed37d3\" data-elementor-lightbox-title=\"12 PSI H.Ex DSC_5162\" data-e-action-hash=\"#elementor-action%3Aaction%3Dlightbox%26settings%3DeyJpZCI6ODk1MywidXJsIjoiaHR0cHM6XC9cL3d3dy5wc2ktcG9seW1lcnN5c3RlbXMuY29tXC93cC1jb250ZW50XC91cGxvYWRzXC8yMDIzXC8wNVwvMTItUFNJLUguRXgtRFNDXzUxNjIuanBnIiwic2xpZGVzaG93IjoiNGVkMzdkMyJ9\">\n\t\t\t\t\t<div class=\"e-gallery-image elementor-gallery-item__image\" data-thumbnail=\"https:\/\/www.psi-polymersystems.com\/wp-content\/uploads\/2023\/05\/12-PSI-H.Ex-DSC_5162-300x200.jpg\" data-width=\"300\" data-height=\"200\" aria-label=\"\" role=\"img\" ><\/div>\n\t\t\t\t\t\t\t\t\t\t\t<div class=\"elementor-gallery-item__overlay\"><\/div>\n\t\t\t\t\t\t\t\t\t\t\t\t\t\t<\/a>\n\t\t\t\t\t\t\t<a class=\"e-gallery-item elementor-gallery-item elementor-animated-content\" href=\"https:\/\/www.psi-polymersystems.com\/wp-content\/uploads\/2023\/05\/13-DSC_5173-Sngl-scaled.jpg\" data-elementor-open-lightbox=\"yes\" data-elementor-lightbox-slideshow=\"4ed37d3\" data-elementor-lightbox-title=\"13 DSC_5173 Sngl\" data-e-action-hash=\"#elementor-action%3Aaction%3Dlightbox%26settings%3DeyJpZCI6ODk0NCwidXJsIjoiaHR0cHM6XC9cL3d3dy5wc2ktcG9seW1lcnN5c3RlbXMuY29tXC93cC1jb250ZW50XC91cGxvYWRzXC8yMDIzXC8wNVwvMTMtRFNDXzUxNzMtU25nbC1zY2FsZWQuanBnIiwic2xpZGVzaG93IjoiNGVkMzdkMyJ9\">\n\t\t\t\t\t<div class=\"e-gallery-image elementor-gallery-item__image\" data-thumbnail=\"https:\/\/www.psi-polymersystems.com\/wp-content\/uploads\/2023\/05\/13-DSC_5173-Sngl-300x148.jpg\" data-width=\"300\" data-height=\"148\" aria-label=\"\" role=\"img\" ><\/div>\n\t\t\t\t\t\t\t\t\t\t\t<div class=\"elementor-gallery-item__overlay\"><\/div>\n\t\t\t\t\t\t\t\t\t\t\t\t\t\t<\/a>\n\t\t\t\t\t\t\t<a class=\"e-gallery-item elementor-gallery-item elementor-animated-content\" href=\"https:\/\/www.psi-polymersystems.com\/wp-content\/uploads\/2023\/05\/14-IMG_3737-HEX-scaled.jpg\" data-elementor-open-lightbox=\"yes\" data-elementor-lightbox-slideshow=\"4ed37d3\" data-elementor-lightbox-title=\"14 IMG_3737 HEX\" data-e-action-hash=\"#elementor-action%3Aaction%3Dlightbox%26settings%3DeyJpZCI6ODk0NSwidXJsIjoiaHR0cHM6XC9cL3d3dy5wc2ktcG9seW1lcnN5c3RlbXMuY29tXC93cC1jb250ZW50XC91cGxvYWRzXC8yMDIzXC8wNVwvMTQtSU1HXzM3MzctSEVYLXNjYWxlZC5qcGciLCJzbGlkZXNob3ciOiI0ZWQzN2QzIn0%3D\">\n\t\t\t\t\t<div class=\"e-gallery-image elementor-gallery-item__image\" data-thumbnail=\"https:\/\/www.psi-polymersystems.com\/wp-content\/uploads\/2023\/05\/14-IMG_3737-HEX-300x219.jpg\" data-width=\"300\" data-height=\"219\" aria-label=\"\" role=\"img\" ><\/div>\n\t\t\t\t\t\t\t\t\t\t\t<div class=\"elementor-gallery-item__overlay\"><\/div>\n\t\t\t\t\t\t\t\t\t\t\t\t\t\t<\/a>\n\t\t\t\t\t<\/div>\n\t\t\t\t\t<\/div>\n\t\t\t\t<\/div>\n\t\t\t\t<section class=\"elementor-section elementor-inner-section elementor-element elementor-element-c0ac18f elementor-section-boxed elementor-section-height-default elementor-section-height-default\" data-id=\"c0ac18f\" data-element_type=\"section\" data-e-type=\"section\">\n\t\t\t\t\t\t<div class=\"elementor-container elementor-column-gap-default\">\n\t\t\t\t\t<div class=\"elementor-column elementor-col-50 elementor-inner-column elementor-element elementor-element-040e818\" data-id=\"040e818\" data-element_type=\"column\" data-e-type=\"column\">\n\t\t\t<div class=\"elementor-widget-wrap elementor-element-populated\">\n\t\t\t\t\t\t<div class=\"elementor-element elementor-element-5c6f99d elementor-widget elementor-widget-button\" data-id=\"5c6f99d\" data-element_type=\"widget\" data-e-type=\"widget\" data-widget_type=\"button.default\">\n\t\t\t\t<div class=\"elementor-widget-container\">\n\t\t\t\t\t\t\t\t\t<div class=\"elementor-button-wrapper\">\n\t\t\t\t\t<a class=\"elementor-button elementor-button-link elementor-size-sm\" href=\"https:\/\/www.psi-polymersystems.com\/de\/products\/heat-exchanger-melt-cooler\/\">\n\t\t\t\t\t\t<span class=\"elementor-button-content-wrapper\">\n\t\t\t\t\t\t\t\t\t<span class=\"elementor-button-text\">Zur\u00fcck zur Seite \u201eW\u00e4rmetauscher\u201c.<\/span>\n\t\t\t\t\t<\/span>\n\t\t\t\t\t<\/a>\n\t\t\t\t<\/div>\n\t\t\t\t\t\t\t\t<\/div>\n\t\t\t\t<\/div>\n\t\t\t\t\t<\/div>\n\t\t<\/div>\n\t\t\t\t<div class=\"elementor-column elementor-col-50 elementor-inner-column elementor-element elementor-element-1d7cfd4\" data-id=\"1d7cfd4\" data-element_type=\"column\" data-e-type=\"column\">\n\t\t\t<div class=\"elementor-widget-wrap\">\n\t\t\t\t\t\t\t<\/div>\n\t\t<\/div>\n\t\t\t\t\t<\/div>\n\t\t<\/section>\n\t\t\t\t\t<\/div>\n\t\t<\/div>\n\t\t\t\t\t<\/div>\n\t\t<\/section>\n\t\t\t\t<\/div>","protected":false},"excerpt":{"rendered":"<p>W\u00e4rmetauscher in Produktion Zur\u00fcck zur W\u00e4rmetauscher-Seite<\/p>","protected":false},"author":2,"featured_media":0,"parent":0,"menu_order":0,"comment_status":"closed","ping_status":"closed","template":"","meta":{"_monsterinsights_skip_tracking":false,"_monsterinsights_sitenote_active":false,"_monsterinsights_sitenote_note":"","_monsterinsights_sitenote_category":0,"footnotes":""},"class_list":["post-8930","page","type-page","status-publish","hentry"],"yoast_head":"<!-- This site is optimized with the Yoast SEO Premium plugin v25.0 (Yoast SEO v25.0) - https:\/\/yoast.com\/wordpress\/plugins\/seo\/ -->\n<title>Heat Exchanger in production - PSI-Polymer Systems<\/title>\n<meta name=\"robots\" content=\"index, follow, max-snippet:-1, max-image-preview:large, max-video-preview:-1\" \/>\n<link rel=\"canonical\" href=\"https:\/\/www.psi-polymersystems.com\/de\/heat-exchanger-in-production\/\" \/>\n<meta property=\"og:locale\" content=\"de_DE\" \/>\n<meta property=\"og:type\" content=\"article\" \/>\n<meta property=\"og:title\" content=\"Heat Exchanger in production\" \/>\n<meta property=\"og:description\" content=\"Heat Exchanger(s) in production Back to Heat Exchanger\" \/>\n<meta property=\"og:url\" content=\"https:\/\/www.psi-polymersystems.com\/de\/heat-exchanger-in-production\/\" \/>\n<meta property=\"og:site_name\" content=\"PSI-Polymer Systems\" \/>\n<meta property=\"article:publisher\" content=\"https:\/\/www.facebook.com\/psipolymersystems\/\" \/>\n<meta property=\"article:modified_time\" content=\"2023-08-14T20:57:55+00:00\" \/>\n<meta name=\"twitter:card\" content=\"summary_large_image\" \/>\n<meta name=\"twitter:label1\" content=\"Gesch\u00e4tzte Lesezeit\" \/>\n\t<meta name=\"twitter:data1\" content=\"1\u00a0Minute\" \/>\n<script type=\"application\/ld+json\" class=\"yoast-schema-graph\">{\"@context\":\"https:\/\/schema.org\",\"@graph\":[{\"@type\":\"WebPage\",\"@id\":\"https:\/\/www.psi-polymersystems.com\/heat-exchanger-in-production\/\",\"url\":\"https:\/\/www.psi-polymersystems.com\/heat-exchanger-in-production\/\",\"name\":\"Heat Exchanger in production - PSI-Polymer Systems\",\"isPartOf\":{\"@id\":\"https:\/\/www.psi-polymersystems.com\/#website\"},\"datePublished\":\"2023-05-05T19:52:51+00:00\",\"dateModified\":\"2023-08-14T20:57:55+00:00\",\"breadcrumb\":{\"@id\":\"https:\/\/www.psi-polymersystems.com\/heat-exchanger-in-production\/#breadcrumb\"},\"inLanguage\":\"de\",\"potentialAction\":[{\"@type\":\"ReadAction\",\"target\":[\"https:\/\/www.psi-polymersystems.com\/heat-exchanger-in-production\/\"]}]},{\"@type\":\"BreadcrumbList\",\"@id\":\"https:\/\/www.psi-polymersystems.com\/heat-exchanger-in-production\/#breadcrumb\",\"itemListElement\":[{\"@type\":\"ListItem\",\"position\":1,\"name\":\"Home\",\"item\":\"https:\/\/www.psi-polymersystems.com\/\"},{\"@type\":\"ListItem\",\"position\":2,\"name\":\"Heat Exchanger in production\"}]},{\"@type\":\"WebSite\",\"@id\":\"https:\/\/www.psi-polymersystems.com\/#website\",\"url\":\"https:\/\/www.psi-polymersystems.com\/\",\"name\":\"PSI-Polymer Systems\",\"description\":\"\",\"publisher\":{\"@id\":\"https:\/\/www.psi-polymersystems.com\/#organization\"},\"potentialAction\":[{\"@type\":\"SearchAction\",\"target\":{\"@type\":\"EntryPoint\",\"urlTemplate\":\"https:\/\/www.psi-polymersystems.com\/?s={search_term_string}\"},\"query-input\":{\"@type\":\"PropertyValueSpecification\",\"valueRequired\":true,\"valueName\":\"search_term_string\"}}],\"inLanguage\":\"de\"},{\"@type\":\"Organization\",\"@id\":\"https:\/\/www.psi-polymersystems.com\/#organization\",\"name\":\"PSI-Polymer Systems, Inc.\",\"url\":\"https:\/\/www.psi-polymersystems.com\/\",\"logo\":{\"@type\":\"ImageObject\",\"inLanguage\":\"de\",\"@id\":\"https:\/\/www.psi-polymersystems.com\/#\/schema\/logo\/image\/\",\"url\":\"\",\"contentUrl\":\"\",\"caption\":\"PSI-Polymer Systems, Inc.\"},\"image\":{\"@id\":\"https:\/\/www.psi-polymersystems.com\/#\/schema\/logo\/image\/\"},\"sameAs\":[\"https:\/\/www.facebook.com\/psipolymersystems\/\",\"https:\/\/www.linkedin.com\/showcase\/psi-polymer-systems\"]}]}<\/script>\n<!-- \/ Yoast SEO Premium plugin. -->","yoast_head_json":{"title":"Heat Exchanger in production - PSI-Polymer Systems","robots":{"index":"index","follow":"follow","max-snippet":"max-snippet:-1","max-image-preview":"max-image-preview:large","max-video-preview":"max-video-preview:-1"},"canonical":"https:\/\/www.psi-polymersystems.com\/de\/heat-exchanger-in-production\/","og_locale":"de_DE","og_type":"article","og_title":"Heat Exchanger in production","og_description":"Heat Exchanger(s) in production Back to Heat Exchanger","og_url":"https:\/\/www.psi-polymersystems.com\/de\/heat-exchanger-in-production\/","og_site_name":"PSI-Polymer Systems","article_publisher":"https:\/\/www.facebook.com\/psipolymersystems\/","article_modified_time":"2023-08-14T20:57:55+00:00","twitter_card":"summary_large_image","twitter_misc":{"Gesch\u00e4tzte Lesezeit":"1\u00a0Minute"},"schema":{"@context":"https:\/\/schema.org","@graph":[{"@type":"WebPage","@id":"https:\/\/www.psi-polymersystems.com\/heat-exchanger-in-production\/","url":"https:\/\/www.psi-polymersystems.com\/heat-exchanger-in-production\/","name":"Heat Exchanger in production - PSI-Polymer Systems","isPartOf":{"@id":"https:\/\/www.psi-polymersystems.com\/#website"},"datePublished":"2023-05-05T19:52:51+00:00","dateModified":"2023-08-14T20:57:55+00:00","breadcrumb":{"@id":"https:\/\/www.psi-polymersystems.com\/heat-exchanger-in-production\/#breadcrumb"},"inLanguage":"de","potentialAction":[{"@type":"ReadAction","target":["https:\/\/www.psi-polymersystems.com\/heat-exchanger-in-production\/"]}]},{"@type":"BreadcrumbList","@id":"https:\/\/www.psi-polymersystems.com\/heat-exchanger-in-production\/#breadcrumb","itemListElement":[{"@type":"ListItem","position":1,"name":"Home","item":"https:\/\/www.psi-polymersystems.com\/"},{"@type":"ListItem","position":2,"name":"Heat Exchanger in production"}]},{"@type":"WebSite","@id":"https:\/\/www.psi-polymersystems.com\/#website","url":"https:\/\/www.psi-polymersystems.com\/","name":"PSI-Polymer Systems","description":"","publisher":{"@id":"https:\/\/www.psi-polymersystems.com\/#organization"},"potentialAction":[{"@type":"SearchAction","target":{"@type":"EntryPoint","urlTemplate":"https:\/\/www.psi-polymersystems.com\/?s={search_term_string}"},"query-input":{"@type":"PropertyValueSpecification","valueRequired":true,"valueName":"search_term_string"}}],"inLanguage":"de"},{"@type":"Organization","@id":"https:\/\/www.psi-polymersystems.com\/#organization","name":"PSI-Polymer Systems, Inc.","url":"https:\/\/www.psi-polymersystems.com\/","logo":{"@type":"ImageObject","inLanguage":"de","@id":"https:\/\/www.psi-polymersystems.com\/#\/schema\/logo\/image\/","url":"","contentUrl":"","caption":"PSI-Polymer Systems, Inc."},"image":{"@id":"https:\/\/www.psi-polymersystems.com\/#\/schema\/logo\/image\/"},"sameAs":["https:\/\/www.facebook.com\/psipolymersystems\/","https:\/\/www.linkedin.com\/showcase\/psi-polymer-systems"]}]}},"_links":{"self":[{"href":"https:\/\/www.psi-polymersystems.com\/de\/wp-json\/wp\/v2\/pages\/8930","targetHints":{"allow":["GET"]}}],"collection":[{"href":"https:\/\/www.psi-polymersystems.com\/de\/wp-json\/wp\/v2\/pages"}],"about":[{"href":"https:\/\/www.psi-polymersystems.com\/de\/wp-json\/wp\/v2\/types\/page"}],"author":[{"embeddable":true,"href":"https:\/\/www.psi-polymersystems.com\/de\/wp-json\/wp\/v2\/users\/2"}],"replies":[{"embeddable":true,"href":"https:\/\/www.psi-polymersystems.com\/de\/wp-json\/wp\/v2\/comments?post=8930"}],"version-history":[{"count":0,"href":"https:\/\/www.psi-polymersystems.com\/de\/wp-json\/wp\/v2\/pages\/8930\/revisions"}],"wp:attachment":[{"href":"https:\/\/www.psi-polymersystems.com\/de\/wp-json\/wp\/v2\/media?parent=8930"}],"curies":[{"name":"wp","href":"https:\/\/api.w.org\/{rel}","templated":true}]}}