{"id":9549,"date":"2023-09-14T19:32:43","date_gmt":"2023-09-14T19:32:43","guid":{"rendered":"https:\/\/psi-polymersystems.com\/?page_id=9549"},"modified":"2023-09-15T12:04:15","modified_gmt":"2023-09-15T12:04:15","slug":"csc-bf-faq","status":"publish","type":"page","link":"https:\/\/www.psi-polymersystems.com\/de\/csc-bf-faq\/","title":{"rendered":"CSC-BF-FAQ"},"content":{"rendered":"<div data-elementor-type=\"wp-page\" data-elementor-id=\"9549\" class=\"elementor elementor-9549\" data-elementor-post-type=\"page\">\n\t\t\t\t\t\t<section class=\"elementor-section elementor-top-section elementor-element elementor-element-15fe4d9e elementor-section-boxed elementor-section-height-default elementor-section-height-default\" data-id=\"15fe4d9e\" data-element_type=\"section\" data-e-type=\"section\">\n\t\t\t\t\t\t<div class=\"elementor-container elementor-column-gap-default\">\n\t\t\t\t\t<div class=\"elementor-column elementor-col-100 elementor-top-column elementor-element elementor-element-34ec477a\" data-id=\"34ec477a\" data-element_type=\"column\" data-e-type=\"column\">\n\t\t\t<div class=\"elementor-widget-wrap elementor-element-populated\">\n\t\t\t\t\t\t<div class=\"elementor-element elementor-element-5630c18d elementor-widget elementor-widget-text-editor\" data-id=\"5630c18d\" data-element_type=\"widget\" data-e-type=\"widget\" data-widget_type=\"text-editor.default\">\n\t\t\t\t<div class=\"elementor-widget-container\">\n\t\t\t\t\t\t\t\t\t<div><h2 class=\"elementor-heading-title elementor-size-default elementor-inline-editing pen\" style=\"letter-spacing: normal; text-align: left; color: #7a7a7a;\" data-elementor-setting-key=\"title\" data-pen-placeholder=\"Type Here...\">R\u00fccksp\u00fcl-Siebwechsler \u2013 FAQ<\/h2><\/div>\t\t\t\t\t\t\t\t<\/div>\n\t\t\t\t<\/div>\n\t\t\t\t\t<\/div>\n\t\t<\/div>\n\t\t\t\t\t<\/div>\n\t\t<\/section>\n\t\t\t\t<section class=\"elementor-section elementor-top-section elementor-element elementor-element-53be5129 elementor-section-boxed elementor-section-height-default elementor-section-height-default\" data-id=\"53be5129\" data-element_type=\"section\" data-e-type=\"section\">\n\t\t\t\t\t\t<div class=\"elementor-container elementor-column-gap-default\">\n\t\t\t\t\t<div class=\"elementor-column elementor-col-100 elementor-top-column elementor-element elementor-element-74b52735\" data-id=\"74b52735\" data-element_type=\"column\" data-e-type=\"column\">\n\t\t\t<div class=\"elementor-widget-wrap elementor-element-populated\">\n\t\t\t\t\t\t<div class=\"elementor-element elementor-element-a6d3223 elementor-widget elementor-widget-image\" data-id=\"a6d3223\" data-element_type=\"widget\" data-e-type=\"widget\" data-widget_type=\"image.default\">\n\t\t\t\t<div class=\"elementor-widget-container\">\n\t\t\t\t\t\t\t\t\t\t\t\t\t\t\t<img fetchpriority=\"high\" decoding=\"async\" width=\"1024\" height=\"245\" src=\"https:\/\/www.psi-polymersystems.com\/wp-content\/uploads\/2023\/09\/Banner3-Brt-1024x245.jpg\" class=\"attachment-large size-large wp-image-9563\" alt=\"\" srcset=\"https:\/\/www.psi-polymersystems.com\/wp-content\/uploads\/2023\/09\/Banner3-Brt-1024x245.jpg 1024w, https:\/\/www.psi-polymersystems.com\/wp-content\/uploads\/2023\/09\/Banner3-Brt-300x72.jpg 300w, https:\/\/www.psi-polymersystems.com\/wp-content\/uploads\/2023\/09\/Banner3-Brt-768x184.jpg 768w, https:\/\/www.psi-polymersystems.com\/wp-content\/uploads\/2023\/09\/Banner3-Brt-1536x368.jpg 1536w, https:\/\/www.psi-polymersystems.com\/wp-content\/uploads\/2023\/09\/Banner3-Brt-2048x490.jpg 2048w, https:\/\/www.psi-polymersystems.com\/wp-content\/uploads\/2023\/09\/Banner3-Brt-18x4.jpg 18w, https:\/\/www.psi-polymersystems.com\/wp-content\/uploads\/2023\/09\/Banner3-Brt-600x144.jpg 600w\" sizes=\"(max-width: 1024px) 100vw, 1024px\" \/>\t\t\t\t\t\t\t\t\t\t\t\t\t\t\t<\/div>\n\t\t\t\t<\/div>\n\t\t\t\t\t<\/div>\n\t\t<\/div>\n\t\t\t\t\t<\/div>\n\t\t<\/section>\n\t\t\t\t<section class=\"elementor-section elementor-top-section elementor-element elementor-element-334bc742 elementor-section-boxed elementor-section-height-default elementor-section-height-default\" data-id=\"334bc742\" data-element_type=\"section\" data-e-type=\"section\">\n\t\t\t\t\t\t<div class=\"elementor-container elementor-column-gap-default\">\n\t\t\t\t\t<div class=\"elementor-column elementor-col-100 elementor-top-column elementor-element elementor-element-1dfe08bb\" data-id=\"1dfe08bb\" data-element_type=\"column\" data-e-type=\"column\">\n\t\t\t<div class=\"elementor-widget-wrap elementor-element-populated\">\n\t\t\t\t\t\t<div class=\"elementor-element elementor-element-54731ffe elementor-widget elementor-widget-text-editor\" data-id=\"54731ffe\" data-element_type=\"widget\" data-e-type=\"widget\" data-widget_type=\"text-editor.default\">\n\t\t\t\t<div class=\"elementor-widget-container\">\n\t\t\t\t\t\t\t\t\t<h3 style=\"text-align: left;\"><span style=\"color: #0693e3;\"><strong>KONTROLLE<\/strong><\/span><\/h3><h5><b>Woher wei\u00df der Siebwechsler, wann er einen R\u00fccksp\u00fclzyklus einleiten muss?<\/b><\/h5><p style=\"padding-left: 40px;\">Die SPS verwendet einen Drucksollwert f\u00fcr saubere Siebe und einen um +\/- 600 PSI h\u00f6heren Wert, um die Grundeinstellungen festzulegen. Wenn der vorgeschaltete Drucktransmitter den Hochdrucksollwert liest, wird der R\u00fccksp\u00fclzyklus eingeleitet und die SPS f\u00fchrt den R\u00fccksp\u00fclvorgang nacheinander auf allen vier Bildschirmen durch.<\/p><h4><b>Woher wei\u00df ich, wann ich einen Bildschirmwechsel durchf\u00fchren muss?<\/b><\/h4><p style=\"padding-left: 40px;\">Es gibt zwei M\u00f6glichkeiten:<\/p><p style=\"padding-left: 40px;\">Wenn die Anzahl der R\u00fccksp\u00fclungen zunimmt, ist es typisch, dass der Druckwert f\u00fcr das saubere Sieb aufgrund der Ansammlung von Verstopfungen im Siebpaket, die sich unter dem Gegendruck nicht l\u00f6sen, ansteigt. Wenn dies geschieht, wird das Betriebsdruckfenster langsam kleiner und die H\u00e4ufigkeit der R\u00fccksp\u00fclzyklen nimmt zu. Wenn die Zeit zwischen den Zyklen auf einen voreingestellten Wert sinkt, wird ein Alarm ausgel\u00f6st, der den Bediener dazu auffordert, an allen vier Positionen einen Siebwechsel durchzuf\u00fchren.<\/p><p style=\"padding-left: 40px;\">Alternativ verf\u00fcgt die SPS \u00fcber einen Sollwert, der die Anzahl der R\u00fccksp\u00fclzyklen angibt, die durchgef\u00fchrt werden k\u00f6nnen, bevor ein Bildwechsel aufgerufen wird. Wenn in diesem Fall der R\u00fccksp\u00fclzyklus hocheffizient ist und die Frequenz\u00e4nderung nicht so weit abnimmt, dass ein Siebwechselalarm ausgel\u00f6st wird, k\u00f6nnen die Siebe mit der Zeit erm\u00fcden. Durch Experimente kann die maximal akzeptable Anzahl von Zyklen ermittelt werden.<\/p><h4><b>Wo soll ich den Drucksollwert f\u00fcr den Beginn der R\u00fccksp\u00fclung einstellen?<\/b><\/h4><p style=\"padding-left: 40px;\">PSI empfiehlt in der Regel, den R\u00fccksp\u00fcl-Einleitungsdruck etwa 600 PSI h\u00f6her als den Reinsieb-Anfangsdruck einzustellen, je nachdem, mit welchen Dr\u00fccken die Leitung betrieben wird und wie hoch der stromabw\u00e4rtige Druck ist oder sein wird. Stellen Sie sicher, dass der Deltadruck f\u00fcr die Brechplatte 1.500 PSI nicht \u00fcberschreitet.\u00a0<\/p><h4><b>Ist ein nachgeschalteter Druckwandler erforderlich, um die automatische Funktion des R\u00fccksp\u00fcl-Siebwechslers zu betreiben oder auf andere Weise einen Siebwechsel auszul\u00f6sen?<\/b><\/h4><p style=\"padding-left: 40px;\">Die Auto-Funktion <u>nicht<\/u> erfordern einen nachgeschalteten Druckwandler. Eine R\u00fccksp\u00fclung wird nur durch \u00c4nderungen des Vordrucks ausgel\u00f6st.\u00a0<\/p><ul><li style=\"list-style-type: none;\"><ul><li style=\"list-style-type: none;\"><ul><li>Die Anzeige des nachgeschalteten Drucks ist optional, um den Differenzdruck im System anzuzeigen und\/oder einen Alarm auf einen Sollwert auszul\u00f6sen. Es ist wichtig, ungef\u00e4hr zu wissen, wie hoch der Hinterdruck ist, um den richtigen R\u00fccksp\u00fcldruck-Sollwert und die richtigen Eingangsdruckalarme einzustellen. Wenn dies nicht verf\u00fcgbar ist, beginnen Sie mit dem Kopfdruck des sauberen Siebs als Untergrenze des Auto-Funktions-Sollwerts und verwenden Sie die Einstellung, bei der Sieb\u00e4nderungen normalerweise f\u00fcr den oberen Sollwert vorgenommen w\u00fcrden.<\/li><\/ul><\/li><\/ul><\/li><\/ul><h4><strong>Es sieht nicht so aus, als g\u00e4be es an diesem Ger\u00e4t ein nachgeschaltetes Druckmessger\u00e4t.<\/strong><\/h4><p style=\"padding-left: 40px;\">Die SPS bietet die M\u00f6glichkeit, einen nachgeschalteten Drucktransmitter einzubinden, dieser ist jedoch nicht im Lieferumfang enthalten und muss im Rahmen einer Bestellung angegeben werden.\u00a0<\/p><h3>\u00a0<\/h3><h3><span style=\"color: #0693e3;\"><strong>FEHLER<\/strong><\/span><\/h3><p><strong>Am Bedienfeld des Siebwechslers liegen st\u00e4ndig mehrere Fehler vor.<\/strong><\/p><p style=\"padding-left: 80px;\"><strong>Fehlercodes <\/strong>IO-MODUL #6 FEHLT (FATAL) IO-MODUL #5 FEHLT (FATAL) IO-MODUL #4 FEHLT (FATAL) NOT-AUS-RESET ERFORDERLICH (FATAL)<\/p><p style=\"padding-left: 40px;\">Dies kann passieren, nachdem der Not-Aus-Schalter aktiviert wurde. Die Stromversorgung der E\/A-Module erfolgt \u00fcber den \u201eSCD\u201c (Safe DC Power). Wenn also ein Not-Aus aktiviert ist und das Not-Aus-Relais nicht zur\u00fcckgesetzt wurde, werden diese Alarme angezeigt. Deaktivieren Sie den Not-Aus-Schalter und dr\u00fccken Sie die blaue Reset-Taste an der Vorderseite des Bedienfelds, um das Not-Aus-Relais wieder zu aktivieren und die Alarme zu l\u00f6schen.<\/p><h3>\u00a0<\/h3><h3><span style=\"color: #0693e3;\"><strong>CROSSBOLT-BEWEGUNG<\/strong><\/span><\/h3><h4><strong>Jog In bewegt die Bolzen vom Hydraulikzylinder weg. Ich kann die untere Schraube nicht online stellen. Ich dr\u00fccke auf Auto Home und der Riegel geht in die C-Position und stoppt.<\/strong><\/h4><p style=\"padding-left: 40px;\">H\u00f6rt sich an, als w\u00e4ren die Hydraulikschl\u00e4uche falsch angeschlossen oder die \u201eVerkabelung zum Aus-\/Einfahren zwischen der SPS-Schalttafel und der HPU ist falsch.\u201c H\u00f6chstwahrscheinlich sind die Schl\u00e4uche verkehrt herum. In jedem Fall wird das Problem behoben, wenn Sie eines davon austauschen. Stellen Sie sicher, dass sich der obere\/untere Bolzen vom Hydraulikzylinder wegbewegt und sich einf\u00e4hrt.<\/p><p style=\"padding-left: 40px;\">Wenn Sie zum manuellen Bildschirm gehen und Jog In oder Jog Out ausf\u00fchren, bewegt sich das Ger\u00e4t dann in die richtige Richtung? Jog Out ist das Ausfahren des Zylinders, Jog In ist das Einfahren. Egal was passiert, Sie sollten es in der Lage sein, es online zu bringen, indem Sie die untere Schraube hinein- oder herausdrehen, um es in die N\u00e4he der Ausgangs-\/Online-Position zu bringen.<\/p><p style=\"padding-left: 40px;\">\u00a0<\/p><h4><strong>Festsitzender Riegel: Der Querriegel steckt fest und l\u00e4sst sich nicht bewegen.<\/strong><\/h4><p style=\"padding-left: 40px;\">\u00dcberpr\u00fcfen Sie das Hydraulikaggregat (HPU). Wenn kein Druck vorhanden ist, \u00fcberpr\u00fcfen Sie den Fl\u00fcssigkeitsstand (Schauglas), pr\u00fcfen Sie, ob die Pumpe funktioniert, und pr\u00fcfen Sie, ob die Richtungsspulen leuchten.<\/p><p style=\"padding-left: 40px;\">Der Querbolzen muss m\u00f6glicherweise gereinigt werden, oder das Geh\u00e4use oder die auf den Querbolzen wirkende Bewegung ist besch\u00e4digt. Wenn der Druck des Hydraulikaggregats mehr als 1000 PSI betr\u00e4gt und sich der Querbolzen nicht bewegt, siehe:<\/p><ul><li style=\"list-style-type: none;\"><ul><li style=\"list-style-type: none;\"><ul><li><span style=\"text-decoration: underline;\"><span style=\"color: #3366ff;\"><a style=\"color: #3366ff; text-decoration: underline;\" href=\"https:\/\/psi-polymersystems.com\/wp-content\/uploads\/2020\/08\/Cleaning-Procedure-for-Frozen-Bolt-on-Continuous-Screen-Changers.pdf\" data-lf-fd-inspected-laxoeakgomvaoygd=\"true\">Reinigungsverfahren f\u00fcr einen festsitzenden Siebwechslerbolzen<\/a><\/span><\/span><\/li><li><span style=\"text-decoration: underline;\"><span style=\"color: #3366ff;\"><a style=\"color: #3366ff; text-decoration: underline;\" href=\"https:\/\/psi-polymersystems.com\/wp-content\/uploads\/2020\/08\/Honing-and-Cleaning-Procedure-for-Continuous-Screen-Changers.pdf\" data-lf-fd-inspected-laxoeakgomvaoygd=\"true\">Hon- und Reinigungsverfahren f\u00fcr Bolzensiebwechsler<\/a><\/span><\/span><\/li><\/ul><\/li><\/ul><\/li><\/ul><h4><strong>Schmierung. Welches Schmiermittel sollte f\u00fcr die Querbolzen verwendet werden?<\/strong><\/h4><p style=\"padding-left: 40px;\">Das empfohlene Schmiermittel f\u00fcr Siebbolzen ist GN Metal Assembly Spray, ein Molybd\u00e4ndisulfid-Schmiermittel der Dow Corning Corporation. Zur Schmierung sollte ausschlie\u00dflich Molybd\u00e4ndisulfid-Spr\u00fchschmierstoff mit einer thermischen Stabilit\u00e4t von 450\u00b0 C verwendet werden.\u00a0<\/p><p style=\"padding-left: 40px;\"><strong><span style=\"color: #333333;\">Niemals <\/span>Verwenden Sie organische oder silikonbasierte Schmiermittel f\u00fcr die Siebschrauben. Diese Materialien f\u00fchren dazu, dass die Siebschrauben im Geh\u00e4use festfressen<\/strong>.<\/p>\t\t\t\t\t\t\t\t<\/div>\n\t\t\t\t<\/div>\n\t\t\t\t\t<\/div>\n\t\t<\/div>\n\t\t\t\t\t<\/div>\n\t\t<\/section>\n\t\t\t\t<\/div>","protected":false},"excerpt":{"rendered":"<p>Siebwechsler mit R\u00fccksp\u00fclfunktion \u2013 FAQ STEUERUNG Woher wei\u00df der Siebwechsler, wann ein R\u00fccksp\u00fclzyklus eingeleitet werden muss? Die SPS verwendet einen Sollwert f\u00fcr den sauberen Siebdruck und einen um +\/- 600 PSI h\u00f6heren Wert, um die Basiseinstellungen festzulegen. Wenn der vorgeschaltete Drucktransmitter den Hochdrucksollwert liest, wird der R\u00fccksp\u00fclzyklus eingeleitet und die SPS f\u00fchrt alle Zyklen durch [\u2026]<\/p>","protected":false},"author":2,"featured_media":0,"parent":0,"menu_order":0,"comment_status":"closed","ping_status":"closed","template":"","meta":{"_monsterinsights_skip_tracking":false,"_monsterinsights_sitenote_active":false,"_monsterinsights_sitenote_note":"","_monsterinsights_sitenote_category":0,"footnotes":""},"class_list":["post-9549","page","type-page","status-publish","hentry"],"yoast_head":"<!-- This site is optimized with the Yoast SEO Premium plugin v25.0 (Yoast SEO v25.0) - https:\/\/yoast.com\/wordpress\/plugins\/seo\/ -->\n<title>CSC-BF FAQ - PSI-Polymer Systems<\/title>\n<meta name=\"robots\" content=\"index, follow, max-snippet:-1, max-image-preview:large, max-video-preview:-1\" \/>\n<link rel=\"canonical\" href=\"https:\/\/www.psi-polymersystems.com\/de\/csc-bf-faq\/\" \/>\n<meta property=\"og:locale\" content=\"de_DE\" \/>\n<meta property=\"og:type\" content=\"article\" \/>\n<meta property=\"og:title\" content=\"CSC-BF FAQ\" \/>\n<meta property=\"og:description\" content=\"Backflush Screen Changer - FAQ CONTROLHow does the screen changer know when to initiate a backflush cycle?The PLC uses a clean screen pressure setpoint\" \/>\n<meta property=\"og:url\" content=\"https:\/\/www.psi-polymersystems.com\/de\/csc-bf-faq\/\" \/>\n<meta property=\"og:site_name\" content=\"PSI-Polymer Systems\" \/>\n<meta property=\"article:publisher\" content=\"https:\/\/www.facebook.com\/psipolymersystems\/\" \/>\n<meta property=\"article:modified_time\" content=\"2023-09-15T12:04:15+00:00\" \/>\n<meta property=\"og:image\" content=\"https:\/\/psi-polymersystems.com\/wp-content\/uploads\/2023\/09\/Banner3-Brt-1024x245.jpg\" \/>\n<meta name=\"twitter:card\" content=\"summary_large_image\" \/>\n<meta name=\"twitter:label1\" content=\"Gesch\u00e4tzte Lesezeit\" \/>\n\t<meta name=\"twitter:data1\" content=\"4\u00a0Minuten\" \/>\n<script type=\"application\/ld+json\" class=\"yoast-schema-graph\">{\"@context\":\"https:\/\/schema.org\",\"@graph\":[{\"@type\":\"WebPage\",\"@id\":\"https:\/\/www.psi-polymersystems.com\/csc-bf-faq\/\",\"url\":\"https:\/\/www.psi-polymersystems.com\/csc-bf-faq\/\",\"name\":\"CSC-BF FAQ - PSI-Polymer Systems\",\"isPartOf\":{\"@id\":\"https:\/\/www.psi-polymersystems.com\/#website\"},\"primaryImageOfPage\":{\"@id\":\"https:\/\/www.psi-polymersystems.com\/csc-bf-faq\/#primaryimage\"},\"image\":{\"@id\":\"https:\/\/www.psi-polymersystems.com\/csc-bf-faq\/#primaryimage\"},\"thumbnailUrl\":\"https:\/\/psi-polymersystems.com\/wp-content\/uploads\/2023\/09\/Banner3-Brt-1024x245.jpg\",\"datePublished\":\"2023-09-14T19:32:43+00:00\",\"dateModified\":\"2023-09-15T12:04:15+00:00\",\"breadcrumb\":{\"@id\":\"https:\/\/www.psi-polymersystems.com\/csc-bf-faq\/#breadcrumb\"},\"inLanguage\":\"de\",\"potentialAction\":[{\"@type\":\"ReadAction\",\"target\":[\"https:\/\/www.psi-polymersystems.com\/csc-bf-faq\/\"]}]},{\"@type\":\"ImageObject\",\"inLanguage\":\"de\",\"@id\":\"https:\/\/www.psi-polymersystems.com\/csc-bf-faq\/#primaryimage\",\"url\":\"https:\/\/psi-polymersystems.com\/wp-content\/uploads\/2023\/09\/Banner3-Brt-1024x245.jpg\",\"contentUrl\":\"https:\/\/psi-polymersystems.com\/wp-content\/uploads\/2023\/09\/Banner3-Brt-1024x245.jpg\"},{\"@type\":\"BreadcrumbList\",\"@id\":\"https:\/\/www.psi-polymersystems.com\/csc-bf-faq\/#breadcrumb\",\"itemListElement\":[{\"@type\":\"ListItem\",\"position\":1,\"name\":\"Home\",\"item\":\"https:\/\/www.psi-polymersystems.com\/\"},{\"@type\":\"ListItem\",\"position\":2,\"name\":\"CSC-BF FAQ\"}]},{\"@type\":\"WebSite\",\"@id\":\"https:\/\/www.psi-polymersystems.com\/#website\",\"url\":\"https:\/\/www.psi-polymersystems.com\/\",\"name\":\"PSI-Polymer Systems\",\"description\":\"\",\"publisher\":{\"@id\":\"https:\/\/www.psi-polymersystems.com\/#organization\"},\"potentialAction\":[{\"@type\":\"SearchAction\",\"target\":{\"@type\":\"EntryPoint\",\"urlTemplate\":\"https:\/\/www.psi-polymersystems.com\/?s={search_term_string}\"},\"query-input\":{\"@type\":\"PropertyValueSpecification\",\"valueRequired\":true,\"valueName\":\"search_term_string\"}}],\"inLanguage\":\"de\"},{\"@type\":\"Organization\",\"@id\":\"https:\/\/www.psi-polymersystems.com\/#organization\",\"name\":\"PSI-Polymer Systems, Inc.\",\"url\":\"https:\/\/www.psi-polymersystems.com\/\",\"logo\":{\"@type\":\"ImageObject\",\"inLanguage\":\"de\",\"@id\":\"https:\/\/www.psi-polymersystems.com\/#\/schema\/logo\/image\/\",\"url\":\"\",\"contentUrl\":\"\",\"caption\":\"PSI-Polymer Systems, Inc.\"},\"image\":{\"@id\":\"https:\/\/www.psi-polymersystems.com\/#\/schema\/logo\/image\/\"},\"sameAs\":[\"https:\/\/www.facebook.com\/psipolymersystems\/\",\"https:\/\/www.linkedin.com\/showcase\/psi-polymer-systems\"]}]}<\/script>\n<!-- \/ Yoast SEO Premium plugin. -->","yoast_head_json":{"title":"CSC-BF FAQ - PSI-Polymer Systems","robots":{"index":"index","follow":"follow","max-snippet":"max-snippet:-1","max-image-preview":"max-image-preview:large","max-video-preview":"max-video-preview:-1"},"canonical":"https:\/\/www.psi-polymersystems.com\/de\/csc-bf-faq\/","og_locale":"de_DE","og_type":"article","og_title":"CSC-BF FAQ","og_description":"Backflush Screen Changer - FAQ CONTROLHow does the screen changer know when to initiate a backflush cycle?The PLC uses a clean screen pressure setpoint","og_url":"https:\/\/www.psi-polymersystems.com\/de\/csc-bf-faq\/","og_site_name":"PSI-Polymer Systems","article_publisher":"https:\/\/www.facebook.com\/psipolymersystems\/","article_modified_time":"2023-09-15T12:04:15+00:00","og_image":[{"url":"https:\/\/psi-polymersystems.com\/wp-content\/uploads\/2023\/09\/Banner3-Brt-1024x245.jpg","type":"","width":"","height":""}],"twitter_card":"summary_large_image","twitter_misc":{"Gesch\u00e4tzte Lesezeit":"4\u00a0Minuten"},"schema":{"@context":"https:\/\/schema.org","@graph":[{"@type":"WebPage","@id":"https:\/\/www.psi-polymersystems.com\/csc-bf-faq\/","url":"https:\/\/www.psi-polymersystems.com\/csc-bf-faq\/","name":"CSC-BF FAQ - PSI-Polymer Systems","isPartOf":{"@id":"https:\/\/www.psi-polymersystems.com\/#website"},"primaryImageOfPage":{"@id":"https:\/\/www.psi-polymersystems.com\/csc-bf-faq\/#primaryimage"},"image":{"@id":"https:\/\/www.psi-polymersystems.com\/csc-bf-faq\/#primaryimage"},"thumbnailUrl":"https:\/\/psi-polymersystems.com\/wp-content\/uploads\/2023\/09\/Banner3-Brt-1024x245.jpg","datePublished":"2023-09-14T19:32:43+00:00","dateModified":"2023-09-15T12:04:15+00:00","breadcrumb":{"@id":"https:\/\/www.psi-polymersystems.com\/csc-bf-faq\/#breadcrumb"},"inLanguage":"de","potentialAction":[{"@type":"ReadAction","target":["https:\/\/www.psi-polymersystems.com\/csc-bf-faq\/"]}]},{"@type":"ImageObject","inLanguage":"de","@id":"https:\/\/www.psi-polymersystems.com\/csc-bf-faq\/#primaryimage","url":"https:\/\/psi-polymersystems.com\/wp-content\/uploads\/2023\/09\/Banner3-Brt-1024x245.jpg","contentUrl":"https:\/\/psi-polymersystems.com\/wp-content\/uploads\/2023\/09\/Banner3-Brt-1024x245.jpg"},{"@type":"BreadcrumbList","@id":"https:\/\/www.psi-polymersystems.com\/csc-bf-faq\/#breadcrumb","itemListElement":[{"@type":"ListItem","position":1,"name":"Home","item":"https:\/\/www.psi-polymersystems.com\/"},{"@type":"ListItem","position":2,"name":"CSC-BF FAQ"}]},{"@type":"WebSite","@id":"https:\/\/www.psi-polymersystems.com\/#website","url":"https:\/\/www.psi-polymersystems.com\/","name":"PSI-Polymer Systems","description":"","publisher":{"@id":"https:\/\/www.psi-polymersystems.com\/#organization"},"potentialAction":[{"@type":"SearchAction","target":{"@type":"EntryPoint","urlTemplate":"https:\/\/www.psi-polymersystems.com\/?s={search_term_string}"},"query-input":{"@type":"PropertyValueSpecification","valueRequired":true,"valueName":"search_term_string"}}],"inLanguage":"de"},{"@type":"Organization","@id":"https:\/\/www.psi-polymersystems.com\/#organization","name":"PSI-Polymer Systems, Inc.","url":"https:\/\/www.psi-polymersystems.com\/","logo":{"@type":"ImageObject","inLanguage":"de","@id":"https:\/\/www.psi-polymersystems.com\/#\/schema\/logo\/image\/","url":"","contentUrl":"","caption":"PSI-Polymer Systems, Inc."},"image":{"@id":"https:\/\/www.psi-polymersystems.com\/#\/schema\/logo\/image\/"},"sameAs":["https:\/\/www.facebook.com\/psipolymersystems\/","https:\/\/www.linkedin.com\/showcase\/psi-polymer-systems"]}]}},"_links":{"self":[{"href":"https:\/\/www.psi-polymersystems.com\/de\/wp-json\/wp\/v2\/pages\/9549","targetHints":{"allow":["GET"]}}],"collection":[{"href":"https:\/\/www.psi-polymersystems.com\/de\/wp-json\/wp\/v2\/pages"}],"about":[{"href":"https:\/\/www.psi-polymersystems.com\/de\/wp-json\/wp\/v2\/types\/page"}],"author":[{"embeddable":true,"href":"https:\/\/www.psi-polymersystems.com\/de\/wp-json\/wp\/v2\/users\/2"}],"replies":[{"embeddable":true,"href":"https:\/\/www.psi-polymersystems.com\/de\/wp-json\/wp\/v2\/comments?post=9549"}],"version-history":[{"count":0,"href":"https:\/\/www.psi-polymersystems.com\/de\/wp-json\/wp\/v2\/pages\/9549\/revisions"}],"wp:attachment":[{"href":"https:\/\/www.psi-polymersystems.com\/de\/wp-json\/wp\/v2\/media?parent=9549"}],"curies":[{"name":"wp","href":"https:\/\/api.w.org\/{rel}","templated":true}]}}