{"id":9829,"date":"2024-01-15T16:31:44","date_gmt":"2024-01-15T16:31:44","guid":{"rendered":"https:\/\/psi-polymersystems.com\/?page_id=9829"},"modified":"2024-01-15T16:39:41","modified_gmt":"2024-01-15T16:39:41","slug":"hydraulic-power-unit-hpu-configuration-and-operation","status":"publish","type":"page","link":"https:\/\/www.psi-polymersystems.com\/de\/hydraulic-power-unit-hpu-configuration-and-operation\/","title":{"rendered":"Hydraulikaggregat (HPU) \u2013 Konfiguration und Betrieb"},"content":{"rendered":"<div data-elementor-type=\"wp-page\" data-elementor-id=\"9829\" class=\"elementor elementor-9829\" data-elementor-post-type=\"page\">\n\t\t\t\t\t\t<section class=\"elementor-section elementor-top-section elementor-element elementor-element-1f369e45 elementor-section-boxed elementor-section-height-default elementor-section-height-default\" data-id=\"1f369e45\" data-element_type=\"section\" data-e-type=\"section\">\n\t\t\t\t\t\t<div class=\"elementor-container elementor-column-gap-default\">\n\t\t\t\t\t<div class=\"elementor-column elementor-col-100 elementor-top-column elementor-element elementor-element-61bed2c6\" data-id=\"61bed2c6\" data-element_type=\"column\" data-e-type=\"column\">\n\t\t\t<div class=\"elementor-widget-wrap elementor-element-populated\">\n\t\t\t\t\t\t<div class=\"elementor-element elementor-element-6a047d38 elementor-widget elementor-widget-text-editor\" data-id=\"6a047d38\" data-element_type=\"widget\" data-e-type=\"widget\" data-widget_type=\"text-editor.default\">\n\t\t\t\t<div class=\"elementor-widget-container\">\n\t\t\t\t\t\t\t\t\t<h2 style=\"font-size: 30px;\"><span style=\"color: #0693e3; font-size: 30px; letter-spacing: 0px;\">PSI-Hydraulikaggregate \u2013 Konfiguration und Betrieb<\/span><\/h2>\t\t\t\t\t\t\t\t<\/div>\n\t\t\t\t<\/div>\n\t\t\t\t\t<\/div>\n\t\t<\/div>\n\t\t\t\t\t<\/div>\n\t\t<\/section>\n\t\t\t\t<section class=\"elementor-section elementor-top-section elementor-element elementor-element-2982bc38 elementor-section-boxed elementor-section-height-default elementor-section-height-default\" data-id=\"2982bc38\" data-element_type=\"section\" data-e-type=\"section\">\n\t\t\t\t\t\t<div class=\"elementor-container elementor-column-gap-default\">\n\t\t\t\t\t<div class=\"elementor-column elementor-col-100 elementor-top-column elementor-element elementor-element-21e60b68\" data-id=\"21e60b68\" data-element_type=\"column\" data-e-type=\"column\">\n\t\t\t<div class=\"elementor-widget-wrap elementor-element-populated\">\n\t\t\t\t\t\t<section class=\"elementor-section elementor-inner-section elementor-element elementor-element-f857a90 elementor-section-boxed elementor-section-height-default elementor-section-height-default\" data-id=\"f857a90\" data-element_type=\"section\" data-e-type=\"section\">\n\t\t\t\t\t\t<div class=\"elementor-container elementor-column-gap-default\">\n\t\t\t\t\t<div class=\"elementor-column elementor-col-100 elementor-inner-column elementor-element elementor-element-351efe81\" data-id=\"351efe81\" data-element_type=\"column\" data-e-type=\"column\">\n\t\t\t<div class=\"elementor-widget-wrap\">\n\t\t\t\t\t\t\t<\/div>\n\t\t<\/div>\n\t\t\t\t\t<\/div>\n\t\t<\/section>\n\t\t\t\t\t<\/div>\n\t\t<\/div>\n\t\t\t\t\t<\/div>\n\t\t<\/section>\n\t\t\t\t<section class=\"elementor-section elementor-top-section elementor-element elementor-element-3e945eb1 elementor-section-boxed elementor-section-height-default elementor-section-height-default\" data-id=\"3e945eb1\" data-element_type=\"section\" data-e-type=\"section\">\n\t\t\t\t\t\t<div class=\"elementor-container elementor-column-gap-default\">\n\t\t\t\t\t<div class=\"elementor-column elementor-col-50 elementor-top-column elementor-element elementor-element-3b3a73f3\" data-id=\"3b3a73f3\" data-element_type=\"column\" data-e-type=\"column\">\n\t\t\t<div class=\"elementor-widget-wrap elementor-element-populated\">\n\t\t\t\t\t\t<section class=\"elementor-section elementor-inner-section elementor-element elementor-element-0429773 elementor-section-boxed elementor-section-height-default elementor-section-height-default\" data-id=\"0429773\" data-element_type=\"section\" data-e-type=\"section\">\n\t\t\t\t\t\t<div class=\"elementor-container elementor-column-gap-default\">\n\t\t\t\t\t<div class=\"elementor-column elementor-col-100 elementor-inner-column elementor-element elementor-element-7803fab\" data-id=\"7803fab\" data-element_type=\"column\" data-e-type=\"column\">\n\t\t\t<div class=\"elementor-widget-wrap elementor-element-populated\">\n\t\t\t\t\t\t<div class=\"elementor-element elementor-element-5ffab43 elementor-widget elementor-widget-image\" data-id=\"5ffab43\" data-element_type=\"widget\" data-e-type=\"widget\" data-widget_type=\"image.default\">\n\t\t\t\t<div class=\"elementor-widget-container\">\n\t\t\t\t\t\t\t\t\t\t\t\t\t\t\t<img fetchpriority=\"high\" decoding=\"async\" width=\"617\" height=\"1024\" src=\"https:\/\/www.psi-polymersystems.com\/wp-content\/uploads\/2024\/01\/HPU-10-617x1024.jpg\" class=\"attachment-large size-large wp-image-9831\" alt=\"HPU with Accumulator\" srcset=\"https:\/\/www.psi-polymersystems.com\/wp-content\/uploads\/2024\/01\/HPU-10-617x1024.jpg 617w, https:\/\/www.psi-polymersystems.com\/wp-content\/uploads\/2024\/01\/HPU-10-181x300.jpg 181w, https:\/\/www.psi-polymersystems.com\/wp-content\/uploads\/2024\/01\/HPU-10-768x1274.jpg 768w, https:\/\/www.psi-polymersystems.com\/wp-content\/uploads\/2024\/01\/HPU-10-926x1536.jpg 926w, https:\/\/www.psi-polymersystems.com\/wp-content\/uploads\/2024\/01\/HPU-10-1235x2048.jpg 1235w, https:\/\/www.psi-polymersystems.com\/wp-content\/uploads\/2024\/01\/HPU-10-7x12.jpg 7w, https:\/\/www.psi-polymersystems.com\/wp-content\/uploads\/2024\/01\/HPU-10-600x995.jpg 600w, https:\/\/www.psi-polymersystems.com\/wp-content\/uploads\/2024\/01\/HPU-10-scaled.jpg 1544w\" sizes=\"(max-width: 617px) 100vw, 617px\" \/>\t\t\t\t\t\t\t\t\t\t\t\t\t\t\t<\/div>\n\t\t\t\t<\/div>\n\t\t\t\t\t<\/div>\n\t\t<\/div>\n\t\t\t\t\t<\/div>\n\t\t<\/section>\n\t\t\t\t\t<\/div>\n\t\t<\/div>\n\t\t\t\t<div class=\"elementor-column elementor-col-50 elementor-top-column elementor-element elementor-element-9bff6ac\" data-id=\"9bff6ac\" data-element_type=\"column\" data-e-type=\"column\">\n\t\t\t<div class=\"elementor-widget-wrap elementor-element-populated\">\n\t\t\t\t\t\t<div class=\"elementor-element elementor-element-55a15147 elementor-widget elementor-widget-text-editor\" data-id=\"55a15147\" data-element_type=\"widget\" data-e-type=\"widget\" data-widget_type=\"text-editor.default\">\n\t\t\t\t<div class=\"elementor-widget-container\">\n\t\t\t\t\t\t\t\t\t<h1 style=\"font-size: 15px;\"><span style=\"color: #0693e3; font-size: 20px; letter-spacing: 0px;\">PSI-Hydraulikaggregate<\/span><\/h1><p>PSI nutzt hydraulische Systeme zur Steuerung unserer Siebwechsler und Umschaltventile. Das Hydrauliksystem nutzt eine eingeschlossene Fl\u00fcssigkeit, um Energie vom Hydraulikaggregat auf den an der Maschine montierten Hydraulikzylinder zu \u00fcbertragen und eine lineare Bewegung oder Kraft zu erzeugen. Hydraulikaggregate \u00fcben den Druck aus, der die Bewegung der Hydraulikzylinder antreibt. Im Gegensatz zu Standard-Hydraulikpumpen verwenden diese Aggregate mehrstufige Drucknetzwerke, um Fl\u00fcssigkeit in verschiedenen Zylindern zu bewegen. Zu den wichtigen Faktoren, die die Leistung eines Hydraulikaggregats beeinflussen, geh\u00f6ren Druckgrenzen, Leistungskapazit\u00e4t und Beh\u00e4ltervolumen. Dar\u00fcber hinaus spielen auch die physikalischen Eigenschaften wie Gr\u00f6\u00dfe, Stromversorgung und Pumpst\u00e4rke eine wichtige Rolle. Um die Funktionsprinzipien und Konstruktionsmerkmale eines Hydraulikaggregats besser zu verstehen, kann es hilfreich sein, sich die Grundkomponenten eines Standardmodells anzusehen, das in industriellen Hydrauliksystemen verwendet wird.<\/p><p>PSI-Hydraulikaggregate sind f\u00fcr den Betrieb unter industriellen Bedingungen ausgelegt und weisen Konstruktionsmerkmale auf, die sich von denen eines typischen Pumpsystems unterscheiden. Zu den Standard-Designmerkmalen geh\u00f6ren:<\/p><p><em><u>Akkumulatoren (verwendet f\u00fcr HSC- und CSC-BF-Hydrauliksysteme):<\/u><\/em><em>\u00a0<\/em>Dabei handelt es sich um Gef\u00e4\u00dfe, die an hydraulischen Antrieben befestigt sind. Sie enthalten unter Druck stehenden Stickstoff, der freigesetzt wird, wenn ein extrem schneller Zylinderwechsel vorgesehen ist.\u00a0<\/p><p><em><u>Motorpumpen (verwendet bei allen PSI-Hydrauliksystemen:<\/u><\/em> Ein Hydraulikaggregat kann mit einer einzelnen Motorpumpe oder mehreren Ger\u00e4ten mit jeweils eigenen Speicherventilen ausgestattet sein.\u00a0<\/p><p><em><u>Panzer:<\/u><\/em> Der Tank ist eine Speichereinheit, deren Volumen so gro\u00df ist, dass die Fl\u00fcssigkeit in den Rohren hinein abflie\u00dfen kann. Diese werden f\u00fcr ALLE hydraulischen Systeme verwendet.<\/p><p><em><u>Filter:<\/u><\/em>\u00a0Ein Filter wird normalerweise oben am Tank in der R\u00fccklaufleitung installiert, um Schmutz aus dem System zu entfernen. Diese werden f\u00fcr ALLE hydraulischen Systeme verwendet.<\/p><p><em><u>Netzteil-Controller:<\/u><\/em> Die hydraulische Steuereinheit ist die Bedienerschnittstelle mit Leistungsschaltern, Anzeigen und \u00dcberwachungsfunktionen. Es ist f\u00fcr die Installation und Integration eines Aggregats in unsere Hydrauliksysteme erforderlich und befindet sich normalerweise verkabelt im Aggregat. PSI stellt in der Regel eine elektromechanische Steuerbox (ECB) f\u00fcr die manuelle Bet\u00e4tigung oder eine speicherprogrammierbare Steuerung (SPS) f\u00fcr die automatische Bet\u00e4tigung bereit. Diese werden f\u00fcr ALLE Hydrauliksysteme mit mehreren Zylindern oder mehrstufigen Druckaufbaunetzen eingesetzt.<\/p><p><em><u>Steuerventile:<\/u><\/em> Zur Steuerung der Hydraulikzylinder sind an der Hydraulikeinheit verschiedene Steuerventile montiert. F\u00fcr jeden zur Bet\u00e4tigung erforderlichen Zylinder ist ein Richtungssteuerventil erforderlich, um Fl\u00fcssigkeit vom Hydraulikaggregat zu bet\u00e4tigen und zum Zylinder zu leiten. Der \u201ePower Unit Controller\u201c w\u00e4hlt aus, welches Steuerventil bet\u00e4tigt werden soll, und l\u00e4sst den Zylinder je nach ausgew\u00e4hlter Richtung entweder aus- oder einfahren. Diese werden f\u00fcr ALLE hydraulischen Systeme verwendet.<\/p><h4><span style=\"color: #0693e3;\">Wenn ein Hydraulikaggregat seine Arbeit aufnimmt, geschieht Folgendes:<\/span><\/h4><ol><li>Der Strom ist eingeschaltet.<\/li><li>Bei einem CSC-Hydraulikaggregat saugt die Zahnradpumpe, sobald das Hydraulikaggregat von der Steuerung bet\u00e4tigt wird, Hydraulikfl\u00fcssigkeit aus dem Tank und f\u00f6rdert sie zum entsprechenden Zylinder.<\/li><li>Bei einem HSC-Hydraulikaggregat saugt die Zahnradpumpe nach dem Einschalten der Stromversorgung Hydraulikfl\u00fcssigkeit aus dem Tank an und bef\u00f6rdert sie in einen Druckspeicher. Dieser Vorgang wird fortgesetzt, bis der Druck im Druckspeicher einen vorgegebenen Wert erreicht.<\/li><li>Druckschalter dienen zur Regelung des Speicherdrucks.<\/li><li>Sobald der Druck erreicht ist, ist das Ger\u00e4t f\u00fcr eine sofortige Bet\u00e4tigung bereit. Sobald das Hydraulikaggregat von der Steuerung bet\u00e4tigt wird, sendet der Druckspeicher Hydraulikfl\u00fcssigkeit aus dem Tank (Druckspeicher, nicht aus dem Tank) und transportiert sie f\u00fcr einen schnellen Schaltvorgang sofort zum entsprechenden Zylinder.<\/li><\/ol>\t\t\t\t\t\t\t\t<\/div>\n\t\t\t\t<\/div>\n\t\t\t\t\t<\/div>\n\t\t<\/div>\n\t\t\t\t\t<\/div>\n\t\t<\/section>\n\t\t\t\t<\/div>","protected":false},"excerpt":{"rendered":"<p>PSI Hydraulikaggregate \u2013 Konfiguration und Betrieb PSI Hydraulikaggregate PSI verwendet Hydrauliksysteme zur Steuerung unserer Siebwechsler und Umleitungsventile. Das Hydrauliksystem verwendet eingeschlossene Fl\u00fcssigkeit, um Energie vom Hydraulikaggregat auf den an der Maschine montierten Hydraulikzylinder zu \u00fcbertragen und erzeugt eine lineare Bewegung oder Kraft. Hydraulikaggregate wenden die [\u2026]<\/p>","protected":false},"author":2,"featured_media":0,"parent":0,"menu_order":0,"comment_status":"closed","ping_status":"closed","template":"","meta":{"_monsterinsights_skip_tracking":false,"_monsterinsights_sitenote_active":false,"_monsterinsights_sitenote_note":"","_monsterinsights_sitenote_category":0,"footnotes":""},"class_list":["post-9829","page","type-page","status-publish","hentry"],"yoast_head":"<!-- This site is optimized with the Yoast SEO Premium plugin v25.0 (Yoast SEO v25.0) - https:\/\/yoast.com\/wordpress\/plugins\/seo\/ -->\n<title>Hydraulic Power Unit (HPU) - Configuration and Operation - PSI-Polymer Systems<\/title>\n<meta name=\"robots\" content=\"index, follow, max-snippet:-1, max-image-preview:large, max-video-preview:-1\" \/>\n<link rel=\"canonical\" href=\"https:\/\/www.psi-polymersystems.com\/de\/hydraulic-power-unit-hpu-configuration-and-operation\/\" \/>\n<meta property=\"og:locale\" content=\"de_DE\" \/>\n<meta property=\"og:type\" content=\"article\" \/>\n<meta property=\"og:title\" content=\"Hydraulic Power Unit (HPU) - Configuration and Operation\" \/>\n<meta property=\"og:description\" content=\"PSI Hydraulic Power Units - Configuration and Operation PSI Hydraulic Power Units PSI utilizes hydraulic systems to control our screen changers and divert\" \/>\n<meta property=\"og:url\" content=\"https:\/\/www.psi-polymersystems.com\/de\/hydraulic-power-unit-hpu-configuration-and-operation\/\" \/>\n<meta property=\"og:site_name\" content=\"PSI-Polymer Systems\" \/>\n<meta property=\"article:publisher\" content=\"https:\/\/www.facebook.com\/psipolymersystems\/\" \/>\n<meta property=\"article:modified_time\" content=\"2024-01-15T16:39:41+00:00\" \/>\n<meta property=\"og:image\" content=\"https:\/\/psi-polymersystems.com\/wp-content\/uploads\/2024\/01\/HPU-10-617x1024.jpg\" \/>\n<meta name=\"twitter:card\" content=\"summary_large_image\" \/>\n<meta name=\"twitter:label1\" content=\"Gesch\u00e4tzte Lesezeit\" \/>\n\t<meta name=\"twitter:data1\" content=\"3\u00a0Minuten\" \/>\n<script type=\"application\/ld+json\" class=\"yoast-schema-graph\">{\"@context\":\"https:\/\/schema.org\",\"@graph\":[{\"@type\":\"WebPage\",\"@id\":\"https:\/\/www.psi-polymersystems.com\/hydraulic-power-unit-hpu-configuration-and-operation\/\",\"url\":\"https:\/\/www.psi-polymersystems.com\/hydraulic-power-unit-hpu-configuration-and-operation\/\",\"name\":\"Hydraulic Power Unit (HPU) - Configuration and Operation - PSI-Polymer Systems\",\"isPartOf\":{\"@id\":\"https:\/\/www.psi-polymersystems.com\/#website\"},\"primaryImageOfPage\":{\"@id\":\"https:\/\/www.psi-polymersystems.com\/hydraulic-power-unit-hpu-configuration-and-operation\/#primaryimage\"},\"image\":{\"@id\":\"https:\/\/www.psi-polymersystems.com\/hydraulic-power-unit-hpu-configuration-and-operation\/#primaryimage\"},\"thumbnailUrl\":\"https:\/\/psi-polymersystems.com\/wp-content\/uploads\/2024\/01\/HPU-10-617x1024.jpg\",\"datePublished\":\"2024-01-15T16:31:44+00:00\",\"dateModified\":\"2024-01-15T16:39:41+00:00\",\"breadcrumb\":{\"@id\":\"https:\/\/www.psi-polymersystems.com\/hydraulic-power-unit-hpu-configuration-and-operation\/#breadcrumb\"},\"inLanguage\":\"de\",\"potentialAction\":[{\"@type\":\"ReadAction\",\"target\":[\"https:\/\/www.psi-polymersystems.com\/hydraulic-power-unit-hpu-configuration-and-operation\/\"]}]},{\"@type\":\"ImageObject\",\"inLanguage\":\"de\",\"@id\":\"https:\/\/www.psi-polymersystems.com\/hydraulic-power-unit-hpu-configuration-and-operation\/#primaryimage\",\"url\":\"https:\/\/psi-polymersystems.com\/wp-content\/uploads\/2024\/01\/HPU-10-617x1024.jpg\",\"contentUrl\":\"https:\/\/psi-polymersystems.com\/wp-content\/uploads\/2024\/01\/HPU-10-617x1024.jpg\"},{\"@type\":\"BreadcrumbList\",\"@id\":\"https:\/\/www.psi-polymersystems.com\/hydraulic-power-unit-hpu-configuration-and-operation\/#breadcrumb\",\"itemListElement\":[{\"@type\":\"ListItem\",\"position\":1,\"name\":\"Home\",\"item\":\"https:\/\/www.psi-polymersystems.com\/\"},{\"@type\":\"ListItem\",\"position\":2,\"name\":\"Hydraulic Power Unit (HPU) &#8211; Configuration and Operation\"}]},{\"@type\":\"WebSite\",\"@id\":\"https:\/\/www.psi-polymersystems.com\/#website\",\"url\":\"https:\/\/www.psi-polymersystems.com\/\",\"name\":\"PSI-Polymer Systems\",\"description\":\"\",\"publisher\":{\"@id\":\"https:\/\/www.psi-polymersystems.com\/#organization\"},\"potentialAction\":[{\"@type\":\"SearchAction\",\"target\":{\"@type\":\"EntryPoint\",\"urlTemplate\":\"https:\/\/www.psi-polymersystems.com\/?s={search_term_string}\"},\"query-input\":{\"@type\":\"PropertyValueSpecification\",\"valueRequired\":true,\"valueName\":\"search_term_string\"}}],\"inLanguage\":\"de\"},{\"@type\":\"Organization\",\"@id\":\"https:\/\/www.psi-polymersystems.com\/#organization\",\"name\":\"PSI-Polymer Systems, Inc.\",\"url\":\"https:\/\/www.psi-polymersystems.com\/\",\"logo\":{\"@type\":\"ImageObject\",\"inLanguage\":\"de\",\"@id\":\"https:\/\/www.psi-polymersystems.com\/#\/schema\/logo\/image\/\",\"url\":\"\",\"contentUrl\":\"\",\"caption\":\"PSI-Polymer Systems, Inc.\"},\"image\":{\"@id\":\"https:\/\/www.psi-polymersystems.com\/#\/schema\/logo\/image\/\"},\"sameAs\":[\"https:\/\/www.facebook.com\/psipolymersystems\/\",\"https:\/\/www.linkedin.com\/showcase\/psi-polymer-systems\"]}]}<\/script>\n<!-- \/ Yoast SEO Premium plugin. -->","yoast_head_json":{"title":"Hydraulic Power Unit (HPU) - Configuration and Operation - PSI-Polymer Systems","robots":{"index":"index","follow":"follow","max-snippet":"max-snippet:-1","max-image-preview":"max-image-preview:large","max-video-preview":"max-video-preview:-1"},"canonical":"https:\/\/www.psi-polymersystems.com\/de\/hydraulic-power-unit-hpu-configuration-and-operation\/","og_locale":"de_DE","og_type":"article","og_title":"Hydraulic Power Unit (HPU) - Configuration and Operation","og_description":"PSI Hydraulic Power Units - Configuration and Operation PSI Hydraulic Power Units PSI utilizes hydraulic systems to control our screen changers and divert","og_url":"https:\/\/www.psi-polymersystems.com\/de\/hydraulic-power-unit-hpu-configuration-and-operation\/","og_site_name":"PSI-Polymer Systems","article_publisher":"https:\/\/www.facebook.com\/psipolymersystems\/","article_modified_time":"2024-01-15T16:39:41+00:00","og_image":[{"url":"https:\/\/psi-polymersystems.com\/wp-content\/uploads\/2024\/01\/HPU-10-617x1024.jpg","type":"","width":"","height":""}],"twitter_card":"summary_large_image","twitter_misc":{"Gesch\u00e4tzte Lesezeit":"3\u00a0Minuten"},"schema":{"@context":"https:\/\/schema.org","@graph":[{"@type":"WebPage","@id":"https:\/\/www.psi-polymersystems.com\/hydraulic-power-unit-hpu-configuration-and-operation\/","url":"https:\/\/www.psi-polymersystems.com\/hydraulic-power-unit-hpu-configuration-and-operation\/","name":"Hydraulic Power Unit (HPU) - Configuration and Operation - PSI-Polymer Systems","isPartOf":{"@id":"https:\/\/www.psi-polymersystems.com\/#website"},"primaryImageOfPage":{"@id":"https:\/\/www.psi-polymersystems.com\/hydraulic-power-unit-hpu-configuration-and-operation\/#primaryimage"},"image":{"@id":"https:\/\/www.psi-polymersystems.com\/hydraulic-power-unit-hpu-configuration-and-operation\/#primaryimage"},"thumbnailUrl":"https:\/\/psi-polymersystems.com\/wp-content\/uploads\/2024\/01\/HPU-10-617x1024.jpg","datePublished":"2024-01-15T16:31:44+00:00","dateModified":"2024-01-15T16:39:41+00:00","breadcrumb":{"@id":"https:\/\/www.psi-polymersystems.com\/hydraulic-power-unit-hpu-configuration-and-operation\/#breadcrumb"},"inLanguage":"de","potentialAction":[{"@type":"ReadAction","target":["https:\/\/www.psi-polymersystems.com\/hydraulic-power-unit-hpu-configuration-and-operation\/"]}]},{"@type":"ImageObject","inLanguage":"de","@id":"https:\/\/www.psi-polymersystems.com\/hydraulic-power-unit-hpu-configuration-and-operation\/#primaryimage","url":"https:\/\/psi-polymersystems.com\/wp-content\/uploads\/2024\/01\/HPU-10-617x1024.jpg","contentUrl":"https:\/\/psi-polymersystems.com\/wp-content\/uploads\/2024\/01\/HPU-10-617x1024.jpg"},{"@type":"BreadcrumbList","@id":"https:\/\/www.psi-polymersystems.com\/hydraulic-power-unit-hpu-configuration-and-operation\/#breadcrumb","itemListElement":[{"@type":"ListItem","position":1,"name":"Home","item":"https:\/\/www.psi-polymersystems.com\/"},{"@type":"ListItem","position":2,"name":"Hydraulic Power Unit (HPU) &#8211; Configuration and Operation"}]},{"@type":"WebSite","@id":"https:\/\/www.psi-polymersystems.com\/#website","url":"https:\/\/www.psi-polymersystems.com\/","name":"PSI-Polymer Systems","description":"","publisher":{"@id":"https:\/\/www.psi-polymersystems.com\/#organization"},"potentialAction":[{"@type":"SearchAction","target":{"@type":"EntryPoint","urlTemplate":"https:\/\/www.psi-polymersystems.com\/?s={search_term_string}"},"query-input":{"@type":"PropertyValueSpecification","valueRequired":true,"valueName":"search_term_string"}}],"inLanguage":"de"},{"@type":"Organization","@id":"https:\/\/www.psi-polymersystems.com\/#organization","name":"PSI-Polymer Systems, Inc.","url":"https:\/\/www.psi-polymersystems.com\/","logo":{"@type":"ImageObject","inLanguage":"de","@id":"https:\/\/www.psi-polymersystems.com\/#\/schema\/logo\/image\/","url":"","contentUrl":"","caption":"PSI-Polymer Systems, Inc."},"image":{"@id":"https:\/\/www.psi-polymersystems.com\/#\/schema\/logo\/image\/"},"sameAs":["https:\/\/www.facebook.com\/psipolymersystems\/","https:\/\/www.linkedin.com\/showcase\/psi-polymer-systems"]}]}},"_links":{"self":[{"href":"https:\/\/www.psi-polymersystems.com\/de\/wp-json\/wp\/v2\/pages\/9829","targetHints":{"allow":["GET"]}}],"collection":[{"href":"https:\/\/www.psi-polymersystems.com\/de\/wp-json\/wp\/v2\/pages"}],"about":[{"href":"https:\/\/www.psi-polymersystems.com\/de\/wp-json\/wp\/v2\/types\/page"}],"author":[{"embeddable":true,"href":"https:\/\/www.psi-polymersystems.com\/de\/wp-json\/wp\/v2\/users\/2"}],"replies":[{"embeddable":true,"href":"https:\/\/www.psi-polymersystems.com\/de\/wp-json\/wp\/v2\/comments?post=9829"}],"version-history":[{"count":0,"href":"https:\/\/www.psi-polymersystems.com\/de\/wp-json\/wp\/v2\/pages\/9829\/revisions"}],"wp:attachment":[{"href":"https:\/\/www.psi-polymersystems.com\/de\/wp-json\/wp\/v2\/media?parent=9829"}],"curies":[{"name":"wp","href":"https:\/\/api.w.org\/{rel}","templated":true}]}}