{"id":12712,"date":"2025-07-02T21:00:18","date_gmt":"2025-07-02T21:00:18","guid":{"rendered":"https:\/\/www.psi-polymersystems.com\/?page_id=12712"},"modified":"2025-07-02T21:05:41","modified_gmt":"2025-07-02T21:05:41","slug":"faq-static-mixer","status":"publish","type":"page","link":"https:\/\/www.psi-polymersystems.com\/es\/faq-static-mixer\/","title":{"rendered":"Preguntas frecuentes sobre mezcladores est\u00e1ticos"},"content":{"rendered":"<div data-elementor-type=\"wp-page\" data-elementor-id=\"12712\" class=\"elementor elementor-12712\" data-elementor-post-type=\"page\">\n\t\t\t\t\t\t<section class=\"elementor-section elementor-top-section elementor-element elementor-element-794780a3 elementor-section-boxed elementor-section-height-default elementor-section-height-default\" data-id=\"794780a3\" data-element_type=\"section\" data-e-type=\"section\">\n\t\t\t\t\t\t<div class=\"elementor-container elementor-column-gap-default\">\n\t\t\t\t\t<div class=\"elementor-column elementor-col-100 elementor-top-column elementor-element elementor-element-24ebd6a\" data-id=\"24ebd6a\" data-element_type=\"column\" data-e-type=\"column\">\n\t\t\t<div class=\"elementor-widget-wrap elementor-element-populated\">\n\t\t\t\t\t\t<div class=\"elementor-element elementor-element-9c93ef2 elementor-widget elementor-widget-text-editor\" data-id=\"9c93ef2\" data-element_type=\"widget\" data-e-type=\"widget\" data-widget_type=\"text-editor.default\">\n\t\t\t\t<div class=\"elementor-widget-container\">\n\t\t\t\t\t\t\t\t\t<div><h2 class=\"elementor-heading-title elementor-size-default elementor-inline-editing pen\" style=\"letter-spacing: normal; text-align: left; color: #7a7a7a;\" data-elementor-setting-key=\"title\" data-pen-placeholder=\"Type Here...\">Mezclador est\u00e1tico: preguntas frecuentes<\/h2><\/div>\t\t\t\t\t\t\t\t<\/div>\n\t\t\t\t<\/div>\n\t\t\t\t\t<\/div>\n\t\t<\/div>\n\t\t\t\t\t<\/div>\n\t\t<\/section>\n\t\t\t\t<section class=\"elementor-section elementor-top-section elementor-element elementor-element-28d1e9ad elementor-section-boxed elementor-section-height-default elementor-section-height-default\" data-id=\"28d1e9ad\" data-element_type=\"section\" data-e-type=\"section\">\n\t\t\t\t\t\t<div class=\"elementor-container elementor-column-gap-default\">\n\t\t\t\t\t<div class=\"elementor-column elementor-col-100 elementor-top-column elementor-element elementor-element-1ed32a38\" data-id=\"1ed32a38\" data-element_type=\"column\" data-e-type=\"column\">\n\t\t\t<div class=\"elementor-widget-wrap elementor-element-populated\">\n\t\t\t\t\t\t<div class=\"elementor-element elementor-element-6c9163fc elementor-widget elementor-widget-image\" data-id=\"6c9163fc\" data-element_type=\"widget\" data-e-type=\"widget\" data-widget_type=\"image.default\">\n\t\t\t\t<div class=\"elementor-widget-container\">\n\t\t\t\t\t\t\t\t\t\t\t\t\t\t\t<img fetchpriority=\"high\" decoding=\"async\" width=\"1024\" height=\"219\" src=\"https:\/\/www.psi-polymersystems.com\/wp-content\/uploads\/2020\/09\/Mixer-Flow-Division-1024x219.jpg\" class=\"attachment-large size-large wp-image-5368\" alt=\"Polymer Extrusion Uniflo Static Mixer (USM) Radial Mixing Flow Division\" srcset=\"https:\/\/www.psi-polymersystems.com\/wp-content\/uploads\/2020\/09\/Mixer-Flow-Division-1024x219.jpg 1024w, https:\/\/www.psi-polymersystems.com\/wp-content\/uploads\/2020\/09\/Mixer-Flow-Division-300x64.jpg 300w, https:\/\/www.psi-polymersystems.com\/wp-content\/uploads\/2020\/09\/Mixer-Flow-Division-768x164.jpg 768w, https:\/\/www.psi-polymersystems.com\/wp-content\/uploads\/2020\/09\/Mixer-Flow-Division-600x128.jpg 600w, https:\/\/www.psi-polymersystems.com\/wp-content\/uploads\/2020\/09\/Mixer-Flow-Division.jpg 1262w\" sizes=\"(max-width: 1024px) 100vw, 1024px\" \/>\t\t\t\t\t\t\t\t\t\t\t\t\t\t\t<\/div>\n\t\t\t\t<\/div>\n\t\t\t\t\t<\/div>\n\t\t<\/div>\n\t\t\t\t\t<\/div>\n\t\t<\/section>\n\t\t\t\t<section class=\"elementor-section elementor-top-section elementor-element elementor-element-543731e5 elementor-section-boxed elementor-section-height-default elementor-section-height-default\" data-id=\"543731e5\" data-element_type=\"section\" data-e-type=\"section\">\n\t\t\t\t\t\t<div class=\"elementor-container elementor-column-gap-default\">\n\t\t\t\t\t<div class=\"elementor-column elementor-col-100 elementor-top-column elementor-element elementor-element-31023f49\" data-id=\"31023f49\" data-element_type=\"column\" data-e-type=\"column\">\n\t\t\t<div class=\"elementor-widget-wrap elementor-element-populated\">\n\t\t\t\t\t\t<div class=\"elementor-element elementor-element-adf35f8 elementor-widget__width-initial elementor-widget elementor-widget-text-editor\" data-id=\"adf35f8\" data-element_type=\"widget\" data-e-type=\"widget\" data-widget_type=\"text-editor.default\">\n\t\t\t\t<div class=\"elementor-widget-container\">\n\t\t\t\t\t\t\t\t\t<h3><span style=\"letter-spacing: 0px; text-align: inherit;\">Preguntas frecuentes sobre mezcladores est\u00e1ticos en la extrusi\u00f3n de pl\u00e1sticos<\/span><\/h3><h4><strong>1. \u00bfQu\u00e9 es un mezclador est\u00e1tico y c\u00f3mo funciona en la extrusi\u00f3n de pl\u00e1sticos?<\/strong><\/h4><div><p>Un mezclador est\u00e1tico es un dispositivo sin partes m\u00f3viles que se instala en la l\u00ednea de extrusi\u00f3n, generalmente justo antes de la matriz. Funciona dividiendo y recombinando continuamente el pol\u00edmero fundido a medida que fluye a trav\u00e9s de una serie de elementos geom\u00e9tricos. Este proceso elimina las variaciones de temperatura, viscosidad y composici\u00f3n dentro de la corriente de material fundido, dando como resultado un producto homog\u00e9neo.<\/p><\/div><h4><strong>2. \u00bfCu\u00e1l es el prop\u00f3sito principal de utilizar un mezclador est\u00e1tico en la extrusi\u00f3n de l\u00e1minas?<\/strong><\/h4><div>En la extrusi\u00f3n de l\u00e1minas, el objetivo principal de un mezclador est\u00e1tico es lograr la homogeneizaci\u00f3n t\u00e9rmica del pol\u00edmero fundido. Esto implica eliminar los gradientes de temperatura, lo que a su vez elimina las variaciones de viscosidad en la masa fundida. Un perfil uniforme de temperatura y viscosidad garantiza un flujo uniforme de material a trav\u00e9s de la matriz, lo cual es fundamental para producir una l\u00e1mina con un espesor constante.<\/div><h4><strong>3. \u00bfCu\u00e1les son los principales beneficios de utilizar un mezclador est\u00e1tico?<\/strong><\/h4><div>Los beneficios de utilizar un mezclador est\u00e1tico en la extrusi\u00f3n de pl\u00e1sticos incluyen:<\/div><ul><li><strong>Calidad del producto mejorada:<\/strong>\u00a0Los mezcladores est\u00e1ticos producen una masa fundida m\u00e1s uniforme, lo que da como resultado un producto sin vetas con una calidad de superficie y caracter\u00edsticas mec\u00e1nicas mejoradas.<\/li><li><strong>Tolerancias m\u00e1s estrictas:<\/strong>\u00a0Al eliminar los gradientes de temperatura y viscosidad, los mezcladores est\u00e1ticos permiten un espesor de l\u00e1mina m\u00e1s uniforme, lo que posibilita el funcionamiento con especificaciones de espesor m\u00ednimo.<\/li><li><strong>Uso reducido de material:<\/strong>\u00a0Una mejor mezcla de colores puede conducir a una reducci\u00f3n en el consumo de aditivos de color.<\/li><li><strong>Cambios de color m\u00e1s r\u00e1pidos:<\/strong>\u00a0Los mezcladores est\u00e1ticos ayudan a eliminar las capas estancadas de la pared, lo que produce cambios de color m\u00e1s r\u00e1pidos.<\/li><li><strong>Calidad de molienda mejorada:<\/strong>\u00a0Mejoran la calidad de los productos al utilizar material molido.<\/li><\/ul><h4><strong>4. \u00bfD\u00f3nde se instala normalmente un mezclador est\u00e1tico en una l\u00ednea de extrusi\u00f3n?<\/strong><\/h4><div>Un mezclador est\u00e1tico suele instalarse justo antes de la matriz del extrusor. Se coloca despu\u00e9s de otros equipos, como el cambiador de mallas y la bomba de engranajes, para corregir cualquier irregularidad que estos produzcan.<\/div><h4><strong>5. \u00bfLos mezcladores est\u00e1ticos requieren energ\u00eda o tienen partes m\u00f3viles?<\/strong><\/h4><div>No, los mezcladores est\u00e1ticos no tienen partes m\u00f3viles ni requieren una fuente de alimentaci\u00f3n externa. La energ\u00eda necesaria para la mezcla proviene de la ca\u00edda de presi\u00f3n del pol\u00edmero fundido al fluir por los elementos del mezclador.<\/div><h4><strong>6. \u00bfPuede un mezclador est\u00e1tico ayudar con otros problemas adem\u00e1s de la homogeneizaci\u00f3n t\u00e9rmica?<\/strong><\/h4><div>S\u00ed. Adem\u00e1s de la homogeneizaci\u00f3n t\u00e9rmica, los mezcladores est\u00e1ticos tambi\u00e9n ayudan con:<\/div><ul><li><strong>Homogeneizaci\u00f3n composicional:<\/strong>\u00a0Garantizan una distribuci\u00f3n uniforme de colorantes, aditivos, rellenos y material molido.<\/li><li><strong>Homogeneizaci\u00f3n de la viscosidad:<\/strong>\u00a0Al equilibrar la temperatura, tambi\u00e9n nivelan la viscosidad.<\/li><li><strong>Eliminaci\u00f3n del deslizamiento de paredes:<\/strong>\u00a0Incorporan pol\u00edmero estancado de las paredes de la tuber\u00eda al flujo principal, evitando la degradaci\u00f3n del material.<\/li><\/ul><h4><strong>7. \u00bfUn mezclador est\u00e1tico provocar\u00e1 una ca\u00edda de presi\u00f3n significativa?<\/strong><\/h4><div>Si bien un mezclador est\u00e1tico introduce una ca\u00edda de presi\u00f3n, est\u00e1 dise\u00f1ado para ser eficiente y, por lo general, se adapta a las limitaciones de ca\u00edda de presi\u00f3n de la mayor\u00eda de los sistemas de extrusi\u00f3n. Los beneficios de una masa fundida homog\u00e9nea suelen superar el impacto de la ca\u00edda de presi\u00f3n. PSI utiliza una calculadora de ca\u00edda de presi\u00f3n patentada, dise\u00f1ada espec\u00edficamente para nuestros mezcladores, para estimar la ca\u00edda de presi\u00f3n esperada.\u00a0<\/div><h4><strong>8. \u00bfC\u00f3mo se limpian los mezcladores est\u00e1ticos?<\/strong><\/h4><div>Muchos mezcladores est\u00e1ticos modernos est\u00e1n dise\u00f1ados para autolimpiarse, con rutas de flujo optimizadas que evitan zonas muertas donde se pueda acumular material. Para cambios de color o material, se pueden aplicar compuestos de purga al sistema para limpiar eficazmente el mezclador. Algunos dise\u00f1os tambi\u00e9n cuentan con elementos extra\u00edbles para facilitar la limpieza manual.<\/div><h4><strong>9. \u00bfCu\u00e1les son las se\u00f1ales de que podr\u00eda ser necesario un mezclador est\u00e1tico en una l\u00ednea de extrusi\u00f3n?<\/strong><\/h4><div>Los problemas comunes que indican la necesidad de un mezclador est\u00e1tico incluyen:<\/div><ul><li>Espesor desigual de la chapa.<\/li><li>Rayas o manchas de color en el producto final.<\/li><li>Tama\u00f1o y distribuci\u00f3n de celdas de espuma inconsistentes en aplicaciones de l\u00e1minas de espuma.<\/li><li>Largos tiempos de cambio de color.<\/li><li>L\u00edneas de flujo u otros defectos superficiales.<\/li><\/ul><h4><strong>10. \u00bfExisten diferentes tipos de mezcladores est\u00e1ticos?<\/strong><\/h4><div><p>S\u00ed, existen varios dise\u00f1os de mezcladores est\u00e1ticos, cada uno con sus propias ventajas. Los dise\u00f1os m\u00e1s comunes incluyen aquellos con elementos helicoidales (suministrados por PSI) y aquellos con una serie de barras que se intersecan.\u00a0\u00a0<\/p><p>PSI suministra mezcladores de elementos helicoidales (tipo bow-tie) debido a:<\/p><ul><li class=\"u-break-words\"><strong>Baja ca\u00edda de presi\u00f3n:<\/strong>\u00a0Los mezcladores helicoidales son conocidos por su ca\u00edda de presi\u00f3n relativamente baja en comparaci\u00f3n con otros dise\u00f1os, lo que puede ser una ventaja significativa en los procesos de extrusi\u00f3n donde la presi\u00f3n es un factor limitante.<\/li><li class=\"u-break-words\"><strong>Mezcla suave:<\/strong>\u00a0Las superficies lisas y continuas de los elementos helicoidales proporcionan una acci\u00f3n de mezcla suave, lo cual es ideal para pol\u00edmeros sensibles al cizallamiento que podr\u00edan degradarse con una mezcla m\u00e1s agresiva.<\/li><li class=\"u-break-words\"><strong>Bueno para el flujo laminar:<\/strong>\u00a0Este dise\u00f1o es muy eficaz para mezclar fluidos en el r\u00e9gimen de flujo laminar, que es t\u00edpico de las masas fundidas de pol\u00edmeros de alta viscosidad.<\/li><\/ul><\/div>\t\t\t\t\t\t\t\t<\/div>\n\t\t\t\t<\/div>\n\t\t\t\t\t<\/div>\n\t\t<\/div>\n\t\t\t\t\t<\/div>\n\t\t<\/section>\n\t\t\t\t<\/div>","protected":false},"excerpt":{"rendered":"<p>Mezclador est\u00e1tico: preguntas frecuentes sobre mezcladores est\u00e1ticos en la extrusi\u00f3n de pl\u00e1sticos. 1. \u00bfQu\u00e9 es un mezclador est\u00e1tico y c\u00f3mo funciona en la extrusi\u00f3n de pl\u00e1sticos? Un mezclador est\u00e1tico es un dispositivo sin partes m\u00f3viles que se instala en la l\u00ednea de extrusi\u00f3n, generalmente justo antes de la matriz. Funciona dividiendo y recombinando continuamente [\u2026]<\/p>","protected":false},"author":2,"featured_media":0,"parent":0,"menu_order":0,"comment_status":"closed","ping_status":"closed","template":"","meta":{"_monsterinsights_skip_tracking":false,"_monsterinsights_sitenote_active":false,"_monsterinsights_sitenote_note":"","_monsterinsights_sitenote_category":0,"footnotes":""},"class_list":["post-12712","page","type-page","status-publish","hentry"],"yoast_head":"<!-- This site is optimized with the Yoast SEO Premium plugin v25.0 (Yoast SEO v25.0) - https:\/\/yoast.com\/wordpress\/plugins\/seo\/ -->\n<title>FAQ - Static Mixer - PSI-Polymer Systems<\/title>\n<meta name=\"robots\" content=\"index, follow, max-snippet:-1, max-image-preview:large, max-video-preview:-1\" \/>\n<link rel=\"canonical\" href=\"https:\/\/www.psi-polymersystems.com\/es\/faq-static-mixer\/\" \/>\n<meta property=\"og:locale\" content=\"es_MX\" \/>\n<meta property=\"og:type\" content=\"article\" \/>\n<meta property=\"og:title\" content=\"FAQ - Static Mixer\" \/>\n<meta property=\"og:description\" content=\"Static Mixer - FAQ FAQs for Static Mixers in Plastics Extrusion1. What is a static mixer, and how does it work in plastics extrusion?A static mixer is a\" \/>\n<meta property=\"og:url\" content=\"https:\/\/www.psi-polymersystems.com\/es\/faq-static-mixer\/\" \/>\n<meta property=\"og:site_name\" content=\"PSI-Polymer Systems\" \/>\n<meta property=\"article:publisher\" content=\"https:\/\/www.facebook.com\/psipolymersystems\/\" \/>\n<meta property=\"article:modified_time\" content=\"2025-07-02T21:05:41+00:00\" \/>\n<meta property=\"og:image\" content=\"https:\/\/www.psi-polymersystems.com\/wp-content\/uploads\/2020\/09\/Mixer-Flow-Division.jpg\" \/>\n\t<meta property=\"og:image:width\" content=\"1262\" \/>\n\t<meta property=\"og:image:height\" content=\"270\" \/>\n\t<meta property=\"og:image:type\" content=\"image\/jpeg\" \/>\n<meta name=\"twitter:card\" content=\"summary_large_image\" \/>\n<meta name=\"twitter:label1\" content=\"Tiempo de lectura\" \/>\n\t<meta name=\"twitter:data1\" content=\"4 minutos\" \/>\n<script type=\"application\/ld+json\" class=\"yoast-schema-graph\">{\"@context\":\"https:\/\/schema.org\",\"@graph\":[{\"@type\":\"WebPage\",\"@id\":\"https:\/\/www.psi-polymersystems.com\/faq-static-mixer\/\",\"url\":\"https:\/\/www.psi-polymersystems.com\/faq-static-mixer\/\",\"name\":\"FAQ - Static Mixer - PSI-Polymer Systems\",\"isPartOf\":{\"@id\":\"https:\/\/www.psi-polymersystems.com\/#website\"},\"primaryImageOfPage\":{\"@id\":\"https:\/\/www.psi-polymersystems.com\/faq-static-mixer\/#primaryimage\"},\"image\":{\"@id\":\"https:\/\/www.psi-polymersystems.com\/faq-static-mixer\/#primaryimage\"},\"thumbnailUrl\":\"https:\/\/www.psi-polymersystems.com\/wp-content\/uploads\/2020\/09\/Mixer-Flow-Division-1024x219.jpg\",\"datePublished\":\"2025-07-02T21:00:18+00:00\",\"dateModified\":\"2025-07-02T21:05:41+00:00\",\"breadcrumb\":{\"@id\":\"https:\/\/www.psi-polymersystems.com\/faq-static-mixer\/#breadcrumb\"},\"inLanguage\":\"es\",\"potentialAction\":[{\"@type\":\"ReadAction\",\"target\":[\"https:\/\/www.psi-polymersystems.com\/faq-static-mixer\/\"]}]},{\"@type\":\"ImageObject\",\"inLanguage\":\"es\",\"@id\":\"https:\/\/www.psi-polymersystems.com\/faq-static-mixer\/#primaryimage\",\"url\":\"https:\/\/www.psi-polymersystems.com\/wp-content\/uploads\/2020\/09\/Mixer-Flow-Division-1024x219.jpg\",\"contentUrl\":\"https:\/\/www.psi-polymersystems.com\/wp-content\/uploads\/2020\/09\/Mixer-Flow-Division-1024x219.jpg\"},{\"@type\":\"BreadcrumbList\",\"@id\":\"https:\/\/www.psi-polymersystems.com\/faq-static-mixer\/#breadcrumb\",\"itemListElement\":[{\"@type\":\"ListItem\",\"position\":1,\"name\":\"Home\",\"item\":\"https:\/\/www.psi-polymersystems.com\/\"},{\"@type\":\"ListItem\",\"position\":2,\"name\":\"FAQ &#8211; Static Mixer\"}]},{\"@type\":\"WebSite\",\"@id\":\"https:\/\/www.psi-polymersystems.com\/#website\",\"url\":\"https:\/\/www.psi-polymersystems.com\/\",\"name\":\"PSI-Polymer Systems\",\"description\":\"\",\"publisher\":{\"@id\":\"https:\/\/www.psi-polymersystems.com\/#organization\"},\"potentialAction\":[{\"@type\":\"SearchAction\",\"target\":{\"@type\":\"EntryPoint\",\"urlTemplate\":\"https:\/\/www.psi-polymersystems.com\/?s={search_term_string}\"},\"query-input\":{\"@type\":\"PropertyValueSpecification\",\"valueRequired\":true,\"valueName\":\"search_term_string\"}}],\"inLanguage\":\"es\"},{\"@type\":\"Organization\",\"@id\":\"https:\/\/www.psi-polymersystems.com\/#organization\",\"name\":\"PSI-Polymer Systems, Inc.\",\"url\":\"https:\/\/www.psi-polymersystems.com\/\",\"logo\":{\"@type\":\"ImageObject\",\"inLanguage\":\"es\",\"@id\":\"https:\/\/www.psi-polymersystems.com\/#\/schema\/logo\/image\/\",\"url\":\"\",\"contentUrl\":\"\",\"caption\":\"PSI-Polymer Systems, Inc.\"},\"image\":{\"@id\":\"https:\/\/www.psi-polymersystems.com\/#\/schema\/logo\/image\/\"},\"sameAs\":[\"https:\/\/www.facebook.com\/psipolymersystems\/\",\"https:\/\/www.linkedin.com\/showcase\/psi-polymer-systems\"]}]}<\/script>\n<!-- \/ Yoast SEO Premium plugin. -->","yoast_head_json":{"title":"FAQ - Static Mixer - PSI-Polymer Systems","robots":{"index":"index","follow":"follow","max-snippet":"max-snippet:-1","max-image-preview":"max-image-preview:large","max-video-preview":"max-video-preview:-1"},"canonical":"https:\/\/www.psi-polymersystems.com\/es\/faq-static-mixer\/","og_locale":"es_MX","og_type":"article","og_title":"FAQ - Static Mixer","og_description":"Static Mixer - FAQ FAQs for Static Mixers in Plastics Extrusion1. What is a static mixer, and how does it work in plastics extrusion?A static mixer is a","og_url":"https:\/\/www.psi-polymersystems.com\/es\/faq-static-mixer\/","og_site_name":"PSI-Polymer Systems","article_publisher":"https:\/\/www.facebook.com\/psipolymersystems\/","article_modified_time":"2025-07-02T21:05:41+00:00","og_image":[{"width":1262,"height":270,"url":"https:\/\/www.psi-polymersystems.com\/wp-content\/uploads\/2020\/09\/Mixer-Flow-Division.jpg","type":"image\/jpeg"}],"twitter_card":"summary_large_image","twitter_misc":{"Tiempo de lectura":"4 minutos"},"schema":{"@context":"https:\/\/schema.org","@graph":[{"@type":"WebPage","@id":"https:\/\/www.psi-polymersystems.com\/faq-static-mixer\/","url":"https:\/\/www.psi-polymersystems.com\/faq-static-mixer\/","name":"FAQ - Static Mixer - PSI-Polymer Systems","isPartOf":{"@id":"https:\/\/www.psi-polymersystems.com\/#website"},"primaryImageOfPage":{"@id":"https:\/\/www.psi-polymersystems.com\/faq-static-mixer\/#primaryimage"},"image":{"@id":"https:\/\/www.psi-polymersystems.com\/faq-static-mixer\/#primaryimage"},"thumbnailUrl":"https:\/\/www.psi-polymersystems.com\/wp-content\/uploads\/2020\/09\/Mixer-Flow-Division-1024x219.jpg","datePublished":"2025-07-02T21:00:18+00:00","dateModified":"2025-07-02T21:05:41+00:00","breadcrumb":{"@id":"https:\/\/www.psi-polymersystems.com\/faq-static-mixer\/#breadcrumb"},"inLanguage":"es","potentialAction":[{"@type":"ReadAction","target":["https:\/\/www.psi-polymersystems.com\/faq-static-mixer\/"]}]},{"@type":"ImageObject","inLanguage":"es","@id":"https:\/\/www.psi-polymersystems.com\/faq-static-mixer\/#primaryimage","url":"https:\/\/www.psi-polymersystems.com\/wp-content\/uploads\/2020\/09\/Mixer-Flow-Division-1024x219.jpg","contentUrl":"https:\/\/www.psi-polymersystems.com\/wp-content\/uploads\/2020\/09\/Mixer-Flow-Division-1024x219.jpg"},{"@type":"BreadcrumbList","@id":"https:\/\/www.psi-polymersystems.com\/faq-static-mixer\/#breadcrumb","itemListElement":[{"@type":"ListItem","position":1,"name":"Home","item":"https:\/\/www.psi-polymersystems.com\/"},{"@type":"ListItem","position":2,"name":"FAQ &#8211; Static Mixer"}]},{"@type":"WebSite","@id":"https:\/\/www.psi-polymersystems.com\/#website","url":"https:\/\/www.psi-polymersystems.com\/","name":"PSI-Polymer Systems","description":"","publisher":{"@id":"https:\/\/www.psi-polymersystems.com\/#organization"},"potentialAction":[{"@type":"SearchAction","target":{"@type":"EntryPoint","urlTemplate":"https:\/\/www.psi-polymersystems.com\/?s={search_term_string}"},"query-input":{"@type":"PropertyValueSpecification","valueRequired":true,"valueName":"search_term_string"}}],"inLanguage":"es"},{"@type":"Organization","@id":"https:\/\/www.psi-polymersystems.com\/#organization","name":"PSI-Polymer Systems, Inc.","url":"https:\/\/www.psi-polymersystems.com\/","logo":{"@type":"ImageObject","inLanguage":"es","@id":"https:\/\/www.psi-polymersystems.com\/#\/schema\/logo\/image\/","url":"","contentUrl":"","caption":"PSI-Polymer Systems, Inc."},"image":{"@id":"https:\/\/www.psi-polymersystems.com\/#\/schema\/logo\/image\/"},"sameAs":["https:\/\/www.facebook.com\/psipolymersystems\/","https:\/\/www.linkedin.com\/showcase\/psi-polymer-systems"]}]}},"_links":{"self":[{"href":"https:\/\/www.psi-polymersystems.com\/es\/wp-json\/wp\/v2\/pages\/12712","targetHints":{"allow":["GET"]}}],"collection":[{"href":"https:\/\/www.psi-polymersystems.com\/es\/wp-json\/wp\/v2\/pages"}],"about":[{"href":"https:\/\/www.psi-polymersystems.com\/es\/wp-json\/wp\/v2\/types\/page"}],"author":[{"embeddable":true,"href":"https:\/\/www.psi-polymersystems.com\/es\/wp-json\/wp\/v2\/users\/2"}],"replies":[{"embeddable":true,"href":"https:\/\/www.psi-polymersystems.com\/es\/wp-json\/wp\/v2\/comments?post=12712"}],"version-history":[{"count":6,"href":"https:\/\/www.psi-polymersystems.com\/es\/wp-json\/wp\/v2\/pages\/12712\/revisions"}],"predecessor-version":[{"id":12722,"href":"https:\/\/www.psi-polymersystems.com\/es\/wp-json\/wp\/v2\/pages\/12712\/revisions\/12722"}],"wp:attachment":[{"href":"https:\/\/www.psi-polymersystems.com\/es\/wp-json\/wp\/v2\/media?parent=12712"}],"curies":[{"name":"wp","href":"https:\/\/api.w.org\/{rel}","templated":true}]}}