{"id":145,"date":"2020-07-06T14:35:21","date_gmt":"2020-07-06T14:35:21","guid":{"rendered":"https:\/\/psi-polymersystems.com\/?page_id=145"},"modified":"2020-09-15T13:52:25","modified_gmt":"2020-09-15T13:52:25","slug":"testimonials","status":"publish","type":"page","link":"https:\/\/www.psi-polymersystems.com\/es\/testimonials\/","title":{"rendered":"Testimonios"},"content":{"rendered":"<div data-elementor-type=\"wp-page\" data-elementor-id=\"145\" class=\"elementor elementor-145\" data-elementor-post-type=\"page\">\n\t\t\t\t\t\t<section class=\"elementor-section elementor-top-section elementor-element elementor-element-2c299cb elementor-section-boxed elementor-section-height-default elementor-section-height-default\" data-id=\"2c299cb\" data-element_type=\"section\" data-e-type=\"section\">\n\t\t\t\t\t\t<div class=\"elementor-container elementor-column-gap-default\">\n\t\t\t\t\t<div class=\"elementor-column elementor-col-100 elementor-top-column elementor-element elementor-element-e63f21d\" data-id=\"e63f21d\" data-element_type=\"column\" data-e-type=\"column\">\n\t\t\t<div class=\"elementor-widget-wrap elementor-element-populated\">\n\t\t\t\t\t\t<div class=\"elementor-element elementor-element-8b9ecba elementor-widget elementor-widget-text-editor\" data-id=\"8b9ecba\" data-element_type=\"widget\" data-e-type=\"widget\" data-widget_type=\"text-editor.default\">\n\t\t\t\t<div class=\"elementor-widget-container\">\n\t\t\t\t\t\t\t\t\t<h3>\u00a1C\u00f3mo los equipos de PSI han beneficiado a estas empresas!<\/h3>\t\t\t\t\t\t\t\t<\/div>\n\t\t\t\t<\/div>\n\t\t\t\t\t<\/div>\n\t\t<\/div>\n\t\t\t\t\t<\/div>\n\t\t<\/section>\n\t\t\t\t<section class=\"elementor-section elementor-top-section elementor-element elementor-element-35cd8c2c elementor-section-boxed elementor-section-height-default elementor-section-height-default\" data-id=\"35cd8c2c\" data-element_type=\"section\" data-e-type=\"section\">\n\t\t\t\t\t\t<div class=\"elementor-container elementor-column-gap-default\">\n\t\t\t\t\t<div class=\"elementor-column elementor-col-100 elementor-top-column elementor-element elementor-element-4af4ce64\" data-id=\"4af4ce64\" data-element_type=\"column\" data-e-type=\"column\">\n\t\t\t<div class=\"elementor-widget-wrap elementor-element-populated\">\n\t\t\t\t\t\t<div class=\"elementor-element elementor-element-5f3c7943 elementor-widget elementor-widget-text-editor\" data-id=\"5f3c7943\" data-element_type=\"widget\" data-e-type=\"widget\" data-widget_type=\"text-editor.default\">\n\t\t\t\t<div class=\"elementor-widget-container\">\n\t\t\t\t\t\t\t\t\t\n<h3 class=\"wp-block-heading\"><span style=\"color: #0693e3;\">Resinas Verity<\/span><\/h3>\n\n<p>Cuando le pedimos a PSI-Polymer Systems que nos proporcionara un cambiador de pantalla que permitiera un mayor rendimiento, PSI vendi\u00f3 a Verity Resins una unidad mientras brindaba una garant\u00eda de 20% de aumento de producci\u00f3n. No solo obtuvimos un mayor rendimiento de 20%, sino que tambi\u00e9n recibimos una excelente capacitaci\u00f3n pr\u00e1ctica y asistencia t\u00e9cnica que usted esperar\u00eda de un proveedor de Nivel 1. Recomendamos a PSI como proveedor de primera elecci\u00f3n para cualquier empresa que desee agregar un cambiador de pantalla o una bomba de engranajes. El servicio y el soporte son tan importantes para nosotros como el equipo y PSI ofrece ambos.<\/p>\n\n<h3 class=\"wp-block-heading\"><span style=\"color: #0693e3;\">Embalaje Pen\u00ednsula<\/span><\/h3>\n\n<p>Peninsula Packaging ha tenido un gran \u00e9xito trabajando con PSI-Polymer Systems en lo que respecta a bombas de engranajes, cambiadores de pantalla y mezcladores est\u00e1ticos. Recomendamos a cualquier empresa de extrusi\u00f3n que trabaje con PSI, ya que fabrican productos de calidad en cuanto a equipos auxiliares de extrusi\u00f3n.<\/p>\n\n<h3 class=\"wp-block-heading\"><span style=\"color: #0693e3;\">HB Fuller<\/span><\/h3>\n\n<p>HB Fuller ha instalado varios cambiadores de pantalla y bombas de engranajes fabricados por PSI-Polymer Systems. PSI tiene una excelente l\u00ednea de productos, un servicio al cliente incomparable y contin\u00faan desarrollando nueva tecnolog\u00eda que ha mejorado directamente el proceso mediante el cual fabricamos nuestros productos.<\/p>\n\n<h3 class=\"wp-block-heading\"><span style=\"color: #0693e3;\">Soluciones de proceso adhesivo<\/span><\/h3>\n\n<p>Implementamos cambiadores de pantalla y bombas de engranajes de PSI-Polymer Systems en nuestras aplicaciones de adhesivo termofusible. PSI cuenta con un equipo sumamente capacitado. Tienen la experiencia de aplicaci\u00f3n necesaria para determinar exactamente qu\u00e9 se necesita para agilizar nuestros procesos adhesivos. PSI examina minuciosamente cada aplicaci\u00f3n y proporciona lo necesario para obtener los resultados finales deseados. Cuando necesitamos cambiadores de criba o bombas de engranajes, recurrimos a los expertos de PSI. Para obtener informaci\u00f3n adicional sobre las soluciones de procesos adhesivos, comun\u00edquese con:<\/p>\n\n<ul class=\"wp-block-list\">\n<li>Dwayne Free<\/li>\n<li>Adhesive Process Solutions LLC<\/li>\n<li>Apartado de correos 4<\/li>\n<li>Bandana, KY 42022<\/li>\n<li>270-559-5377 celda<\/li>\n<li>Oficina 270-224-2699<\/li>\n<li><a href=\"mailto:dfree@adhesiveprocesssolutions.com?subject=Information Regarding Adhesive Process Solutions\">dfree@adhesiveprocesssolutions.com<\/a><\/li>\n<\/ul>\n\n<h3 class=\"wp-block-heading\"><span style=\"color: #0693e3;\">Aeropro<\/span><\/h3>\n\n<p>Estamos muy satisfechos con PSI-Polymer Systems. Hay varias cosas que componen una gran empresa y comienza con su gente, su producto y su servicio. PSI ocupa un lugar destacado en los tres en nuestro libro. \u00a1El mejor lugar para bombas de engranajes en EE. UU.! El equipo de soporte de PSI respalda sus productos. \u00a1Su equipo de servicio tiene la experiencia y el conocimiento para responder todas las preguntas que les hacemos! No veo c\u00f3mo puede mejorar. Ustedes son buenos en lo que hacen.<\/p>\n\n<h3 class=\"wp-block-heading\"><span style=\"color: #0693e3;\">Extrusiones pl\u00e1sticas generales<\/span><\/h3>\n\n<p>General Plastic Extrusions ha reemplazado varios cambiadores de pantalla con cambiadores de pantalla manuales de PSI-Polymer Systems. Han estado funcionando sin fugas y sin problemas de mantenimiento. Planeamos trabajar con PSI en el futuro para nuestros pr\u00f3ximos proyectos de cambiadores de pantalla.<\/p>\n\n<h3 class=\"wp-block-heading\"><span style=\"color: #0693e3;\">Industrias Spencer<\/span><\/h3>\n\n<p>Despu\u00e9s de operar bombas de fusi\u00f3n durante m\u00e1s de 15 a\u00f1os, se eligi\u00f3 a PSI para reconstruir una bomba existente y equipar una l\u00ednea m\u00e1s antigua con bombas y adaptadores. Estos proyectos comenzaron hace m\u00e1s de un a\u00f1o y hemos descubierto que PSI brinda un rendimiento superior, un servicio al cliente extremadamente receptivo y tecnolog\u00eda que funciona en el piso de producci\u00f3n. PSI se apresur\u00f3 a ayudar a resolver todos los problemas y ahora tenemos seis bombas, nuevas y reconstruidas, que funcionan sin problemas y sin fugas. Quiz\u00e1s el mayor activo de PSI es que nos ense\u00f1aron la tecnolog\u00eda de bombas de precisi\u00f3n que nos permite mantener el rendimiento y eliminar las fallas catastr\u00f3ficas. PSI ha sido un proveedor sobresaliente y una adici\u00f3n bienvenida a nuestra tecnolog\u00eda. Estos tipos realmente saben c\u00f3mo hacer funcionar las bombas de fusi\u00f3n.<\/p>\n\t\t\t\t\t\t\t\t<\/div>\n\t\t\t\t<\/div>\n\t\t\t\t\t<\/div>\n\t\t<\/div>\n\t\t\t\t\t<\/div>\n\t\t<\/section>\n\t\t\t\t<\/div>","protected":false},"excerpt":{"rendered":"<p>\u00a1C\u00f3mo ha beneficiado el equipo de PSI a estas empresas! Verity Resins Cuando le pedimos a PSI-Polymer Systems que nos proporcionara un cambiador de pantalla que permitiera un mayor rendimiento, PSI vendi\u00f3 una unidad a Verity Resins y nos brind\u00f3 una garant\u00eda de 20% de mayor producci\u00f3n. No solo superamos un mayor rendimiento de 20%, sino que tambi\u00e9n recibimos [\u2026]<\/p>","protected":false},"author":2,"featured_media":0,"parent":0,"menu_order":0,"comment_status":"closed","ping_status":"closed","template":"","meta":{"_monsterinsights_skip_tracking":false,"_monsterinsights_sitenote_active":false,"_monsterinsights_sitenote_note":"","_monsterinsights_sitenote_category":0,"footnotes":""},"class_list":["post-145","page","type-page","status-publish","hentry"],"yoast_head":"<!-- This site is optimized with the Yoast SEO Premium plugin v25.0 (Yoast SEO v25.0) - https:\/\/yoast.com\/wordpress\/plugins\/seo\/ -->\n<title>Testimonials - PSI-Polymer Systems<\/title>\n<meta name=\"robots\" content=\"index, follow, max-snippet:-1, max-image-preview:large, max-video-preview:-1\" \/>\n<link rel=\"canonical\" href=\"https:\/\/www.psi-polymersystems.com\/es\/testimonials\/\" \/>\n<meta property=\"og:locale\" content=\"es_MX\" \/>\n<meta property=\"og:type\" content=\"article\" \/>\n<meta property=\"og:title\" content=\"Testimonials\" \/>\n<meta property=\"og:description\" content=\"How PSI&#039;s equipment has benefited these companies! Verity Resins When we asked PSI-Polymer Systems to provide us with a screen changer that would allow\" \/>\n<meta property=\"og:url\" content=\"https:\/\/www.psi-polymersystems.com\/es\/testimonials\/\" \/>\n<meta property=\"og:site_name\" content=\"PSI-Polymer Systems\" \/>\n<meta property=\"article:publisher\" content=\"https:\/\/www.facebook.com\/psipolymersystems\/\" \/>\n<meta property=\"article:modified_time\" content=\"2020-09-15T13:52:25+00:00\" \/>\n<meta name=\"twitter:card\" content=\"summary_large_image\" \/>\n<meta name=\"twitter:label1\" content=\"Tiempo de lectura\" \/>\n\t<meta name=\"twitter:data1\" content=\"3 minutos\" \/>\n<script type=\"application\/ld+json\" class=\"yoast-schema-graph\">{\"@context\":\"https:\/\/schema.org\",\"@graph\":[{\"@type\":\"WebPage\",\"@id\":\"https:\/\/www.psi-polymersystems.com\/testimonials\/\",\"url\":\"https:\/\/www.psi-polymersystems.com\/testimonials\/\",\"name\":\"Testimonials - PSI-Polymer Systems\",\"isPartOf\":{\"@id\":\"https:\/\/www.psi-polymersystems.com\/#website\"},\"datePublished\":\"2020-07-06T14:35:21+00:00\",\"dateModified\":\"2020-09-15T13:52:25+00:00\",\"breadcrumb\":{\"@id\":\"https:\/\/www.psi-polymersystems.com\/testimonials\/#breadcrumb\"},\"inLanguage\":\"es\",\"potentialAction\":[{\"@type\":\"ReadAction\",\"target\":[\"https:\/\/www.psi-polymersystems.com\/testimonials\/\"]}]},{\"@type\":\"BreadcrumbList\",\"@id\":\"https:\/\/www.psi-polymersystems.com\/testimonials\/#breadcrumb\",\"itemListElement\":[{\"@type\":\"ListItem\",\"position\":1,\"name\":\"Home\",\"item\":\"https:\/\/www.psi-polymersystems.com\/\"},{\"@type\":\"ListItem\",\"position\":2,\"name\":\"Testimonials\"}]},{\"@type\":\"WebSite\",\"@id\":\"https:\/\/www.psi-polymersystems.com\/#website\",\"url\":\"https:\/\/www.psi-polymersystems.com\/\",\"name\":\"PSI-Polymer Systems\",\"description\":\"\",\"publisher\":{\"@id\":\"https:\/\/www.psi-polymersystems.com\/#organization\"},\"potentialAction\":[{\"@type\":\"SearchAction\",\"target\":{\"@type\":\"EntryPoint\",\"urlTemplate\":\"https:\/\/www.psi-polymersystems.com\/?s={search_term_string}\"},\"query-input\":{\"@type\":\"PropertyValueSpecification\",\"valueRequired\":true,\"valueName\":\"search_term_string\"}}],\"inLanguage\":\"es\"},{\"@type\":\"Organization\",\"@id\":\"https:\/\/www.psi-polymersystems.com\/#organization\",\"name\":\"PSI-Polymer Systems, Inc.\",\"url\":\"https:\/\/www.psi-polymersystems.com\/\",\"logo\":{\"@type\":\"ImageObject\",\"inLanguage\":\"es\",\"@id\":\"https:\/\/www.psi-polymersystems.com\/#\/schema\/logo\/image\/\",\"url\":\"\",\"contentUrl\":\"\",\"caption\":\"PSI-Polymer Systems, Inc.\"},\"image\":{\"@id\":\"https:\/\/www.psi-polymersystems.com\/#\/schema\/logo\/image\/\"},\"sameAs\":[\"https:\/\/www.facebook.com\/psipolymersystems\/\",\"https:\/\/www.linkedin.com\/showcase\/psi-polymer-systems\"]}]}<\/script>\n<!-- \/ Yoast SEO Premium plugin. -->","yoast_head_json":{"title":"Testimonials - PSI-Polymer Systems","robots":{"index":"index","follow":"follow","max-snippet":"max-snippet:-1","max-image-preview":"max-image-preview:large","max-video-preview":"max-video-preview:-1"},"canonical":"https:\/\/www.psi-polymersystems.com\/es\/testimonials\/","og_locale":"es_MX","og_type":"article","og_title":"Testimonials","og_description":"How PSI's equipment has benefited these companies! Verity Resins When we asked PSI-Polymer Systems to provide us with a screen changer that would allow","og_url":"https:\/\/www.psi-polymersystems.com\/es\/testimonials\/","og_site_name":"PSI-Polymer Systems","article_publisher":"https:\/\/www.facebook.com\/psipolymersystems\/","article_modified_time":"2020-09-15T13:52:25+00:00","twitter_card":"summary_large_image","twitter_misc":{"Tiempo de lectura":"3 minutos"},"schema":{"@context":"https:\/\/schema.org","@graph":[{"@type":"WebPage","@id":"https:\/\/www.psi-polymersystems.com\/testimonials\/","url":"https:\/\/www.psi-polymersystems.com\/testimonials\/","name":"Testimonials - PSI-Polymer Systems","isPartOf":{"@id":"https:\/\/www.psi-polymersystems.com\/#website"},"datePublished":"2020-07-06T14:35:21+00:00","dateModified":"2020-09-15T13:52:25+00:00","breadcrumb":{"@id":"https:\/\/www.psi-polymersystems.com\/testimonials\/#breadcrumb"},"inLanguage":"es","potentialAction":[{"@type":"ReadAction","target":["https:\/\/www.psi-polymersystems.com\/testimonials\/"]}]},{"@type":"BreadcrumbList","@id":"https:\/\/www.psi-polymersystems.com\/testimonials\/#breadcrumb","itemListElement":[{"@type":"ListItem","position":1,"name":"Home","item":"https:\/\/www.psi-polymersystems.com\/"},{"@type":"ListItem","position":2,"name":"Testimonials"}]},{"@type":"WebSite","@id":"https:\/\/www.psi-polymersystems.com\/#website","url":"https:\/\/www.psi-polymersystems.com\/","name":"PSI-Polymer Systems","description":"","publisher":{"@id":"https:\/\/www.psi-polymersystems.com\/#organization"},"potentialAction":[{"@type":"SearchAction","target":{"@type":"EntryPoint","urlTemplate":"https:\/\/www.psi-polymersystems.com\/?s={search_term_string}"},"query-input":{"@type":"PropertyValueSpecification","valueRequired":true,"valueName":"search_term_string"}}],"inLanguage":"es"},{"@type":"Organization","@id":"https:\/\/www.psi-polymersystems.com\/#organization","name":"PSI-Polymer Systems, Inc.","url":"https:\/\/www.psi-polymersystems.com\/","logo":{"@type":"ImageObject","inLanguage":"es","@id":"https:\/\/www.psi-polymersystems.com\/#\/schema\/logo\/image\/","url":"","contentUrl":"","caption":"PSI-Polymer Systems, Inc."},"image":{"@id":"https:\/\/www.psi-polymersystems.com\/#\/schema\/logo\/image\/"},"sameAs":["https:\/\/www.facebook.com\/psipolymersystems\/","https:\/\/www.linkedin.com\/showcase\/psi-polymer-systems"]}]}},"_links":{"self":[{"href":"https:\/\/www.psi-polymersystems.com\/es\/wp-json\/wp\/v2\/pages\/145","targetHints":{"allow":["GET"]}}],"collection":[{"href":"https:\/\/www.psi-polymersystems.com\/es\/wp-json\/wp\/v2\/pages"}],"about":[{"href":"https:\/\/www.psi-polymersystems.com\/es\/wp-json\/wp\/v2\/types\/page"}],"author":[{"embeddable":true,"href":"https:\/\/www.psi-polymersystems.com\/es\/wp-json\/wp\/v2\/users\/2"}],"replies":[{"embeddable":true,"href":"https:\/\/www.psi-polymersystems.com\/es\/wp-json\/wp\/v2\/comments?post=145"}],"version-history":[{"count":0,"href":"https:\/\/www.psi-polymersystems.com\/es\/wp-json\/wp\/v2\/pages\/145\/revisions"}],"wp:attachment":[{"href":"https:\/\/www.psi-polymersystems.com\/es\/wp-json\/wp\/v2\/media?parent=145"}],"curies":[{"name":"wp","href":"https:\/\/api.w.org\/{rel}","templated":true}]}}