{"id":4017,"date":"2020-08-06T19:58:50","date_gmt":"2020-08-06T19:58:50","guid":{"rendered":"https:\/\/psi-polymersystems.com\/?page_id=4017"},"modified":"2025-10-31T15:17:37","modified_gmt":"2025-10-31T15:17:37","slug":"filterpak-200","status":"publish","type":"page","link":"https:\/\/www.psi-polymersystems.com\/es\/products\/controls\/filterpak-200\/","title":{"rendered":"FilterPak-200"},"content":{"rendered":"<div data-elementor-type=\"wp-page\" data-elementor-id=\"4017\" class=\"elementor elementor-4017\" data-elementor-post-type=\"page\">\n\t\t\t\t\t\t<section class=\"elementor-section elementor-top-section elementor-element elementor-element-22610a2b elementor-section-boxed elementor-section-height-default elementor-section-height-default\" data-id=\"22610a2b\" data-element_type=\"section\" data-e-type=\"section\">\n\t\t\t\t\t\t<div class=\"elementor-container elementor-column-gap-default\">\n\t\t\t\t\t<div class=\"elementor-column elementor-col-100 elementor-top-column elementor-element elementor-element-4f892bcc\" data-id=\"4f892bcc\" data-element_type=\"column\" data-e-type=\"column\">\n\t\t\t<div class=\"elementor-widget-wrap elementor-element-populated\">\n\t\t\t\t\t\t<div class=\"elementor-element elementor-element-1db43e98 elementor-widget elementor-widget-text-editor\" data-id=\"1db43e98\" data-element_type=\"widget\" data-e-type=\"widget\" data-widget_type=\"text-editor.default\">\n\t\t\t\t<div class=\"elementor-widget-container\">\n\t\t\t\t\t\t\t\t\t<h3><span style=\"color: #0693e3;\">Control PLC Filterpak-200<\/span><\/h3><h5>Opera un cambiador de mallas continuo de retrolavado o de cuatro filtros continuo<\/h5>\t\t\t\t\t\t\t\t<\/div>\n\t\t\t\t<\/div>\n\t\t\t\t\t<\/div>\n\t\t<\/div>\n\t\t\t\t\t<\/div>\n\t\t<\/section>\n\t\t\t\t<section class=\"elementor-section elementor-top-section elementor-element elementor-element-4c714e32 elementor-section-boxed elementor-section-height-default elementor-section-height-default\" data-id=\"4c714e32\" data-element_type=\"section\" data-e-type=\"section\">\n\t\t\t\t\t\t<div class=\"elementor-container elementor-column-gap-default\">\n\t\t\t\t\t<div class=\"elementor-column elementor-col-33 elementor-top-column elementor-element elementor-element-6c884deb\" data-id=\"6c884deb\" data-element_type=\"column\" data-e-type=\"column\">\n\t\t\t<div class=\"elementor-widget-wrap elementor-element-populated\">\n\t\t\t\t\t\t<div class=\"elementor-element elementor-element-40035f49 elementor-widget elementor-widget-image\" data-id=\"40035f49\" data-element_type=\"widget\" data-e-type=\"widget\" data-widget_type=\"image.default\">\n\t\t\t\t<div class=\"elementor-widget-container\">\n\t\t\t\t\t\t\t\t\t\t\t\t\t\t\t<img fetchpriority=\"high\" decoding=\"async\" width=\"802\" height=\"482\" src=\"https:\/\/www.psi-polymersystems.com\/wp-content\/uploads\/2020\/08\/FP-200-Main.jpg\" class=\"attachment-large size-large wp-image-4343\" alt=\"Polymer Extrusion System Controls\" srcset=\"https:\/\/www.psi-polymersystems.com\/wp-content\/uploads\/2020\/08\/FP-200-Main.jpg 802w, https:\/\/www.psi-polymersystems.com\/wp-content\/uploads\/2020\/08\/FP-200-Main-300x180.jpg 300w, https:\/\/www.psi-polymersystems.com\/wp-content\/uploads\/2020\/08\/FP-200-Main-768x462.jpg 768w, https:\/\/www.psi-polymersystems.com\/wp-content\/uploads\/2020\/08\/FP-200-Main-600x361.jpg 600w\" sizes=\"(max-width: 802px) 100vw, 802px\" \/>\t\t\t\t\t\t\t\t\t\t\t\t\t\t\t<\/div>\n\t\t\t\t<\/div>\n\t\t\t\t<div class=\"elementor-element elementor-element-f4fb2f7 elementor-align-justify elementor-widget elementor-widget-button\" data-id=\"f4fb2f7\" data-element_type=\"widget\" data-e-type=\"widget\" data-widget_type=\"button.default\">\n\t\t\t\t<div class=\"elementor-widget-container\">\n\t\t\t\t\t\t\t\t\t<div class=\"elementor-button-wrapper\">\n\t\t\t\t\t<a class=\"elementor-button elementor-button-link elementor-size-sm\" href=\"\/es\/screen-changer-controls\/\">\n\t\t\t\t\t\t<span class=\"elementor-button-content-wrapper\">\n\t\t\t\t\t\t\t\t\t<span class=\"elementor-button-text\">Volver al resumen de controles del cambiador de pantalla<\/span>\n\t\t\t\t\t<\/span>\n\t\t\t\t\t<\/a>\n\t\t\t\t<\/div>\n\t\t\t\t\t\t\t\t<\/div>\n\t\t\t\t<\/div>\n\t\t\t\t\t<\/div>\n\t\t<\/div>\n\t\t\t\t<div class=\"elementor-column elementor-col-33 elementor-top-column elementor-element elementor-element-513e8817\" data-id=\"513e8817\" data-element_type=\"column\" data-e-type=\"column\">\n\t\t\t<div class=\"elementor-widget-wrap elementor-element-populated\">\n\t\t\t\t\t\t<div class=\"elementor-element elementor-element-6655cba9 elementor-widget elementor-widget-text-editor\" data-id=\"6655cba9\" data-element_type=\"widget\" data-e-type=\"widget\" data-widget_type=\"text-editor.default\">\n\t\t\t\t<div class=\"elementor-widget-container\">\n\t\t\t\t\t\t\t\t\t<h4><span style=\"color: #0693e3;\">Descripci\u00f3n del producto<\/span><\/h4><p>PLC: B&amp;R, Allen Bradley o Automation Direct<\/p><p>HMI: pantalla t\u00e1ctil a color de 10 \u201d<\/p><p>Controla funcionalmente la actuaci\u00f3n del pist\u00f3n, el retrolavado, el cambio de pantalla, las ubicaciones de ventilaci\u00f3n y los tiempos de permanencia<\/p><h4><span style=\"color: #0693e3;\">Muestra<\/span><\/h4><ul><li>Posiciones de pist\u00f3n<\/li><li>Presi\u00f3n de entrada \/ salida \/ delta (transductores de terceros si no se suministran)<\/li><li>Indicaci\u00f3n visual de pantalla limpia<\/li><\/ul>\t\t\t\t\t\t\t\t<\/div>\n\t\t\t\t<\/div>\n\t\t\t\t\t<\/div>\n\t\t<\/div>\n\t\t\t\t<div class=\"elementor-column elementor-col-33 elementor-top-column elementor-element elementor-element-d4b9fd6\" data-id=\"d4b9fd6\" data-element_type=\"column\" data-e-type=\"column\">\n\t\t\t<div class=\"elementor-widget-wrap elementor-element-populated\">\n\t\t\t\t\t\t<div class=\"elementor-element elementor-element-4739079a elementor-widget elementor-widget-text-editor\" data-id=\"4739079a\" data-element_type=\"widget\" data-e-type=\"widget\" data-widget_type=\"text-editor.default\">\n\t\t\t\t<div class=\"elementor-widget-container\">\n\t\t\t\t\t\t\t\t\t<h4><span style=\"color: #0693e3;\">Caracteristicas<\/span><\/h4><ul><li>Auto-Homing (el bot\u00f3n pulsador lleva los pistones a la posici\u00f3n de flujo en l\u00ednea en modo manual)<\/li><li><span style=\"letter-spacing: 0px;\">Tendencias<\/span><\/li><\/ul>\t\t\t\t\t\t\t\t<\/div>\n\t\t\t\t<\/div>\n\t\t\t\t\t<\/div>\n\t\t<\/div>\n\t\t\t\t\t<\/div>\n\t\t<\/section>\n\t\t\t\t<\/div>","protected":false},"excerpt":{"rendered":"<p>Control PLC Filterpak-200. Opera un cambiador de filtros continuo con retrolavado o con cuatro filtros. Volver a la descripci\u00f3n general de los controles del cambiador de filtros. Descripci\u00f3n del producto. PLC: B&amp;R, Allen Bradley o Automation Direct. HMI: pantalla t\u00e1ctil a color de 10\u201d. Controla funcionalmente la actuaci\u00f3n del pist\u00f3n, el retrolavado, el cambio de filtros, las ubicaciones de ventilaci\u00f3n y los tiempos de permanencia. Muestra las posiciones del pist\u00f3n y la presi\u00f3n de entrada\/salida\/diferencial (transductores de [\u2026]<\/p>","protected":false},"author":2,"featured_media":0,"parent":349,"menu_order":0,"comment_status":"closed","ping_status":"closed","template":"","meta":{"_monsterinsights_skip_tracking":false,"_monsterinsights_sitenote_active":false,"_monsterinsights_sitenote_note":"","_monsterinsights_sitenote_category":0,"footnotes":""},"class_list":["post-4017","page","type-page","status-publish","hentry"],"yoast_head":"<!-- This site is optimized with the Yoast SEO Premium plugin v25.0 (Yoast SEO v25.0) - https:\/\/yoast.com\/wordpress\/plugins\/seo\/ -->\n<title>FilterPak-200 - PSI-Polymer Systems<\/title>\n<meta name=\"description\" content=\"FilterPak-200 PLC\/HMI control for one PSI-Polymer Systems Continuous Backflush Screen Changer with recipe, trending, data logging and many other features.\" \/>\n<meta name=\"robots\" content=\"index, follow, max-snippet:-1, max-image-preview:large, max-video-preview:-1\" \/>\n<link rel=\"canonical\" href=\"https:\/\/www.psi-polymersystems.com\/es\/products\/controls\/filterpak-200\/\" \/>\n<meta property=\"og:locale\" content=\"es_MX\" \/>\n<meta property=\"og:type\" content=\"article\" \/>\n<meta property=\"og:title\" content=\"FilterPak-200\" \/>\n<meta property=\"og:description\" content=\"Filterpak-200 PLC ControlOperates one Backflush Continuous or quad-filter Continuous Screen Changer Back to Screen Changer Controls Summary Product\" \/>\n<meta property=\"og:url\" content=\"https:\/\/www.psi-polymersystems.com\/es\/products\/controls\/filterpak-200\/\" \/>\n<meta property=\"og:site_name\" content=\"PSI-Polymer Systems\" \/>\n<meta property=\"article:publisher\" content=\"https:\/\/www.facebook.com\/psipolymersystems\/\" \/>\n<meta property=\"article:modified_time\" content=\"2025-10-31T15:17:37+00:00\" \/>\n<meta property=\"og:image\" content=\"https:\/\/www.psi-polymersystems.com\/wp-content\/uploads\/2020\/08\/FP-200-Main.jpg\" \/>\n\t<meta property=\"og:image:width\" content=\"802\" \/>\n\t<meta property=\"og:image:height\" content=\"482\" \/>\n\t<meta property=\"og:image:type\" content=\"image\/jpeg\" \/>\n<meta name=\"twitter:card\" content=\"summary_large_image\" \/>\n<meta name=\"twitter:label1\" content=\"Tiempo de lectura\" \/>\n\t<meta name=\"twitter:data1\" content=\"1 minuto\" \/>\n<script type=\"application\/ld+json\" class=\"yoast-schema-graph\">{\"@context\":\"https:\/\/schema.org\",\"@graph\":[{\"@type\":\"WebPage\",\"@id\":\"https:\/\/www.psi-polymersystems.com\/products\/controls\/filterpak-200\/\",\"url\":\"https:\/\/www.psi-polymersystems.com\/products\/controls\/filterpak-200\/\",\"name\":\"FilterPak-200 - PSI-Polymer Systems\",\"isPartOf\":{\"@id\":\"https:\/\/www.psi-polymersystems.com\/#website\"},\"primaryImageOfPage\":{\"@id\":\"https:\/\/www.psi-polymersystems.com\/products\/controls\/filterpak-200\/#primaryimage\"},\"image\":{\"@id\":\"https:\/\/www.psi-polymersystems.com\/products\/controls\/filterpak-200\/#primaryimage\"},\"thumbnailUrl\":\"https:\/\/www.psi-polymersystems.com\/wp-content\/uploads\/2020\/08\/FP-200-Main.jpg\",\"datePublished\":\"2020-08-06T19:58:50+00:00\",\"dateModified\":\"2025-10-31T15:17:37+00:00\",\"description\":\"FilterPak-200 PLC\/HMI control for one PSI-Polymer Systems Continuous Backflush Screen Changer with recipe, trending, data logging and many other features.\",\"breadcrumb\":{\"@id\":\"https:\/\/www.psi-polymersystems.com\/products\/controls\/filterpak-200\/#breadcrumb\"},\"inLanguage\":\"es\",\"potentialAction\":[{\"@type\":\"ReadAction\",\"target\":[\"https:\/\/www.psi-polymersystems.com\/products\/controls\/filterpak-200\/\"]}]},{\"@type\":\"ImageObject\",\"inLanguage\":\"es\",\"@id\":\"https:\/\/www.psi-polymersystems.com\/products\/controls\/filterpak-200\/#primaryimage\",\"url\":\"https:\/\/www.psi-polymersystems.com\/wp-content\/uploads\/2020\/08\/FP-200-Main.jpg\",\"contentUrl\":\"https:\/\/www.psi-polymersystems.com\/wp-content\/uploads\/2020\/08\/FP-200-Main.jpg\"},{\"@type\":\"BreadcrumbList\",\"@id\":\"https:\/\/www.psi-polymersystems.com\/products\/controls\/filterpak-200\/#breadcrumb\",\"itemListElement\":[{\"@type\":\"ListItem\",\"position\":1,\"name\":\"Home\",\"item\":\"https:\/\/www.psi-polymersystems.com\/\"},{\"@type\":\"ListItem\",\"position\":2,\"name\":\"Product Overview\",\"item\":\"https:\/\/www.psi-polymersystems.com\/products\/\"},{\"@type\":\"ListItem\",\"position\":3,\"name\":\"Controls\",\"item\":\"https:\/\/www.psi-polymersystems.com\/es\/products\/controls\/\"},{\"@type\":\"ListItem\",\"position\":4,\"name\":\"FilterPak-200\"}]},{\"@type\":\"WebSite\",\"@id\":\"https:\/\/www.psi-polymersystems.com\/#website\",\"url\":\"https:\/\/www.psi-polymersystems.com\/\",\"name\":\"PSI-Polymer Systems\",\"description\":\"\",\"publisher\":{\"@id\":\"https:\/\/www.psi-polymersystems.com\/#organization\"},\"potentialAction\":[{\"@type\":\"SearchAction\",\"target\":{\"@type\":\"EntryPoint\",\"urlTemplate\":\"https:\/\/www.psi-polymersystems.com\/?s={search_term_string}\"},\"query-input\":{\"@type\":\"PropertyValueSpecification\",\"valueRequired\":true,\"valueName\":\"search_term_string\"}}],\"inLanguage\":\"es\"},{\"@type\":\"Organization\",\"@id\":\"https:\/\/www.psi-polymersystems.com\/#organization\",\"name\":\"PSI-Polymer Systems, Inc.\",\"url\":\"https:\/\/www.psi-polymersystems.com\/\",\"logo\":{\"@type\":\"ImageObject\",\"inLanguage\":\"es\",\"@id\":\"https:\/\/www.psi-polymersystems.com\/#\/schema\/logo\/image\/\",\"url\":\"\",\"contentUrl\":\"\",\"caption\":\"PSI-Polymer Systems, Inc.\"},\"image\":{\"@id\":\"https:\/\/www.psi-polymersystems.com\/#\/schema\/logo\/image\/\"},\"sameAs\":[\"https:\/\/www.facebook.com\/psipolymersystems\/\",\"https:\/\/www.linkedin.com\/showcase\/psi-polymer-systems\"]}]}<\/script>\n<!-- \/ Yoast SEO Premium plugin. -->","yoast_head_json":{"title":"FilterPak-200 - PSI-Polymer Systems","description":"FilterPak-200 PLC\/HMI control for one PSI-Polymer Systems Continuous Backflush Screen Changer with recipe, trending, data logging and many other features.","robots":{"index":"index","follow":"follow","max-snippet":"max-snippet:-1","max-image-preview":"max-image-preview:large","max-video-preview":"max-video-preview:-1"},"canonical":"https:\/\/www.psi-polymersystems.com\/es\/products\/controls\/filterpak-200\/","og_locale":"es_MX","og_type":"article","og_title":"FilterPak-200","og_description":"Filterpak-200 PLC ControlOperates one Backflush Continuous or quad-filter Continuous Screen Changer Back to Screen Changer Controls Summary Product","og_url":"https:\/\/www.psi-polymersystems.com\/es\/products\/controls\/filterpak-200\/","og_site_name":"PSI-Polymer Systems","article_publisher":"https:\/\/www.facebook.com\/psipolymersystems\/","article_modified_time":"2025-10-31T15:17:37+00:00","og_image":[{"width":802,"height":482,"url":"https:\/\/www.psi-polymersystems.com\/wp-content\/uploads\/2020\/08\/FP-200-Main.jpg","type":"image\/jpeg"}],"twitter_card":"summary_large_image","twitter_misc":{"Tiempo de lectura":"1 minuto"},"schema":{"@context":"https:\/\/schema.org","@graph":[{"@type":"WebPage","@id":"https:\/\/www.psi-polymersystems.com\/products\/controls\/filterpak-200\/","url":"https:\/\/www.psi-polymersystems.com\/products\/controls\/filterpak-200\/","name":"FilterPak-200 - PSI-Polymer Systems","isPartOf":{"@id":"https:\/\/www.psi-polymersystems.com\/#website"},"primaryImageOfPage":{"@id":"https:\/\/www.psi-polymersystems.com\/products\/controls\/filterpak-200\/#primaryimage"},"image":{"@id":"https:\/\/www.psi-polymersystems.com\/products\/controls\/filterpak-200\/#primaryimage"},"thumbnailUrl":"https:\/\/www.psi-polymersystems.com\/wp-content\/uploads\/2020\/08\/FP-200-Main.jpg","datePublished":"2020-08-06T19:58:50+00:00","dateModified":"2025-10-31T15:17:37+00:00","description":"FilterPak-200 PLC\/HMI control for one PSI-Polymer Systems Continuous Backflush Screen Changer with recipe, trending, data logging and many other features.","breadcrumb":{"@id":"https:\/\/www.psi-polymersystems.com\/products\/controls\/filterpak-200\/#breadcrumb"},"inLanguage":"es","potentialAction":[{"@type":"ReadAction","target":["https:\/\/www.psi-polymersystems.com\/products\/controls\/filterpak-200\/"]}]},{"@type":"ImageObject","inLanguage":"es","@id":"https:\/\/www.psi-polymersystems.com\/products\/controls\/filterpak-200\/#primaryimage","url":"https:\/\/www.psi-polymersystems.com\/wp-content\/uploads\/2020\/08\/FP-200-Main.jpg","contentUrl":"https:\/\/www.psi-polymersystems.com\/wp-content\/uploads\/2020\/08\/FP-200-Main.jpg"},{"@type":"BreadcrumbList","@id":"https:\/\/www.psi-polymersystems.com\/products\/controls\/filterpak-200\/#breadcrumb","itemListElement":[{"@type":"ListItem","position":1,"name":"Home","item":"https:\/\/www.psi-polymersystems.com\/"},{"@type":"ListItem","position":2,"name":"Product Overview","item":"https:\/\/www.psi-polymersystems.com\/products\/"},{"@type":"ListItem","position":3,"name":"Controls","item":"https:\/\/www.psi-polymersystems.com\/es\/products\/controls\/"},{"@type":"ListItem","position":4,"name":"FilterPak-200"}]},{"@type":"WebSite","@id":"https:\/\/www.psi-polymersystems.com\/#website","url":"https:\/\/www.psi-polymersystems.com\/","name":"PSI-Polymer Systems","description":"","publisher":{"@id":"https:\/\/www.psi-polymersystems.com\/#organization"},"potentialAction":[{"@type":"SearchAction","target":{"@type":"EntryPoint","urlTemplate":"https:\/\/www.psi-polymersystems.com\/?s={search_term_string}"},"query-input":{"@type":"PropertyValueSpecification","valueRequired":true,"valueName":"search_term_string"}}],"inLanguage":"es"},{"@type":"Organization","@id":"https:\/\/www.psi-polymersystems.com\/#organization","name":"PSI-Polymer Systems, Inc.","url":"https:\/\/www.psi-polymersystems.com\/","logo":{"@type":"ImageObject","inLanguage":"es","@id":"https:\/\/www.psi-polymersystems.com\/#\/schema\/logo\/image\/","url":"","contentUrl":"","caption":"PSI-Polymer Systems, Inc."},"image":{"@id":"https:\/\/www.psi-polymersystems.com\/#\/schema\/logo\/image\/"},"sameAs":["https:\/\/www.facebook.com\/psipolymersystems\/","https:\/\/www.linkedin.com\/showcase\/psi-polymer-systems"]}]}},"_links":{"self":[{"href":"https:\/\/www.psi-polymersystems.com\/es\/wp-json\/wp\/v2\/pages\/4017","targetHints":{"allow":["GET"]}}],"collection":[{"href":"https:\/\/www.psi-polymersystems.com\/es\/wp-json\/wp\/v2\/pages"}],"about":[{"href":"https:\/\/www.psi-polymersystems.com\/es\/wp-json\/wp\/v2\/types\/page"}],"author":[{"embeddable":true,"href":"https:\/\/www.psi-polymersystems.com\/es\/wp-json\/wp\/v2\/users\/2"}],"replies":[{"embeddable":true,"href":"https:\/\/www.psi-polymersystems.com\/es\/wp-json\/wp\/v2\/comments?post=4017"}],"version-history":[{"count":6,"href":"https:\/\/www.psi-polymersystems.com\/es\/wp-json\/wp\/v2\/pages\/4017\/revisions"}],"predecessor-version":[{"id":12910,"href":"https:\/\/www.psi-polymersystems.com\/es\/wp-json\/wp\/v2\/pages\/4017\/revisions\/12910"}],"up":[{"embeddable":true,"href":"https:\/\/www.psi-polymersystems.com\/es\/wp-json\/wp\/v2\/pages\/349"}],"wp:attachment":[{"href":"https:\/\/www.psi-polymersystems.com\/es\/wp-json\/wp\/v2\/media?parent=4017"}],"curies":[{"name":"wp","href":"https:\/\/api.w.org\/{rel}","templated":true}]}}