{"id":4023,"date":"2020-08-06T19:59:15","date_gmt":"2020-08-06T19:59:15","guid":{"rendered":"https:\/\/psi-polymersystems.com\/?page_id=4023"},"modified":"2023-06-26T17:50:59","modified_gmt":"2023-06-26T17:50:59","slug":"integrapak-500","status":"publish","type":"page","link":"https:\/\/www.psi-polymersystems.com\/es\/products\/controls\/integrapak-500\/","title":{"rendered":"IntegraPak-500"},"content":{"rendered":"<div data-elementor-type=\"wp-page\" data-elementor-id=\"4023\" class=\"elementor elementor-4023\" data-elementor-post-type=\"page\">\n\t\t\t\t\t\t<section class=\"elementor-section elementor-top-section elementor-element elementor-element-3e539336 elementor-section-boxed elementor-section-height-default elementor-section-height-default\" data-id=\"3e539336\" data-element_type=\"section\" data-e-type=\"section\">\n\t\t\t\t\t\t<div class=\"elementor-container elementor-column-gap-default\">\n\t\t\t\t\t<div class=\"elementor-column elementor-col-100 elementor-top-column elementor-element elementor-element-1c91785d\" data-id=\"1c91785d\" data-element_type=\"column\" data-e-type=\"column\">\n\t\t\t<div class=\"elementor-widget-wrap elementor-element-populated\">\n\t\t\t\t\t\t<div class=\"elementor-element elementor-element-7ac1625a elementor-widget elementor-widget-text-editor\" data-id=\"7ac1625a\" data-element_type=\"widget\" data-e-type=\"widget\" data-widget_type=\"text-editor.default\">\n\t\t\t\t<div class=\"elementor-widget-container\">\n\t\t\t\t\t\t\t\t\t<h3><span style=\"color: #049abf;\">Equipo integrado PLC IntegraPak-500 y control de calor con control de l\u00ednea opcional<\/span><\/h3>\n<h5>Opera una (1) bomba de engranajes, un (1) cambiador de criba continuo - 2 o 4 bolsillos y (opcional) extractor \/ arrastre aguas abajo. Incluye hasta doce (12) zonas de calor.<\/h5>\t\t\t\t\t\t\t\t<\/div>\n\t\t\t\t<\/div>\n\t\t\t\t\t<\/div>\n\t\t<\/div>\n\t\t\t\t\t<\/div>\n\t\t<\/section>\n\t\t\t\t<section class=\"elementor-section elementor-top-section elementor-element elementor-element-556761cd elementor-section-boxed elementor-section-height-default elementor-section-height-default\" data-id=\"556761cd\" data-element_type=\"section\" data-e-type=\"section\">\n\t\t\t\t\t\t<div class=\"elementor-container elementor-column-gap-default\">\n\t\t\t\t\t<div class=\"elementor-column elementor-col-33 elementor-top-column elementor-element elementor-element-893b6dd\" data-id=\"893b6dd\" data-element_type=\"column\" data-e-type=\"column\">\n\t\t\t<div class=\"elementor-widget-wrap elementor-element-populated\">\n\t\t\t\t\t\t<div class=\"elementor-element elementor-element-49c5be12 elementor-widget elementor-widget-image\" data-id=\"49c5be12\" data-element_type=\"widget\" data-e-type=\"widget\" data-widget_type=\"image.default\">\n\t\t\t\t<div class=\"elementor-widget-container\">\n\t\t\t\t\t\t\t\t\t\t\t\t\t\t\t<img fetchpriority=\"high\" decoding=\"async\" width=\"1039\" height=\"1886\" src=\"https:\/\/www.psi-polymersystems.com\/wp-content\/uploads\/2020\/08\/IntegraPak-500.jpg\" class=\"attachment-full size-full wp-image-4354\" alt=\"Polymer Extrusion System Controls\" srcset=\"https:\/\/www.psi-polymersystems.com\/wp-content\/uploads\/2020\/08\/IntegraPak-500.jpg 1039w, https:\/\/www.psi-polymersystems.com\/wp-content\/uploads\/2020\/08\/IntegraPak-500-165x300.jpg 165w, https:\/\/www.psi-polymersystems.com\/wp-content\/uploads\/2020\/08\/IntegraPak-500-564x1024.jpg 564w, https:\/\/www.psi-polymersystems.com\/wp-content\/uploads\/2020\/08\/IntegraPak-500-768x1394.jpg 768w, https:\/\/www.psi-polymersystems.com\/wp-content\/uploads\/2020\/08\/IntegraPak-500-846x1536.jpg 846w, https:\/\/www.psi-polymersystems.com\/wp-content\/uploads\/2020\/08\/IntegraPak-500-550x999.jpg 550w\" sizes=\"(max-width: 1039px) 100vw, 1039px\" \/>\t\t\t\t\t\t\t\t\t\t\t\t\t\t\t<\/div>\n\t\t\t\t<\/div>\n\t\t\t\t<div class=\"elementor-element elementor-element-58c1c5e elementor-align-justify elementor-widget elementor-widget-button\" data-id=\"58c1c5e\" data-element_type=\"widget\" data-e-type=\"widget\" data-widget_type=\"button.default\">\n\t\t\t\t<div class=\"elementor-widget-container\">\n\t\t\t\t\t\t\t\t\t<div class=\"elementor-button-wrapper\">\n\t\t\t\t\t<a class=\"elementor-button elementor-button-link elementor-size-sm\" href=\"\/es\/products\/controls\/system-and-line-controls\/\">\n\t\t\t\t\t\t<span class=\"elementor-button-content-wrapper\">\n\t\t\t\t\t\t\t\t\t<span class=\"elementor-button-text\">Volver al resumen de controles<\/span>\n\t\t\t\t\t<\/span>\n\t\t\t\t\t<\/a>\n\t\t\t\t<\/div>\n\t\t\t\t\t\t\t\t<\/div>\n\t\t\t\t<\/div>\n\t\t\t\t\t<\/div>\n\t\t<\/div>\n\t\t\t\t<div class=\"elementor-column elementor-col-33 elementor-top-column elementor-element elementor-element-f285589\" data-id=\"f285589\" data-element_type=\"column\" data-e-type=\"column\">\n\t\t\t<div class=\"elementor-widget-wrap elementor-element-populated\">\n\t\t\t\t\t\t<div class=\"elementor-element elementor-element-7c0e7775 elementor-widget elementor-widget-text-editor\" data-id=\"7c0e7775\" data-element_type=\"widget\" data-e-type=\"widget\" data-widget_type=\"text-editor.default\">\n\t\t\t\t<div class=\"elementor-widget-container\">\n\t\t\t\t\t\t\t\t\t<h4><span style=\"color: #0693e3;\">Descripci\u00f3n del producto<\/span><\/h4><p>PLC: Allen Bradley (o B&amp;R Automation)<\/p><p>HMI: pantalla t\u00e1ctil a color de 10 \u201d<\/p><p>Monitorea y controla la presi\u00f3n de entrada a la bomba e interact\u00faa con el accionamiento de la extrusora, adem\u00e1s de controlar la actuaci\u00f3n del pist\u00f3n, las ubicaciones de ventilaci\u00f3n y los tiempos de permanencia. Capaz de integrar y coordinar el arrastre aguas abajo.<\/p><h4><span style=\"color: #0693e3;\">Muestra<\/span><\/h4><p>Sistema<\/p><ul><li>Rampa<\/li><\/ul><p>Cambiador de pantalla<\/p><ul><li>Posiciones de pist\u00f3n<\/li><li>Presi\u00f3n de entrada \/ salida \/ delta (transductores de terceros si no se suministran)<\/li><li>Indicaci\u00f3n visual de pantalla limpia<\/li><li>Tiempo desde el \u00faltimo cambio de pantalla<\/li><\/ul><p>Bomba de engranajes<\/p><ul><li>Velocidad de la bomba, corriente de la bomba<\/li><li>Presi\u00f3n de succi\u00f3n y descarga<\/li><\/ul><p><i>Transporte opcional<\/i><\/p><ul><li>Velocidad<\/li><li>Control de recorte<\/li><li>Transferencia sin golpes<\/li><\/ul><p>Alarmas del sistema y apagado por:<\/p><p>Cambiador de pantalla<\/p><ul><li>Alta presi\u00f3n de entrada<\/li><li>Presi\u00f3n delta alta<\/li><\/ul><p>Bomba de engranajes<\/p><ul><li>Succi\u00f3n baja \/ alta<\/li><li>Alta descarga y presi\u00f3n delta<\/li><li>Alta corriente<\/li><\/ul>\t\t\t\t\t\t\t\t<\/div>\n\t\t\t\t<\/div>\n\t\t\t\t\t<\/div>\n\t\t<\/div>\n\t\t\t\t<div class=\"elementor-column elementor-col-33 elementor-top-column elementor-element elementor-element-37dbe1c4\" data-id=\"37dbe1c4\" data-element_type=\"column\" data-e-type=\"column\">\n\t\t\t<div class=\"elementor-widget-wrap elementor-element-populated\">\n\t\t\t\t\t\t<div class=\"elementor-element elementor-element-94c95f1 elementor-widget elementor-widget-text-editor\" data-id=\"94c95f1\" data-element_type=\"widget\" data-e-type=\"widget\" data-widget_type=\"text-editor.default\">\n\t\t\t\t<div class=\"elementor-widget-container\">\n\t\t\t\t\t\t\t\t\t<h4><span style=\"color: #0693e3;\">Caracteristicas<\/span><\/h4>\n<ul>\n<li>Inicio autom\u00e1tico (rampa autom\u00e1tica hasta la producci\u00f3n completa)<\/li>\n<li>Almacenamiento de recetas selecci\u00f3n \/ puesta en marcha automatizada de productos<\/li>\n<li>Tendencias<\/li>\n<li>Registro de datos<\/li>\n<li>E \/ S ampliable<\/li>\n<li>Recopilaci\u00f3n y seguimiento de datos de memoria flash extra\u00edble<\/li>\n<li>Calibraci\u00f3n del transductor<\/li>\n<li>Comunicaci\u00f3n Ethernet<\/li>\n<li>M\u00f3dulo de acceso remoto seguro Ewon<\/li>\n<li>Visor VNC para mostrar y usar la pantalla de control en un monitor remoto \/ m\u00e1s grande<\/li>\n<li>Opciones de comunicaci\u00f3n externa disponibles a pedido<\/li>\n<\/ul>\t\t\t\t\t\t\t\t<\/div>\n\t\t\t\t<\/div>\n\t\t\t\t\t<\/div>\n\t\t<\/div>\n\t\t\t\t\t<\/div>\n\t\t<\/section>\n\t\t\t\t<\/div>","protected":false},"excerpt":{"rendered":"<p>IntegraPak-500 PLC Equipo integrado y control de calor con control de l\u00ednea opcional Opera una (1) bomba de engranajes, un (1) cambiador de malla continuo de 2 o 4 cavidades y (opcional) un extractor\/arrastre aguas abajo. Incluye hasta doce (12) zonas de calor. Volver al resumen de controles Descripci\u00f3n del producto PLC: Allen Bradley (o B&amp;R Automation) HMI: Monitores de pantalla t\u00e1ctil a color de 10 \u201d [\u2026]<\/p>","protected":false},"author":2,"featured_media":0,"parent":349,"menu_order":0,"comment_status":"closed","ping_status":"closed","template":"","meta":{"_monsterinsights_skip_tracking":false,"_monsterinsights_sitenote_active":false,"_monsterinsights_sitenote_note":"","_monsterinsights_sitenote_category":0,"footnotes":""},"class_list":["post-4023","page","type-page","status-publish","hentry"],"yoast_head":"<!-- This site is optimized with the Yoast SEO Premium plugin v25.0 (Yoast SEO v25.0) - https:\/\/yoast.com\/wordpress\/plugins\/seo\/ -->\n<title>IntegraPak-500 - PSI-Polymer Systems<\/title>\n<meta name=\"description\" content=\"IntegraPak-500 PLC Operates one Gear Pump, one Continuous Screen Changer and (optional) Downstream Puller\/Haul-off. Includes up to twelve (12) Heat Zones\" \/>\n<meta name=\"robots\" content=\"index, follow, max-snippet:-1, max-image-preview:large, max-video-preview:-1\" \/>\n<link rel=\"canonical\" href=\"https:\/\/www.psi-polymersystems.com\/es\/products\/controls\/integrapak-500\/\" \/>\n<meta property=\"og:locale\" content=\"es_MX\" \/>\n<meta property=\"og:type\" content=\"article\" \/>\n<meta property=\"og:title\" content=\"IntegraPak-500\" \/>\n<meta property=\"og:description\" content=\"IntegraPak-500 PLC Integrated Equipment and Heat Control with Optional Line Control Operates one (1) Gear Pump, one (1) Continuous Screen Changer \u2013 2 or 4\" \/>\n<meta property=\"og:url\" content=\"https:\/\/www.psi-polymersystems.com\/es\/products\/controls\/integrapak-500\/\" \/>\n<meta property=\"og:site_name\" content=\"PSI-Polymer Systems\" \/>\n<meta property=\"article:publisher\" content=\"https:\/\/www.facebook.com\/psipolymersystems\/\" \/>\n<meta property=\"article:modified_time\" content=\"2023-06-26T17:50:59+00:00\" \/>\n<meta property=\"og:image\" content=\"https:\/\/psi-polymersystems.com\/wp-content\/uploads\/2020\/08\/IntegraPak-500.jpg\" \/>\n<meta name=\"twitter:card\" content=\"summary_large_image\" \/>\n<meta name=\"twitter:label1\" content=\"Tiempo de lectura\" \/>\n\t<meta name=\"twitter:data1\" content=\"2 minutos\" \/>\n<script type=\"application\/ld+json\" class=\"yoast-schema-graph\">{\"@context\":\"https:\/\/schema.org\",\"@graph\":[{\"@type\":\"WebPage\",\"@id\":\"https:\/\/www.psi-polymersystems.com\/products\/controls\/integrapak-500\/\",\"url\":\"https:\/\/www.psi-polymersystems.com\/products\/controls\/integrapak-500\/\",\"name\":\"IntegraPak-500 - PSI-Polymer Systems\",\"isPartOf\":{\"@id\":\"https:\/\/www.psi-polymersystems.com\/#website\"},\"primaryImageOfPage\":{\"@id\":\"https:\/\/www.psi-polymersystems.com\/products\/controls\/integrapak-500\/#primaryimage\"},\"image\":{\"@id\":\"https:\/\/www.psi-polymersystems.com\/products\/controls\/integrapak-500\/#primaryimage\"},\"thumbnailUrl\":\"https:\/\/psi-polymersystems.com\/wp-content\/uploads\/2020\/08\/IntegraPak-500.jpg\",\"datePublished\":\"2020-08-06T19:59:15+00:00\",\"dateModified\":\"2023-06-26T17:50:59+00:00\",\"description\":\"IntegraPak-500 PLC Operates one Gear Pump, one Continuous Screen Changer and (optional) Downstream Puller\/Haul-off. Includes up to twelve (12) Heat Zones\",\"breadcrumb\":{\"@id\":\"https:\/\/www.psi-polymersystems.com\/products\/controls\/integrapak-500\/#breadcrumb\"},\"inLanguage\":\"es\",\"potentialAction\":[{\"@type\":\"ReadAction\",\"target\":[\"https:\/\/www.psi-polymersystems.com\/products\/controls\/integrapak-500\/\"]}]},{\"@type\":\"ImageObject\",\"inLanguage\":\"es\",\"@id\":\"https:\/\/www.psi-polymersystems.com\/products\/controls\/integrapak-500\/#primaryimage\",\"url\":\"https:\/\/psi-polymersystems.com\/wp-content\/uploads\/2020\/08\/IntegraPak-500.jpg\",\"contentUrl\":\"https:\/\/psi-polymersystems.com\/wp-content\/uploads\/2020\/08\/IntegraPak-500.jpg\"},{\"@type\":\"BreadcrumbList\",\"@id\":\"https:\/\/www.psi-polymersystems.com\/products\/controls\/integrapak-500\/#breadcrumb\",\"itemListElement\":[{\"@type\":\"ListItem\",\"position\":1,\"name\":\"Home\",\"item\":\"https:\/\/www.psi-polymersystems.com\/\"},{\"@type\":\"ListItem\",\"position\":2,\"name\":\"Product Overview\",\"item\":\"https:\/\/www.psi-polymersystems.com\/products\/\"},{\"@type\":\"ListItem\",\"position\":3,\"name\":\"Controls\",\"item\":\"https:\/\/www.psi-polymersystems.com\/es\/products\/controls\/\"},{\"@type\":\"ListItem\",\"position\":4,\"name\":\"IntegraPak-500\"}]},{\"@type\":\"WebSite\",\"@id\":\"https:\/\/www.psi-polymersystems.com\/#website\",\"url\":\"https:\/\/www.psi-polymersystems.com\/\",\"name\":\"PSI-Polymer Systems\",\"description\":\"\",\"publisher\":{\"@id\":\"https:\/\/www.psi-polymersystems.com\/#organization\"},\"potentialAction\":[{\"@type\":\"SearchAction\",\"target\":{\"@type\":\"EntryPoint\",\"urlTemplate\":\"https:\/\/www.psi-polymersystems.com\/?s={search_term_string}\"},\"query-input\":{\"@type\":\"PropertyValueSpecification\",\"valueRequired\":true,\"valueName\":\"search_term_string\"}}],\"inLanguage\":\"es\"},{\"@type\":\"Organization\",\"@id\":\"https:\/\/www.psi-polymersystems.com\/#organization\",\"name\":\"PSI-Polymer Systems, Inc.\",\"url\":\"https:\/\/www.psi-polymersystems.com\/\",\"logo\":{\"@type\":\"ImageObject\",\"inLanguage\":\"es\",\"@id\":\"https:\/\/www.psi-polymersystems.com\/#\/schema\/logo\/image\/\",\"url\":\"\",\"contentUrl\":\"\",\"caption\":\"PSI-Polymer Systems, Inc.\"},\"image\":{\"@id\":\"https:\/\/www.psi-polymersystems.com\/#\/schema\/logo\/image\/\"},\"sameAs\":[\"https:\/\/www.facebook.com\/psipolymersystems\/\",\"https:\/\/www.linkedin.com\/showcase\/psi-polymer-systems\"]}]}<\/script>\n<!-- \/ Yoast SEO Premium plugin. -->","yoast_head_json":{"title":"IntegraPak-500 - PSI-Polymer Systems","description":"IntegraPak-500 PLC Operates one Gear Pump, one Continuous Screen Changer and (optional) Downstream Puller\/Haul-off. Includes up to twelve (12) Heat Zones","robots":{"index":"index","follow":"follow","max-snippet":"max-snippet:-1","max-image-preview":"max-image-preview:large","max-video-preview":"max-video-preview:-1"},"canonical":"https:\/\/www.psi-polymersystems.com\/es\/products\/controls\/integrapak-500\/","og_locale":"es_MX","og_type":"article","og_title":"IntegraPak-500","og_description":"IntegraPak-500 PLC Integrated Equipment and Heat Control with Optional Line Control Operates one (1) Gear Pump, one (1) Continuous Screen Changer \u2013 2 or 4","og_url":"https:\/\/www.psi-polymersystems.com\/es\/products\/controls\/integrapak-500\/","og_site_name":"PSI-Polymer Systems","article_publisher":"https:\/\/www.facebook.com\/psipolymersystems\/","article_modified_time":"2023-06-26T17:50:59+00:00","og_image":[{"url":"https:\/\/psi-polymersystems.com\/wp-content\/uploads\/2020\/08\/IntegraPak-500.jpg","type":"","width":"","height":""}],"twitter_card":"summary_large_image","twitter_misc":{"Tiempo de lectura":"2 minutos"},"schema":{"@context":"https:\/\/schema.org","@graph":[{"@type":"WebPage","@id":"https:\/\/www.psi-polymersystems.com\/products\/controls\/integrapak-500\/","url":"https:\/\/www.psi-polymersystems.com\/products\/controls\/integrapak-500\/","name":"IntegraPak-500 - PSI-Polymer Systems","isPartOf":{"@id":"https:\/\/www.psi-polymersystems.com\/#website"},"primaryImageOfPage":{"@id":"https:\/\/www.psi-polymersystems.com\/products\/controls\/integrapak-500\/#primaryimage"},"image":{"@id":"https:\/\/www.psi-polymersystems.com\/products\/controls\/integrapak-500\/#primaryimage"},"thumbnailUrl":"https:\/\/psi-polymersystems.com\/wp-content\/uploads\/2020\/08\/IntegraPak-500.jpg","datePublished":"2020-08-06T19:59:15+00:00","dateModified":"2023-06-26T17:50:59+00:00","description":"IntegraPak-500 PLC Operates one Gear Pump, one Continuous Screen Changer and (optional) Downstream Puller\/Haul-off. Includes up to twelve (12) Heat Zones","breadcrumb":{"@id":"https:\/\/www.psi-polymersystems.com\/products\/controls\/integrapak-500\/#breadcrumb"},"inLanguage":"es","potentialAction":[{"@type":"ReadAction","target":["https:\/\/www.psi-polymersystems.com\/products\/controls\/integrapak-500\/"]}]},{"@type":"ImageObject","inLanguage":"es","@id":"https:\/\/www.psi-polymersystems.com\/products\/controls\/integrapak-500\/#primaryimage","url":"https:\/\/psi-polymersystems.com\/wp-content\/uploads\/2020\/08\/IntegraPak-500.jpg","contentUrl":"https:\/\/psi-polymersystems.com\/wp-content\/uploads\/2020\/08\/IntegraPak-500.jpg"},{"@type":"BreadcrumbList","@id":"https:\/\/www.psi-polymersystems.com\/products\/controls\/integrapak-500\/#breadcrumb","itemListElement":[{"@type":"ListItem","position":1,"name":"Home","item":"https:\/\/www.psi-polymersystems.com\/"},{"@type":"ListItem","position":2,"name":"Product Overview","item":"https:\/\/www.psi-polymersystems.com\/products\/"},{"@type":"ListItem","position":3,"name":"Controls","item":"https:\/\/www.psi-polymersystems.com\/es\/products\/controls\/"},{"@type":"ListItem","position":4,"name":"IntegraPak-500"}]},{"@type":"WebSite","@id":"https:\/\/www.psi-polymersystems.com\/#website","url":"https:\/\/www.psi-polymersystems.com\/","name":"PSI-Polymer Systems","description":"","publisher":{"@id":"https:\/\/www.psi-polymersystems.com\/#organization"},"potentialAction":[{"@type":"SearchAction","target":{"@type":"EntryPoint","urlTemplate":"https:\/\/www.psi-polymersystems.com\/?s={search_term_string}"},"query-input":{"@type":"PropertyValueSpecification","valueRequired":true,"valueName":"search_term_string"}}],"inLanguage":"es"},{"@type":"Organization","@id":"https:\/\/www.psi-polymersystems.com\/#organization","name":"PSI-Polymer Systems, Inc.","url":"https:\/\/www.psi-polymersystems.com\/","logo":{"@type":"ImageObject","inLanguage":"es","@id":"https:\/\/www.psi-polymersystems.com\/#\/schema\/logo\/image\/","url":"","contentUrl":"","caption":"PSI-Polymer Systems, Inc."},"image":{"@id":"https:\/\/www.psi-polymersystems.com\/#\/schema\/logo\/image\/"},"sameAs":["https:\/\/www.facebook.com\/psipolymersystems\/","https:\/\/www.linkedin.com\/showcase\/psi-polymer-systems"]}]}},"_links":{"self":[{"href":"https:\/\/www.psi-polymersystems.com\/es\/wp-json\/wp\/v2\/pages\/4023","targetHints":{"allow":["GET"]}}],"collection":[{"href":"https:\/\/www.psi-polymersystems.com\/es\/wp-json\/wp\/v2\/pages"}],"about":[{"href":"https:\/\/www.psi-polymersystems.com\/es\/wp-json\/wp\/v2\/types\/page"}],"author":[{"embeddable":true,"href":"https:\/\/www.psi-polymersystems.com\/es\/wp-json\/wp\/v2\/users\/2"}],"replies":[{"embeddable":true,"href":"https:\/\/www.psi-polymersystems.com\/es\/wp-json\/wp\/v2\/comments?post=4023"}],"version-history":[{"count":0,"href":"https:\/\/www.psi-polymersystems.com\/es\/wp-json\/wp\/v2\/pages\/4023\/revisions"}],"up":[{"embeddable":true,"href":"https:\/\/www.psi-polymersystems.com\/es\/wp-json\/wp\/v2\/pages\/349"}],"wp:attachment":[{"href":"https:\/\/www.psi-polymersystems.com\/es\/wp-json\/wp\/v2\/media?parent=4023"}],"curies":[{"name":"wp","href":"https:\/\/api.w.org\/{rel}","templated":true}]}}