{"id":4107,"date":"2020-08-07T18:00:43","date_gmt":"2020-08-07T18:00:43","guid":{"rendered":"https:\/\/psi-polymersystems.com\/?page_id=4107"},"modified":"2023-08-10T12:31:06","modified_gmt":"2023-08-10T12:31:06","slug":"drop-in-replacement-gear-pump","status":"publish","type":"page","link":"https:\/\/www.psi-polymersystems.com\/es\/products\/gear-pump-overview\/drop-in-replacement-gear-pump\/","title":{"rendered":"Bombas de engranajes empotrables"},"content":{"rendered":"<div data-elementor-type=\"wp-page\" data-elementor-id=\"4107\" class=\"elementor elementor-4107\" data-elementor-post-type=\"page\">\n\t\t\t\t\t\t<section class=\"elementor-section elementor-top-section elementor-element elementor-element-395651b5 elementor-section-boxed elementor-section-height-default elementor-section-height-default\" data-id=\"395651b5\" data-element_type=\"section\" data-e-type=\"section\">\n\t\t\t\t\t\t<div class=\"elementor-container elementor-column-gap-default\">\n\t\t\t\t\t<div class=\"elementor-column elementor-col-100 elementor-top-column elementor-element elementor-element-7e94a0a7\" data-id=\"7e94a0a7\" data-element_type=\"column\" data-e-type=\"column\">\n\t\t\t<div class=\"elementor-widget-wrap elementor-element-populated\">\n\t\t\t\t\t\t<div class=\"elementor-element elementor-element-d1bca7c elementor-widget elementor-widget-text-editor\" data-id=\"d1bca7c\" data-element_type=\"widget\" data-e-type=\"widget\" data-widget_type=\"text-editor.default\">\n\t\t\t\t<div class=\"elementor-widget-container\">\n\t\t\t\t\t\t\t\t\t<div><h2 class=\"elementor-heading-title elementor-size-default elementor-inline-editing pen\" style=\"letter-spacing: normal; text-align: left; color: #7a7a7a;\" data-elementor-setting-key=\"title\" data-pen-placeholder=\"Type Here...\">Bomba de engranajes empotrables<\/h2><\/div>\t\t\t\t\t\t\t\t<\/div>\n\t\t\t\t<\/div>\n\t\t\t\t\t<\/div>\n\t\t<\/div>\n\t\t\t\t\t<\/div>\n\t\t<\/section>\n\t\t\t\t<section class=\"elementor-section elementor-top-section elementor-element elementor-element-4eec3c00 elementor-section-boxed elementor-section-height-default elementor-section-height-default\" data-id=\"4eec3c00\" data-element_type=\"section\" data-e-type=\"section\">\n\t\t\t\t\t\t<div class=\"elementor-container elementor-column-gap-default\">\n\t\t\t\t\t<div class=\"elementor-column elementor-col-100 elementor-top-column elementor-element elementor-element-5887f4c9\" data-id=\"5887f4c9\" data-element_type=\"column\" data-e-type=\"column\">\n\t\t\t<div class=\"elementor-widget-wrap elementor-element-populated\">\n\t\t\t\t\t\t<section class=\"elementor-section elementor-inner-section elementor-element elementor-element-2da06813 elementor-section-boxed elementor-section-height-default elementor-section-height-default\" data-id=\"2da06813\" data-element_type=\"section\" data-e-type=\"section\">\n\t\t\t\t\t\t<div class=\"elementor-container elementor-column-gap-default\">\n\t\t\t\t\t<div class=\"elementor-column elementor-col-100 elementor-inner-column elementor-element elementor-element-725999d8\" data-id=\"725999d8\" data-element_type=\"column\" data-e-type=\"column\">\n\t\t\t<div class=\"elementor-widget-wrap elementor-element-populated\">\n\t\t\t\t\t\t<div class=\"elementor-element elementor-element-1660c7d4 elementor-widget elementor-widget-image\" data-id=\"1660c7d4\" data-element_type=\"widget\" data-e-type=\"widget\" data-widget_type=\"image.default\">\n\t\t\t\t<div class=\"elementor-widget-container\">\n\t\t\t\t\t\t\t\t\t\t\t\t\t\t\t<img fetchpriority=\"high\" decoding=\"async\" width=\"2560\" height=\"826\" src=\"https:\/\/www.psi-polymersystems.com\/wp-content\/uploads\/2020\/08\/Drop-In-Maag-ES-scaled.jpg\" class=\"attachment-full size-full wp-image-5095\" alt=\"Drop In Polymer Extrusion Gear Pumps\" srcset=\"https:\/\/www.psi-polymersystems.com\/wp-content\/uploads\/2020\/08\/Drop-In-Maag-ES-scaled.jpg 2560w, https:\/\/www.psi-polymersystems.com\/wp-content\/uploads\/2020\/08\/Drop-In-Maag-ES-300x97.jpg 300w, https:\/\/www.psi-polymersystems.com\/wp-content\/uploads\/2020\/08\/Drop-In-Maag-ES-1024x330.jpg 1024w, https:\/\/www.psi-polymersystems.com\/wp-content\/uploads\/2020\/08\/Drop-In-Maag-ES-768x248.jpg 768w, https:\/\/www.psi-polymersystems.com\/wp-content\/uploads\/2020\/08\/Drop-In-Maag-ES-1536x495.jpg 1536w, https:\/\/www.psi-polymersystems.com\/wp-content\/uploads\/2020\/08\/Drop-In-Maag-ES-2048x660.jpg 2048w, https:\/\/www.psi-polymersystems.com\/wp-content\/uploads\/2020\/08\/Drop-In-Maag-ES-600x193.jpg 600w\" sizes=\"(max-width: 2560px) 100vw, 2560px\" \/>\t\t\t\t\t\t\t\t\t\t\t\t\t\t\t<\/div>\n\t\t\t\t<\/div>\n\t\t\t\t\t<\/div>\n\t\t<\/div>\n\t\t\t\t\t<\/div>\n\t\t<\/section>\n\t\t\t\t\t<\/div>\n\t\t<\/div>\n\t\t\t\t\t<\/div>\n\t\t<\/section>\n\t\t\t\t<section class=\"elementor-section elementor-top-section elementor-element elementor-element-8618eca elementor-section-boxed elementor-section-height-default elementor-section-height-default\" data-id=\"8618eca\" data-element_type=\"section\" data-e-type=\"section\">\n\t\t\t\t\t\t<div class=\"elementor-container elementor-column-gap-default\">\n\t\t\t\t\t<div class=\"elementor-column elementor-col-50 elementor-top-column elementor-element elementor-element-2e775b\" data-id=\"2e775b\" data-element_type=\"column\" data-e-type=\"column\">\n\t\t\t<div class=\"elementor-widget-wrap elementor-element-populated\">\n\t\t\t\t\t\t<div class=\"elementor-element elementor-element-5c5a6c3 elementor-align-justify elementor-widget elementor-widget-button\" data-id=\"5c5a6c3\" data-element_type=\"widget\" data-e-type=\"widget\" data-widget_type=\"button.default\">\n\t\t\t\t<div class=\"elementor-widget-container\">\n\t\t\t\t\t\t\t\t\t<div class=\"elementor-button-wrapper\">\n\t\t\t\t\t<a class=\"elementor-button elementor-button-link elementor-size-sm\" href=\"https:\/\/www.psi-polymersystems.com\/es\/gear-pump-data-form-for-quotation\/\">\n\t\t\t\t\t\t<span class=\"elementor-button-content-wrapper\">\n\t\t\t\t\t\t\t\t\t<span class=\"elementor-button-text\">Solicitud de cotizaci\u00f3n de bomba de engranajes<\/span>\n\t\t\t\t\t<\/span>\n\t\t\t\t\t<\/a>\n\t\t\t\t<\/div>\n\t\t\t\t\t\t\t\t<\/div>\n\t\t\t\t<\/div>\n\t\t\t\t<div class=\"elementor-element elementor-element-283d999a elementor-align-justify elementor-widget elementor-widget-button\" data-id=\"283d999a\" data-element_type=\"widget\" data-e-type=\"widget\" data-widget_type=\"button.default\">\n\t\t\t\t<div class=\"elementor-widget-container\">\n\t\t\t\t\t\t\t\t\t<div class=\"elementor-button-wrapper\">\n\t\t\t\t\t<a class=\"elementor-button elementor-button-link elementor-size-sm\" href=\"\/es\/quote-request\/\">\n\t\t\t\t\t\t<span class=\"elementor-button-content-wrapper\">\n\t\t\t\t\t\t\t\t\t<span class=\"elementor-button-text\">Solicitud de Cotizaci\u00f3n Multi-Producto<\/span>\n\t\t\t\t\t<\/span>\n\t\t\t\t\t<\/a>\n\t\t\t\t<\/div>\n\t\t\t\t\t\t\t\t<\/div>\n\t\t\t\t<\/div>\n\t\t\t\t<div class=\"elementor-element elementor-element-72676c46 elementor-align-justify elementor-widget elementor-widget-button\" data-id=\"72676c46\" data-element_type=\"widget\" data-e-type=\"widget\" data-widget_type=\"button.default\">\n\t\t\t\t<div class=\"elementor-widget-container\">\n\t\t\t\t\t\t\t\t\t<div class=\"elementor-button-wrapper\">\n\t\t\t\t\t<a class=\"elementor-button elementor-button-link elementor-size-sm\" href=\"\/es\/products\/gear-pump-overview\/\">\n\t\t\t\t\t\t<span class=\"elementor-button-content-wrapper\">\n\t\t\t\t\t\t\t\t\t<span class=\"elementor-button-text\">Volver a la p\u00e1gina de selecci\u00f3n de bombas de engranajes<\/span>\n\t\t\t\t\t<\/span>\n\t\t\t\t\t<\/a>\n\t\t\t\t<\/div>\n\t\t\t\t\t\t\t\t<\/div>\n\t\t\t\t<\/div>\n\t\t\t\t\t<\/div>\n\t\t<\/div>\n\t\t\t\t<div class=\"elementor-column elementor-col-50 elementor-top-column elementor-element elementor-element-51f3cc4a\" data-id=\"51f3cc4a\" data-element_type=\"column\" data-e-type=\"column\">\n\t\t\t<div class=\"elementor-widget-wrap elementor-element-populated\">\n\t\t\t\t\t\t<div class=\"elementor-element elementor-element-3734425b elementor-widget elementor-widget-text-editor\" data-id=\"3734425b\" data-element_type=\"widget\" data-e-type=\"widget\" data-widget_type=\"text-editor.default\">\n\t\t\t\t<div class=\"elementor-widget-container\">\n\t\t\t\t\t\t\t\t\t<h1 style=\"font-size: 15px;\"><span style=\"color: #0693e3; font-size: 20px; letter-spacing: 0px;\">Obtenga m\u00e1s de su proceso<\/span><\/h1><p>PSI fabrica una amplia gama de bombas de engranajes listas para usar que utilizan nuestros engranajes de alto rendimiento y caen en las huellas de los competidores existentes. Ya sea de cuerpo redondo o cuadrado, patr\u00f3n de pernos especial o configuraci\u00f3n de montaje, le facilitamos las cosas.<\/p><p><span style=\"letter-spacing: 0px;\">Nuestras &#039;incorporaciones&#039; cubren la mayor\u00eda de las bombas de engranajes fabricadas por otros proveedores durante los \u00faltimos 35 a\u00f1os. Si no lo tenemos (raro, pero sucede), es muy probable que podamos producirlo. Y, a diferencia de nuestros competidores, le complacer\u00e1 saber que todas las piezas se fabrican en los Estados Unidos.\u00a0<\/span><\/p><p><span style=\"letter-spacing: 0px;\">Al igual que con todos los productos PSI, nos enorgullecemos de la rapidez de respuesta. La mayor\u00eda de las piezas se encuentran en nuestro extenso inventario. Las bombas de engranajes empotrables PSI utilizan sus adaptadores y conexiones de pernos existentes y se suministran con los sellos y componentes internos de larga duraci\u00f3n de PSI. Esperas lo mejor, obtienes lo mejor.<\/span><\/p>\t\t\t\t\t\t\t\t<\/div>\n\t\t\t\t<\/div>\n\t\t\t\t\t<\/div>\n\t\t<\/div>\n\t\t\t\t\t<\/div>\n\t\t<\/section>\n\t\t\t\t<section class=\"elementor-section elementor-top-section elementor-element elementor-element-591fbd68 elementor-section-boxed elementor-section-height-default elementor-section-height-default\" data-id=\"591fbd68\" data-element_type=\"section\" data-e-type=\"section\">\n\t\t\t\t\t\t<div class=\"elementor-container elementor-column-gap-default\">\n\t\t\t\t\t<div class=\"elementor-column elementor-col-50 elementor-top-column elementor-element elementor-element-2f484c9f\" data-id=\"2f484c9f\" data-element_type=\"column\" data-e-type=\"column\">\n\t\t\t<div class=\"elementor-widget-wrap\">\n\t\t\t\t\t\t\t<\/div>\n\t\t<\/div>\n\t\t\t\t<div class=\"elementor-column elementor-col-50 elementor-top-column elementor-element elementor-element-26f359ca\" data-id=\"26f359ca\" data-element_type=\"column\" data-e-type=\"column\">\n\t\t\t<div class=\"elementor-widget-wrap elementor-element-populated\">\n\t\t\t\t\t\t<div class=\"elementor-element elementor-element-2ca8cc0b elementor-widget elementor-widget-text-editor\" data-id=\"2ca8cc0b\" data-element_type=\"widget\" data-e-type=\"widget\" data-widget_type=\"text-editor.default\">\n\t\t\t\t<div class=\"elementor-widget-container\">\n\t\t\t\t\t\t\t\t\t<p><span style=\"color: #0693e3; font-size: 20px;\">Caracteristicas<\/span><\/p><ul><li>Componentes internos de PSI<\/li><li>Conexiones coincidentes<\/li><li>Sellos anti-excoriaci\u00f3n PSI<\/li><li>No es necesario mover componentes en la l\u00ednea para la mayor\u00eda de configuraciones\u00a0<\/li><\/ul>\t\t\t\t\t\t\t\t<\/div>\n\t\t\t\t<\/div>\n\t\t\t\t\t<\/div>\n\t\t<\/div>\n\t\t\t\t\t<\/div>\n\t\t<\/section>\n\t\t\t\t<section class=\"elementor-section elementor-top-section elementor-element elementor-element-446f1d79 elementor-section-boxed elementor-section-height-default elementor-section-height-default\" data-id=\"446f1d79\" data-element_type=\"section\" data-e-type=\"section\">\n\t\t\t\t\t\t<div class=\"elementor-container elementor-column-gap-default\">\n\t\t\t\t\t<div class=\"elementor-column elementor-col-100 elementor-top-column elementor-element elementor-element-370dface\" data-id=\"370dface\" data-element_type=\"column\" data-e-type=\"column\">\n\t\t\t<div class=\"elementor-widget-wrap elementor-element-populated\">\n\t\t\t\t\t\t<div class=\"elementor-element elementor-element-50f7b05f elementor-widget elementor-widget-image-gallery\" data-id=\"50f7b05f\" data-element_type=\"widget\" data-e-type=\"widget\" data-widget_type=\"image-gallery.default\">\n\t\t\t\t<div class=\"elementor-widget-container\">\n\t\t\t\t\t\t\t<div class=\"elementor-image-gallery\">\n\t\t\t<div id='gallery-1' class='gallery galleryid-4107 gallery-columns-3 gallery-size-large'><figure class='gallery-item'>\n\t\t\t<div class='gallery-icon portrait'>\n\t\t\t\t<a data-elementor-open-lightbox=\"yes\" data-elementor-lightbox-slideshow=\"50f7b05f\" data-elementor-lightbox-title=\"Maag\" data-e-action-hash=\"#elementor-action%3Aaction%3Dlightbox%26settings%3DeyJpZCI6NTA4MSwidXJsIjoiaHR0cHM6XC9cL3d3dy5wc2ktcG9seW1lcnN5c3RlbXMuY29tXC93cC1jb250ZW50XC91cGxvYWRzXC8yMDIwXC8wOFwvTWFhZy0uanBnIiwic2xpZGVzaG93IjoiNTBmN2IwNWYifQ%3D%3D\" href='https:\/\/www.psi-polymersystems.com\/wp-content\/uploads\/2020\/08\/Maag-.jpg'><img decoding=\"async\" width=\"891\" height=\"1024\" src=\"https:\/\/www.psi-polymersystems.com\/wp-content\/uploads\/2020\/08\/Maag--891x1024.jpg\" class=\"attachment-large size-large\" alt=\"Drop In Polymer Extrusion Gear Pumps Parts\" srcset=\"https:\/\/www.psi-polymersystems.com\/wp-content\/uploads\/2020\/08\/Maag--891x1024.jpg 891w, https:\/\/www.psi-polymersystems.com\/wp-content\/uploads\/2020\/08\/Maag--261x300.jpg 261w, https:\/\/www.psi-polymersystems.com\/wp-content\/uploads\/2020\/08\/Maag--768x883.jpg 768w, https:\/\/www.psi-polymersystems.com\/wp-content\/uploads\/2020\/08\/Maag--1336x1536.jpg 1336w, https:\/\/www.psi-polymersystems.com\/wp-content\/uploads\/2020\/08\/Maag--600x690.jpg 600w, https:\/\/www.psi-polymersystems.com\/wp-content\/uploads\/2020\/08\/Maag-.jpg 1740w\" sizes=\"(max-width: 891px) 100vw, 891px\" \/><\/a>\n\t\t\t<\/div><\/figure>\n\t\t<\/div>\n\t\t<\/div>\n\t\t\t\t\t\t<\/div>\n\t\t\t\t<\/div>\n\t\t\t\t\t<\/div>\n\t\t<\/div>\n\t\t\t\t\t<\/div>\n\t\t<\/section>\n\t\t\t\t<\/div>","protected":false},"excerpt":{"rendered":"<p>Bomba de engranajes de inserci\u00f3n Solicitud de cotizaci\u00f3n de bomba de engranajes Solicitud de cotizaci\u00f3n de productos m\u00faltiples Regresar a la p\u00e1gina de selecci\u00f3n de bombas de engranajes Obtenga m\u00e1s de su proceso PSI fabrica una amplia gama de bombas de engranajes disponibles en el mercado que utilizan nuestros engranajes de alto rendimiento y las huellas de los competidores existentes. Ya sea con cuerpo redondo o cuadrado, patr\u00f3n de pernos especial o configuraci\u00f3n de montaje, [\u2026]<\/p>","protected":false},"author":2,"featured_media":0,"parent":353,"menu_order":0,"comment_status":"closed","ping_status":"closed","template":"","meta":{"_monsterinsights_skip_tracking":false,"_monsterinsights_sitenote_active":false,"_monsterinsights_sitenote_note":"","_monsterinsights_sitenote_category":0,"footnotes":""},"class_list":["post-4107","page","type-page","status-publish","hentry"],"yoast_head":"<!-- This site is optimized with the Yoast SEO Premium plugin v25.0 (Yoast SEO v25.0) - https:\/\/yoast.com\/wordpress\/plugins\/seo\/ -->\n<title>Drop-In Gear Pumps - PSI-Polymer Systems<\/title>\n<meta name=\"description\" content=\"PSI-Polymer Systems Extrusion Gear Pump drops-in where our competitor&#039;s gear pumps have been installed, giving you longer life and better reliability.\" \/>\n<meta name=\"robots\" content=\"index, follow, max-snippet:-1, max-image-preview:large, max-video-preview:-1\" \/>\n<link rel=\"canonical\" href=\"https:\/\/www.psi-polymersystems.com\/es\/products\/gear-pump-overview\/drop-in-replacement-gear-pump\/\" \/>\n<meta property=\"og:locale\" content=\"es_MX\" \/>\n<meta property=\"og:type\" content=\"article\" \/>\n<meta property=\"og:title\" content=\"Drop-In Gear Pumps\" \/>\n<meta property=\"og:description\" content=\"Drop-In Gear Pump Request for Gear Pump Quote Request for Multi-Product Quote Back to Gear Pump Selection Page Get More from Your ProcessPSI manufactures\" \/>\n<meta property=\"og:url\" content=\"https:\/\/www.psi-polymersystems.com\/es\/products\/gear-pump-overview\/drop-in-replacement-gear-pump\/\" \/>\n<meta property=\"og:site_name\" content=\"PSI-Polymer Systems\" \/>\n<meta property=\"article:publisher\" content=\"https:\/\/www.facebook.com\/psipolymersystems\/\" \/>\n<meta property=\"article:modified_time\" content=\"2023-08-10T12:31:06+00:00\" \/>\n<meta property=\"og:image\" content=\"https:\/\/psi-polymersystems.com\/wp-content\/uploads\/2020\/08\/Drop-In-Maag-ES-scaled.jpg\" \/>\n<meta name=\"twitter:card\" content=\"summary_large_image\" \/>\n<meta name=\"twitter:label1\" content=\"Tiempo de lectura\" \/>\n\t<meta name=\"twitter:data1\" content=\"2 minutos\" \/>\n<script type=\"application\/ld+json\" class=\"yoast-schema-graph\">{\"@context\":\"https:\/\/schema.org\",\"@graph\":[{\"@type\":\"WebPage\",\"@id\":\"https:\/\/www.psi-polymersystems.com\/products\/gear-pump-overview\/drop-in-replacement-gear-pump\/\",\"url\":\"https:\/\/www.psi-polymersystems.com\/products\/gear-pump-overview\/drop-in-replacement-gear-pump\/\",\"name\":\"Drop-In Gear Pumps - PSI-Polymer Systems\",\"isPartOf\":{\"@id\":\"https:\/\/www.psi-polymersystems.com\/#website\"},\"primaryImageOfPage\":{\"@id\":\"https:\/\/www.psi-polymersystems.com\/products\/gear-pump-overview\/drop-in-replacement-gear-pump\/#primaryimage\"},\"image\":{\"@id\":\"https:\/\/www.psi-polymersystems.com\/products\/gear-pump-overview\/drop-in-replacement-gear-pump\/#primaryimage\"},\"thumbnailUrl\":\"https:\/\/psi-polymersystems.com\/wp-content\/uploads\/2020\/08\/Drop-In-Maag-ES-scaled.jpg\",\"datePublished\":\"2020-08-07T18:00:43+00:00\",\"dateModified\":\"2023-08-10T12:31:06+00:00\",\"description\":\"PSI-Polymer Systems Extrusion Gear Pump drops-in where our competitor's gear pumps have been installed, giving you longer life and better reliability.\",\"breadcrumb\":{\"@id\":\"https:\/\/www.psi-polymersystems.com\/products\/gear-pump-overview\/drop-in-replacement-gear-pump\/#breadcrumb\"},\"inLanguage\":\"es\",\"potentialAction\":[{\"@type\":\"ReadAction\",\"target\":[\"https:\/\/www.psi-polymersystems.com\/products\/gear-pump-overview\/drop-in-replacement-gear-pump\/\"]}]},{\"@type\":\"ImageObject\",\"inLanguage\":\"es\",\"@id\":\"https:\/\/www.psi-polymersystems.com\/products\/gear-pump-overview\/drop-in-replacement-gear-pump\/#primaryimage\",\"url\":\"https:\/\/psi-polymersystems.com\/wp-content\/uploads\/2020\/08\/Drop-In-Maag-ES-scaled.jpg\",\"contentUrl\":\"https:\/\/psi-polymersystems.com\/wp-content\/uploads\/2020\/08\/Drop-In-Maag-ES-scaled.jpg\"},{\"@type\":\"BreadcrumbList\",\"@id\":\"https:\/\/www.psi-polymersystems.com\/products\/gear-pump-overview\/drop-in-replacement-gear-pump\/#breadcrumb\",\"itemListElement\":[{\"@type\":\"ListItem\",\"position\":1,\"name\":\"Home\",\"item\":\"https:\/\/www.psi-polymersystems.com\/\"},{\"@type\":\"ListItem\",\"position\":2,\"name\":\"Product Overview\",\"item\":\"https:\/\/www.psi-polymersystems.com\/products\/\"},{\"@type\":\"ListItem\",\"position\":3,\"name\":\"Gear Pump Overview\",\"item\":\"https:\/\/www.psi-polymersystems.com\/products\/gear-pump-overview\/\"},{\"@type\":\"ListItem\",\"position\":4,\"name\":\"Drop-In Gear Pumps\"}]},{\"@type\":\"WebSite\",\"@id\":\"https:\/\/www.psi-polymersystems.com\/#website\",\"url\":\"https:\/\/www.psi-polymersystems.com\/\",\"name\":\"PSI-Polymer Systems\",\"description\":\"\",\"publisher\":{\"@id\":\"https:\/\/www.psi-polymersystems.com\/#organization\"},\"potentialAction\":[{\"@type\":\"SearchAction\",\"target\":{\"@type\":\"EntryPoint\",\"urlTemplate\":\"https:\/\/www.psi-polymersystems.com\/?s={search_term_string}\"},\"query-input\":{\"@type\":\"PropertyValueSpecification\",\"valueRequired\":true,\"valueName\":\"search_term_string\"}}],\"inLanguage\":\"es\"},{\"@type\":\"Organization\",\"@id\":\"https:\/\/www.psi-polymersystems.com\/#organization\",\"name\":\"PSI-Polymer Systems, Inc.\",\"url\":\"https:\/\/www.psi-polymersystems.com\/\",\"logo\":{\"@type\":\"ImageObject\",\"inLanguage\":\"es\",\"@id\":\"https:\/\/www.psi-polymersystems.com\/#\/schema\/logo\/image\/\",\"url\":\"\",\"contentUrl\":\"\",\"caption\":\"PSI-Polymer Systems, Inc.\"},\"image\":{\"@id\":\"https:\/\/www.psi-polymersystems.com\/#\/schema\/logo\/image\/\"},\"sameAs\":[\"https:\/\/www.facebook.com\/psipolymersystems\/\",\"https:\/\/www.linkedin.com\/showcase\/psi-polymer-systems\"]}]}<\/script>\n<!-- \/ Yoast SEO Premium plugin. -->","yoast_head_json":{"title":"Drop-In Gear Pumps - PSI-Polymer Systems","description":"PSI-Polymer Systems Extrusion Gear Pump drops-in where our competitor's gear pumps have been installed, giving you longer life and better reliability.","robots":{"index":"index","follow":"follow","max-snippet":"max-snippet:-1","max-image-preview":"max-image-preview:large","max-video-preview":"max-video-preview:-1"},"canonical":"https:\/\/www.psi-polymersystems.com\/es\/products\/gear-pump-overview\/drop-in-replacement-gear-pump\/","og_locale":"es_MX","og_type":"article","og_title":"Drop-In Gear Pumps","og_description":"Drop-In Gear Pump Request for Gear Pump Quote Request for Multi-Product Quote Back to Gear Pump Selection Page Get More from Your ProcessPSI manufactures","og_url":"https:\/\/www.psi-polymersystems.com\/es\/products\/gear-pump-overview\/drop-in-replacement-gear-pump\/","og_site_name":"PSI-Polymer Systems","article_publisher":"https:\/\/www.facebook.com\/psipolymersystems\/","article_modified_time":"2023-08-10T12:31:06+00:00","og_image":[{"url":"https:\/\/psi-polymersystems.com\/wp-content\/uploads\/2020\/08\/Drop-In-Maag-ES-scaled.jpg","type":"","width":"","height":""}],"twitter_card":"summary_large_image","twitter_misc":{"Tiempo de lectura":"2 minutos"},"schema":{"@context":"https:\/\/schema.org","@graph":[{"@type":"WebPage","@id":"https:\/\/www.psi-polymersystems.com\/products\/gear-pump-overview\/drop-in-replacement-gear-pump\/","url":"https:\/\/www.psi-polymersystems.com\/products\/gear-pump-overview\/drop-in-replacement-gear-pump\/","name":"Drop-In Gear Pumps - PSI-Polymer Systems","isPartOf":{"@id":"https:\/\/www.psi-polymersystems.com\/#website"},"primaryImageOfPage":{"@id":"https:\/\/www.psi-polymersystems.com\/products\/gear-pump-overview\/drop-in-replacement-gear-pump\/#primaryimage"},"image":{"@id":"https:\/\/www.psi-polymersystems.com\/products\/gear-pump-overview\/drop-in-replacement-gear-pump\/#primaryimage"},"thumbnailUrl":"https:\/\/psi-polymersystems.com\/wp-content\/uploads\/2020\/08\/Drop-In-Maag-ES-scaled.jpg","datePublished":"2020-08-07T18:00:43+00:00","dateModified":"2023-08-10T12:31:06+00:00","description":"PSI-Polymer Systems Extrusion Gear Pump drops-in where our competitor's gear pumps have been installed, giving you longer life and better reliability.","breadcrumb":{"@id":"https:\/\/www.psi-polymersystems.com\/products\/gear-pump-overview\/drop-in-replacement-gear-pump\/#breadcrumb"},"inLanguage":"es","potentialAction":[{"@type":"ReadAction","target":["https:\/\/www.psi-polymersystems.com\/products\/gear-pump-overview\/drop-in-replacement-gear-pump\/"]}]},{"@type":"ImageObject","inLanguage":"es","@id":"https:\/\/www.psi-polymersystems.com\/products\/gear-pump-overview\/drop-in-replacement-gear-pump\/#primaryimage","url":"https:\/\/psi-polymersystems.com\/wp-content\/uploads\/2020\/08\/Drop-In-Maag-ES-scaled.jpg","contentUrl":"https:\/\/psi-polymersystems.com\/wp-content\/uploads\/2020\/08\/Drop-In-Maag-ES-scaled.jpg"},{"@type":"BreadcrumbList","@id":"https:\/\/www.psi-polymersystems.com\/products\/gear-pump-overview\/drop-in-replacement-gear-pump\/#breadcrumb","itemListElement":[{"@type":"ListItem","position":1,"name":"Home","item":"https:\/\/www.psi-polymersystems.com\/"},{"@type":"ListItem","position":2,"name":"Product Overview","item":"https:\/\/www.psi-polymersystems.com\/products\/"},{"@type":"ListItem","position":3,"name":"Gear Pump Overview","item":"https:\/\/www.psi-polymersystems.com\/products\/gear-pump-overview\/"},{"@type":"ListItem","position":4,"name":"Drop-In Gear Pumps"}]},{"@type":"WebSite","@id":"https:\/\/www.psi-polymersystems.com\/#website","url":"https:\/\/www.psi-polymersystems.com\/","name":"PSI-Polymer Systems","description":"","publisher":{"@id":"https:\/\/www.psi-polymersystems.com\/#organization"},"potentialAction":[{"@type":"SearchAction","target":{"@type":"EntryPoint","urlTemplate":"https:\/\/www.psi-polymersystems.com\/?s={search_term_string}"},"query-input":{"@type":"PropertyValueSpecification","valueRequired":true,"valueName":"search_term_string"}}],"inLanguage":"es"},{"@type":"Organization","@id":"https:\/\/www.psi-polymersystems.com\/#organization","name":"PSI-Polymer Systems, Inc.","url":"https:\/\/www.psi-polymersystems.com\/","logo":{"@type":"ImageObject","inLanguage":"es","@id":"https:\/\/www.psi-polymersystems.com\/#\/schema\/logo\/image\/","url":"","contentUrl":"","caption":"PSI-Polymer Systems, Inc."},"image":{"@id":"https:\/\/www.psi-polymersystems.com\/#\/schema\/logo\/image\/"},"sameAs":["https:\/\/www.facebook.com\/psipolymersystems\/","https:\/\/www.linkedin.com\/showcase\/psi-polymer-systems"]}]}},"_links":{"self":[{"href":"https:\/\/www.psi-polymersystems.com\/es\/wp-json\/wp\/v2\/pages\/4107","targetHints":{"allow":["GET"]}}],"collection":[{"href":"https:\/\/www.psi-polymersystems.com\/es\/wp-json\/wp\/v2\/pages"}],"about":[{"href":"https:\/\/www.psi-polymersystems.com\/es\/wp-json\/wp\/v2\/types\/page"}],"author":[{"embeddable":true,"href":"https:\/\/www.psi-polymersystems.com\/es\/wp-json\/wp\/v2\/users\/2"}],"replies":[{"embeddable":true,"href":"https:\/\/www.psi-polymersystems.com\/es\/wp-json\/wp\/v2\/comments?post=4107"}],"version-history":[{"count":0,"href":"https:\/\/www.psi-polymersystems.com\/es\/wp-json\/wp\/v2\/pages\/4107\/revisions"}],"up":[{"embeddable":true,"href":"https:\/\/www.psi-polymersystems.com\/es\/wp-json\/wp\/v2\/pages\/353"}],"wp:attachment":[{"href":"https:\/\/www.psi-polymersystems.com\/es\/wp-json\/wp\/v2\/media?parent=4107"}],"curies":[{"name":"wp","href":"https:\/\/api.w.org\/{rel}","templated":true}]}}