{"id":5846,"date":"2020-09-22T12:46:16","date_gmt":"2020-09-22T12:46:16","guid":{"rendered":"https:\/\/psi-polymersystems.com\/?page_id=5846"},"modified":"2022-08-02T14:13:32","modified_gmt":"2022-08-02T14:13:32","slug":"psi-polymer-systems-inc-to-introduce-new-products-for-pvc-applications-at-npe2018-conover-nc-may-7-2018","status":"publish","type":"page","link":"https:\/\/www.psi-polymersystems.com\/es\/about-us\/press-releases\/psi-polymer-systems-inc-to-introduce-new-products-for-pvc-applications-at-npe2018-conover-nc-may-7-2018\/","title":{"rendered":"PSI-Polymer Systems, Inc. presentar\u00e1 nuevos productos para aplicaciones de PVC en NPE2018 Conover, NC (7 de mayo de 2018)"},"content":{"rendered":"<div data-elementor-type=\"wp-page\" data-elementor-id=\"5846\" class=\"elementor elementor-5846\" data-elementor-post-type=\"page\">\n\t\t\t\t\t\t<section class=\"elementor-section elementor-top-section elementor-element elementor-element-8200b87 elementor-section-boxed elementor-section-height-default elementor-section-height-default\" data-id=\"8200b87\" data-element_type=\"section\" data-e-type=\"section\">\n\t\t\t\t\t\t<div class=\"elementor-container elementor-column-gap-default\">\n\t\t\t\t\t<div class=\"elementor-column elementor-col-50 elementor-top-column elementor-element elementor-element-34e17ab\" data-id=\"34e17ab\" data-element_type=\"column\" data-e-type=\"column\">\n\t\t\t<div class=\"elementor-widget-wrap elementor-element-populated\">\n\t\t\t\t\t\t<div class=\"elementor-element elementor-element-45303de elementor-widget elementor-widget-heading\" data-id=\"45303de\" data-element_type=\"widget\" data-e-type=\"widget\" data-widget_type=\"heading.default\">\n\t\t\t\t<div class=\"elementor-widget-container\">\n\t\t\t\t\t<h2 class=\"elementor-heading-title elementor-size-default\">PSI-Polymer Systems, Inc. presentar\u00e1 nuevos productos para aplicaciones de PVC en NPE2018 Conover, NC (7 de mayo de 2018)<\/h2>\t\t\t\t<\/div>\n\t\t\t\t<\/div>\n\t\t\t\t<div class=\"elementor-element elementor-element-7dd3b0a elementor-widget elementor-widget-text-editor\" data-id=\"7dd3b0a\" data-element_type=\"widget\" data-e-type=\"widget\" data-widget_type=\"text-editor.default\">\n\t\t\t\t<div class=\"elementor-widget-container\">\n\t\t\t\t\t\t\t\t\t<p>PSI-Polymer Systems Inc. (stand W5791) presentar\u00e1 dos nuevos productos dise\u00f1ados para aplicaciones de PVC en NPE2018. El nuevo cambiador de pantalla y la bomba de engranajes son los primeros productos de PSI de sus respectivos tipos desarrollados espec\u00edficamente para vinilo duro. El PVC es un material particularmente desafiante para trabajar debido a su estrecha ventana de proceso y la necesidad de un flujo constante y constante, lo que evita que muchos procesadores de RPVC utilicen cambiadores de pantalla o bombas de engranajes. Los nuevos productos de PSI eliminan las preocupaciones habituales que tienen los procesadores sobre la inclusi\u00f3n de cambiadores de pantalla y bombas de engranajes en su proceso.<\/p><p><u>Cambiador de pantalla de placa de expansi\u00f3n (ESC)<\/u><\/p><p>Los cambiadores de pantalla a menudo no se aplican a los procesos de RPVC, ya que cuando el material viaja a trav\u00e9s de transiciones o pasos, se introduce calor de cizallamiento y, a menudo, desencadenar\u00e1 la combusti\u00f3n localizada del material. Sin embargo, PSI pudo desarrollar una soluci\u00f3n que permite que su cambiador de pantalla de placa de expansi\u00f3n (con patente solicitada) tolere cambios de temperatura de hasta 20-40 \u00b0 F.<\/p><p>\u201cCon nuestro ESC resolvimos los problemas qu\u00edmicos relacionados con el calor, el flujo y la conductividad t\u00e9rmica que hacen que el uso de un cambiador de pantalla con formulaciones de PVC sea un desaf\u00edo\u201d, dice Don Macnamara, Gerente General de PSI. &quot;PSI ha estado resolviendo problemas de procesamiento desafiantes durante casi 20 a\u00f1os, pero estamos realmente orgullosos de esta soluci\u00f3n particularmente dif\u00edcil&quot;.<\/p><p>Generalmente utilizado en aplicaciones de l\u00e1minas y perfiles, el cambiador de pantalla requiere un apagado moment\u00e1neo para un cambio de pantalla, lo que elimina la necesidad de desmontar la matriz y las altas tasas de desperdicio que resultan de eso, especialmente en tiradas cortas. El proceso de cambio de pantalla en s\u00ed tambi\u00e9n est\u00e1 dise\u00f1ado por expertos, con control PLC de las barras espaciadoras de expansi\u00f3n que separan las mitades del cuerpo de la placa deslizante entre ellas. Una vez que se ha reemplazado la pantalla gastada, las barras espaciadoras se contraen, llevando las mitades del cuerpo de acero hacia atr\u00e1s firmemente contra la placa deslizante, recreando un sello a trav\u00e9s de un estrecho contacto acero sobre acero. El ESC viene de serie con componentes de acero inoxidable resistentes a la corrosi\u00f3n, orificios de flujo cromados rectos para reducir la fricci\u00f3n de la superficie y eliminar \u00e1reas colgadas, cuerpos aguas arriba y aguas abajo id\u00e9nticos, intercambiables y reparables en campo para una f\u00e1cil reparaci\u00f3n o reemplazo, y cero sellos mec\u00e1nicos para crear menos oportunidades de que las cosas salgan mal. Estos atributos hacen que este cambiador de pantalla sea confiable, duradero y eficiente, adem\u00e1s de su ya impresionante capacidad para prosperar en un proceso extremadamente desafiante.<\/p><p><u>Bomba de engranajes clorados (CGP)<\/u><\/p><p>Sin embargo, no son solo los cambiadores de pantalla los que tienden a evitarse para las aplicaciones RPVC. Las bombas de fusi\u00f3n tampoco se suelen utilizar debido al calor que se genera en las holguras axiales de los engranajes y las zonas de lubricaci\u00f3n de los cojinetes. Hoy en d\u00eda, muchas bombas de fusi\u00f3n son capaces de descargar material que se utiliza para la lubricaci\u00f3n de engranajes y cojinetes, pero al hacerlo, generalmente se calientan a temperaturas inadecuadas para materiales termosensibles como RPVC. La nueva bomba de engranajes clorados de PSI ofrece la soluci\u00f3n.<\/p><p>\u201cNuestro nuevo CGP es muy eficaz para gestionar el perfil de temperatura en la bomba de fusi\u00f3n, que es tan cr\u00edtico para el PVC\u201d. dice Macnamara. \u201cTom\u00f3 un arduo trabajo y varias modificaciones, pero nuestro producto ahora permitir\u00e1 a nuestros clientes que ejecutan un pol\u00edmero t\u00e9rmicamente sensible para aprovechar la estabilizaci\u00f3n de la presi\u00f3n de la matriz, el aumento de rendimiento y la reducci\u00f3n de los beneficios de la presi\u00f3n del extrusor de una bomba de engranajes sin preocuparse de que su pol\u00edmero se carbonizar\u00e1 o degradar\u00e1 debido a eso &quot;.<\/p><p>El nuevo dise\u00f1o modific\u00f3 varios componentes para mejorar la transferencia de calor y controlar m\u00e1s estrictamente los cambios de temperatura t\u00edpicos en una bomba de engranajes. El cuerpo y las placas laterales del CGP est\u00e1n revestidos para medios de transferencia de calor de vapor o aceite, que recorren toda la bomba en una sola pasada. Para ayudar a expulsar el calor de las \u00e1reas de alta carga de los engranajes, el CGP tiene dos ejes de engranajes extendidos que ayudan a transferir el calor hacia afuera desde los mu\u00f1ones de los cojinetes a los mu\u00f1ones de los sellos m\u00e1s fr\u00edos, y luego a trav\u00e9s de los sellos hacia las placas laterales con camisa. Para una conductividad \u00f3ptima, todos los sellos est\u00e1n contenidos dentro y son parte integral de las placas laterales. Para un mayor control del calor, hay canales de enfriamiento colocados en el cuerpo para absorber el calor del di\u00e1metro exterior de los cojinetes y las placas laterales grandes con camisa ayudan a proporcionar una transferencia de calor adicional desde los cojinetes. El material de purga utilizado para la lubricaci\u00f3n de los cojinetes y engranajes se evacua del flujo de proceso a trav\u00e9s de puertos internos hacia el exterior de la bomba en una purga constante (aproximadamente .01% de flujo).<\/p>\t\t\t\t\t\t\t\t<\/div>\n\t\t\t\t<\/div>\n\t\t\t\t\t<\/div>\n\t\t<\/div>\n\t\t\t\t<div class=\"elementor-column elementor-col-50 elementor-top-column elementor-element elementor-element-7d0998d\" data-id=\"7d0998d\" data-element_type=\"column\" data-e-type=\"column\">\n\t\t\t<div class=\"elementor-widget-wrap\">\n\t\t\t\t\t\t\t<\/div>\n\t\t<\/div>\n\t\t\t\t\t<\/div>\n\t\t<\/section>\n\t\t\t\t<\/div>","protected":false},"excerpt":{"rendered":"<p>PSI-Polymer Systems, Inc. presentar\u00e1 nuevos productos para aplicaciones de PVC en NPE2018 Conover, NC (7 de mayo de 2018) PSI-Polymer Systems Inc. (stand W5791) presentar\u00e1 dos nuevos productos dise\u00f1ados para aplicaciones de PVC en NPE2018. El nuevo cambiador de pantalla y la bomba de engranajes son los primeros productos de PSI de sus respectivos tipos desarrollados espec\u00edficamente para vinilo duro. [\u2026]<\/p>","protected":false},"author":2,"featured_media":0,"parent":5833,"menu_order":0,"comment_status":"closed","ping_status":"closed","template":"","meta":{"_monsterinsights_skip_tracking":false,"_monsterinsights_sitenote_active":false,"_monsterinsights_sitenote_note":"","_monsterinsights_sitenote_category":0,"footnotes":""},"class_list":["post-5846","page","type-page","status-publish","hentry"],"yoast_head":"<!-- This site is optimized with the Yoast SEO Premium plugin v25.0 (Yoast SEO v25.0) - https:\/\/yoast.com\/wordpress\/plugins\/seo\/ -->\n<title>PSI-Polymer Systems, Inc. To Introduce New Products For PVC Applications at NPE2018 Conover, NC (May 7, 2018) - PSI-Polymer Systems<\/title>\n<meta name=\"robots\" content=\"index, follow, max-snippet:-1, max-image-preview:large, max-video-preview:-1\" \/>\n<link rel=\"canonical\" href=\"https:\/\/www.psi-polymersystems.com\/es\/about-us\/press-releases\/psi-polymer-systems-inc-to-introduce-new-products-for-pvc-applications-at-npe2018-conover-nc-may-7-2018\/\" \/>\n<meta property=\"og:locale\" content=\"es_MX\" \/>\n<meta property=\"og:type\" content=\"article\" \/>\n<meta property=\"og:title\" content=\"PSI-Polymer Systems, Inc. To Introduce New Products For PVC Applications at NPE2018 Conover, NC (May 7, 2018)\" \/>\n<meta property=\"og:description\" content=\"PSI-Polymer Systems, Inc. To Introduce New Products For PVC Applications at NPE2018 Conover, NC (May 7, 2018) PSI-Polymer Systems Inc. (booth W5791) will\" \/>\n<meta property=\"og:url\" content=\"https:\/\/www.psi-polymersystems.com\/es\/about-us\/press-releases\/psi-polymer-systems-inc-to-introduce-new-products-for-pvc-applications-at-npe2018-conover-nc-may-7-2018\/\" \/>\n<meta property=\"og:site_name\" content=\"PSI-Polymer Systems\" \/>\n<meta property=\"article:publisher\" content=\"https:\/\/www.facebook.com\/psipolymersystems\/\" \/>\n<meta property=\"article:modified_time\" content=\"2022-08-02T14:13:32+00:00\" \/>\n<meta name=\"twitter:card\" content=\"summary_large_image\" \/>\n<meta name=\"twitter:label1\" content=\"Tiempo de lectura\" \/>\n\t<meta name=\"twitter:data1\" content=\"4 minutos\" \/>\n<script type=\"application\/ld+json\" class=\"yoast-schema-graph\">{\"@context\":\"https:\/\/schema.org\",\"@graph\":[{\"@type\":\"WebPage\",\"@id\":\"https:\/\/www.psi-polymersystems.com\/es\/about-us\/press-releases\/psi-polymer-systems-inc-to-introduce-new-products-for-pvc-applications-at-npe2018-conover-nc-may-7-2018\/\",\"url\":\"https:\/\/www.psi-polymersystems.com\/es\/about-us\/press-releases\/psi-polymer-systems-inc-to-introduce-new-products-for-pvc-applications-at-npe2018-conover-nc-may-7-2018\/\",\"name\":\"PSI-Polymer Systems, Inc. To Introduce New Products For PVC Applications at NPE2018 Conover, NC (May 7, 2018) - PSI-Polymer Systems\",\"isPartOf\":{\"@id\":\"https:\/\/www.psi-polymersystems.com\/#website\"},\"datePublished\":\"2020-09-22T12:46:16+00:00\",\"dateModified\":\"2022-08-02T14:13:32+00:00\",\"breadcrumb\":{\"@id\":\"https:\/\/www.psi-polymersystems.com\/es\/about-us\/press-releases\/psi-polymer-systems-inc-to-introduce-new-products-for-pvc-applications-at-npe2018-conover-nc-may-7-2018\/#breadcrumb\"},\"inLanguage\":\"es\",\"potentialAction\":[{\"@type\":\"ReadAction\",\"target\":[\"https:\/\/www.psi-polymersystems.com\/es\/about-us\/press-releases\/psi-polymer-systems-inc-to-introduce-new-products-for-pvc-applications-at-npe2018-conover-nc-may-7-2018\/\"]}]},{\"@type\":\"BreadcrumbList\",\"@id\":\"https:\/\/www.psi-polymersystems.com\/es\/about-us\/press-releases\/psi-polymer-systems-inc-to-introduce-new-products-for-pvc-applications-at-npe2018-conover-nc-may-7-2018\/#breadcrumb\",\"itemListElement\":[{\"@type\":\"ListItem\",\"position\":1,\"name\":\"Home\",\"item\":\"https:\/\/www.psi-polymersystems.com\/\"},{\"@type\":\"ListItem\",\"position\":2,\"name\":\"About Us\",\"item\":\"https:\/\/www.psi-polymersystems.com\/about-us\/\"},{\"@type\":\"ListItem\",\"position\":3,\"name\":\"Press Releases\",\"item\":\"https:\/\/www.psi-polymersystems.com\/about-us\/press-releases\/\"},{\"@type\":\"ListItem\",\"position\":4,\"name\":\"PSI-Polymer Systems, Inc. To Introduce New Products For PVC Applications at NPE2018 Conover, NC (May 7, 2018)\"}]},{\"@type\":\"WebSite\",\"@id\":\"https:\/\/www.psi-polymersystems.com\/#website\",\"url\":\"https:\/\/www.psi-polymersystems.com\/\",\"name\":\"PSI-Polymer Systems\",\"description\":\"\",\"publisher\":{\"@id\":\"https:\/\/www.psi-polymersystems.com\/#organization\"},\"potentialAction\":[{\"@type\":\"SearchAction\",\"target\":{\"@type\":\"EntryPoint\",\"urlTemplate\":\"https:\/\/www.psi-polymersystems.com\/?s={search_term_string}\"},\"query-input\":{\"@type\":\"PropertyValueSpecification\",\"valueRequired\":true,\"valueName\":\"search_term_string\"}}],\"inLanguage\":\"es\"},{\"@type\":\"Organization\",\"@id\":\"https:\/\/www.psi-polymersystems.com\/#organization\",\"name\":\"PSI-Polymer Systems, Inc.\",\"url\":\"https:\/\/www.psi-polymersystems.com\/\",\"logo\":{\"@type\":\"ImageObject\",\"inLanguage\":\"es\",\"@id\":\"https:\/\/www.psi-polymersystems.com\/#\/schema\/logo\/image\/\",\"url\":\"\",\"contentUrl\":\"\",\"caption\":\"PSI-Polymer Systems, Inc.\"},\"image\":{\"@id\":\"https:\/\/www.psi-polymersystems.com\/#\/schema\/logo\/image\/\"},\"sameAs\":[\"https:\/\/www.facebook.com\/psipolymersystems\/\",\"https:\/\/www.linkedin.com\/showcase\/psi-polymer-systems\"]}]}<\/script>\n<!-- \/ Yoast SEO Premium plugin. -->","yoast_head_json":{"title":"PSI-Polymer Systems, Inc. To Introduce New Products For PVC Applications at NPE2018 Conover, NC (May 7, 2018) - PSI-Polymer Systems","robots":{"index":"index","follow":"follow","max-snippet":"max-snippet:-1","max-image-preview":"max-image-preview:large","max-video-preview":"max-video-preview:-1"},"canonical":"https:\/\/www.psi-polymersystems.com\/es\/about-us\/press-releases\/psi-polymer-systems-inc-to-introduce-new-products-for-pvc-applications-at-npe2018-conover-nc-may-7-2018\/","og_locale":"es_MX","og_type":"article","og_title":"PSI-Polymer Systems, Inc. To Introduce New Products For PVC Applications at NPE2018 Conover, NC (May 7, 2018)","og_description":"PSI-Polymer Systems, Inc. To Introduce New Products For PVC Applications at NPE2018 Conover, NC (May 7, 2018) PSI-Polymer Systems Inc. (booth W5791) will","og_url":"https:\/\/www.psi-polymersystems.com\/es\/about-us\/press-releases\/psi-polymer-systems-inc-to-introduce-new-products-for-pvc-applications-at-npe2018-conover-nc-may-7-2018\/","og_site_name":"PSI-Polymer Systems","article_publisher":"https:\/\/www.facebook.com\/psipolymersystems\/","article_modified_time":"2022-08-02T14:13:32+00:00","twitter_card":"summary_large_image","twitter_misc":{"Tiempo de lectura":"4 minutos"},"schema":{"@context":"https:\/\/schema.org","@graph":[{"@type":"WebPage","@id":"https:\/\/www.psi-polymersystems.com\/es\/about-us\/press-releases\/psi-polymer-systems-inc-to-introduce-new-products-for-pvc-applications-at-npe2018-conover-nc-may-7-2018\/","url":"https:\/\/www.psi-polymersystems.com\/es\/about-us\/press-releases\/psi-polymer-systems-inc-to-introduce-new-products-for-pvc-applications-at-npe2018-conover-nc-may-7-2018\/","name":"PSI-Polymer Systems, Inc. To Introduce New Products For PVC Applications at NPE2018 Conover, NC (May 7, 2018) - PSI-Polymer Systems","isPartOf":{"@id":"https:\/\/www.psi-polymersystems.com\/#website"},"datePublished":"2020-09-22T12:46:16+00:00","dateModified":"2022-08-02T14:13:32+00:00","breadcrumb":{"@id":"https:\/\/www.psi-polymersystems.com\/es\/about-us\/press-releases\/psi-polymer-systems-inc-to-introduce-new-products-for-pvc-applications-at-npe2018-conover-nc-may-7-2018\/#breadcrumb"},"inLanguage":"es","potentialAction":[{"@type":"ReadAction","target":["https:\/\/www.psi-polymersystems.com\/es\/about-us\/press-releases\/psi-polymer-systems-inc-to-introduce-new-products-for-pvc-applications-at-npe2018-conover-nc-may-7-2018\/"]}]},{"@type":"BreadcrumbList","@id":"https:\/\/www.psi-polymersystems.com\/es\/about-us\/press-releases\/psi-polymer-systems-inc-to-introduce-new-products-for-pvc-applications-at-npe2018-conover-nc-may-7-2018\/#breadcrumb","itemListElement":[{"@type":"ListItem","position":1,"name":"Home","item":"https:\/\/www.psi-polymersystems.com\/"},{"@type":"ListItem","position":2,"name":"About Us","item":"https:\/\/www.psi-polymersystems.com\/about-us\/"},{"@type":"ListItem","position":3,"name":"Press Releases","item":"https:\/\/www.psi-polymersystems.com\/about-us\/press-releases\/"},{"@type":"ListItem","position":4,"name":"PSI-Polymer Systems, Inc. To Introduce New Products For PVC Applications at NPE2018 Conover, NC (May 7, 2018)"}]},{"@type":"WebSite","@id":"https:\/\/www.psi-polymersystems.com\/#website","url":"https:\/\/www.psi-polymersystems.com\/","name":"PSI-Polymer Systems","description":"","publisher":{"@id":"https:\/\/www.psi-polymersystems.com\/#organization"},"potentialAction":[{"@type":"SearchAction","target":{"@type":"EntryPoint","urlTemplate":"https:\/\/www.psi-polymersystems.com\/?s={search_term_string}"},"query-input":{"@type":"PropertyValueSpecification","valueRequired":true,"valueName":"search_term_string"}}],"inLanguage":"es"},{"@type":"Organization","@id":"https:\/\/www.psi-polymersystems.com\/#organization","name":"PSI-Polymer Systems, Inc.","url":"https:\/\/www.psi-polymersystems.com\/","logo":{"@type":"ImageObject","inLanguage":"es","@id":"https:\/\/www.psi-polymersystems.com\/#\/schema\/logo\/image\/","url":"","contentUrl":"","caption":"PSI-Polymer Systems, Inc."},"image":{"@id":"https:\/\/www.psi-polymersystems.com\/#\/schema\/logo\/image\/"},"sameAs":["https:\/\/www.facebook.com\/psipolymersystems\/","https:\/\/www.linkedin.com\/showcase\/psi-polymer-systems"]}]}},"_links":{"self":[{"href":"https:\/\/www.psi-polymersystems.com\/es\/wp-json\/wp\/v2\/pages\/5846","targetHints":{"allow":["GET"]}}],"collection":[{"href":"https:\/\/www.psi-polymersystems.com\/es\/wp-json\/wp\/v2\/pages"}],"about":[{"href":"https:\/\/www.psi-polymersystems.com\/es\/wp-json\/wp\/v2\/types\/page"}],"author":[{"embeddable":true,"href":"https:\/\/www.psi-polymersystems.com\/es\/wp-json\/wp\/v2\/users\/2"}],"replies":[{"embeddable":true,"href":"https:\/\/www.psi-polymersystems.com\/es\/wp-json\/wp\/v2\/comments?post=5846"}],"version-history":[{"count":0,"href":"https:\/\/www.psi-polymersystems.com\/es\/wp-json\/wp\/v2\/pages\/5846\/revisions"}],"up":[{"embeddable":true,"href":"https:\/\/www.psi-polymersystems.com\/es\/wp-json\/wp\/v2\/pages\/5833"}],"wp:attachment":[{"href":"https:\/\/www.psi-polymersystems.com\/es\/wp-json\/wp\/v2\/media?parent=5846"}],"curies":[{"name":"wp","href":"https:\/\/api.w.org\/{rel}","templated":true}]}}