{"id":5902,"date":"2020-09-22T19:59:35","date_gmt":"2020-09-22T19:59:35","guid":{"rendered":"https:\/\/psi-polymersystems.com\/?page_id=5902"},"modified":"2020-09-22T20:02:23","modified_gmt":"2020-09-22T20:02:23","slug":"psi-polymer-systems-inc-introduces-servo-driven-gear-pump-for-precision-dispensing-applications-conover-nc-august-29-2016","status":"publish","type":"page","link":"https:\/\/www.psi-polymersystems.com\/es\/about-us\/press-releases\/psi-polymer-systems-inc-introduces-servo-driven-gear-pump-for-precision-dispensing-applications-conover-nc-august-29-2016\/","title":{"rendered":"PSI-Polymer Systems Inc, presenta la bomba de engranajes servoaccionada para aplicaciones de dispensaci\u00f3n de precisi\u00f3n Conover, NC (29 de agosto de 2016)"},"content":{"rendered":"<div data-elementor-type=\"wp-page\" data-elementor-id=\"5902\" class=\"elementor elementor-5902\" data-elementor-post-type=\"page\">\n\t\t\t\t\t\t<section class=\"elementor-section elementor-top-section elementor-element elementor-element-57c76dca elementor-section-boxed elementor-section-height-default elementor-section-height-default\" data-id=\"57c76dca\" data-element_type=\"section\" data-e-type=\"section\">\n\t\t\t\t\t\t<div class=\"elementor-container elementor-column-gap-default\">\n\t\t\t\t\t<div class=\"elementor-column elementor-col-50 elementor-top-column elementor-element elementor-element-7a20cca0\" data-id=\"7a20cca0\" data-element_type=\"column\" data-e-type=\"column\">\n\t\t\t<div class=\"elementor-widget-wrap elementor-element-populated\">\n\t\t\t\t\t\t<div class=\"elementor-element elementor-element-3931474 elementor-widget elementor-widget-heading\" data-id=\"3931474\" data-element_type=\"widget\" data-e-type=\"widget\" data-widget_type=\"heading.default\">\n\t\t\t\t<div class=\"elementor-widget-container\">\n\t\t\t\t\t<h2 class=\"elementor-heading-title elementor-size-default\">PSI-Polymer Systems, Inc. presenta la bomba de engranajes servoaccionada para aplicaciones de dispensaci\u00f3n de precisi\u00f3n Conover, NC (29 de agosto de 2016)<\/h2>\t\t\t\t<\/div>\n\t\t\t\t<\/div>\n\t\t\t\t<div class=\"elementor-element elementor-element-61276276 elementor-widget elementor-widget-text-editor\" data-id=\"61276276\" data-element_type=\"widget\" data-e-type=\"widget\" data-widget_type=\"text-editor.default\">\n\t\t\t\t<div class=\"elementor-widget-container\">\n\t\t\t\t\t\t\t\t\t<p>PSI-Polymer Systems ha introducido recientemente un nuevo servoaccionamiento para sus bombas de engranajes de las series EGP y CIP. Los variadores permiten un nivel de precisi\u00f3n para el arranque, la parada y la rampa que no es posible lograr con motores est\u00e1ndar de CC o CA.<\/p><p>Creadas originalmente para la extrusi\u00f3n continua de pol\u00edmeros, las bombas de engranajes se han expandido a aplicaciones que ahora incluyen dosificaci\u00f3n de peque\u00f1os vol\u00famenes repetibles y de precisi\u00f3n. Normalmente se encuentra en aplicaciones m\u00e9dicas, adhesivas y otras aplicaciones especiales, la bomba debe dosificar una cantidad muy peque\u00f1a y espec\u00edfica de material. Las bombas de pist\u00f3n de estilo m\u00e1s antiguo han servido hist\u00f3ricamente para estas aplicaciones manteniendo el caudal a presi\u00f3n. Sin embargo, a medida que las aplicaciones se vuelven m\u00e1s sofisticadas y exigen dosis volum\u00e9tricas muy precisas, el tiempo de reacci\u00f3n de inicio \/ parada para estos dispositivos ya no es suficiente. La sensibilidad a la temperatura con bombas de pist\u00f3n tambi\u00e9n es un problema. Los cambios de temperatura ambiente pueden modificar la viscosidad y la tasa de flujo, lo que resulta en la necesidad de un monitoreo y control continuo de los ajustes de presi\u00f3n en estos sistemas.\u00a0<\/p><p>La nueva bomba de engranajes de servodrive de PSI mejora esto al combinar la linealidad de la salida volum\u00e9trica constante por RPM de la bomba de engranajes con el control de posici\u00f3n preciso de un servodrive. El resultado es la eliminaci\u00f3n de la caja de engranajes independiente, cero inercia del motor, tiempos de reacci\u00f3n extremadamente r\u00e1pidos, arranque \/ parada instant\u00e1neos y tiempos r\u00e1pidos de aceleraci\u00f3n \/ desaceleraci\u00f3n y una nueva caracter\u00edstica; marcha atr\u00e1s. La marcha atr\u00e1s permite que el servoaccionamiento retroceda instant\u00e1neamente la bomba para eliminar cualquier posibilidad de desbordamiento o goteo en lugar de una parada directa.<\/p>\t\t\t\t\t\t\t\t<\/div>\n\t\t\t\t<\/div>\n\t\t\t\t\t<\/div>\n\t\t<\/div>\n\t\t\t\t<div class=\"elementor-column elementor-col-50 elementor-top-column elementor-element elementor-element-34940499\" data-id=\"34940499\" data-element_type=\"column\" data-e-type=\"column\">\n\t\t\t<div class=\"elementor-widget-wrap\">\n\t\t\t\t\t\t\t<\/div>\n\t\t<\/div>\n\t\t\t\t\t<\/div>\n\t\t<\/section>\n\t\t\t\t<\/div>","protected":false},"excerpt":{"rendered":"<p>PSI-Polymer Systems, Inc. presenta la bomba de engranajes accionada por servomotor para aplicaciones de dispensaci\u00f3n de precisi\u00f3n Conover, NC (29 de agosto de 2016) PSI-Polymer Systems ha presentado recientemente un nuevo servoaccionamiento para sus bombas de engranajes de las series EGP y CIP. Los accionamientos permiten un nivel de precisi\u00f3n para el arranque, la parada y la rampa que no es posible lograr con CC est\u00e1ndar [\u2026]<\/p>","protected":false},"author":2,"featured_media":0,"parent":5833,"menu_order":0,"comment_status":"closed","ping_status":"closed","template":"","meta":{"_monsterinsights_skip_tracking":false,"_monsterinsights_sitenote_active":false,"_monsterinsights_sitenote_note":"","_monsterinsights_sitenote_category":0,"footnotes":""},"class_list":["post-5902","page","type-page","status-publish","hentry"],"yoast_head":"<!-- This site is optimized with the Yoast SEO Premium plugin v25.0 (Yoast SEO v25.0) - https:\/\/yoast.com\/wordpress\/plugins\/seo\/ -->\n<title>PSI-Polymer Systems Inc, Introduces Servo Driven Gear Pump For Precision Dispensing Applications Conover, NC (August 29, 2016) - PSI-Polymer Systems<\/title>\n<meta name=\"robots\" content=\"index, follow, max-snippet:-1, max-image-preview:large, max-video-preview:-1\" \/>\n<link rel=\"canonical\" href=\"https:\/\/www.psi-polymersystems.com\/es\/about-us\/press-releases\/psi-polymer-systems-inc-introduces-servo-driven-gear-pump-for-precision-dispensing-applications-conover-nc-august-29-2016\/\" \/>\n<meta property=\"og:locale\" content=\"es_MX\" \/>\n<meta property=\"og:type\" content=\"article\" \/>\n<meta property=\"og:title\" content=\"PSI-Polymer Systems Inc, Introduces Servo Driven Gear Pump For Precision Dispensing Applications Conover, NC (August 29, 2016)\" \/>\n<meta property=\"og:description\" content=\"PSI-Polymer Systems, Inc. Introduces Servo Driven Gear Pump For Precision Dispensing Applications Conover, NC (August 29, 2016) PSI-Polymer Systems has\" \/>\n<meta property=\"og:url\" content=\"https:\/\/www.psi-polymersystems.com\/es\/about-us\/press-releases\/psi-polymer-systems-inc-introduces-servo-driven-gear-pump-for-precision-dispensing-applications-conover-nc-august-29-2016\/\" \/>\n<meta property=\"og:site_name\" content=\"PSI-Polymer Systems\" \/>\n<meta property=\"article:publisher\" content=\"https:\/\/www.facebook.com\/psipolymersystems\/\" \/>\n<meta property=\"article:modified_time\" content=\"2020-09-22T20:02:23+00:00\" \/>\n<meta name=\"twitter:card\" content=\"summary_large_image\" \/>\n<meta name=\"twitter:label1\" content=\"Tiempo de lectura\" \/>\n\t<meta name=\"twitter:data1\" content=\"1 minuto\" \/>\n<script type=\"application\/ld+json\" class=\"yoast-schema-graph\">{\"@context\":\"https:\/\/schema.org\",\"@graph\":[{\"@type\":\"WebPage\",\"@id\":\"https:\/\/www.psi-polymersystems.com\/es\/about-us\/press-releases\/psi-polymer-systems-inc-introduces-servo-driven-gear-pump-for-precision-dispensing-applications-conover-nc-august-29-2016\/\",\"url\":\"https:\/\/www.psi-polymersystems.com\/es\/about-us\/press-releases\/psi-polymer-systems-inc-introduces-servo-driven-gear-pump-for-precision-dispensing-applications-conover-nc-august-29-2016\/\",\"name\":\"PSI-Polymer Systems Inc, Introduces Servo Driven Gear Pump For Precision Dispensing Applications Conover, NC (August 29, 2016) - PSI-Polymer Systems\",\"isPartOf\":{\"@id\":\"https:\/\/www.psi-polymersystems.com\/#website\"},\"datePublished\":\"2020-09-22T19:59:35+00:00\",\"dateModified\":\"2020-09-22T20:02:23+00:00\",\"breadcrumb\":{\"@id\":\"https:\/\/www.psi-polymersystems.com\/es\/about-us\/press-releases\/psi-polymer-systems-inc-introduces-servo-driven-gear-pump-for-precision-dispensing-applications-conover-nc-august-29-2016\/#breadcrumb\"},\"inLanguage\":\"es\",\"potentialAction\":[{\"@type\":\"ReadAction\",\"target\":[\"https:\/\/www.psi-polymersystems.com\/es\/about-us\/press-releases\/psi-polymer-systems-inc-introduces-servo-driven-gear-pump-for-precision-dispensing-applications-conover-nc-august-29-2016\/\"]}]},{\"@type\":\"BreadcrumbList\",\"@id\":\"https:\/\/www.psi-polymersystems.com\/es\/about-us\/press-releases\/psi-polymer-systems-inc-introduces-servo-driven-gear-pump-for-precision-dispensing-applications-conover-nc-august-29-2016\/#breadcrumb\",\"itemListElement\":[{\"@type\":\"ListItem\",\"position\":1,\"name\":\"Home\",\"item\":\"https:\/\/www.psi-polymersystems.com\/\"},{\"@type\":\"ListItem\",\"position\":2,\"name\":\"About Us\",\"item\":\"https:\/\/www.psi-polymersystems.com\/about-us\/\"},{\"@type\":\"ListItem\",\"position\":3,\"name\":\"Press Releases\",\"item\":\"https:\/\/www.psi-polymersystems.com\/about-us\/press-releases\/\"},{\"@type\":\"ListItem\",\"position\":4,\"name\":\"PSI-Polymer Systems Inc, Introduces Servo Driven Gear Pump For Precision Dispensing Applications Conover, NC (August 29, 2016)\"}]},{\"@type\":\"WebSite\",\"@id\":\"https:\/\/www.psi-polymersystems.com\/#website\",\"url\":\"https:\/\/www.psi-polymersystems.com\/\",\"name\":\"PSI-Polymer Systems\",\"description\":\"\",\"publisher\":{\"@id\":\"https:\/\/www.psi-polymersystems.com\/#organization\"},\"potentialAction\":[{\"@type\":\"SearchAction\",\"target\":{\"@type\":\"EntryPoint\",\"urlTemplate\":\"https:\/\/www.psi-polymersystems.com\/?s={search_term_string}\"},\"query-input\":{\"@type\":\"PropertyValueSpecification\",\"valueRequired\":true,\"valueName\":\"search_term_string\"}}],\"inLanguage\":\"es\"},{\"@type\":\"Organization\",\"@id\":\"https:\/\/www.psi-polymersystems.com\/#organization\",\"name\":\"PSI-Polymer Systems, Inc.\",\"url\":\"https:\/\/www.psi-polymersystems.com\/\",\"logo\":{\"@type\":\"ImageObject\",\"inLanguage\":\"es\",\"@id\":\"https:\/\/www.psi-polymersystems.com\/#\/schema\/logo\/image\/\",\"url\":\"\",\"contentUrl\":\"\",\"caption\":\"PSI-Polymer Systems, Inc.\"},\"image\":{\"@id\":\"https:\/\/www.psi-polymersystems.com\/#\/schema\/logo\/image\/\"},\"sameAs\":[\"https:\/\/www.facebook.com\/psipolymersystems\/\",\"https:\/\/www.linkedin.com\/showcase\/psi-polymer-systems\"]}]}<\/script>\n<!-- \/ Yoast SEO Premium plugin. -->","yoast_head_json":{"title":"PSI-Polymer Systems Inc, Introduces Servo Driven Gear Pump For Precision Dispensing Applications Conover, NC (August 29, 2016) - PSI-Polymer Systems","robots":{"index":"index","follow":"follow","max-snippet":"max-snippet:-1","max-image-preview":"max-image-preview:large","max-video-preview":"max-video-preview:-1"},"canonical":"https:\/\/www.psi-polymersystems.com\/es\/about-us\/press-releases\/psi-polymer-systems-inc-introduces-servo-driven-gear-pump-for-precision-dispensing-applications-conover-nc-august-29-2016\/","og_locale":"es_MX","og_type":"article","og_title":"PSI-Polymer Systems Inc, Introduces Servo Driven Gear Pump For Precision Dispensing Applications Conover, NC (August 29, 2016)","og_description":"PSI-Polymer Systems, Inc. Introduces Servo Driven Gear Pump For Precision Dispensing Applications Conover, NC (August 29, 2016) PSI-Polymer Systems has","og_url":"https:\/\/www.psi-polymersystems.com\/es\/about-us\/press-releases\/psi-polymer-systems-inc-introduces-servo-driven-gear-pump-for-precision-dispensing-applications-conover-nc-august-29-2016\/","og_site_name":"PSI-Polymer Systems","article_publisher":"https:\/\/www.facebook.com\/psipolymersystems\/","article_modified_time":"2020-09-22T20:02:23+00:00","twitter_card":"summary_large_image","twitter_misc":{"Tiempo de lectura":"1 minuto"},"schema":{"@context":"https:\/\/schema.org","@graph":[{"@type":"WebPage","@id":"https:\/\/www.psi-polymersystems.com\/es\/about-us\/press-releases\/psi-polymer-systems-inc-introduces-servo-driven-gear-pump-for-precision-dispensing-applications-conover-nc-august-29-2016\/","url":"https:\/\/www.psi-polymersystems.com\/es\/about-us\/press-releases\/psi-polymer-systems-inc-introduces-servo-driven-gear-pump-for-precision-dispensing-applications-conover-nc-august-29-2016\/","name":"PSI-Polymer Systems Inc, Introduces Servo Driven Gear Pump For Precision Dispensing Applications Conover, NC (August 29, 2016) - PSI-Polymer Systems","isPartOf":{"@id":"https:\/\/www.psi-polymersystems.com\/#website"},"datePublished":"2020-09-22T19:59:35+00:00","dateModified":"2020-09-22T20:02:23+00:00","breadcrumb":{"@id":"https:\/\/www.psi-polymersystems.com\/es\/about-us\/press-releases\/psi-polymer-systems-inc-introduces-servo-driven-gear-pump-for-precision-dispensing-applications-conover-nc-august-29-2016\/#breadcrumb"},"inLanguage":"es","potentialAction":[{"@type":"ReadAction","target":["https:\/\/www.psi-polymersystems.com\/es\/about-us\/press-releases\/psi-polymer-systems-inc-introduces-servo-driven-gear-pump-for-precision-dispensing-applications-conover-nc-august-29-2016\/"]}]},{"@type":"BreadcrumbList","@id":"https:\/\/www.psi-polymersystems.com\/es\/about-us\/press-releases\/psi-polymer-systems-inc-introduces-servo-driven-gear-pump-for-precision-dispensing-applications-conover-nc-august-29-2016\/#breadcrumb","itemListElement":[{"@type":"ListItem","position":1,"name":"Home","item":"https:\/\/www.psi-polymersystems.com\/"},{"@type":"ListItem","position":2,"name":"About Us","item":"https:\/\/www.psi-polymersystems.com\/about-us\/"},{"@type":"ListItem","position":3,"name":"Press Releases","item":"https:\/\/www.psi-polymersystems.com\/about-us\/press-releases\/"},{"@type":"ListItem","position":4,"name":"PSI-Polymer Systems Inc, Introduces Servo Driven Gear Pump For Precision Dispensing Applications Conover, NC (August 29, 2016)"}]},{"@type":"WebSite","@id":"https:\/\/www.psi-polymersystems.com\/#website","url":"https:\/\/www.psi-polymersystems.com\/","name":"PSI-Polymer Systems","description":"","publisher":{"@id":"https:\/\/www.psi-polymersystems.com\/#organization"},"potentialAction":[{"@type":"SearchAction","target":{"@type":"EntryPoint","urlTemplate":"https:\/\/www.psi-polymersystems.com\/?s={search_term_string}"},"query-input":{"@type":"PropertyValueSpecification","valueRequired":true,"valueName":"search_term_string"}}],"inLanguage":"es"},{"@type":"Organization","@id":"https:\/\/www.psi-polymersystems.com\/#organization","name":"PSI-Polymer Systems, Inc.","url":"https:\/\/www.psi-polymersystems.com\/","logo":{"@type":"ImageObject","inLanguage":"es","@id":"https:\/\/www.psi-polymersystems.com\/#\/schema\/logo\/image\/","url":"","contentUrl":"","caption":"PSI-Polymer Systems, Inc."},"image":{"@id":"https:\/\/www.psi-polymersystems.com\/#\/schema\/logo\/image\/"},"sameAs":["https:\/\/www.facebook.com\/psipolymersystems\/","https:\/\/www.linkedin.com\/showcase\/psi-polymer-systems"]}]}},"_links":{"self":[{"href":"https:\/\/www.psi-polymersystems.com\/es\/wp-json\/wp\/v2\/pages\/5902","targetHints":{"allow":["GET"]}}],"collection":[{"href":"https:\/\/www.psi-polymersystems.com\/es\/wp-json\/wp\/v2\/pages"}],"about":[{"href":"https:\/\/www.psi-polymersystems.com\/es\/wp-json\/wp\/v2\/types\/page"}],"author":[{"embeddable":true,"href":"https:\/\/www.psi-polymersystems.com\/es\/wp-json\/wp\/v2\/users\/2"}],"replies":[{"embeddable":true,"href":"https:\/\/www.psi-polymersystems.com\/es\/wp-json\/wp\/v2\/comments?post=5902"}],"version-history":[{"count":0,"href":"https:\/\/www.psi-polymersystems.com\/es\/wp-json\/wp\/v2\/pages\/5902\/revisions"}],"up":[{"embeddable":true,"href":"https:\/\/www.psi-polymersystems.com\/es\/wp-json\/wp\/v2\/pages\/5833"}],"wp:attachment":[{"href":"https:\/\/www.psi-polymersystems.com\/es\/wp-json\/wp\/v2\/media?parent=5902"}],"curies":[{"name":"wp","href":"https:\/\/api.w.org\/{rel}","templated":true}]}}