{"id":5936,"date":"2020-09-22T20:31:38","date_gmt":"2020-09-22T20:31:38","guid":{"rendered":"https:\/\/psi-polymersystems.com\/?page_id=5936"},"modified":"2020-09-22T20:33:26","modified_gmt":"2020-09-22T20:33:26","slug":"psi-polymer-systems-inc-introduces-new-line-of-12-drop-in-replacement-screen-changers-for-large-extruder-applications-conover-nc-march-9-2015","status":"publish","type":"page","link":"https:\/\/www.psi-polymersystems.com\/es\/about-us\/press-releases\/psi-polymer-systems-inc-introduces-new-line-of-12-drop-in-replacement-screen-changers-for-large-extruder-applications-conover-nc-march-9-2015\/","title":{"rendered":"PSI-Polymer Systems Inc. presenta una nueva l\u00ednea de cambiadores de pantalla de repuesto de 12 \u201dpara aplicaciones de extrusoras grandes Conover, NC (9 de marzo de 2015)"},"content":{"rendered":"<div data-elementor-type=\"wp-page\" data-elementor-id=\"5936\" class=\"elementor elementor-5936\" data-elementor-post-type=\"page\">\n\t\t\t\t\t\t<section class=\"elementor-section elementor-top-section elementor-element elementor-element-1c71fbaf elementor-section-boxed elementor-section-height-default elementor-section-height-default\" data-id=\"1c71fbaf\" data-element_type=\"section\" data-e-type=\"section\">\n\t\t\t\t\t\t<div class=\"elementor-container elementor-column-gap-default\">\n\t\t\t\t\t<div class=\"elementor-column elementor-col-50 elementor-top-column elementor-element elementor-element-4db1e16e\" data-id=\"4db1e16e\" data-element_type=\"column\" data-e-type=\"column\">\n\t\t\t<div class=\"elementor-widget-wrap elementor-element-populated\">\n\t\t\t\t\t\t<div class=\"elementor-element elementor-element-684670a2 elementor-widget elementor-widget-heading\" data-id=\"684670a2\" data-element_type=\"widget\" data-e-type=\"widget\" data-widget_type=\"heading.default\">\n\t\t\t\t<div class=\"elementor-widget-container\">\n\t\t\t\t\t<h2 class=\"elementor-heading-title elementor-size-default\">PSI-Polymer Systems, Inc. presenta una nueva l\u00ednea de cambiadores de pantalla de repuesto de 12 &quot;para aplicaciones de extrusoras grandes Conover, NC (9 de marzo de 2015)<\/h2>\t\t\t\t<\/div>\n\t\t\t\t<\/div>\n\t\t\t\t<div class=\"elementor-element elementor-element-417251ef elementor-widget elementor-widget-text-editor\" data-id=\"417251ef\" data-element_type=\"widget\" data-e-type=\"widget\" data-widget_type=\"text-editor.default\">\n\t\t\t\t<div class=\"elementor-widget-container\">\n\t\t\t\t\t\t\t\t\t<p>PSI-Polymer Systems ha puesto recientemente en producci\u00f3n un cambiador de pantalla de placa deslizante de 12 \u201dcon un proveedor de materiales l\u00edder a nivel mundial. El cambiador de pantalla se suministr\u00f3 como una actualizaci\u00f3n para el modelo de otra empresa y se dise\u00f1\u00f3 para ser una unidad de reemplazo inmediata. El nuevo cambiador de pantalla PSI mejor\u00f3 dr\u00e1sticamente el rendimiento y la eficiencia de la m\u00e1quina.<\/p><p>El antiguo cambiador de mallas que la compa\u00f1\u00eda hab\u00eda estado usando sol\u00eda derramar pol\u00edmero constantemente de los sellos de aleaci\u00f3n blanda, lo que requer\u00eda ajustes manuales diarios o semanales con un pist\u00f3n hidr\u00e1ulico. Esta fuga de pol\u00edmero cre\u00f3 importantes preocupaciones de seguridad y problemas de limpieza. Las piezas de repuesto para los sellos, que fueron dise\u00f1ados en la d\u00e9cada de 1960, conllevaban altos precios y no siempre estaban disponibles cuando se necesitaban para el tiempo de inactividad programado. Cuando las fugas se desarrollan m\u00e1s all\u00e1 de la capacidad de gesti\u00f3n de los operadores, estas m\u00e1quinas complejas, a menudo de varios componentes, a veces necesitan un d\u00eda completo de tiempo de inactividad para repararlas. Las placas deslizantes de doce pulgadas pueden pesar m\u00e1s de 500 libras, por lo que reparar un cambiador de pantalla despu\u00e9s de una fuga puede ser un proyecto incre\u00edblemente lento, dif\u00edcil y costoso.<\/p><p>Los cambiadores de pantalla grandes de PSI incorporan su sistema de sello autoactivado, segmentado y totalmente de acero patentado para un funcionamiento a prueba de fugas. Los componentes del sello se mecanizan a partir de acero endurecido y se activan a presi\u00f3n mediante el pol\u00edmero fundido. La presi\u00f3n del sello es proporcional a la presi\u00f3n del cabezal y la fuerza de fricci\u00f3n del sello contra la placa deslizante durante el cambio se reduce din\u00e1micamente para reducir el desgaste de los componentes. A trav\u00e9s de este dise\u00f1o, estos cambiadores de pantalla eliminan el ajuste y el mantenimiento del sello durante la vida \u00fatil del cambiador de pantalla.<\/p><p>Otra caracter\u00edstica valiosa es la capacidad de instalaci\u00f3n directa de PSI. La mayor\u00eda de las grandes l\u00edneas existentes est\u00e1n limitadas por el espacio, las ca\u00eddas de energ\u00eda, las tuber\u00edas y otro hardware que no se puede reubicar f\u00e1cilmente. PSI dise\u00f1\u00f3 los modelos grandes para que se integraran en el espacio existente y las conexiones utilizadas por las m\u00e1quinas antiguas. Esto le da al operador la capacidad de cambiar el cambiador de pantalla antiguo por el cambiador de pantalla PSI nuevo sin tener que mover la extrusora o el aparato aguas abajo en absoluto. Esta facilidad de cambio hace que valga la pena cambiar su antiguo cambiador de pantalla.<\/p><p>\u00a0\u201cCon frecuencia vemos cambiadores de tamices viejos en las instalaciones de los grandes proveedores de resina que han estado funcionando durante 20-25 a\u00f1os y necesitan urgentemente actualizaciones\u201d, dijo Glenn Woodcock, presidente de PSI-Polymer Systems. \u201cEsta incorporaci\u00f3n a nuestra familia de cambiadores de pantalla de placa deslizante se realiza especialmente pensando en esos clientes. Hacemos que las actualizaciones sean f\u00e1ciles y los beneficios con respecto a la seguridad, el mantenimiento, la eficiencia y la reducci\u00f3n del tiempo de inactividad en comparaci\u00f3n con los modelos de otros proveedores son enormes &quot;.<\/p>\t\t\t\t\t\t\t\t<\/div>\n\t\t\t\t<\/div>\n\t\t\t\t\t<\/div>\n\t\t<\/div>\n\t\t\t\t<div class=\"elementor-column elementor-col-50 elementor-top-column elementor-element elementor-element-2f9cb75\" data-id=\"2f9cb75\" data-element_type=\"column\" data-e-type=\"column\">\n\t\t\t<div class=\"elementor-widget-wrap\">\n\t\t\t\t\t\t\t<\/div>\n\t\t<\/div>\n\t\t\t\t\t<\/div>\n\t\t<\/section>\n\t\t\t\t<\/div>","protected":false},"excerpt":{"rendered":"<p>PSI-Polymer Systems, Inc. presenta una nueva l\u00ednea de cambiadores de pantalla de repuesto de 12 \u2033 para aplicaciones de extrusoras grandes Conover, NC (9 de marzo de 2015) PSI-Polymer Systems ha puesto en producci\u00f3n recientemente un cambiador de pantalla de placa deslizante de 12 \u201d con un proveedor de materiales l\u00edder a nivel mundial. El cambiador de pantalla se suministr\u00f3 como una actualizaci\u00f3n para el modelo de otra empresa, y [\u2026]<\/p>","protected":false},"author":2,"featured_media":0,"parent":5833,"menu_order":0,"comment_status":"closed","ping_status":"closed","template":"","meta":{"_monsterinsights_skip_tracking":false,"_monsterinsights_sitenote_active":false,"_monsterinsights_sitenote_note":"","_monsterinsights_sitenote_category":0,"footnotes":""},"class_list":["post-5936","page","type-page","status-publish","hentry"],"yoast_head":"<!-- This site is optimized with the Yoast SEO Premium plugin v25.0 (Yoast SEO v25.0) - https:\/\/yoast.com\/wordpress\/plugins\/seo\/ -->\n<title>PSI-Polymer Systems Inc. Introduces New Line of 12\u201d Drop-In Replacement Screen Changers for Large Extruder Applications Conover, NC (March 9, 2015) - PSI-Polymer Systems<\/title>\n<meta name=\"robots\" content=\"index, follow, max-snippet:-1, max-image-preview:large, max-video-preview:-1\" \/>\n<link rel=\"canonical\" href=\"https:\/\/www.psi-polymersystems.com\/es\/about-us\/press-releases\/psi-polymer-systems-inc-introduces-new-line-of-12-drop-in-replacement-screen-changers-for-large-extruder-applications-conover-nc-march-9-2015\/\" \/>\n<meta property=\"og:locale\" content=\"es_MX\" \/>\n<meta property=\"og:type\" content=\"article\" \/>\n<meta property=\"og:title\" content=\"PSI-Polymer Systems Inc. Introduces New Line of 12\u201d Drop-In Replacement Screen Changers for Large Extruder Applications Conover, NC (March 9, 2015)\" \/>\n<meta property=\"og:description\" content=\"PSI-Polymer Systems, Inc. Introduces New Line of 12&quot; Drop-In Replacement Screen Changers for Large Extruder Applications Conover, NC (March 9, 2015)\" \/>\n<meta property=\"og:url\" content=\"https:\/\/www.psi-polymersystems.com\/es\/about-us\/press-releases\/psi-polymer-systems-inc-introduces-new-line-of-12-drop-in-replacement-screen-changers-for-large-extruder-applications-conover-nc-march-9-2015\/\" \/>\n<meta property=\"og:site_name\" content=\"PSI-Polymer Systems\" \/>\n<meta property=\"article:publisher\" content=\"https:\/\/www.facebook.com\/psipolymersystems\/\" \/>\n<meta property=\"article:modified_time\" content=\"2020-09-22T20:33:26+00:00\" \/>\n<meta name=\"twitter:card\" content=\"summary_large_image\" \/>\n<meta name=\"twitter:label1\" content=\"Tiempo de lectura\" \/>\n\t<meta name=\"twitter:data1\" content=\"2 minutos\" \/>\n<script type=\"application\/ld+json\" class=\"yoast-schema-graph\">{\"@context\":\"https:\/\/schema.org\",\"@graph\":[{\"@type\":\"WebPage\",\"@id\":\"https:\/\/www.psi-polymersystems.com\/es\/about-us\/press-releases\/psi-polymer-systems-inc-introduces-new-line-of-12-drop-in-replacement-screen-changers-for-large-extruder-applications-conover-nc-march-9-2015\/\",\"url\":\"https:\/\/www.psi-polymersystems.com\/es\/about-us\/press-releases\/psi-polymer-systems-inc-introduces-new-line-of-12-drop-in-replacement-screen-changers-for-large-extruder-applications-conover-nc-march-9-2015\/\",\"name\":\"PSI-Polymer Systems Inc. Introduces New Line of 12\u201d Drop-In Replacement Screen Changers for Large Extruder Applications Conover, NC (March 9, 2015) - PSI-Polymer Systems\",\"isPartOf\":{\"@id\":\"https:\/\/www.psi-polymersystems.com\/#website\"},\"datePublished\":\"2020-09-22T20:31:38+00:00\",\"dateModified\":\"2020-09-22T20:33:26+00:00\",\"breadcrumb\":{\"@id\":\"https:\/\/www.psi-polymersystems.com\/es\/about-us\/press-releases\/psi-polymer-systems-inc-introduces-new-line-of-12-drop-in-replacement-screen-changers-for-large-extruder-applications-conover-nc-march-9-2015\/#breadcrumb\"},\"inLanguage\":\"es\",\"potentialAction\":[{\"@type\":\"ReadAction\",\"target\":[\"https:\/\/www.psi-polymersystems.com\/es\/about-us\/press-releases\/psi-polymer-systems-inc-introduces-new-line-of-12-drop-in-replacement-screen-changers-for-large-extruder-applications-conover-nc-march-9-2015\/\"]}]},{\"@type\":\"BreadcrumbList\",\"@id\":\"https:\/\/www.psi-polymersystems.com\/es\/about-us\/press-releases\/psi-polymer-systems-inc-introduces-new-line-of-12-drop-in-replacement-screen-changers-for-large-extruder-applications-conover-nc-march-9-2015\/#breadcrumb\",\"itemListElement\":[{\"@type\":\"ListItem\",\"position\":1,\"name\":\"Home\",\"item\":\"https:\/\/www.psi-polymersystems.com\/\"},{\"@type\":\"ListItem\",\"position\":2,\"name\":\"About Us\",\"item\":\"https:\/\/www.psi-polymersystems.com\/about-us\/\"},{\"@type\":\"ListItem\",\"position\":3,\"name\":\"Press Releases\",\"item\":\"https:\/\/www.psi-polymersystems.com\/about-us\/press-releases\/\"},{\"@type\":\"ListItem\",\"position\":4,\"name\":\"PSI-Polymer Systems Inc. Introduces New Line of 12\u201d Drop-In Replacement Screen Changers for Large Extruder Applications Conover, NC (March 9, 2015)\"}]},{\"@type\":\"WebSite\",\"@id\":\"https:\/\/www.psi-polymersystems.com\/#website\",\"url\":\"https:\/\/www.psi-polymersystems.com\/\",\"name\":\"PSI-Polymer Systems\",\"description\":\"\",\"publisher\":{\"@id\":\"https:\/\/www.psi-polymersystems.com\/#organization\"},\"potentialAction\":[{\"@type\":\"SearchAction\",\"target\":{\"@type\":\"EntryPoint\",\"urlTemplate\":\"https:\/\/www.psi-polymersystems.com\/?s={search_term_string}\"},\"query-input\":{\"@type\":\"PropertyValueSpecification\",\"valueRequired\":true,\"valueName\":\"search_term_string\"}}],\"inLanguage\":\"es\"},{\"@type\":\"Organization\",\"@id\":\"https:\/\/www.psi-polymersystems.com\/#organization\",\"name\":\"PSI-Polymer Systems, Inc.\",\"url\":\"https:\/\/www.psi-polymersystems.com\/\",\"logo\":{\"@type\":\"ImageObject\",\"inLanguage\":\"es\",\"@id\":\"https:\/\/www.psi-polymersystems.com\/#\/schema\/logo\/image\/\",\"url\":\"\",\"contentUrl\":\"\",\"caption\":\"PSI-Polymer Systems, Inc.\"},\"image\":{\"@id\":\"https:\/\/www.psi-polymersystems.com\/#\/schema\/logo\/image\/\"},\"sameAs\":[\"https:\/\/www.facebook.com\/psipolymersystems\/\",\"https:\/\/www.linkedin.com\/showcase\/psi-polymer-systems\"]}]}<\/script>\n<!-- \/ Yoast SEO Premium plugin. -->","yoast_head_json":{"title":"PSI-Polymer Systems Inc. Introduces New Line of 12\u201d Drop-In Replacement Screen Changers for Large Extruder Applications Conover, NC (March 9, 2015) - PSI-Polymer Systems","robots":{"index":"index","follow":"follow","max-snippet":"max-snippet:-1","max-image-preview":"max-image-preview:large","max-video-preview":"max-video-preview:-1"},"canonical":"https:\/\/www.psi-polymersystems.com\/es\/about-us\/press-releases\/psi-polymer-systems-inc-introduces-new-line-of-12-drop-in-replacement-screen-changers-for-large-extruder-applications-conover-nc-march-9-2015\/","og_locale":"es_MX","og_type":"article","og_title":"PSI-Polymer Systems Inc. Introduces New Line of 12\u201d Drop-In Replacement Screen Changers for Large Extruder Applications Conover, NC (March 9, 2015)","og_description":"PSI-Polymer Systems, Inc. Introduces New Line of 12\" Drop-In Replacement Screen Changers for Large Extruder Applications Conover, NC (March 9, 2015)","og_url":"https:\/\/www.psi-polymersystems.com\/es\/about-us\/press-releases\/psi-polymer-systems-inc-introduces-new-line-of-12-drop-in-replacement-screen-changers-for-large-extruder-applications-conover-nc-march-9-2015\/","og_site_name":"PSI-Polymer Systems","article_publisher":"https:\/\/www.facebook.com\/psipolymersystems\/","article_modified_time":"2020-09-22T20:33:26+00:00","twitter_card":"summary_large_image","twitter_misc":{"Tiempo de lectura":"2 minutos"},"schema":{"@context":"https:\/\/schema.org","@graph":[{"@type":"WebPage","@id":"https:\/\/www.psi-polymersystems.com\/es\/about-us\/press-releases\/psi-polymer-systems-inc-introduces-new-line-of-12-drop-in-replacement-screen-changers-for-large-extruder-applications-conover-nc-march-9-2015\/","url":"https:\/\/www.psi-polymersystems.com\/es\/about-us\/press-releases\/psi-polymer-systems-inc-introduces-new-line-of-12-drop-in-replacement-screen-changers-for-large-extruder-applications-conover-nc-march-9-2015\/","name":"PSI-Polymer Systems Inc. Introduces New Line of 12\u201d Drop-In Replacement Screen Changers for Large Extruder Applications Conover, NC (March 9, 2015) - PSI-Polymer Systems","isPartOf":{"@id":"https:\/\/www.psi-polymersystems.com\/#website"},"datePublished":"2020-09-22T20:31:38+00:00","dateModified":"2020-09-22T20:33:26+00:00","breadcrumb":{"@id":"https:\/\/www.psi-polymersystems.com\/es\/about-us\/press-releases\/psi-polymer-systems-inc-introduces-new-line-of-12-drop-in-replacement-screen-changers-for-large-extruder-applications-conover-nc-march-9-2015\/#breadcrumb"},"inLanguage":"es","potentialAction":[{"@type":"ReadAction","target":["https:\/\/www.psi-polymersystems.com\/es\/about-us\/press-releases\/psi-polymer-systems-inc-introduces-new-line-of-12-drop-in-replacement-screen-changers-for-large-extruder-applications-conover-nc-march-9-2015\/"]}]},{"@type":"BreadcrumbList","@id":"https:\/\/www.psi-polymersystems.com\/es\/about-us\/press-releases\/psi-polymer-systems-inc-introduces-new-line-of-12-drop-in-replacement-screen-changers-for-large-extruder-applications-conover-nc-march-9-2015\/#breadcrumb","itemListElement":[{"@type":"ListItem","position":1,"name":"Home","item":"https:\/\/www.psi-polymersystems.com\/"},{"@type":"ListItem","position":2,"name":"About Us","item":"https:\/\/www.psi-polymersystems.com\/about-us\/"},{"@type":"ListItem","position":3,"name":"Press Releases","item":"https:\/\/www.psi-polymersystems.com\/about-us\/press-releases\/"},{"@type":"ListItem","position":4,"name":"PSI-Polymer Systems Inc. Introduces New Line of 12\u201d Drop-In Replacement Screen Changers for Large Extruder Applications Conover, NC (March 9, 2015)"}]},{"@type":"WebSite","@id":"https:\/\/www.psi-polymersystems.com\/#website","url":"https:\/\/www.psi-polymersystems.com\/","name":"PSI-Polymer Systems","description":"","publisher":{"@id":"https:\/\/www.psi-polymersystems.com\/#organization"},"potentialAction":[{"@type":"SearchAction","target":{"@type":"EntryPoint","urlTemplate":"https:\/\/www.psi-polymersystems.com\/?s={search_term_string}"},"query-input":{"@type":"PropertyValueSpecification","valueRequired":true,"valueName":"search_term_string"}}],"inLanguage":"es"},{"@type":"Organization","@id":"https:\/\/www.psi-polymersystems.com\/#organization","name":"PSI-Polymer Systems, Inc.","url":"https:\/\/www.psi-polymersystems.com\/","logo":{"@type":"ImageObject","inLanguage":"es","@id":"https:\/\/www.psi-polymersystems.com\/#\/schema\/logo\/image\/","url":"","contentUrl":"","caption":"PSI-Polymer Systems, Inc."},"image":{"@id":"https:\/\/www.psi-polymersystems.com\/#\/schema\/logo\/image\/"},"sameAs":["https:\/\/www.facebook.com\/psipolymersystems\/","https:\/\/www.linkedin.com\/showcase\/psi-polymer-systems"]}]}},"_links":{"self":[{"href":"https:\/\/www.psi-polymersystems.com\/es\/wp-json\/wp\/v2\/pages\/5936","targetHints":{"allow":["GET"]}}],"collection":[{"href":"https:\/\/www.psi-polymersystems.com\/es\/wp-json\/wp\/v2\/pages"}],"about":[{"href":"https:\/\/www.psi-polymersystems.com\/es\/wp-json\/wp\/v2\/types\/page"}],"author":[{"embeddable":true,"href":"https:\/\/www.psi-polymersystems.com\/es\/wp-json\/wp\/v2\/users\/2"}],"replies":[{"embeddable":true,"href":"https:\/\/www.psi-polymersystems.com\/es\/wp-json\/wp\/v2\/comments?post=5936"}],"version-history":[{"count":0,"href":"https:\/\/www.psi-polymersystems.com\/es\/wp-json\/wp\/v2\/pages\/5936\/revisions"}],"up":[{"embeddable":true,"href":"https:\/\/www.psi-polymersystems.com\/es\/wp-json\/wp\/v2\/pages\/5833"}],"wp:attachment":[{"href":"https:\/\/www.psi-polymersystems.com\/es\/wp-json\/wp\/v2\/media?parent=5936"}],"curies":[{"name":"wp","href":"https:\/\/api.w.org\/{rel}","templated":true}]}}