{"id":5994,"date":"2020-09-23T14:05:05","date_gmt":"2020-09-23T14:05:05","guid":{"rendered":"https:\/\/psi-polymersystems.com\/?page_id=5994"},"modified":"2020-09-23T14:06:14","modified_gmt":"2020-09-23T14:06:14","slug":"psi-polymer-systems-inc-screen-changers-and-gear-pumps-increase-quality-for-challenging-solar-cell-applications-conover-nc-march-9-2015","status":"publish","type":"page","link":"https:\/\/www.psi-polymersystems.com\/es\/about-us\/press-releases\/psi-polymer-systems-inc-screen-changers-and-gear-pumps-increase-quality-for-challenging-solar-cell-applications-conover-nc-march-9-2015\/","title":{"rendered":"PSI-Polymer Systems Inc. Los cambiadores de pantalla y las bombas de engranajes aumentan la calidad para aplicaciones desafiantes de c\u00e9lulas solares Conover, NC (9 de marzo de 2015"},"content":{"rendered":"<div data-elementor-type=\"wp-page\" data-elementor-id=\"5994\" class=\"elementor elementor-5994\" data-elementor-post-type=\"page\">\n\t\t\t\t\t\t<section class=\"elementor-section elementor-top-section elementor-element elementor-element-7ebf9c2c elementor-section-boxed elementor-section-height-default elementor-section-height-default\" data-id=\"7ebf9c2c\" data-element_type=\"section\" data-e-type=\"section\">\n\t\t\t\t\t\t<div class=\"elementor-container elementor-column-gap-default\">\n\t\t\t\t\t<div class=\"elementor-column elementor-col-50 elementor-top-column elementor-element elementor-element-574f61d9\" data-id=\"574f61d9\" data-element_type=\"column\" data-e-type=\"column\">\n\t\t\t<div class=\"elementor-widget-wrap elementor-element-populated\">\n\t\t\t\t\t\t<div class=\"elementor-element elementor-element-52b7b1f6 elementor-widget elementor-widget-heading\" data-id=\"52b7b1f6\" data-element_type=\"widget\" data-e-type=\"widget\" data-widget_type=\"heading.default\">\n\t\t\t\t<div class=\"elementor-widget-container\">\n\t\t\t\t\t<h2 class=\"elementor-heading-title elementor-size-default\">PSI-Polymer Systems Inc. Los cambiadores de pantalla y las bombas de engranajes aumentan la calidad para aplicaciones desafiantes de c\u00e9lulas solares Conover, NC (9 de marzo de 2015)<\/h2>\t\t\t\t<\/div>\n\t\t\t\t<\/div>\n\t\t\t\t<div class=\"elementor-element elementor-element-1d5518c6 elementor-widget elementor-widget-text-editor\" data-id=\"1d5518c6\" data-element_type=\"widget\" data-e-type=\"widget\" data-widget_type=\"text-editor.default\">\n\t\t\t\t<div class=\"elementor-widget-container\">\n\t\t\t\t\t\t\t\t\t<p>Recientemente, ha habido una mayor demanda en la industria de l\u00e1minas de material reticulado (EVA), que se utilizan principalmente en la producci\u00f3n de c\u00e9lulas solares. Esta aplicaci\u00f3n es particularmente desafiante para las bombas de fusi\u00f3n por extrusi\u00f3n y los cambiadores de pantalla debido a la alta temperatura de fusi\u00f3n del material y las estrictas demandas de planitud del producto final.<\/p><p>PSI ha suministrado recientemente bombas de engranajes y cambiadores de criba a un proveedor l\u00edder que est\u00e1 produciendo con \u00e9xito grandes cantidades de estos materiales. PSI se encuentra en una posici\u00f3n \u00fanica para satisfacer las necesidades de este segmento de la industria en r\u00e1pido crecimiento. Ya operan muchas bombas de fusi\u00f3n y cambiadores de pantalla que tienen demandas similares para aplicaciones de compuestos de tuber\u00eda PEX y PEX, lo que les brinda un amplio conocimiento y experiencia con materiales reticulados. La bomba de masa fundida para esta aplicaci\u00f3n en particular est\u00e1 dise\u00f1ada para reducir la temperatura general de masa fundida y evitar la reticulaci\u00f3n del material. Tiene numerosas caracter\u00edsticas que lo convierten en un ajuste ideal. Las caracteristicas incluyen:<\/p><ul><li>Canales de calor \/ fr\u00edo dentro de las bombas para eliminar el calor excesivo de los cojinetes de apoyo e igualar los gradientes de temperatura en los cuerpos de la bomba;<\/li><li>Los puertos de purga en las bombas evacuan el material que pasa a trav\u00e9s de las \u00e1reas de alto cizallamiento;<\/li><li>La salida volum\u00e9trica de alta precisi\u00f3n mejora el control del medidor del EVA, lo que ayuda a crear una planitud perfecta, fundamental para las aplicaciones de c\u00e9lulas solares;<\/li><li>La bomba de derretimiento permite un corte reducido, una temperatura m\u00e1s f\u00e1cil de controlar y un control superior en comparaci\u00f3n con el control de extrusi\u00f3n gravim\u00e9trico de uso com\u00fan.<\/li><\/ul><p>\u201cLas aplicaciones de materiales reticulados est\u00e1n en auge en este momento como resultado de la creciente industria de paneles solares\u201d, dijo Glenn Woodcock, presidente de PSI-Polymer Systems. \u201cNuestras bombas de fusi\u00f3n se adaptan perfectamente a estos materiales, y nuestra experiencia, conocimiento y rendimiento existentes en el campo han demostrado ser el valor agregado para estas aplicaciones de precisi\u00f3n\u201d.<\/p>\t\t\t\t\t\t\t\t<\/div>\n\t\t\t\t<\/div>\n\t\t\t\t\t<\/div>\n\t\t<\/div>\n\t\t\t\t<div class=\"elementor-column elementor-col-50 elementor-top-column elementor-element elementor-element-383722e2\" data-id=\"383722e2\" data-element_type=\"column\" data-e-type=\"column\">\n\t\t\t<div class=\"elementor-widget-wrap\">\n\t\t\t\t\t\t\t<\/div>\n\t\t<\/div>\n\t\t\t\t\t<\/div>\n\t\t<\/section>\n\t\t\t\t<\/div>","protected":false},"excerpt":{"rendered":"<p>PSI-Polymer Systems Inc. Los cambiadores de pantalla y las bombas de engranajes aumentan la calidad para aplicaciones desafiantes de c\u00e9lulas solares Conover, NC (9 de marzo de 2015) Recientemente, ha habido una mayor demanda en la industria de l\u00e1minas de material reticulado (EVA), que se utilizan principalmente en la producci\u00f3n de c\u00e9lulas solares. Esta aplicaci\u00f3n es particularmente desafiante para las bombas de extrusi\u00f3n y los cambiadores de pantalla porque [\u2026]<\/p>","protected":false},"author":2,"featured_media":0,"parent":5833,"menu_order":0,"comment_status":"closed","ping_status":"closed","template":"","meta":{"_monsterinsights_skip_tracking":false,"_monsterinsights_sitenote_active":false,"_monsterinsights_sitenote_note":"","_monsterinsights_sitenote_category":0,"footnotes":""},"class_list":["post-5994","page","type-page","status-publish","hentry"],"yoast_head":"<!-- This site is optimized with the Yoast SEO Premium plugin v25.0 (Yoast SEO v25.0) - https:\/\/yoast.com\/wordpress\/plugins\/seo\/ -->\n<title>PSI-Polymer Systems Inc. Screen Changers and Gear Pumps Increase Quality For Challenging Solar Cell Applications Conover, NC (March 9, 2015 - PSI-Polymer Systems<\/title>\n<meta name=\"robots\" content=\"index, follow, max-snippet:-1, max-image-preview:large, max-video-preview:-1\" \/>\n<link rel=\"canonical\" href=\"https:\/\/www.psi-polymersystems.com\/es\/about-us\/press-releases\/psi-polymer-systems-inc-screen-changers-and-gear-pumps-increase-quality-for-challenging-solar-cell-applications-conover-nc-march-9-2015\/\" \/>\n<meta property=\"og:locale\" content=\"es_MX\" \/>\n<meta property=\"og:type\" content=\"article\" \/>\n<meta property=\"og:title\" content=\"PSI-Polymer Systems Inc. Screen Changers and Gear Pumps Increase Quality For Challenging Solar Cell Applications Conover, NC (March 9, 2015\" \/>\n<meta property=\"og:description\" content=\"PSI-Polymer Systems Inc. Screen Changers and Gear Pumps Increase Quality For Challenging Solar Cell Applications Conover, NC (March 9, 2015) Recently,\" \/>\n<meta property=\"og:url\" content=\"https:\/\/www.psi-polymersystems.com\/es\/about-us\/press-releases\/psi-polymer-systems-inc-screen-changers-and-gear-pumps-increase-quality-for-challenging-solar-cell-applications-conover-nc-march-9-2015\/\" \/>\n<meta property=\"og:site_name\" content=\"PSI-Polymer Systems\" \/>\n<meta property=\"article:publisher\" content=\"https:\/\/www.facebook.com\/psipolymersystems\/\" \/>\n<meta property=\"article:modified_time\" content=\"2020-09-23T14:06:14+00:00\" \/>\n<meta name=\"twitter:card\" content=\"summary_large_image\" \/>\n<meta name=\"twitter:label1\" content=\"Tiempo de lectura\" \/>\n\t<meta name=\"twitter:data1\" content=\"2 minutos\" \/>\n<script type=\"application\/ld+json\" class=\"yoast-schema-graph\">{\"@context\":\"https:\/\/schema.org\",\"@graph\":[{\"@type\":\"WebPage\",\"@id\":\"https:\/\/www.psi-polymersystems.com\/es\/about-us\/press-releases\/psi-polymer-systems-inc-screen-changers-and-gear-pumps-increase-quality-for-challenging-solar-cell-applications-conover-nc-march-9-2015\/\",\"url\":\"https:\/\/www.psi-polymersystems.com\/es\/about-us\/press-releases\/psi-polymer-systems-inc-screen-changers-and-gear-pumps-increase-quality-for-challenging-solar-cell-applications-conover-nc-march-9-2015\/\",\"name\":\"PSI-Polymer Systems Inc. Screen Changers and Gear Pumps Increase Quality For Challenging Solar Cell Applications Conover, NC (March 9, 2015 - PSI-Polymer Systems\",\"isPartOf\":{\"@id\":\"https:\/\/www.psi-polymersystems.com\/#website\"},\"datePublished\":\"2020-09-23T14:05:05+00:00\",\"dateModified\":\"2020-09-23T14:06:14+00:00\",\"breadcrumb\":{\"@id\":\"https:\/\/www.psi-polymersystems.com\/es\/about-us\/press-releases\/psi-polymer-systems-inc-screen-changers-and-gear-pumps-increase-quality-for-challenging-solar-cell-applications-conover-nc-march-9-2015\/#breadcrumb\"},\"inLanguage\":\"es\",\"potentialAction\":[{\"@type\":\"ReadAction\",\"target\":[\"https:\/\/www.psi-polymersystems.com\/es\/about-us\/press-releases\/psi-polymer-systems-inc-screen-changers-and-gear-pumps-increase-quality-for-challenging-solar-cell-applications-conover-nc-march-9-2015\/\"]}]},{\"@type\":\"BreadcrumbList\",\"@id\":\"https:\/\/www.psi-polymersystems.com\/es\/about-us\/press-releases\/psi-polymer-systems-inc-screen-changers-and-gear-pumps-increase-quality-for-challenging-solar-cell-applications-conover-nc-march-9-2015\/#breadcrumb\",\"itemListElement\":[{\"@type\":\"ListItem\",\"position\":1,\"name\":\"Home\",\"item\":\"https:\/\/www.psi-polymersystems.com\/\"},{\"@type\":\"ListItem\",\"position\":2,\"name\":\"About Us\",\"item\":\"https:\/\/www.psi-polymersystems.com\/about-us\/\"},{\"@type\":\"ListItem\",\"position\":3,\"name\":\"Press Releases\",\"item\":\"https:\/\/www.psi-polymersystems.com\/about-us\/press-releases\/\"},{\"@type\":\"ListItem\",\"position\":4,\"name\":\"PSI-Polymer Systems Inc. Screen Changers and Gear Pumps Increase Quality For Challenging Solar Cell Applications Conover, NC (March 9, 2015\"}]},{\"@type\":\"WebSite\",\"@id\":\"https:\/\/www.psi-polymersystems.com\/#website\",\"url\":\"https:\/\/www.psi-polymersystems.com\/\",\"name\":\"PSI-Polymer Systems\",\"description\":\"\",\"publisher\":{\"@id\":\"https:\/\/www.psi-polymersystems.com\/#organization\"},\"potentialAction\":[{\"@type\":\"SearchAction\",\"target\":{\"@type\":\"EntryPoint\",\"urlTemplate\":\"https:\/\/www.psi-polymersystems.com\/?s={search_term_string}\"},\"query-input\":{\"@type\":\"PropertyValueSpecification\",\"valueRequired\":true,\"valueName\":\"search_term_string\"}}],\"inLanguage\":\"es\"},{\"@type\":\"Organization\",\"@id\":\"https:\/\/www.psi-polymersystems.com\/#organization\",\"name\":\"PSI-Polymer Systems, Inc.\",\"url\":\"https:\/\/www.psi-polymersystems.com\/\",\"logo\":{\"@type\":\"ImageObject\",\"inLanguage\":\"es\",\"@id\":\"https:\/\/www.psi-polymersystems.com\/#\/schema\/logo\/image\/\",\"url\":\"\",\"contentUrl\":\"\",\"caption\":\"PSI-Polymer Systems, Inc.\"},\"image\":{\"@id\":\"https:\/\/www.psi-polymersystems.com\/#\/schema\/logo\/image\/\"},\"sameAs\":[\"https:\/\/www.facebook.com\/psipolymersystems\/\",\"https:\/\/www.linkedin.com\/showcase\/psi-polymer-systems\"]}]}<\/script>\n<!-- \/ Yoast SEO Premium plugin. -->","yoast_head_json":{"title":"PSI-Polymer Systems Inc. Screen Changers and Gear Pumps Increase Quality For Challenging Solar Cell Applications Conover, NC (March 9, 2015 - PSI-Polymer Systems","robots":{"index":"index","follow":"follow","max-snippet":"max-snippet:-1","max-image-preview":"max-image-preview:large","max-video-preview":"max-video-preview:-1"},"canonical":"https:\/\/www.psi-polymersystems.com\/es\/about-us\/press-releases\/psi-polymer-systems-inc-screen-changers-and-gear-pumps-increase-quality-for-challenging-solar-cell-applications-conover-nc-march-9-2015\/","og_locale":"es_MX","og_type":"article","og_title":"PSI-Polymer Systems Inc. Screen Changers and Gear Pumps Increase Quality For Challenging Solar Cell Applications Conover, NC (March 9, 2015","og_description":"PSI-Polymer Systems Inc. Screen Changers and Gear Pumps Increase Quality For Challenging Solar Cell Applications Conover, NC (March 9, 2015) Recently,","og_url":"https:\/\/www.psi-polymersystems.com\/es\/about-us\/press-releases\/psi-polymer-systems-inc-screen-changers-and-gear-pumps-increase-quality-for-challenging-solar-cell-applications-conover-nc-march-9-2015\/","og_site_name":"PSI-Polymer Systems","article_publisher":"https:\/\/www.facebook.com\/psipolymersystems\/","article_modified_time":"2020-09-23T14:06:14+00:00","twitter_card":"summary_large_image","twitter_misc":{"Tiempo de lectura":"2 minutos"},"schema":{"@context":"https:\/\/schema.org","@graph":[{"@type":"WebPage","@id":"https:\/\/www.psi-polymersystems.com\/es\/about-us\/press-releases\/psi-polymer-systems-inc-screen-changers-and-gear-pumps-increase-quality-for-challenging-solar-cell-applications-conover-nc-march-9-2015\/","url":"https:\/\/www.psi-polymersystems.com\/es\/about-us\/press-releases\/psi-polymer-systems-inc-screen-changers-and-gear-pumps-increase-quality-for-challenging-solar-cell-applications-conover-nc-march-9-2015\/","name":"PSI-Polymer Systems Inc. Screen Changers and Gear Pumps Increase Quality For Challenging Solar Cell Applications Conover, NC (March 9, 2015 - PSI-Polymer Systems","isPartOf":{"@id":"https:\/\/www.psi-polymersystems.com\/#website"},"datePublished":"2020-09-23T14:05:05+00:00","dateModified":"2020-09-23T14:06:14+00:00","breadcrumb":{"@id":"https:\/\/www.psi-polymersystems.com\/es\/about-us\/press-releases\/psi-polymer-systems-inc-screen-changers-and-gear-pumps-increase-quality-for-challenging-solar-cell-applications-conover-nc-march-9-2015\/#breadcrumb"},"inLanguage":"es","potentialAction":[{"@type":"ReadAction","target":["https:\/\/www.psi-polymersystems.com\/es\/about-us\/press-releases\/psi-polymer-systems-inc-screen-changers-and-gear-pumps-increase-quality-for-challenging-solar-cell-applications-conover-nc-march-9-2015\/"]}]},{"@type":"BreadcrumbList","@id":"https:\/\/www.psi-polymersystems.com\/es\/about-us\/press-releases\/psi-polymer-systems-inc-screen-changers-and-gear-pumps-increase-quality-for-challenging-solar-cell-applications-conover-nc-march-9-2015\/#breadcrumb","itemListElement":[{"@type":"ListItem","position":1,"name":"Home","item":"https:\/\/www.psi-polymersystems.com\/"},{"@type":"ListItem","position":2,"name":"About Us","item":"https:\/\/www.psi-polymersystems.com\/about-us\/"},{"@type":"ListItem","position":3,"name":"Press Releases","item":"https:\/\/www.psi-polymersystems.com\/about-us\/press-releases\/"},{"@type":"ListItem","position":4,"name":"PSI-Polymer Systems Inc. Screen Changers and Gear Pumps Increase Quality For Challenging Solar Cell Applications Conover, NC (March 9, 2015"}]},{"@type":"WebSite","@id":"https:\/\/www.psi-polymersystems.com\/#website","url":"https:\/\/www.psi-polymersystems.com\/","name":"PSI-Polymer Systems","description":"","publisher":{"@id":"https:\/\/www.psi-polymersystems.com\/#organization"},"potentialAction":[{"@type":"SearchAction","target":{"@type":"EntryPoint","urlTemplate":"https:\/\/www.psi-polymersystems.com\/?s={search_term_string}"},"query-input":{"@type":"PropertyValueSpecification","valueRequired":true,"valueName":"search_term_string"}}],"inLanguage":"es"},{"@type":"Organization","@id":"https:\/\/www.psi-polymersystems.com\/#organization","name":"PSI-Polymer Systems, Inc.","url":"https:\/\/www.psi-polymersystems.com\/","logo":{"@type":"ImageObject","inLanguage":"es","@id":"https:\/\/www.psi-polymersystems.com\/#\/schema\/logo\/image\/","url":"","contentUrl":"","caption":"PSI-Polymer Systems, Inc."},"image":{"@id":"https:\/\/www.psi-polymersystems.com\/#\/schema\/logo\/image\/"},"sameAs":["https:\/\/www.facebook.com\/psipolymersystems\/","https:\/\/www.linkedin.com\/showcase\/psi-polymer-systems"]}]}},"_links":{"self":[{"href":"https:\/\/www.psi-polymersystems.com\/es\/wp-json\/wp\/v2\/pages\/5994","targetHints":{"allow":["GET"]}}],"collection":[{"href":"https:\/\/www.psi-polymersystems.com\/es\/wp-json\/wp\/v2\/pages"}],"about":[{"href":"https:\/\/www.psi-polymersystems.com\/es\/wp-json\/wp\/v2\/types\/page"}],"author":[{"embeddable":true,"href":"https:\/\/www.psi-polymersystems.com\/es\/wp-json\/wp\/v2\/users\/2"}],"replies":[{"embeddable":true,"href":"https:\/\/www.psi-polymersystems.com\/es\/wp-json\/wp\/v2\/comments?post=5994"}],"version-history":[{"count":0,"href":"https:\/\/www.psi-polymersystems.com\/es\/wp-json\/wp\/v2\/pages\/5994\/revisions"}],"up":[{"embeddable":true,"href":"https:\/\/www.psi-polymersystems.com\/es\/wp-json\/wp\/v2\/pages\/5833"}],"wp:attachment":[{"href":"https:\/\/www.psi-polymersystems.com\/es\/wp-json\/wp\/v2\/media?parent=5994"}],"curies":[{"name":"wp","href":"https:\/\/api.w.org\/{rel}","templated":true}]}}