{"id":5998,"date":"2020-09-23T14:09:56","date_gmt":"2020-09-23T14:09:56","guid":{"rendered":"https:\/\/psi-polymersystems.com\/?page_id=5998"},"modified":"2020-09-23T14:11:12","modified_gmt":"2020-09-23T14:11:12","slug":"psi-polymer-systems-inc-extended-area-continuous-eac-screen-changer-for-high-volume-material-filtration-to-be-featured-at-npe-2015-conover-nc-march-23-2015","status":"publish","type":"page","link":"https:\/\/www.psi-polymersystems.com\/es\/about-us\/press-releases\/psi-polymer-systems-inc-extended-area-continuous-eac-screen-changer-for-high-volume-material-filtration-to-be-featured-at-npe-2015-conover-nc-march-23-2015\/","title":{"rendered":"El cambiador de pantalla continuo de \u00e1rea extendida (EAC) de PSI-Polymer Systems Inc. para filtraci\u00f3n de material de alto volumen se presentar\u00e1 en la NPE 2015 Conover, NC (23 de marzo de 2015)"},"content":{"rendered":"<div data-elementor-type=\"wp-page\" data-elementor-id=\"5998\" class=\"elementor elementor-5998\" data-elementor-post-type=\"page\">\n\t\t\t\t\t\t<section class=\"elementor-section elementor-top-section elementor-element elementor-element-67e3bd81 elementor-section-boxed elementor-section-height-default elementor-section-height-default\" data-id=\"67e3bd81\" data-element_type=\"section\" data-e-type=\"section\">\n\t\t\t\t\t\t<div class=\"elementor-container elementor-column-gap-default\">\n\t\t\t\t\t<div class=\"elementor-column elementor-col-50 elementor-top-column elementor-element elementor-element-1b38ea12\" data-id=\"1b38ea12\" data-element_type=\"column\" data-e-type=\"column\">\n\t\t\t<div class=\"elementor-widget-wrap elementor-element-populated\">\n\t\t\t\t\t\t<div class=\"elementor-element elementor-element-19084283 elementor-widget elementor-widget-heading\" data-id=\"19084283\" data-element_type=\"widget\" data-e-type=\"widget\" data-widget_type=\"heading.default\">\n\t\t\t\t<div class=\"elementor-widget-container\">\n\t\t\t\t\t<h2 class=\"elementor-heading-title elementor-size-default\">El cambiador de pantalla continuo de \u00e1rea extendida (EAC) de PSI-Polymer Systems Inc. para filtraci\u00f3n de material de alto volumen se presentar\u00e1 en la NPE 2015 Conover, NC (23 de marzo de 2015) <\/h2>\t\t\t\t<\/div>\n\t\t\t\t<\/div>\n\t\t\t\t<div class=\"elementor-element elementor-element-71b5a902 elementor-widget elementor-widget-text-editor\" data-id=\"71b5a902\" data-element_type=\"widget\" data-e-type=\"widget\" data-widget_type=\"text-editor.default\">\n\t\t\t\t<div class=\"elementor-widget-container\">\n\t\t\t\t\t\t\t\t\t<p>PSI-Polymer Systems vendi\u00f3 recientemente un cambiador de pantalla de \u00e1rea extendida continua (EAC) muy grande a uno de los productores de materiales m\u00e1s grandes del mundo. El productor utiliza una extrusora masiva con una matriz de 4 pies de di\u00e1metro que puede producir suficiente material para llenar un vag\u00f3n completo en menos de una hora cuando funciona a plena capacidad. Debido a esto, el tiempo de inactividad es extremadamente costoso para la empresa y apuntaron a sus viejos cambiadores de pantalla como uno de los principales objetivos que causan su tiempo de inactividad.<\/p><p>Las condiciones cambiantes del mercado han dado lugar a una demanda de materiales v\u00edrgenes filtrados a niveles de pureza m\u00e1s altos. Donde antes la norma eran 20 mallas, ahora los filtros de 100 mallas se est\u00e1n volviendo m\u00e1s comunes. El principal beneficio para el mercado de procesadores secundarios, como las extrusoras de productos de empaque, es minimizar la frecuencia de los cambios de pantalla y no comprometer la producci\u00f3n. Sin embargo, ejecutar niveles de filtraci\u00f3n m\u00e1s altos en el nivel de procesamiento primario tiene sus propios costos de producci\u00f3n. Las tasas de salida se reducen 5%-10% para compensar el aumento de la contrapresi\u00f3n causada por la malla de pantalla m\u00e1s fina. Adem\u00e1s, las pantallas m\u00e1s finas atrapan m\u00e1s impurezas, pero no duran tanto. En una l\u00ednea de reactor, la vida \u00fatil de la pantalla puede reducirse a cuesti\u00f3n de d\u00edas y quiz\u00e1s hasta una semana antes de que deba detenerse la l\u00ednea de extrusi\u00f3n. La mayor frecuencia de paradas cuesta la producci\u00f3n en estas grandes l\u00edneas y tambi\u00e9n aumenta el riesgo real de que la l\u00ednea no arranque a tiempo para evitar el cierre de un reactor.<\/p><p>El dise\u00f1o del cambiador de pantalla en la vieja m\u00e1quina del proveedor ten\u00eda problemas importantes. El proceso implic\u00f3 la granulaci\u00f3n de pol\u00edmero virgen en una l\u00ednea alimentada por un reactor. Peri\u00f3dicamente, la l\u00ednea deb\u00eda cerrarse para cambiar los filtros. Mientras el reactor est\u00e1 inactivo para el cambio, se recolecta una salida m\u00ednima en los recipientes receptores. Estos recipientes tienen una capacidad finita, lo que requiere hacer el cambio de pantalla y reiniciar la m\u00e1quina antes de que se llenen. Si no se hace a tiempo, el reactor debe apagarse, lo que puede costar d\u00edas de inactividad para la limpieza, lo que podr\u00eda costar al operador entre $500,000 y $1 mill\u00f3n de d\u00f3lares.<\/p><p>Al ver el dise\u00f1o del cambiador de pantalla existente como el problema, este productor de materiales decidi\u00f3 buscar nuevos proveedores de cambiadores de pantalla para ayudar a mejorar su proceso. El productor se acerc\u00f3 a PSI-Polymer Systems y a dos de los principales proveedores europeos de cambio de mallas pidi\u00e9ndoles que, en primer lugar, calcularan la cantidad de \u00e1rea de filtrado que se requerir\u00eda para alcanzar una tasa de producci\u00f3n y una presi\u00f3n delta especificadas mientras se filtraba a trav\u00e9s de 100 mallas de malla y, en segundo lugar, que suministraran el equipo.<\/p><p>Uno de los proveedores europeos ofreci\u00f3 equipos con menos \u00e1rea de filtrado que la que estaba actualmente en funcionamiento; el otro ofrec\u00eda una soluci\u00f3n mediante la cual se requerir\u00eda que el procesador realizara una importante expansi\u00f3n del edificio para adaptarse al cambiador de pantalla recomendado. PSI solo abord\u00f3 el problema con una hoja de papel limpia y determin\u00f3 que mientras que el cambiador de pantalla existente ofrec\u00eda 670 pulgadas<sup>2<\/sup> de \u00e1rea de filtro en l\u00ednea, de hecho 2.800 en<sup>2<\/sup> era necesario para lograr el objetivo.<\/p><p>PSI determin\u00f3 que cuatro (4) posiciones de filtro en l\u00ednea utilizando filtros de tubo de \u00e1rea extendida ser\u00eda el enfoque m\u00e1s eficiente en el proceso y no requerir\u00eda modificaciones f\u00edsicas de la planta m\u00e1s que el reposicionamiento de la granuladora submarina. El cambiador de mallas proporcionar\u00eda a la planta los medios para funcionar en modo continuo, cambiando las mallas sin detener la producci\u00f3n, y har\u00eda funcionar las mallas m\u00e1s altas dentro de la ventana de presi\u00f3n requerida. Adem\u00e1s, el dise\u00f1o de PSI eliminar\u00eda toda la inclusi\u00f3n de aire en el cambio de malla, proporcionando el beneficio adicional de reducir los gr\u00e1nulos y desechos que no cumplen con las especificaciones generados por el aire que pasa a trav\u00e9s de la placa de matriz durante el cambio de malla. El proyecto avanz\u00f3 y PSI y el comprador trabajaron en estrecha colaboraci\u00f3n, realizando an\u00e1lisis CFD (din\u00e1mica de fluidos computacional) hasta llegar al dise\u00f1o ideal.\u00a0<\/p><p><u>Mayor filtraci\u00f3n = mayor producci\u00f3n de material<\/u><\/p><p>El nuevo cambiador de pantallas PSI EAC contiene cuatro enormes bolsillos ovalados, cada uno de los cuales mide 10 &quot;de alto x 14&quot; de ancho. Empleando el dise\u00f1o de \u201cfiltro de vela\u201d deseado, la nueva m\u00e1quina tiene 700 pulgadas cuadradas de \u00e1rea de filtro por posici\u00f3n, un gran aumento que permite un mayor volumen y una filtraci\u00f3n de mayor calidad, as\u00ed como menos tiempo de inactividad. Los cambiadores de pantalla est\u00e1n controlados por PLC 100% y funcionan autom\u00e1ticamente, requiriendo muy poca intervenci\u00f3n del operador.<\/p><p>Este cliente en particular tuvo la mala experiencia de seguir la recomendaci\u00f3n del antiguo fabricante del cambiador de pantalla de que cambiaran sobre la marcha. Cuando la placa deslizante no complet\u00f3 el desplazamiento, el derrame de pol\u00edmero resultante fue catastr\u00f3fico. Como tal, los operadores se mostraron reacios a seguir las instrucciones de PSI para cambiar los filtros sin que se apagara una l\u00ednea, y en su lugar optaron por maximizar el tiempo de ejecuci\u00f3n y cambiar todos los filtros a la vez. Despu\u00e9s de ganar confianza con el funcionamiento del cambiador de pantalla EAC de PSI, la planta con el gerente de ingenier\u00eda de PSI disponible, hizo el intento. El \u00e9xito sigui\u00f3 al \u00e9xito y, en la actualidad, no se requieren cierres de l\u00ednea para cambios de pantalla en esta l\u00ednea. Las tasas de producci\u00f3n no solo han aumentado hasta el nivel de filtraci\u00f3n deseado, sino que el rendimiento general ha mejorado considerablemente al eliminar las paradas peri\u00f3dicas de la l\u00ednea. Ha estado funcionando durante 8 meses y a\u00fan no se han informado problemas.<\/p><p>\u201cVimos la oportunidad de utilizar nuestro conjunto diverso de habilidades para marcar la diferencia en esta empresa, y eso es exactamente lo que hicimos\u201d, dice Don Macnamara, Gerente General de PSI. \u201cEn PSI, nos enorgullecemos de poder satisfacer las necesidades de cualquier cliente, sin importar lo que requiera el proceso o la maquinaria. Este es solo un ejemplo m\u00e1s de nuestra innovaci\u00f3n para encontrar una soluci\u00f3n para un cliente &quot;.<\/p>\t\t\t\t\t\t\t\t<\/div>\n\t\t\t\t<\/div>\n\t\t\t\t\t<\/div>\n\t\t<\/div>\n\t\t\t\t<div class=\"elementor-column elementor-col-50 elementor-top-column elementor-element elementor-element-49e4a2a\" data-id=\"49e4a2a\" data-element_type=\"column\" data-e-type=\"column\">\n\t\t\t<div class=\"elementor-widget-wrap\">\n\t\t\t\t\t\t\t<\/div>\n\t\t<\/div>\n\t\t\t\t\t<\/div>\n\t\t<\/section>\n\t\t\t\t<\/div>","protected":false},"excerpt":{"rendered":"<p>El cambiador de pantalla continuo de \u00e1rea extendida (EAC) de PSI-Polymer Systems Inc. para filtraci\u00f3n de material de gran volumen se presentar\u00e1 en la NPE 2015 Conover, NC (23 de marzo de 2015) PSI-Polymer Systems vendi\u00f3 recientemente un equipo continuo de \u00e1rea extendida (EAC) muy grande cambiador de pantalla a uno de los mayores productores de materiales del mundo. El productor utiliza una extrusora masiva con 4 pies [\u2026]<\/p>","protected":false},"author":2,"featured_media":0,"parent":5833,"menu_order":0,"comment_status":"closed","ping_status":"closed","template":"","meta":{"_monsterinsights_skip_tracking":false,"_monsterinsights_sitenote_active":false,"_monsterinsights_sitenote_note":"","_monsterinsights_sitenote_category":0,"footnotes":""},"class_list":["post-5998","page","type-page","status-publish","hentry"],"yoast_head":"<!-- This site is optimized with the Yoast SEO Premium plugin v25.0 (Yoast SEO v25.0) - https:\/\/yoast.com\/wordpress\/plugins\/seo\/ -->\n<title>PSI-Polymer Systems Inc. Extended-Area Continuous (EAC) Screen Changer for High Volume Material Filtration to be Featured at NPE 2015 Conover, NC (March 23, 2015) - PSI-Polymer Systems<\/title>\n<meta name=\"robots\" content=\"index, follow, max-snippet:-1, max-image-preview:large, max-video-preview:-1\" \/>\n<link rel=\"canonical\" href=\"https:\/\/www.psi-polymersystems.com\/es\/about-us\/press-releases\/psi-polymer-systems-inc-extended-area-continuous-eac-screen-changer-for-high-volume-material-filtration-to-be-featured-at-npe-2015-conover-nc-march-23-2015\/\" \/>\n<meta property=\"og:locale\" content=\"es_MX\" \/>\n<meta property=\"og:type\" content=\"article\" \/>\n<meta property=\"og:title\" content=\"PSI-Polymer Systems Inc. Extended-Area Continuous (EAC) Screen Changer for High Volume Material Filtration to be Featured at NPE 2015 Conover, NC (March 23, 2015)\" \/>\n<meta property=\"og:description\" content=\"PSI-Polymer Systems Inc. Extended-Area Continuous (EAC) Screen Changer for High Volume Material Filtration to be Featured at NPE 2015 Conover, NC (March\" \/>\n<meta property=\"og:url\" content=\"https:\/\/www.psi-polymersystems.com\/es\/about-us\/press-releases\/psi-polymer-systems-inc-extended-area-continuous-eac-screen-changer-for-high-volume-material-filtration-to-be-featured-at-npe-2015-conover-nc-march-23-2015\/\" \/>\n<meta property=\"og:site_name\" content=\"PSI-Polymer Systems\" \/>\n<meta property=\"article:publisher\" content=\"https:\/\/www.facebook.com\/psipolymersystems\/\" \/>\n<meta property=\"article:modified_time\" content=\"2020-09-23T14:11:12+00:00\" \/>\n<meta name=\"twitter:card\" content=\"summary_large_image\" \/>\n<meta name=\"twitter:label1\" content=\"Tiempo de lectura\" \/>\n\t<meta name=\"twitter:data1\" content=\"5 minutos\" \/>\n<script type=\"application\/ld+json\" class=\"yoast-schema-graph\">{\"@context\":\"https:\/\/schema.org\",\"@graph\":[{\"@type\":\"WebPage\",\"@id\":\"https:\/\/www.psi-polymersystems.com\/es\/about-us\/press-releases\/psi-polymer-systems-inc-extended-area-continuous-eac-screen-changer-for-high-volume-material-filtration-to-be-featured-at-npe-2015-conover-nc-march-23-2015\/\",\"url\":\"https:\/\/www.psi-polymersystems.com\/es\/about-us\/press-releases\/psi-polymer-systems-inc-extended-area-continuous-eac-screen-changer-for-high-volume-material-filtration-to-be-featured-at-npe-2015-conover-nc-march-23-2015\/\",\"name\":\"PSI-Polymer Systems Inc. Extended-Area Continuous (EAC) Screen Changer for High Volume Material Filtration to be Featured at NPE 2015 Conover, NC (March 23, 2015) - PSI-Polymer Systems\",\"isPartOf\":{\"@id\":\"https:\/\/www.psi-polymersystems.com\/#website\"},\"datePublished\":\"2020-09-23T14:09:56+00:00\",\"dateModified\":\"2020-09-23T14:11:12+00:00\",\"breadcrumb\":{\"@id\":\"https:\/\/www.psi-polymersystems.com\/es\/about-us\/press-releases\/psi-polymer-systems-inc-extended-area-continuous-eac-screen-changer-for-high-volume-material-filtration-to-be-featured-at-npe-2015-conover-nc-march-23-2015\/#breadcrumb\"},\"inLanguage\":\"es\",\"potentialAction\":[{\"@type\":\"ReadAction\",\"target\":[\"https:\/\/www.psi-polymersystems.com\/es\/about-us\/press-releases\/psi-polymer-systems-inc-extended-area-continuous-eac-screen-changer-for-high-volume-material-filtration-to-be-featured-at-npe-2015-conover-nc-march-23-2015\/\"]}]},{\"@type\":\"BreadcrumbList\",\"@id\":\"https:\/\/www.psi-polymersystems.com\/es\/about-us\/press-releases\/psi-polymer-systems-inc-extended-area-continuous-eac-screen-changer-for-high-volume-material-filtration-to-be-featured-at-npe-2015-conover-nc-march-23-2015\/#breadcrumb\",\"itemListElement\":[{\"@type\":\"ListItem\",\"position\":1,\"name\":\"Home\",\"item\":\"https:\/\/www.psi-polymersystems.com\/\"},{\"@type\":\"ListItem\",\"position\":2,\"name\":\"About Us\",\"item\":\"https:\/\/www.psi-polymersystems.com\/about-us\/\"},{\"@type\":\"ListItem\",\"position\":3,\"name\":\"Press Releases\",\"item\":\"https:\/\/www.psi-polymersystems.com\/about-us\/press-releases\/\"},{\"@type\":\"ListItem\",\"position\":4,\"name\":\"PSI-Polymer Systems Inc. Extended-Area Continuous (EAC) Screen Changer for High Volume Material Filtration to be Featured at NPE 2015 Conover, NC (March 23, 2015)\"}]},{\"@type\":\"WebSite\",\"@id\":\"https:\/\/www.psi-polymersystems.com\/#website\",\"url\":\"https:\/\/www.psi-polymersystems.com\/\",\"name\":\"PSI-Polymer Systems\",\"description\":\"\",\"publisher\":{\"@id\":\"https:\/\/www.psi-polymersystems.com\/#organization\"},\"potentialAction\":[{\"@type\":\"SearchAction\",\"target\":{\"@type\":\"EntryPoint\",\"urlTemplate\":\"https:\/\/www.psi-polymersystems.com\/?s={search_term_string}\"},\"query-input\":{\"@type\":\"PropertyValueSpecification\",\"valueRequired\":true,\"valueName\":\"search_term_string\"}}],\"inLanguage\":\"es\"},{\"@type\":\"Organization\",\"@id\":\"https:\/\/www.psi-polymersystems.com\/#organization\",\"name\":\"PSI-Polymer Systems, Inc.\",\"url\":\"https:\/\/www.psi-polymersystems.com\/\",\"logo\":{\"@type\":\"ImageObject\",\"inLanguage\":\"es\",\"@id\":\"https:\/\/www.psi-polymersystems.com\/#\/schema\/logo\/image\/\",\"url\":\"\",\"contentUrl\":\"\",\"caption\":\"PSI-Polymer Systems, Inc.\"},\"image\":{\"@id\":\"https:\/\/www.psi-polymersystems.com\/#\/schema\/logo\/image\/\"},\"sameAs\":[\"https:\/\/www.facebook.com\/psipolymersystems\/\",\"https:\/\/www.linkedin.com\/showcase\/psi-polymer-systems\"]}]}<\/script>\n<!-- \/ Yoast SEO Premium plugin. -->","yoast_head_json":{"title":"PSI-Polymer Systems Inc. Extended-Area Continuous (EAC) Screen Changer for High Volume Material Filtration to be Featured at NPE 2015 Conover, NC (March 23, 2015) - PSI-Polymer Systems","robots":{"index":"index","follow":"follow","max-snippet":"max-snippet:-1","max-image-preview":"max-image-preview:large","max-video-preview":"max-video-preview:-1"},"canonical":"https:\/\/www.psi-polymersystems.com\/es\/about-us\/press-releases\/psi-polymer-systems-inc-extended-area-continuous-eac-screen-changer-for-high-volume-material-filtration-to-be-featured-at-npe-2015-conover-nc-march-23-2015\/","og_locale":"es_MX","og_type":"article","og_title":"PSI-Polymer Systems Inc. Extended-Area Continuous (EAC) Screen Changer for High Volume Material Filtration to be Featured at NPE 2015 Conover, NC (March 23, 2015)","og_description":"PSI-Polymer Systems Inc. Extended-Area Continuous (EAC) Screen Changer for High Volume Material Filtration to be Featured at NPE 2015 Conover, NC (March","og_url":"https:\/\/www.psi-polymersystems.com\/es\/about-us\/press-releases\/psi-polymer-systems-inc-extended-area-continuous-eac-screen-changer-for-high-volume-material-filtration-to-be-featured-at-npe-2015-conover-nc-march-23-2015\/","og_site_name":"PSI-Polymer Systems","article_publisher":"https:\/\/www.facebook.com\/psipolymersystems\/","article_modified_time":"2020-09-23T14:11:12+00:00","twitter_card":"summary_large_image","twitter_misc":{"Tiempo de lectura":"5 minutos"},"schema":{"@context":"https:\/\/schema.org","@graph":[{"@type":"WebPage","@id":"https:\/\/www.psi-polymersystems.com\/es\/about-us\/press-releases\/psi-polymer-systems-inc-extended-area-continuous-eac-screen-changer-for-high-volume-material-filtration-to-be-featured-at-npe-2015-conover-nc-march-23-2015\/","url":"https:\/\/www.psi-polymersystems.com\/es\/about-us\/press-releases\/psi-polymer-systems-inc-extended-area-continuous-eac-screen-changer-for-high-volume-material-filtration-to-be-featured-at-npe-2015-conover-nc-march-23-2015\/","name":"PSI-Polymer Systems Inc. Extended-Area Continuous (EAC) Screen Changer for High Volume Material Filtration to be Featured at NPE 2015 Conover, NC (March 23, 2015) - PSI-Polymer Systems","isPartOf":{"@id":"https:\/\/www.psi-polymersystems.com\/#website"},"datePublished":"2020-09-23T14:09:56+00:00","dateModified":"2020-09-23T14:11:12+00:00","breadcrumb":{"@id":"https:\/\/www.psi-polymersystems.com\/es\/about-us\/press-releases\/psi-polymer-systems-inc-extended-area-continuous-eac-screen-changer-for-high-volume-material-filtration-to-be-featured-at-npe-2015-conover-nc-march-23-2015\/#breadcrumb"},"inLanguage":"es","potentialAction":[{"@type":"ReadAction","target":["https:\/\/www.psi-polymersystems.com\/es\/about-us\/press-releases\/psi-polymer-systems-inc-extended-area-continuous-eac-screen-changer-for-high-volume-material-filtration-to-be-featured-at-npe-2015-conover-nc-march-23-2015\/"]}]},{"@type":"BreadcrumbList","@id":"https:\/\/www.psi-polymersystems.com\/es\/about-us\/press-releases\/psi-polymer-systems-inc-extended-area-continuous-eac-screen-changer-for-high-volume-material-filtration-to-be-featured-at-npe-2015-conover-nc-march-23-2015\/#breadcrumb","itemListElement":[{"@type":"ListItem","position":1,"name":"Home","item":"https:\/\/www.psi-polymersystems.com\/"},{"@type":"ListItem","position":2,"name":"About Us","item":"https:\/\/www.psi-polymersystems.com\/about-us\/"},{"@type":"ListItem","position":3,"name":"Press Releases","item":"https:\/\/www.psi-polymersystems.com\/about-us\/press-releases\/"},{"@type":"ListItem","position":4,"name":"PSI-Polymer Systems Inc. Extended-Area Continuous (EAC) Screen Changer for High Volume Material Filtration to be Featured at NPE 2015 Conover, NC (March 23, 2015)"}]},{"@type":"WebSite","@id":"https:\/\/www.psi-polymersystems.com\/#website","url":"https:\/\/www.psi-polymersystems.com\/","name":"PSI-Polymer Systems","description":"","publisher":{"@id":"https:\/\/www.psi-polymersystems.com\/#organization"},"potentialAction":[{"@type":"SearchAction","target":{"@type":"EntryPoint","urlTemplate":"https:\/\/www.psi-polymersystems.com\/?s={search_term_string}"},"query-input":{"@type":"PropertyValueSpecification","valueRequired":true,"valueName":"search_term_string"}}],"inLanguage":"es"},{"@type":"Organization","@id":"https:\/\/www.psi-polymersystems.com\/#organization","name":"PSI-Polymer Systems, Inc.","url":"https:\/\/www.psi-polymersystems.com\/","logo":{"@type":"ImageObject","inLanguage":"es","@id":"https:\/\/www.psi-polymersystems.com\/#\/schema\/logo\/image\/","url":"","contentUrl":"","caption":"PSI-Polymer Systems, Inc."},"image":{"@id":"https:\/\/www.psi-polymersystems.com\/#\/schema\/logo\/image\/"},"sameAs":["https:\/\/www.facebook.com\/psipolymersystems\/","https:\/\/www.linkedin.com\/showcase\/psi-polymer-systems"]}]}},"_links":{"self":[{"href":"https:\/\/www.psi-polymersystems.com\/es\/wp-json\/wp\/v2\/pages\/5998","targetHints":{"allow":["GET"]}}],"collection":[{"href":"https:\/\/www.psi-polymersystems.com\/es\/wp-json\/wp\/v2\/pages"}],"about":[{"href":"https:\/\/www.psi-polymersystems.com\/es\/wp-json\/wp\/v2\/types\/page"}],"author":[{"embeddable":true,"href":"https:\/\/www.psi-polymersystems.com\/es\/wp-json\/wp\/v2\/users\/2"}],"replies":[{"embeddable":true,"href":"https:\/\/www.psi-polymersystems.com\/es\/wp-json\/wp\/v2\/comments?post=5998"}],"version-history":[{"count":0,"href":"https:\/\/www.psi-polymersystems.com\/es\/wp-json\/wp\/v2\/pages\/5998\/revisions"}],"up":[{"embeddable":true,"href":"https:\/\/www.psi-polymersystems.com\/es\/wp-json\/wp\/v2\/pages\/5833"}],"wp:attachment":[{"href":"https:\/\/www.psi-polymersystems.com\/es\/wp-json\/wp\/v2\/media?parent=5998"}],"curies":[{"name":"wp","href":"https:\/\/api.w.org\/{rel}","templated":true}]}}