{"id":6002,"date":"2020-09-23T14:17:02","date_gmt":"2020-09-23T14:17:02","guid":{"rendered":"https:\/\/psi-polymersystems.com\/?page_id=6002"},"modified":"2020-09-23T14:24:13","modified_gmt":"2020-09-23T14:24:13","slug":"psi-polymer-systems-inc-s-continuous-screen-changers-perform-flawlessly-for-challenging-food-industry-candy-application-conover-nc-april-8-2014","status":"publish","type":"page","link":"https:\/\/www.psi-polymersystems.com\/es\/about-us\/press-releases\/psi-polymer-systems-inc-s-continuous-screen-changers-perform-flawlessly-for-challenging-food-industry-candy-application-conover-nc-april-8-2014\/","title":{"rendered":"Los cambiadores de pantalla continuos de PSI-Polymer Systems Inc. se desempe\u00f1an a la perfecci\u00f3n para la aplicaci\u00f3n de dulces desafiantes de la industria alimentaria Conover, NC (8 de abril de 2014)"},"content":{"rendered":"<div data-elementor-type=\"wp-page\" data-elementor-id=\"6002\" class=\"elementor elementor-6002\" data-elementor-post-type=\"page\">\n\t\t\t\t\t\t<section class=\"elementor-section elementor-top-section elementor-element elementor-element-5f3b65f8 elementor-section-boxed elementor-section-height-default elementor-section-height-default\" data-id=\"5f3b65f8\" data-element_type=\"section\" data-e-type=\"section\">\n\t\t\t\t\t\t<div class=\"elementor-container elementor-column-gap-default\">\n\t\t\t\t\t<div class=\"elementor-column elementor-col-50 elementor-top-column elementor-element elementor-element-704e4f88\" data-id=\"704e4f88\" data-element_type=\"column\" data-e-type=\"column\">\n\t\t\t<div class=\"elementor-widget-wrap elementor-element-populated\">\n\t\t\t\t\t\t<div class=\"elementor-element elementor-element-13cce76e elementor-widget elementor-widget-heading\" data-id=\"13cce76e\" data-element_type=\"widget\" data-e-type=\"widget\" data-widget_type=\"heading.default\">\n\t\t\t\t<div class=\"elementor-widget-container\">\n\t\t\t\t\t<h2 class=\"elementor-heading-title elementor-size-default\">Los cambiadores de pantalla continuos de PSI-Polymer Systems Inc. se desempe\u00f1an a la perfecci\u00f3n para la aplicaci\u00f3n de dulces desafiantes de la industria alimentaria Conover, NC (8 de abril de 2014)<\/h2>\t\t\t\t<\/div>\n\t\t\t\t<\/div>\n\t\t\t\t<div class=\"elementor-element elementor-element-78eecd58 elementor-widget elementor-widget-text-editor\" data-id=\"78eecd58\" data-element_type=\"widget\" data-e-type=\"widget\" data-widget_type=\"text-editor.default\">\n\t\t\t\t<div class=\"elementor-widget-container\">\n\t\t\t\t\t\t\t\t\t<p>PSI-Polymer Systems vendi\u00f3 recientemente un cambiador de pantalla continuo modificado a un productor l\u00edder de dulces con sede en EE. UU. Para usar en una aplicaci\u00f3n de extrusi\u00f3n de alimentos desafiante. La capacidad del cambiador de pantalla para funcionar bien en esta aplicaci\u00f3n \u00fanica destaca la personalizaci\u00f3n y las capacidades orientadas a soluciones de las que se enorgullece PSI.<\/p><p>Esta compra marca el quinto cambiador de pantalla PSI que este cliente ha comprado para su proceso de alimentos. Los primeros para esta aplicaci\u00f3n entraron en servicio en 2011. \u201cEsta aplicaci\u00f3n de alimentos en particular era nueva para los cambiadores de pantalla continuos en ese entonces. Hubo ensayos que tuvieron que realizarse y se cumplieron los procedimientos de validaci\u00f3n, pero m\u00e1s que eso, se tuvieron que realizar meses de operaci\u00f3n en servicio para asegurarse de que la metalurgia resistir\u00eda durante varios a\u00f1os y las rigurosas condiciones de la FDA se mantuvieron sin falta \u201d, dijo Don Macnamara, Gerente General de PSI-Polymer Systems Inc. &quot;Ya sean pl\u00e1sticos, alimentos u otros materiales, nuestro trabajo es adaptar la tecnolog\u00eda al proceso&quot;.<\/p><p>Los desaf\u00edos \u00fanicos de ejecutar una aplicaci\u00f3n alimentaria con una m\u00e1quina generalmente utilizada para la extrusi\u00f3n de pl\u00e1stico son mucho m\u00e1s exigentes e incluyen la capacidad de limpiar a fondo cualquier \u00e1rea donde puedan crecer bacterias; acomodar el lavado con agua y ser estanco para facilitar este lavado; estar construido completamente de acero inoxidable para resistir la oxidaci\u00f3n; use pintura aprobada por la FDA y tenga superficies exteriores libres de rincones y grietas que puedan atrapar y retener alimentos y causar el crecimiento de bacterias.<\/p><p>El cliente de PSI ten\u00eda claro que el proceso no pod\u00eda tolerar ning\u00fan tiempo de inactividad de la m\u00e1quina para cambios de filtro, lo que significa que el cambiador de pantalla ten\u00eda que ser continuo para permitir un cambio autom\u00e1tico de una pantalla obstruida o potencialmente contaminada a una nueva y limpia sin cerrar la l\u00ednea. abajo. PSI acept\u00f3 el desaf\u00edo y cre\u00f3 un cambiador de pantalla que cumpl\u00eda con todos estos requisitos de proceso y dise\u00f1o y ahora est\u00e1 probado durante varios a\u00f1os de funcionamiento.<\/p><p>El cambiador de pantallas PSI tiene un dise\u00f1o continuo con paquetes de pantallas f\u00e1ciles de cambiar. Est\u00e1 hecho de acero inoxidable 420 para permitir el tratamiento t\u00e9rmico y al mismo tiempo resistir la corrosi\u00f3n y la oxidaci\u00f3n. Adem\u00e1s, como era necesario, el cambiador de pantalla es herm\u00e9tico y tiene la capacidad de procesar la viscosidad extremadamente alta de esta aplicaci\u00f3n alimentaria.\u00a0<\/p><p>Los cambiadores de pantalla de placa deslizante hidr\u00e1ulica se han utilizado tradicionalmente en la industria alimentaria, para aplicaciones por lotes como cereales, chips de ma\u00edz y otros. Sin embargo, el cambiador de cribas continuo PSI admite operaciones de extrusi\u00f3n continua 24 horas al d\u00eda, 7 d\u00edas a la semana y permite un cambio autom\u00e1tico y sencillo de cribas que elimina el tiempo de inactividad y crea un sistema que es m\u00e1s eficiente y menos susceptible a la contaminaci\u00f3n que la versi\u00f3n hidr\u00e1ulica est\u00e1ndar.<\/p><p>&quot;Esta es una aplicaci\u00f3n interesante para nosotros aqu\u00ed en PSI&quot;, dijo Glenn Woodcock, presidente de PSI-Polymer Systems. \u201cEl desaf\u00edo de desarrollar un cambiador de pantalla que cumpla con todos los est\u00e1ndares de la industria alimentaria y al mismo tiempo aumente la eficiencia y el valor para el cliente es algo que creemos que no muchas empresas de este negocio podr\u00edan haber superado. En PSI nos enorgullecemos de nuestra capacidad para innovar y superar los l\u00edmites, y lo hemos hecho una vez m\u00e1s \u201d.<\/p>\t\t\t\t\t\t\t\t<\/div>\n\t\t\t\t<\/div>\n\t\t\t\t\t<\/div>\n\t\t<\/div>\n\t\t\t\t<div class=\"elementor-column elementor-col-50 elementor-top-column elementor-element elementor-element-10b202fe\" data-id=\"10b202fe\" data-element_type=\"column\" data-e-type=\"column\">\n\t\t\t<div class=\"elementor-widget-wrap\">\n\t\t\t\t\t\t\t<\/div>\n\t\t<\/div>\n\t\t\t\t\t<\/div>\n\t\t<\/section>\n\t\t\t\t<\/div>","protected":false},"excerpt":{"rendered":"<p>Los cambiadores de pantalla continuos de PSI-Polymer Systems Inc. se desempe\u00f1an sin problemas para aplicaciones de caramelos desafiantes en la industria alimentaria Conover, NC (8 de abril de 2014) PSI-Polymer Systems ha vendido recientemente un cambiador de mallas continuo modificado a un productor l\u00edder de caramelos con sede en EE. en una exigente aplicaci\u00f3n de extrusi\u00f3n de alimentos. La capacidad del cambiador de pantalla para funcionar bien en este [\u2026]<\/p>","protected":false},"author":2,"featured_media":0,"parent":5833,"menu_order":0,"comment_status":"closed","ping_status":"closed","template":"","meta":{"_monsterinsights_skip_tracking":false,"_monsterinsights_sitenote_active":false,"_monsterinsights_sitenote_note":"","_monsterinsights_sitenote_category":0,"footnotes":""},"class_list":["post-6002","page","type-page","status-publish","hentry"],"yoast_head":"<!-- This site is optimized with the Yoast SEO Premium plugin v25.0 (Yoast SEO v25.0) - https:\/\/yoast.com\/wordpress\/plugins\/seo\/ -->\n<title>PSI-Polymer Systems Inc.\u2019s Continuous Screen Changers Perform Flawlessly for Challenging Food Industry Candy Application Conover, NC (April 8, 2014) - PSI-Polymer Systems<\/title>\n<meta name=\"robots\" content=\"index, follow, max-snippet:-1, max-image-preview:large, max-video-preview:-1\" \/>\n<link rel=\"canonical\" href=\"https:\/\/www.psi-polymersystems.com\/es\/about-us\/press-releases\/psi-polymer-systems-inc-s-continuous-screen-changers-perform-flawlessly-for-challenging-food-industry-candy-application-conover-nc-april-8-2014\/\" \/>\n<meta property=\"og:locale\" content=\"es_MX\" \/>\n<meta property=\"og:type\" content=\"article\" \/>\n<meta property=\"og:title\" content=\"PSI-Polymer Systems Inc.\u2019s Continuous Screen Changers Perform Flawlessly for Challenging Food Industry Candy Application Conover, NC (April 8, 2014)\" \/>\n<meta property=\"og:description\" content=\"PSI-Polymer Systems Inc.\u2019s Continuous Screen Changers Perform Flawlessly for Challenging Food Industry Candy Application Conover, NC (April 8, 2014)\" \/>\n<meta property=\"og:url\" content=\"https:\/\/www.psi-polymersystems.com\/es\/about-us\/press-releases\/psi-polymer-systems-inc-s-continuous-screen-changers-perform-flawlessly-for-challenging-food-industry-candy-application-conover-nc-april-8-2014\/\" \/>\n<meta property=\"og:site_name\" content=\"PSI-Polymer Systems\" \/>\n<meta property=\"article:publisher\" content=\"https:\/\/www.facebook.com\/psipolymersystems\/\" \/>\n<meta property=\"article:modified_time\" content=\"2020-09-23T14:24:13+00:00\" \/>\n<meta name=\"twitter:card\" content=\"summary_large_image\" \/>\n<meta name=\"twitter:label1\" content=\"Tiempo de lectura\" \/>\n\t<meta name=\"twitter:data1\" content=\"3 minutos\" \/>\n<script type=\"application\/ld+json\" class=\"yoast-schema-graph\">{\"@context\":\"https:\/\/schema.org\",\"@graph\":[{\"@type\":\"WebPage\",\"@id\":\"https:\/\/www.psi-polymersystems.com\/es\/about-us\/press-releases\/psi-polymer-systems-inc-s-continuous-screen-changers-perform-flawlessly-for-challenging-food-industry-candy-application-conover-nc-april-8-2014\/\",\"url\":\"https:\/\/www.psi-polymersystems.com\/es\/about-us\/press-releases\/psi-polymer-systems-inc-s-continuous-screen-changers-perform-flawlessly-for-challenging-food-industry-candy-application-conover-nc-april-8-2014\/\",\"name\":\"PSI-Polymer Systems Inc.\u2019s Continuous Screen Changers Perform Flawlessly for Challenging Food Industry Candy Application Conover, NC (April 8, 2014) - PSI-Polymer Systems\",\"isPartOf\":{\"@id\":\"https:\/\/www.psi-polymersystems.com\/#website\"},\"datePublished\":\"2020-09-23T14:17:02+00:00\",\"dateModified\":\"2020-09-23T14:24:13+00:00\",\"breadcrumb\":{\"@id\":\"https:\/\/www.psi-polymersystems.com\/es\/about-us\/press-releases\/psi-polymer-systems-inc-s-continuous-screen-changers-perform-flawlessly-for-challenging-food-industry-candy-application-conover-nc-april-8-2014\/#breadcrumb\"},\"inLanguage\":\"es\",\"potentialAction\":[{\"@type\":\"ReadAction\",\"target\":[\"https:\/\/www.psi-polymersystems.com\/es\/about-us\/press-releases\/psi-polymer-systems-inc-s-continuous-screen-changers-perform-flawlessly-for-challenging-food-industry-candy-application-conover-nc-april-8-2014\/\"]}]},{\"@type\":\"BreadcrumbList\",\"@id\":\"https:\/\/www.psi-polymersystems.com\/es\/about-us\/press-releases\/psi-polymer-systems-inc-s-continuous-screen-changers-perform-flawlessly-for-challenging-food-industry-candy-application-conover-nc-april-8-2014\/#breadcrumb\",\"itemListElement\":[{\"@type\":\"ListItem\",\"position\":1,\"name\":\"Home\",\"item\":\"https:\/\/www.psi-polymersystems.com\/\"},{\"@type\":\"ListItem\",\"position\":2,\"name\":\"About Us\",\"item\":\"https:\/\/www.psi-polymersystems.com\/about-us\/\"},{\"@type\":\"ListItem\",\"position\":3,\"name\":\"Press Releases\",\"item\":\"https:\/\/www.psi-polymersystems.com\/about-us\/press-releases\/\"},{\"@type\":\"ListItem\",\"position\":4,\"name\":\"PSI-Polymer Systems Inc.\u2019s Continuous Screen Changers Perform Flawlessly for Challenging Food Industry Candy Application Conover, NC (April 8, 2014)\"}]},{\"@type\":\"WebSite\",\"@id\":\"https:\/\/www.psi-polymersystems.com\/#website\",\"url\":\"https:\/\/www.psi-polymersystems.com\/\",\"name\":\"PSI-Polymer Systems\",\"description\":\"\",\"publisher\":{\"@id\":\"https:\/\/www.psi-polymersystems.com\/#organization\"},\"potentialAction\":[{\"@type\":\"SearchAction\",\"target\":{\"@type\":\"EntryPoint\",\"urlTemplate\":\"https:\/\/www.psi-polymersystems.com\/?s={search_term_string}\"},\"query-input\":{\"@type\":\"PropertyValueSpecification\",\"valueRequired\":true,\"valueName\":\"search_term_string\"}}],\"inLanguage\":\"es\"},{\"@type\":\"Organization\",\"@id\":\"https:\/\/www.psi-polymersystems.com\/#organization\",\"name\":\"PSI-Polymer Systems, Inc.\",\"url\":\"https:\/\/www.psi-polymersystems.com\/\",\"logo\":{\"@type\":\"ImageObject\",\"inLanguage\":\"es\",\"@id\":\"https:\/\/www.psi-polymersystems.com\/#\/schema\/logo\/image\/\",\"url\":\"\",\"contentUrl\":\"\",\"caption\":\"PSI-Polymer Systems, Inc.\"},\"image\":{\"@id\":\"https:\/\/www.psi-polymersystems.com\/#\/schema\/logo\/image\/\"},\"sameAs\":[\"https:\/\/www.facebook.com\/psipolymersystems\/\",\"https:\/\/www.linkedin.com\/showcase\/psi-polymer-systems\"]}]}<\/script>\n<!-- \/ Yoast SEO Premium plugin. -->","yoast_head_json":{"title":"PSI-Polymer Systems Inc.\u2019s Continuous Screen Changers Perform Flawlessly for Challenging Food Industry Candy Application Conover, NC (April 8, 2014) - PSI-Polymer Systems","robots":{"index":"index","follow":"follow","max-snippet":"max-snippet:-1","max-image-preview":"max-image-preview:large","max-video-preview":"max-video-preview:-1"},"canonical":"https:\/\/www.psi-polymersystems.com\/es\/about-us\/press-releases\/psi-polymer-systems-inc-s-continuous-screen-changers-perform-flawlessly-for-challenging-food-industry-candy-application-conover-nc-april-8-2014\/","og_locale":"es_MX","og_type":"article","og_title":"PSI-Polymer Systems Inc.\u2019s Continuous Screen Changers Perform Flawlessly for Challenging Food Industry Candy Application Conover, NC (April 8, 2014)","og_description":"PSI-Polymer Systems Inc.\u2019s Continuous Screen Changers Perform Flawlessly for Challenging Food Industry Candy Application Conover, NC (April 8, 2014)","og_url":"https:\/\/www.psi-polymersystems.com\/es\/about-us\/press-releases\/psi-polymer-systems-inc-s-continuous-screen-changers-perform-flawlessly-for-challenging-food-industry-candy-application-conover-nc-april-8-2014\/","og_site_name":"PSI-Polymer Systems","article_publisher":"https:\/\/www.facebook.com\/psipolymersystems\/","article_modified_time":"2020-09-23T14:24:13+00:00","twitter_card":"summary_large_image","twitter_misc":{"Tiempo de lectura":"3 minutos"},"schema":{"@context":"https:\/\/schema.org","@graph":[{"@type":"WebPage","@id":"https:\/\/www.psi-polymersystems.com\/es\/about-us\/press-releases\/psi-polymer-systems-inc-s-continuous-screen-changers-perform-flawlessly-for-challenging-food-industry-candy-application-conover-nc-april-8-2014\/","url":"https:\/\/www.psi-polymersystems.com\/es\/about-us\/press-releases\/psi-polymer-systems-inc-s-continuous-screen-changers-perform-flawlessly-for-challenging-food-industry-candy-application-conover-nc-april-8-2014\/","name":"PSI-Polymer Systems Inc.\u2019s Continuous Screen Changers Perform Flawlessly for Challenging Food Industry Candy Application Conover, NC (April 8, 2014) - PSI-Polymer Systems","isPartOf":{"@id":"https:\/\/www.psi-polymersystems.com\/#website"},"datePublished":"2020-09-23T14:17:02+00:00","dateModified":"2020-09-23T14:24:13+00:00","breadcrumb":{"@id":"https:\/\/www.psi-polymersystems.com\/es\/about-us\/press-releases\/psi-polymer-systems-inc-s-continuous-screen-changers-perform-flawlessly-for-challenging-food-industry-candy-application-conover-nc-april-8-2014\/#breadcrumb"},"inLanguage":"es","potentialAction":[{"@type":"ReadAction","target":["https:\/\/www.psi-polymersystems.com\/es\/about-us\/press-releases\/psi-polymer-systems-inc-s-continuous-screen-changers-perform-flawlessly-for-challenging-food-industry-candy-application-conover-nc-april-8-2014\/"]}]},{"@type":"BreadcrumbList","@id":"https:\/\/www.psi-polymersystems.com\/es\/about-us\/press-releases\/psi-polymer-systems-inc-s-continuous-screen-changers-perform-flawlessly-for-challenging-food-industry-candy-application-conover-nc-april-8-2014\/#breadcrumb","itemListElement":[{"@type":"ListItem","position":1,"name":"Home","item":"https:\/\/www.psi-polymersystems.com\/"},{"@type":"ListItem","position":2,"name":"About Us","item":"https:\/\/www.psi-polymersystems.com\/about-us\/"},{"@type":"ListItem","position":3,"name":"Press Releases","item":"https:\/\/www.psi-polymersystems.com\/about-us\/press-releases\/"},{"@type":"ListItem","position":4,"name":"PSI-Polymer Systems Inc.\u2019s Continuous Screen Changers Perform Flawlessly for Challenging Food Industry Candy Application Conover, NC (April 8, 2014)"}]},{"@type":"WebSite","@id":"https:\/\/www.psi-polymersystems.com\/#website","url":"https:\/\/www.psi-polymersystems.com\/","name":"PSI-Polymer Systems","description":"","publisher":{"@id":"https:\/\/www.psi-polymersystems.com\/#organization"},"potentialAction":[{"@type":"SearchAction","target":{"@type":"EntryPoint","urlTemplate":"https:\/\/www.psi-polymersystems.com\/?s={search_term_string}"},"query-input":{"@type":"PropertyValueSpecification","valueRequired":true,"valueName":"search_term_string"}}],"inLanguage":"es"},{"@type":"Organization","@id":"https:\/\/www.psi-polymersystems.com\/#organization","name":"PSI-Polymer Systems, Inc.","url":"https:\/\/www.psi-polymersystems.com\/","logo":{"@type":"ImageObject","inLanguage":"es","@id":"https:\/\/www.psi-polymersystems.com\/#\/schema\/logo\/image\/","url":"","contentUrl":"","caption":"PSI-Polymer Systems, Inc."},"image":{"@id":"https:\/\/www.psi-polymersystems.com\/#\/schema\/logo\/image\/"},"sameAs":["https:\/\/www.facebook.com\/psipolymersystems\/","https:\/\/www.linkedin.com\/showcase\/psi-polymer-systems"]}]}},"_links":{"self":[{"href":"https:\/\/www.psi-polymersystems.com\/es\/wp-json\/wp\/v2\/pages\/6002","targetHints":{"allow":["GET"]}}],"collection":[{"href":"https:\/\/www.psi-polymersystems.com\/es\/wp-json\/wp\/v2\/pages"}],"about":[{"href":"https:\/\/www.psi-polymersystems.com\/es\/wp-json\/wp\/v2\/types\/page"}],"author":[{"embeddable":true,"href":"https:\/\/www.psi-polymersystems.com\/es\/wp-json\/wp\/v2\/users\/2"}],"replies":[{"embeddable":true,"href":"https:\/\/www.psi-polymersystems.com\/es\/wp-json\/wp\/v2\/comments?post=6002"}],"version-history":[{"count":0,"href":"https:\/\/www.psi-polymersystems.com\/es\/wp-json\/wp\/v2\/pages\/6002\/revisions"}],"up":[{"embeddable":true,"href":"https:\/\/www.psi-polymersystems.com\/es\/wp-json\/wp\/v2\/pages\/5833"}],"wp:attachment":[{"href":"https:\/\/www.psi-polymersystems.com\/es\/wp-json\/wp\/v2\/media?parent=6002"}],"curies":[{"name":"wp","href":"https:\/\/api.w.org\/{rel}","templated":true}]}}