{"id":6016,"date":"2020-09-23T14:32:11","date_gmt":"2020-09-23T14:32:11","guid":{"rendered":"https:\/\/psi-polymersystems.com\/?page_id=6016"},"modified":"2020-09-23T14:35:44","modified_gmt":"2020-09-23T14:35:44","slug":"psi-polymer-systems-inc-offers-die-change-solutions-for-foam-extrusion-and-other-applications-conover-nc-august-15-2014","status":"publish","type":"page","link":"https:\/\/www.psi-polymersystems.com\/es\/about-us\/press-releases\/psi-polymer-systems-inc-offers-die-change-solutions-for-foam-extrusion-and-other-applications-conover-nc-august-15-2014\/","title":{"rendered":"PSI-Polymer Systems Inc. ofrece soluciones de cambio de matrices para extrusi\u00f3n de espuma y otras aplicaciones Conover, NC (15 de agosto de 2014)"},"content":{"rendered":"<div data-elementor-type=\"wp-page\" data-elementor-id=\"6016\" class=\"elementor elementor-6016\" data-elementor-post-type=\"page\">\n\t\t\t\t\t\t<section class=\"elementor-section elementor-top-section elementor-element elementor-element-74a677de elementor-section-boxed elementor-section-height-default elementor-section-height-default\" data-id=\"74a677de\" data-element_type=\"section\" data-e-type=\"section\">\n\t\t\t\t\t\t<div class=\"elementor-container elementor-column-gap-default\">\n\t\t\t\t\t<div class=\"elementor-column elementor-col-50 elementor-top-column elementor-element elementor-element-50c2ae4f\" data-id=\"50c2ae4f\" data-element_type=\"column\" data-e-type=\"column\">\n\t\t\t<div class=\"elementor-widget-wrap elementor-element-populated\">\n\t\t\t\t\t\t<div class=\"elementor-element elementor-element-63836dda elementor-widget elementor-widget-heading\" data-id=\"63836dda\" data-element_type=\"widget\" data-e-type=\"widget\" data-widget_type=\"heading.default\">\n\t\t\t\t<div class=\"elementor-widget-container\">\n\t\t\t\t\t<h2 class=\"elementor-heading-title elementor-size-default\">PSI-Polymer Systems Inc. ofrece soluciones de cambio de matrices para extrusi\u00f3n de espuma y otras aplicaciones Conover, NC (15 de agosto de 2014)<\/h2>\t\t\t\t<\/div>\n\t\t\t\t<\/div>\n\t\t\t\t<div class=\"elementor-element elementor-element-778149d6 elementor-widget elementor-widget-text-editor\" data-id=\"778149d6\" data-element_type=\"widget\" data-e-type=\"widget\" data-widget_type=\"text-editor.default\">\n\t\t\t\t<div class=\"elementor-widget-container\">\n\t\t\t\t\t\t\t\t\t<p>PSI-Polymer Systems se enorgullece de crear soluciones innovadoras y de vanguardia para los problemas cotidianos que enfrentan los procesadores. Uno de esos problemas que frustra constantemente a las extrusoras es el tiempo de inactividad asociado con el cambio de matrices. Al cambiar el troquel, puede llevar hasta 8 horas instalar el nuevo, pero en muchos casos solo se necesitan dos minutos para que la estructura de la celda del material extruido se vea comprometida. Una vez que esto sucede, el material debe purgarse del sistema y limpiarse, lo que genera un mantenimiento y tiempo de inactividad no deseados.<\/p><p>PSI Polymer Systems ha desarrollado la soluci\u00f3n. Han modificado sus cambiadores de pantalla para adjuntarles dos troqueles en lugar de solo uno, de modo que cuando uno se caiga, el otro pueda seguir funcionando normalmente. Esta capacidad permite que la extrusora contin\u00fae funcionando incluso mientras se cambia la otra matriz, lo que elimina por completo el tiempo de inactividad debido al cambio de matriz.<\/p><p>Adem\u00e1s, han dise\u00f1ado troqueles con accesorios de rueda que cambian f\u00e1cilmente de uno a otro, lo que permite una flexibilidad mucho mayor. Tambi\u00e9n evita la posibilidad de desalineaci\u00f3n con el equipo posterior al instalar el nuevo troquel, otro problema que podr\u00eda detener todo el proceso. Efectivamente, las soluciones de PSI convierten el proceso de cambio de dado de 2 horas en cuesti\u00f3n de minutos.<\/p><p>En otra aplicaci\u00f3n reciente de extrusi\u00f3n de perfiles para productos de espuma, PSI suministr\u00f3 un desviador de l\u00ednea (bloque &#039;Y&#039;) para reducir el tiempo de inactividad para cambiar de un dado a otro. En esta aplicaci\u00f3n, cada troquel cuenta con capacidad de control de temperatura individual y de apagado, para que puedan controlar las sensibles temperaturas de fusi\u00f3n desde el apagado hasta el inicio. Hay 2 l\u00edneas de enfriamiento (enfriadas por aire) que cambian de una a otra con el desviador de l\u00ednea PSI. Sin esto, el procesador tendr\u00eda que apagarse, cambiar el ensamblaje de la matriz y correr el riesgo de degradaci\u00f3n del material.<\/p><p>\u00a0\u201cCreemos que hemos desarrollado soluciones de cambio de matrices que son \u00fatiles en la extrusi\u00f3n de l\u00e1minas de espuma y en casi cualquier aplicaci\u00f3n de extrusi\u00f3n de perfiles\u201d, dijo Glenn Woodcock, presidente de PSI-Polymer Systems. \u201cEl cambio de matrices crea tiempo de inactividad para cualquier procesador. Esta innovaci\u00f3n de PSI ya est\u00e1 ayudando a muchos de nuestros clientes en la industria a hacer su trabajo mejor y de manera m\u00e1s eficiente \u201d.<\/p>\t\t\t\t\t\t\t\t<\/div>\n\t\t\t\t<\/div>\n\t\t\t\t\t<\/div>\n\t\t<\/div>\n\t\t\t\t<div class=\"elementor-column elementor-col-50 elementor-top-column elementor-element elementor-element-45b911b0\" data-id=\"45b911b0\" data-element_type=\"column\" data-e-type=\"column\">\n\t\t\t<div class=\"elementor-widget-wrap\">\n\t\t\t\t\t\t\t<\/div>\n\t\t<\/div>\n\t\t\t\t\t<\/div>\n\t\t<\/section>\n\t\t\t\t<\/div>","protected":false},"excerpt":{"rendered":"<p>PSI-Polymer Systems Inc. ofrece soluciones de cambio de matrices para extrusi\u00f3n de espuma y otras aplicaciones Conover, NC (15 de agosto de 2014) PSI-Polymer Systems se enorgullece de crear soluciones innovadoras y de vanguardia para los problemas cotidianos que enfrentan los procesadores. Uno de esos problemas que frustra constantemente a las extrusoras es el tiempo de inactividad asociado con el cambio de matrices. Al cambiar el dado, puede tardar hasta [\u2026]<\/p>","protected":false},"author":2,"featured_media":0,"parent":5833,"menu_order":0,"comment_status":"closed","ping_status":"closed","template":"","meta":{"_monsterinsights_skip_tracking":false,"_monsterinsights_sitenote_active":false,"_monsterinsights_sitenote_note":"","_monsterinsights_sitenote_category":0,"footnotes":""},"class_list":["post-6016","page","type-page","status-publish","hentry"],"yoast_head":"<!-- This site is optimized with the Yoast SEO Premium plugin v25.0 (Yoast SEO v25.0) - https:\/\/yoast.com\/wordpress\/plugins\/seo\/ -->\n<title>PSI-Polymer Systems Inc. Offers Die Change Solutions For Foam Extrusion and Other Applications Conover, NC (August 15, 2014) - PSI-Polymer Systems<\/title>\n<meta name=\"robots\" content=\"index, follow, max-snippet:-1, max-image-preview:large, max-video-preview:-1\" \/>\n<link rel=\"canonical\" href=\"https:\/\/www.psi-polymersystems.com\/es\/about-us\/press-releases\/psi-polymer-systems-inc-offers-die-change-solutions-for-foam-extrusion-and-other-applications-conover-nc-august-15-2014\/\" \/>\n<meta property=\"og:locale\" content=\"es_MX\" \/>\n<meta property=\"og:type\" content=\"article\" \/>\n<meta property=\"og:title\" content=\"PSI-Polymer Systems Inc. Offers Die Change Solutions For Foam Extrusion and Other Applications Conover, NC (August 15, 2014)\" \/>\n<meta property=\"og:description\" content=\"PSI-Polymer Systems Inc. Offers Die Change Solutions For Foam Extrusion and Other Applications Conover, NC (August 15, 2014) PSI-Polymer Systems prides\" \/>\n<meta property=\"og:url\" content=\"https:\/\/www.psi-polymersystems.com\/es\/about-us\/press-releases\/psi-polymer-systems-inc-offers-die-change-solutions-for-foam-extrusion-and-other-applications-conover-nc-august-15-2014\/\" \/>\n<meta property=\"og:site_name\" content=\"PSI-Polymer Systems\" \/>\n<meta property=\"article:publisher\" content=\"https:\/\/www.facebook.com\/psipolymersystems\/\" \/>\n<meta property=\"article:modified_time\" content=\"2020-09-23T14:35:44+00:00\" \/>\n<meta name=\"twitter:card\" content=\"summary_large_image\" \/>\n<meta name=\"twitter:label1\" content=\"Tiempo de lectura\" \/>\n\t<meta name=\"twitter:data1\" content=\"2 minutos\" \/>\n<script type=\"application\/ld+json\" class=\"yoast-schema-graph\">{\"@context\":\"https:\/\/schema.org\",\"@graph\":[{\"@type\":\"WebPage\",\"@id\":\"https:\/\/www.psi-polymersystems.com\/es\/about-us\/press-releases\/psi-polymer-systems-inc-offers-die-change-solutions-for-foam-extrusion-and-other-applications-conover-nc-august-15-2014\/\",\"url\":\"https:\/\/www.psi-polymersystems.com\/es\/about-us\/press-releases\/psi-polymer-systems-inc-offers-die-change-solutions-for-foam-extrusion-and-other-applications-conover-nc-august-15-2014\/\",\"name\":\"PSI-Polymer Systems Inc. Offers Die Change Solutions For Foam Extrusion and Other Applications Conover, NC (August 15, 2014) - PSI-Polymer Systems\",\"isPartOf\":{\"@id\":\"https:\/\/www.psi-polymersystems.com\/#website\"},\"datePublished\":\"2020-09-23T14:32:11+00:00\",\"dateModified\":\"2020-09-23T14:35:44+00:00\",\"breadcrumb\":{\"@id\":\"https:\/\/www.psi-polymersystems.com\/es\/about-us\/press-releases\/psi-polymer-systems-inc-offers-die-change-solutions-for-foam-extrusion-and-other-applications-conover-nc-august-15-2014\/#breadcrumb\"},\"inLanguage\":\"es\",\"potentialAction\":[{\"@type\":\"ReadAction\",\"target\":[\"https:\/\/www.psi-polymersystems.com\/es\/about-us\/press-releases\/psi-polymer-systems-inc-offers-die-change-solutions-for-foam-extrusion-and-other-applications-conover-nc-august-15-2014\/\"]}]},{\"@type\":\"BreadcrumbList\",\"@id\":\"https:\/\/www.psi-polymersystems.com\/es\/about-us\/press-releases\/psi-polymer-systems-inc-offers-die-change-solutions-for-foam-extrusion-and-other-applications-conover-nc-august-15-2014\/#breadcrumb\",\"itemListElement\":[{\"@type\":\"ListItem\",\"position\":1,\"name\":\"Home\",\"item\":\"https:\/\/www.psi-polymersystems.com\/\"},{\"@type\":\"ListItem\",\"position\":2,\"name\":\"About Us\",\"item\":\"https:\/\/www.psi-polymersystems.com\/about-us\/\"},{\"@type\":\"ListItem\",\"position\":3,\"name\":\"Press Releases\",\"item\":\"https:\/\/www.psi-polymersystems.com\/about-us\/press-releases\/\"},{\"@type\":\"ListItem\",\"position\":4,\"name\":\"PSI-Polymer Systems Inc. Offers Die Change Solutions For Foam Extrusion and Other Applications Conover, NC (August 15, 2014)\"}]},{\"@type\":\"WebSite\",\"@id\":\"https:\/\/www.psi-polymersystems.com\/#website\",\"url\":\"https:\/\/www.psi-polymersystems.com\/\",\"name\":\"PSI-Polymer Systems\",\"description\":\"\",\"publisher\":{\"@id\":\"https:\/\/www.psi-polymersystems.com\/#organization\"},\"potentialAction\":[{\"@type\":\"SearchAction\",\"target\":{\"@type\":\"EntryPoint\",\"urlTemplate\":\"https:\/\/www.psi-polymersystems.com\/?s={search_term_string}\"},\"query-input\":{\"@type\":\"PropertyValueSpecification\",\"valueRequired\":true,\"valueName\":\"search_term_string\"}}],\"inLanguage\":\"es\"},{\"@type\":\"Organization\",\"@id\":\"https:\/\/www.psi-polymersystems.com\/#organization\",\"name\":\"PSI-Polymer Systems, Inc.\",\"url\":\"https:\/\/www.psi-polymersystems.com\/\",\"logo\":{\"@type\":\"ImageObject\",\"inLanguage\":\"es\",\"@id\":\"https:\/\/www.psi-polymersystems.com\/#\/schema\/logo\/image\/\",\"url\":\"\",\"contentUrl\":\"\",\"caption\":\"PSI-Polymer Systems, Inc.\"},\"image\":{\"@id\":\"https:\/\/www.psi-polymersystems.com\/#\/schema\/logo\/image\/\"},\"sameAs\":[\"https:\/\/www.facebook.com\/psipolymersystems\/\",\"https:\/\/www.linkedin.com\/showcase\/psi-polymer-systems\"]}]}<\/script>\n<!-- \/ Yoast SEO Premium plugin. -->","yoast_head_json":{"title":"PSI-Polymer Systems Inc. Offers Die Change Solutions For Foam Extrusion and Other Applications Conover, NC (August 15, 2014) - PSI-Polymer Systems","robots":{"index":"index","follow":"follow","max-snippet":"max-snippet:-1","max-image-preview":"max-image-preview:large","max-video-preview":"max-video-preview:-1"},"canonical":"https:\/\/www.psi-polymersystems.com\/es\/about-us\/press-releases\/psi-polymer-systems-inc-offers-die-change-solutions-for-foam-extrusion-and-other-applications-conover-nc-august-15-2014\/","og_locale":"es_MX","og_type":"article","og_title":"PSI-Polymer Systems Inc. Offers Die Change Solutions For Foam Extrusion and Other Applications Conover, NC (August 15, 2014)","og_description":"PSI-Polymer Systems Inc. Offers Die Change Solutions For Foam Extrusion and Other Applications Conover, NC (August 15, 2014) PSI-Polymer Systems prides","og_url":"https:\/\/www.psi-polymersystems.com\/es\/about-us\/press-releases\/psi-polymer-systems-inc-offers-die-change-solutions-for-foam-extrusion-and-other-applications-conover-nc-august-15-2014\/","og_site_name":"PSI-Polymer Systems","article_publisher":"https:\/\/www.facebook.com\/psipolymersystems\/","article_modified_time":"2020-09-23T14:35:44+00:00","twitter_card":"summary_large_image","twitter_misc":{"Tiempo de lectura":"2 minutos"},"schema":{"@context":"https:\/\/schema.org","@graph":[{"@type":"WebPage","@id":"https:\/\/www.psi-polymersystems.com\/es\/about-us\/press-releases\/psi-polymer-systems-inc-offers-die-change-solutions-for-foam-extrusion-and-other-applications-conover-nc-august-15-2014\/","url":"https:\/\/www.psi-polymersystems.com\/es\/about-us\/press-releases\/psi-polymer-systems-inc-offers-die-change-solutions-for-foam-extrusion-and-other-applications-conover-nc-august-15-2014\/","name":"PSI-Polymer Systems Inc. Offers Die Change Solutions For Foam Extrusion and Other Applications Conover, NC (August 15, 2014) - PSI-Polymer Systems","isPartOf":{"@id":"https:\/\/www.psi-polymersystems.com\/#website"},"datePublished":"2020-09-23T14:32:11+00:00","dateModified":"2020-09-23T14:35:44+00:00","breadcrumb":{"@id":"https:\/\/www.psi-polymersystems.com\/es\/about-us\/press-releases\/psi-polymer-systems-inc-offers-die-change-solutions-for-foam-extrusion-and-other-applications-conover-nc-august-15-2014\/#breadcrumb"},"inLanguage":"es","potentialAction":[{"@type":"ReadAction","target":["https:\/\/www.psi-polymersystems.com\/es\/about-us\/press-releases\/psi-polymer-systems-inc-offers-die-change-solutions-for-foam-extrusion-and-other-applications-conover-nc-august-15-2014\/"]}]},{"@type":"BreadcrumbList","@id":"https:\/\/www.psi-polymersystems.com\/es\/about-us\/press-releases\/psi-polymer-systems-inc-offers-die-change-solutions-for-foam-extrusion-and-other-applications-conover-nc-august-15-2014\/#breadcrumb","itemListElement":[{"@type":"ListItem","position":1,"name":"Home","item":"https:\/\/www.psi-polymersystems.com\/"},{"@type":"ListItem","position":2,"name":"About Us","item":"https:\/\/www.psi-polymersystems.com\/about-us\/"},{"@type":"ListItem","position":3,"name":"Press Releases","item":"https:\/\/www.psi-polymersystems.com\/about-us\/press-releases\/"},{"@type":"ListItem","position":4,"name":"PSI-Polymer Systems Inc. Offers Die Change Solutions For Foam Extrusion and Other Applications Conover, NC (August 15, 2014)"}]},{"@type":"WebSite","@id":"https:\/\/www.psi-polymersystems.com\/#website","url":"https:\/\/www.psi-polymersystems.com\/","name":"PSI-Polymer Systems","description":"","publisher":{"@id":"https:\/\/www.psi-polymersystems.com\/#organization"},"potentialAction":[{"@type":"SearchAction","target":{"@type":"EntryPoint","urlTemplate":"https:\/\/www.psi-polymersystems.com\/?s={search_term_string}"},"query-input":{"@type":"PropertyValueSpecification","valueRequired":true,"valueName":"search_term_string"}}],"inLanguage":"es"},{"@type":"Organization","@id":"https:\/\/www.psi-polymersystems.com\/#organization","name":"PSI-Polymer Systems, Inc.","url":"https:\/\/www.psi-polymersystems.com\/","logo":{"@type":"ImageObject","inLanguage":"es","@id":"https:\/\/www.psi-polymersystems.com\/#\/schema\/logo\/image\/","url":"","contentUrl":"","caption":"PSI-Polymer Systems, Inc."},"image":{"@id":"https:\/\/www.psi-polymersystems.com\/#\/schema\/logo\/image\/"},"sameAs":["https:\/\/www.facebook.com\/psipolymersystems\/","https:\/\/www.linkedin.com\/showcase\/psi-polymer-systems"]}]}},"_links":{"self":[{"href":"https:\/\/www.psi-polymersystems.com\/es\/wp-json\/wp\/v2\/pages\/6016","targetHints":{"allow":["GET"]}}],"collection":[{"href":"https:\/\/www.psi-polymersystems.com\/es\/wp-json\/wp\/v2\/pages"}],"about":[{"href":"https:\/\/www.psi-polymersystems.com\/es\/wp-json\/wp\/v2\/types\/page"}],"author":[{"embeddable":true,"href":"https:\/\/www.psi-polymersystems.com\/es\/wp-json\/wp\/v2\/users\/2"}],"replies":[{"embeddable":true,"href":"https:\/\/www.psi-polymersystems.com\/es\/wp-json\/wp\/v2\/comments?post=6016"}],"version-history":[{"count":0,"href":"https:\/\/www.psi-polymersystems.com\/es\/wp-json\/wp\/v2\/pages\/6016\/revisions"}],"up":[{"embeddable":true,"href":"https:\/\/www.psi-polymersystems.com\/es\/wp-json\/wp\/v2\/pages\/5833"}],"wp:attachment":[{"href":"https:\/\/www.psi-polymersystems.com\/es\/wp-json\/wp\/v2\/media?parent=6016"}],"curies":[{"name":"wp","href":"https:\/\/api.w.org\/{rel}","templated":true}]}}