{"id":6022,"date":"2020-09-23T14:39:24","date_gmt":"2020-09-23T14:39:24","guid":{"rendered":"https:\/\/psi-polymersystems.com\/?page_id=6022"},"modified":"2020-09-23T14:41:06","modified_gmt":"2020-09-23T14:41:06","slug":"psi-polymer-systems-inc-s-new-3-way-divert-valve-technology-ideal-for-numerous-extrusion-processing-functions-conover-nc-october-16-2013","status":"publish","type":"page","link":"https:\/\/www.psi-polymersystems.com\/es\/about-us\/press-releases\/psi-polymer-systems-inc-s-new-3-way-divert-valve-technology-ideal-for-numerous-extrusion-processing-functions-conover-nc-october-16-2013\/","title":{"rendered":"Nueva tecnolog\u00eda de v\u00e1lvula de desv\u00edo de 3 v\u00edas de PSI-Polymer Systems Inc. ideal para numerosas funciones de procesamiento de extrusi\u00f3n Conover, NC (16 de octubre de 2013)"},"content":{"rendered":"<div data-elementor-type=\"wp-page\" data-elementor-id=\"6022\" class=\"elementor elementor-6022\" data-elementor-post-type=\"page\">\n\t\t\t\t\t\t<section class=\"elementor-section elementor-top-section elementor-element elementor-element-5966c7ff elementor-section-boxed elementor-section-height-default elementor-section-height-default\" data-id=\"5966c7ff\" data-element_type=\"section\" data-e-type=\"section\">\n\t\t\t\t\t\t<div class=\"elementor-container elementor-column-gap-default\">\n\t\t\t\t\t<div class=\"elementor-column elementor-col-50 elementor-top-column elementor-element elementor-element-36dd271b\" data-id=\"36dd271b\" data-element_type=\"column\" data-e-type=\"column\">\n\t\t\t<div class=\"elementor-widget-wrap elementor-element-populated\">\n\t\t\t\t\t\t<div class=\"elementor-element elementor-element-440ae3d4 elementor-widget elementor-widget-heading\" data-id=\"440ae3d4\" data-element_type=\"widget\" data-e-type=\"widget\" data-widget_type=\"heading.default\">\n\t\t\t\t<div class=\"elementor-widget-container\">\n\t\t\t\t\t<h2 class=\"elementor-heading-title elementor-size-default\">Nueva tecnolog\u00eda de v\u00e1lvula de desv\u00edo de 3 v\u00edas de PSI-Polymer Systems Inc. ideal para numerosas funciones de procesamiento de extrusi\u00f3n Conover, NC (16 de octubre de 2013) <\/h2>\t\t\t\t<\/div>\n\t\t\t\t<\/div>\n\t\t\t\t<div class=\"elementor-element elementor-element-46273e41 elementor-widget elementor-widget-text-editor\" data-id=\"46273e41\" data-element_type=\"widget\" data-e-type=\"widget\" data-widget_type=\"text-editor.default\">\n\t\t\t\t<div class=\"elementor-widget-container\">\n\t\t\t\t\t\t\t\t\t<p>PSI-Polymer Systems ha introducido recientemente dos nuevos dise\u00f1os de v\u00e1lvulas de desv\u00edo de pol\u00edmero. El primer dise\u00f1o es un nuevo filtro de combinaci\u00f3n. <em>yo <\/em>v\u00e1lvula de desv\u00edo (DIV-F), dise\u00f1ada principalmente para aplicaciones de laboratorio, pero tambi\u00e9n adecuada para operaciones a gran escala. El segundo es una combinaci\u00f3n AB muere <em>yo <\/em>v\u00e1lvula de desv\u00edo (DIV-3X) utilizada para dirigir el material a m\u00faltiples matrices o directamente al piso para purgarlo.\u00a0<\/p><p>En la mayor\u00eda de las v\u00e1lvulas de desv\u00edo hay dos posiciones est\u00e1ndar mecanizadas en un perno vertical (pist\u00f3n). En la posici\u00f3n de desv\u00edo, el pol\u00edmero se dirige al suelo. En la posici\u00f3n en l\u00ednea, el pol\u00edmero fluye directamente a trav\u00e9s del perno hacia la matriz. Cuando est\u00e1 en modo de desv\u00edo, para proteger contra la degradaci\u00f3n y enfriamiento del pol\u00edmero, el orificio pasante normalmente est\u00e1 encapsulado dentro del alojamiento de la v\u00e1lvula de desv\u00edo.<\/p><p>Filtro de combinaci\u00f3n de PSI <em>yo <\/em>La v\u00e1lvula de desv\u00edo (DIV-F) introduce una placa de ruptura con un paquete de filtro en la posici\u00f3n normal del orificio pasante. Este dise\u00f1o rentable elimina la necesidad de un cambiador de mallas y adaptadores y es ideal para aplicaciones como la granulaci\u00f3n bajo el agua, donde se requiere un flujo instant\u00e1neo al troquel y el espacio es demasiado limitado para acomodar un cambiador de mallas para proteger el troquel. El DIV-F tambi\u00e9n es muy adecuado para procesos por lotes como aplicaciones de fusi\u00f3n en caliente, donde el filtro generalmente se cambia al final de una corrida.<\/p><p>Para permitir cambios de pantalla, PSI extendi\u00f3 la longitud del perno y agreg\u00f3 un cilindro m\u00e1s largo. En el modo en l\u00ednea, el orificio pasante y el filtro est\u00e1n directamente en la corriente de fusi\u00f3n. En el modo de desv\u00edo, la unidad funciona de manera similar a otras v\u00e1lvulas de desv\u00edo, encapsulando el orificio pasante y el filtro dentro del cuerpo. Al cambiar el paquete de cribas, el orificio pasante cambia a un modo fuera de l\u00ednea donde \u00e9l y la placa del interruptor se mueven hacia arriba y hacia afuera de la carcasa. En esta posici\u00f3n, una ventilaci\u00f3n, maquinada en el perno, se comunica con el puerto de desv\u00edo para permitir que cualquier pol\u00edmero presurizado en la cabeza escape al piso. La posici\u00f3n de cambio de pantalla permite que el pol\u00edmero se desv\u00ede a toda velocidad, sin embargo, la mayor\u00eda de los procesadores generalmente preferir\u00edan ralentizar la l\u00ednea o cambiar el filtro con el proceso fuera de l\u00ednea mientras la extrusora est\u00e1 en reposo o inactiva.<\/p><p>El otro nuevo desarrollo de PSI, la vers\u00e1til v\u00e1lvula de desv\u00edo AB (DIV-3X), proporciona un control y una funcionalidad mejorados para las l\u00edneas dedicadas a m\u00faltiples procesos, por ejemplo, una aplicaci\u00f3n de HMA en la que se utiliza una sola l\u00ednea para alternar entre la granulaci\u00f3n y la producci\u00f3n de almohadillas adhesivas. Procesos como el perfil extruido tambi\u00e9n encontrar\u00edan este producto extremadamente valioso, ya que puede cambiar instant\u00e1neamente entre dos troqueles de perfil que son alimentados por una sola extrusora que alimenta equipos independientes de enfriamiento y corte.<\/p><p>El DIV-3X se suministra con una v\u00e1lvula de 3 v\u00edas que dirige el flujo a uno de los dos orificios de flujo del proceso oa una posici\u00f3n de desv\u00edo que dirige el pol\u00edmero a trav\u00e9s de un puerto de descarga.<\/p><p>Ambos dise\u00f1os de v\u00e1lvulas de desv\u00edo usan un perno en lugar de una placa deslizante y utilizan un dise\u00f1o de perno sin fugas sin sello mec\u00e1nico. \u00a0<\/p><p>La nueva v\u00e1lvula de 3 v\u00edas puede ser particularmente \u00fatil para aplicaciones donde la sincronizaci\u00f3n necesaria para coordinar la secuencia de flujo de material debe ser perfecta. La v\u00e1lvula de desv\u00edo de 3 v\u00edas se puede personalizar f\u00e1cilmente y permite a los operadores controlar la secuencia de sincronizaci\u00f3n \u00f3ptima.<\/p><p>\u201cNuestras v\u00e1lvulas de desv\u00edo son uno de los auxiliares m\u00e1s innovadores y universalmente \u00fatiles que hemos desarrollado aqu\u00ed en PSI\u201d, dijo Don Macnamara, Gerente General de PSI-Polymer Systems. &quot;Las ventajas de ambos dise\u00f1os son evidentes para cualquiera que haya usado uno de estos dispositivos antes, y los recomendamos a cualquier mezclador, peletizador o productor de resina al que vendamos equipos&quot;.<\/p>\t\t\t\t\t\t\t\t<\/div>\n\t\t\t\t<\/div>\n\t\t\t\t\t<\/div>\n\t\t<\/div>\n\t\t\t\t<div class=\"elementor-column elementor-col-50 elementor-top-column elementor-element elementor-element-25e365c6\" data-id=\"25e365c6\" data-element_type=\"column\" data-e-type=\"column\">\n\t\t\t<div class=\"elementor-widget-wrap\">\n\t\t\t\t\t\t\t<\/div>\n\t\t<\/div>\n\t\t\t\t\t<\/div>\n\t\t<\/section>\n\t\t\t\t<\/div>","protected":false},"excerpt":{"rendered":"<p>La nueva tecnolog\u00eda de v\u00e1lvula de desv\u00edo de 3 v\u00edas de PSI-Polymer Systems Inc. es ideal para numerosas funciones de procesamiento de extrusi\u00f3n Conover, NC (16 de octubre de 2013) PSI-Polymer Systems ha presentado recientemente dos nuevos dise\u00f1os de v\u00e1lvulas de desv\u00edo de pol\u00edmero. El primer dise\u00f1o es una nueva v\u00e1lvula de desv\u00edo de filtro combinado I (DIV-F), dise\u00f1ada principalmente para aplicaciones de laboratorio, pero tambi\u00e9n adecuada para operaciones a mayor escala. [\u2026]<\/p>","protected":false},"author":2,"featured_media":0,"parent":5833,"menu_order":0,"comment_status":"closed","ping_status":"closed","template":"","meta":{"_monsterinsights_skip_tracking":false,"_monsterinsights_sitenote_active":false,"_monsterinsights_sitenote_note":"","_monsterinsights_sitenote_category":0,"footnotes":""},"class_list":["post-6022","page","type-page","status-publish","hentry"],"yoast_head":"<!-- This site is optimized with the Yoast SEO Premium plugin v25.0 (Yoast SEO v25.0) - https:\/\/yoast.com\/wordpress\/plugins\/seo\/ -->\n<title>PSI-Polymer Systems Inc.\u2019s New 3-Way Divert Valve Technology Ideal for Numerous Extrusion Processing Functions Conover, NC (October 16, 2013) - PSI-Polymer Systems<\/title>\n<meta name=\"robots\" content=\"index, follow, max-snippet:-1, max-image-preview:large, max-video-preview:-1\" \/>\n<link rel=\"canonical\" href=\"https:\/\/www.psi-polymersystems.com\/es\/about-us\/press-releases\/psi-polymer-systems-inc-s-new-3-way-divert-valve-technology-ideal-for-numerous-extrusion-processing-functions-conover-nc-october-16-2013\/\" \/>\n<meta property=\"og:locale\" content=\"es_MX\" \/>\n<meta property=\"og:type\" content=\"article\" \/>\n<meta property=\"og:title\" content=\"PSI-Polymer Systems Inc.\u2019s New 3-Way Divert Valve Technology Ideal for Numerous Extrusion Processing Functions Conover, NC (October 16, 2013)\" \/>\n<meta property=\"og:description\" content=\"PSI-Polymer Systems Inc.\u2019s New 3-Way Divert Valve Technology Ideal for Numerous Extrusion Processing Functions Conover, NC (October 16, 2013) PSI-Polymer\" \/>\n<meta property=\"og:url\" content=\"https:\/\/www.psi-polymersystems.com\/es\/about-us\/press-releases\/psi-polymer-systems-inc-s-new-3-way-divert-valve-technology-ideal-for-numerous-extrusion-processing-functions-conover-nc-october-16-2013\/\" \/>\n<meta property=\"og:site_name\" content=\"PSI-Polymer Systems\" \/>\n<meta property=\"article:publisher\" content=\"https:\/\/www.facebook.com\/psipolymersystems\/\" \/>\n<meta property=\"article:modified_time\" content=\"2020-09-23T14:41:06+00:00\" \/>\n<meta name=\"twitter:card\" content=\"summary_large_image\" \/>\n<meta name=\"twitter:label1\" content=\"Tiempo de lectura\" \/>\n\t<meta name=\"twitter:data1\" content=\"3 minutos\" \/>\n<script type=\"application\/ld+json\" class=\"yoast-schema-graph\">{\"@context\":\"https:\/\/schema.org\",\"@graph\":[{\"@type\":\"WebPage\",\"@id\":\"https:\/\/www.psi-polymersystems.com\/es\/about-us\/press-releases\/psi-polymer-systems-inc-s-new-3-way-divert-valve-technology-ideal-for-numerous-extrusion-processing-functions-conover-nc-october-16-2013\/\",\"url\":\"https:\/\/www.psi-polymersystems.com\/es\/about-us\/press-releases\/psi-polymer-systems-inc-s-new-3-way-divert-valve-technology-ideal-for-numerous-extrusion-processing-functions-conover-nc-october-16-2013\/\",\"name\":\"PSI-Polymer Systems Inc.\u2019s New 3-Way Divert Valve Technology Ideal for Numerous Extrusion Processing Functions Conover, NC (October 16, 2013) - PSI-Polymer Systems\",\"isPartOf\":{\"@id\":\"https:\/\/www.psi-polymersystems.com\/#website\"},\"datePublished\":\"2020-09-23T14:39:24+00:00\",\"dateModified\":\"2020-09-23T14:41:06+00:00\",\"breadcrumb\":{\"@id\":\"https:\/\/www.psi-polymersystems.com\/es\/about-us\/press-releases\/psi-polymer-systems-inc-s-new-3-way-divert-valve-technology-ideal-for-numerous-extrusion-processing-functions-conover-nc-october-16-2013\/#breadcrumb\"},\"inLanguage\":\"es\",\"potentialAction\":[{\"@type\":\"ReadAction\",\"target\":[\"https:\/\/www.psi-polymersystems.com\/es\/about-us\/press-releases\/psi-polymer-systems-inc-s-new-3-way-divert-valve-technology-ideal-for-numerous-extrusion-processing-functions-conover-nc-october-16-2013\/\"]}]},{\"@type\":\"BreadcrumbList\",\"@id\":\"https:\/\/www.psi-polymersystems.com\/es\/about-us\/press-releases\/psi-polymer-systems-inc-s-new-3-way-divert-valve-technology-ideal-for-numerous-extrusion-processing-functions-conover-nc-october-16-2013\/#breadcrumb\",\"itemListElement\":[{\"@type\":\"ListItem\",\"position\":1,\"name\":\"Home\",\"item\":\"https:\/\/www.psi-polymersystems.com\/\"},{\"@type\":\"ListItem\",\"position\":2,\"name\":\"About Us\",\"item\":\"https:\/\/www.psi-polymersystems.com\/about-us\/\"},{\"@type\":\"ListItem\",\"position\":3,\"name\":\"Press Releases\",\"item\":\"https:\/\/www.psi-polymersystems.com\/about-us\/press-releases\/\"},{\"@type\":\"ListItem\",\"position\":4,\"name\":\"PSI-Polymer Systems Inc.\u2019s New 3-Way Divert Valve Technology Ideal for Numerous Extrusion Processing Functions Conover, NC (October 16, 2013)\"}]},{\"@type\":\"WebSite\",\"@id\":\"https:\/\/www.psi-polymersystems.com\/#website\",\"url\":\"https:\/\/www.psi-polymersystems.com\/\",\"name\":\"PSI-Polymer Systems\",\"description\":\"\",\"publisher\":{\"@id\":\"https:\/\/www.psi-polymersystems.com\/#organization\"},\"potentialAction\":[{\"@type\":\"SearchAction\",\"target\":{\"@type\":\"EntryPoint\",\"urlTemplate\":\"https:\/\/www.psi-polymersystems.com\/?s={search_term_string}\"},\"query-input\":{\"@type\":\"PropertyValueSpecification\",\"valueRequired\":true,\"valueName\":\"search_term_string\"}}],\"inLanguage\":\"es\"},{\"@type\":\"Organization\",\"@id\":\"https:\/\/www.psi-polymersystems.com\/#organization\",\"name\":\"PSI-Polymer Systems, Inc.\",\"url\":\"https:\/\/www.psi-polymersystems.com\/\",\"logo\":{\"@type\":\"ImageObject\",\"inLanguage\":\"es\",\"@id\":\"https:\/\/www.psi-polymersystems.com\/#\/schema\/logo\/image\/\",\"url\":\"\",\"contentUrl\":\"\",\"caption\":\"PSI-Polymer Systems, Inc.\"},\"image\":{\"@id\":\"https:\/\/www.psi-polymersystems.com\/#\/schema\/logo\/image\/\"},\"sameAs\":[\"https:\/\/www.facebook.com\/psipolymersystems\/\",\"https:\/\/www.linkedin.com\/showcase\/psi-polymer-systems\"]}]}<\/script>\n<!-- \/ Yoast SEO Premium plugin. -->","yoast_head_json":{"title":"PSI-Polymer Systems Inc.\u2019s New 3-Way Divert Valve Technology Ideal for Numerous Extrusion Processing Functions Conover, NC (October 16, 2013) - PSI-Polymer Systems","robots":{"index":"index","follow":"follow","max-snippet":"max-snippet:-1","max-image-preview":"max-image-preview:large","max-video-preview":"max-video-preview:-1"},"canonical":"https:\/\/www.psi-polymersystems.com\/es\/about-us\/press-releases\/psi-polymer-systems-inc-s-new-3-way-divert-valve-technology-ideal-for-numerous-extrusion-processing-functions-conover-nc-october-16-2013\/","og_locale":"es_MX","og_type":"article","og_title":"PSI-Polymer Systems Inc.\u2019s New 3-Way Divert Valve Technology Ideal for Numerous Extrusion Processing Functions Conover, NC (October 16, 2013)","og_description":"PSI-Polymer Systems Inc.\u2019s New 3-Way Divert Valve Technology Ideal for Numerous Extrusion Processing Functions Conover, NC (October 16, 2013) PSI-Polymer","og_url":"https:\/\/www.psi-polymersystems.com\/es\/about-us\/press-releases\/psi-polymer-systems-inc-s-new-3-way-divert-valve-technology-ideal-for-numerous-extrusion-processing-functions-conover-nc-october-16-2013\/","og_site_name":"PSI-Polymer Systems","article_publisher":"https:\/\/www.facebook.com\/psipolymersystems\/","article_modified_time":"2020-09-23T14:41:06+00:00","twitter_card":"summary_large_image","twitter_misc":{"Tiempo de lectura":"3 minutos"},"schema":{"@context":"https:\/\/schema.org","@graph":[{"@type":"WebPage","@id":"https:\/\/www.psi-polymersystems.com\/es\/about-us\/press-releases\/psi-polymer-systems-inc-s-new-3-way-divert-valve-technology-ideal-for-numerous-extrusion-processing-functions-conover-nc-october-16-2013\/","url":"https:\/\/www.psi-polymersystems.com\/es\/about-us\/press-releases\/psi-polymer-systems-inc-s-new-3-way-divert-valve-technology-ideal-for-numerous-extrusion-processing-functions-conover-nc-october-16-2013\/","name":"PSI-Polymer Systems Inc.\u2019s New 3-Way Divert Valve Technology Ideal for Numerous Extrusion Processing Functions Conover, NC (October 16, 2013) - PSI-Polymer Systems","isPartOf":{"@id":"https:\/\/www.psi-polymersystems.com\/#website"},"datePublished":"2020-09-23T14:39:24+00:00","dateModified":"2020-09-23T14:41:06+00:00","breadcrumb":{"@id":"https:\/\/www.psi-polymersystems.com\/es\/about-us\/press-releases\/psi-polymer-systems-inc-s-new-3-way-divert-valve-technology-ideal-for-numerous-extrusion-processing-functions-conover-nc-october-16-2013\/#breadcrumb"},"inLanguage":"es","potentialAction":[{"@type":"ReadAction","target":["https:\/\/www.psi-polymersystems.com\/es\/about-us\/press-releases\/psi-polymer-systems-inc-s-new-3-way-divert-valve-technology-ideal-for-numerous-extrusion-processing-functions-conover-nc-october-16-2013\/"]}]},{"@type":"BreadcrumbList","@id":"https:\/\/www.psi-polymersystems.com\/es\/about-us\/press-releases\/psi-polymer-systems-inc-s-new-3-way-divert-valve-technology-ideal-for-numerous-extrusion-processing-functions-conover-nc-october-16-2013\/#breadcrumb","itemListElement":[{"@type":"ListItem","position":1,"name":"Home","item":"https:\/\/www.psi-polymersystems.com\/"},{"@type":"ListItem","position":2,"name":"About Us","item":"https:\/\/www.psi-polymersystems.com\/about-us\/"},{"@type":"ListItem","position":3,"name":"Press Releases","item":"https:\/\/www.psi-polymersystems.com\/about-us\/press-releases\/"},{"@type":"ListItem","position":4,"name":"PSI-Polymer Systems Inc.\u2019s New 3-Way Divert Valve Technology Ideal for Numerous Extrusion Processing Functions Conover, NC (October 16, 2013)"}]},{"@type":"WebSite","@id":"https:\/\/www.psi-polymersystems.com\/#website","url":"https:\/\/www.psi-polymersystems.com\/","name":"PSI-Polymer Systems","description":"","publisher":{"@id":"https:\/\/www.psi-polymersystems.com\/#organization"},"potentialAction":[{"@type":"SearchAction","target":{"@type":"EntryPoint","urlTemplate":"https:\/\/www.psi-polymersystems.com\/?s={search_term_string}"},"query-input":{"@type":"PropertyValueSpecification","valueRequired":true,"valueName":"search_term_string"}}],"inLanguage":"es"},{"@type":"Organization","@id":"https:\/\/www.psi-polymersystems.com\/#organization","name":"PSI-Polymer Systems, Inc.","url":"https:\/\/www.psi-polymersystems.com\/","logo":{"@type":"ImageObject","inLanguage":"es","@id":"https:\/\/www.psi-polymersystems.com\/#\/schema\/logo\/image\/","url":"","contentUrl":"","caption":"PSI-Polymer Systems, Inc."},"image":{"@id":"https:\/\/www.psi-polymersystems.com\/#\/schema\/logo\/image\/"},"sameAs":["https:\/\/www.facebook.com\/psipolymersystems\/","https:\/\/www.linkedin.com\/showcase\/psi-polymer-systems"]}]}},"_links":{"self":[{"href":"https:\/\/www.psi-polymersystems.com\/es\/wp-json\/wp\/v2\/pages\/6022","targetHints":{"allow":["GET"]}}],"collection":[{"href":"https:\/\/www.psi-polymersystems.com\/es\/wp-json\/wp\/v2\/pages"}],"about":[{"href":"https:\/\/www.psi-polymersystems.com\/es\/wp-json\/wp\/v2\/types\/page"}],"author":[{"embeddable":true,"href":"https:\/\/www.psi-polymersystems.com\/es\/wp-json\/wp\/v2\/users\/2"}],"replies":[{"embeddable":true,"href":"https:\/\/www.psi-polymersystems.com\/es\/wp-json\/wp\/v2\/comments?post=6022"}],"version-history":[{"count":0,"href":"https:\/\/www.psi-polymersystems.com\/es\/wp-json\/wp\/v2\/pages\/6022\/revisions"}],"up":[{"embeddable":true,"href":"https:\/\/www.psi-polymersystems.com\/es\/wp-json\/wp\/v2\/pages\/5833"}],"wp:attachment":[{"href":"https:\/\/www.psi-polymersystems.com\/es\/wp-json\/wp\/v2\/media?parent=6022"}],"curies":[{"name":"wp","href":"https:\/\/api.w.org\/{rel}","templated":true}]}}