{"id":6027,"date":"2020-09-23T14:43:40","date_gmt":"2020-09-23T14:43:40","guid":{"rendered":"https:\/\/psi-polymersystems.com\/?page_id=6027"},"modified":"2020-09-23T14:44:32","modified_gmt":"2020-09-23T14:44:32","slug":"psi-polymer-systems-inc-s-new-lip-seal-provides-gear-pump-leak-free-performance-for-viscosities-as-low-as-100-centipoise-conover-nc-october-16-2013","status":"publish","type":"page","link":"https:\/\/www.psi-polymersystems.com\/es\/about-us\/press-releases\/psi-polymer-systems-inc-s-new-lip-seal-provides-gear-pump-leak-free-performance-for-viscosities-as-low-as-100-centipoise-conover-nc-october-16-2013\/","title":{"rendered":"El nuevo sello de labios de PSI-Polymer Systems Inc. proporciona un rendimiento sin fugas de la bomba de engranajes para viscosidades tan bajas como 100 centipoise Conover, NC (16 de octubre de 2013"},"content":{"rendered":"<div data-elementor-type=\"wp-page\" data-elementor-id=\"6027\" class=\"elementor elementor-6027\" data-elementor-post-type=\"page\">\n\t\t\t\t\t\t<section class=\"elementor-section elementor-top-section elementor-element elementor-element-75e6ddd5 elementor-section-boxed elementor-section-height-default elementor-section-height-default\" data-id=\"75e6ddd5\" data-element_type=\"section\" data-e-type=\"section\">\n\t\t\t\t\t\t<div class=\"elementor-container elementor-column-gap-default\">\n\t\t\t\t\t<div class=\"elementor-column elementor-col-50 elementor-top-column elementor-element elementor-element-55c2e91e\" data-id=\"55c2e91e\" data-element_type=\"column\" data-e-type=\"column\">\n\t\t\t<div class=\"elementor-widget-wrap elementor-element-populated\">\n\t\t\t\t\t\t<div class=\"elementor-element elementor-element-7a78d241 elementor-widget elementor-widget-heading\" data-id=\"7a78d241\" data-element_type=\"widget\" data-e-type=\"widget\" data-widget_type=\"heading.default\">\n\t\t\t\t<div class=\"elementor-widget-container\">\n\t\t\t\t\t<h2 class=\"elementor-heading-title elementor-size-default\">El nuevo sello de labios de PSI-Polymer Systems Inc. proporciona un rendimiento sin fugas de la bomba de engranajes para viscosidades tan bajas como 100 centipoise Conover, NC (16 de octubre de 2013) <\/h2>\t\t\t\t<\/div>\n\t\t\t\t<\/div>\n\t\t\t\t<div class=\"elementor-element elementor-element-1dc1f83f elementor-widget elementor-widget-text-editor\" data-id=\"1dc1f83f\" data-element_type=\"widget\" data-e-type=\"widget\" data-widget_type=\"text-editor.default\">\n\t\t\t\t<div class=\"elementor-widget-container\">\n\t\t\t\t\t\t\t\t\t<p>Desde su fundaci\u00f3n, PSI-Polymer Systems Inc. ha sido pionera en alejarse de los sellos tradicionales de acero inoxidable en las bombas de engranajes, para crear un sello m\u00e1s confiable, inmune al da\u00f1o catastr\u00f3fico que normalmente puede ocurrir si el material entra en contacto con el eje del engranaje de acero. . Al igual que con los sellos de acero, el sello de bronce para cojinetes de la compa\u00f1\u00eda se basa en la viscosidad del material para crear un sello entre las ranuras del sello y el eje del engranaje. Sin embargo, algunos materiales, como los recubrimientos de muy baja viscosidad, PP, HMA de alto punto de fusi\u00f3n, etc., tienen viscosidades tan cercanas al agua que el material escapar\u00e1 a trav\u00e9s de un sello est\u00e1ndar. En estos casos, la soluci\u00f3n tradicional siempre ha sido la adici\u00f3n de un prensaestopas, que requiere un mantenimiento ocasional para apretar el prensaestopas contra el eje del engranaje giratorio cuando el sello comienza a tener fugas.<\/p><p>Para estas aplicaciones de viscosidad extremadamente baja (100-250.000 centipoise), PSI ha creado un nuevo &quot;sello de labios&quot; para sus bombas de engranajes que elimina eficazmente las fugas y el mantenimiento del prensaestopas. Este sello de labio incluye una placa en el extremo del sello que bloquea los anillos del sello del empaque, haciendo que el sello sea herm\u00e9tico tanto interna como externamente. Cualquier material que migre a trav\u00e9s del sello fluir\u00e1 primero al empaque, luego al nuevo cartucho del sello de labios y finalmente a la &#039;placa seguidora&#039; que est\u00e1 sellada con una junta t\u00f3rica. Estos tres componentes se combinan para eliminar fugas incluso de materiales de viscosidad extremadamente baja. Para aplicaciones en las que la bomba de engranajes necesita hacer vac\u00edo, la opci\u00f3n de sello de doble labio es la soluci\u00f3n perfecta.<\/p><p>\u00a0\u201cEl sello de labio es otro paso en la evoluci\u00f3n de un proceso que comenzamos hace mucho tiempo en PSI para alejarnos de las fallas en los sellos causadas por el acero\u201d, dijo Glenn Woodcock, presidente de PSI-Polymer Systems. &quot;Esta nueva iteraci\u00f3n es un salto adelante en la tecnolog\u00eda de sellado sin mantenimiento, que permite que pr\u00e1cticamente cualquier viscosidad forme sellos efectivos mientras se evita el alto costo y mantenimiento de los sellos mec\u00e1nicos&quot;.<\/p><p>PSI proporcionar\u00e1 el nuevo dise\u00f1o de sello de labio para materiales de viscosidad extremadamente baja, pero hay otras opciones de sello disponibles seg\u00fan el material espec\u00edfico que se procese.\u00a0<\/p>\t\t\t\t\t\t\t\t<\/div>\n\t\t\t\t<\/div>\n\t\t\t\t\t<\/div>\n\t\t<\/div>\n\t\t\t\t<div class=\"elementor-column elementor-col-50 elementor-top-column elementor-element elementor-element-5f27eebc\" data-id=\"5f27eebc\" data-element_type=\"column\" data-e-type=\"column\">\n\t\t\t<div class=\"elementor-widget-wrap\">\n\t\t\t\t\t\t\t<\/div>\n\t\t<\/div>\n\t\t\t\t\t<\/div>\n\t\t<\/section>\n\t\t\t\t<\/div>","protected":false},"excerpt":{"rendered":"<p>El nuevo sello de labios de PSI-Polymer Systems Inc. proporciona un rendimiento sin fugas de la bomba de engranajes para viscosidades tan bajas como 100 centipoise Conover, NC (16 de octubre de 2013) Desde su fundaci\u00f3n, PSI-Polymer Systems Inc. ha sido pionera en alejarse de sellos tradicionales de acero inoxidable en bombas de engranajes, para crear un sello m\u00e1s confiable, inmune al da\u00f1o catastr\u00f3fico que puede [\u2026]<\/p>","protected":false},"author":2,"featured_media":0,"parent":5833,"menu_order":0,"comment_status":"closed","ping_status":"closed","template":"","meta":{"_monsterinsights_skip_tracking":false,"_monsterinsights_sitenote_active":false,"_monsterinsights_sitenote_note":"","_monsterinsights_sitenote_category":0,"footnotes":""},"class_list":["post-6027","page","type-page","status-publish","hentry"],"yoast_head":"<!-- This site is optimized with the Yoast SEO Premium plugin v25.0 (Yoast SEO v25.0) - https:\/\/yoast.com\/wordpress\/plugins\/seo\/ -->\n<title>PSI-Polymer Systems Inc.\u2019s New Lip Seal Provides Gear Pump Leak-Free Performance for Viscosities as Low as 100 Centipoise Conover, NC (October 16, 2013 - PSI-Polymer Systems<\/title>\n<meta name=\"robots\" content=\"index, follow, max-snippet:-1, max-image-preview:large, max-video-preview:-1\" \/>\n<link rel=\"canonical\" href=\"https:\/\/www.psi-polymersystems.com\/es\/about-us\/press-releases\/psi-polymer-systems-inc-s-new-lip-seal-provides-gear-pump-leak-free-performance-for-viscosities-as-low-as-100-centipoise-conover-nc-october-16-2013\/\" \/>\n<meta property=\"og:locale\" content=\"es_MX\" \/>\n<meta property=\"og:type\" content=\"article\" \/>\n<meta property=\"og:title\" content=\"PSI-Polymer Systems Inc.\u2019s New Lip Seal Provides Gear Pump Leak-Free Performance for Viscosities as Low as 100 Centipoise Conover, NC (October 16, 2013\" \/>\n<meta property=\"og:description\" content=\"PSI-Polymer Systems Inc.\u2019s New Lip Seal Provides Gear Pump Leak-Free Performance for Viscosities as Low as 100 Centipoise Conover, NC (October 16, 2013)\" \/>\n<meta property=\"og:url\" content=\"https:\/\/www.psi-polymersystems.com\/es\/about-us\/press-releases\/psi-polymer-systems-inc-s-new-lip-seal-provides-gear-pump-leak-free-performance-for-viscosities-as-low-as-100-centipoise-conover-nc-october-16-2013\/\" \/>\n<meta property=\"og:site_name\" content=\"PSI-Polymer Systems\" \/>\n<meta property=\"article:publisher\" content=\"https:\/\/www.facebook.com\/psipolymersystems\/\" \/>\n<meta property=\"article:modified_time\" content=\"2020-09-23T14:44:32+00:00\" \/>\n<meta name=\"twitter:card\" content=\"summary_large_image\" \/>\n<meta name=\"twitter:label1\" content=\"Tiempo de lectura\" \/>\n\t<meta name=\"twitter:data1\" content=\"2 minutos\" \/>\n<script type=\"application\/ld+json\" class=\"yoast-schema-graph\">{\"@context\":\"https:\/\/schema.org\",\"@graph\":[{\"@type\":\"WebPage\",\"@id\":\"https:\/\/www.psi-polymersystems.com\/es\/about-us\/press-releases\/psi-polymer-systems-inc-s-new-lip-seal-provides-gear-pump-leak-free-performance-for-viscosities-as-low-as-100-centipoise-conover-nc-october-16-2013\/\",\"url\":\"https:\/\/www.psi-polymersystems.com\/es\/about-us\/press-releases\/psi-polymer-systems-inc-s-new-lip-seal-provides-gear-pump-leak-free-performance-for-viscosities-as-low-as-100-centipoise-conover-nc-october-16-2013\/\",\"name\":\"PSI-Polymer Systems Inc.\u2019s New Lip Seal Provides Gear Pump Leak-Free Performance for Viscosities as Low as 100 Centipoise Conover, NC (October 16, 2013 - PSI-Polymer Systems\",\"isPartOf\":{\"@id\":\"https:\/\/www.psi-polymersystems.com\/#website\"},\"datePublished\":\"2020-09-23T14:43:40+00:00\",\"dateModified\":\"2020-09-23T14:44:32+00:00\",\"breadcrumb\":{\"@id\":\"https:\/\/www.psi-polymersystems.com\/es\/about-us\/press-releases\/psi-polymer-systems-inc-s-new-lip-seal-provides-gear-pump-leak-free-performance-for-viscosities-as-low-as-100-centipoise-conover-nc-october-16-2013\/#breadcrumb\"},\"inLanguage\":\"es\",\"potentialAction\":[{\"@type\":\"ReadAction\",\"target\":[\"https:\/\/www.psi-polymersystems.com\/es\/about-us\/press-releases\/psi-polymer-systems-inc-s-new-lip-seal-provides-gear-pump-leak-free-performance-for-viscosities-as-low-as-100-centipoise-conover-nc-october-16-2013\/\"]}]},{\"@type\":\"BreadcrumbList\",\"@id\":\"https:\/\/www.psi-polymersystems.com\/es\/about-us\/press-releases\/psi-polymer-systems-inc-s-new-lip-seal-provides-gear-pump-leak-free-performance-for-viscosities-as-low-as-100-centipoise-conover-nc-october-16-2013\/#breadcrumb\",\"itemListElement\":[{\"@type\":\"ListItem\",\"position\":1,\"name\":\"Home\",\"item\":\"https:\/\/www.psi-polymersystems.com\/\"},{\"@type\":\"ListItem\",\"position\":2,\"name\":\"About Us\",\"item\":\"https:\/\/www.psi-polymersystems.com\/about-us\/\"},{\"@type\":\"ListItem\",\"position\":3,\"name\":\"Press Releases\",\"item\":\"https:\/\/www.psi-polymersystems.com\/about-us\/press-releases\/\"},{\"@type\":\"ListItem\",\"position\":4,\"name\":\"PSI-Polymer Systems Inc.\u2019s New Lip Seal Provides Gear Pump Leak-Free Performance for Viscosities as Low as 100 Centipoise Conover, NC (October 16, 2013\"}]},{\"@type\":\"WebSite\",\"@id\":\"https:\/\/www.psi-polymersystems.com\/#website\",\"url\":\"https:\/\/www.psi-polymersystems.com\/\",\"name\":\"PSI-Polymer Systems\",\"description\":\"\",\"publisher\":{\"@id\":\"https:\/\/www.psi-polymersystems.com\/#organization\"},\"potentialAction\":[{\"@type\":\"SearchAction\",\"target\":{\"@type\":\"EntryPoint\",\"urlTemplate\":\"https:\/\/www.psi-polymersystems.com\/?s={search_term_string}\"},\"query-input\":{\"@type\":\"PropertyValueSpecification\",\"valueRequired\":true,\"valueName\":\"search_term_string\"}}],\"inLanguage\":\"es\"},{\"@type\":\"Organization\",\"@id\":\"https:\/\/www.psi-polymersystems.com\/#organization\",\"name\":\"PSI-Polymer Systems, Inc.\",\"url\":\"https:\/\/www.psi-polymersystems.com\/\",\"logo\":{\"@type\":\"ImageObject\",\"inLanguage\":\"es\",\"@id\":\"https:\/\/www.psi-polymersystems.com\/#\/schema\/logo\/image\/\",\"url\":\"\",\"contentUrl\":\"\",\"caption\":\"PSI-Polymer Systems, Inc.\"},\"image\":{\"@id\":\"https:\/\/www.psi-polymersystems.com\/#\/schema\/logo\/image\/\"},\"sameAs\":[\"https:\/\/www.facebook.com\/psipolymersystems\/\",\"https:\/\/www.linkedin.com\/showcase\/psi-polymer-systems\"]}]}<\/script>\n<!-- \/ Yoast SEO Premium plugin. -->","yoast_head_json":{"title":"PSI-Polymer Systems Inc.\u2019s New Lip Seal Provides Gear Pump Leak-Free Performance for Viscosities as Low as 100 Centipoise Conover, NC (October 16, 2013 - PSI-Polymer Systems","robots":{"index":"index","follow":"follow","max-snippet":"max-snippet:-1","max-image-preview":"max-image-preview:large","max-video-preview":"max-video-preview:-1"},"canonical":"https:\/\/www.psi-polymersystems.com\/es\/about-us\/press-releases\/psi-polymer-systems-inc-s-new-lip-seal-provides-gear-pump-leak-free-performance-for-viscosities-as-low-as-100-centipoise-conover-nc-october-16-2013\/","og_locale":"es_MX","og_type":"article","og_title":"PSI-Polymer Systems Inc.\u2019s New Lip Seal Provides Gear Pump Leak-Free Performance for Viscosities as Low as 100 Centipoise Conover, NC (October 16, 2013","og_description":"PSI-Polymer Systems Inc.\u2019s New Lip Seal Provides Gear Pump Leak-Free Performance for Viscosities as Low as 100 Centipoise Conover, NC (October 16, 2013)","og_url":"https:\/\/www.psi-polymersystems.com\/es\/about-us\/press-releases\/psi-polymer-systems-inc-s-new-lip-seal-provides-gear-pump-leak-free-performance-for-viscosities-as-low-as-100-centipoise-conover-nc-october-16-2013\/","og_site_name":"PSI-Polymer Systems","article_publisher":"https:\/\/www.facebook.com\/psipolymersystems\/","article_modified_time":"2020-09-23T14:44:32+00:00","twitter_card":"summary_large_image","twitter_misc":{"Tiempo de lectura":"2 minutos"},"schema":{"@context":"https:\/\/schema.org","@graph":[{"@type":"WebPage","@id":"https:\/\/www.psi-polymersystems.com\/es\/about-us\/press-releases\/psi-polymer-systems-inc-s-new-lip-seal-provides-gear-pump-leak-free-performance-for-viscosities-as-low-as-100-centipoise-conover-nc-october-16-2013\/","url":"https:\/\/www.psi-polymersystems.com\/es\/about-us\/press-releases\/psi-polymer-systems-inc-s-new-lip-seal-provides-gear-pump-leak-free-performance-for-viscosities-as-low-as-100-centipoise-conover-nc-october-16-2013\/","name":"PSI-Polymer Systems Inc.\u2019s New Lip Seal Provides Gear Pump Leak-Free Performance for Viscosities as Low as 100 Centipoise Conover, NC (October 16, 2013 - PSI-Polymer Systems","isPartOf":{"@id":"https:\/\/www.psi-polymersystems.com\/#website"},"datePublished":"2020-09-23T14:43:40+00:00","dateModified":"2020-09-23T14:44:32+00:00","breadcrumb":{"@id":"https:\/\/www.psi-polymersystems.com\/es\/about-us\/press-releases\/psi-polymer-systems-inc-s-new-lip-seal-provides-gear-pump-leak-free-performance-for-viscosities-as-low-as-100-centipoise-conover-nc-october-16-2013\/#breadcrumb"},"inLanguage":"es","potentialAction":[{"@type":"ReadAction","target":["https:\/\/www.psi-polymersystems.com\/es\/about-us\/press-releases\/psi-polymer-systems-inc-s-new-lip-seal-provides-gear-pump-leak-free-performance-for-viscosities-as-low-as-100-centipoise-conover-nc-october-16-2013\/"]}]},{"@type":"BreadcrumbList","@id":"https:\/\/www.psi-polymersystems.com\/es\/about-us\/press-releases\/psi-polymer-systems-inc-s-new-lip-seal-provides-gear-pump-leak-free-performance-for-viscosities-as-low-as-100-centipoise-conover-nc-october-16-2013\/#breadcrumb","itemListElement":[{"@type":"ListItem","position":1,"name":"Home","item":"https:\/\/www.psi-polymersystems.com\/"},{"@type":"ListItem","position":2,"name":"About Us","item":"https:\/\/www.psi-polymersystems.com\/about-us\/"},{"@type":"ListItem","position":3,"name":"Press Releases","item":"https:\/\/www.psi-polymersystems.com\/about-us\/press-releases\/"},{"@type":"ListItem","position":4,"name":"PSI-Polymer Systems Inc.\u2019s New Lip Seal Provides Gear Pump Leak-Free Performance for Viscosities as Low as 100 Centipoise Conover, NC (October 16, 2013"}]},{"@type":"WebSite","@id":"https:\/\/www.psi-polymersystems.com\/#website","url":"https:\/\/www.psi-polymersystems.com\/","name":"PSI-Polymer Systems","description":"","publisher":{"@id":"https:\/\/www.psi-polymersystems.com\/#organization"},"potentialAction":[{"@type":"SearchAction","target":{"@type":"EntryPoint","urlTemplate":"https:\/\/www.psi-polymersystems.com\/?s={search_term_string}"},"query-input":{"@type":"PropertyValueSpecification","valueRequired":true,"valueName":"search_term_string"}}],"inLanguage":"es"},{"@type":"Organization","@id":"https:\/\/www.psi-polymersystems.com\/#organization","name":"PSI-Polymer Systems, Inc.","url":"https:\/\/www.psi-polymersystems.com\/","logo":{"@type":"ImageObject","inLanguage":"es","@id":"https:\/\/www.psi-polymersystems.com\/#\/schema\/logo\/image\/","url":"","contentUrl":"","caption":"PSI-Polymer Systems, Inc."},"image":{"@id":"https:\/\/www.psi-polymersystems.com\/#\/schema\/logo\/image\/"},"sameAs":["https:\/\/www.facebook.com\/psipolymersystems\/","https:\/\/www.linkedin.com\/showcase\/psi-polymer-systems"]}]}},"_links":{"self":[{"href":"https:\/\/www.psi-polymersystems.com\/es\/wp-json\/wp\/v2\/pages\/6027","targetHints":{"allow":["GET"]}}],"collection":[{"href":"https:\/\/www.psi-polymersystems.com\/es\/wp-json\/wp\/v2\/pages"}],"about":[{"href":"https:\/\/www.psi-polymersystems.com\/es\/wp-json\/wp\/v2\/types\/page"}],"author":[{"embeddable":true,"href":"https:\/\/www.psi-polymersystems.com\/es\/wp-json\/wp\/v2\/users\/2"}],"replies":[{"embeddable":true,"href":"https:\/\/www.psi-polymersystems.com\/es\/wp-json\/wp\/v2\/comments?post=6027"}],"version-history":[{"count":0,"href":"https:\/\/www.psi-polymersystems.com\/es\/wp-json\/wp\/v2\/pages\/6027\/revisions"}],"up":[{"embeddable":true,"href":"https:\/\/www.psi-polymersystems.com\/es\/wp-json\/wp\/v2\/pages\/5833"}],"wp:attachment":[{"href":"https:\/\/www.psi-polymersystems.com\/es\/wp-json\/wp\/v2\/media?parent=6027"}],"curies":[{"name":"wp","href":"https:\/\/api.w.org\/{rel}","templated":true}]}}