{"id":6043,"date":"2020-09-23T15:03:00","date_gmt":"2020-09-23T15:03:00","guid":{"rendered":"https:\/\/psi-polymersystems.com\/?page_id=6043"},"modified":"2020-09-23T15:05:03","modified_gmt":"2020-09-23T15:05:03","slug":"psi-polymer-systems-inc-continuous-backflush-screen-changer-is-specially-designed-for-extrusion-pelletizing-of-recycled-materials-hickory-nc-october-30-2008","status":"publish","type":"page","link":"https:\/\/www.psi-polymersystems.com\/es\/about-us\/press-releases\/psi-polymer-systems-inc-continuous-backflush-screen-changer-is-specially-designed-for-extrusion-pelletizing-of-recycled-materials-hickory-nc-october-30-2008\/","title":{"rendered":"PSI-Polymer Systems Inc. El cambiador de pantalla de retrolavado continuo est\u00e1 especialmente dise\u00f1ado para extrusi\u00f3n y granulaci\u00f3n de materiales reciclados Hickory, NC (30 de octubre de 2008)"},"content":{"rendered":"<div data-elementor-type=\"wp-page\" data-elementor-id=\"6043\" class=\"elementor elementor-6043\" data-elementor-post-type=\"page\">\n\t\t\t\t\t\t<section class=\"elementor-section elementor-top-section elementor-element elementor-element-b594935 elementor-section-boxed elementor-section-height-default elementor-section-height-default\" data-id=\"b594935\" data-element_type=\"section\" data-e-type=\"section\">\n\t\t\t\t\t\t<div class=\"elementor-container elementor-column-gap-default\">\n\t\t\t\t\t<div class=\"elementor-column elementor-col-50 elementor-top-column elementor-element elementor-element-34c6de66\" data-id=\"34c6de66\" data-element_type=\"column\" data-e-type=\"column\">\n\t\t\t<div class=\"elementor-widget-wrap elementor-element-populated\">\n\t\t\t\t\t\t<div class=\"elementor-element elementor-element-72959ee6 elementor-widget elementor-widget-heading\" data-id=\"72959ee6\" data-element_type=\"widget\" data-e-type=\"widget\" data-widget_type=\"heading.default\">\n\t\t\t\t<div class=\"elementor-widget-container\">\n\t\t\t\t\t<h2 class=\"elementor-heading-title elementor-size-default\">PSI-Polymer Systems, Inc. El cambiador de pantalla de retrolavado continuo est\u00e1 especialmente dise\u00f1ado para la extrusi\u00f3n y granulaci\u00f3n de materiales reciclados Hickory, NC (30 de octubre de 2008)<\/h2>\t\t\t\t<\/div>\n\t\t\t\t<\/div>\n\t\t\t\t<div class=\"elementor-element elementor-element-5e641ba3 elementor-widget elementor-widget-text-editor\" data-id=\"5e641ba3\" data-element_type=\"widget\" data-e-type=\"widget\" data-widget_type=\"text-editor.default\">\n\t\t\t\t<div class=\"elementor-widget-container\">\n\t\t\t\t\t\t\t\t\t<p>Las extrusoras y peletizadoras que utilizan materiales reciclados pueden beneficiarse enormemente del uso del cambiador de pantalla de retrolavado continuo (CSC \/ BF) de PSI-Polymer Systems Inc. El CSC \/ BF proporciona la m\u00e1xima capacidad de filtraci\u00f3n de fusi\u00f3n, separando las impurezas del material y permitiendo a los procesadores para seguir funcionando sin tiempo de inactividad.<\/p><p>Debido al dise\u00f1o \u00fanico del CSC \/ BF, proporciona hasta 25 veces la vida \u00fatil de los filtros del paquete de malla en comparaci\u00f3n con los estilos est\u00e1ndar de cambiadores de malla. Esto permite a los procesadores procesar con confianza materiales reciclados sin temor a obstruir el sistema.<\/p><p>\u201cHemos visto una tendencia continua hacia un mayor uso de materiales reciclados\u201d, dijo Rob Martin, Gerente General de PSI-Polymer Systems Inc. \u201cEstos materiales generalmente contienen muchas impurezas que necesitan ser filtradas fuera de la corriente de fusi\u00f3n. El CSC \/ BF es el producto ideal para dar a los procesadores la tranquilidad de que no necesitar\u00e1n apagar sus extrusoras o granuladoras debido a los paquetes de cribas obstruidos \u201d.<\/p><p>Un cambiador de pantalla est\u00e1ndar en una extrusora se puede obstruir r\u00e1pidamente, dijo Martin, y cuanto m\u00e1s sucio est\u00e9 el material, m\u00e1s r\u00e1pido se puede obstruir el cambiador de pantalla. \u201cHemos visto situaciones en las que es necesario cambiar un paquete de pantalla est\u00e1ndar muchas veces por hora\u201d, dijo. &quot;Obviamente, esto provoca que el procesador tenga una cantidad inaceptable de tiempo de inactividad&quot;.\u00a0<\/p><p>Con la tecnolog\u00eda de retrolavado continuo del cambiador de pantalla CSC \/ BF, el material que se procesa se divide en dos corrientes de masa fundida, cada una con dos cavidades de filtraci\u00f3n. Cuando la presi\u00f3n aguas arriba aumenta debido a un alto nivel de contaminantes, el control PLC Extrudepak de PSI activa autom\u00e1ticamente cada pist\u00f3n a su posici\u00f3n de retrolavado, lo que permite que la presi\u00f3n empuje los contaminantes fuera del paquete de malla sucia. Los contaminantes se purgan de los puertos de la carcasa y las mallas purgadas \/ limpiadas se devuelven a su posici\u00f3n original hasta que vuelva a tener lugar el ciclo de retrolavado.\u00a0<\/p><p>\u201cGracias a esta tecnolog\u00eda, los procesadores que normalmente comprar\u00edan material reciclado de clase &#039;A&#039; pueden utilizar materiales de clase &#039;B&#039; o &#039;C&#039;\u201d, dijo Martin. &quot;Esto les permite ahorrar sustancialmente en el costo de los materiales&quot;.<\/p><p>El CSC \/ BF cuenta con un funcionamiento garantizado a prueba de fugas hasta 10,000 psi y opera con temperaturas de proceso de hasta 700 \u00b0 F. Debido a que no hay sellos ni piezas de contacto, PSI ofrece una garant\u00eda de cinco a\u00f1os contra fugas de material fundido. Est\u00e1n disponibles en tama\u00f1os que van desde un di\u00e1metro de pantalla de 4.58 \u201d(116 mm) a 9.07\u201d (230 mm). Como todos los productos PSI, el CSC \/ BF se fabrica con orgullo en la sede de la empresa en EE. UU. <\/p>\t\t\t\t\t\t\t\t<\/div>\n\t\t\t\t<\/div>\n\t\t\t\t\t<\/div>\n\t\t<\/div>\n\t\t\t\t<div class=\"elementor-column elementor-col-50 elementor-top-column elementor-element elementor-element-62a729cf\" data-id=\"62a729cf\" data-element_type=\"column\" data-e-type=\"column\">\n\t\t\t<div class=\"elementor-widget-wrap\">\n\t\t\t\t\t\t\t<\/div>\n\t\t<\/div>\n\t\t\t\t\t<\/div>\n\t\t<\/section>\n\t\t\t\t<\/div>","protected":false},"excerpt":{"rendered":"<p>PSI-Polymer Systems, Inc. El cambiador de malla con retrolavado continuo est\u00e1 especialmente dise\u00f1ado para la extrusi\u00f3n y granulaci\u00f3n de materiales reciclados Hickory, NC (30 de octubre de 2008) Las extrusoras y granuladoras que utilizan materiales reciclados pueden beneficiarse enormemente del uso del cambiador de malla con retrolavado continuo (CSC \/ BF) de PSI-Polymer Systems Inc. El CSC \/ BF proporciona la m\u00e1xima capacidad de filtraci\u00f3n de la masa fundida, separando las impurezas [\u2026]<\/p>","protected":false},"author":2,"featured_media":0,"parent":5833,"menu_order":0,"comment_status":"closed","ping_status":"closed","template":"","meta":{"_monsterinsights_skip_tracking":false,"_monsterinsights_sitenote_active":false,"_monsterinsights_sitenote_note":"","_monsterinsights_sitenote_category":0,"footnotes":""},"class_list":["post-6043","page","type-page","status-publish","hentry"],"yoast_head":"<!-- This site is optimized with the Yoast SEO Premium plugin v25.0 (Yoast SEO v25.0) - https:\/\/yoast.com\/wordpress\/plugins\/seo\/ -->\n<title>PSI-Polymer Systems Inc. Continuous Backflush Screen Changer is Specially Designed for Extrusion &amp; Pelletizing of Recycled Materials Hickory, NC (October, 30 2008) - PSI-Polymer Systems<\/title>\n<meta name=\"robots\" content=\"index, follow, max-snippet:-1, max-image-preview:large, max-video-preview:-1\" \/>\n<link rel=\"canonical\" href=\"https:\/\/www.psi-polymersystems.com\/es\/about-us\/press-releases\/psi-polymer-systems-inc-continuous-backflush-screen-changer-is-specially-designed-for-extrusion-pelletizing-of-recycled-materials-hickory-nc-october-30-2008\/\" \/>\n<meta property=\"og:locale\" content=\"es_MX\" \/>\n<meta property=\"og:type\" content=\"article\" \/>\n<meta property=\"og:title\" content=\"PSI-Polymer Systems Inc. Continuous Backflush Screen Changer is Specially Designed for Extrusion &amp; Pelletizing of Recycled Materials Hickory, NC (October, 30 2008)\" \/>\n<meta property=\"og:description\" content=\"PSI-Polymer Systems, Inc. Continuous Backflush Screen Changer is Specially Designed for Extrusion &amp; Pelletizing of Recycled Materials Hickory, NC\" \/>\n<meta property=\"og:url\" content=\"https:\/\/www.psi-polymersystems.com\/es\/about-us\/press-releases\/psi-polymer-systems-inc-continuous-backflush-screen-changer-is-specially-designed-for-extrusion-pelletizing-of-recycled-materials-hickory-nc-october-30-2008\/\" \/>\n<meta property=\"og:site_name\" content=\"PSI-Polymer Systems\" \/>\n<meta property=\"article:publisher\" content=\"https:\/\/www.facebook.com\/psipolymersystems\/\" \/>\n<meta property=\"article:modified_time\" content=\"2020-09-23T15:05:03+00:00\" \/>\n<meta name=\"twitter:card\" content=\"summary_large_image\" \/>\n<meta name=\"twitter:label1\" content=\"Tiempo de lectura\" \/>\n\t<meta name=\"twitter:data1\" content=\"2 minutos\" \/>\n<script type=\"application\/ld+json\" class=\"yoast-schema-graph\">{\"@context\":\"https:\/\/schema.org\",\"@graph\":[{\"@type\":\"WebPage\",\"@id\":\"https:\/\/www.psi-polymersystems.com\/es\/about-us\/press-releases\/psi-polymer-systems-inc-continuous-backflush-screen-changer-is-specially-designed-for-extrusion-pelletizing-of-recycled-materials-hickory-nc-october-30-2008\/\",\"url\":\"https:\/\/www.psi-polymersystems.com\/es\/about-us\/press-releases\/psi-polymer-systems-inc-continuous-backflush-screen-changer-is-specially-designed-for-extrusion-pelletizing-of-recycled-materials-hickory-nc-october-30-2008\/\",\"name\":\"PSI-Polymer Systems Inc. Continuous Backflush Screen Changer is Specially Designed for Extrusion & Pelletizing of Recycled Materials Hickory, NC (October, 30 2008) - PSI-Polymer Systems\",\"isPartOf\":{\"@id\":\"https:\/\/www.psi-polymersystems.com\/#website\"},\"datePublished\":\"2020-09-23T15:03:00+00:00\",\"dateModified\":\"2020-09-23T15:05:03+00:00\",\"breadcrumb\":{\"@id\":\"https:\/\/www.psi-polymersystems.com\/es\/about-us\/press-releases\/psi-polymer-systems-inc-continuous-backflush-screen-changer-is-specially-designed-for-extrusion-pelletizing-of-recycled-materials-hickory-nc-october-30-2008\/#breadcrumb\"},\"inLanguage\":\"es\",\"potentialAction\":[{\"@type\":\"ReadAction\",\"target\":[\"https:\/\/www.psi-polymersystems.com\/es\/about-us\/press-releases\/psi-polymer-systems-inc-continuous-backflush-screen-changer-is-specially-designed-for-extrusion-pelletizing-of-recycled-materials-hickory-nc-october-30-2008\/\"]}]},{\"@type\":\"BreadcrumbList\",\"@id\":\"https:\/\/www.psi-polymersystems.com\/es\/about-us\/press-releases\/psi-polymer-systems-inc-continuous-backflush-screen-changer-is-specially-designed-for-extrusion-pelletizing-of-recycled-materials-hickory-nc-october-30-2008\/#breadcrumb\",\"itemListElement\":[{\"@type\":\"ListItem\",\"position\":1,\"name\":\"Home\",\"item\":\"https:\/\/www.psi-polymersystems.com\/\"},{\"@type\":\"ListItem\",\"position\":2,\"name\":\"About Us\",\"item\":\"https:\/\/www.psi-polymersystems.com\/about-us\/\"},{\"@type\":\"ListItem\",\"position\":3,\"name\":\"Press Releases\",\"item\":\"https:\/\/www.psi-polymersystems.com\/about-us\/press-releases\/\"},{\"@type\":\"ListItem\",\"position\":4,\"name\":\"PSI-Polymer Systems Inc. Continuous Backflush Screen Changer is Specially Designed for Extrusion &#038; Pelletizing of Recycled Materials Hickory, NC (October, 30 2008)\"}]},{\"@type\":\"WebSite\",\"@id\":\"https:\/\/www.psi-polymersystems.com\/#website\",\"url\":\"https:\/\/www.psi-polymersystems.com\/\",\"name\":\"PSI-Polymer Systems\",\"description\":\"\",\"publisher\":{\"@id\":\"https:\/\/www.psi-polymersystems.com\/#organization\"},\"potentialAction\":[{\"@type\":\"SearchAction\",\"target\":{\"@type\":\"EntryPoint\",\"urlTemplate\":\"https:\/\/www.psi-polymersystems.com\/?s={search_term_string}\"},\"query-input\":{\"@type\":\"PropertyValueSpecification\",\"valueRequired\":true,\"valueName\":\"search_term_string\"}}],\"inLanguage\":\"es\"},{\"@type\":\"Organization\",\"@id\":\"https:\/\/www.psi-polymersystems.com\/#organization\",\"name\":\"PSI-Polymer Systems, Inc.\",\"url\":\"https:\/\/www.psi-polymersystems.com\/\",\"logo\":{\"@type\":\"ImageObject\",\"inLanguage\":\"es\",\"@id\":\"https:\/\/www.psi-polymersystems.com\/#\/schema\/logo\/image\/\",\"url\":\"\",\"contentUrl\":\"\",\"caption\":\"PSI-Polymer Systems, Inc.\"},\"image\":{\"@id\":\"https:\/\/www.psi-polymersystems.com\/#\/schema\/logo\/image\/\"},\"sameAs\":[\"https:\/\/www.facebook.com\/psipolymersystems\/\",\"https:\/\/www.linkedin.com\/showcase\/psi-polymer-systems\"]}]}<\/script>\n<!-- \/ Yoast SEO Premium plugin. -->","yoast_head_json":{"title":"PSI-Polymer Systems Inc. Continuous Backflush Screen Changer is Specially Designed for Extrusion & Pelletizing of Recycled Materials Hickory, NC (October, 30 2008) - PSI-Polymer Systems","robots":{"index":"index","follow":"follow","max-snippet":"max-snippet:-1","max-image-preview":"max-image-preview:large","max-video-preview":"max-video-preview:-1"},"canonical":"https:\/\/www.psi-polymersystems.com\/es\/about-us\/press-releases\/psi-polymer-systems-inc-continuous-backflush-screen-changer-is-specially-designed-for-extrusion-pelletizing-of-recycled-materials-hickory-nc-october-30-2008\/","og_locale":"es_MX","og_type":"article","og_title":"PSI-Polymer Systems Inc. Continuous Backflush Screen Changer is Specially Designed for Extrusion & Pelletizing of Recycled Materials Hickory, NC (October, 30 2008)","og_description":"PSI-Polymer Systems, Inc. Continuous Backflush Screen Changer is Specially Designed for Extrusion &amp; Pelletizing of Recycled Materials Hickory, NC","og_url":"https:\/\/www.psi-polymersystems.com\/es\/about-us\/press-releases\/psi-polymer-systems-inc-continuous-backflush-screen-changer-is-specially-designed-for-extrusion-pelletizing-of-recycled-materials-hickory-nc-october-30-2008\/","og_site_name":"PSI-Polymer Systems","article_publisher":"https:\/\/www.facebook.com\/psipolymersystems\/","article_modified_time":"2020-09-23T15:05:03+00:00","twitter_card":"summary_large_image","twitter_misc":{"Tiempo de lectura":"2 minutos"},"schema":{"@context":"https:\/\/schema.org","@graph":[{"@type":"WebPage","@id":"https:\/\/www.psi-polymersystems.com\/es\/about-us\/press-releases\/psi-polymer-systems-inc-continuous-backflush-screen-changer-is-specially-designed-for-extrusion-pelletizing-of-recycled-materials-hickory-nc-october-30-2008\/","url":"https:\/\/www.psi-polymersystems.com\/es\/about-us\/press-releases\/psi-polymer-systems-inc-continuous-backflush-screen-changer-is-specially-designed-for-extrusion-pelletizing-of-recycled-materials-hickory-nc-october-30-2008\/","name":"PSI-Polymer Systems Inc. Continuous Backflush Screen Changer is Specially Designed for Extrusion & Pelletizing of Recycled Materials Hickory, NC (October, 30 2008) - PSI-Polymer Systems","isPartOf":{"@id":"https:\/\/www.psi-polymersystems.com\/#website"},"datePublished":"2020-09-23T15:03:00+00:00","dateModified":"2020-09-23T15:05:03+00:00","breadcrumb":{"@id":"https:\/\/www.psi-polymersystems.com\/es\/about-us\/press-releases\/psi-polymer-systems-inc-continuous-backflush-screen-changer-is-specially-designed-for-extrusion-pelletizing-of-recycled-materials-hickory-nc-october-30-2008\/#breadcrumb"},"inLanguage":"es","potentialAction":[{"@type":"ReadAction","target":["https:\/\/www.psi-polymersystems.com\/es\/about-us\/press-releases\/psi-polymer-systems-inc-continuous-backflush-screen-changer-is-specially-designed-for-extrusion-pelletizing-of-recycled-materials-hickory-nc-october-30-2008\/"]}]},{"@type":"BreadcrumbList","@id":"https:\/\/www.psi-polymersystems.com\/es\/about-us\/press-releases\/psi-polymer-systems-inc-continuous-backflush-screen-changer-is-specially-designed-for-extrusion-pelletizing-of-recycled-materials-hickory-nc-october-30-2008\/#breadcrumb","itemListElement":[{"@type":"ListItem","position":1,"name":"Home","item":"https:\/\/www.psi-polymersystems.com\/"},{"@type":"ListItem","position":2,"name":"About Us","item":"https:\/\/www.psi-polymersystems.com\/about-us\/"},{"@type":"ListItem","position":3,"name":"Press Releases","item":"https:\/\/www.psi-polymersystems.com\/about-us\/press-releases\/"},{"@type":"ListItem","position":4,"name":"PSI-Polymer Systems Inc. Continuous Backflush Screen Changer is Specially Designed for Extrusion &#038; Pelletizing of Recycled Materials Hickory, NC (October, 30 2008)"}]},{"@type":"WebSite","@id":"https:\/\/www.psi-polymersystems.com\/#website","url":"https:\/\/www.psi-polymersystems.com\/","name":"PSI-Polymer Systems","description":"","publisher":{"@id":"https:\/\/www.psi-polymersystems.com\/#organization"},"potentialAction":[{"@type":"SearchAction","target":{"@type":"EntryPoint","urlTemplate":"https:\/\/www.psi-polymersystems.com\/?s={search_term_string}"},"query-input":{"@type":"PropertyValueSpecification","valueRequired":true,"valueName":"search_term_string"}}],"inLanguage":"es"},{"@type":"Organization","@id":"https:\/\/www.psi-polymersystems.com\/#organization","name":"PSI-Polymer Systems, Inc.","url":"https:\/\/www.psi-polymersystems.com\/","logo":{"@type":"ImageObject","inLanguage":"es","@id":"https:\/\/www.psi-polymersystems.com\/#\/schema\/logo\/image\/","url":"","contentUrl":"","caption":"PSI-Polymer Systems, Inc."},"image":{"@id":"https:\/\/www.psi-polymersystems.com\/#\/schema\/logo\/image\/"},"sameAs":["https:\/\/www.facebook.com\/psipolymersystems\/","https:\/\/www.linkedin.com\/showcase\/psi-polymer-systems"]}]}},"_links":{"self":[{"href":"https:\/\/www.psi-polymersystems.com\/es\/wp-json\/wp\/v2\/pages\/6043","targetHints":{"allow":["GET"]}}],"collection":[{"href":"https:\/\/www.psi-polymersystems.com\/es\/wp-json\/wp\/v2\/pages"}],"about":[{"href":"https:\/\/www.psi-polymersystems.com\/es\/wp-json\/wp\/v2\/types\/page"}],"author":[{"embeddable":true,"href":"https:\/\/www.psi-polymersystems.com\/es\/wp-json\/wp\/v2\/users\/2"}],"replies":[{"embeddable":true,"href":"https:\/\/www.psi-polymersystems.com\/es\/wp-json\/wp\/v2\/comments?post=6043"}],"version-history":[{"count":0,"href":"https:\/\/www.psi-polymersystems.com\/es\/wp-json\/wp\/v2\/pages\/6043\/revisions"}],"up":[{"embeddable":true,"href":"https:\/\/www.psi-polymersystems.com\/es\/wp-json\/wp\/v2\/pages\/5833"}],"wp:attachment":[{"href":"https:\/\/www.psi-polymersystems.com\/es\/wp-json\/wp\/v2\/media?parent=6043"}],"curies":[{"name":"wp","href":"https:\/\/api.w.org\/{rel}","templated":true}]}}