{"id":6047,"date":"2020-09-23T15:09:21","date_gmt":"2020-09-23T15:09:21","guid":{"rendered":"https:\/\/psi-polymersystems.com\/?page_id=6047"},"modified":"2020-09-23T15:12:16","modified_gmt":"2020-09-23T15:12:16","slug":"psi-polymer-systems-inc-introduces-extrusion-gear-pump-line-for-pex-pipe-and-tubing-applications-hickory-nc-july-30-2008","status":"publish","type":"page","link":"https:\/\/www.psi-polymersystems.com\/es\/about-us\/press-releases\/psi-polymer-systems-inc-introduces-extrusion-gear-pump-line-for-pex-pipe-and-tubing-applications-hickory-nc-july-30-2008\/","title":{"rendered":"PSI-Polymer Systems Inc. presenta la l\u00ednea de bombas de engranajes de extrusi\u00f3n para aplicaciones de tuber\u00edas y tuber\u00edas PEX Hickory, NC (30 de julio de 2008)"},"content":{"rendered":"<div data-elementor-type=\"wp-page\" data-elementor-id=\"6047\" class=\"elementor elementor-6047\" data-elementor-post-type=\"page\">\n\t\t\t\t\t\t<section class=\"elementor-section elementor-top-section elementor-element elementor-element-ba89476 elementor-section-boxed elementor-section-height-default elementor-section-height-default\" data-id=\"ba89476\" data-element_type=\"section\" data-e-type=\"section\">\n\t\t\t\t\t\t<div class=\"elementor-container elementor-column-gap-default\">\n\t\t\t\t\t<div class=\"elementor-column elementor-col-50 elementor-top-column elementor-element elementor-element-3529c01a\" data-id=\"3529c01a\" data-element_type=\"column\" data-e-type=\"column\">\n\t\t\t<div class=\"elementor-widget-wrap elementor-element-populated\">\n\t\t\t\t\t\t<div class=\"elementor-element elementor-element-265cb07c elementor-widget elementor-widget-heading\" data-id=\"265cb07c\" data-element_type=\"widget\" data-e-type=\"widget\" data-widget_type=\"heading.default\">\n\t\t\t\t<div class=\"elementor-widget-container\">\n\t\t\t\t\t<h2 class=\"elementor-heading-title elementor-size-default\">PSI-Polymer Systems, Inc. presenta una l\u00ednea de bombas de engranajes de extrusi\u00f3n para aplicaciones de tuber\u00edas y ca\u00f1os PEX Hickory, Carolina del Norte (30 de julio de 2008)<\/h2>\t\t\t\t<\/div>\n\t\t\t\t<\/div>\n\t\t\t\t<div class=\"elementor-element elementor-element-51cb4e52 elementor-widget elementor-widget-text-editor\" data-id=\"51cb4e52\" data-element_type=\"widget\" data-e-type=\"widget\" data-widget_type=\"text-editor.default\">\n\t\t\t\t<div class=\"elementor-widget-container\">\n\t\t\t\t\t\t\t\t\t<p>PSI-Polymer Systems Inc. ha presentado una nueva l\u00ednea de bombas de engranajes de extrusi\u00f3n dise\u00f1adas espec\u00edficamente para procesar polietileno reticulado (PEX).\u00a0<\/p><p>PEX es un material com\u00fanmente utilizado para producir tuber\u00edas y tuber\u00edas de plomer\u00eda. Ofrece ventajas sobre los materiales de tuber\u00eda m\u00e1s tradicionales, ya que puede procesar agua fr\u00eda y caliente y soportar altas presiones. Sin embargo, debido al proceso de reticulaci\u00f3n, el PEX no se puede volver a fundir y el material normalmente se cura en menos de 5 minutos.<\/p><p>Las bombas de engranajes de extrusi\u00f3n se han utilizado con \u00e9xito en aplicaciones de tuber\u00edas y tuber\u00edas desde principios de la d\u00e9cada de 1980. Sin embargo, debido al proceso de reticulaci\u00f3n, los proveedores de bombas de engranajes han evitado en gran medida la extrusi\u00f3n de PEX. Los ejes de la bomba de engranajes se lubrican con el material que est\u00e1 procesando la bomba, y este material puede tardar varios minutos en viajar a trav\u00e9s de los mu\u00f1ones de los cojinetes en la bomba de engranajes. Debido a esto, el material PEX se reticular\u00eda entre los cojinetes y los ejes de la bomba de engranajes, lo que provocar\u00eda que la bomba se congelara.\u00a0<\/p><p>\u201cDimos la bienvenida al desaf\u00edo de dise\u00f1ar y fabricar una bomba de engranajes de extrusi\u00f3n para el mercado de extrusi\u00f3n PEX\u201d, dijo Rob Martin, gerente general de PSI-Polymer Systems Inc. \u201cEl material ofrece ventajas significativas para los fabricantes de tuber\u00edas y los usuarios finales. Nuestro desaf\u00edo era ayudar a procesarlo con \u00e9xito para que el procesador pudiera obtener importantes ahorros de material, reducci\u00f3n de desechos, aumento de la producci\u00f3n y, en \u00faltima instancia, un mejor producto final &quot;.<\/p><p>En 2006, PSI trabaj\u00f3 con Vanguard Piping Systems (ahora Viega LLC) e instal\u00f3 una bomba de engranajes de extrusi\u00f3n de dise\u00f1o personalizado en una l\u00ednea de extrusi\u00f3n de tuber\u00eda PEX. Despu\u00e9s de peque\u00f1os ajustes y ajustes finos, la bomba mejor\u00f3 significativamente las tasas de producci\u00f3n, disminuy\u00f3 el desperdicio, mejor\u00f3 el control del calibre e incluso redujo la formaci\u00f3n de gel, otro obst\u00e1culo para los fabricantes de tuber\u00edas PEX. Esta exitosa instalaci\u00f3n llev\u00f3 a PSI a comercializar una nueva l\u00ednea de bombas de engranajes espec\u00edficamente para este tipo de aplicaciones.<\/p>\t\t\t\t\t\t\t\t<\/div>\n\t\t\t\t<\/div>\n\t\t\t\t\t<\/div>\n\t\t<\/div>\n\t\t\t\t<div class=\"elementor-column elementor-col-50 elementor-top-column elementor-element elementor-element-4bd8c391\" data-id=\"4bd8c391\" data-element_type=\"column\" data-e-type=\"column\">\n\t\t\t<div class=\"elementor-widget-wrap\">\n\t\t\t\t\t\t\t<\/div>\n\t\t<\/div>\n\t\t\t\t\t<\/div>\n\t\t<\/section>\n\t\t\t\t<\/div>","protected":false},"excerpt":{"rendered":"<p>PSI-Polymer Systems, Inc. presenta una l\u00ednea de bombas de engranajes de extrusi\u00f3n para aplicaciones de tuber\u00edas y tuber\u00edas PEX Hickory, NC (30 de julio de 2008) PSI-Polymer Systems Inc. ha presentado una nueva l\u00ednea de bombas de engranajes de extrusi\u00f3n dise\u00f1adas espec\u00edficamente para procesar polietileno reticulado (PEX). PEX es un material de uso com\u00fan para la producci\u00f3n de tuber\u00edas y tuber\u00edas de plomer\u00eda. Ofrece ventajas sobre m\u00e1s [\u2026]<\/p>","protected":false},"author":2,"featured_media":0,"parent":5833,"menu_order":0,"comment_status":"closed","ping_status":"closed","template":"","meta":{"_monsterinsights_skip_tracking":false,"_monsterinsights_sitenote_active":false,"_monsterinsights_sitenote_note":"","_monsterinsights_sitenote_category":0,"footnotes":""},"class_list":["post-6047","page","type-page","status-publish","hentry"],"yoast_head":"<!-- This site is optimized with the Yoast SEO Premium plugin v25.0 (Yoast SEO v25.0) - https:\/\/yoast.com\/wordpress\/plugins\/seo\/ -->\n<title>PSI-Polymer Systems Inc. Introduces Extrusion Gear Pump Line for PEX Pipe and Tubing Applications Hickory, NC (July 30, 2008) - PSI-Polymer Systems<\/title>\n<meta name=\"robots\" content=\"index, follow, max-snippet:-1, max-image-preview:large, max-video-preview:-1\" \/>\n<link rel=\"canonical\" href=\"https:\/\/www.psi-polymersystems.com\/es\/about-us\/press-releases\/psi-polymer-systems-inc-introduces-extrusion-gear-pump-line-for-pex-pipe-and-tubing-applications-hickory-nc-july-30-2008\/\" \/>\n<meta property=\"og:locale\" content=\"es_MX\" \/>\n<meta property=\"og:type\" content=\"article\" \/>\n<meta property=\"og:title\" content=\"PSI-Polymer Systems Inc. Introduces Extrusion Gear Pump Line for PEX Pipe and Tubing Applications Hickory, NC (July 30, 2008)\" \/>\n<meta property=\"og:description\" content=\"PSI-Polymer Systems, Inc. Introduces Extrusion Gear Pump Line for PEX Pipe &amp; Tubing Applications Hickory, NC (July, 30 2008) PSI-Polymer Systems Inc. has\" \/>\n<meta property=\"og:url\" content=\"https:\/\/www.psi-polymersystems.com\/es\/about-us\/press-releases\/psi-polymer-systems-inc-introduces-extrusion-gear-pump-line-for-pex-pipe-and-tubing-applications-hickory-nc-july-30-2008\/\" \/>\n<meta property=\"og:site_name\" content=\"PSI-Polymer Systems\" \/>\n<meta property=\"article:publisher\" content=\"https:\/\/www.facebook.com\/psipolymersystems\/\" \/>\n<meta property=\"article:modified_time\" content=\"2020-09-23T15:12:16+00:00\" \/>\n<meta name=\"twitter:card\" content=\"summary_large_image\" \/>\n<meta name=\"twitter:label1\" content=\"Tiempo de lectura\" \/>\n\t<meta name=\"twitter:data1\" content=\"2 minutos\" \/>\n<script type=\"application\/ld+json\" class=\"yoast-schema-graph\">{\"@context\":\"https:\/\/schema.org\",\"@graph\":[{\"@type\":\"WebPage\",\"@id\":\"https:\/\/www.psi-polymersystems.com\/es\/about-us\/press-releases\/psi-polymer-systems-inc-introduces-extrusion-gear-pump-line-for-pex-pipe-and-tubing-applications-hickory-nc-july-30-2008\/\",\"url\":\"https:\/\/www.psi-polymersystems.com\/es\/about-us\/press-releases\/psi-polymer-systems-inc-introduces-extrusion-gear-pump-line-for-pex-pipe-and-tubing-applications-hickory-nc-july-30-2008\/\",\"name\":\"PSI-Polymer Systems Inc. Introduces Extrusion Gear Pump Line for PEX Pipe and Tubing Applications Hickory, NC (July 30, 2008) - PSI-Polymer Systems\",\"isPartOf\":{\"@id\":\"https:\/\/www.psi-polymersystems.com\/#website\"},\"datePublished\":\"2020-09-23T15:09:21+00:00\",\"dateModified\":\"2020-09-23T15:12:16+00:00\",\"breadcrumb\":{\"@id\":\"https:\/\/www.psi-polymersystems.com\/es\/about-us\/press-releases\/psi-polymer-systems-inc-introduces-extrusion-gear-pump-line-for-pex-pipe-and-tubing-applications-hickory-nc-july-30-2008\/#breadcrumb\"},\"inLanguage\":\"es\",\"potentialAction\":[{\"@type\":\"ReadAction\",\"target\":[\"https:\/\/www.psi-polymersystems.com\/es\/about-us\/press-releases\/psi-polymer-systems-inc-introduces-extrusion-gear-pump-line-for-pex-pipe-and-tubing-applications-hickory-nc-july-30-2008\/\"]}]},{\"@type\":\"BreadcrumbList\",\"@id\":\"https:\/\/www.psi-polymersystems.com\/es\/about-us\/press-releases\/psi-polymer-systems-inc-introduces-extrusion-gear-pump-line-for-pex-pipe-and-tubing-applications-hickory-nc-july-30-2008\/#breadcrumb\",\"itemListElement\":[{\"@type\":\"ListItem\",\"position\":1,\"name\":\"Home\",\"item\":\"https:\/\/www.psi-polymersystems.com\/\"},{\"@type\":\"ListItem\",\"position\":2,\"name\":\"About Us\",\"item\":\"https:\/\/www.psi-polymersystems.com\/about-us\/\"},{\"@type\":\"ListItem\",\"position\":3,\"name\":\"Press Releases\",\"item\":\"https:\/\/www.psi-polymersystems.com\/about-us\/press-releases\/\"},{\"@type\":\"ListItem\",\"position\":4,\"name\":\"PSI-Polymer Systems Inc. Introduces Extrusion Gear Pump Line for PEX Pipe and Tubing Applications Hickory, NC (July 30, 2008)\"}]},{\"@type\":\"WebSite\",\"@id\":\"https:\/\/www.psi-polymersystems.com\/#website\",\"url\":\"https:\/\/www.psi-polymersystems.com\/\",\"name\":\"PSI-Polymer Systems\",\"description\":\"\",\"publisher\":{\"@id\":\"https:\/\/www.psi-polymersystems.com\/#organization\"},\"potentialAction\":[{\"@type\":\"SearchAction\",\"target\":{\"@type\":\"EntryPoint\",\"urlTemplate\":\"https:\/\/www.psi-polymersystems.com\/?s={search_term_string}\"},\"query-input\":{\"@type\":\"PropertyValueSpecification\",\"valueRequired\":true,\"valueName\":\"search_term_string\"}}],\"inLanguage\":\"es\"},{\"@type\":\"Organization\",\"@id\":\"https:\/\/www.psi-polymersystems.com\/#organization\",\"name\":\"PSI-Polymer Systems, Inc.\",\"url\":\"https:\/\/www.psi-polymersystems.com\/\",\"logo\":{\"@type\":\"ImageObject\",\"inLanguage\":\"es\",\"@id\":\"https:\/\/www.psi-polymersystems.com\/#\/schema\/logo\/image\/\",\"url\":\"\",\"contentUrl\":\"\",\"caption\":\"PSI-Polymer Systems, Inc.\"},\"image\":{\"@id\":\"https:\/\/www.psi-polymersystems.com\/#\/schema\/logo\/image\/\"},\"sameAs\":[\"https:\/\/www.facebook.com\/psipolymersystems\/\",\"https:\/\/www.linkedin.com\/showcase\/psi-polymer-systems\"]}]}<\/script>\n<!-- \/ Yoast SEO Premium plugin. -->","yoast_head_json":{"title":"PSI-Polymer Systems Inc. Introduces Extrusion Gear Pump Line for PEX Pipe and Tubing Applications Hickory, NC (July 30, 2008) - PSI-Polymer Systems","robots":{"index":"index","follow":"follow","max-snippet":"max-snippet:-1","max-image-preview":"max-image-preview:large","max-video-preview":"max-video-preview:-1"},"canonical":"https:\/\/www.psi-polymersystems.com\/es\/about-us\/press-releases\/psi-polymer-systems-inc-introduces-extrusion-gear-pump-line-for-pex-pipe-and-tubing-applications-hickory-nc-july-30-2008\/","og_locale":"es_MX","og_type":"article","og_title":"PSI-Polymer Systems Inc. Introduces Extrusion Gear Pump Line for PEX Pipe and Tubing Applications Hickory, NC (July 30, 2008)","og_description":"PSI-Polymer Systems, Inc. Introduces Extrusion Gear Pump Line for PEX Pipe & Tubing Applications Hickory, NC (July, 30 2008) PSI-Polymer Systems Inc. has","og_url":"https:\/\/www.psi-polymersystems.com\/es\/about-us\/press-releases\/psi-polymer-systems-inc-introduces-extrusion-gear-pump-line-for-pex-pipe-and-tubing-applications-hickory-nc-july-30-2008\/","og_site_name":"PSI-Polymer Systems","article_publisher":"https:\/\/www.facebook.com\/psipolymersystems\/","article_modified_time":"2020-09-23T15:12:16+00:00","twitter_card":"summary_large_image","twitter_misc":{"Tiempo de lectura":"2 minutos"},"schema":{"@context":"https:\/\/schema.org","@graph":[{"@type":"WebPage","@id":"https:\/\/www.psi-polymersystems.com\/es\/about-us\/press-releases\/psi-polymer-systems-inc-introduces-extrusion-gear-pump-line-for-pex-pipe-and-tubing-applications-hickory-nc-july-30-2008\/","url":"https:\/\/www.psi-polymersystems.com\/es\/about-us\/press-releases\/psi-polymer-systems-inc-introduces-extrusion-gear-pump-line-for-pex-pipe-and-tubing-applications-hickory-nc-july-30-2008\/","name":"PSI-Polymer Systems Inc. Introduces Extrusion Gear Pump Line for PEX Pipe and Tubing Applications Hickory, NC (July 30, 2008) - PSI-Polymer Systems","isPartOf":{"@id":"https:\/\/www.psi-polymersystems.com\/#website"},"datePublished":"2020-09-23T15:09:21+00:00","dateModified":"2020-09-23T15:12:16+00:00","breadcrumb":{"@id":"https:\/\/www.psi-polymersystems.com\/es\/about-us\/press-releases\/psi-polymer-systems-inc-introduces-extrusion-gear-pump-line-for-pex-pipe-and-tubing-applications-hickory-nc-july-30-2008\/#breadcrumb"},"inLanguage":"es","potentialAction":[{"@type":"ReadAction","target":["https:\/\/www.psi-polymersystems.com\/es\/about-us\/press-releases\/psi-polymer-systems-inc-introduces-extrusion-gear-pump-line-for-pex-pipe-and-tubing-applications-hickory-nc-july-30-2008\/"]}]},{"@type":"BreadcrumbList","@id":"https:\/\/www.psi-polymersystems.com\/es\/about-us\/press-releases\/psi-polymer-systems-inc-introduces-extrusion-gear-pump-line-for-pex-pipe-and-tubing-applications-hickory-nc-july-30-2008\/#breadcrumb","itemListElement":[{"@type":"ListItem","position":1,"name":"Home","item":"https:\/\/www.psi-polymersystems.com\/"},{"@type":"ListItem","position":2,"name":"About Us","item":"https:\/\/www.psi-polymersystems.com\/about-us\/"},{"@type":"ListItem","position":3,"name":"Press Releases","item":"https:\/\/www.psi-polymersystems.com\/about-us\/press-releases\/"},{"@type":"ListItem","position":4,"name":"PSI-Polymer Systems Inc. Introduces Extrusion Gear Pump Line for PEX Pipe and Tubing Applications Hickory, NC (July 30, 2008)"}]},{"@type":"WebSite","@id":"https:\/\/www.psi-polymersystems.com\/#website","url":"https:\/\/www.psi-polymersystems.com\/","name":"PSI-Polymer Systems","description":"","publisher":{"@id":"https:\/\/www.psi-polymersystems.com\/#organization"},"potentialAction":[{"@type":"SearchAction","target":{"@type":"EntryPoint","urlTemplate":"https:\/\/www.psi-polymersystems.com\/?s={search_term_string}"},"query-input":{"@type":"PropertyValueSpecification","valueRequired":true,"valueName":"search_term_string"}}],"inLanguage":"es"},{"@type":"Organization","@id":"https:\/\/www.psi-polymersystems.com\/#organization","name":"PSI-Polymer Systems, Inc.","url":"https:\/\/www.psi-polymersystems.com\/","logo":{"@type":"ImageObject","inLanguage":"es","@id":"https:\/\/www.psi-polymersystems.com\/#\/schema\/logo\/image\/","url":"","contentUrl":"","caption":"PSI-Polymer Systems, Inc."},"image":{"@id":"https:\/\/www.psi-polymersystems.com\/#\/schema\/logo\/image\/"},"sameAs":["https:\/\/www.facebook.com\/psipolymersystems\/","https:\/\/www.linkedin.com\/showcase\/psi-polymer-systems"]}]}},"_links":{"self":[{"href":"https:\/\/www.psi-polymersystems.com\/es\/wp-json\/wp\/v2\/pages\/6047","targetHints":{"allow":["GET"]}}],"collection":[{"href":"https:\/\/www.psi-polymersystems.com\/es\/wp-json\/wp\/v2\/pages"}],"about":[{"href":"https:\/\/www.psi-polymersystems.com\/es\/wp-json\/wp\/v2\/types\/page"}],"author":[{"embeddable":true,"href":"https:\/\/www.psi-polymersystems.com\/es\/wp-json\/wp\/v2\/users\/2"}],"replies":[{"embeddable":true,"href":"https:\/\/www.psi-polymersystems.com\/es\/wp-json\/wp\/v2\/comments?post=6047"}],"version-history":[{"count":0,"href":"https:\/\/www.psi-polymersystems.com\/es\/wp-json\/wp\/v2\/pages\/6047\/revisions"}],"up":[{"embeddable":true,"href":"https:\/\/www.psi-polymersystems.com\/es\/wp-json\/wp\/v2\/pages\/5833"}],"wp:attachment":[{"href":"https:\/\/www.psi-polymersystems.com\/es\/wp-json\/wp\/v2\/media?parent=6047"}],"curies":[{"name":"wp","href":"https:\/\/api.w.org\/{rel}","templated":true}]}}