{"id":6051,"date":"2020-09-23T15:15:08","date_gmt":"2020-09-23T15:15:08","guid":{"rendered":"https:\/\/psi-polymersystems.com\/?page_id=6051"},"modified":"2020-09-23T15:18:07","modified_gmt":"2020-09-23T15:18:07","slug":"psi-polymer-systems-inc-announces-new-repair-rebuild-program-for-gear-pumps-screen-changers-and-static-mixers-for-extrusion-applications-hickory-nc-april-9-2008","status":"publish","type":"page","link":"https:\/\/www.psi-polymersystems.com\/es\/about-us\/press-releases\/psi-polymer-systems-inc-announces-new-repair-rebuild-program-for-gear-pumps-screen-changers-and-static-mixers-for-extrusion-applications-hickory-nc-april-9-2008\/","title":{"rendered":"PSI-Polymer Systems Inc. anuncia un nuevo programa de reparaci\u00f3n \/ reconstrucci\u00f3n para bombas de engranajes, cambiadores de pantalla y mezcladores est\u00e1ticos para aplicaciones de extrusi\u00f3n Hickory, NC (9 de abril de 2008)"},"content":{"rendered":"<div data-elementor-type=\"wp-page\" data-elementor-id=\"6051\" class=\"elementor elementor-6051\" data-elementor-post-type=\"page\">\n\t\t\t\t\t\t<section class=\"elementor-section elementor-top-section elementor-element elementor-element-3a4b3b9b elementor-section-boxed elementor-section-height-default elementor-section-height-default\" data-id=\"3a4b3b9b\" data-element_type=\"section\" data-e-type=\"section\">\n\t\t\t\t\t\t<div class=\"elementor-container elementor-column-gap-default\">\n\t\t\t\t\t<div class=\"elementor-column elementor-col-50 elementor-top-column elementor-element elementor-element-63f8fb19\" data-id=\"63f8fb19\" data-element_type=\"column\" data-e-type=\"column\">\n\t\t\t<div class=\"elementor-widget-wrap elementor-element-populated\">\n\t\t\t\t\t\t<div class=\"elementor-element elementor-element-3547064d elementor-widget elementor-widget-heading\" data-id=\"3547064d\" data-element_type=\"widget\" data-e-type=\"widget\" data-widget_type=\"heading.default\">\n\t\t\t\t<div class=\"elementor-widget-container\">\n\t\t\t\t\t<h2 class=\"elementor-heading-title elementor-size-default\">PSI-Polymer Systems, Inc. anuncia un nuevo programa de reparaci\u00f3n \/ reconstrucci\u00f3n para bombas de engranajes, cambiadores de pantalla y mezcladores est\u00e1ticos para aplicaciones de extrusi\u00f3n Hickory, NC (9 de abril de 2008)<\/h2>\t\t\t\t<\/div>\n\t\t\t\t<\/div>\n\t\t\t\t<div class=\"elementor-element elementor-element-2713846e elementor-widget elementor-widget-text-editor\" data-id=\"2713846e\" data-element_type=\"widget\" data-e-type=\"widget\" data-widget_type=\"text-editor.default\">\n\t\t\t\t<div class=\"elementor-widget-container\">\n\t\t\t\t\t\t\t\t\t<p>PSI-Polymer Systems Inc. ha anunciado que ha implementado un nuevo programa de servicio de reparaci\u00f3n \/ reconstrucci\u00f3n para bombas de engranajes, cambiadores de pantalla y mezcladores est\u00e1ticos para aplicaciones de extrusi\u00f3n. Este nuevo programa enfatiza el servicio y reparaci\u00f3n de marcas de equipos que no son PSI. Los tiempos de respuesta suelen ser de 24 horas o menos.<\/p><p>El nuevo centro de reparaci\u00f3n, ubicado en la sede de PSI en Hickory, Carolina del Norte, cuenta con todo el equipo necesario para realizar reparaciones y reconstrucciones, incluidos hornos de quemado, tornos y fresadoras, m\u00e1quinas de perlas de vidrio, prensas hidr\u00e1ulicas y maquinaria de soldadura. PSI tambi\u00e9n mantiene un gran inventario de repuestos para adaptarse a sus equipos, as\u00ed como a otras marcas l\u00edderes.<\/p><p>Rob Martin, Gerente General de PSI, explic\u00f3 que muchos procesadores est\u00e1n optando por reparar sus equipos existentes, una opci\u00f3n de menor costo que la compra de equipos nuevos. \u201cLos procesadores nos han preguntado en numerosas ocasiones si podr\u00edamos ayudarlos renovando sus equipos existentes que no son PSI\u201d, dijo. \u201cEn base a estas solicitudes, decidimos crear el centro de reparaci\u00f3n y convertirlo en una parte integral de lo que ofrece nuestra empresa\u201d.<\/p><p>\u201cEn el campo, hemos visto otras marcas de bombas de engranajes y cambiadores de pantalla en malas condiciones, y les hemos dicho a los procesadores que tenemos la capacidad de hacer que estos productos est\u00e9n como nuevos en un corto per\u00edodo de tiempo\u201d, dijo Martin. \u201cEs una opci\u00f3n atractiva; dar nueva vida a los equipos antiguos solo tiene sentido y ayuda a nuestros clientes a maximizar la productividad y las ganancias &quot;.\u00a0<\/p><p>Todas las piezas est\u00e1n garantizadas por un a\u00f1o y todos los productos y componentes est\u00e1n dise\u00f1ados y fabricados por PSI.\u00a0<\/p>\t\t\t\t\t\t\t\t<\/div>\n\t\t\t\t<\/div>\n\t\t\t\t\t<\/div>\n\t\t<\/div>\n\t\t\t\t<div class=\"elementor-column elementor-col-50 elementor-top-column elementor-element elementor-element-51655e22\" data-id=\"51655e22\" data-element_type=\"column\" data-e-type=\"column\">\n\t\t\t<div class=\"elementor-widget-wrap\">\n\t\t\t\t\t\t\t<\/div>\n\t\t<\/div>\n\t\t\t\t\t<\/div>\n\t\t<\/section>\n\t\t\t\t<\/div>","protected":false},"excerpt":{"rendered":"<p>PSI-Polymer Systems, Inc. anuncia un nuevo programa de reparaci\u00f3n \/ reconstrucci\u00f3n para bombas de engranajes, cambiadores de pantalla y mezcladores est\u00e1ticos para aplicaciones de extrusi\u00f3n Hickory, NC (9 de abril de 2008) PSI-Polymer Systems Inc. ha anunciado que ha implementado una nueva reparaci\u00f3n \/ programa de servicio de reconstrucci\u00f3n para bombas de engranajes, cambiadores de pantalla y mezcladores est\u00e1ticos para aplicaciones de extrusi\u00f3n. Este nuevo programa hace hincapi\u00e9 en el servicio y la reparaci\u00f3n de [\u2026]<\/p>","protected":false},"author":2,"featured_media":0,"parent":5833,"menu_order":0,"comment_status":"closed","ping_status":"closed","template":"","meta":{"_monsterinsights_skip_tracking":false,"_monsterinsights_sitenote_active":false,"_monsterinsights_sitenote_note":"","_monsterinsights_sitenote_category":0,"footnotes":""},"class_list":["post-6051","page","type-page","status-publish","hentry"],"yoast_head":"<!-- This site is optimized with the Yoast SEO Premium plugin v25.0 (Yoast SEO v25.0) - https:\/\/yoast.com\/wordpress\/plugins\/seo\/ -->\n<title>PSI-Polymer Systems Inc. Announces New Repair\/Rebuild Program for Gear Pumps, Screen Changers, and Static Mixers for Extrusion Applications Hickory, NC (April 9, 2008) - PSI-Polymer Systems<\/title>\n<meta name=\"robots\" content=\"index, follow, max-snippet:-1, max-image-preview:large, max-video-preview:-1\" \/>\n<link rel=\"canonical\" href=\"https:\/\/www.psi-polymersystems.com\/es\/about-us\/press-releases\/psi-polymer-systems-inc-announces-new-repair-rebuild-program-for-gear-pumps-screen-changers-and-static-mixers-for-extrusion-applications-hickory-nc-april-9-2008\/\" \/>\n<meta property=\"og:locale\" content=\"es_MX\" \/>\n<meta property=\"og:type\" content=\"article\" \/>\n<meta property=\"og:title\" content=\"PSI-Polymer Systems Inc. Announces New Repair\/Rebuild Program for Gear Pumps, Screen Changers, and Static Mixers for Extrusion Applications Hickory, NC (April 9, 2008)\" \/>\n<meta property=\"og:description\" content=\"PSI-Polymer Systems, Inc. Announces New Repair\/Rebuild Program for Gear Pumps, Screen Changers, and Static Mixers for Extrusion Applications Hickory, NC\" \/>\n<meta property=\"og:url\" content=\"https:\/\/www.psi-polymersystems.com\/es\/about-us\/press-releases\/psi-polymer-systems-inc-announces-new-repair-rebuild-program-for-gear-pumps-screen-changers-and-static-mixers-for-extrusion-applications-hickory-nc-april-9-2008\/\" \/>\n<meta property=\"og:site_name\" content=\"PSI-Polymer Systems\" \/>\n<meta property=\"article:publisher\" content=\"https:\/\/www.facebook.com\/psipolymersystems\/\" \/>\n<meta property=\"article:modified_time\" content=\"2020-09-23T15:18:07+00:00\" \/>\n<meta name=\"twitter:card\" content=\"summary_large_image\" \/>\n<meta name=\"twitter:label1\" content=\"Tiempo de lectura\" \/>\n\t<meta name=\"twitter:data1\" content=\"1 minuto\" \/>\n<script type=\"application\/ld+json\" class=\"yoast-schema-graph\">{\"@context\":\"https:\/\/schema.org\",\"@graph\":[{\"@type\":\"WebPage\",\"@id\":\"https:\/\/www.psi-polymersystems.com\/es\/about-us\/press-releases\/psi-polymer-systems-inc-announces-new-repair-rebuild-program-for-gear-pumps-screen-changers-and-static-mixers-for-extrusion-applications-hickory-nc-april-9-2008\/\",\"url\":\"https:\/\/www.psi-polymersystems.com\/es\/about-us\/press-releases\/psi-polymer-systems-inc-announces-new-repair-rebuild-program-for-gear-pumps-screen-changers-and-static-mixers-for-extrusion-applications-hickory-nc-april-9-2008\/\",\"name\":\"PSI-Polymer Systems Inc. Announces New Repair\/Rebuild Program for Gear Pumps, Screen Changers, and Static Mixers for Extrusion Applications Hickory, NC (April 9, 2008) - PSI-Polymer Systems\",\"isPartOf\":{\"@id\":\"https:\/\/www.psi-polymersystems.com\/#website\"},\"datePublished\":\"2020-09-23T15:15:08+00:00\",\"dateModified\":\"2020-09-23T15:18:07+00:00\",\"breadcrumb\":{\"@id\":\"https:\/\/www.psi-polymersystems.com\/es\/about-us\/press-releases\/psi-polymer-systems-inc-announces-new-repair-rebuild-program-for-gear-pumps-screen-changers-and-static-mixers-for-extrusion-applications-hickory-nc-april-9-2008\/#breadcrumb\"},\"inLanguage\":\"es\",\"potentialAction\":[{\"@type\":\"ReadAction\",\"target\":[\"https:\/\/www.psi-polymersystems.com\/es\/about-us\/press-releases\/psi-polymer-systems-inc-announces-new-repair-rebuild-program-for-gear-pumps-screen-changers-and-static-mixers-for-extrusion-applications-hickory-nc-april-9-2008\/\"]}]},{\"@type\":\"BreadcrumbList\",\"@id\":\"https:\/\/www.psi-polymersystems.com\/es\/about-us\/press-releases\/psi-polymer-systems-inc-announces-new-repair-rebuild-program-for-gear-pumps-screen-changers-and-static-mixers-for-extrusion-applications-hickory-nc-april-9-2008\/#breadcrumb\",\"itemListElement\":[{\"@type\":\"ListItem\",\"position\":1,\"name\":\"Home\",\"item\":\"https:\/\/www.psi-polymersystems.com\/\"},{\"@type\":\"ListItem\",\"position\":2,\"name\":\"About Us\",\"item\":\"https:\/\/www.psi-polymersystems.com\/about-us\/\"},{\"@type\":\"ListItem\",\"position\":3,\"name\":\"Press Releases\",\"item\":\"https:\/\/www.psi-polymersystems.com\/about-us\/press-releases\/\"},{\"@type\":\"ListItem\",\"position\":4,\"name\":\"PSI-Polymer Systems Inc. Announces New Repair\/Rebuild Program for Gear Pumps, Screen Changers, and Static Mixers for Extrusion Applications Hickory, NC (April 9, 2008)\"}]},{\"@type\":\"WebSite\",\"@id\":\"https:\/\/www.psi-polymersystems.com\/#website\",\"url\":\"https:\/\/www.psi-polymersystems.com\/\",\"name\":\"PSI-Polymer Systems\",\"description\":\"\",\"publisher\":{\"@id\":\"https:\/\/www.psi-polymersystems.com\/#organization\"},\"potentialAction\":[{\"@type\":\"SearchAction\",\"target\":{\"@type\":\"EntryPoint\",\"urlTemplate\":\"https:\/\/www.psi-polymersystems.com\/?s={search_term_string}\"},\"query-input\":{\"@type\":\"PropertyValueSpecification\",\"valueRequired\":true,\"valueName\":\"search_term_string\"}}],\"inLanguage\":\"es\"},{\"@type\":\"Organization\",\"@id\":\"https:\/\/www.psi-polymersystems.com\/#organization\",\"name\":\"PSI-Polymer Systems, Inc.\",\"url\":\"https:\/\/www.psi-polymersystems.com\/\",\"logo\":{\"@type\":\"ImageObject\",\"inLanguage\":\"es\",\"@id\":\"https:\/\/www.psi-polymersystems.com\/#\/schema\/logo\/image\/\",\"url\":\"\",\"contentUrl\":\"\",\"caption\":\"PSI-Polymer Systems, Inc.\"},\"image\":{\"@id\":\"https:\/\/www.psi-polymersystems.com\/#\/schema\/logo\/image\/\"},\"sameAs\":[\"https:\/\/www.facebook.com\/psipolymersystems\/\",\"https:\/\/www.linkedin.com\/showcase\/psi-polymer-systems\"]}]}<\/script>\n<!-- \/ Yoast SEO Premium plugin. -->","yoast_head_json":{"title":"PSI-Polymer Systems Inc. Announces New Repair\/Rebuild Program for Gear Pumps, Screen Changers, and Static Mixers for Extrusion Applications Hickory, NC (April 9, 2008) - PSI-Polymer Systems","robots":{"index":"index","follow":"follow","max-snippet":"max-snippet:-1","max-image-preview":"max-image-preview:large","max-video-preview":"max-video-preview:-1"},"canonical":"https:\/\/www.psi-polymersystems.com\/es\/about-us\/press-releases\/psi-polymer-systems-inc-announces-new-repair-rebuild-program-for-gear-pumps-screen-changers-and-static-mixers-for-extrusion-applications-hickory-nc-april-9-2008\/","og_locale":"es_MX","og_type":"article","og_title":"PSI-Polymer Systems Inc. Announces New Repair\/Rebuild Program for Gear Pumps, Screen Changers, and Static Mixers for Extrusion Applications Hickory, NC (April 9, 2008)","og_description":"PSI-Polymer Systems, Inc. Announces New Repair\/Rebuild Program for Gear Pumps, Screen Changers, and Static Mixers for Extrusion Applications Hickory, NC","og_url":"https:\/\/www.psi-polymersystems.com\/es\/about-us\/press-releases\/psi-polymer-systems-inc-announces-new-repair-rebuild-program-for-gear-pumps-screen-changers-and-static-mixers-for-extrusion-applications-hickory-nc-april-9-2008\/","og_site_name":"PSI-Polymer Systems","article_publisher":"https:\/\/www.facebook.com\/psipolymersystems\/","article_modified_time":"2020-09-23T15:18:07+00:00","twitter_card":"summary_large_image","twitter_misc":{"Tiempo de lectura":"1 minuto"},"schema":{"@context":"https:\/\/schema.org","@graph":[{"@type":"WebPage","@id":"https:\/\/www.psi-polymersystems.com\/es\/about-us\/press-releases\/psi-polymer-systems-inc-announces-new-repair-rebuild-program-for-gear-pumps-screen-changers-and-static-mixers-for-extrusion-applications-hickory-nc-april-9-2008\/","url":"https:\/\/www.psi-polymersystems.com\/es\/about-us\/press-releases\/psi-polymer-systems-inc-announces-new-repair-rebuild-program-for-gear-pumps-screen-changers-and-static-mixers-for-extrusion-applications-hickory-nc-april-9-2008\/","name":"PSI-Polymer Systems Inc. Announces New Repair\/Rebuild Program for Gear Pumps, Screen Changers, and Static Mixers for Extrusion Applications Hickory, NC (April 9, 2008) - PSI-Polymer Systems","isPartOf":{"@id":"https:\/\/www.psi-polymersystems.com\/#website"},"datePublished":"2020-09-23T15:15:08+00:00","dateModified":"2020-09-23T15:18:07+00:00","breadcrumb":{"@id":"https:\/\/www.psi-polymersystems.com\/es\/about-us\/press-releases\/psi-polymer-systems-inc-announces-new-repair-rebuild-program-for-gear-pumps-screen-changers-and-static-mixers-for-extrusion-applications-hickory-nc-april-9-2008\/#breadcrumb"},"inLanguage":"es","potentialAction":[{"@type":"ReadAction","target":["https:\/\/www.psi-polymersystems.com\/es\/about-us\/press-releases\/psi-polymer-systems-inc-announces-new-repair-rebuild-program-for-gear-pumps-screen-changers-and-static-mixers-for-extrusion-applications-hickory-nc-april-9-2008\/"]}]},{"@type":"BreadcrumbList","@id":"https:\/\/www.psi-polymersystems.com\/es\/about-us\/press-releases\/psi-polymer-systems-inc-announces-new-repair-rebuild-program-for-gear-pumps-screen-changers-and-static-mixers-for-extrusion-applications-hickory-nc-april-9-2008\/#breadcrumb","itemListElement":[{"@type":"ListItem","position":1,"name":"Home","item":"https:\/\/www.psi-polymersystems.com\/"},{"@type":"ListItem","position":2,"name":"About Us","item":"https:\/\/www.psi-polymersystems.com\/about-us\/"},{"@type":"ListItem","position":3,"name":"Press Releases","item":"https:\/\/www.psi-polymersystems.com\/about-us\/press-releases\/"},{"@type":"ListItem","position":4,"name":"PSI-Polymer Systems Inc. Announces New Repair\/Rebuild Program for Gear Pumps, Screen Changers, and Static Mixers for Extrusion Applications Hickory, NC (April 9, 2008)"}]},{"@type":"WebSite","@id":"https:\/\/www.psi-polymersystems.com\/#website","url":"https:\/\/www.psi-polymersystems.com\/","name":"PSI-Polymer Systems","description":"","publisher":{"@id":"https:\/\/www.psi-polymersystems.com\/#organization"},"potentialAction":[{"@type":"SearchAction","target":{"@type":"EntryPoint","urlTemplate":"https:\/\/www.psi-polymersystems.com\/?s={search_term_string}"},"query-input":{"@type":"PropertyValueSpecification","valueRequired":true,"valueName":"search_term_string"}}],"inLanguage":"es"},{"@type":"Organization","@id":"https:\/\/www.psi-polymersystems.com\/#organization","name":"PSI-Polymer Systems, Inc.","url":"https:\/\/www.psi-polymersystems.com\/","logo":{"@type":"ImageObject","inLanguage":"es","@id":"https:\/\/www.psi-polymersystems.com\/#\/schema\/logo\/image\/","url":"","contentUrl":"","caption":"PSI-Polymer Systems, Inc."},"image":{"@id":"https:\/\/www.psi-polymersystems.com\/#\/schema\/logo\/image\/"},"sameAs":["https:\/\/www.facebook.com\/psipolymersystems\/","https:\/\/www.linkedin.com\/showcase\/psi-polymer-systems"]}]}},"_links":{"self":[{"href":"https:\/\/www.psi-polymersystems.com\/es\/wp-json\/wp\/v2\/pages\/6051","targetHints":{"allow":["GET"]}}],"collection":[{"href":"https:\/\/www.psi-polymersystems.com\/es\/wp-json\/wp\/v2\/pages"}],"about":[{"href":"https:\/\/www.psi-polymersystems.com\/es\/wp-json\/wp\/v2\/types\/page"}],"author":[{"embeddable":true,"href":"https:\/\/www.psi-polymersystems.com\/es\/wp-json\/wp\/v2\/users\/2"}],"replies":[{"embeddable":true,"href":"https:\/\/www.psi-polymersystems.com\/es\/wp-json\/wp\/v2\/comments?post=6051"}],"version-history":[{"count":0,"href":"https:\/\/www.psi-polymersystems.com\/es\/wp-json\/wp\/v2\/pages\/6051\/revisions"}],"up":[{"embeddable":true,"href":"https:\/\/www.psi-polymersystems.com\/es\/wp-json\/wp\/v2\/pages\/5833"}],"wp:attachment":[{"href":"https:\/\/www.psi-polymersystems.com\/es\/wp-json\/wp\/v2\/media?parent=6051"}],"curies":[{"name":"wp","href":"https:\/\/api.w.org\/{rel}","templated":true}]}}