{"id":6055,"date":"2020-09-23T15:21:16","date_gmt":"2020-09-23T15:21:16","guid":{"rendered":"https:\/\/psi-polymersystems.com\/?page_id=6055"},"modified":"2020-09-23T15:26:36","modified_gmt":"2020-09-23T15:26:36","slug":"psi-polymer-systems-inc-introduces-new-line-of-hydraulic-screen-changers-for-twin-screw-extruder-applications-hickory-nc-may-7-2007","status":"publish","type":"page","link":"https:\/\/www.psi-polymersystems.com\/es\/about-us\/press-releases\/psi-polymer-systems-inc-introduces-new-line-of-hydraulic-screen-changers-for-twin-screw-extruder-applications-hickory-nc-may-7-2007\/","title":{"rendered":"PSI-Polymer Systems Inc. presenta una nueva l\u00ednea de cambiadores de pantalla hidr\u00e1ulicos para aplicaciones de extrusoras de doble tornillo Hickory, NC (7 de mayo de 2007)"},"content":{"rendered":"<div data-elementor-type=\"wp-page\" data-elementor-id=\"6055\" class=\"elementor elementor-6055\" data-elementor-post-type=\"page\">\n\t\t\t\t\t\t<section class=\"elementor-section elementor-top-section elementor-element elementor-element-2f0b2eaa elementor-section-boxed elementor-section-height-default elementor-section-height-default\" data-id=\"2f0b2eaa\" data-element_type=\"section\" data-e-type=\"section\">\n\t\t\t\t\t\t<div class=\"elementor-container elementor-column-gap-default\">\n\t\t\t\t\t<div class=\"elementor-column elementor-col-50 elementor-top-column elementor-element elementor-element-6e9ba672\" data-id=\"6e9ba672\" data-element_type=\"column\" data-e-type=\"column\">\n\t\t\t<div class=\"elementor-widget-wrap elementor-element-populated\">\n\t\t\t\t\t\t<div class=\"elementor-element elementor-element-54de8a4d elementor-widget elementor-widget-heading\" data-id=\"54de8a4d\" data-element_type=\"widget\" data-e-type=\"widget\" data-widget_type=\"heading.default\">\n\t\t\t\t<div class=\"elementor-widget-container\">\n\t\t\t\t\t<h2 class=\"elementor-heading-title elementor-size-default\">PSI-Polymer Systems, Inc. presenta una nueva l\u00ednea de cambiadores de pantalla hidr\u00e1ulicos para aplicaciones de extrusoras de doble tornillo Hickory, NC (7 de mayo de 2007)<\/h2>\t\t\t\t<\/div>\n\t\t\t\t<\/div>\n\t\t\t\t<div class=\"elementor-element elementor-element-3c49b952 elementor-widget elementor-widget-text-editor\" data-id=\"3c49b952\" data-element_type=\"widget\" data-e-type=\"widget\" data-widget_type=\"text-editor.default\">\n\t\t\t\t<div class=\"elementor-widget-container\">\n\t\t\t\t\t\t\t\t\t<p>PSI-Polymer Systems Inc. ha presentado una nueva l\u00ednea de cambiadores de pantalla de placa deslizante hidr\u00e1ulica dise\u00f1ados espec\u00edficamente para la filtraci\u00f3n de pol\u00edmeros en aplicaciones de extrusoras de doble tornillo.<\/p><p>La nueva serie \u201cHSC Oval\u201d de cambiadores de criba hidr\u00e1ulicos cuenta con cribas de forma ovalada y orificios de entrada con patr\u00f3n de \u201c8\u201d para adaptarse a las configuraciones del cilindro del extrusor de doble tornillo. Esto elimina las transiciones de flujo divergentes y las \u00e1reas de flujo estancadas que son t\u00edpicas de los modelos de la competencia que utilizan dise\u00f1os de orificios circulares equipados con adaptadores 8-0. La serie HSC Oval tambi\u00e9n permite que el tornillo de la extrusora se extienda hasta muy cerca de las pantallas y las placas rompedoras, y para mayor comodidad, el tornillo se puede quitar a trav\u00e9s del cambiador de pantalla sin desmontarlo.\u00a0<\/p><p>El flujo mejorado aguas abajo de la placa rompedora se logra reduciendo la trayectoria del flujo para que coincida con una entrada de matriz ovalada, lo que reduce a\u00fan m\u00e1s el inventario de pol\u00edmero y el tiempo de residencia. Los usuarios se benefician de poco o ning\u00fan tiempo de inactividad para cambiar de pantalla y tiempos de cambio de color o compuestos m\u00e1s r\u00e1pidos.<\/p><p>\u201cHemos desarrollado estos nuevos cambiadores de pantalla despu\u00e9s de escuchar a los usuarios de extrusoras de doble tornillo sobre algunos de los problemas inherentes a los dise\u00f1os existentes\u201d, dijo Dan Smith, vicepresidente de ventas y marketing de PSI. &quot;Las m\u00e1quinas de doble tornillo requieren un cambiador de pantalla especialmente dise\u00f1ado para un rendimiento superior y estamos seguros de que nuestra nueva serie HSC Oval cumple con este desaf\u00edo&quot;.<\/p><p>Los modelos de cambiadores de pantalla HSC Oval est\u00e1n disponibles para adaptarse a tama\u00f1os de extrusoras de 40 mm a 135 mm. \u201cCada aplicaci\u00f3n de doble tornillo es diferente, ya sea que est\u00e9 haciendo compuestos de color, extrusi\u00f3n de madera y pl\u00e1stico, l\u00e1minas u otros tipos de procesamiento\u201d, dijo Smith. &quot;Trabajamos en estrecha colaboraci\u00f3n con nuestros clientes para revisar todos los datos de la aplicaci\u00f3n y asegurarnos de que obtengan la mejor soluci\u00f3n de cambiador de pantalla para sus necesidades&quot;.<\/p>\t\t\t\t\t\t\t\t<\/div>\n\t\t\t\t<\/div>\n\t\t\t\t\t<\/div>\n\t\t<\/div>\n\t\t\t\t<div class=\"elementor-column elementor-col-50 elementor-top-column elementor-element elementor-element-7249a1a9\" data-id=\"7249a1a9\" data-element_type=\"column\" data-e-type=\"column\">\n\t\t\t<div class=\"elementor-widget-wrap\">\n\t\t\t\t\t\t\t<\/div>\n\t\t<\/div>\n\t\t\t\t\t<\/div>\n\t\t<\/section>\n\t\t\t\t<\/div>","protected":false},"excerpt":{"rendered":"<p>PSI-Polymer Systems, Inc. presenta una nueva l\u00ednea de cambiadores de pantalla hidr\u00e1ulicos para aplicaciones de extrusoras de doble tornillo Hickory, NC (7 de mayo de 2007) PSI-Polymer Systems Inc. ha presentado una nueva l\u00ednea de cambiadores de pantalla de placa deslizante hidr\u00e1ulica dise\u00f1ados espec\u00edficamente para pol\u00edmeros filtraci\u00f3n en aplicaciones de extrusoras de doble tornillo. La nueva serie \u201cHSC Oval\u201d de cambiadores de criba hidr\u00e1ulicos presenta cribas de forma ovalada y [\u2026]<\/p>","protected":false},"author":2,"featured_media":0,"parent":5833,"menu_order":0,"comment_status":"closed","ping_status":"closed","template":"","meta":{"_monsterinsights_skip_tracking":false,"_monsterinsights_sitenote_active":false,"_monsterinsights_sitenote_note":"","_monsterinsights_sitenote_category":0,"footnotes":""},"class_list":["post-6055","page","type-page","status-publish","hentry"],"yoast_head":"<!-- This site is optimized with the Yoast SEO Premium plugin v25.0 (Yoast SEO v25.0) - https:\/\/yoast.com\/wordpress\/plugins\/seo\/ -->\n<title>PSI-Polymer Systems Inc. Introduces New Line of Hydraulic Screen Changers for Twin-Screw Extruder Applications Hickory, NC (May 7, 2007) - PSI-Polymer Systems<\/title>\n<meta name=\"robots\" content=\"index, follow, max-snippet:-1, max-image-preview:large, max-video-preview:-1\" \/>\n<link rel=\"canonical\" href=\"https:\/\/www.psi-polymersystems.com\/es\/about-us\/press-releases\/psi-polymer-systems-inc-introduces-new-line-of-hydraulic-screen-changers-for-twin-screw-extruder-applications-hickory-nc-may-7-2007\/\" \/>\n<meta property=\"og:locale\" content=\"es_MX\" \/>\n<meta property=\"og:type\" content=\"article\" \/>\n<meta property=\"og:title\" content=\"PSI-Polymer Systems Inc. Introduces New Line of Hydraulic Screen Changers for Twin-Screw Extruder Applications Hickory, NC (May 7, 2007)\" \/>\n<meta property=\"og:description\" content=\"PSI-Polymer Systems, Inc. Introduces New Line of Hydraulic Screen Changers for Twin-Screw Extruder Applications Hickory, NC (May 7, 2007) PSI-Polymer\" \/>\n<meta property=\"og:url\" content=\"https:\/\/www.psi-polymersystems.com\/es\/about-us\/press-releases\/psi-polymer-systems-inc-introduces-new-line-of-hydraulic-screen-changers-for-twin-screw-extruder-applications-hickory-nc-may-7-2007\/\" \/>\n<meta property=\"og:site_name\" content=\"PSI-Polymer Systems\" \/>\n<meta property=\"article:publisher\" content=\"https:\/\/www.facebook.com\/psipolymersystems\/\" \/>\n<meta property=\"article:modified_time\" content=\"2020-09-23T15:26:36+00:00\" \/>\n<meta name=\"twitter:card\" content=\"summary_large_image\" \/>\n<meta name=\"twitter:label1\" content=\"Tiempo de lectura\" \/>\n\t<meta name=\"twitter:data1\" content=\"1 minuto\" \/>\n<script type=\"application\/ld+json\" class=\"yoast-schema-graph\">{\"@context\":\"https:\/\/schema.org\",\"@graph\":[{\"@type\":\"WebPage\",\"@id\":\"https:\/\/www.psi-polymersystems.com\/es\/about-us\/press-releases\/psi-polymer-systems-inc-introduces-new-line-of-hydraulic-screen-changers-for-twin-screw-extruder-applications-hickory-nc-may-7-2007\/\",\"url\":\"https:\/\/www.psi-polymersystems.com\/es\/about-us\/press-releases\/psi-polymer-systems-inc-introduces-new-line-of-hydraulic-screen-changers-for-twin-screw-extruder-applications-hickory-nc-may-7-2007\/\",\"name\":\"PSI-Polymer Systems Inc. Introduces New Line of Hydraulic Screen Changers for Twin-Screw Extruder Applications Hickory, NC (May 7, 2007) - PSI-Polymer Systems\",\"isPartOf\":{\"@id\":\"https:\/\/www.psi-polymersystems.com\/#website\"},\"datePublished\":\"2020-09-23T15:21:16+00:00\",\"dateModified\":\"2020-09-23T15:26:36+00:00\",\"breadcrumb\":{\"@id\":\"https:\/\/www.psi-polymersystems.com\/es\/about-us\/press-releases\/psi-polymer-systems-inc-introduces-new-line-of-hydraulic-screen-changers-for-twin-screw-extruder-applications-hickory-nc-may-7-2007\/#breadcrumb\"},\"inLanguage\":\"es\",\"potentialAction\":[{\"@type\":\"ReadAction\",\"target\":[\"https:\/\/www.psi-polymersystems.com\/es\/about-us\/press-releases\/psi-polymer-systems-inc-introduces-new-line-of-hydraulic-screen-changers-for-twin-screw-extruder-applications-hickory-nc-may-7-2007\/\"]}]},{\"@type\":\"BreadcrumbList\",\"@id\":\"https:\/\/www.psi-polymersystems.com\/es\/about-us\/press-releases\/psi-polymer-systems-inc-introduces-new-line-of-hydraulic-screen-changers-for-twin-screw-extruder-applications-hickory-nc-may-7-2007\/#breadcrumb\",\"itemListElement\":[{\"@type\":\"ListItem\",\"position\":1,\"name\":\"Home\",\"item\":\"https:\/\/www.psi-polymersystems.com\/\"},{\"@type\":\"ListItem\",\"position\":2,\"name\":\"About Us\",\"item\":\"https:\/\/www.psi-polymersystems.com\/about-us\/\"},{\"@type\":\"ListItem\",\"position\":3,\"name\":\"Press Releases\",\"item\":\"https:\/\/www.psi-polymersystems.com\/about-us\/press-releases\/\"},{\"@type\":\"ListItem\",\"position\":4,\"name\":\"PSI-Polymer Systems Inc. Introduces New Line of Hydraulic Screen Changers for Twin-Screw Extruder Applications Hickory, NC (May 7, 2007)\"}]},{\"@type\":\"WebSite\",\"@id\":\"https:\/\/www.psi-polymersystems.com\/#website\",\"url\":\"https:\/\/www.psi-polymersystems.com\/\",\"name\":\"PSI-Polymer Systems\",\"description\":\"\",\"publisher\":{\"@id\":\"https:\/\/www.psi-polymersystems.com\/#organization\"},\"potentialAction\":[{\"@type\":\"SearchAction\",\"target\":{\"@type\":\"EntryPoint\",\"urlTemplate\":\"https:\/\/www.psi-polymersystems.com\/?s={search_term_string}\"},\"query-input\":{\"@type\":\"PropertyValueSpecification\",\"valueRequired\":true,\"valueName\":\"search_term_string\"}}],\"inLanguage\":\"es\"},{\"@type\":\"Organization\",\"@id\":\"https:\/\/www.psi-polymersystems.com\/#organization\",\"name\":\"PSI-Polymer Systems, Inc.\",\"url\":\"https:\/\/www.psi-polymersystems.com\/\",\"logo\":{\"@type\":\"ImageObject\",\"inLanguage\":\"es\",\"@id\":\"https:\/\/www.psi-polymersystems.com\/#\/schema\/logo\/image\/\",\"url\":\"\",\"contentUrl\":\"\",\"caption\":\"PSI-Polymer Systems, Inc.\"},\"image\":{\"@id\":\"https:\/\/www.psi-polymersystems.com\/#\/schema\/logo\/image\/\"},\"sameAs\":[\"https:\/\/www.facebook.com\/psipolymersystems\/\",\"https:\/\/www.linkedin.com\/showcase\/psi-polymer-systems\"]}]}<\/script>\n<!-- \/ Yoast SEO Premium plugin. -->","yoast_head_json":{"title":"PSI-Polymer Systems Inc. Introduces New Line of Hydraulic Screen Changers for Twin-Screw Extruder Applications Hickory, NC (May 7, 2007) - PSI-Polymer Systems","robots":{"index":"index","follow":"follow","max-snippet":"max-snippet:-1","max-image-preview":"max-image-preview:large","max-video-preview":"max-video-preview:-1"},"canonical":"https:\/\/www.psi-polymersystems.com\/es\/about-us\/press-releases\/psi-polymer-systems-inc-introduces-new-line-of-hydraulic-screen-changers-for-twin-screw-extruder-applications-hickory-nc-may-7-2007\/","og_locale":"es_MX","og_type":"article","og_title":"PSI-Polymer Systems Inc. Introduces New Line of Hydraulic Screen Changers for Twin-Screw Extruder Applications Hickory, NC (May 7, 2007)","og_description":"PSI-Polymer Systems, Inc. Introduces New Line of Hydraulic Screen Changers for Twin-Screw Extruder Applications Hickory, NC (May 7, 2007) PSI-Polymer","og_url":"https:\/\/www.psi-polymersystems.com\/es\/about-us\/press-releases\/psi-polymer-systems-inc-introduces-new-line-of-hydraulic-screen-changers-for-twin-screw-extruder-applications-hickory-nc-may-7-2007\/","og_site_name":"PSI-Polymer Systems","article_publisher":"https:\/\/www.facebook.com\/psipolymersystems\/","article_modified_time":"2020-09-23T15:26:36+00:00","twitter_card":"summary_large_image","twitter_misc":{"Tiempo de lectura":"1 minuto"},"schema":{"@context":"https:\/\/schema.org","@graph":[{"@type":"WebPage","@id":"https:\/\/www.psi-polymersystems.com\/es\/about-us\/press-releases\/psi-polymer-systems-inc-introduces-new-line-of-hydraulic-screen-changers-for-twin-screw-extruder-applications-hickory-nc-may-7-2007\/","url":"https:\/\/www.psi-polymersystems.com\/es\/about-us\/press-releases\/psi-polymer-systems-inc-introduces-new-line-of-hydraulic-screen-changers-for-twin-screw-extruder-applications-hickory-nc-may-7-2007\/","name":"PSI-Polymer Systems Inc. Introduces New Line of Hydraulic Screen Changers for Twin-Screw Extruder Applications Hickory, NC (May 7, 2007) - PSI-Polymer Systems","isPartOf":{"@id":"https:\/\/www.psi-polymersystems.com\/#website"},"datePublished":"2020-09-23T15:21:16+00:00","dateModified":"2020-09-23T15:26:36+00:00","breadcrumb":{"@id":"https:\/\/www.psi-polymersystems.com\/es\/about-us\/press-releases\/psi-polymer-systems-inc-introduces-new-line-of-hydraulic-screen-changers-for-twin-screw-extruder-applications-hickory-nc-may-7-2007\/#breadcrumb"},"inLanguage":"es","potentialAction":[{"@type":"ReadAction","target":["https:\/\/www.psi-polymersystems.com\/es\/about-us\/press-releases\/psi-polymer-systems-inc-introduces-new-line-of-hydraulic-screen-changers-for-twin-screw-extruder-applications-hickory-nc-may-7-2007\/"]}]},{"@type":"BreadcrumbList","@id":"https:\/\/www.psi-polymersystems.com\/es\/about-us\/press-releases\/psi-polymer-systems-inc-introduces-new-line-of-hydraulic-screen-changers-for-twin-screw-extruder-applications-hickory-nc-may-7-2007\/#breadcrumb","itemListElement":[{"@type":"ListItem","position":1,"name":"Home","item":"https:\/\/www.psi-polymersystems.com\/"},{"@type":"ListItem","position":2,"name":"About Us","item":"https:\/\/www.psi-polymersystems.com\/about-us\/"},{"@type":"ListItem","position":3,"name":"Press Releases","item":"https:\/\/www.psi-polymersystems.com\/about-us\/press-releases\/"},{"@type":"ListItem","position":4,"name":"PSI-Polymer Systems Inc. Introduces New Line of Hydraulic Screen Changers for Twin-Screw Extruder Applications Hickory, NC (May 7, 2007)"}]},{"@type":"WebSite","@id":"https:\/\/www.psi-polymersystems.com\/#website","url":"https:\/\/www.psi-polymersystems.com\/","name":"PSI-Polymer Systems","description":"","publisher":{"@id":"https:\/\/www.psi-polymersystems.com\/#organization"},"potentialAction":[{"@type":"SearchAction","target":{"@type":"EntryPoint","urlTemplate":"https:\/\/www.psi-polymersystems.com\/?s={search_term_string}"},"query-input":{"@type":"PropertyValueSpecification","valueRequired":true,"valueName":"search_term_string"}}],"inLanguage":"es"},{"@type":"Organization","@id":"https:\/\/www.psi-polymersystems.com\/#organization","name":"PSI-Polymer Systems, Inc.","url":"https:\/\/www.psi-polymersystems.com\/","logo":{"@type":"ImageObject","inLanguage":"es","@id":"https:\/\/www.psi-polymersystems.com\/#\/schema\/logo\/image\/","url":"","contentUrl":"","caption":"PSI-Polymer Systems, Inc."},"image":{"@id":"https:\/\/www.psi-polymersystems.com\/#\/schema\/logo\/image\/"},"sameAs":["https:\/\/www.facebook.com\/psipolymersystems\/","https:\/\/www.linkedin.com\/showcase\/psi-polymer-systems"]}]}},"_links":{"self":[{"href":"https:\/\/www.psi-polymersystems.com\/es\/wp-json\/wp\/v2\/pages\/6055","targetHints":{"allow":["GET"]}}],"collection":[{"href":"https:\/\/www.psi-polymersystems.com\/es\/wp-json\/wp\/v2\/pages"}],"about":[{"href":"https:\/\/www.psi-polymersystems.com\/es\/wp-json\/wp\/v2\/types\/page"}],"author":[{"embeddable":true,"href":"https:\/\/www.psi-polymersystems.com\/es\/wp-json\/wp\/v2\/users\/2"}],"replies":[{"embeddable":true,"href":"https:\/\/www.psi-polymersystems.com\/es\/wp-json\/wp\/v2\/comments?post=6055"}],"version-history":[{"count":0,"href":"https:\/\/www.psi-polymersystems.com\/es\/wp-json\/wp\/v2\/pages\/6055\/revisions"}],"up":[{"embeddable":true,"href":"https:\/\/www.psi-polymersystems.com\/es\/wp-json\/wp\/v2\/pages\/5833"}],"wp:attachment":[{"href":"https:\/\/www.psi-polymersystems.com\/es\/wp-json\/wp\/v2\/media?parent=6055"}],"curies":[{"name":"wp","href":"https:\/\/api.w.org\/{rel}","templated":true}]}}