{"id":6059,"date":"2020-09-23T15:27:26","date_gmt":"2020-09-23T15:27:26","guid":{"rendered":"https:\/\/psi-polymersystems.com\/?page_id=6059"},"modified":"2020-09-23T15:28:59","modified_gmt":"2020-09-23T15:28:59","slug":"psi-polymer-systems-inc-receives-patent-on-leak-proof-seal-for-screen-changers-hickory-nc-march-13-2007","status":"publish","type":"page","link":"https:\/\/www.psi-polymersystems.com\/es\/about-us\/press-releases\/psi-polymer-systems-inc-receives-patent-on-leak-proof-seal-for-screen-changers-hickory-nc-march-13-2007\/","title":{"rendered":"PSI-Polymer Systems Inc. recibe la patente del sello a prueba de fugas para cambiadores de malla Hickory, NC (13 de marzo de 2007)"},"content":{"rendered":"<div data-elementor-type=\"wp-page\" data-elementor-id=\"6059\" class=\"elementor elementor-6059\" data-elementor-post-type=\"page\">\n\t\t\t\t\t\t<section class=\"elementor-section elementor-top-section elementor-element elementor-element-6c8ebd13 elementor-section-boxed elementor-section-height-default elementor-section-height-default\" data-id=\"6c8ebd13\" data-element_type=\"section\" data-e-type=\"section\">\n\t\t\t\t\t\t<div class=\"elementor-container elementor-column-gap-default\">\n\t\t\t\t\t<div class=\"elementor-column elementor-col-50 elementor-top-column elementor-element elementor-element-4a85f5e2\" data-id=\"4a85f5e2\" data-element_type=\"column\" data-e-type=\"column\">\n\t\t\t<div class=\"elementor-widget-wrap elementor-element-populated\">\n\t\t\t\t\t\t<div class=\"elementor-element elementor-element-3b27fae7 elementor-widget elementor-widget-heading\" data-id=\"3b27fae7\" data-element_type=\"widget\" data-e-type=\"widget\" data-widget_type=\"heading.default\">\n\t\t\t\t<div class=\"elementor-widget-container\">\n\t\t\t\t\t<h2 class=\"elementor-heading-title elementor-size-default\">PSI-Polymer Systems, Inc. recibe la patente del sello a prueba de fugas para cambiadores de pantalla Hickory, NC (13 de marzo de 2007)<\/h2>\t\t\t\t<\/div>\n\t\t\t\t<\/div>\n\t\t\t\t<div class=\"elementor-element elementor-element-9eeac7 elementor-widget elementor-widget-text-editor\" data-id=\"9eeac7\" data-element_type=\"widget\" data-e-type=\"widget\" data-widget_type=\"text-editor.default\">\n\t\t\t\t<div class=\"elementor-widget-container\">\n\t\t\t\t\t\t\t\t\t<p>PSI-Polymer Systems Inc. recibi\u00f3 la patente de EE. UU. N\u00famero 7,147,774 B2 del inventor Bart Jones por su &quot;Pressure Activated<br \/>Sello de por vida totalmente met\u00e1lico \u201dutilizado en su placa deslizante hidr\u00e1ulica modelo HSC y cambiadores de pantalla manuales modelo MSC.<\/p><p>El sello completamente met\u00e1lico, que viene de serie en los cambiadores de pantalla HSC y es opcional en los cambiadores de pantalla MSC, utiliza seis segmentos cortados con l\u00e1ser para sellar la placa deslizante a temperaturas desde la temperatura ambiente hasta 700 \u00b0 F y una presi\u00f3n de cabeza de 10,000 psi. El sello patentado elimina las \u00e1reas muertas asociadas con otros tipos de sellos totalmente met\u00e1licos y elimina la necesidad de anillos de tefl\u00f3n, que fallan a temperaturas elevadas, se deterioran con el tiempo y requieren reemplazo en todas las aplicaciones.<\/p><p><strong>\u00a0<\/strong>\u201cNos complace haber recibido la aprobaci\u00f3n de la patente de nuestro sello\u201d, dijo Glenn Woodcock, presidente de PSI. \u201cProporciona a nuestros clientes una gran ventaja, ya que soporta altas temperaturas, nunca requiere reemplazo o ajuste y dura toda la vida \u00fatil del cambiador de pantalla. Permite un procesamiento sin fugas y utiliza un dise\u00f1o optimizado que elimina la obstrucci\u00f3n del producto y el color &quot;.<\/p><p>El inventor del sello es Bart Jones de PSI, muy conocido en la industria de cambiadores de pantalla como el fundador de Extek, Inc., ahora parte de Xaloy Extrusion. &quot;Estamos felices de tener a Bart a bordo con nosotros aqu\u00ed en PSI&quot;, dijo Woodcock. &quot;Sus a\u00f1os de experiencia trabajando espec\u00edficamente con cambiadores de pantalla en la industria del pl\u00e1stico han demostrado ser invaluables para nosotros y, lo que es m\u00e1s importante, para nuestros clientes&quot;.<\/p><p><u>Cambiadores de pantalla PSI<\/u><\/p><p><strong>\u00a0<\/strong>Todos los cambiadores de pantalla PSI est\u00e1n disponibles con el sello de metal PSI patentado. Vienen de serie en la l\u00ednea de cambiadores de pantalla hidr\u00e1ulicos HSC, que est\u00e1 disponible para extrusoras de 2,5 \u201d(63,5 mm) a 10\u201d (254 mm), con salidas de 100 libras \/ hr a 10.000 lb \/ hr. La compa\u00f1\u00eda agreg\u00f3 recientemente sus cambiadores de pantalla modelo HSC-65 (165 mm) y modelo HSC-100 (254 mm) a la l\u00ednea de productos HSC.<\/p><p>El nuevo sello es opcional en la l\u00ednea de cambiador de pantalla manual PSI MSC, que est\u00e1 disponible en varios tama\u00f1os para salidas desde 15 lbs \/ hr hasta 4,800 lbs.\/hr.\u00a0<\/p>\t\t\t\t\t\t\t\t<\/div>\n\t\t\t\t<\/div>\n\t\t\t\t\t<\/div>\n\t\t<\/div>\n\t\t\t\t<div class=\"elementor-column elementor-col-50 elementor-top-column elementor-element elementor-element-5f1acb5f\" data-id=\"5f1acb5f\" data-element_type=\"column\" data-e-type=\"column\">\n\t\t\t<div class=\"elementor-widget-wrap\">\n\t\t\t\t\t\t\t<\/div>\n\t\t<\/div>\n\t\t\t\t\t<\/div>\n\t\t<\/section>\n\t\t\t\t<\/div>","protected":false},"excerpt":{"rendered":"<p>PSI-Polymer Systems, Inc. recibe la patente del sello a prueba de fugas para los cambiadores de pantalla Hickory, NC (13 de marzo de 2007) PSI-Polymer Systems Inc. recibi\u00f3 la patente de EE. Sello de metal de por vida\u201d utilizado en su placa deslizante hidr\u00e1ulica modelo HSC y cambiadores de pantalla manuales modelo MSC. Todo el metal [\u2026]<\/p>","protected":false},"author":2,"featured_media":0,"parent":5833,"menu_order":0,"comment_status":"closed","ping_status":"closed","template":"","meta":{"_monsterinsights_skip_tracking":false,"_monsterinsights_sitenote_active":false,"_monsterinsights_sitenote_note":"","_monsterinsights_sitenote_category":0,"footnotes":""},"class_list":["post-6059","page","type-page","status-publish","hentry"],"yoast_head":"<!-- This site is optimized with the Yoast SEO Premium plugin v25.0 (Yoast SEO v25.0) - https:\/\/yoast.com\/wordpress\/plugins\/seo\/ -->\n<title>PSI-Polymer Systems Inc. Receives Patent on Leak Proof Seal for Screen Changers Hickory, NC (March 13, 2007) - PSI-Polymer Systems<\/title>\n<meta name=\"robots\" content=\"index, follow, max-snippet:-1, max-image-preview:large, max-video-preview:-1\" \/>\n<link rel=\"canonical\" href=\"https:\/\/www.psi-polymersystems.com\/es\/about-us\/press-releases\/psi-polymer-systems-inc-receives-patent-on-leak-proof-seal-for-screen-changers-hickory-nc-march-13-2007\/\" \/>\n<meta property=\"og:locale\" content=\"es_MX\" \/>\n<meta property=\"og:type\" content=\"article\" \/>\n<meta property=\"og:title\" content=\"PSI-Polymer Systems Inc. Receives Patent on Leak Proof Seal for Screen Changers Hickory, NC (March 13, 2007)\" \/>\n<meta property=\"og:description\" content=\"PSI-Polymer Systems, Inc. Receives Patent on Leak-Proof Seal for Screen Changers Hickory, NC (March 13, 2007) PSI-Polymer Systems Inc. has been awarded\" \/>\n<meta property=\"og:url\" content=\"https:\/\/www.psi-polymersystems.com\/es\/about-us\/press-releases\/psi-polymer-systems-inc-receives-patent-on-leak-proof-seal-for-screen-changers-hickory-nc-march-13-2007\/\" \/>\n<meta property=\"og:site_name\" content=\"PSI-Polymer Systems\" \/>\n<meta property=\"article:publisher\" content=\"https:\/\/www.facebook.com\/psipolymersystems\/\" \/>\n<meta property=\"article:modified_time\" content=\"2020-09-23T15:28:59+00:00\" \/>\n<meta name=\"twitter:card\" content=\"summary_large_image\" \/>\n<meta name=\"twitter:label1\" content=\"Tiempo de lectura\" \/>\n\t<meta name=\"twitter:data1\" content=\"2 minutos\" \/>\n<script type=\"application\/ld+json\" class=\"yoast-schema-graph\">{\"@context\":\"https:\/\/schema.org\",\"@graph\":[{\"@type\":\"WebPage\",\"@id\":\"https:\/\/www.psi-polymersystems.com\/about-us\/press-releases\/psi-polymer-systems-inc-receives-patent-on-leak-proof-seal-for-screen-changers-hickory-nc-march-13-2007\/\",\"url\":\"https:\/\/www.psi-polymersystems.com\/about-us\/press-releases\/psi-polymer-systems-inc-receives-patent-on-leak-proof-seal-for-screen-changers-hickory-nc-march-13-2007\/\",\"name\":\"PSI-Polymer Systems Inc. Receives Patent on Leak Proof Seal for Screen Changers Hickory, NC (March 13, 2007) - PSI-Polymer Systems\",\"isPartOf\":{\"@id\":\"https:\/\/www.psi-polymersystems.com\/#website\"},\"datePublished\":\"2020-09-23T15:27:26+00:00\",\"dateModified\":\"2020-09-23T15:28:59+00:00\",\"breadcrumb\":{\"@id\":\"https:\/\/www.psi-polymersystems.com\/about-us\/press-releases\/psi-polymer-systems-inc-receives-patent-on-leak-proof-seal-for-screen-changers-hickory-nc-march-13-2007\/#breadcrumb\"},\"inLanguage\":\"es\",\"potentialAction\":[{\"@type\":\"ReadAction\",\"target\":[\"https:\/\/www.psi-polymersystems.com\/about-us\/press-releases\/psi-polymer-systems-inc-receives-patent-on-leak-proof-seal-for-screen-changers-hickory-nc-march-13-2007\/\"]}]},{\"@type\":\"BreadcrumbList\",\"@id\":\"https:\/\/www.psi-polymersystems.com\/about-us\/press-releases\/psi-polymer-systems-inc-receives-patent-on-leak-proof-seal-for-screen-changers-hickory-nc-march-13-2007\/#breadcrumb\",\"itemListElement\":[{\"@type\":\"ListItem\",\"position\":1,\"name\":\"Home\",\"item\":\"https:\/\/www.psi-polymersystems.com\/\"},{\"@type\":\"ListItem\",\"position\":2,\"name\":\"About Us\",\"item\":\"https:\/\/www.psi-polymersystems.com\/about-us\/\"},{\"@type\":\"ListItem\",\"position\":3,\"name\":\"Press Releases\",\"item\":\"https:\/\/www.psi-polymersystems.com\/about-us\/press-releases\/\"},{\"@type\":\"ListItem\",\"position\":4,\"name\":\"PSI-Polymer Systems Inc. Receives Patent on Leak Proof Seal for Screen Changers Hickory, NC (March 13, 2007)\"}]},{\"@type\":\"WebSite\",\"@id\":\"https:\/\/www.psi-polymersystems.com\/#website\",\"url\":\"https:\/\/www.psi-polymersystems.com\/\",\"name\":\"PSI-Polymer Systems\",\"description\":\"\",\"publisher\":{\"@id\":\"https:\/\/www.psi-polymersystems.com\/#organization\"},\"potentialAction\":[{\"@type\":\"SearchAction\",\"target\":{\"@type\":\"EntryPoint\",\"urlTemplate\":\"https:\/\/www.psi-polymersystems.com\/?s={search_term_string}\"},\"query-input\":{\"@type\":\"PropertyValueSpecification\",\"valueRequired\":true,\"valueName\":\"search_term_string\"}}],\"inLanguage\":\"es\"},{\"@type\":\"Organization\",\"@id\":\"https:\/\/www.psi-polymersystems.com\/#organization\",\"name\":\"PSI-Polymer Systems, Inc.\",\"url\":\"https:\/\/www.psi-polymersystems.com\/\",\"logo\":{\"@type\":\"ImageObject\",\"inLanguage\":\"es\",\"@id\":\"https:\/\/www.psi-polymersystems.com\/#\/schema\/logo\/image\/\",\"url\":\"\",\"contentUrl\":\"\",\"caption\":\"PSI-Polymer Systems, Inc.\"},\"image\":{\"@id\":\"https:\/\/www.psi-polymersystems.com\/#\/schema\/logo\/image\/\"},\"sameAs\":[\"https:\/\/www.facebook.com\/psipolymersystems\/\",\"https:\/\/www.linkedin.com\/showcase\/psi-polymer-systems\"]}]}<\/script>\n<!-- \/ Yoast SEO Premium plugin. -->","yoast_head_json":{"title":"PSI-Polymer Systems Inc. Receives Patent on Leak Proof Seal for Screen Changers Hickory, NC (March 13, 2007) - PSI-Polymer Systems","robots":{"index":"index","follow":"follow","max-snippet":"max-snippet:-1","max-image-preview":"max-image-preview:large","max-video-preview":"max-video-preview:-1"},"canonical":"https:\/\/www.psi-polymersystems.com\/es\/about-us\/press-releases\/psi-polymer-systems-inc-receives-patent-on-leak-proof-seal-for-screen-changers-hickory-nc-march-13-2007\/","og_locale":"es_MX","og_type":"article","og_title":"PSI-Polymer Systems Inc. Receives Patent on Leak Proof Seal for Screen Changers Hickory, NC (March 13, 2007)","og_description":"PSI-Polymer Systems, Inc. Receives Patent on Leak-Proof Seal for Screen Changers Hickory, NC (March 13, 2007) PSI-Polymer Systems Inc. has been awarded","og_url":"https:\/\/www.psi-polymersystems.com\/es\/about-us\/press-releases\/psi-polymer-systems-inc-receives-patent-on-leak-proof-seal-for-screen-changers-hickory-nc-march-13-2007\/","og_site_name":"PSI-Polymer Systems","article_publisher":"https:\/\/www.facebook.com\/psipolymersystems\/","article_modified_time":"2020-09-23T15:28:59+00:00","twitter_card":"summary_large_image","twitter_misc":{"Tiempo de lectura":"2 minutos"},"schema":{"@context":"https:\/\/schema.org","@graph":[{"@type":"WebPage","@id":"https:\/\/www.psi-polymersystems.com\/about-us\/press-releases\/psi-polymer-systems-inc-receives-patent-on-leak-proof-seal-for-screen-changers-hickory-nc-march-13-2007\/","url":"https:\/\/www.psi-polymersystems.com\/about-us\/press-releases\/psi-polymer-systems-inc-receives-patent-on-leak-proof-seal-for-screen-changers-hickory-nc-march-13-2007\/","name":"PSI-Polymer Systems Inc. Receives Patent on Leak Proof Seal for Screen Changers Hickory, NC (March 13, 2007) - PSI-Polymer Systems","isPartOf":{"@id":"https:\/\/www.psi-polymersystems.com\/#website"},"datePublished":"2020-09-23T15:27:26+00:00","dateModified":"2020-09-23T15:28:59+00:00","breadcrumb":{"@id":"https:\/\/www.psi-polymersystems.com\/about-us\/press-releases\/psi-polymer-systems-inc-receives-patent-on-leak-proof-seal-for-screen-changers-hickory-nc-march-13-2007\/#breadcrumb"},"inLanguage":"es","potentialAction":[{"@type":"ReadAction","target":["https:\/\/www.psi-polymersystems.com\/about-us\/press-releases\/psi-polymer-systems-inc-receives-patent-on-leak-proof-seal-for-screen-changers-hickory-nc-march-13-2007\/"]}]},{"@type":"BreadcrumbList","@id":"https:\/\/www.psi-polymersystems.com\/about-us\/press-releases\/psi-polymer-systems-inc-receives-patent-on-leak-proof-seal-for-screen-changers-hickory-nc-march-13-2007\/#breadcrumb","itemListElement":[{"@type":"ListItem","position":1,"name":"Home","item":"https:\/\/www.psi-polymersystems.com\/"},{"@type":"ListItem","position":2,"name":"About Us","item":"https:\/\/www.psi-polymersystems.com\/about-us\/"},{"@type":"ListItem","position":3,"name":"Press Releases","item":"https:\/\/www.psi-polymersystems.com\/about-us\/press-releases\/"},{"@type":"ListItem","position":4,"name":"PSI-Polymer Systems Inc. Receives Patent on Leak Proof Seal for Screen Changers Hickory, NC (March 13, 2007)"}]},{"@type":"WebSite","@id":"https:\/\/www.psi-polymersystems.com\/#website","url":"https:\/\/www.psi-polymersystems.com\/","name":"PSI-Polymer Systems","description":"","publisher":{"@id":"https:\/\/www.psi-polymersystems.com\/#organization"},"potentialAction":[{"@type":"SearchAction","target":{"@type":"EntryPoint","urlTemplate":"https:\/\/www.psi-polymersystems.com\/?s={search_term_string}"},"query-input":{"@type":"PropertyValueSpecification","valueRequired":true,"valueName":"search_term_string"}}],"inLanguage":"es"},{"@type":"Organization","@id":"https:\/\/www.psi-polymersystems.com\/#organization","name":"PSI-Polymer Systems, Inc.","url":"https:\/\/www.psi-polymersystems.com\/","logo":{"@type":"ImageObject","inLanguage":"es","@id":"https:\/\/www.psi-polymersystems.com\/#\/schema\/logo\/image\/","url":"","contentUrl":"","caption":"PSI-Polymer Systems, Inc."},"image":{"@id":"https:\/\/www.psi-polymersystems.com\/#\/schema\/logo\/image\/"},"sameAs":["https:\/\/www.facebook.com\/psipolymersystems\/","https:\/\/www.linkedin.com\/showcase\/psi-polymer-systems"]}]}},"_links":{"self":[{"href":"https:\/\/www.psi-polymersystems.com\/es\/wp-json\/wp\/v2\/pages\/6059","targetHints":{"allow":["GET"]}}],"collection":[{"href":"https:\/\/www.psi-polymersystems.com\/es\/wp-json\/wp\/v2\/pages"}],"about":[{"href":"https:\/\/www.psi-polymersystems.com\/es\/wp-json\/wp\/v2\/types\/page"}],"author":[{"embeddable":true,"href":"https:\/\/www.psi-polymersystems.com\/es\/wp-json\/wp\/v2\/users\/2"}],"replies":[{"embeddable":true,"href":"https:\/\/www.psi-polymersystems.com\/es\/wp-json\/wp\/v2\/comments?post=6059"}],"version-history":[{"count":0,"href":"https:\/\/www.psi-polymersystems.com\/es\/wp-json\/wp\/v2\/pages\/6059\/revisions"}],"up":[{"embeddable":true,"href":"https:\/\/www.psi-polymersystems.com\/es\/wp-json\/wp\/v2\/pages\/5833"}],"wp:attachment":[{"href":"https:\/\/www.psi-polymersystems.com\/es\/wp-json\/wp\/v2\/media?parent=6059"}],"curies":[{"name":"wp","href":"https:\/\/api.w.org\/{rel}","templated":true}]}}