{"id":6064,"date":"2020-09-23T17:17:09","date_gmt":"2020-09-23T17:17:09","guid":{"rendered":"https:\/\/psi-polymersystems.com\/?page_id=6064"},"modified":"2020-09-23T17:18:38","modified_gmt":"2020-09-23T17:18:38","slug":"psi-polymer-systems-inc-introduces-new-high-pressure-gear-pump-hickory-nc-january-31-2005","status":"publish","type":"page","link":"https:\/\/www.psi-polymersystems.com\/es\/about-us\/press-releases\/psi-polymer-systems-inc-introduces-new-high-pressure-gear-pump-hickory-nc-january-31-2005\/","title":{"rendered":"PSI-Polymer Systems Inc. presenta la nueva bomba de engranajes de alta presi\u00f3n Hickory, NC (31 de enero de 2005)"},"content":{"rendered":"<div data-elementor-type=\"wp-page\" data-elementor-id=\"6064\" class=\"elementor elementor-6064\" data-elementor-post-type=\"page\">\n\t\t\t\t\t\t<section class=\"elementor-section elementor-top-section elementor-element elementor-element-67ed1b87 elementor-section-boxed elementor-section-height-default elementor-section-height-default\" data-id=\"67ed1b87\" data-element_type=\"section\" data-e-type=\"section\">\n\t\t\t\t\t\t<div class=\"elementor-container elementor-column-gap-default\">\n\t\t\t\t\t<div class=\"elementor-column elementor-col-50 elementor-top-column elementor-element elementor-element-29d15b8d\" data-id=\"29d15b8d\" data-element_type=\"column\" data-e-type=\"column\">\n\t\t\t<div class=\"elementor-widget-wrap elementor-element-populated\">\n\t\t\t\t\t\t<div class=\"elementor-element elementor-element-5f81ac0 elementor-widget elementor-widget-heading\" data-id=\"5f81ac0\" data-element_type=\"widget\" data-e-type=\"widget\" data-widget_type=\"heading.default\">\n\t\t\t\t<div class=\"elementor-widget-container\">\n\t\t\t\t\t<h2 class=\"elementor-heading-title elementor-size-default\">PSI-Polymer Systems, Inc. presenta la nueva bomba de engranajes de alta presi\u00f3n Hickory, NC (31 de enero de 2005)<\/h2>\t\t\t\t<\/div>\n\t\t\t\t<\/div>\n\t\t\t\t<div class=\"elementor-element elementor-element-50a17b86 elementor-widget elementor-widget-text-editor\" data-id=\"50a17b86\" data-element_type=\"widget\" data-e-type=\"widget\" data-widget_type=\"text-editor.default\">\n\t\t\t\t<div class=\"elementor-widget-container\">\n\t\t\t\t\t\t\t\t\t<p>PSI-Polymer Systems Inc. ha presentado una nueva bomba de engranajes de alta presi\u00f3n (HGP). Este producto es ideal para los procesos de extrusi\u00f3n m\u00e1s exigentes. Est\u00e1 dise\u00f1ado para procesar materiales rellenos altamente viscosos y puede operar a presiones de hasta 10,000 psi y temperaturas de hasta 600 \u00b0 F.<\/p><p>El HGP mide con precisi\u00f3n el pol\u00edmero y la presi\u00f3n desde la extrusora hasta la matriz, lo que proporciona una salida constante, un control de calibre preciso y un producto final de mayor calidad. Est\u00e1 montado entre la extrusora y el cabezal de la matriz para eliminar cualquier variaci\u00f3n del proceso que se inicie en la extrusora.\u00a0<\/p><p>El HGP representa una adici\u00f3n a la l\u00ednea de productos de bombas de engranajes PSI existente. La bomba de engranajes de extrusi\u00f3n (EGP) de la compa\u00f1\u00eda opera en l\u00edneas de extrusi\u00f3n con presiones de hasta 5,000 psi. \u201cCon aplicaciones de alta presi\u00f3n, es a\u00fan m\u00e1s cr\u00edtico para los procesadores de extrusi\u00f3n garantizar un flujo constante de pol\u00edmero y presi\u00f3n en la matriz\u201d, dijo Glenn Woodcock, presidente de PSI. &quot;Esta bomba permite un esfuerzo cortante m\u00e1s bajo, un menor consumo de energ\u00eda, temperaturas de procesamiento m\u00e1s bajas, menos desechos y, en \u00faltima instancia, tasas de producci\u00f3n m\u00e1s altas&quot;.<\/p><p><u>Caracter\u00edsticas y beneficios de HGP<\/u><\/p><p>El nuevo HGP funciona sin fugas a presiones de hasta 10,000 psi y temperaturas de hasta 600 \u00b0 F. Todas las piezas se fabrican seg\u00fan las normas ISO-9002. Cuenta con engranajes de acero para herramientas endurecido, un eje de transmisi\u00f3n con presi\u00f3n equilibrada y una construcci\u00f3n general de servicio pesado para un rendimiento superior en los entornos de procesamiento m\u00e1s extremos.\u00a0 \u00a0<\/p><p>Las aplicaciones t\u00edpicas del HGP incluyen l\u00e1minas extruidas, revestimientos, tuber\u00edas y perfiles, alambres y cables, tuber\u00edas y perfiles, pel\u00edculas sopladas y pel\u00edculas fundidas. Es la soluci\u00f3n ideal para usar con materiales degradables, FPVC y otros materiales corrosivos.\u00a0<\/p>\t\t\t\t\t\t\t\t<\/div>\n\t\t\t\t<\/div>\n\t\t\t\t\t<\/div>\n\t\t<\/div>\n\t\t\t\t<div class=\"elementor-column elementor-col-50 elementor-top-column elementor-element elementor-element-2e39b89c\" data-id=\"2e39b89c\" data-element_type=\"column\" data-e-type=\"column\">\n\t\t\t<div class=\"elementor-widget-wrap\">\n\t\t\t\t\t\t\t<\/div>\n\t\t<\/div>\n\t\t\t\t\t<\/div>\n\t\t<\/section>\n\t\t\t\t<\/div>","protected":false},"excerpt":{"rendered":"<p>PSI-Polymer Systems, Inc. presenta la nueva bomba de engranajes de alta presi\u00f3n Hickory, NC (31 de enero de 2005) PSI-Polymer Systems Inc. ha presentado una nueva bomba de engranajes de alta presi\u00f3n (HGP). Este producto es ideal para la extrusi\u00f3n m\u00e1s exigente Procesos. Est\u00e1 dise\u00f1ado para procesar materiales rellenos de alta viscosidad y puede funcionar a presiones de hasta 10.000 [\u2026]<\/p>","protected":false},"author":2,"featured_media":0,"parent":5833,"menu_order":0,"comment_status":"closed","ping_status":"closed","template":"","meta":{"_monsterinsights_skip_tracking":false,"_monsterinsights_sitenote_active":false,"_monsterinsights_sitenote_note":"","_monsterinsights_sitenote_category":0,"footnotes":""},"class_list":["post-6064","page","type-page","status-publish","hentry"],"yoast_head":"<!-- This site is optimized with the Yoast SEO Premium plugin v25.0 (Yoast SEO v25.0) - https:\/\/yoast.com\/wordpress\/plugins\/seo\/ -->\n<title>PSI-Polymer Systems Inc. Introduces New High Pressure Gear Pump Hickory, NC (January 31, 2005) - PSI-Polymer Systems<\/title>\n<meta name=\"robots\" content=\"index, follow, max-snippet:-1, max-image-preview:large, max-video-preview:-1\" \/>\n<link rel=\"canonical\" href=\"https:\/\/www.psi-polymersystems.com\/es\/about-us\/press-releases\/psi-polymer-systems-inc-introduces-new-high-pressure-gear-pump-hickory-nc-january-31-2005\/\" \/>\n<meta property=\"og:locale\" content=\"es_MX\" \/>\n<meta property=\"og:type\" content=\"article\" \/>\n<meta property=\"og:title\" content=\"PSI-Polymer Systems Inc. Introduces New High Pressure Gear Pump Hickory, NC (January 31, 2005)\" \/>\n<meta property=\"og:description\" content=\"PSI-Polymer Systems, Inc. Introduces New High Pressure Gear Pump Hickory, NC (January 31, 2005) A new high pressure gear pump (HGP) has been introduced by\" \/>\n<meta property=\"og:url\" content=\"https:\/\/www.psi-polymersystems.com\/es\/about-us\/press-releases\/psi-polymer-systems-inc-introduces-new-high-pressure-gear-pump-hickory-nc-january-31-2005\/\" \/>\n<meta property=\"og:site_name\" content=\"PSI-Polymer Systems\" \/>\n<meta property=\"article:publisher\" content=\"https:\/\/www.facebook.com\/psipolymersystems\/\" \/>\n<meta property=\"article:modified_time\" content=\"2020-09-23T17:18:38+00:00\" \/>\n<meta name=\"twitter:card\" content=\"summary_large_image\" \/>\n<meta name=\"twitter:label1\" content=\"Tiempo de lectura\" \/>\n\t<meta name=\"twitter:data1\" content=\"1 minuto\" \/>\n<script type=\"application\/ld+json\" class=\"yoast-schema-graph\">{\"@context\":\"https:\/\/schema.org\",\"@graph\":[{\"@type\":\"WebPage\",\"@id\":\"https:\/\/www.psi-polymersystems.com\/about-us\/press-releases\/psi-polymer-systems-inc-introduces-new-high-pressure-gear-pump-hickory-nc-january-31-2005\/\",\"url\":\"https:\/\/www.psi-polymersystems.com\/about-us\/press-releases\/psi-polymer-systems-inc-introduces-new-high-pressure-gear-pump-hickory-nc-january-31-2005\/\",\"name\":\"PSI-Polymer Systems Inc. Introduces New High Pressure Gear Pump Hickory, NC (January 31, 2005) - PSI-Polymer Systems\",\"isPartOf\":{\"@id\":\"https:\/\/www.psi-polymersystems.com\/#website\"},\"datePublished\":\"2020-09-23T17:17:09+00:00\",\"dateModified\":\"2020-09-23T17:18:38+00:00\",\"breadcrumb\":{\"@id\":\"https:\/\/www.psi-polymersystems.com\/about-us\/press-releases\/psi-polymer-systems-inc-introduces-new-high-pressure-gear-pump-hickory-nc-january-31-2005\/#breadcrumb\"},\"inLanguage\":\"es\",\"potentialAction\":[{\"@type\":\"ReadAction\",\"target\":[\"https:\/\/www.psi-polymersystems.com\/about-us\/press-releases\/psi-polymer-systems-inc-introduces-new-high-pressure-gear-pump-hickory-nc-january-31-2005\/\"]}]},{\"@type\":\"BreadcrumbList\",\"@id\":\"https:\/\/www.psi-polymersystems.com\/about-us\/press-releases\/psi-polymer-systems-inc-introduces-new-high-pressure-gear-pump-hickory-nc-january-31-2005\/#breadcrumb\",\"itemListElement\":[{\"@type\":\"ListItem\",\"position\":1,\"name\":\"Home\",\"item\":\"https:\/\/www.psi-polymersystems.com\/\"},{\"@type\":\"ListItem\",\"position\":2,\"name\":\"About Us\",\"item\":\"https:\/\/www.psi-polymersystems.com\/about-us\/\"},{\"@type\":\"ListItem\",\"position\":3,\"name\":\"Press Releases\",\"item\":\"https:\/\/www.psi-polymersystems.com\/about-us\/press-releases\/\"},{\"@type\":\"ListItem\",\"position\":4,\"name\":\"PSI-Polymer Systems Inc. Introduces New High Pressure Gear Pump Hickory, NC (January 31, 2005)\"}]},{\"@type\":\"WebSite\",\"@id\":\"https:\/\/www.psi-polymersystems.com\/#website\",\"url\":\"https:\/\/www.psi-polymersystems.com\/\",\"name\":\"PSI-Polymer Systems\",\"description\":\"\",\"publisher\":{\"@id\":\"https:\/\/www.psi-polymersystems.com\/#organization\"},\"potentialAction\":[{\"@type\":\"SearchAction\",\"target\":{\"@type\":\"EntryPoint\",\"urlTemplate\":\"https:\/\/www.psi-polymersystems.com\/?s={search_term_string}\"},\"query-input\":{\"@type\":\"PropertyValueSpecification\",\"valueRequired\":true,\"valueName\":\"search_term_string\"}}],\"inLanguage\":\"es\"},{\"@type\":\"Organization\",\"@id\":\"https:\/\/www.psi-polymersystems.com\/#organization\",\"name\":\"PSI-Polymer Systems, Inc.\",\"url\":\"https:\/\/www.psi-polymersystems.com\/\",\"logo\":{\"@type\":\"ImageObject\",\"inLanguage\":\"es\",\"@id\":\"https:\/\/www.psi-polymersystems.com\/#\/schema\/logo\/image\/\",\"url\":\"\",\"contentUrl\":\"\",\"caption\":\"PSI-Polymer Systems, Inc.\"},\"image\":{\"@id\":\"https:\/\/www.psi-polymersystems.com\/#\/schema\/logo\/image\/\"},\"sameAs\":[\"https:\/\/www.facebook.com\/psipolymersystems\/\",\"https:\/\/www.linkedin.com\/showcase\/psi-polymer-systems\"]}]}<\/script>\n<!-- \/ Yoast SEO Premium plugin. -->","yoast_head_json":{"title":"PSI-Polymer Systems Inc. Introduces New High Pressure Gear Pump Hickory, NC (January 31, 2005) - PSI-Polymer Systems","robots":{"index":"index","follow":"follow","max-snippet":"max-snippet:-1","max-image-preview":"max-image-preview:large","max-video-preview":"max-video-preview:-1"},"canonical":"https:\/\/www.psi-polymersystems.com\/es\/about-us\/press-releases\/psi-polymer-systems-inc-introduces-new-high-pressure-gear-pump-hickory-nc-january-31-2005\/","og_locale":"es_MX","og_type":"article","og_title":"PSI-Polymer Systems Inc. Introduces New High Pressure Gear Pump Hickory, NC (January 31, 2005)","og_description":"PSI-Polymer Systems, Inc. Introduces New High Pressure Gear Pump Hickory, NC (January 31, 2005) A new high pressure gear pump (HGP) has been introduced by","og_url":"https:\/\/www.psi-polymersystems.com\/es\/about-us\/press-releases\/psi-polymer-systems-inc-introduces-new-high-pressure-gear-pump-hickory-nc-january-31-2005\/","og_site_name":"PSI-Polymer Systems","article_publisher":"https:\/\/www.facebook.com\/psipolymersystems\/","article_modified_time":"2020-09-23T17:18:38+00:00","twitter_card":"summary_large_image","twitter_misc":{"Tiempo de lectura":"1 minuto"},"schema":{"@context":"https:\/\/schema.org","@graph":[{"@type":"WebPage","@id":"https:\/\/www.psi-polymersystems.com\/about-us\/press-releases\/psi-polymer-systems-inc-introduces-new-high-pressure-gear-pump-hickory-nc-january-31-2005\/","url":"https:\/\/www.psi-polymersystems.com\/about-us\/press-releases\/psi-polymer-systems-inc-introduces-new-high-pressure-gear-pump-hickory-nc-january-31-2005\/","name":"PSI-Polymer Systems Inc. Introduces New High Pressure Gear Pump Hickory, NC (January 31, 2005) - PSI-Polymer Systems","isPartOf":{"@id":"https:\/\/www.psi-polymersystems.com\/#website"},"datePublished":"2020-09-23T17:17:09+00:00","dateModified":"2020-09-23T17:18:38+00:00","breadcrumb":{"@id":"https:\/\/www.psi-polymersystems.com\/about-us\/press-releases\/psi-polymer-systems-inc-introduces-new-high-pressure-gear-pump-hickory-nc-january-31-2005\/#breadcrumb"},"inLanguage":"es","potentialAction":[{"@type":"ReadAction","target":["https:\/\/www.psi-polymersystems.com\/about-us\/press-releases\/psi-polymer-systems-inc-introduces-new-high-pressure-gear-pump-hickory-nc-january-31-2005\/"]}]},{"@type":"BreadcrumbList","@id":"https:\/\/www.psi-polymersystems.com\/about-us\/press-releases\/psi-polymer-systems-inc-introduces-new-high-pressure-gear-pump-hickory-nc-january-31-2005\/#breadcrumb","itemListElement":[{"@type":"ListItem","position":1,"name":"Home","item":"https:\/\/www.psi-polymersystems.com\/"},{"@type":"ListItem","position":2,"name":"About Us","item":"https:\/\/www.psi-polymersystems.com\/about-us\/"},{"@type":"ListItem","position":3,"name":"Press Releases","item":"https:\/\/www.psi-polymersystems.com\/about-us\/press-releases\/"},{"@type":"ListItem","position":4,"name":"PSI-Polymer Systems Inc. Introduces New High Pressure Gear Pump Hickory, NC (January 31, 2005)"}]},{"@type":"WebSite","@id":"https:\/\/www.psi-polymersystems.com\/#website","url":"https:\/\/www.psi-polymersystems.com\/","name":"PSI-Polymer Systems","description":"","publisher":{"@id":"https:\/\/www.psi-polymersystems.com\/#organization"},"potentialAction":[{"@type":"SearchAction","target":{"@type":"EntryPoint","urlTemplate":"https:\/\/www.psi-polymersystems.com\/?s={search_term_string}"},"query-input":{"@type":"PropertyValueSpecification","valueRequired":true,"valueName":"search_term_string"}}],"inLanguage":"es"},{"@type":"Organization","@id":"https:\/\/www.psi-polymersystems.com\/#organization","name":"PSI-Polymer Systems, Inc.","url":"https:\/\/www.psi-polymersystems.com\/","logo":{"@type":"ImageObject","inLanguage":"es","@id":"https:\/\/www.psi-polymersystems.com\/#\/schema\/logo\/image\/","url":"","contentUrl":"","caption":"PSI-Polymer Systems, Inc."},"image":{"@id":"https:\/\/www.psi-polymersystems.com\/#\/schema\/logo\/image\/"},"sameAs":["https:\/\/www.facebook.com\/psipolymersystems\/","https:\/\/www.linkedin.com\/showcase\/psi-polymer-systems"]}]}},"_links":{"self":[{"href":"https:\/\/www.psi-polymersystems.com\/es\/wp-json\/wp\/v2\/pages\/6064","targetHints":{"allow":["GET"]}}],"collection":[{"href":"https:\/\/www.psi-polymersystems.com\/es\/wp-json\/wp\/v2\/pages"}],"about":[{"href":"https:\/\/www.psi-polymersystems.com\/es\/wp-json\/wp\/v2\/types\/page"}],"author":[{"embeddable":true,"href":"https:\/\/www.psi-polymersystems.com\/es\/wp-json\/wp\/v2\/users\/2"}],"replies":[{"embeddable":true,"href":"https:\/\/www.psi-polymersystems.com\/es\/wp-json\/wp\/v2\/comments?post=6064"}],"version-history":[{"count":0,"href":"https:\/\/www.psi-polymersystems.com\/es\/wp-json\/wp\/v2\/pages\/6064\/revisions"}],"up":[{"embeddable":true,"href":"https:\/\/www.psi-polymersystems.com\/es\/wp-json\/wp\/v2\/pages\/5833"}],"wp:attachment":[{"href":"https:\/\/www.psi-polymersystems.com\/es\/wp-json\/wp\/v2\/media?parent=6064"}],"curies":[{"name":"wp","href":"https:\/\/api.w.org\/{rel}","templated":true}]}}