{"id":6068,"date":"2020-09-23T17:21:49","date_gmt":"2020-09-23T17:21:49","guid":{"rendered":"https:\/\/psi-polymersystems.com\/?page_id=6068"},"modified":"2020-09-23T17:23:42","modified_gmt":"2020-09-23T17:23:42","slug":"psi-polymer-systems-inc-introduces-new-continuous-backflush-screen-changer-hickory-nc-december-7-2004","status":"publish","type":"page","link":"https:\/\/www.psi-polymersystems.com\/es\/about-us\/press-releases\/psi-polymer-systems-inc-introduces-new-continuous-backflush-screen-changer-hickory-nc-december-7-2004\/","title":{"rendered":"PSI-Polymer Systems Inc. presenta el nuevo cambiador de mallas de retrolavado continuo Hickory, NC (7 de diciembre de 2004)"},"content":{"rendered":"<div data-elementor-type=\"wp-page\" data-elementor-id=\"6068\" class=\"elementor elementor-6068\" data-elementor-post-type=\"page\">\n\t\t\t\t\t\t<section class=\"elementor-section elementor-top-section elementor-element elementor-element-6f5bb3fa elementor-section-boxed elementor-section-height-default elementor-section-height-default\" data-id=\"6f5bb3fa\" data-element_type=\"section\" data-e-type=\"section\">\n\t\t\t\t\t\t<div class=\"elementor-container elementor-column-gap-default\">\n\t\t\t\t\t<div class=\"elementor-column elementor-col-50 elementor-top-column elementor-element elementor-element-1d0bfecc\" data-id=\"1d0bfecc\" data-element_type=\"column\" data-e-type=\"column\">\n\t\t\t<div class=\"elementor-widget-wrap elementor-element-populated\">\n\t\t\t\t\t\t<div class=\"elementor-element elementor-element-28def0c2 elementor-widget elementor-widget-heading\" data-id=\"28def0c2\" data-element_type=\"widget\" data-e-type=\"widget\" data-widget_type=\"heading.default\">\n\t\t\t\t<div class=\"elementor-widget-container\">\n\t\t\t\t\t<h2 class=\"elementor-heading-title elementor-size-default\">PSI-Polymer Systems, Inc. presenta el nuevo cambiador de mallas de retrolavado continuo Hickory, NC (7 de diciembre de 2004)<\/h2>\t\t\t\t<\/div>\n\t\t\t\t<\/div>\n\t\t\t\t<div class=\"elementor-element elementor-element-50830895 elementor-widget elementor-widget-text-editor\" data-id=\"50830895\" data-element_type=\"widget\" data-e-type=\"widget\" data-widget_type=\"text-editor.default\">\n\t\t\t\t<div class=\"elementor-widget-container\">\n\t\t\t\t\t\t\t\t\t<p>PSI-Polymer Systems Inc. ha presentado un nuevo cambiador de pantalla de retrolavado continuo (CSC \/ BF), dise\u00f1ado para una filtraci\u00f3n de pol\u00edmeros altamente confiable en una amplia variedad de aplicaciones de extrusi\u00f3n.<\/p><p>Con un dise\u00f1o \u00fanico, el nuevo CSC \/ BF permite una mayor vida \u00fatil de la pantalla de filtraci\u00f3n, al menos 25 veces m\u00e1s que los dise\u00f1os t\u00edpicos de cambiador de pantalla continuo. Una mayor vida \u00fatil de la pantalla significa cambios de pantalla menos frecuentes debido a la obstrucci\u00f3n por contaminantes en el pl\u00e1stico fundido. Esto se traduce en mucho menos tiempo de inactividad, lo que significa una mayor confiabilidad y una mayor productividad para los procesadores. Otro beneficio clave del CSC \/ BF es que reduce la contrapresi\u00f3n en la extrusora a una presi\u00f3n mucho menor, lo que permite un mayor rendimiento, tanto como un aumento de 50% en algunos materiales y procesos.<\/p><p>\u201cLa idea detr\u00e1s de cualquier dise\u00f1o de cambiador de pantalla continuo es permitir una producci\u00f3n constante con un tiempo de inactividad m\u00ednimo absoluto\u201d, dijo Glenn Woodcock, presidente de PSI. &quot;Al dividir el flujo de pol\u00edmero en dos corrientes, los procesadores pueden cambiar una pantalla obstruida sin interrumpir la producci\u00f3n&quot;.<\/p><p>\u201cEsta nueva unidad de retrolavado lleva este concepto a un nuevo nivel. Al purgar autom\u00e1ticamente los contaminantes de las pantallas obstruidas, se extiende dr\u00e1sticamente la vida \u00fatil de las pantallas. Este producto funcionar\u00e1 mucho m\u00e1s tiempo sin necesidad de mantenimiento que cualquier cambiador de pantalla convencional \u201d.<\/p><p><u>C\u00f3mo funciona<\/u><\/p><p>Al igual que el cambiador de pantalla continuo existente de PSI, el nuevo CSC \/ BF divide el pol\u00edmero entrante en dos corrientes, que se filtran en los pistones superior e inferior. Sin embargo, a diferencia del dise\u00f1o CSC, el CSC \/ BF tiene dos cavidades de filtraci\u00f3n en cada pist\u00f3n, lo que permite el doble de filtraci\u00f3n que el dise\u00f1o CSC de tama\u00f1o comparable.\u00a0<\/p><p>El aspecto m\u00e1s exclusivo del CSC \/ BF es la capacidad de &quot;reciclar&quot; o maximizar la vida \u00fatil de la pantalla autom\u00e1ticamente. Cuando la presi\u00f3n aguas arriba aumenta debido a un alto nivel de contaminantes en el pol\u00edmero, el control del PLC activa autom\u00e1ticamente cada pist\u00f3n a su posici\u00f3n de retrolavado, permitiendo que la presi\u00f3n empuje los contaminantes fuera de la malla sucia. Los contaminantes se purgan de los puertos de la carcasa. Una vez que ocurre la secuencia de retrolavado, las pantallas \u201crecicladas\u201d regresan a la posici\u00f3n inicial hasta que la secuencia se repite.<\/p><p><u>Caracter\u00edsticas y ventajas de CSC \/ BF<\/u><\/p><p>Al igual que la l\u00ednea de CSC de PSI, se garantiza que el nuevo CSC \/ BF funcionar\u00e1 sin fugas a presiones de hasta 10,000 psi y temperaturas de hasta 650 \u00b0 F. Todas las piezas se fabrican seg\u00fan las normas ISO-9002. Su dise\u00f1o robusto proporciona una excelente resistencia al desgaste y, sin sellos ni piezas de contacto, pr\u00e1cticamente no se requiere mantenimiento m\u00e1s que el cambio ocasional de la pantalla.\u00a0<\/p><p>Las aplicaciones t\u00edpicas del nuevo cambiador de pantalla CSC \/ BF incluyen reciclaje, l\u00e1minas, pel\u00edculas sopladas y pel\u00edculas fundidas, compuestos, granulaci\u00f3n bajo el agua y granulaci\u00f3n de hebras, recubrimiento por extrusi\u00f3n, tuber\u00edas y perfiles, alambres y cables, y otras. PSI ofrece cinco tama\u00f1os est\u00e1ndar de cambiadores de pantalla retrolavados, con salidas que van desde 1,000 a 10,000 lbs \/ hr.<\/p>\t\t\t\t\t\t\t\t<\/div>\n\t\t\t\t<\/div>\n\t\t\t\t\t<\/div>\n\t\t<\/div>\n\t\t\t\t<div class=\"elementor-column elementor-col-50 elementor-top-column elementor-element elementor-element-425ff125\" data-id=\"425ff125\" data-element_type=\"column\" data-e-type=\"column\">\n\t\t\t<div class=\"elementor-widget-wrap\">\n\t\t\t\t\t\t\t<\/div>\n\t\t<\/div>\n\t\t\t\t\t<\/div>\n\t\t<\/section>\n\t\t\t\t<\/div>","protected":false},"excerpt":{"rendered":"<p>PSI-Polymer Systems, Inc. presenta el nuevo cambiador de mallas con retrolavado continuo Hickory, NC (7 de diciembre de 2004) PSI-Polymer Systems Inc. ha presentado un nuevo cambiador de malla con retrolavado continuo (CSC \/ BF), dise\u00f1ado para una filtraci\u00f3n de pol\u00edmeros altamente confiable en un amplia variedad de aplicaciones de extrusi\u00f3n. Con un dise\u00f1o \u00fanico, el nuevo CSC \/ BF permite una mayor vida \u00fatil de la pantalla de filtraci\u00f3n, al menos en [\u2026]<\/p>","protected":false},"author":2,"featured_media":0,"parent":5833,"menu_order":0,"comment_status":"closed","ping_status":"closed","template":"","meta":{"_monsterinsights_skip_tracking":false,"_monsterinsights_sitenote_active":false,"_monsterinsights_sitenote_note":"","_monsterinsights_sitenote_category":0,"footnotes":""},"class_list":["post-6068","page","type-page","status-publish","hentry"],"yoast_head":"<!-- This site is optimized with the Yoast SEO Premium plugin v25.0 (Yoast SEO v25.0) - https:\/\/yoast.com\/wordpress\/plugins\/seo\/ -->\n<title>PSI-Polymer Systems Inc. Introduces New Continuous Backflush Screen Changer Hickory, NC (December 7, 2004) - PSI-Polymer Systems<\/title>\n<meta name=\"robots\" content=\"index, follow, max-snippet:-1, max-image-preview:large, max-video-preview:-1\" \/>\n<link rel=\"canonical\" href=\"https:\/\/www.psi-polymersystems.com\/es\/about-us\/press-releases\/psi-polymer-systems-inc-introduces-new-continuous-backflush-screen-changer-hickory-nc-december-7-2004\/\" \/>\n<meta property=\"og:locale\" content=\"es_MX\" \/>\n<meta property=\"og:type\" content=\"article\" \/>\n<meta property=\"og:title\" content=\"PSI-Polymer Systems Inc. Introduces New Continuous Backflush Screen Changer Hickory, NC (December 7, 2004)\" \/>\n<meta property=\"og:description\" content=\"PSI-Polymer Systems, Inc. Introduces New Continuous Backflush Screen Changer Hickory, NC (December 7, 2004) PSI-Polymer Systems Inc. has introduced a new\" \/>\n<meta property=\"og:url\" content=\"https:\/\/www.psi-polymersystems.com\/es\/about-us\/press-releases\/psi-polymer-systems-inc-introduces-new-continuous-backflush-screen-changer-hickory-nc-december-7-2004\/\" \/>\n<meta property=\"og:site_name\" content=\"PSI-Polymer Systems\" \/>\n<meta property=\"article:publisher\" content=\"https:\/\/www.facebook.com\/psipolymersystems\/\" \/>\n<meta property=\"article:modified_time\" content=\"2020-09-23T17:23:42+00:00\" \/>\n<meta name=\"twitter:card\" content=\"summary_large_image\" \/>\n<meta name=\"twitter:label1\" content=\"Tiempo de lectura\" \/>\n\t<meta name=\"twitter:data1\" content=\"2 minutos\" \/>\n<script type=\"application\/ld+json\" class=\"yoast-schema-graph\">{\"@context\":\"https:\/\/schema.org\",\"@graph\":[{\"@type\":\"WebPage\",\"@id\":\"https:\/\/www.psi-polymersystems.com\/about-us\/press-releases\/psi-polymer-systems-inc-introduces-new-continuous-backflush-screen-changer-hickory-nc-december-7-2004\/\",\"url\":\"https:\/\/www.psi-polymersystems.com\/about-us\/press-releases\/psi-polymer-systems-inc-introduces-new-continuous-backflush-screen-changer-hickory-nc-december-7-2004\/\",\"name\":\"PSI-Polymer Systems Inc. Introduces New Continuous Backflush Screen Changer Hickory, NC (December 7, 2004) - PSI-Polymer Systems\",\"isPartOf\":{\"@id\":\"https:\/\/www.psi-polymersystems.com\/#website\"},\"datePublished\":\"2020-09-23T17:21:49+00:00\",\"dateModified\":\"2020-09-23T17:23:42+00:00\",\"breadcrumb\":{\"@id\":\"https:\/\/www.psi-polymersystems.com\/about-us\/press-releases\/psi-polymer-systems-inc-introduces-new-continuous-backflush-screen-changer-hickory-nc-december-7-2004\/#breadcrumb\"},\"inLanguage\":\"es\",\"potentialAction\":[{\"@type\":\"ReadAction\",\"target\":[\"https:\/\/www.psi-polymersystems.com\/about-us\/press-releases\/psi-polymer-systems-inc-introduces-new-continuous-backflush-screen-changer-hickory-nc-december-7-2004\/\"]}]},{\"@type\":\"BreadcrumbList\",\"@id\":\"https:\/\/www.psi-polymersystems.com\/about-us\/press-releases\/psi-polymer-systems-inc-introduces-new-continuous-backflush-screen-changer-hickory-nc-december-7-2004\/#breadcrumb\",\"itemListElement\":[{\"@type\":\"ListItem\",\"position\":1,\"name\":\"Home\",\"item\":\"https:\/\/www.psi-polymersystems.com\/\"},{\"@type\":\"ListItem\",\"position\":2,\"name\":\"About Us\",\"item\":\"https:\/\/www.psi-polymersystems.com\/about-us\/\"},{\"@type\":\"ListItem\",\"position\":3,\"name\":\"Press Releases\",\"item\":\"https:\/\/www.psi-polymersystems.com\/about-us\/press-releases\/\"},{\"@type\":\"ListItem\",\"position\":4,\"name\":\"PSI-Polymer Systems Inc. Introduces New Continuous Backflush Screen Changer Hickory, NC (December 7, 2004)\"}]},{\"@type\":\"WebSite\",\"@id\":\"https:\/\/www.psi-polymersystems.com\/#website\",\"url\":\"https:\/\/www.psi-polymersystems.com\/\",\"name\":\"PSI-Polymer Systems\",\"description\":\"\",\"publisher\":{\"@id\":\"https:\/\/www.psi-polymersystems.com\/#organization\"},\"potentialAction\":[{\"@type\":\"SearchAction\",\"target\":{\"@type\":\"EntryPoint\",\"urlTemplate\":\"https:\/\/www.psi-polymersystems.com\/?s={search_term_string}\"},\"query-input\":{\"@type\":\"PropertyValueSpecification\",\"valueRequired\":true,\"valueName\":\"search_term_string\"}}],\"inLanguage\":\"es\"},{\"@type\":\"Organization\",\"@id\":\"https:\/\/www.psi-polymersystems.com\/#organization\",\"name\":\"PSI-Polymer Systems, Inc.\",\"url\":\"https:\/\/www.psi-polymersystems.com\/\",\"logo\":{\"@type\":\"ImageObject\",\"inLanguage\":\"es\",\"@id\":\"https:\/\/www.psi-polymersystems.com\/#\/schema\/logo\/image\/\",\"url\":\"\",\"contentUrl\":\"\",\"caption\":\"PSI-Polymer Systems, Inc.\"},\"image\":{\"@id\":\"https:\/\/www.psi-polymersystems.com\/#\/schema\/logo\/image\/\"},\"sameAs\":[\"https:\/\/www.facebook.com\/psipolymersystems\/\",\"https:\/\/www.linkedin.com\/showcase\/psi-polymer-systems\"]}]}<\/script>\n<!-- \/ Yoast SEO Premium plugin. -->","yoast_head_json":{"title":"PSI-Polymer Systems Inc. Introduces New Continuous Backflush Screen Changer Hickory, NC (December 7, 2004) - PSI-Polymer Systems","robots":{"index":"index","follow":"follow","max-snippet":"max-snippet:-1","max-image-preview":"max-image-preview:large","max-video-preview":"max-video-preview:-1"},"canonical":"https:\/\/www.psi-polymersystems.com\/es\/about-us\/press-releases\/psi-polymer-systems-inc-introduces-new-continuous-backflush-screen-changer-hickory-nc-december-7-2004\/","og_locale":"es_MX","og_type":"article","og_title":"PSI-Polymer Systems Inc. Introduces New Continuous Backflush Screen Changer Hickory, NC (December 7, 2004)","og_description":"PSI-Polymer Systems, Inc. Introduces New Continuous Backflush Screen Changer Hickory, NC (December 7, 2004) PSI-Polymer Systems Inc. has introduced a new","og_url":"https:\/\/www.psi-polymersystems.com\/es\/about-us\/press-releases\/psi-polymer-systems-inc-introduces-new-continuous-backflush-screen-changer-hickory-nc-december-7-2004\/","og_site_name":"PSI-Polymer Systems","article_publisher":"https:\/\/www.facebook.com\/psipolymersystems\/","article_modified_time":"2020-09-23T17:23:42+00:00","twitter_card":"summary_large_image","twitter_misc":{"Tiempo de lectura":"2 minutos"},"schema":{"@context":"https:\/\/schema.org","@graph":[{"@type":"WebPage","@id":"https:\/\/www.psi-polymersystems.com\/about-us\/press-releases\/psi-polymer-systems-inc-introduces-new-continuous-backflush-screen-changer-hickory-nc-december-7-2004\/","url":"https:\/\/www.psi-polymersystems.com\/about-us\/press-releases\/psi-polymer-systems-inc-introduces-new-continuous-backflush-screen-changer-hickory-nc-december-7-2004\/","name":"PSI-Polymer Systems Inc. Introduces New Continuous Backflush Screen Changer Hickory, NC (December 7, 2004) - PSI-Polymer Systems","isPartOf":{"@id":"https:\/\/www.psi-polymersystems.com\/#website"},"datePublished":"2020-09-23T17:21:49+00:00","dateModified":"2020-09-23T17:23:42+00:00","breadcrumb":{"@id":"https:\/\/www.psi-polymersystems.com\/about-us\/press-releases\/psi-polymer-systems-inc-introduces-new-continuous-backflush-screen-changer-hickory-nc-december-7-2004\/#breadcrumb"},"inLanguage":"es","potentialAction":[{"@type":"ReadAction","target":["https:\/\/www.psi-polymersystems.com\/about-us\/press-releases\/psi-polymer-systems-inc-introduces-new-continuous-backflush-screen-changer-hickory-nc-december-7-2004\/"]}]},{"@type":"BreadcrumbList","@id":"https:\/\/www.psi-polymersystems.com\/about-us\/press-releases\/psi-polymer-systems-inc-introduces-new-continuous-backflush-screen-changer-hickory-nc-december-7-2004\/#breadcrumb","itemListElement":[{"@type":"ListItem","position":1,"name":"Home","item":"https:\/\/www.psi-polymersystems.com\/"},{"@type":"ListItem","position":2,"name":"About Us","item":"https:\/\/www.psi-polymersystems.com\/about-us\/"},{"@type":"ListItem","position":3,"name":"Press Releases","item":"https:\/\/www.psi-polymersystems.com\/about-us\/press-releases\/"},{"@type":"ListItem","position":4,"name":"PSI-Polymer Systems Inc. Introduces New Continuous Backflush Screen Changer Hickory, NC (December 7, 2004)"}]},{"@type":"WebSite","@id":"https:\/\/www.psi-polymersystems.com\/#website","url":"https:\/\/www.psi-polymersystems.com\/","name":"PSI-Polymer Systems","description":"","publisher":{"@id":"https:\/\/www.psi-polymersystems.com\/#organization"},"potentialAction":[{"@type":"SearchAction","target":{"@type":"EntryPoint","urlTemplate":"https:\/\/www.psi-polymersystems.com\/?s={search_term_string}"},"query-input":{"@type":"PropertyValueSpecification","valueRequired":true,"valueName":"search_term_string"}}],"inLanguage":"es"},{"@type":"Organization","@id":"https:\/\/www.psi-polymersystems.com\/#organization","name":"PSI-Polymer Systems, Inc.","url":"https:\/\/www.psi-polymersystems.com\/","logo":{"@type":"ImageObject","inLanguage":"es","@id":"https:\/\/www.psi-polymersystems.com\/#\/schema\/logo\/image\/","url":"","contentUrl":"","caption":"PSI-Polymer Systems, Inc."},"image":{"@id":"https:\/\/www.psi-polymersystems.com\/#\/schema\/logo\/image\/"},"sameAs":["https:\/\/www.facebook.com\/psipolymersystems\/","https:\/\/www.linkedin.com\/showcase\/psi-polymer-systems"]}]}},"_links":{"self":[{"href":"https:\/\/www.psi-polymersystems.com\/es\/wp-json\/wp\/v2\/pages\/6068","targetHints":{"allow":["GET"]}}],"collection":[{"href":"https:\/\/www.psi-polymersystems.com\/es\/wp-json\/wp\/v2\/pages"}],"about":[{"href":"https:\/\/www.psi-polymersystems.com\/es\/wp-json\/wp\/v2\/types\/page"}],"author":[{"embeddable":true,"href":"https:\/\/www.psi-polymersystems.com\/es\/wp-json\/wp\/v2\/users\/2"}],"replies":[{"embeddable":true,"href":"https:\/\/www.psi-polymersystems.com\/es\/wp-json\/wp\/v2\/comments?post=6068"}],"version-history":[{"count":0,"href":"https:\/\/www.psi-polymersystems.com\/es\/wp-json\/wp\/v2\/pages\/6068\/revisions"}],"up":[{"embeddable":true,"href":"https:\/\/www.psi-polymersystems.com\/es\/wp-json\/wp\/v2\/pages\/5833"}],"wp:attachment":[{"href":"https:\/\/www.psi-polymersystems.com\/es\/wp-json\/wp\/v2\/media?parent=6068"}],"curies":[{"name":"wp","href":"https:\/\/api.w.org\/{rel}","templated":true}]}}