{"id":6072,"date":"2020-09-23T17:26:35","date_gmt":"2020-09-23T17:26:35","guid":{"rendered":"https:\/\/psi-polymersystems.com\/?page_id=6072"},"modified":"2020-09-23T18:15:04","modified_gmt":"2020-09-23T18:15:04","slug":"psi-polymer-systems-inc-introduces-new-8-inch-hydraulic-screen-changer-hickory-nc-february-5-2004","status":"publish","type":"page","link":"https:\/\/www.psi-polymersystems.com\/es\/about-us\/press-releases\/psi-polymer-systems-inc-introduces-new-8-inch-hydraulic-screen-changer-hickory-nc-february-5-2004\/","title":{"rendered":"PSI-Polymer Systems Inc. presenta el nuevo cambiador de pantalla hidr\u00e1ulico de 8 pulgadas Hickory, NC (5 de febrero de 2004)"},"content":{"rendered":"<div data-elementor-type=\"wp-page\" data-elementor-id=\"6072\" class=\"elementor elementor-6072\" data-elementor-post-type=\"page\">\n\t\t\t\t\t\t<section class=\"elementor-section elementor-top-section elementor-element elementor-element-792ff61b elementor-section-boxed elementor-section-height-default elementor-section-height-default\" data-id=\"792ff61b\" data-element_type=\"section\" data-e-type=\"section\">\n\t\t\t\t\t\t<div class=\"elementor-container elementor-column-gap-default\">\n\t\t\t\t\t<div class=\"elementor-column elementor-col-50 elementor-top-column elementor-element elementor-element-56840635\" data-id=\"56840635\" data-element_type=\"column\" data-e-type=\"column\">\n\t\t\t<div class=\"elementor-widget-wrap elementor-element-populated\">\n\t\t\t\t\t\t<div class=\"elementor-element elementor-element-48e1c01c elementor-widget elementor-widget-heading\" data-id=\"48e1c01c\" data-element_type=\"widget\" data-e-type=\"widget\" data-widget_type=\"heading.default\">\n\t\t\t\t<div class=\"elementor-widget-container\">\n\t\t\t\t\t<h2 class=\"elementor-heading-title elementor-size-default\">PSI-Polymer Systems, Inc. presenta el nuevo cambiador de pantalla hidr\u00e1ulico de 8 pulgadas Hickory, NC (5 de febrero de 2004)<\/h2>\t\t\t\t<\/div>\n\t\t\t\t<\/div>\n\t\t\t\t<div class=\"elementor-element elementor-element-67ddb8f0 elementor-widget elementor-widget-text-editor\" data-id=\"67ddb8f0\" data-element_type=\"widget\" data-e-type=\"widget\" data-widget_type=\"text-editor.default\">\n\t\t\t\t<div class=\"elementor-widget-container\">\n\t\t\t\t\t\t\t\t\t<p>PSI-Polymer Systems Inc. ha presentado un nuevo producto, un cambiador de pantalla hidr\u00e1ulico de 8 \u201dpara filtraci\u00f3n de pol\u00edmeros en aplicaciones de extrusi\u00f3n grandes.<\/p><p>Nombrado HSC-80, este nuevo producto ha sido dise\u00f1ado y se est\u00e1 fabricando actualmente en los EE. UU. En la sede de PSI en Hickory, NC, y los env\u00edos comenzar\u00e1n en abril de 2004. Ha sido dise\u00f1ado para su uso en l\u00edneas de composici\u00f3n m\u00e1s grandes y debido a su \u00e1rea de filtraci\u00f3n grande, es ideal para usar en extrusoras m\u00e1s peque\u00f1as (4 \u00bd \u201do 6\u201d) que est\u00e1n ejecutando altos niveles de material reciclado.\u00a0<\/p><p><u>Dise\u00f1ado por Bart Jones, &quot;The Screen Changer Man&quot;<\/u><\/p><p>Los veteranos de la industria no necesitan una presentaci\u00f3n al dise\u00f1ador de este nuevo sistema. Bart Jones ha estado involucrado en las ventas, el marketing y el dise\u00f1o de cambiadores de pantalla innovadores desde principios de la d\u00e9cada de 1980. Comenz\u00f3 con Beringer y luego fue el fundador y presidente de Extek, Inc. en Marblehead, Mass., Que finalmente fue adquirida por Dynisco, Inc. Cuando Glenn Woodcock, otro veterano de la industria y amigo de Jones, decidi\u00f3 iniciar PSI-Polymer Systems , decidi\u00f3 traer a Jones a bordo con el t\u00edtulo, no lo estamos inventando, &quot;The Screen Changer Man&quot;.<\/p><p>&quot;Consultor&quot; parece bastante aburrido &quot;, dijo Jones. &quot;Adem\u00e1s, los cambiadores de pantalla son mi experiencia y con lo que estoy asociado en la industria del pl\u00e1stico, as\u00ed que cuando Glenn me ofreci\u00f3 un puesto en su empresa, decidimos divertirnos un poco y mantener mi t\u00edtulo simple y directo&quot;.\u00a0<\/p><p>Seg\u00fan Woodcock, \u00e9l y Jones se han asociado para proporcionar a la industria una fuente alternativa de equipos auxiliares de extrusi\u00f3n de alta calidad, con sede en los EE. UU. Y que ofrece a los clientes el beneficio de a\u00f1os de experiencia. Antes de fundar PSI, Woodcock trabaj\u00f3 durante a\u00f1os para Zenith, un proveedor de bombas de engranajes, y Dynisco.\u00a0<\/p><p>\u201cQuer\u00eda construir sistemas que combinaran las mejores propiedades de nuestra base de conocimientos\u201d, dijo. \u201cBart y yo tenemos muchos a\u00f1os de experiencia en el dise\u00f1o, construcci\u00f3n, venta y mantenimiento de equipos de extrusi\u00f3n, incluidos cambiadores de pantalla y bombas de engranajes. Sabemos qu\u00e9 funciona y qu\u00e9 no, y estamos entusiasmados de ofrecer a la industria nuevos sistemas que creemos que brindan el mejor valor \u201d.<\/p><p><u>Caracter\u00edsticas y beneficios del HSC-80<\/u><\/p><p>Con el nuevo HSC-80, PSI ofrece ahora una versi\u00f3n ampliada de los cuatro modelos m\u00e1s peque\u00f1os de cambiadores de pantalla hidr\u00e1ulicos de la empresa. Una diferencia es que debido a su tama\u00f1o, el HSC-80 no es un dise\u00f1o &quot;atornillado&quot;; se unir\u00e1 directamente a una brida en la extrusora, con pernos pasando a trav\u00e9s de la brida. Las caracter\u00edsticas incluyen el sello de anillo c\u00f3nico segmentado patentado de PSI, que, seg\u00fan Jones, &quot;ha producido resultados impecables desde su introducci\u00f3n en el verano de 2003&quot;. Estos sellos activados por presi\u00f3n operan sin fugas hasta 10,000 psi y est\u00e1n dise\u00f1ados para eliminar las \u00e1reas de acumulaci\u00f3n de material, eliminando as\u00ed la degradaci\u00f3n y la acumulaci\u00f3n de gel causada en otros cambiadores de pantalla del tipo de placa deslizante. Dado que el conjunto del sello est\u00e1 hecho de todas las piezas de acero (sin tefl\u00f3n), PSI conf\u00eda en ofrecer una garant\u00eda de por vida en todas las piezas del sello a temperaturas de proceso entre 70 \u00b0 F y 700 \u00b0 F.<\/p><p>Adem\u00e1s, como todos los cambiadores de pantalla hidr\u00e1ulicos PSI, el HSC-80 cuenta con calentadores de placa deslizante controlados por PLC que requieren solo una zona de control de temperatura, a diferencia de las tres zonas que normalmente se requieren en los dise\u00f1os de la competencia. Adem\u00e1s, el sistema est\u00e1 dise\u00f1ado para la seguridad; Los protectores del operador son robustos, ajustados y resistentes a la manipulaci\u00f3n, y protegen a los operadores de los peligros de lesiones por quemaduras por rociado de pol\u00edmero o lesiones mec\u00e1nicas.<\/p><p>Las aplicaciones t\u00edpicas del nuevo cambiador de pantalla HSC-80 incluyen l\u00e1minas, pel\u00edculas sopladas y pel\u00edculas fundidas, compuestos, granulaci\u00f3n bajo el agua y granulaci\u00f3n de hebras, recubrimiento por extrusi\u00f3n, tuber\u00edas y perfiles, alambres y cables, y otras.\u00a0<\/p>\t\t\t\t\t\t\t\t<\/div>\n\t\t\t\t<\/div>\n\t\t\t\t\t<\/div>\n\t\t<\/div>\n\t\t\t\t<div class=\"elementor-column elementor-col-50 elementor-top-column elementor-element elementor-element-5db6567c\" data-id=\"5db6567c\" data-element_type=\"column\" data-e-type=\"column\">\n\t\t\t<div class=\"elementor-widget-wrap\">\n\t\t\t\t\t\t\t<\/div>\n\t\t<\/div>\n\t\t\t\t\t<\/div>\n\t\t<\/section>\n\t\t\t\t<\/div>","protected":false},"excerpt":{"rendered":"<p>PSI-Polymer Systems, Inc. presenta el nuevo cambiador de pantalla hidr\u00e1ulico de 8 pulgadas Hickory, NC (5 de febrero de 2004) PSI-Polymer Systems Inc. ha presentado un nuevo producto, un cambiador de pantalla hidr\u00e1ulico de 8 pulgadas para la filtraci\u00f3n de pol\u00edmeros en aplicaciones de extrusi\u00f3n grandes. Denominado HSC-80, este nuevo producto ha sido dise\u00f1ado y actualmente se fabrica en los EE. UU. En la sede de PSI en [\u2026]<\/p>","protected":false},"author":2,"featured_media":0,"parent":5833,"menu_order":0,"comment_status":"closed","ping_status":"closed","template":"","meta":{"_monsterinsights_skip_tracking":false,"_monsterinsights_sitenote_active":false,"_monsterinsights_sitenote_note":"","_monsterinsights_sitenote_category":0,"footnotes":""},"class_list":["post-6072","page","type-page","status-publish","hentry"],"yoast_head":"<!-- This site is optimized with the Yoast SEO Premium plugin v25.0 (Yoast SEO v25.0) - https:\/\/yoast.com\/wordpress\/plugins\/seo\/ -->\n<title>PSI-Polymer Systems Inc. Introduces New 8-Inch Hydraulic Screen Changer Hickory, NC (February 5, 2004) - PSI-Polymer Systems<\/title>\n<meta name=\"robots\" content=\"index, follow, max-snippet:-1, max-image-preview:large, max-video-preview:-1\" \/>\n<link rel=\"canonical\" href=\"https:\/\/www.psi-polymersystems.com\/es\/about-us\/press-releases\/psi-polymer-systems-inc-introduces-new-8-inch-hydraulic-screen-changer-hickory-nc-february-5-2004\/\" \/>\n<meta property=\"og:locale\" content=\"es_MX\" \/>\n<meta property=\"og:type\" content=\"article\" \/>\n<meta property=\"og:title\" content=\"PSI-Polymer Systems Inc. Introduces New 8-Inch Hydraulic Screen Changer Hickory, NC (February 5, 2004)\" \/>\n<meta property=\"og:description\" content=\"PSI-Polymer Systems, Inc. Introduces New 8-inch Hydraulic Screen Changer Hickory, NC (February 5, 2004) PSI-Polymer Systems Inc. has introduced a new\" \/>\n<meta property=\"og:url\" content=\"https:\/\/www.psi-polymersystems.com\/es\/about-us\/press-releases\/psi-polymer-systems-inc-introduces-new-8-inch-hydraulic-screen-changer-hickory-nc-february-5-2004\/\" \/>\n<meta property=\"og:site_name\" content=\"PSI-Polymer Systems\" \/>\n<meta property=\"article:publisher\" content=\"https:\/\/www.facebook.com\/psipolymersystems\/\" \/>\n<meta property=\"article:modified_time\" content=\"2020-09-23T18:15:04+00:00\" \/>\n<meta name=\"twitter:card\" content=\"summary_large_image\" \/>\n<meta name=\"twitter:label1\" content=\"Tiempo de lectura\" \/>\n\t<meta name=\"twitter:data1\" content=\"3 minutos\" \/>\n<script type=\"application\/ld+json\" class=\"yoast-schema-graph\">{\"@context\":\"https:\/\/schema.org\",\"@graph\":[{\"@type\":\"WebPage\",\"@id\":\"https:\/\/www.psi-polymersystems.com\/about-us\/press-releases\/psi-polymer-systems-inc-introduces-new-8-inch-hydraulic-screen-changer-hickory-nc-february-5-2004\/\",\"url\":\"https:\/\/www.psi-polymersystems.com\/about-us\/press-releases\/psi-polymer-systems-inc-introduces-new-8-inch-hydraulic-screen-changer-hickory-nc-february-5-2004\/\",\"name\":\"PSI-Polymer Systems Inc. Introduces New 8-Inch Hydraulic Screen Changer Hickory, NC (February 5, 2004) - PSI-Polymer Systems\",\"isPartOf\":{\"@id\":\"https:\/\/www.psi-polymersystems.com\/#website\"},\"datePublished\":\"2020-09-23T17:26:35+00:00\",\"dateModified\":\"2020-09-23T18:15:04+00:00\",\"breadcrumb\":{\"@id\":\"https:\/\/www.psi-polymersystems.com\/about-us\/press-releases\/psi-polymer-systems-inc-introduces-new-8-inch-hydraulic-screen-changer-hickory-nc-february-5-2004\/#breadcrumb\"},\"inLanguage\":\"es\",\"potentialAction\":[{\"@type\":\"ReadAction\",\"target\":[\"https:\/\/www.psi-polymersystems.com\/about-us\/press-releases\/psi-polymer-systems-inc-introduces-new-8-inch-hydraulic-screen-changer-hickory-nc-february-5-2004\/\"]}]},{\"@type\":\"BreadcrumbList\",\"@id\":\"https:\/\/www.psi-polymersystems.com\/about-us\/press-releases\/psi-polymer-systems-inc-introduces-new-8-inch-hydraulic-screen-changer-hickory-nc-february-5-2004\/#breadcrumb\",\"itemListElement\":[{\"@type\":\"ListItem\",\"position\":1,\"name\":\"Home\",\"item\":\"https:\/\/www.psi-polymersystems.com\/\"},{\"@type\":\"ListItem\",\"position\":2,\"name\":\"About Us\",\"item\":\"https:\/\/www.psi-polymersystems.com\/about-us\/\"},{\"@type\":\"ListItem\",\"position\":3,\"name\":\"Press Releases\",\"item\":\"https:\/\/www.psi-polymersystems.com\/about-us\/press-releases\/\"},{\"@type\":\"ListItem\",\"position\":4,\"name\":\"PSI-Polymer Systems Inc. Introduces New 8-Inch Hydraulic Screen Changer Hickory, NC (February 5, 2004)\"}]},{\"@type\":\"WebSite\",\"@id\":\"https:\/\/www.psi-polymersystems.com\/#website\",\"url\":\"https:\/\/www.psi-polymersystems.com\/\",\"name\":\"PSI-Polymer Systems\",\"description\":\"\",\"publisher\":{\"@id\":\"https:\/\/www.psi-polymersystems.com\/#organization\"},\"potentialAction\":[{\"@type\":\"SearchAction\",\"target\":{\"@type\":\"EntryPoint\",\"urlTemplate\":\"https:\/\/www.psi-polymersystems.com\/?s={search_term_string}\"},\"query-input\":{\"@type\":\"PropertyValueSpecification\",\"valueRequired\":true,\"valueName\":\"search_term_string\"}}],\"inLanguage\":\"es\"},{\"@type\":\"Organization\",\"@id\":\"https:\/\/www.psi-polymersystems.com\/#organization\",\"name\":\"PSI-Polymer Systems, Inc.\",\"url\":\"https:\/\/www.psi-polymersystems.com\/\",\"logo\":{\"@type\":\"ImageObject\",\"inLanguage\":\"es\",\"@id\":\"https:\/\/www.psi-polymersystems.com\/#\/schema\/logo\/image\/\",\"url\":\"\",\"contentUrl\":\"\",\"caption\":\"PSI-Polymer Systems, Inc.\"},\"image\":{\"@id\":\"https:\/\/www.psi-polymersystems.com\/#\/schema\/logo\/image\/\"},\"sameAs\":[\"https:\/\/www.facebook.com\/psipolymersystems\/\",\"https:\/\/www.linkedin.com\/showcase\/psi-polymer-systems\"]}]}<\/script>\n<!-- \/ Yoast SEO Premium plugin. -->","yoast_head_json":{"title":"PSI-Polymer Systems Inc. Introduces New 8-Inch Hydraulic Screen Changer Hickory, NC (February 5, 2004) - PSI-Polymer Systems","robots":{"index":"index","follow":"follow","max-snippet":"max-snippet:-1","max-image-preview":"max-image-preview:large","max-video-preview":"max-video-preview:-1"},"canonical":"https:\/\/www.psi-polymersystems.com\/es\/about-us\/press-releases\/psi-polymer-systems-inc-introduces-new-8-inch-hydraulic-screen-changer-hickory-nc-february-5-2004\/","og_locale":"es_MX","og_type":"article","og_title":"PSI-Polymer Systems Inc. Introduces New 8-Inch Hydraulic Screen Changer Hickory, NC (February 5, 2004)","og_description":"PSI-Polymer Systems, Inc. Introduces New 8-inch Hydraulic Screen Changer Hickory, NC (February 5, 2004) PSI-Polymer Systems Inc. has introduced a new","og_url":"https:\/\/www.psi-polymersystems.com\/es\/about-us\/press-releases\/psi-polymer-systems-inc-introduces-new-8-inch-hydraulic-screen-changer-hickory-nc-february-5-2004\/","og_site_name":"PSI-Polymer Systems","article_publisher":"https:\/\/www.facebook.com\/psipolymersystems\/","article_modified_time":"2020-09-23T18:15:04+00:00","twitter_card":"summary_large_image","twitter_misc":{"Tiempo de lectura":"3 minutos"},"schema":{"@context":"https:\/\/schema.org","@graph":[{"@type":"WebPage","@id":"https:\/\/www.psi-polymersystems.com\/about-us\/press-releases\/psi-polymer-systems-inc-introduces-new-8-inch-hydraulic-screen-changer-hickory-nc-february-5-2004\/","url":"https:\/\/www.psi-polymersystems.com\/about-us\/press-releases\/psi-polymer-systems-inc-introduces-new-8-inch-hydraulic-screen-changer-hickory-nc-february-5-2004\/","name":"PSI-Polymer Systems Inc. Introduces New 8-Inch Hydraulic Screen Changer Hickory, NC (February 5, 2004) - PSI-Polymer Systems","isPartOf":{"@id":"https:\/\/www.psi-polymersystems.com\/#website"},"datePublished":"2020-09-23T17:26:35+00:00","dateModified":"2020-09-23T18:15:04+00:00","breadcrumb":{"@id":"https:\/\/www.psi-polymersystems.com\/about-us\/press-releases\/psi-polymer-systems-inc-introduces-new-8-inch-hydraulic-screen-changer-hickory-nc-february-5-2004\/#breadcrumb"},"inLanguage":"es","potentialAction":[{"@type":"ReadAction","target":["https:\/\/www.psi-polymersystems.com\/about-us\/press-releases\/psi-polymer-systems-inc-introduces-new-8-inch-hydraulic-screen-changer-hickory-nc-february-5-2004\/"]}]},{"@type":"BreadcrumbList","@id":"https:\/\/www.psi-polymersystems.com\/about-us\/press-releases\/psi-polymer-systems-inc-introduces-new-8-inch-hydraulic-screen-changer-hickory-nc-february-5-2004\/#breadcrumb","itemListElement":[{"@type":"ListItem","position":1,"name":"Home","item":"https:\/\/www.psi-polymersystems.com\/"},{"@type":"ListItem","position":2,"name":"About Us","item":"https:\/\/www.psi-polymersystems.com\/about-us\/"},{"@type":"ListItem","position":3,"name":"Press Releases","item":"https:\/\/www.psi-polymersystems.com\/about-us\/press-releases\/"},{"@type":"ListItem","position":4,"name":"PSI-Polymer Systems Inc. Introduces New 8-Inch Hydraulic Screen Changer Hickory, NC (February 5, 2004)"}]},{"@type":"WebSite","@id":"https:\/\/www.psi-polymersystems.com\/#website","url":"https:\/\/www.psi-polymersystems.com\/","name":"PSI-Polymer Systems","description":"","publisher":{"@id":"https:\/\/www.psi-polymersystems.com\/#organization"},"potentialAction":[{"@type":"SearchAction","target":{"@type":"EntryPoint","urlTemplate":"https:\/\/www.psi-polymersystems.com\/?s={search_term_string}"},"query-input":{"@type":"PropertyValueSpecification","valueRequired":true,"valueName":"search_term_string"}}],"inLanguage":"es"},{"@type":"Organization","@id":"https:\/\/www.psi-polymersystems.com\/#organization","name":"PSI-Polymer Systems, Inc.","url":"https:\/\/www.psi-polymersystems.com\/","logo":{"@type":"ImageObject","inLanguage":"es","@id":"https:\/\/www.psi-polymersystems.com\/#\/schema\/logo\/image\/","url":"","contentUrl":"","caption":"PSI-Polymer Systems, Inc."},"image":{"@id":"https:\/\/www.psi-polymersystems.com\/#\/schema\/logo\/image\/"},"sameAs":["https:\/\/www.facebook.com\/psipolymersystems\/","https:\/\/www.linkedin.com\/showcase\/psi-polymer-systems"]}]}},"_links":{"self":[{"href":"https:\/\/www.psi-polymersystems.com\/es\/wp-json\/wp\/v2\/pages\/6072","targetHints":{"allow":["GET"]}}],"collection":[{"href":"https:\/\/www.psi-polymersystems.com\/es\/wp-json\/wp\/v2\/pages"}],"about":[{"href":"https:\/\/www.psi-polymersystems.com\/es\/wp-json\/wp\/v2\/types\/page"}],"author":[{"embeddable":true,"href":"https:\/\/www.psi-polymersystems.com\/es\/wp-json\/wp\/v2\/users\/2"}],"replies":[{"embeddable":true,"href":"https:\/\/www.psi-polymersystems.com\/es\/wp-json\/wp\/v2\/comments?post=6072"}],"version-history":[{"count":0,"href":"https:\/\/www.psi-polymersystems.com\/es\/wp-json\/wp\/v2\/pages\/6072\/revisions"}],"up":[{"embeddable":true,"href":"https:\/\/www.psi-polymersystems.com\/es\/wp-json\/wp\/v2\/pages\/5833"}],"wp:attachment":[{"href":"https:\/\/www.psi-polymersystems.com\/es\/wp-json\/wp\/v2\/media?parent=6072"}],"curies":[{"name":"wp","href":"https:\/\/api.w.org\/{rel}","templated":true}]}}