{"id":6076,"date":"2020-09-23T17:34:33","date_gmt":"2020-09-23T17:34:33","guid":{"rendered":"https:\/\/psi-polymersystems.com\/?page_id=6076"},"modified":"2020-09-23T17:37:07","modified_gmt":"2020-09-23T17:37:07","slug":"psi-polymer-systems-names-new-general-manager-conover-nc-november-20-2012","status":"publish","type":"page","link":"https:\/\/www.psi-polymersystems.com\/es\/about-us\/press-releases\/psi-polymer-systems-names-new-general-manager-conover-nc-november-20-2012\/","title":{"rendered":"PSI-Polymer Systems nombra nuevo Gerente General Conover, NC (20 de noviembre de 2012)"},"content":{"rendered":"<div data-elementor-type=\"wp-page\" data-elementor-id=\"6076\" class=\"elementor elementor-6076\" data-elementor-post-type=\"page\">\n\t\t\t\t\t\t<section class=\"elementor-section elementor-top-section elementor-element elementor-element-77e2cb38 elementor-section-boxed elementor-section-height-default elementor-section-height-default\" data-id=\"77e2cb38\" data-element_type=\"section\" data-e-type=\"section\">\n\t\t\t\t\t\t<div class=\"elementor-container elementor-column-gap-default\">\n\t\t\t\t\t<div class=\"elementor-column elementor-col-50 elementor-top-column elementor-element elementor-element-4f79fa18\" data-id=\"4f79fa18\" data-element_type=\"column\" data-e-type=\"column\">\n\t\t\t<div class=\"elementor-widget-wrap elementor-element-populated\">\n\t\t\t\t\t\t<div class=\"elementor-element elementor-element-3a7a43ff elementor-widget elementor-widget-heading\" data-id=\"3a7a43ff\" data-element_type=\"widget\" data-e-type=\"widget\" data-widget_type=\"heading.default\">\n\t\t\t\t<div class=\"elementor-widget-container\">\n\t\t\t\t\t<h2 class=\"elementor-heading-title elementor-size-default\">PSI-Polymer Systems, Inc. nombra nuevo gerente general Conover, NC (20 de noviembre de 2012)<\/h2>\t\t\t\t<\/div>\n\t\t\t\t<\/div>\n\t\t\t\t<div class=\"elementor-element elementor-element-796d2cd2 elementor-widget elementor-widget-text-editor\" data-id=\"796d2cd2\" data-element_type=\"widget\" data-e-type=\"widget\" data-widget_type=\"text-editor.default\">\n\t\t\t\t<div class=\"elementor-widget-container\">\n\t\t\t\t\t\t\t\t\t<p>PSI-Polymer Systems se complace en anunciar que ha nombrado a Don Macnamara como su nuevo director general. Macnamara, un veterano de la industria de 27 a\u00f1os, reportar\u00e1 al propietario de PSI, Glenn Woodcock, y coordinar\u00e1 el desarrollo estrat\u00e9gico y supervisar\u00e1 todas las operaciones comerciales diarias.\u00a0\u00a0<\/p><p>PSI-Polymer Systems es un fabricante l\u00edder de equipos de procesamiento de fusi\u00f3n por extrusi\u00f3n fabricados en EE. UU. Macnamara aporta una amplia experiencia industrial a PSI, tanto en el sector de la extrusi\u00f3n como en el manejo de materiales secos. Recientemente, trabaj\u00f3 durante los \u00faltimos diez a\u00f1os en Conair, el l\u00edder mundial en equipos auxiliares &quot;secos&quot;. Mientras estuvo all\u00ed, desarroll\u00f3 e implement\u00f3 iniciativas comerciales estrat\u00e9gicas, incluido el grupo Film &amp; Sheet de Conair, donde recientemente se desempe\u00f1\u00f3 como gerente general y gerente de ventas nacional. Antes de eso, fue director de ventas de Merritt-Davis, ahora parte de Davis Standard.\u00a0<\/p><p>Durante los primeros 15 a\u00f1os de su carrera, fue director global de ventas y marketing de Beringer, donde trabaj\u00f3 con Bart Jones, fundador de Extek y uno de los colaboradores fundadores de PSI-Polymer Systems. En Beringer, Macnamara gui\u00f3 la direcci\u00f3n de la l\u00ednea de productos, estableci\u00f3 Beringer Europa y aument\u00f3 la base asi\u00e1tica de la empresa.\u00a0<br \/><br \/>\u201cEste es un momento verdaderamente emocionante para las peque\u00f1as empresas de nuestra industria\u201d, dijo Macnamara. \u201cPSI-Polymer Systems demuestra las mejores cualidades de una nueva clase empresarial. El sentido de urgencia, capacidad de respuesta y apertura de la empresa a nuevas ideas y cambios impregna su cultura en todos los niveles. Es emocionante y un privilegio unirme a PSI-Polymer Systems en este momento de su crecimiento, especialmente con la aceptaci\u00f3n y adopci\u00f3n positivas del mercado de los productos y el personal de la compa\u00f1\u00eda \u201d.<\/p><p>&quot;Don tiene muchos a\u00f1os de experiencia en nuestra industria y un gran conocimiento de nuestra base de clientes y necesidades&quot;, dijo Glenn Woodcock, presidente de PSI-Polymer Systems. &quot;Confiamos en que ser\u00e1 un gran activo para PSI y contribuir\u00e1 significativamente a nuestro crecimiento continuo&quot;.<\/p>\t\t\t\t\t\t\t\t<\/div>\n\t\t\t\t<\/div>\n\t\t\t\t\t<\/div>\n\t\t<\/div>\n\t\t\t\t<div class=\"elementor-column elementor-col-50 elementor-top-column elementor-element elementor-element-2584288e\" data-id=\"2584288e\" data-element_type=\"column\" data-e-type=\"column\">\n\t\t\t<div class=\"elementor-widget-wrap\">\n\t\t\t\t\t\t\t<\/div>\n\t\t<\/div>\n\t\t\t\t\t<\/div>\n\t\t<\/section>\n\t\t\t\t<\/div>","protected":false},"excerpt":{"rendered":"<p>PSI-Polymer Systems, Inc. nombra nuevo gerente general Conover, NC (20 de noviembre de 2012) PSI-Polymer Systems se complace en anunciar que ha nombrado a Don Macnamara como su nuevo gerente general. Macnamara, un veterano de la industria de 27 a\u00f1os, reportar\u00e1 al propietario de PSI, Glenn Woodcock, y coordinar\u00e1 el desarrollo estrat\u00e9gico y supervisar\u00e1 todas las operaciones comerciales diarias. PSI-Polymer Systems es l\u00edder [\u2026]<\/p>","protected":false},"author":2,"featured_media":0,"parent":5833,"menu_order":0,"comment_status":"closed","ping_status":"closed","template":"","meta":{"_monsterinsights_skip_tracking":false,"_monsterinsights_sitenote_active":false,"_monsterinsights_sitenote_note":"","_monsterinsights_sitenote_category":0,"footnotes":""},"class_list":["post-6076","page","type-page","status-publish","hentry"],"yoast_head":"<!-- This site is optimized with the Yoast SEO Premium plugin v25.0 (Yoast SEO v25.0) - https:\/\/yoast.com\/wordpress\/plugins\/seo\/ -->\n<title>PSI-Polymer Systems names new General Manager Conover, NC (November 20, 2012) - PSI-Polymer Systems<\/title>\n<meta name=\"robots\" content=\"index, follow, max-snippet:-1, max-image-preview:large, max-video-preview:-1\" \/>\n<link rel=\"canonical\" href=\"https:\/\/www.psi-polymersystems.com\/es\/about-us\/press-releases\/psi-polymer-systems-names-new-general-manager-conover-nc-november-20-2012\/\" \/>\n<meta property=\"og:locale\" content=\"es_MX\" \/>\n<meta property=\"og:type\" content=\"article\" \/>\n<meta property=\"og:title\" content=\"PSI-Polymer Systems names new General Manager Conover, NC (November 20, 2012)\" \/>\n<meta property=\"og:description\" content=\"PSI-Polymer Systems, Inc. Names New General Manager Conover, NC (November 20, 2012) PSI-Polymer Systems is pleased to announce it has named Don Macnamara\" \/>\n<meta property=\"og:url\" content=\"https:\/\/www.psi-polymersystems.com\/es\/about-us\/press-releases\/psi-polymer-systems-names-new-general-manager-conover-nc-november-20-2012\/\" \/>\n<meta property=\"og:site_name\" content=\"PSI-Polymer Systems\" \/>\n<meta property=\"article:publisher\" content=\"https:\/\/www.facebook.com\/psipolymersystems\/\" \/>\n<meta property=\"article:modified_time\" content=\"2020-09-23T17:37:07+00:00\" \/>\n<meta name=\"twitter:card\" content=\"summary_large_image\" \/>\n<meta name=\"twitter:label1\" content=\"Tiempo de lectura\" \/>\n\t<meta name=\"twitter:data1\" content=\"2 minutos\" \/>\n<script type=\"application\/ld+json\" class=\"yoast-schema-graph\">{\"@context\":\"https:\/\/schema.org\",\"@graph\":[{\"@type\":\"WebPage\",\"@id\":\"https:\/\/www.psi-polymersystems.com\/es\/about-us\/press-releases\/psi-polymer-systems-names-new-general-manager-conover-nc-november-20-2012\/\",\"url\":\"https:\/\/www.psi-polymersystems.com\/es\/about-us\/press-releases\/psi-polymer-systems-names-new-general-manager-conover-nc-november-20-2012\/\",\"name\":\"PSI-Polymer Systems names new General Manager Conover, NC (November 20, 2012) - PSI-Polymer Systems\",\"isPartOf\":{\"@id\":\"https:\/\/www.psi-polymersystems.com\/#website\"},\"datePublished\":\"2020-09-23T17:34:33+00:00\",\"dateModified\":\"2020-09-23T17:37:07+00:00\",\"breadcrumb\":{\"@id\":\"https:\/\/www.psi-polymersystems.com\/es\/about-us\/press-releases\/psi-polymer-systems-names-new-general-manager-conover-nc-november-20-2012\/#breadcrumb\"},\"inLanguage\":\"es\",\"potentialAction\":[{\"@type\":\"ReadAction\",\"target\":[\"https:\/\/www.psi-polymersystems.com\/es\/about-us\/press-releases\/psi-polymer-systems-names-new-general-manager-conover-nc-november-20-2012\/\"]}]},{\"@type\":\"BreadcrumbList\",\"@id\":\"https:\/\/www.psi-polymersystems.com\/es\/about-us\/press-releases\/psi-polymer-systems-names-new-general-manager-conover-nc-november-20-2012\/#breadcrumb\",\"itemListElement\":[{\"@type\":\"ListItem\",\"position\":1,\"name\":\"Home\",\"item\":\"https:\/\/www.psi-polymersystems.com\/\"},{\"@type\":\"ListItem\",\"position\":2,\"name\":\"About Us\",\"item\":\"https:\/\/www.psi-polymersystems.com\/about-us\/\"},{\"@type\":\"ListItem\",\"position\":3,\"name\":\"Press Releases\",\"item\":\"https:\/\/www.psi-polymersystems.com\/about-us\/press-releases\/\"},{\"@type\":\"ListItem\",\"position\":4,\"name\":\"PSI-Polymer Systems names new General Manager Conover, NC (November 20, 2012)\"}]},{\"@type\":\"WebSite\",\"@id\":\"https:\/\/www.psi-polymersystems.com\/#website\",\"url\":\"https:\/\/www.psi-polymersystems.com\/\",\"name\":\"PSI-Polymer Systems\",\"description\":\"\",\"publisher\":{\"@id\":\"https:\/\/www.psi-polymersystems.com\/#organization\"},\"potentialAction\":[{\"@type\":\"SearchAction\",\"target\":{\"@type\":\"EntryPoint\",\"urlTemplate\":\"https:\/\/www.psi-polymersystems.com\/?s={search_term_string}\"},\"query-input\":{\"@type\":\"PropertyValueSpecification\",\"valueRequired\":true,\"valueName\":\"search_term_string\"}}],\"inLanguage\":\"es\"},{\"@type\":\"Organization\",\"@id\":\"https:\/\/www.psi-polymersystems.com\/#organization\",\"name\":\"PSI-Polymer Systems, Inc.\",\"url\":\"https:\/\/www.psi-polymersystems.com\/\",\"logo\":{\"@type\":\"ImageObject\",\"inLanguage\":\"es\",\"@id\":\"https:\/\/www.psi-polymersystems.com\/#\/schema\/logo\/image\/\",\"url\":\"\",\"contentUrl\":\"\",\"caption\":\"PSI-Polymer Systems, Inc.\"},\"image\":{\"@id\":\"https:\/\/www.psi-polymersystems.com\/#\/schema\/logo\/image\/\"},\"sameAs\":[\"https:\/\/www.facebook.com\/psipolymersystems\/\",\"https:\/\/www.linkedin.com\/showcase\/psi-polymer-systems\"]}]}<\/script>\n<!-- \/ Yoast SEO Premium plugin. -->","yoast_head_json":{"title":"PSI-Polymer Systems names new General Manager Conover, NC (November 20, 2012) - PSI-Polymer Systems","robots":{"index":"index","follow":"follow","max-snippet":"max-snippet:-1","max-image-preview":"max-image-preview:large","max-video-preview":"max-video-preview:-1"},"canonical":"https:\/\/www.psi-polymersystems.com\/es\/about-us\/press-releases\/psi-polymer-systems-names-new-general-manager-conover-nc-november-20-2012\/","og_locale":"es_MX","og_type":"article","og_title":"PSI-Polymer Systems names new General Manager Conover, NC (November 20, 2012)","og_description":"PSI-Polymer Systems, Inc. Names New General Manager Conover, NC (November 20, 2012) PSI-Polymer Systems is pleased to announce it has named Don Macnamara","og_url":"https:\/\/www.psi-polymersystems.com\/es\/about-us\/press-releases\/psi-polymer-systems-names-new-general-manager-conover-nc-november-20-2012\/","og_site_name":"PSI-Polymer Systems","article_publisher":"https:\/\/www.facebook.com\/psipolymersystems\/","article_modified_time":"2020-09-23T17:37:07+00:00","twitter_card":"summary_large_image","twitter_misc":{"Tiempo de lectura":"2 minutos"},"schema":{"@context":"https:\/\/schema.org","@graph":[{"@type":"WebPage","@id":"https:\/\/www.psi-polymersystems.com\/es\/about-us\/press-releases\/psi-polymer-systems-names-new-general-manager-conover-nc-november-20-2012\/","url":"https:\/\/www.psi-polymersystems.com\/es\/about-us\/press-releases\/psi-polymer-systems-names-new-general-manager-conover-nc-november-20-2012\/","name":"PSI-Polymer Systems names new General Manager Conover, NC (November 20, 2012) - PSI-Polymer Systems","isPartOf":{"@id":"https:\/\/www.psi-polymersystems.com\/#website"},"datePublished":"2020-09-23T17:34:33+00:00","dateModified":"2020-09-23T17:37:07+00:00","breadcrumb":{"@id":"https:\/\/www.psi-polymersystems.com\/es\/about-us\/press-releases\/psi-polymer-systems-names-new-general-manager-conover-nc-november-20-2012\/#breadcrumb"},"inLanguage":"es","potentialAction":[{"@type":"ReadAction","target":["https:\/\/www.psi-polymersystems.com\/es\/about-us\/press-releases\/psi-polymer-systems-names-new-general-manager-conover-nc-november-20-2012\/"]}]},{"@type":"BreadcrumbList","@id":"https:\/\/www.psi-polymersystems.com\/es\/about-us\/press-releases\/psi-polymer-systems-names-new-general-manager-conover-nc-november-20-2012\/#breadcrumb","itemListElement":[{"@type":"ListItem","position":1,"name":"Home","item":"https:\/\/www.psi-polymersystems.com\/"},{"@type":"ListItem","position":2,"name":"About Us","item":"https:\/\/www.psi-polymersystems.com\/about-us\/"},{"@type":"ListItem","position":3,"name":"Press Releases","item":"https:\/\/www.psi-polymersystems.com\/about-us\/press-releases\/"},{"@type":"ListItem","position":4,"name":"PSI-Polymer Systems names new General Manager Conover, NC (November 20, 2012)"}]},{"@type":"WebSite","@id":"https:\/\/www.psi-polymersystems.com\/#website","url":"https:\/\/www.psi-polymersystems.com\/","name":"PSI-Polymer Systems","description":"","publisher":{"@id":"https:\/\/www.psi-polymersystems.com\/#organization"},"potentialAction":[{"@type":"SearchAction","target":{"@type":"EntryPoint","urlTemplate":"https:\/\/www.psi-polymersystems.com\/?s={search_term_string}"},"query-input":{"@type":"PropertyValueSpecification","valueRequired":true,"valueName":"search_term_string"}}],"inLanguage":"es"},{"@type":"Organization","@id":"https:\/\/www.psi-polymersystems.com\/#organization","name":"PSI-Polymer Systems, Inc.","url":"https:\/\/www.psi-polymersystems.com\/","logo":{"@type":"ImageObject","inLanguage":"es","@id":"https:\/\/www.psi-polymersystems.com\/#\/schema\/logo\/image\/","url":"","contentUrl":"","caption":"PSI-Polymer Systems, Inc."},"image":{"@id":"https:\/\/www.psi-polymersystems.com\/#\/schema\/logo\/image\/"},"sameAs":["https:\/\/www.facebook.com\/psipolymersystems\/","https:\/\/www.linkedin.com\/showcase\/psi-polymer-systems"]}]}},"_links":{"self":[{"href":"https:\/\/www.psi-polymersystems.com\/es\/wp-json\/wp\/v2\/pages\/6076","targetHints":{"allow":["GET"]}}],"collection":[{"href":"https:\/\/www.psi-polymersystems.com\/es\/wp-json\/wp\/v2\/pages"}],"about":[{"href":"https:\/\/www.psi-polymersystems.com\/es\/wp-json\/wp\/v2\/types\/page"}],"author":[{"embeddable":true,"href":"https:\/\/www.psi-polymersystems.com\/es\/wp-json\/wp\/v2\/users\/2"}],"replies":[{"embeddable":true,"href":"https:\/\/www.psi-polymersystems.com\/es\/wp-json\/wp\/v2\/comments?post=6076"}],"version-history":[{"count":0,"href":"https:\/\/www.psi-polymersystems.com\/es\/wp-json\/wp\/v2\/pages\/6076\/revisions"}],"up":[{"embeddable":true,"href":"https:\/\/www.psi-polymersystems.com\/es\/wp-json\/wp\/v2\/pages\/5833"}],"wp:attachment":[{"href":"https:\/\/www.psi-polymersystems.com\/es\/wp-json\/wp\/v2\/media?parent=6076"}],"curies":[{"name":"wp","href":"https:\/\/api.w.org\/{rel}","templated":true}]}}