{"id":6083,"date":"2020-09-23T17:41:07","date_gmt":"2020-09-23T17:41:07","guid":{"rendered":"https:\/\/psi-polymersystems.com\/?page_id=6083"},"modified":"2020-09-23T17:43:30","modified_gmt":"2020-09-23T17:43:30","slug":"psi-polymer-systems-inc-enters-its-tenth-year-serving-the-plastics-industry-conover-nc-april-29-2010","status":"publish","type":"page","link":"https:\/\/www.psi-polymersystems.com\/es\/about-us\/press-releases\/psi-polymer-systems-inc-enters-its-tenth-year-serving-the-plastics-industry-conover-nc-april-29-2010\/","title":{"rendered":"PSI-Polymer Systems, Inc. inicia su d\u00e9cimo a\u00f1o de servicio a la industria del pl\u00e1stico Conover, NC (29 de abril de 2010)"},"content":{"rendered":"<div data-elementor-type=\"wp-page\" data-elementor-id=\"6083\" class=\"elementor elementor-6083\" data-elementor-post-type=\"page\">\n\t\t\t\t\t\t<section class=\"elementor-section elementor-top-section elementor-element elementor-element-7dd2f5c5 elementor-section-boxed elementor-section-height-default elementor-section-height-default\" data-id=\"7dd2f5c5\" data-element_type=\"section\" data-e-type=\"section\">\n\t\t\t\t\t\t<div class=\"elementor-container elementor-column-gap-default\">\n\t\t\t\t\t<div class=\"elementor-column elementor-col-50 elementor-top-column elementor-element elementor-element-7e0b8964\" data-id=\"7e0b8964\" data-element_type=\"column\" data-e-type=\"column\">\n\t\t\t<div class=\"elementor-widget-wrap elementor-element-populated\">\n\t\t\t\t\t\t<div class=\"elementor-element elementor-element-1ebd8ddc elementor-widget elementor-widget-heading\" data-id=\"1ebd8ddc\" data-element_type=\"widget\" data-e-type=\"widget\" data-widget_type=\"heading.default\">\n\t\t\t\t<div class=\"elementor-widget-container\">\n\t\t\t\t\t<h2 class=\"elementor-heading-title elementor-size-default\">PSI-Polymer Systems, Inc. entra en su d\u00e9cimo a\u00f1o sirviendo a la industria del pl\u00e1stico Conover, NC (29 de abril de 2010)<\/h2>\t\t\t\t<\/div>\n\t\t\t\t<\/div>\n\t\t\t\t<div class=\"elementor-element elementor-element-67d06ef1 elementor-widget elementor-widget-text-editor\" data-id=\"67d06ef1\" data-element_type=\"widget\" data-e-type=\"widget\" data-widget_type=\"text-editor.default\">\n\t\t\t\t<div class=\"elementor-widget-container\">\n\t\t\t\t\t\t\t\t\t<p>Despidos y alto desempleo. Empresas que quiebran. Una crisis crediticia. S\u00ed, el a\u00f1o 2000 fue un momento muy dif\u00edcil para iniciar un negocio.<\/p><p>Sin embargo, eso es exactamente lo que hizo Glenn Woodcock hace 10 a\u00f1os. El 1 de febrero de 2000, PSI-Polymer Systems Inc. inici\u00f3 sus operaciones en Hickory, Carolina del Norte. Y fue un desaf\u00edo tremendo generar ventas en una econom\u00eda en recesi\u00f3n, uno que Woodcock dice que fue tan malo como la gran recesi\u00f3n de 2009.<\/p><p>\u201cEse primer a\u00f1o fue dif\u00edcil\u201d, recuerda Woodcock. &quot;La gente tiende a olvidar que hubo serios problemas econ\u00f3micos y una recesi\u00f3n empresarial en 2000, que en muchos sentidos fue m\u00e1s grave de lo que hemos experimentado en los \u00faltimos dos a\u00f1os&quot;.<\/p><p>Demostrando una vez m\u00e1s que las cosas buenas pueden venir de los malos tiempos, PSI ha disfrutado de un crecimiento continuo durante los \u00faltimos 10 a\u00f1os. Desde que sali\u00f3 de esa econom\u00eda en decadencia de 2000-2001, PSI ha suministrado a la industria m\u00e1s de 1,000 paquetes de sistemas \/ equipos en ese tiempo, y no muestra signos de desaceleraci\u00f3n.<\/p><p><span style=\"text-decoration: underline;\">&#039;Equipo de ensue\u00f1o&#039; de expertos en tecnolog\u00eda de extrusi\u00f3n<\/span><\/p><p>Woodcock, un veterano de la industria del pl\u00e1stico, inici\u00f3 PSI en 2000 formando un &#039;equipo de ensue\u00f1o&#039; de jugadores conocidos, incluidos los socios comerciales clave Steve Fox (presidente \/ fundador de Normag Corporation) y Bart Jones (presidente \/ fundador de Extek Corporation) ).<\/p><p>\u201cCombinamos nuestra experiencia en bombas de engranajes de extrusi\u00f3n y productos de filtraci\u00f3n por fusi\u00f3n\u201d, dijo. \u201cLa industria buscaba proveedores alternativos y todos ten\u00edamos una buena experiencia en pl\u00e1sticos. Steve y Bart fueron considerados expertos de la industria en bombas de engranajes y cambiadores de pantalla, respectivamente. As\u00ed que fusionamos nuestra experiencia y lo hicimos &quot;.<\/p><p><span style=\"text-decoration: underline;\">Un mejor modelo de negocio<\/span><\/p><p>Desde el principio fue evidente que PSI no era la t\u00edpica empresa de auxiliares de pl\u00e1sticos. \u201cSteve y Bart recibieron algunas miradas extra\u00f1as cuando entregaron sus tarjetas de presentaci\u00f3n\u201d, dijo Woodcock. En lugar de t\u00edtulos tradicionales como &#039;Vicepresidente&#039; o &#039;Gerente de ventas&#039;, las tarjetas de Fox y Jones dec\u00edan &#039;El hombre bomba de engranajes&#039; y &#039;El hombre cambiador de pantalla&#039;. &quot;\u00bfPor qu\u00e9 no?&quot; dijo Woodcock. \u201cTodos en la industria asociaron a Steve con las bombas de engranajes ya Bart con los cambiadores de pantalla. Solo est\u00e1bamos tratando de divertirnos &quot;.<\/p><p>Pero era un asunto serio. La empresa se propuso desde el principio crear un modelo de negocio diferente al de otros proveedores de equipos auxiliares de la industria del pl\u00e1stico. Desde el principio, Woodcock sinti\u00f3 que era importante ofrecer a la industria paquetes de sistemas y equipos completos que cumplieran con las necesidades de aplicaciones y procesos especializados de cada cliente. Este enfoque consultivo convirti\u00f3 a PSI en algo m\u00e1s que un proveedor de equipos m\u00e1s.<\/p><p>El \u00e9xito de la empresa demostr\u00f3 que se trataba de un modelo de negocio cuyo momento hab\u00eda llegado. El enfoque de PSI de brindar un servicio de calidad con ingenier\u00eda de valor les ha servido bien. \u201cTodos y cada uno de los trabajos que realizamos se llevan a cabo entendiendo primero las necesidades de nuestros clientes\u201d, dijo Woodcock. &quot;Una vez que tenemos ese conocimiento, podemos ofrecerles el mejor producto y servicio por su dinero&quot;.<\/p><p><span style=\"text-decoration: underline;\">Con sede en EE. UU., Sirviendo al Mundo<\/span><\/p><p>El enfoque inicial de ventas y distribuci\u00f3n de PSI fue Am\u00e9rica del Norte y del Sur; sin embargo, la empresa se expandi\u00f3 muy r\u00e1pidamente para convertirse en un proveedor mundial. Aumentaron el tama\u00f1o de sus instalaciones tres veces en ocho a\u00f1os y se mudaron a sus instalaciones actuales de 50,000 pies cuadrados en Conover, Carolina del Norte en junio de 2009. Todos los productos de la compa\u00f1\u00eda se fabrican con orgullo en los EE. UU. En la sede de la compa\u00f1\u00eda.<\/p><p>\u201cAl celebrar nuestro d\u00e9cimo a\u00f1o en el negocio, es importante que honremos a las personas que nos ayudaron a llegar a este punto, el personal de PSI\u201d, dijo Woodcock. \u201cEn todos y cada uno de los proyectos, todos y cada uno de los empleados demuestran un fuerte deseo de hacer el trabajo con precisi\u00f3n y a tiempo\u201d.<\/p>\t\t\t\t\t\t\t\t<\/div>\n\t\t\t\t<\/div>\n\t\t\t\t\t<\/div>\n\t\t<\/div>\n\t\t\t\t<div class=\"elementor-column elementor-col-50 elementor-top-column elementor-element elementor-element-5b63f18b\" data-id=\"5b63f18b\" data-element_type=\"column\" data-e-type=\"column\">\n\t\t\t<div class=\"elementor-widget-wrap\">\n\t\t\t\t\t\t\t<\/div>\n\t\t<\/div>\n\t\t\t\t\t<\/div>\n\t\t<\/section>\n\t\t\t\t<\/div>","protected":false},"excerpt":{"rendered":"<p>PSI-Polymer Systems, Inc. entra en su d\u00e9cimo a\u00f1o sirviendo a la industria del pl\u00e1stico Conover, NC (29 de abril de 2010) Despidos y alto desempleo. Empresas que quiebran. Una crisis crediticia. S\u00ed, el a\u00f1o 2000 fue un momento muy dif\u00edcil para iniciar un negocio. Sin embargo, eso es exactamente lo que hizo Glenn Woodcock hace 10 a\u00f1os. El 1 de febrero de 2000 [\u2026]<\/p>","protected":false},"author":2,"featured_media":0,"parent":5833,"menu_order":0,"comment_status":"closed","ping_status":"closed","template":"","meta":{"_monsterinsights_skip_tracking":false,"_monsterinsights_sitenote_active":false,"_monsterinsights_sitenote_note":"","_monsterinsights_sitenote_category":0,"footnotes":""},"class_list":["post-6083","page","type-page","status-publish","hentry"],"yoast_head":"<!-- This site is optimized with the Yoast SEO Premium plugin v25.0 (Yoast SEO v25.0) - https:\/\/yoast.com\/wordpress\/plugins\/seo\/ -->\n<title>PSI-Polymer Systems, Inc. Enters Its Tenth Year Serving The Plastics Industry Conover, NC (April 29, 2010) - PSI-Polymer Systems<\/title>\n<meta name=\"robots\" content=\"index, follow, max-snippet:-1, max-image-preview:large, max-video-preview:-1\" \/>\n<link rel=\"canonical\" href=\"https:\/\/www.psi-polymersystems.com\/es\/about-us\/press-releases\/psi-polymer-systems-inc-enters-its-tenth-year-serving-the-plastics-industry-conover-nc-april-29-2010\/\" \/>\n<meta property=\"og:locale\" content=\"es_MX\" \/>\n<meta property=\"og:type\" content=\"article\" \/>\n<meta property=\"og:title\" content=\"PSI-Polymer Systems, Inc. Enters Its Tenth Year Serving The Plastics Industry Conover, NC (April 29, 2010)\" \/>\n<meta property=\"og:description\" content=\"PSI-Polymer Systems, Inc. Enters It&#039;s Tenth Year Serving The Plastics Industry Conover, NC (April 29, 2010) Layoffs and high unemployment. Companies going\" \/>\n<meta property=\"og:url\" content=\"https:\/\/www.psi-polymersystems.com\/es\/about-us\/press-releases\/psi-polymer-systems-inc-enters-its-tenth-year-serving-the-plastics-industry-conover-nc-april-29-2010\/\" \/>\n<meta property=\"og:site_name\" content=\"PSI-Polymer Systems\" \/>\n<meta property=\"article:publisher\" content=\"https:\/\/www.facebook.com\/psipolymersystems\/\" \/>\n<meta property=\"article:modified_time\" content=\"2020-09-23T17:43:30+00:00\" \/>\n<meta name=\"twitter:card\" content=\"summary_large_image\" \/>\n<meta name=\"twitter:label1\" content=\"Tiempo de lectura\" \/>\n\t<meta name=\"twitter:data1\" content=\"3 minutos\" \/>\n<script type=\"application\/ld+json\" class=\"yoast-schema-graph\">{\"@context\":\"https:\/\/schema.org\",\"@graph\":[{\"@type\":\"WebPage\",\"@id\":\"https:\/\/www.psi-polymersystems.com\/es\/about-us\/press-releases\/psi-polymer-systems-inc-enters-its-tenth-year-serving-the-plastics-industry-conover-nc-april-29-2010\/\",\"url\":\"https:\/\/www.psi-polymersystems.com\/es\/about-us\/press-releases\/psi-polymer-systems-inc-enters-its-tenth-year-serving-the-plastics-industry-conover-nc-april-29-2010\/\",\"name\":\"PSI-Polymer Systems, Inc. Enters Its Tenth Year Serving The Plastics Industry Conover, NC (April 29, 2010) - PSI-Polymer Systems\",\"isPartOf\":{\"@id\":\"https:\/\/www.psi-polymersystems.com\/#website\"},\"datePublished\":\"2020-09-23T17:41:07+00:00\",\"dateModified\":\"2020-09-23T17:43:30+00:00\",\"breadcrumb\":{\"@id\":\"https:\/\/www.psi-polymersystems.com\/es\/about-us\/press-releases\/psi-polymer-systems-inc-enters-its-tenth-year-serving-the-plastics-industry-conover-nc-april-29-2010\/#breadcrumb\"},\"inLanguage\":\"es\",\"potentialAction\":[{\"@type\":\"ReadAction\",\"target\":[\"https:\/\/www.psi-polymersystems.com\/es\/about-us\/press-releases\/psi-polymer-systems-inc-enters-its-tenth-year-serving-the-plastics-industry-conover-nc-april-29-2010\/\"]}]},{\"@type\":\"BreadcrumbList\",\"@id\":\"https:\/\/www.psi-polymersystems.com\/es\/about-us\/press-releases\/psi-polymer-systems-inc-enters-its-tenth-year-serving-the-plastics-industry-conover-nc-april-29-2010\/#breadcrumb\",\"itemListElement\":[{\"@type\":\"ListItem\",\"position\":1,\"name\":\"Home\",\"item\":\"https:\/\/www.psi-polymersystems.com\/\"},{\"@type\":\"ListItem\",\"position\":2,\"name\":\"About Us\",\"item\":\"https:\/\/www.psi-polymersystems.com\/about-us\/\"},{\"@type\":\"ListItem\",\"position\":3,\"name\":\"Press Releases\",\"item\":\"https:\/\/www.psi-polymersystems.com\/about-us\/press-releases\/\"},{\"@type\":\"ListItem\",\"position\":4,\"name\":\"PSI-Polymer Systems, Inc. Enters Its Tenth Year Serving The Plastics Industry Conover, NC (April 29, 2010)\"}]},{\"@type\":\"WebSite\",\"@id\":\"https:\/\/www.psi-polymersystems.com\/#website\",\"url\":\"https:\/\/www.psi-polymersystems.com\/\",\"name\":\"PSI-Polymer Systems\",\"description\":\"\",\"publisher\":{\"@id\":\"https:\/\/www.psi-polymersystems.com\/#organization\"},\"potentialAction\":[{\"@type\":\"SearchAction\",\"target\":{\"@type\":\"EntryPoint\",\"urlTemplate\":\"https:\/\/www.psi-polymersystems.com\/?s={search_term_string}\"},\"query-input\":{\"@type\":\"PropertyValueSpecification\",\"valueRequired\":true,\"valueName\":\"search_term_string\"}}],\"inLanguage\":\"es\"},{\"@type\":\"Organization\",\"@id\":\"https:\/\/www.psi-polymersystems.com\/#organization\",\"name\":\"PSI-Polymer Systems, Inc.\",\"url\":\"https:\/\/www.psi-polymersystems.com\/\",\"logo\":{\"@type\":\"ImageObject\",\"inLanguage\":\"es\",\"@id\":\"https:\/\/www.psi-polymersystems.com\/#\/schema\/logo\/image\/\",\"url\":\"\",\"contentUrl\":\"\",\"caption\":\"PSI-Polymer Systems, Inc.\"},\"image\":{\"@id\":\"https:\/\/www.psi-polymersystems.com\/#\/schema\/logo\/image\/\"},\"sameAs\":[\"https:\/\/www.facebook.com\/psipolymersystems\/\",\"https:\/\/www.linkedin.com\/showcase\/psi-polymer-systems\"]}]}<\/script>\n<!-- \/ Yoast SEO Premium plugin. -->","yoast_head_json":{"title":"PSI-Polymer Systems, Inc. Enters Its Tenth Year Serving The Plastics Industry Conover, NC (April 29, 2010) - PSI-Polymer Systems","robots":{"index":"index","follow":"follow","max-snippet":"max-snippet:-1","max-image-preview":"max-image-preview:large","max-video-preview":"max-video-preview:-1"},"canonical":"https:\/\/www.psi-polymersystems.com\/es\/about-us\/press-releases\/psi-polymer-systems-inc-enters-its-tenth-year-serving-the-plastics-industry-conover-nc-april-29-2010\/","og_locale":"es_MX","og_type":"article","og_title":"PSI-Polymer Systems, Inc. Enters Its Tenth Year Serving The Plastics Industry Conover, NC (April 29, 2010)","og_description":"PSI-Polymer Systems, Inc. Enters It's Tenth Year Serving The Plastics Industry Conover, NC (April 29, 2010) Layoffs and high unemployment. Companies going","og_url":"https:\/\/www.psi-polymersystems.com\/es\/about-us\/press-releases\/psi-polymer-systems-inc-enters-its-tenth-year-serving-the-plastics-industry-conover-nc-april-29-2010\/","og_site_name":"PSI-Polymer Systems","article_publisher":"https:\/\/www.facebook.com\/psipolymersystems\/","article_modified_time":"2020-09-23T17:43:30+00:00","twitter_card":"summary_large_image","twitter_misc":{"Tiempo de lectura":"3 minutos"},"schema":{"@context":"https:\/\/schema.org","@graph":[{"@type":"WebPage","@id":"https:\/\/www.psi-polymersystems.com\/es\/about-us\/press-releases\/psi-polymer-systems-inc-enters-its-tenth-year-serving-the-plastics-industry-conover-nc-april-29-2010\/","url":"https:\/\/www.psi-polymersystems.com\/es\/about-us\/press-releases\/psi-polymer-systems-inc-enters-its-tenth-year-serving-the-plastics-industry-conover-nc-april-29-2010\/","name":"PSI-Polymer Systems, Inc. Enters Its Tenth Year Serving The Plastics Industry Conover, NC (April 29, 2010) - PSI-Polymer Systems","isPartOf":{"@id":"https:\/\/www.psi-polymersystems.com\/#website"},"datePublished":"2020-09-23T17:41:07+00:00","dateModified":"2020-09-23T17:43:30+00:00","breadcrumb":{"@id":"https:\/\/www.psi-polymersystems.com\/es\/about-us\/press-releases\/psi-polymer-systems-inc-enters-its-tenth-year-serving-the-plastics-industry-conover-nc-april-29-2010\/#breadcrumb"},"inLanguage":"es","potentialAction":[{"@type":"ReadAction","target":["https:\/\/www.psi-polymersystems.com\/es\/about-us\/press-releases\/psi-polymer-systems-inc-enters-its-tenth-year-serving-the-plastics-industry-conover-nc-april-29-2010\/"]}]},{"@type":"BreadcrumbList","@id":"https:\/\/www.psi-polymersystems.com\/es\/about-us\/press-releases\/psi-polymer-systems-inc-enters-its-tenth-year-serving-the-plastics-industry-conover-nc-april-29-2010\/#breadcrumb","itemListElement":[{"@type":"ListItem","position":1,"name":"Home","item":"https:\/\/www.psi-polymersystems.com\/"},{"@type":"ListItem","position":2,"name":"About Us","item":"https:\/\/www.psi-polymersystems.com\/about-us\/"},{"@type":"ListItem","position":3,"name":"Press Releases","item":"https:\/\/www.psi-polymersystems.com\/about-us\/press-releases\/"},{"@type":"ListItem","position":4,"name":"PSI-Polymer Systems, Inc. Enters Its Tenth Year Serving The Plastics Industry Conover, NC (April 29, 2010)"}]},{"@type":"WebSite","@id":"https:\/\/www.psi-polymersystems.com\/#website","url":"https:\/\/www.psi-polymersystems.com\/","name":"PSI-Polymer Systems","description":"","publisher":{"@id":"https:\/\/www.psi-polymersystems.com\/#organization"},"potentialAction":[{"@type":"SearchAction","target":{"@type":"EntryPoint","urlTemplate":"https:\/\/www.psi-polymersystems.com\/?s={search_term_string}"},"query-input":{"@type":"PropertyValueSpecification","valueRequired":true,"valueName":"search_term_string"}}],"inLanguage":"es"},{"@type":"Organization","@id":"https:\/\/www.psi-polymersystems.com\/#organization","name":"PSI-Polymer Systems, Inc.","url":"https:\/\/www.psi-polymersystems.com\/","logo":{"@type":"ImageObject","inLanguage":"es","@id":"https:\/\/www.psi-polymersystems.com\/#\/schema\/logo\/image\/","url":"","contentUrl":"","caption":"PSI-Polymer Systems, Inc."},"image":{"@id":"https:\/\/www.psi-polymersystems.com\/#\/schema\/logo\/image\/"},"sameAs":["https:\/\/www.facebook.com\/psipolymersystems\/","https:\/\/www.linkedin.com\/showcase\/psi-polymer-systems"]}]}},"_links":{"self":[{"href":"https:\/\/www.psi-polymersystems.com\/es\/wp-json\/wp\/v2\/pages\/6083","targetHints":{"allow":["GET"]}}],"collection":[{"href":"https:\/\/www.psi-polymersystems.com\/es\/wp-json\/wp\/v2\/pages"}],"about":[{"href":"https:\/\/www.psi-polymersystems.com\/es\/wp-json\/wp\/v2\/types\/page"}],"author":[{"embeddable":true,"href":"https:\/\/www.psi-polymersystems.com\/es\/wp-json\/wp\/v2\/users\/2"}],"replies":[{"embeddable":true,"href":"https:\/\/www.psi-polymersystems.com\/es\/wp-json\/wp\/v2\/comments?post=6083"}],"version-history":[{"count":0,"href":"https:\/\/www.psi-polymersystems.com\/es\/wp-json\/wp\/v2\/pages\/6083\/revisions"}],"up":[{"embeddable":true,"href":"https:\/\/www.psi-polymersystems.com\/es\/wp-json\/wp\/v2\/pages\/5833"}],"wp:attachment":[{"href":"https:\/\/www.psi-polymersystems.com\/es\/wp-json\/wp\/v2\/media?parent=6083"}],"curies":[{"name":"wp","href":"https:\/\/api.w.org\/{rel}","templated":true}]}}