{"id":6088,"date":"2020-09-23T17:46:17","date_gmt":"2020-09-23T17:46:17","guid":{"rendered":"https:\/\/psi-polymersystems.com\/?page_id=6088"},"modified":"2020-09-23T17:47:19","modified_gmt":"2020-09-23T17:47:19","slug":"psi-polymer-systems-inc-completes-move-to-new-facility-conover-nc-june-8-2009","status":"publish","type":"page","link":"https:\/\/www.psi-polymersystems.com\/es\/about-us\/press-releases\/psi-polymer-systems-inc-completes-move-to-new-facility-conover-nc-june-8-2009\/","title":{"rendered":"PSI-Polymer Systems, Inc. completa el traslado a las nuevas instalaciones de Conover, NC (8 de junio de 2009)"},"content":{"rendered":"<div data-elementor-type=\"wp-page\" data-elementor-id=\"6088\" class=\"elementor elementor-6088\" data-elementor-post-type=\"page\">\n\t\t\t\t\t\t<section class=\"elementor-section elementor-top-section elementor-element elementor-element-7674f341 elementor-section-boxed elementor-section-height-default elementor-section-height-default\" data-id=\"7674f341\" data-element_type=\"section\" data-e-type=\"section\">\n\t\t\t\t\t\t<div class=\"elementor-container elementor-column-gap-default\">\n\t\t\t\t\t<div class=\"elementor-column elementor-col-50 elementor-top-column elementor-element elementor-element-7c3aa1d\" data-id=\"7c3aa1d\" data-element_type=\"column\" data-e-type=\"column\">\n\t\t\t<div class=\"elementor-widget-wrap elementor-element-populated\">\n\t\t\t\t\t\t<div class=\"elementor-element elementor-element-6410b01f elementor-widget elementor-widget-heading\" data-id=\"6410b01f\" data-element_type=\"widget\" data-e-type=\"widget\" data-widget_type=\"heading.default\">\n\t\t\t\t<div class=\"elementor-widget-container\">\n\t\t\t\t\t<h2 class=\"elementor-heading-title elementor-size-default\">PSI-Polymer Systems, Inc. completa el traslado a las nuevas instalaciones de Conover, NC (8 de junio de 2009)<\/h2>\t\t\t\t<\/div>\n\t\t\t\t<\/div>\n\t\t\t\t<div class=\"elementor-element elementor-element-73dda22f elementor-widget elementor-widget-text-editor\" data-id=\"73dda22f\" data-element_type=\"widget\" data-e-type=\"widget\" data-widget_type=\"text-editor.default\">\n\t\t\t\t<div class=\"elementor-widget-container\">\n\t\t\t\t\t\t\t\t\t<p>PSI-Polymer Systems Inc. ha anunciado que ha completado su traslado a unas instalaciones completamente nuevas en Conover, Carolina del Norte. El nuevo edificio est\u00e1 aproximadamente a 8 millas de la ubicaci\u00f3n anterior de la compa\u00f1\u00eda en Hickory y cuenta con 45,000 pies cuadrados de espacio en el piso, tres veces m\u00e1s espacio que el que ten\u00eda PSI en su ubicaci\u00f3n anterior.<\/p><p>PSI planea utilizar el espacio adicional para expandir su oferta de servicios a los clientes y tambi\u00e9n almacenar\u00e1 inventario de repuestos adicionales. Adem\u00e1s, PSI est\u00e1 agregando numerosas m\u00e1quinas herramienta nuevas para mejorar las capacidades de fabricaci\u00f3n y reparaci\u00f3n de la empresa.<\/p><p>La compa\u00f1\u00eda, que proporciona bombas de engranajes, cambiadores de pantalla y otros equipos auxiliares para las industrias de extrusi\u00f3n, procesamiento de pol\u00edmeros y reciclaje, ha visto un aumento en la demanda de sus programas de reparaci\u00f3n \/ reconstrucci\u00f3n, seg\u00fan Rob Martin, gerente general de PSI. Esto llev\u00f3 a la empresa a buscar una nueva instalaci\u00f3n en la que pudiera ampliar sus operaciones de fabricaci\u00f3n.<\/p><p>\u201cNecesit\u00e1bamos agregar m\u00e1s estaciones de trabajo para impulsar nuestro negocio de reparaci\u00f3n de productos y proporcionar una respuesta m\u00e1s r\u00e1pida a nuestros clientes\u201d, dijo Martin. \u201cLos clientes buscan mantener sus equipos auxiliares existentes en funcionamiento y en buenas condiciones, y eso se ha convertido en una parte importante de nuestro negocio\u201d.<\/p><p>Un programa de servicio de PSI popular es el &quot;Programa de intercambio de bombas&quot; de la compa\u00f1\u00eda, que permite a los clientes enviar sus bombas de engranajes usadas para obtener cr\u00e9dito para una nueva bomba de PSI. Con este programa, los clientes pueden disfrutar de los beneficios de la nueva bomba PSI, que es un reemplazo directo que puede proporcionar mayores tasas de producci\u00f3n, arranques m\u00e1s r\u00e1pidos, control de calibre m\u00e1s preciso y menor desperdicio, para ahorros significativos. PSI tambi\u00e9n ofrece programas de reparaci\u00f3n \/ reconstrucci\u00f3n para bombas de engranajes, cambiadores de pantalla y mezcladores est\u00e1ticos, que enfatiza el servicio y la reparaci\u00f3n de marcas de la competencia, incluidas las bombas MAAG, Dynisco y Normag.<\/p><p>PSI estar\u00e1 presente en la pr\u00f3xima feria NPE 2009 en el stand #67069 en McCormick Place North.<\/p>\t\t\t\t\t\t\t\t<\/div>\n\t\t\t\t<\/div>\n\t\t\t\t\t<\/div>\n\t\t<\/div>\n\t\t\t\t<div class=\"elementor-column elementor-col-50 elementor-top-column elementor-element elementor-element-33a8acc1\" data-id=\"33a8acc1\" data-element_type=\"column\" data-e-type=\"column\">\n\t\t\t<div class=\"elementor-widget-wrap\">\n\t\t\t\t\t\t\t<\/div>\n\t\t<\/div>\n\t\t\t\t\t<\/div>\n\t\t<\/section>\n\t\t\t\t<\/div>","protected":false},"excerpt":{"rendered":"<p>PSI-Polymer Systems, Inc. completa su traslado a una nueva planta Conover, NC (8 de junio de 2009) PSI-Polymer Systems Inc. ha anunciado que ha completado su traslado a una nueva planta en Conover, Carolina del Norte. El nuevo edificio est\u00e1 aproximadamente a 8 millas de la ubicaci\u00f3n anterior de la compa\u00f1\u00eda en Hickory y cuenta con 45,000 pies cuadrados de espacio, tres veces m\u00e1s espacio [\u2026]<\/p>","protected":false},"author":2,"featured_media":0,"parent":5833,"menu_order":0,"comment_status":"closed","ping_status":"closed","template":"","meta":{"_monsterinsights_skip_tracking":false,"_monsterinsights_sitenote_active":false,"_monsterinsights_sitenote_note":"","_monsterinsights_sitenote_category":0,"footnotes":""},"class_list":["post-6088","page","type-page","status-publish","hentry"],"yoast_head":"<!-- This site is optimized with the Yoast SEO Premium plugin v25.0 (Yoast SEO v25.0) - https:\/\/yoast.com\/wordpress\/plugins\/seo\/ -->\n<title>PSI-Polymer Systems, Inc. Completes Move To New Facility Conover, NC (June 8, 2009) - PSI-Polymer Systems<\/title>\n<meta name=\"robots\" content=\"index, follow, max-snippet:-1, max-image-preview:large, max-video-preview:-1\" \/>\n<link rel=\"canonical\" href=\"https:\/\/www.psi-polymersystems.com\/es\/about-us\/press-releases\/psi-polymer-systems-inc-completes-move-to-new-facility-conover-nc-june-8-2009\/\" \/>\n<meta property=\"og:locale\" content=\"es_MX\" \/>\n<meta property=\"og:type\" content=\"article\" \/>\n<meta property=\"og:title\" content=\"PSI-Polymer Systems, Inc. Completes Move To New Facility Conover, NC (June 8, 2009)\" \/>\n<meta property=\"og:description\" content=\"PSI-Polymer Systems, Inc. Completes Move To New Facility Conover, NC (June 8, 2009) PSI-Polymer Systems Inc. has announced it has completed its move to an\" \/>\n<meta property=\"og:url\" content=\"https:\/\/www.psi-polymersystems.com\/es\/about-us\/press-releases\/psi-polymer-systems-inc-completes-move-to-new-facility-conover-nc-june-8-2009\/\" \/>\n<meta property=\"og:site_name\" content=\"PSI-Polymer Systems\" \/>\n<meta property=\"article:publisher\" content=\"https:\/\/www.facebook.com\/psipolymersystems\/\" \/>\n<meta property=\"article:modified_time\" content=\"2020-09-23T17:47:19+00:00\" \/>\n<meta name=\"twitter:card\" content=\"summary_large_image\" \/>\n<meta name=\"twitter:label1\" content=\"Tiempo de lectura\" \/>\n\t<meta name=\"twitter:data1\" content=\"2 minutos\" \/>\n<script type=\"application\/ld+json\" class=\"yoast-schema-graph\">{\"@context\":\"https:\/\/schema.org\",\"@graph\":[{\"@type\":\"WebPage\",\"@id\":\"https:\/\/www.psi-polymersystems.com\/es\/about-us\/press-releases\/psi-polymer-systems-inc-completes-move-to-new-facility-conover-nc-june-8-2009\/\",\"url\":\"https:\/\/www.psi-polymersystems.com\/es\/about-us\/press-releases\/psi-polymer-systems-inc-completes-move-to-new-facility-conover-nc-june-8-2009\/\",\"name\":\"PSI-Polymer Systems, Inc. Completes Move To New Facility Conover, NC (June 8, 2009) - PSI-Polymer Systems\",\"isPartOf\":{\"@id\":\"https:\/\/www.psi-polymersystems.com\/#website\"},\"datePublished\":\"2020-09-23T17:46:17+00:00\",\"dateModified\":\"2020-09-23T17:47:19+00:00\",\"breadcrumb\":{\"@id\":\"https:\/\/www.psi-polymersystems.com\/es\/about-us\/press-releases\/psi-polymer-systems-inc-completes-move-to-new-facility-conover-nc-june-8-2009\/#breadcrumb\"},\"inLanguage\":\"es\",\"potentialAction\":[{\"@type\":\"ReadAction\",\"target\":[\"https:\/\/www.psi-polymersystems.com\/es\/about-us\/press-releases\/psi-polymer-systems-inc-completes-move-to-new-facility-conover-nc-june-8-2009\/\"]}]},{\"@type\":\"BreadcrumbList\",\"@id\":\"https:\/\/www.psi-polymersystems.com\/es\/about-us\/press-releases\/psi-polymer-systems-inc-completes-move-to-new-facility-conover-nc-june-8-2009\/#breadcrumb\",\"itemListElement\":[{\"@type\":\"ListItem\",\"position\":1,\"name\":\"Home\",\"item\":\"https:\/\/www.psi-polymersystems.com\/\"},{\"@type\":\"ListItem\",\"position\":2,\"name\":\"About Us\",\"item\":\"https:\/\/www.psi-polymersystems.com\/about-us\/\"},{\"@type\":\"ListItem\",\"position\":3,\"name\":\"Press Releases\",\"item\":\"https:\/\/www.psi-polymersystems.com\/about-us\/press-releases\/\"},{\"@type\":\"ListItem\",\"position\":4,\"name\":\"PSI-Polymer Systems, Inc. Completes Move To New Facility Conover, NC (June 8, 2009)\"}]},{\"@type\":\"WebSite\",\"@id\":\"https:\/\/www.psi-polymersystems.com\/#website\",\"url\":\"https:\/\/www.psi-polymersystems.com\/\",\"name\":\"PSI-Polymer Systems\",\"description\":\"\",\"publisher\":{\"@id\":\"https:\/\/www.psi-polymersystems.com\/#organization\"},\"potentialAction\":[{\"@type\":\"SearchAction\",\"target\":{\"@type\":\"EntryPoint\",\"urlTemplate\":\"https:\/\/www.psi-polymersystems.com\/?s={search_term_string}\"},\"query-input\":{\"@type\":\"PropertyValueSpecification\",\"valueRequired\":true,\"valueName\":\"search_term_string\"}}],\"inLanguage\":\"es\"},{\"@type\":\"Organization\",\"@id\":\"https:\/\/www.psi-polymersystems.com\/#organization\",\"name\":\"PSI-Polymer Systems, Inc.\",\"url\":\"https:\/\/www.psi-polymersystems.com\/\",\"logo\":{\"@type\":\"ImageObject\",\"inLanguage\":\"es\",\"@id\":\"https:\/\/www.psi-polymersystems.com\/#\/schema\/logo\/image\/\",\"url\":\"\",\"contentUrl\":\"\",\"caption\":\"PSI-Polymer Systems, Inc.\"},\"image\":{\"@id\":\"https:\/\/www.psi-polymersystems.com\/#\/schema\/logo\/image\/\"},\"sameAs\":[\"https:\/\/www.facebook.com\/psipolymersystems\/\",\"https:\/\/www.linkedin.com\/showcase\/psi-polymer-systems\"]}]}<\/script>\n<!-- \/ Yoast SEO Premium plugin. -->","yoast_head_json":{"title":"PSI-Polymer Systems, Inc. Completes Move To New Facility Conover, NC (June 8, 2009) - PSI-Polymer Systems","robots":{"index":"index","follow":"follow","max-snippet":"max-snippet:-1","max-image-preview":"max-image-preview:large","max-video-preview":"max-video-preview:-1"},"canonical":"https:\/\/www.psi-polymersystems.com\/es\/about-us\/press-releases\/psi-polymer-systems-inc-completes-move-to-new-facility-conover-nc-june-8-2009\/","og_locale":"es_MX","og_type":"article","og_title":"PSI-Polymer Systems, Inc. Completes Move To New Facility Conover, NC (June 8, 2009)","og_description":"PSI-Polymer Systems, Inc. Completes Move To New Facility Conover, NC (June 8, 2009) PSI-Polymer Systems Inc. has announced it has completed its move to an","og_url":"https:\/\/www.psi-polymersystems.com\/es\/about-us\/press-releases\/psi-polymer-systems-inc-completes-move-to-new-facility-conover-nc-june-8-2009\/","og_site_name":"PSI-Polymer Systems","article_publisher":"https:\/\/www.facebook.com\/psipolymersystems\/","article_modified_time":"2020-09-23T17:47:19+00:00","twitter_card":"summary_large_image","twitter_misc":{"Tiempo de lectura":"2 minutos"},"schema":{"@context":"https:\/\/schema.org","@graph":[{"@type":"WebPage","@id":"https:\/\/www.psi-polymersystems.com\/es\/about-us\/press-releases\/psi-polymer-systems-inc-completes-move-to-new-facility-conover-nc-june-8-2009\/","url":"https:\/\/www.psi-polymersystems.com\/es\/about-us\/press-releases\/psi-polymer-systems-inc-completes-move-to-new-facility-conover-nc-june-8-2009\/","name":"PSI-Polymer Systems, Inc. Completes Move To New Facility Conover, NC (June 8, 2009) - PSI-Polymer Systems","isPartOf":{"@id":"https:\/\/www.psi-polymersystems.com\/#website"},"datePublished":"2020-09-23T17:46:17+00:00","dateModified":"2020-09-23T17:47:19+00:00","breadcrumb":{"@id":"https:\/\/www.psi-polymersystems.com\/es\/about-us\/press-releases\/psi-polymer-systems-inc-completes-move-to-new-facility-conover-nc-june-8-2009\/#breadcrumb"},"inLanguage":"es","potentialAction":[{"@type":"ReadAction","target":["https:\/\/www.psi-polymersystems.com\/es\/about-us\/press-releases\/psi-polymer-systems-inc-completes-move-to-new-facility-conover-nc-june-8-2009\/"]}]},{"@type":"BreadcrumbList","@id":"https:\/\/www.psi-polymersystems.com\/es\/about-us\/press-releases\/psi-polymer-systems-inc-completes-move-to-new-facility-conover-nc-june-8-2009\/#breadcrumb","itemListElement":[{"@type":"ListItem","position":1,"name":"Home","item":"https:\/\/www.psi-polymersystems.com\/"},{"@type":"ListItem","position":2,"name":"About Us","item":"https:\/\/www.psi-polymersystems.com\/about-us\/"},{"@type":"ListItem","position":3,"name":"Press Releases","item":"https:\/\/www.psi-polymersystems.com\/about-us\/press-releases\/"},{"@type":"ListItem","position":4,"name":"PSI-Polymer Systems, Inc. Completes Move To New Facility Conover, NC (June 8, 2009)"}]},{"@type":"WebSite","@id":"https:\/\/www.psi-polymersystems.com\/#website","url":"https:\/\/www.psi-polymersystems.com\/","name":"PSI-Polymer Systems","description":"","publisher":{"@id":"https:\/\/www.psi-polymersystems.com\/#organization"},"potentialAction":[{"@type":"SearchAction","target":{"@type":"EntryPoint","urlTemplate":"https:\/\/www.psi-polymersystems.com\/?s={search_term_string}"},"query-input":{"@type":"PropertyValueSpecification","valueRequired":true,"valueName":"search_term_string"}}],"inLanguage":"es"},{"@type":"Organization","@id":"https:\/\/www.psi-polymersystems.com\/#organization","name":"PSI-Polymer Systems, Inc.","url":"https:\/\/www.psi-polymersystems.com\/","logo":{"@type":"ImageObject","inLanguage":"es","@id":"https:\/\/www.psi-polymersystems.com\/#\/schema\/logo\/image\/","url":"","contentUrl":"","caption":"PSI-Polymer Systems, Inc."},"image":{"@id":"https:\/\/www.psi-polymersystems.com\/#\/schema\/logo\/image\/"},"sameAs":["https:\/\/www.facebook.com\/psipolymersystems\/","https:\/\/www.linkedin.com\/showcase\/psi-polymer-systems"]}]}},"_links":{"self":[{"href":"https:\/\/www.psi-polymersystems.com\/es\/wp-json\/wp\/v2\/pages\/6088","targetHints":{"allow":["GET"]}}],"collection":[{"href":"https:\/\/www.psi-polymersystems.com\/es\/wp-json\/wp\/v2\/pages"}],"about":[{"href":"https:\/\/www.psi-polymersystems.com\/es\/wp-json\/wp\/v2\/types\/page"}],"author":[{"embeddable":true,"href":"https:\/\/www.psi-polymersystems.com\/es\/wp-json\/wp\/v2\/users\/2"}],"replies":[{"embeddable":true,"href":"https:\/\/www.psi-polymersystems.com\/es\/wp-json\/wp\/v2\/comments?post=6088"}],"version-history":[{"count":0,"href":"https:\/\/www.psi-polymersystems.com\/es\/wp-json\/wp\/v2\/pages\/6088\/revisions"}],"up":[{"embeddable":true,"href":"https:\/\/www.psi-polymersystems.com\/es\/wp-json\/wp\/v2\/pages\/5833"}],"wp:attachment":[{"href":"https:\/\/www.psi-polymersystems.com\/es\/wp-json\/wp\/v2\/media?parent=6088"}],"curies":[{"name":"wp","href":"https:\/\/api.w.org\/{rel}","templated":true}]}}